{"id":84,"date":"2025-01-13T08:53:14","date_gmt":"2025-01-13T00:53:14","guid":{"rendered":"https:\/\/www.soaogroup.com\/?post_type=product&#038;p=84"},"modified":"2025-02-16T09:53:34","modified_gmt":"2025-02-16T01:53:34","slug":"cpd20-c-2-0t-electric-forklift","status":"publish","type":"product","link":"https:\/\/www.soaogroup.com\/pt\/produto\/cpd20-c-2-0t-electric-forklift\/","title":{"rendered":"Empilhadeira el\u00e9trica CPD20-C 2.0T"},"content":{"rendered":"<h2>Detalhes do produto:<\/h2>\n<table class=\"tg\" style=\"border-collapse: collapse; border-spacing: 0;\">\n<thead>\n<tr>\n<th style=\"background-color: #f56b00; color: #ffffff; font-family: Arial, sans-serif; font-size: 14px; font-weight: bold; overflow: hidden; padding: 10px 5px; text-align: left; vertical-align: middle; word-break: normal; border: 1px solid black;\">\n<div><strong>Ltem<\/strong><\/div>\n<\/th>\n<th style=\"background-color: #9b9b9b; color: #ffffff; font-family: Arial, sans-serif; font-size: 14px; font-weight: bold; overflow: hidden; padding: 10px 5px; text-align: left; vertical-align: middle; word-break: normal; border: 1px solid black;\"><span style=\"font-weight: 600;\">CPD10-C<\/span><\/th>\n<th style=\"background-color: #9b9b9b; color: #ffffff; font-family: Arial, sans-serif; font-size: 14px; font-weight: bold; overflow: hidden; padding: 10px 5px; text-align: left; vertical-align: middle; word-break: normal; border: 1px solid black;\"><span style=\"font-weight: 600;\">CPD15-C<\/span><\/th>\n<th style=\"background-color: #9b9b9b; color: #ffffff; font-family: Arial, sans-serif; font-size: 14px; font-weight: bold; overflow: hidden; padding: 10px 5px; text-align: left; vertical-align: middle; word-break: normal; border: 1px solid black;\"><span style=\"font-weight: 600;\">CPD20-C<\/span><\/th>\n<\/tr>\n<\/thead>\n<tbody>\n<tr>\n<td style=\"background-color: #f56b00; color: #ffffff; font-family: Arial, sans-serif; font-size: 14px; font-weight: bold; overflow: hidden; padding: 10px 5px; text-align: left; vertical-align: middle; word-break: normal; border: 1px solid black;\">Modelo<\/td>\n<td style=\"background-color: #fff; color: #222; font-family: Arial, sans-serif; font-size: 14px; overflow: hidden; padding: 10px 5px; text-align: left; vertical-align: middle; word-break: normal; border: 1px solid black;\"><span style=\"font-weight: 400; color: var(--md-box-samantha-normal-text-color);\">CPD10-C<\/span><\/td>\n<td style=\"background-color: #fff; color: #222; font-family: Arial, sans-serif; font-size: 14px; overflow: hidden; padding: 10px 5px; text-align: left; vertical-align: middle; word-break: normal; border: 1px solid black;\"><span style=\"font-weight: 400; color: var(--md-box-samantha-normal-text-color);\">CPD15-C<\/span><\/td>\n<td style=\"background-color: #fff; color: #222; font-family: Arial, sans-serif; font-size: 14px; overflow: hidden; padding: 10px 5px; text-align: left; vertical-align: middle; word-break: normal; border: 1px solid black;\"><span style=\"font-weight: 400; color: var(--md-box-samantha-normal-text-color);\">CPD20-C<\/span><\/td>\n<\/tr>\n<tr>\n<td style=\"background-color: #f56b00; color: #ffffff; font-family: Arial, sans-serif; font-size: 14px; font-weight: bold; overflow: hidden; padding: 10px 5px; text-align: left; vertical-align: middle; word-break: normal; border: 1px solid black;\">Modo de condu\u00e7\u00e3o<\/td>\n<td style=\"background-color: #fff; color: #222; font-family: Arial, sans-serif; font-size: 14px; overflow: hidden; padding: 10px 5px; text-align: left; vertical-align: middle; word-break: normal; border: 1px solid black;\"><span style=\"font-weight: 400; color: var(--md-box-samantha-normal-text-color);\">Sentado<\/span><\/td>\n<td style=\"background-color: #fff; color: #222; font-family: Arial, sans-serif; font-size: 14px; overflow: hidden; padding: 10px 5px; text-align: left; vertical-align: middle; word-break: normal; border: 1px solid black;\"><span style=\"font-weight: 400; color: var(--md-box-samantha-normal-text-color);\">Sentado<\/span><\/td>\n<td style=\"background-color: #fff; color: #222; font-family: Arial, sans-serif; font-size: 14px; overflow: hidden; padding: 10px 5px; text-align: left; vertical-align: middle; word-break: normal; border: 1px solid black;\"><span style=\"font-weight: 400; color: var(--md-box-samantha-normal-text-color);\">Sentado<\/span><\/td>\n<\/tr>\n<tr>\n<td style=\"background-color: #f56b00; color: #ffffff; font-family: Arial, sans-serif; font-size: 14px; font-weight: bold; overflow: hidden; padding: 10px 5px; text-align: left; vertical-align: middle; word-break: normal; border: 1px solid black;\">Capacidade nominal<\/td>\n<td style=\"background-color: #fff; color: #222; font-family: Arial, sans-serif; font-size: 14px; overflow: hidden; padding: 10px 5px; text-align: left; vertical-align: middle; word-break: normal; border: 1px solid black;\"><span style=\"font-weight: 400; color: var(--md-box-samantha-normal-text-color);\">1000 kg<\/span><\/td>\n<td style=\"background-color: #fff; color: #222; font-family: Arial, sans-serif; font-size: 14px; overflow: hidden; padding: 10px 5px; text-align: left; vertical-align: middle; word-break: normal; border: 1px solid black;\"><span style=\"font-weight: 400; color: var(--md-box-samantha-normal-text-color);\">1500 kg<\/span><\/td>\n<td style=\"background-color: #fff; color: #222; font-family: Arial, sans-serif; font-size: 14px; overflow: hidden; padding: 10px 5px; text-align: left; vertical-align: middle; word-break: normal; border: 1px solid black;\"><span style=\"font-weight: 400; color: var(--md-box-samantha-normal-text-color);\">2000 kg<\/span><\/td>\n<\/tr>\n<tr>\n<td style=\"background-color: #f56b00; color: #ffffff; font-family: Arial, sans-serif; font-size: 14px; font-weight: bold; overflow: hidden; padding: 10px 5px; text-align: left; vertical-align: middle; word-break: normal; border: 1px solid black;\">Altura m\u00e1xima de eleva\u00e7\u00e3o<\/td>\n<td style=\"background-color: #fff; color: #222; font-family: Arial, sans-serif; font-size: 14px; overflow: hidden; padding: 10px 5px; text-align: left; vertical-align: middle; word-break: normal; border: 1px solid black;\"><span style=\"font-weight: 400; color: var(--md-box-samantha-normal-text-color);\">3000 mil\u00edmetros<\/span><\/td>\n<td style=\"background-color: #fff; color: #222; font-family: Arial, sans-serif; font-size: 14px; overflow: hidden; padding: 10px 5px; text-align: left; vertical-align: middle; word-break: normal; border: 1px solid black;\"><span style=\"font-weight: 400; color: var(--md-box-samantha-normal-text-color);\">3000 mil\u00edmetros<\/span><\/td>\n<td style=\"background-color: #fff; color: #222; font-family: Arial, sans-serif; font-size: 14px; overflow: hidden; padding: 10px 5px; text-align: left; vertical-align: middle; word-break: normal; border: 1px solid black;\"><span style=\"font-weight: 400; color: var(--md-box-samantha-normal-text-color);\">3000 mil\u00edmetros<\/span><\/td>\n<\/tr>\n<tr>\n<td style=\"background-color: #f56b00; color: #ffffff; font-family: Arial, sans-serif; font-size: 14px; font-weight: bold; overflow: hidden; padding: 10px 5px; text-align: left; vertical-align: middle; word-break: normal; border: 1px solid black;\">Tamanho do garfo<\/td>\n<td style=\"background-color: #fff; color: #222; font-family: Arial, sans-serif; font-size: 14px; overflow: hidden; padding: 10px 5px; text-align: left; vertical-align: middle; word-break: normal; border: 1px solid black;\"><span style=\"font-weight: 400; color: var(--md-box-samantha-normal-text-color);\">30\u00d7100\u00d71070 mil\u00edmetros<\/span><\/td>\n<td style=\"background-color: #fff; color: #222; font-family: Arial, sans-serif; font-size: 14px; overflow: hidden; padding: 10px 5px; text-align: left; vertical-align: middle; word-break: normal; border: 1px solid black;\"><span style=\"font-weight: 400; color: var(--md-box-samantha-normal-text-color);\">35\u00d7100\u00d71070 mil\u00edmetros<\/span><\/td>\n<td style=\"background-color: #fff; color: #222; font-family: Arial, sans-serif; font-size: 14px; overflow: hidden; padding: 10px 5px; text-align: left; vertical-align: middle; word-break: normal; border: 1px solid black;\"><span style=\"font-weight: 400; color: var(--md-box-samantha-normal-text-color);\">40\u00d7100\u00d71070 mil\u00edmetros<\/span><\/td>\n<\/tr>\n<tr>\n<td style=\"background-color: #f56b00; color: #ffffff; font-family: Arial, sans-serif; font-size: 14px; font-weight: bold; overflow: hidden; padding: 10px 5px; text-align: left; vertical-align: middle; word-break: normal; border: 1px solid black;\">Voltagem da bateria<\/td>\n<td style=\"background-color: #fff; color: #222; font-family: Arial, sans-serif; font-size: 14px; overflow: hidden; padding: 10px 5px; text-align: left; vertical-align: middle; word-break: normal; border: 1px solid black;\"><span style=\"font-weight: 400; color: var(--md-box-samantha-normal-text-color);\">60 V\/120 Ah<\/span><\/td>\n<td style=\"background-color: #fff; color: #222; font-family: Arial, sans-serif; font-size: 14px; overflow: hidden; padding: 10px 5px; text-align: left; vertical-align: middle; word-break: normal; border: 1px solid black;\"><span style=\"font-weight: 400; color: var(--md-box-samantha-normal-text-color);\">60 V\/160 Ah<\/span><\/td>\n<td style=\"background-color: #fff; color: #222; font-family: Arial, sans-serif; font-size: 14px; overflow: hidden; padding: 10px 5px; text-align: left; vertical-align: middle; word-break: normal; border: 1px solid black;\"><span style=\"font-weight: 400; color: var(--md-box-samantha-normal-text-color);\">60 V\/210 Ah<\/span><\/td>\n<\/tr>\n<tr>\n<td style=\"background-color: #f56b00; color: #ffffff; font-family: Arial, sans-serif; font-size: 14px; font-weight: bold; overflow: hidden; padding: 10px 5px; text-align: left; vertical-align: middle; word-break: normal; border: 1px solid black;\">Velocidade de viagem<\/td>\n<td style=\"background-color: #fff; color: #222; font-family: Arial, sans-serif; font-size: 14px; overflow: hidden; padding: 10px 5px; text-align: left; vertical-align: middle; word-break: normal; border: 1px solid black;\"><span style=\"font-weight: 400; color: var(--md-box-samantha-normal-text-color);\">11 kWh<\/span><\/td>\n<td style=\"background-color: #fff; color: #222; font-family: Arial, sans-serif; font-size: 14px; overflow: hidden; padding: 10px 5px; text-align: left; vertical-align: middle; word-break: normal; border: 1px solid black;\"><span style=\"font-weight: 400; color: var(--md-box-samantha-normal-text-color);\">10 kW\/h<\/span><\/td>\n<td style=\"background-color: #fff; color: #222; font-family: Arial, sans-serif; font-size: 14px; overflow: hidden; padding: 10px 5px; text-align: left; vertical-align: middle; word-break: normal; border: 1px solid black;\"><span style=\"font-weight: 400; color: var(--md-box-samantha-normal-text-color);\">10 kW\/h<\/span><\/td>\n<\/tr>\n<tr>\n<td style=\"background-color: #f56b00; color: #ffffff; font-family: Arial, sans-serif; font-size: 14px; font-weight: bold; overflow: hidden; padding: 10px 5px; text-align: left; vertical-align: middle; word-break: normal; border: 1px solid black;\">Capacidade de classifica\u00e7\u00e3o<\/td>\n<td style=\"background-color: #fff; color: #222; font-family: Arial, sans-serif; font-size: 14px; overflow: hidden; padding: 10px 5px; text-align: left; vertical-align: middle; word-break: normal; border: 1px solid black;\"><span style=\"font-weight: 400; color: var(--md-box-samantha-normal-text-color);\">20\u00b0<\/span><\/td>\n<td style=\"background-color: #fff; color: #222; font-family: Arial, sans-serif; font-size: 14px; overflow: hidden; padding: 10px 5px; text-align: left; vertical-align: middle; word-break: normal; border: 1px solid black;\"><span style=\"font-weight: 400; color: var(--md-box-samantha-normal-text-color);\">20\u00b0<\/span><\/td>\n<td style=\"background-color: #fff; color: #222; font-family: Arial, sans-serif; font-size: 14px; overflow: hidden; padding: 10px 5px; text-align: left; vertical-align: middle; word-break: normal; border: 1px solid black;\"><span style=\"font-weight: 400; color: var(--md-box-samantha-normal-text-color);\">20\u00b0<\/span><\/td>\n<\/tr>\n<tr>\n<td style=\"background-color: #f56b00; color: #ffffff; font-family: Arial, sans-serif; font-size: 14px; font-weight: bold; overflow: hidden; padding: 10px 5px; text-align: left; vertical-align: middle; word-break: normal; border: 1px solid black;\">Peso<\/td>\n<td style=\"background-color: #fff; color: #222; font-family: Arial, sans-serif; font-size: 14px; overflow: hidden; padding: 10px 5px; text-align: left; vertical-align: middle; word-break: normal; border: 1px solid black;\"><span style=\"font-weight: 400; color: var(--md-box-samantha-normal-text-color);\">1570 kg<\/span><\/td>\n<td style=\"background-color: #fff; color: #222; font-family: Arial, sans-serif; font-size: 14px; overflow: hidden; padding: 10px 5px; text-align: left; vertical-align: middle; word-break: normal; border: 1px solid black;\"><span style=\"font-weight: 400; color: var(--md-box-samantha-normal-text-color);\">2200 kg<\/span><\/td>\n<td style=\"background-color: #fff; color: #222; font-family: Arial, sans-serif; font-size: 14px; overflow: hidden; padding: 10px 5px; text-align: left; vertical-align: middle; word-break: normal; border: 1px solid black;\"><span style=\"font-weight: 400; color: var(--md-box-samantha-normal-text-color);\">2680 kg<\/span><\/td>\n<\/tr>\n<tr>\n<td style=\"background-color: #f56b00; color: #ffffff; font-family: Arial, sans-serif; font-size: 14px; overflow: hidden; padding: 10px 5px; text-align: left; vertical-align: middle; word-break: normal; border: 1px solid black;\">Dimens\u00f5es<\/td>\n<td style=\"background-color: #fff; color: #222; font-family: Arial, sans-serif; font-size: 14px; overflow: hidden; padding: 10px 5px; text-align: left; vertical-align: middle; word-break: normal; border: 1px solid black;\"><span style=\"font-weight: 400; color: var(--md-box-samantha-normal-text-color);\">1980\u00d71020\u00d71860 mil\u00edmetros<\/span><\/td>\n<td style=\"background-color: #fff; color: #222; font-family: Arial, sans-serif; font-size: 14px; overflow: hidden; padding: 10px 5px; text-align: left; vertical-align: middle; word-break: normal; border: 1px solid black;\"><span style=\"font-weight: 400; color: var(--md-box-samantha-normal-text-color);\">2230\u00d71100\u00d72110 mil\u00edmetros<\/span><\/td>\n<td style=\"background-color: #fff; color: #222; font-family: Arial, sans-serif; font-size: 14px; overflow: hidden; padding: 10px 5px; text-align: left; vertical-align: middle; word-break: normal; border: 1px solid black;\"><span style=\"font-weight: 400; color: var(--md-box-samantha-normal-text-color);\">2230\u00d71100\u00d71860 mil\u00edmetros<\/span><\/td>\n<\/tr>\n<\/tbody>\n<\/table>\n<h2><img fetchpriority=\"high\" decoding=\"async\" class=\"alignnone size-full wp-image-109\" src=\"https:\/\/www.soaogroup.com\/wp-content\/uploads\/2025\/01\/1_\u55e8\u683c\u5f0f\u538b\u7f29\u526f\u672c.png\" alt=\"\" width=\"1600\" height=\"600\" srcset=\"https:\/\/www.soaogroup.com\/wp-content\/uploads\/2025\/01\/1_\u55e8\u683c\u5f0f\u538b\u7f29\u526f\u672c.png 1600w, https:\/\/www.soaogroup.com\/wp-content\/uploads\/2025\/01\/1_\u55e8\u683c\u5f0f\u538b\u7f29\u526f\u672c-600x225.png 600w, https:\/\/www.soaogroup.com\/wp-content\/uploads\/2025\/01\/1_\u55e8\u683c\u5f0f\u538b\u7f29\u526f\u672c-300x113.png 300w, https:\/\/www.soaogroup.com\/wp-content\/uploads\/2025\/01\/1_\u55e8\u683c\u5f0f\u538b\u7f29\u526f\u672c-1024x384.png 1024w, https:\/\/www.soaogroup.com\/wp-content\/uploads\/2025\/01\/1_\u55e8\u683c\u5f0f\u538b\u7f29\u526f\u672c-768x288.png 768w, https:\/\/www.soaogroup.com\/wp-content\/uploads\/2025\/01\/1_\u55e8\u683c\u5f0f\u538b\u7f29\u526f\u672c-1536x576.png 1536w\" sizes=\"(max-width: 1600px) 100vw, 1600px\" \/>Caracter\u00edsticas do produto:<\/h2>\n<h3>Alta capacidade de carga:<\/h3>\n<p>Com uma capacidade nominal de 2.000 kg (2,0 T), ele pode manusear cargas pesadas sem esfor\u00e7o, tornando-o adequado para transportar itens grandes e volumosos em ambientes industriais, como materiais de constru\u00e7\u00e3o em canteiros de obras ou mercadorias paletizadas em armaz\u00e9ns.<\/p>\n<h3>Altura de eleva\u00e7\u00e3o adequada:<\/h3>\n<p>A altura m\u00e1xima de eleva\u00e7\u00e3o de 3000 mm permite empilhar mercadorias verticalmente a um n\u00edvel significativo. Isso ajuda a otimizar o espa\u00e7o de armazenamento em armaz\u00e9ns, permitindo um uso mais eficiente do espa\u00e7o de prateleira.<\/p>\n<h3><img decoding=\"async\" class=\"size-full wp-image-107 alignright\" src=\"https:\/\/www.soaogroup.com\/wp-content\/uploads\/2025\/01\/IMG_E1697_\u55e8\u683c\u5f0f\u538b\u7f29\u526f\u672c_\u7ed3\u679c.webp\" alt=\"\" width=\"800\" height=\"800\" srcset=\"https:\/\/www.soaogroup.com\/wp-content\/uploads\/2025\/01\/IMG_E1697_\u55e8\u683c\u5f0f\u538b\u7f29\u526f\u672c_\u7ed3\u679c.webp 800w, https:\/\/www.soaogroup.com\/wp-content\/uploads\/2025\/01\/IMG_E1697_\u55e8\u683c\u5f0f\u538b\u7f29\u526f\u672c_\u7ed3\u679c-300x300.webp 300w, https:\/\/www.soaogroup.com\/wp-content\/uploads\/2025\/01\/IMG_E1697_\u55e8\u683c\u5f0f\u538b\u7f29\u526f\u672c_\u7ed3\u679c-100x100.webp 100w, https:\/\/www.soaogroup.com\/wp-content\/uploads\/2025\/01\/IMG_E1697_\u55e8\u683c\u5f0f\u538b\u7f29\u526f\u672c_\u7ed3\u679c-600x600.webp 600w, https:\/\/www.soaogroup.com\/wp-content\/uploads\/2025\/01\/IMG_E1697_\u55e8\u683c\u5f0f\u538b\u7f29\u526f\u672c_\u7ed3\u679c-150x150.webp 150w, https:\/\/www.soaogroup.com\/wp-content\/uploads\/2025\/01\/IMG_E1697_\u55e8\u683c\u5f0f\u538b\u7f29\u526f\u672c_\u7ed3\u679c-768x768.webp 768w\" sizes=\"(max-width: 800px) 100vw, 800px\" \/>Design de garfo resistente:<\/h3>\n<p>Seu tamanho de garfo de 40\u00d7100\u00d71070 mm garante uma pegada segura nas cargas. Isso minimiza o risco de itens escorregarem durante o movimento, aumentando a seguran\u00e7a durante as opera\u00e7\u00f5es de manuseio.<\/p>\n<h3>Bateria de reserva potente:<\/h3>\n<p>Equipado com uma bateria de 60V\/210Ah, ele tem pot\u00eancia suficiente para manter uma velocidade de deslocamento consistente de 10 kW\/h. Este suporte de bateria de longa dura\u00e7\u00e3o permite opera\u00e7\u00e3o cont\u00ednua durante turnos de trabalho sem recarga frequente.<\/p>\n<h3>Boa capacidade de escalada:<\/h3>\n<p>Uma capacidade de inclina\u00e7\u00e3o de 20\u00b0 significa que ele pode subir e descer suavemente encostas. Isso \u00e9 altamente pr\u00e1tico em instala\u00e7\u00f5es com terrenos irregulares ou rampas, garantindo transfer\u00eancia de material sem interrup\u00e7\u00f5es em diferentes eleva\u00e7\u00f5es. \u2013 **Assento ergon\u00f4mico**: O modo de dire\u00e7\u00e3o sentado prioriza o conforto do operador. Ao reduzir a fadiga durante longas horas de trabalho, ele permite um controle mais preciso, o que, por sua vez, aumenta a efici\u00eancia e a seguran\u00e7a do trabalho. *Dimens\u00f5es compactas:<\/p>\n<p>Medindo 2230\u00d71100\u00d71860 mm, seu tamanho relativamente compacto fornece excelente manobrabilidade. Ele pode navegar facilmente por corredores estreitos em armaz\u00e9ns e espa\u00e7os de trabalho apertados, economizando tempo e esfor\u00e7o.<\/p>\n<h3><\/h3>\n<h3><img decoding=\"async\" class=\"alignnone size-full wp-image-111\" src=\"https:\/\/www.soaogroup.com\/wp-content\/uploads\/2025\/01\/2_\u55e8\u683c\u5f0f\u538b\u7f29\u526f\u672c-1.png\" alt=\"\" width=\"1600\" height=\"600\" srcset=\"https:\/\/www.soaogroup.com\/wp-content\/uploads\/2025\/01\/2_\u55e8\u683c\u5f0f\u538b\u7f29\u526f\u672c-1.png 1600w, https:\/\/www.soaogroup.com\/wp-content\/uploads\/2025\/01\/2_\u55e8\u683c\u5f0f\u538b\u7f29\u526f\u672c-1-600x225.png 600w, https:\/\/www.soaogroup.com\/wp-content\/uploads\/2025\/01\/2_\u55e8\u683c\u5f0f\u538b\u7f29\u526f\u672c-1-300x113.png 300w, https:\/\/www.soaogroup.com\/wp-content\/uploads\/2025\/01\/2_\u55e8\u683c\u5f0f\u538b\u7f29\u526f\u672c-1-1024x384.png 1024w, https:\/\/www.soaogroup.com\/wp-content\/uploads\/2025\/01\/2_\u55e8\u683c\u5f0f\u538b\u7f29\u526f\u672c-1-768x288.png 768w, https:\/\/www.soaogroup.com\/wp-content\/uploads\/2025\/01\/2_\u55e8\u683c\u5f0f\u538b\u7f29\u526f\u672c-1-1536x576.png 1536w\" sizes=\"(max-width: 1600px) 100vw, 1600px\" \/><\/h3>\n<h2>Aplicativo:<\/h2>\n<p>A Empilhadeira El\u00e9trica CPD20-C 2.0T tem diversas aplica\u00e7\u00f5es. Em armaz\u00e9ns, sua altura m\u00e1xima de eleva\u00e7\u00e3o de 3000 mm permite empilhar mercadorias ordenadamente em prateleiras altas, otimizando o espa\u00e7o de armazenamento. Com capacidade de 2000 kg, ela movimenta facilmente paletes pesadas de bens de consumo ou pe\u00e7as industriais. Em canteiros de obras, ela transporta materiais de constru\u00e7\u00e3o como tijolos, barras de a\u00e7o e sacos de cimento em terrenos irregulares, gra\u00e7as \u00e0 sua capacidade de inclina\u00e7\u00e3o de 20\u00b0. Os centros de log\u00edstica tamb\u00e9m contam com ela para carregar e descarregar caminh\u00f5es, deslocando rapidamente grandes lotes de carga. Seu tamanho compacto garante uma navega\u00e7\u00e3o suave em corredores estreitos, aumentando a efici\u00eancia operacional geral.<\/p>","protected":false},"excerpt":{"rendered":"<h4 class=\"elementor-heading-title elementor-size-default\" style=\"text-align: center; padding-bottom: 30px;\">Empilhadeira el\u00e9trica CPD20-C 2.0T<\/h4>\n<div>A Empilhadeira El\u00e9trica CPD20-C 2.0T \u00e9 um ve\u00edculo industrial pr\u00e1tico. Ela tem uma capacidade nominal de 2000 kg e uma altura m\u00e1xima de eleva\u00e7\u00e3o de 3000 mm. Com uma bateria de 60 V\/210 Ah, ela funciona a 10 kW\/h. O modo de dire\u00e7\u00e3o sentado \u00e9 confort\u00e1vel. Sua capacidade de inclina\u00e7\u00e3o de 20\u00b0 e tamanho compacto de 2230\u00d71100\u00d71860 mm a tornam adequada para v\u00e1rios locais de trabalho.<\/div>\n<div><\/div>\n<div>\n<hr class=\"dongte456custom-line\" \/>\n<\/div>\n<div style=\"padding-bottom: 5px;\">Categoria: Empilhadeira el\u00e9trica CPD20-C 2.0T<\/div>\n<div>Palavra-chave: Empilhadeira el\u00e9trica CPD20-C 2.0T<\/div>\n<div>\n<hr \/>\n<\/div>\n<p><img loading=\"lazy\" decoding=\"async\" class=\"alignnone wp-image-257\" src=\"https:\/\/www.soaogroup.com\/wp-content\/uploads\/2025\/02\/\u672a\u6807\u9898-2.jpg\" alt=\"\" width=\"48\" height=\"50\" \/>\u00a0 Whatsapp :<a href=\"https:\/\/api.whatsapp.com\/send?phone=8613395319660\" target=\"_blank\" rel=\"noopener\">\u00a0+8613395319660 <\/a><\/p>\n<div>\n<hr \/>\n<\/div>\n<p><img loading=\"lazy\" decoding=\"async\" class=\"alignnone wp-image-258\" src=\"https:\/\/www.soaogroup.com\/wp-content\/uploads\/2025\/02\/emaillogoblue.jpg\" alt=\"\" width=\"48\" height=\"55\" \/>\u00a0\u00a0E-mail : <a href=\"mailto:sales@sdsoao.com\" target=\"_blank\" rel=\"noopener\">\u00a0sales@sdsoao.com<\/a><\/p>\n<div>\n<hr \/>\n<\/div>\n<h3><\/h3>\n<div><\/div>","protected":false},"featured_media":100,"comment_status":"open","ping_status":"closed","template":"","meta":[],"product_brand":[],"product_cat":[17,16],"product_tag":[],"class_list":{"0":"post-84","1":"product","2":"type-product","3":"status-publish","4":"has-post-thumbnail","6":"product_cat-electric-forklift","7":"product_cat-forklift","9":"first","10":"instock","11":"shipping-taxable","12":"product-type-simple"},"_links":{"self":[{"href":"https:\/\/www.soaogroup.com\/pt\/wp-json\/wp\/v2\/product\/84","targetHints":{"allow":["GET"]}}],"collection":[{"href":"https:\/\/www.soaogroup.com\/pt\/wp-json\/wp\/v2\/product"}],"about":[{"href":"https:\/\/www.soaogroup.com\/pt\/wp-json\/wp\/v2\/types\/product"}],"replies":[{"embeddable":true,"href":"https:\/\/www.soaogroup.com\/pt\/wp-json\/wp\/v2\/comments?post=84"}],"wp:featuredmedia":[{"embeddable":true,"href":"https:\/\/www.soaogroup.com\/pt\/wp-json\/wp\/v2\/media\/100"}],"wp:attachment":[{"href":"https:\/\/www.soaogroup.com\/pt\/wp-json\/wp\/v2\/media?parent=84"}],"wp:term":[{"taxonomy":"product_brand","embeddable":true,"href":"https:\/\/www.soaogroup.com\/pt\/wp-json\/wp\/v2\/product_brand?post=84"},{"taxonomy":"product_cat","embeddable":true,"href":"https:\/\/www.soaogroup.com\/pt\/wp-json\/wp\/v2\/product_cat?post=84"},{"taxonomy":"product_tag","embeddable":true,"href":"https:\/\/www.soaogroup.com\/pt\/wp-json\/wp\/v2\/product_tag?post=84"}],"curies":[{"name":"wp","href":"https:\/\/api.w.org\/{rel}","templated":true}]}}