{"id":73,"date":"2025-01-10T15:10:05","date_gmt":"2025-01-10T07:10:05","guid":{"rendered":"https:\/\/www.soaogroup.com\/?post_type=product&#038;p=73"},"modified":"2025-02-16T09:53:56","modified_gmt":"2025-02-16T01:53:56","slug":"cpd20-s-2t-electric-forklift","status":"publish","type":"product","link":"https:\/\/www.soaogroup.com\/pt\/produto\/cpd20-s-2t-electric-forklift\/","title":{"rendered":"Empilhadeira el\u00e9trica CPD20-S 2T"},"content":{"rendered":"<h2>Detalhes do produto:<\/h2>\n<table class=\"tg\" style=\"border-collapse: collapse; border-spacing: 0;\">\n<thead>\n<tr>\n<th style=\"background-color: #f56b00; color: #ffffff; font-family: Arial, sans-serif; font-size: 14px; font-weight: normal; overflow: hidden; padding: 10px 5px; text-align: left; vertical-align: middle; word-break: normal; border: 1px solid black;\">Ltem<\/th>\n<th style=\"background-color: #9b9b9b; color: #ffffff; font-family: Arial, sans-serif; font-size: 14px; font-weight: bold; overflow: hidden; padding: 10px 5px; text-align: center; vertical-align: middle; word-break: normal; border: 1px solid black;\"><span style=\"font-weight: 600;\">CPD15-S<\/span><\/th>\n<th style=\"background-color: #9b9b9b; color: #ffffff; font-family: Arial, sans-serif; font-size: 14px; font-weight: bold; overflow: hidden; padding: 10px 5px; text-align: center; vertical-align: middle; word-break: normal; border: 1px solid black;\"><span style=\"font-weight: 600;\">CPD20-S<\/span><\/th>\n<\/tr>\n<\/thead>\n<tbody>\n<tr>\n<td style=\"background-color: #f56b00; color: #ffffff; font-family: Arial, sans-serif; font-size: 14px; font-weight: bold; overflow: hidden; padding: 10px 5px; text-align: left; vertical-align: middle; word-break: normal; border: 1px solid black;\">Modo de condu\u00e7\u00e3o<\/td>\n<td style=\"background-color: #ffffff; color: #222; font-family: Arial, sans-serif; font-size: 14px; overflow: hidden; padding: 10px 5px; text-align: left; vertical-align: middle; word-break: normal; border: 1px solid black;\"><span style=\"font-weight: 400; color: var(--md-box-samantha-normal-text-color);\">Sentado<\/span><\/td>\n<td style=\"background-color: #ffffff; color: #222; font-family: Arial, sans-serif; font-size: 14px; overflow: hidden; padding: 10px 5px; text-align: left; vertical-align: middle; word-break: normal; border: 1px solid black;\"><span style=\"font-weight: 400; color: var(--md-box-samantha-normal-text-color);\">Sentado<\/span><\/td>\n<\/tr>\n<tr>\n<td style=\"background-color: #f56b00; color: #ffffff; font-family: Arial, sans-serif; font-size: 14px; font-weight: bold; overflow: hidden; padding: 10px 5px; text-align: left; vertical-align: middle; word-break: normal; border: 1px solid black;\">Capacidade nominal<\/td>\n<td style=\"background-color: #ffffff; color: #222; font-family: Arial, sans-serif; font-size: 14px; overflow: hidden; padding: 10px 5px; text-align: left; vertical-align: middle; word-break: normal; border: 1px solid black;\"><span style=\"font-weight: 400; color: var(--md-box-samantha-normal-text-color);\">1500 kg<\/span><\/td>\n<td style=\"background-color: #ffffff; color: #222; font-family: Arial, sans-serif; font-size: 14px; overflow: hidden; padding: 10px 5px; text-align: left; vertical-align: middle; word-break: normal; border: 1px solid black;\"><span style=\"font-weight: 400; color: var(--md-box-samantha-normal-text-color);\">2000 kg<\/span><\/td>\n<\/tr>\n<tr>\n<td style=\"background-color: #f56b00; color: #ffffff; font-family: Arial, sans-serif; font-size: 14px; font-weight: bold; overflow: hidden; padding: 10px 5px; text-align: left; vertical-align: middle; word-break: normal; border: 1px solid black;\">Altura m\u00e1xima de eleva\u00e7\u00e3o<\/td>\n<td style=\"background-color: #ffffff; color: #222; font-family: Arial, sans-serif; font-size: 14px; overflow: hidden; padding: 10px 5px; text-align: left; vertical-align: middle; word-break: normal; border: 1px solid black;\"><span style=\"font-weight: 400; color: var(--md-box-samantha-normal-text-color);\">3000 mil\u00edmetros<\/span><\/td>\n<td style=\"background-color: #ffffff; color: #222; font-family: Arial, sans-serif; font-size: 14px; overflow: hidden; padding: 10px 5px; text-align: left; vertical-align: middle; word-break: normal; border: 1px solid black;\"><span style=\"font-weight: 400; color: var(--md-box-samantha-normal-text-color);\">3000 mil\u00edmetros<\/span><\/td>\n<\/tr>\n<tr>\n<td style=\"background-color: #f56b00; color: #ffffff; font-family: Arial, sans-serif; font-size: 14px; font-weight: bold; overflow: hidden; padding: 10px 5px; text-align: left; vertical-align: middle; word-break: normal; border: 1px solid black;\">Tamanho do garfo<\/td>\n<td style=\"background-color: #ffffff; color: #222; font-family: Arial, sans-serif; font-size: 14px; overflow: hidden; padding: 10px 5px; text-align: left; vertical-align: middle; word-break: normal; border: 1px solid black;\"><span style=\"font-weight: 400; color: var(--md-box-samantha-normal-text-color);\">35\u00d7100\u00d71070 mil\u00edmetros<\/span><\/td>\n<td style=\"background-color: #ffffff; color: #222; font-family: Arial, sans-serif; font-size: 14px; overflow: hidden; padding: 10px 5px; text-align: left; vertical-align: middle; word-break: normal; border: 1px solid black;\"><span style=\"font-weight: 400; color: var(--md-box-samantha-normal-text-color);\">40\u00d7100\u00d71070 mil\u00edmetros<\/span><\/td>\n<\/tr>\n<tr>\n<td style=\"background-color: #f56b00; color: #ffffff; font-family: Arial, sans-serif; font-size: 14px; font-weight: bold; overflow: hidden; padding: 10px 5px; text-align: left; vertical-align: middle; word-break: normal; border: 1px solid black;\">Voltagem da bateria<\/td>\n<td style=\"background-color: #ffffff; color: #222; font-family: Arial, sans-serif; font-size: 14px; overflow: hidden; padding: 10px 5px; text-align: left; vertical-align: middle; word-break: normal; border: 1px solid black;\"><span style=\"font-weight: 400; color: var(--md-box-samantha-normal-text-color);\">60 V\/120 Ah<\/span><\/td>\n<td style=\"background-color: #ffffff; color: #222; font-family: Arial, sans-serif; font-size: 14px; overflow: hidden; padding: 10px 5px; text-align: left; vertical-align: middle; word-break: normal; border: 1px solid black;\"><span style=\"font-weight: 400; color: var(--md-box-samantha-normal-text-color);\">72 V\/120 Ah<\/span><\/td>\n<\/tr>\n<tr>\n<td style=\"background-color: #f56b00; color: #ffffff; font-family: Arial, sans-serif; font-size: 14px; font-weight: bold; overflow: hidden; padding: 10px 5px; text-align: left; vertical-align: middle; word-break: normal; border: 1px solid black;\">Velocidade de viagem<\/td>\n<td style=\"background-color: #ffffff; color: #222; font-family: Arial, sans-serif; font-size: 14px; overflow: hidden; padding: 10px 5px; text-align: left; vertical-align: middle; word-break: normal; border: 1px solid black;\"><span style=\"font-weight: 400; color: var(--md-box-samantha-normal-text-color);\">10 kW\/h<\/span><\/td>\n<td style=\"background-color: #ffffff; color: #222; font-family: Arial, sans-serif; font-size: 14px; overflow: hidden; padding: 10px 5px; text-align: left; vertical-align: middle; word-break: normal; border: 1px solid black;\"><span style=\"font-weight: 400; color: var(--md-box-samantha-normal-text-color);\">10 kW\/h<\/span><\/td>\n<\/tr>\n<tr>\n<td style=\"background-color: #f56b00; color: #ffffff; font-family: Arial, sans-serif; font-size: 14px; font-weight: bold; overflow: hidden; padding: 10px 5px; text-align: left; vertical-align: middle; word-break: normal; border: 1px solid black;\">Capacidade de classifica\u00e7\u00e3o<\/td>\n<td style=\"background-color: #ffffff; color: #222; font-family: Arial, sans-serif; font-size: 14px; overflow: hidden; padding: 10px 5px; text-align: left; vertical-align: middle; word-break: normal; border: 1px solid black;\"><span style=\"font-weight: 400; color: var(--md-box-samantha-normal-text-color);\">20\u00b0<\/span><\/td>\n<td style=\"background-color: #ffffff; color: #222; font-family: Arial, sans-serif; font-size: 14px; overflow: hidden; padding: 10px 5px; text-align: left; vertical-align: middle; word-break: normal; border: 1px solid black;\"><span style=\"font-weight: 400; color: var(--md-box-samantha-normal-text-color);\">20\u00b0<\/span><\/td>\n<\/tr>\n<tr>\n<td style=\"background-color: #f56b00; color: #ffffff; font-family: Arial, sans-serif; font-size: 14px; font-weight: bold; overflow: hidden; padding: 10px 5px; text-align: left; vertical-align: middle; word-break: normal; border: 1px solid black;\">Peso<\/td>\n<td style=\"background-color: #ffffff; color: #222; font-family: Arial, sans-serif; font-size: 14px; overflow: hidden; padding: 10px 5px; text-align: left; vertical-align: middle; word-break: normal; border: 1px solid black;\"><span style=\"font-weight: 400; color: var(--md-box-samantha-normal-text-color);\">2250 kg<\/span><\/td>\n<td style=\"background-color: #ffffff; color: #222; font-family: Arial, sans-serif; font-size: 14px; overflow: hidden; padding: 10px 5px; text-align: left; vertical-align: middle; word-break: normal; border: 1px solid black;\"><span style=\"font-weight: 400; color: var(--md-box-samantha-normal-text-color);\">2480 kg<\/span><\/td>\n<\/tr>\n<tr>\n<td style=\"background-color: #f56b00; color: #ffffff; font-family: Arial, sans-serif; font-size: 14px; font-weight: bold; overflow: hidden; padding: 10px 5px; text-align: left; vertical-align: middle; word-break: normal; border: 1px solid black;\">Dimens\u00f5es<\/td>\n<td style=\"background-color: #ffffff; color: #222; font-family: Arial, sans-serif; font-size: 14px; overflow: hidden; padding: 10px 5px; text-align: left; vertical-align: middle; word-break: normal; border: 1px solid black;\"><span style=\"font-weight: 400; color: var(--md-box-samantha-normal-text-color);\">230\u00d71096\u00d72110 mil\u00edmetros<\/span><\/td>\n<td style=\"background-color: #ffffff; color: #222; font-family: Arial, sans-serif; font-size: 14px; overflow: hidden; padding: 10px 5px; text-align: left; vertical-align: middle; word-break: normal; border: 1px solid black;\"><span style=\"font-weight: 400; color: var(--md-box-samantha-normal-text-color);\">2230\u00d71096\u00d72110 mil\u00edmetros<\/span><\/td>\n<\/tr>\n<\/tbody>\n<\/table>\n<p>&nbsp;<\/p>\n<h2><img fetchpriority=\"high\" decoding=\"async\" class=\"alignnone size-full wp-image-94\" src=\"https:\/\/www.soaogroup.com\/wp-content\/uploads\/2025\/01\/20c.png\" alt=\"\" width=\"1600\" height=\"600\" srcset=\"https:\/\/www.soaogroup.com\/wp-content\/uploads\/2025\/01\/20c.png 1600w, https:\/\/www.soaogroup.com\/wp-content\/uploads\/2025\/01\/20c-600x225.png 600w, https:\/\/www.soaogroup.com\/wp-content\/uploads\/2025\/01\/20c-300x113.png 300w, https:\/\/www.soaogroup.com\/wp-content\/uploads\/2025\/01\/20c-1024x384.png 1024w, https:\/\/www.soaogroup.com\/wp-content\/uploads\/2025\/01\/20c-768x288.png 768w, https:\/\/www.soaogroup.com\/wp-content\/uploads\/2025\/01\/20c-1536x576.png 1536w\" sizes=\"(max-width: 1600px) 100vw, 1600px\" \/> Caracter\u00edsticas do produto:<\/h2>\n<h3>1. Alta capacidade de carga<\/h3>\n<p>Com uma capacidade nominal de 2000 kg (2T), ele pode manusear com efici\u00eancia cargas relativamente pesadas, atendendo aos requisitos de movimenta\u00e7\u00e3o de materiais de muitos cen\u00e1rios industriais, como armaz\u00e9ns cheios de mercadorias volumosas ou canteiros de obras durante a transfer\u00eancia de materiais de constru\u00e7\u00e3o.<\/p>\n<h3>2. Altura de eleva\u00e7\u00e3o decente<\/h3>\n<p>Ele tem uma altura m\u00e1xima de eleva\u00e7\u00e3o de 3000 mm. Isso permite empilhar mercadorias a uma dist\u00e2ncia vertical consider\u00e1vel, otimizando a utiliza\u00e7\u00e3o do espa\u00e7o de armazenamento em dep\u00f3sitos e facilitando o acesso e a coloca\u00e7\u00e3o de itens em prateleiras altas.<\/p>\n<h3><img decoding=\"async\" class=\"size-full wp-image-90 alignright\" src=\"https:\/\/www.soaogroup.com\/wp-content\/uploads\/2025\/01\/IMG_E6505_\u55e8\u683c\u5f0f\u538b\u7f29\u526f\u672c.jpg\" alt=\"\" width=\"800\" height=\"800\" srcset=\"https:\/\/www.soaogroup.com\/wp-content\/uploads\/2025\/01\/IMG_E6505_\u55e8\u683c\u5f0f\u538b\u7f29\u526f\u672c.jpg 800w, https:\/\/www.soaogroup.com\/wp-content\/uploads\/2025\/01\/IMG_E6505_\u55e8\u683c\u5f0f\u538b\u7f29\u526f\u672c-300x300.jpg 300w, https:\/\/www.soaogroup.com\/wp-content\/uploads\/2025\/01\/IMG_E6505_\u55e8\u683c\u5f0f\u538b\u7f29\u526f\u672c-100x100.jpg 100w, https:\/\/www.soaogroup.com\/wp-content\/uploads\/2025\/01\/IMG_E6505_\u55e8\u683c\u5f0f\u538b\u7f29\u526f\u672c-600x600.jpg 600w, https:\/\/www.soaogroup.com\/wp-content\/uploads\/2025\/01\/IMG_E6505_\u55e8\u683c\u5f0f\u538b\u7f29\u526f\u672c-150x150.jpg 150w, https:\/\/www.soaogroup.com\/wp-content\/uploads\/2025\/01\/IMG_E6505_\u55e8\u683c\u5f0f\u538b\u7f29\u526f\u672c-768x768.jpg 768w\" sizes=\"(max-width: 800px) 100vw, 800px\" \/><\/h3>\n<h3>3. Design de garfo apropriado<\/h3>\n<p>O tamanho do garfo de 40*100*1070mm \u00e9 cuidadosamente projetado. Essas dimens\u00f5es garantem suporte est\u00e1vel e fixa\u00e7\u00e3o segura das cargas, minimizando o risco de mercadorias escorregarem durante o transporte.<\/p>\n<h3>4. Configura\u00e7\u00e3o de bateria potente<\/h3>\n<p>Equipado com uma bateria de 72V\/120Ah, ele fornece energia suficiente para acionar a empilhadeira de forma constante. Uma bateria de alta capacidade n\u00e3o s\u00f3 garante opera\u00e7\u00e3o cont\u00ednua durante um turno de trabalho, mas tamb\u00e9m contribui para o desempenho consistente da velocidade de deslocamento de 10kW\/h.<\/p>\n<h3>5. Boa capacidade de escalada<\/h3>\n<p>A capacidade de inclina\u00e7\u00e3o de 20\u00b0 permite que ele opere em declives sem muita dificuldade. Isso \u00e9 altamente ben\u00e9fico ao trabalhar em \u00e1reas industriais montanhosas ou em rampas dentro de grandes complexos fabris, garantindo transfer\u00eancia de material sem interrup\u00e7\u00f5es em diferentes eleva\u00e7\u00f5es.<\/p>\n<h3>6. Condu\u00e7\u00e3o ergon\u00f3mica sentada<\/h3>\n<p>O modo de dire\u00e7\u00e3o sentado oferece conforto ao operador durante longas horas de trabalho. Ele reduz a fadiga, permitindo um controle mais preciso da empilhadeira, o que por sua vez melhora a efici\u00eancia geral do trabalho e a seguran\u00e7a.<\/p>\n<h3>7. Dimens\u00f5es compactas<\/h3>\n<p>Medindo 2230*1096*2110 mm, seu tamanho relativamente compacto o torna altamente manobr\u00e1vel em corredores estreitos de armaz\u00e9ns e espa\u00e7os de trabalho confinados, facilitando movimentos \u00e1geis em torno de obst\u00e1culos. <img decoding=\"async\" class=\"alignnone size-full wp-image-93\" src=\"https:\/\/www.soaogroup.com\/wp-content\/uploads\/2025\/01\/1.png\" alt=\"\" width=\"1600\" height=\"600\" srcset=\"https:\/\/www.soaogroup.com\/wp-content\/uploads\/2025\/01\/1.png 1600w, https:\/\/www.soaogroup.com\/wp-content\/uploads\/2025\/01\/1-600x225.png 600w, https:\/\/www.soaogroup.com\/wp-content\/uploads\/2025\/01\/1-300x113.png 300w, https:\/\/www.soaogroup.com\/wp-content\/uploads\/2025\/01\/1-1024x384.png 1024w, https:\/\/www.soaogroup.com\/wp-content\/uploads\/2025\/01\/1-768x288.png 768w, https:\/\/www.soaogroup.com\/wp-content\/uploads\/2025\/01\/1-1536x576.png 1536w\" sizes=\"(max-width: 1600px) 100vw, 1600px\" \/><\/p>\n<h2>Aplicativo:<\/h2>\n<p>A empilhadeira el\u00e9trica CPD20-S 2T tem uma ampla gama de cen\u00e1rios de aplica\u00e7\u00e3o. No armaz\u00e9m, com uma altura de eleva\u00e7\u00e3o de 3000 mm, ela pode acessar com precis\u00e3o produtos de prateleiras altas e otimizar o espa\u00e7o de armazenamento. Sejam necessidades di\u00e1rias ou acess\u00f3rios industriais, ela pode ser manuseada. Armaz\u00e9ns de cadeia fria tamb\u00e9m s\u00e3o adequados, sem exaust\u00e3o e sem polui\u00e7\u00e3o. Em f\u00e1bricas, ela depende de uma carga de 2000 kg e uma for\u00e7a de escalada de 20 \u00b0 para transferir componentes pesados na linha de produ\u00e7\u00e3o e ir at\u00e9 a esta\u00e7\u00e3o de montagem para transportar pe\u00e7as. Centro de distribui\u00e7\u00e3o de log\u00edstica, carregamento e descarregamento de mercadorias, classifica\u00e7\u00e3o de pacotes, contando com bra\u00e7os de garfo est\u00e1veis e mobilidade flex\u00edvel para operar com efici\u00eancia. No in\u00edcio do canteiro de obras, ela pode manusear materiais de constru\u00e7\u00e3o e, posteriormente, ajudar a transferir materiais de decora\u00e7\u00e3o.<\/p>","protected":false},"excerpt":{"rendered":"<h4 class=\"elementor-heading-title elementor-size-default\" style=\"text-align: center; padding-bottom: 30px;\">Empilhadeira el\u00e9trica CPD20-S 2T<\/h4>\n<div>A empilhadeira el\u00e9trica CPD20-S 2T \u00e9 uma m\u00e1quina de trabalho confi\u00e1vel. Com uma capacidade nominal de 2000 kg, ela pode lidar com cargas pesadas. Sua altura m\u00e1xima de eleva\u00e7\u00e3o de 3000 mm otimiza o armazenamento. A bateria de 72 V\/120 Ah fornece uma velocidade de deslocamento de 10 kW\/h. Condu\u00e7\u00e3o sentada, capacidade de inclina\u00e7\u00e3o de 20\u00b0 e dimens\u00f5es compactas de 2230*1096*2110 mm aumentam a usabilidade em v\u00e1rios locais.<\/div>\n<div><\/div>\n<div>\n<hr class=\"dongte456custom-line\" \/>\n<\/div>\n<div style=\"padding-bottom: 5px;\">Categoria: Empilhadeira el\u00e9trica CPD20-S 2T<\/div>\n<div>Palavra-chave: Empilhadeira el\u00e9trica CPD20-S 2T<\/div>\n<div>\n<hr \/>\n<\/div>\n<p><img loading=\"lazy\" decoding=\"async\" class=\"alignnone wp-image-257\" src=\"https:\/\/www.soaogroup.com\/wp-content\/uploads\/2025\/02\/\u672a\u6807\u9898-2.jpg\" alt=\"\" width=\"48\" height=\"50\" \/>\u00a0 Whatsapp :<a href=\"https:\/\/api.whatsapp.com\/send?phone=8613395319660\" target=\"_blank\" rel=\"noopener\">\u00a0+8613395319660 <\/a><\/p>\n<div>\n<hr \/>\n<\/div>\n<p><img loading=\"lazy\" decoding=\"async\" class=\"alignnone wp-image-258\" src=\"https:\/\/www.soaogroup.com\/wp-content\/uploads\/2025\/02\/emaillogoblue.jpg\" alt=\"\" width=\"48\" height=\"55\" \/>\u00a0\u00a0E-mail : <a href=\"mailto:sales@sdsoao.com\" target=\"_blank\" rel=\"noopener\">\u00a0sales@sdsoao.com<\/a><\/p>\n<div>\n<hr \/>\n<\/div>\n<h3><\/h3>\n<div><\/div>","protected":false},"featured_media":86,"comment_status":"open","ping_status":"closed","template":"","meta":[],"product_brand":[],"product_cat":[17,16],"product_tag":[],"class_list":{"0":"post-73","1":"product","2":"type-product","3":"status-publish","4":"has-post-thumbnail","6":"product_cat-electric-forklift","7":"product_cat-forklift","9":"first","10":"instock","11":"shipping-taxable","12":"product-type-simple"},"_links":{"self":[{"href":"https:\/\/www.soaogroup.com\/pt\/wp-json\/wp\/v2\/product\/73","targetHints":{"allow":["GET"]}}],"collection":[{"href":"https:\/\/www.soaogroup.com\/pt\/wp-json\/wp\/v2\/product"}],"about":[{"href":"https:\/\/www.soaogroup.com\/pt\/wp-json\/wp\/v2\/types\/product"}],"replies":[{"embeddable":true,"href":"https:\/\/www.soaogroup.com\/pt\/wp-json\/wp\/v2\/comments?post=73"}],"wp:featuredmedia":[{"embeddable":true,"href":"https:\/\/www.soaogroup.com\/pt\/wp-json\/wp\/v2\/media\/86"}],"wp:attachment":[{"href":"https:\/\/www.soaogroup.com\/pt\/wp-json\/wp\/v2\/media?parent=73"}],"wp:term":[{"taxonomy":"product_brand","embeddable":true,"href":"https:\/\/www.soaogroup.com\/pt\/wp-json\/wp\/v2\/product_brand?post=73"},{"taxonomy":"product_cat","embeddable":true,"href":"https:\/\/www.soaogroup.com\/pt\/wp-json\/wp\/v2\/product_cat?post=73"},{"taxonomy":"product_tag","embeddable":true,"href":"https:\/\/www.soaogroup.com\/pt\/wp-json\/wp\/v2\/product_tag?post=73"}],"curies":[{"name":"wp","href":"https:\/\/api.w.org\/{rel}","templated":true}]}}