{"id":64,"date":"2025-01-10T14:48:52","date_gmt":"2025-01-10T06:48:52","guid":{"rendered":"https:\/\/www.soaogroup.com\/?post_type=product&#038;p=64"},"modified":"2025-02-16T09:54:08","modified_gmt":"2025-02-16T01:54:08","slug":"cpd15-s-1-5t-electric-forklift","status":"publish","type":"product","link":"https:\/\/www.soaogroup.com\/pt\/produto\/cpd15-s-1-5t-electric-forklift\/","title":{"rendered":"Empilhadeira el\u00e9trica CPD15-S 1.5T"},"content":{"rendered":"<h2>Detalhes do produto:<\/h2>\n<table class=\"tg\" style=\"border-collapse: collapse; border-spacing: 0;\">\n<thead>\n<tr>\n<th style=\"background-color: #f56b00; color: #ffffff; font-family: Arial, sans-serif; font-size: 14px; font-weight: normal; overflow: hidden; padding: 10px 5px; text-align: left; vertical-align: middle; word-break: normal; border: 1px solid black;\">Ltem<\/th>\n<th style=\"background-color: #9b9b9b; color: #ffffff; font-family: Arial, sans-serif; font-size: 14px; font-weight: bold; overflow: hidden; padding: 10px 5px; text-align: center; vertical-align: middle; word-break: normal; border: 1px solid black;\"><span style=\"font-weight: 600;\">CPD15-S<\/span><\/th>\n<th style=\"background-color: #9b9b9b; color: #ffffff; font-family: Arial, sans-serif; font-size: 14px; font-weight: bold; overflow: hidden; padding: 10px 5px; text-align: center; vertical-align: middle; word-break: normal; border: 1px solid black;\"><span style=\"font-weight: 600;\">CPD20-S<\/span><\/th>\n<\/tr>\n<\/thead>\n<tbody>\n<tr>\n<td style=\"background-color: #f56b00; color: #ffffff; font-family: Arial, sans-serif; font-size: 14px; font-weight: bold; overflow: hidden; padding: 10px 5px; text-align: left; vertical-align: middle; word-break: normal; border: 1px solid black;\">Modo de condu\u00e7\u00e3o<\/td>\n<td style=\"background-color: #ffffff; color: #222; font-family: Arial, sans-serif; font-size: 14px; overflow: hidden; padding: 10px 5px; text-align: left; vertical-align: middle; word-break: normal; border: 1px solid black;\"><span style=\"font-weight: 400; color: var(--md-box-samantha-normal-text-color);\">Sentado<\/span><\/td>\n<td style=\"background-color: #ffffff; color: #222; font-family: Arial, sans-serif; font-size: 14px; overflow: hidden; padding: 10px 5px; text-align: left; vertical-align: middle; word-break: normal; border: 1px solid black;\"><span style=\"font-weight: 400; color: var(--md-box-samantha-normal-text-color);\">Sentado<\/span><\/td>\n<\/tr>\n<tr>\n<td style=\"background-color: #f56b00; color: #ffffff; font-family: Arial, sans-serif; font-size: 14px; font-weight: bold; overflow: hidden; padding: 10px 5px; text-align: left; vertical-align: middle; word-break: normal; border: 1px solid black;\">Capacidade nominal<\/td>\n<td style=\"background-color: #ffffff; color: #222; font-family: Arial, sans-serif; font-size: 14px; overflow: hidden; padding: 10px 5px; text-align: left; vertical-align: middle; word-break: normal; border: 1px solid black;\"><span style=\"font-weight: 400; color: var(--md-box-samantha-normal-text-color);\">1500 kg<\/span><\/td>\n<td style=\"background-color: #ffffff; color: #222; font-family: Arial, sans-serif; font-size: 14px; overflow: hidden; padding: 10px 5px; text-align: left; vertical-align: middle; word-break: normal; border: 1px solid black;\"><span style=\"font-weight: 400; color: var(--md-box-samantha-normal-text-color);\">2000 kg<\/span><\/td>\n<\/tr>\n<tr>\n<td style=\"background-color: #f56b00; color: #ffffff; font-family: Arial, sans-serif; font-size: 14px; font-weight: bold; overflow: hidden; padding: 10px 5px; text-align: left; vertical-align: middle; word-break: normal; border: 1px solid black;\">Altura m\u00e1xima de eleva\u00e7\u00e3o<\/td>\n<td style=\"background-color: #ffffff; color: #222; font-family: Arial, sans-serif; font-size: 14px; overflow: hidden; padding: 10px 5px; text-align: left; vertical-align: middle; word-break: normal; border: 1px solid black;\"><span style=\"font-weight: 400; color: var(--md-box-samantha-normal-text-color);\">3000 mil\u00edmetros<\/span><\/td>\n<td style=\"background-color: #ffffff; color: #222; font-family: Arial, sans-serif; font-size: 14px; overflow: hidden; padding: 10px 5px; text-align: left; vertical-align: middle; word-break: normal; border: 1px solid black;\"><span style=\"font-weight: 400; color: var(--md-box-samantha-normal-text-color);\">3000 mil\u00edmetros<\/span><\/td>\n<\/tr>\n<tr>\n<td style=\"background-color: #f56b00; color: #ffffff; font-family: Arial, sans-serif; font-size: 14px; font-weight: bold; overflow: hidden; padding: 10px 5px; text-align: left; vertical-align: middle; word-break: normal; border: 1px solid black;\">Tamanho do garfo<\/td>\n<td style=\"background-color: #ffffff; color: #222; font-family: Arial, sans-serif; font-size: 14px; overflow: hidden; padding: 10px 5px; text-align: left; vertical-align: middle; word-break: normal; border: 1px solid black;\"><span style=\"font-weight: 400; color: var(--md-box-samantha-normal-text-color);\">35\u00d7100\u00d71070 mil\u00edmetros<\/span><\/td>\n<td style=\"background-color: #ffffff; color: #222; font-family: Arial, sans-serif; font-size: 14px; overflow: hidden; padding: 10px 5px; text-align: left; vertical-align: middle; word-break: normal; border: 1px solid black;\"><span style=\"font-weight: 400; color: var(--md-box-samantha-normal-text-color);\">40\u00d7100\u00d71070 mil\u00edmetros<\/span><\/td>\n<\/tr>\n<tr>\n<td style=\"background-color: #f56b00; color: #ffffff; font-family: Arial, sans-serif; font-size: 14px; font-weight: bold; overflow: hidden; padding: 10px 5px; text-align: left; vertical-align: middle; word-break: normal; border: 1px solid black;\">Voltagem da bateria<\/td>\n<td style=\"background-color: #ffffff; color: #222; font-family: Arial, sans-serif; font-size: 14px; overflow: hidden; padding: 10px 5px; text-align: left; vertical-align: middle; word-break: normal; border: 1px solid black;\"><span style=\"font-weight: 400; color: var(--md-box-samantha-normal-text-color);\">60 V\/120 Ah<\/span><\/td>\n<td style=\"background-color: #ffffff; color: #222; font-family: Arial, sans-serif; font-size: 14px; overflow: hidden; padding: 10px 5px; text-align: left; vertical-align: middle; word-break: normal; border: 1px solid black;\"><span style=\"font-weight: 400; color: var(--md-box-samantha-normal-text-color);\">72 V\/120 Ah<\/span><\/td>\n<\/tr>\n<tr>\n<td style=\"background-color: #f56b00; color: #ffffff; font-family: Arial, sans-serif; font-size: 14px; font-weight: bold; overflow: hidden; padding: 10px 5px; text-align: left; vertical-align: middle; word-break: normal; border: 1px solid black;\">Velocidade de viagem<\/td>\n<td style=\"background-color: #ffffff; color: #222; font-family: Arial, sans-serif; font-size: 14px; overflow: hidden; padding: 10px 5px; text-align: left; vertical-align: middle; word-break: normal; border: 1px solid black;\"><span style=\"font-weight: 400; color: var(--md-box-samantha-normal-text-color);\">10 kW\/h<\/span><\/td>\n<td style=\"background-color: #ffffff; color: #222; font-family: Arial, sans-serif; font-size: 14px; overflow: hidden; padding: 10px 5px; text-align: left; vertical-align: middle; word-break: normal; border: 1px solid black;\"><span style=\"font-weight: 400; color: var(--md-box-samantha-normal-text-color);\">10 kW\/h<\/span><\/td>\n<\/tr>\n<tr>\n<td style=\"background-color: #f56b00; color: #ffffff; font-family: Arial, sans-serif; font-size: 14px; font-weight: bold; overflow: hidden; padding: 10px 5px; text-align: left; vertical-align: middle; word-break: normal; border: 1px solid black;\">Capacidade de classifica\u00e7\u00e3o<\/td>\n<td style=\"background-color: #ffffff; color: #222; font-family: Arial, sans-serif; font-size: 14px; overflow: hidden; padding: 10px 5px; text-align: left; vertical-align: middle; word-break: normal; border: 1px solid black;\"><span style=\"font-weight: 400; color: var(--md-box-samantha-normal-text-color);\">20\u00b0<\/span><\/td>\n<td style=\"background-color: #ffffff; color: #222; font-family: Arial, sans-serif; font-size: 14px; overflow: hidden; padding: 10px 5px; text-align: left; vertical-align: middle; word-break: normal; border: 1px solid black;\"><span style=\"font-weight: 400; color: var(--md-box-samantha-normal-text-color);\">20\u00b0<\/span><\/td>\n<\/tr>\n<tr>\n<td style=\"background-color: #f56b00; color: #ffffff; font-family: Arial, sans-serif; font-size: 14px; font-weight: bold; overflow: hidden; padding: 10px 5px; text-align: left; vertical-align: middle; word-break: normal; border: 1px solid black;\">Peso<\/td>\n<td style=\"background-color: #ffffff; color: #222; font-family: Arial, sans-serif; font-size: 14px; overflow: hidden; padding: 10px 5px; text-align: left; vertical-align: middle; word-break: normal; border: 1px solid black;\"><span style=\"font-weight: 400; color: var(--md-box-samantha-normal-text-color);\">2250 kg<\/span><\/td>\n<td style=\"background-color: #ffffff; color: #222; font-family: Arial, sans-serif; font-size: 14px; overflow: hidden; padding: 10px 5px; text-align: left; vertical-align: middle; word-break: normal; border: 1px solid black;\"><span style=\"font-weight: 400; color: var(--md-box-samantha-normal-text-color);\">2480 kg<\/span><\/td>\n<\/tr>\n<tr>\n<td style=\"background-color: #f56b00; color: #ffffff; font-family: Arial, sans-serif; font-size: 14px; font-weight: bold; overflow: hidden; padding: 10px 5px; text-align: left; vertical-align: middle; word-break: normal; border: 1px solid black;\">Dimens\u00f5es<\/td>\n<td style=\"background-color: #ffffff; color: #222; font-family: Arial, sans-serif; font-size: 14px; overflow: hidden; padding: 10px 5px; text-align: left; vertical-align: middle; word-break: normal; border: 1px solid black;\"><span style=\"font-weight: 400; color: var(--md-box-samantha-normal-text-color);\">230\u00d71096\u00d72110 mil\u00edmetros<\/span><\/td>\n<td style=\"background-color: #ffffff; color: #222; font-family: Arial, sans-serif; font-size: 14px; overflow: hidden; padding: 10px 5px; text-align: left; vertical-align: middle; word-break: normal; border: 1px solid black;\"><span style=\"font-weight: 400; color: var(--md-box-samantha-normal-text-color);\">2230\u00d71096\u00d72110 mil\u00edmetros<\/span><\/td>\n<\/tr>\n<\/tbody>\n<\/table>\n<h2><img fetchpriority=\"high\" decoding=\"async\" class=\"wp-image-69 alignleft\" src=\"https:\/\/www.soaogroup.com\/wp-content\/uploads\/2025\/01\/IMG_E5770_\u55e8\u683c\u5f0f\u538b\u7f29\u526f\u672c_\u7ed3\u679c-300x300.webp\" alt=\"\" width=\"434\" height=\"434\" srcset=\"https:\/\/www.soaogroup.com\/wp-content\/uploads\/2025\/01\/IMG_E5770_\u55e8\u683c\u5f0f\u538b\u7f29\u526f\u672c_\u7ed3\u679c-300x300.webp 300w, https:\/\/www.soaogroup.com\/wp-content\/uploads\/2025\/01\/IMG_E5770_\u55e8\u683c\u5f0f\u538b\u7f29\u526f\u672c_\u7ed3\u679c-100x100.webp 100w, https:\/\/www.soaogroup.com\/wp-content\/uploads\/2025\/01\/IMG_E5770_\u55e8\u683c\u5f0f\u538b\u7f29\u526f\u672c_\u7ed3\u679c-600x600.webp 600w, https:\/\/www.soaogroup.com\/wp-content\/uploads\/2025\/01\/IMG_E5770_\u55e8\u683c\u5f0f\u538b\u7f29\u526f\u672c_\u7ed3\u679c-150x150.webp 150w, https:\/\/www.soaogroup.com\/wp-content\/uploads\/2025\/01\/IMG_E5770_\u55e8\u683c\u5f0f\u538b\u7f29\u526f\u672c_\u7ed3\u679c-768x768.webp 768w, https:\/\/www.soaogroup.com\/wp-content\/uploads\/2025\/01\/IMG_E5770_\u55e8\u683c\u5f0f\u538b\u7f29\u526f\u672c_\u7ed3\u679c.webp 800w\" sizes=\"(max-width: 434px) 100vw, 434px\" \/><\/h2>\n<h2>Caracter\u00edsticas do produto:<\/h2>\n<h3>Projeto estrutural<\/h3>\n<h4>Design de tr\u00eas pontos:<\/h4>\n<p>\u00c9 adequado para trabalhar em passagens estreitas e \u00e1reas com espa\u00e7o limitado, com um pequeno raio de giro e capacidade de se mover com flexibilidade em espa\u00e7os pequenos, como passagens de prateleira a prateleira em pequenos armaz\u00e9ns.<\/p>\n<h4>Corpo e estrutura da porta de alta resist\u00eancia:<\/h4>\n<p>Resistente e dur\u00e1vel, ele pode suportar alta intensidade de trabalho e opera\u00e7\u00e3o frequente, com longa vida \u00fatil, reduzindo a frequ\u00eancia de atualiza\u00e7\u00f5es do equipamento e reduzindo os custos operacionais da empresa.<\/p>\n<h4>P\u00f3rtico com amplo campo de vis\u00e3o:<\/h4>\n<p>A estrutura da moldura da porta foi otimizada para permitir que o operador tenha um campo de vis\u00e3o mais amplo durante a opera\u00e7\u00e3o, permitindo-lhe observar melhor as mercadorias e o ambiente ao redor, melhorando assim a efici\u00eancia e a seguran\u00e7a da opera\u00e7\u00e3o.<\/p>\n<h3><\/h3>\n<h3>desempenho operacional<\/h3>\n<h4><img decoding=\"async\" class=\"wp-image-66 alignright\" src=\"https:\/\/www.soaogroup.com\/wp-content\/uploads\/2025\/01\/IMG_E5764_\u55e8\u683c\u5f0f\u538b\u7f29\u526f\u672c_\u7ed3\u679c-300x300.webp\" alt=\"\" width=\"487\" height=\"487\" srcset=\"https:\/\/www.soaogroup.com\/wp-content\/uploads\/2025\/01\/IMG_E5764_\u55e8\u683c\u5f0f\u538b\u7f29\u526f\u672c_\u7ed3\u679c-300x300.webp 300w, https:\/\/www.soaogroup.com\/wp-content\/uploads\/2025\/01\/IMG_E5764_\u55e8\u683c\u5f0f\u538b\u7f29\u526f\u672c_\u7ed3\u679c-100x100.webp 100w, https:\/\/www.soaogroup.com\/wp-content\/uploads\/2025\/01\/IMG_E5764_\u55e8\u683c\u5f0f\u538b\u7f29\u526f\u672c_\u7ed3\u679c-600x600.webp 600w, https:\/\/www.soaogroup.com\/wp-content\/uploads\/2025\/01\/IMG_E5764_\u55e8\u683c\u5f0f\u538b\u7f29\u526f\u672c_\u7ed3\u679c-150x150.webp 150w, https:\/\/www.soaogroup.com\/wp-content\/uploads\/2025\/01\/IMG_E5764_\u55e8\u683c\u5f0f\u538b\u7f29\u526f\u672c_\u7ed3\u679c-768x768.webp 768w, https:\/\/www.soaogroup.com\/wp-content\/uploads\/2025\/01\/IMG_E5764_\u55e8\u683c\u5f0f\u538b\u7f29\u526f\u672c_\u7ed3\u679c.webp 800w\" sizes=\"(max-width: 487px) 100vw, 487px\" \/>Espa\u00e7o operacional confort\u00e1vel:<\/h4>\n<p>Equipado com volante e assento ajust\u00e1veis, o operador pode escolher uma posi\u00e7\u00e3o de dire\u00e7\u00e3o confort\u00e1vel de acordo com suas pr\u00f3prias necessidades, reduzindo a fadiga do trabalho de longo prazo.<\/p>\n<h4>Layout racional do sistema operacional:<\/h4>\n<p>Cada sistema operacional \u00e9 projetado de acordo com princ\u00edpios ergon\u00f4micos, resultando em um layout razo\u00e1vel, opera\u00e7\u00e3o conveniente, menor intensidade de trabalho para o operador e maior conforto e efici\u00eancia no trabalho.<\/p>\n<h4>M\u00e9todo de controle simples:<\/h4>\n<p>Adote o joystick para controlar o levantamento e abaixamento do garfo, a estrutura da porta se inclina para frente e para tr\u00e1s, f\u00e1cil de operar. O design da engrenagem para frente e para tr\u00e1s \u00e9 simples, sem embreagem e mudan\u00e7a de velocidade cont\u00ednua, f\u00e1cil de usar, imitando a alavanca de dire\u00e7\u00e3o da l\u00e2mpada do carro, dando ao operador uma experi\u00eancia de dire\u00e7\u00e3o de carro semelhante.<\/p>\n<h3>Sistema de controle eletr\u00f4nico e de pot\u00eancia<\/h3>\n<h4>Sistema de controle eletr\u00f4nico avan\u00e7ado:<\/h4>\n<p>Geralmente usando produtos maduros e confi\u00e1veis, como o sistema de controle eletr\u00f4nico CURTIS nos Estados Unidos, o sistema de controle eletr\u00f4nico tem desempenho est\u00e1vel e controle preciso de v\u00e1rios movimentos da empilhadeira, garantindo a opera\u00e7\u00e3o eficiente da empilhadeira sob diferentes condi\u00e7\u00f5es de trabalho.<\/p>\n<h4>Melhor desempenho de energia:<\/h4>\n<p>A pot\u00eancia do motor de acionamento e do motor de eleva\u00e7\u00e3o podem atender aos requisitos operacionais de carga de 1,5 T, a velocidade de condu\u00e7\u00e3o e a velocidade de eleva\u00e7\u00e3o s\u00e3o moderadas, a diferen\u00e7a de velocidade entre carga total e sem carga \u00e9 bem projetada, e a capacidade de escalada tamb\u00e9m pode se adaptar a uma determinada inclina\u00e7\u00e3o do local de trabalho.<\/p>\n<h3><img decoding=\"async\" class=\"wp-image-70 alignleft\" src=\"https:\/\/www.soaogroup.com\/wp-content\/uploads\/2025\/01\/IMG_E5771_\u55e8\u683c\u5f0f\u538b\u7f29\u526f\u672c_\u7ed3\u679c-300x300.webp\" alt=\"\" width=\"500\" height=\"500\" srcset=\"https:\/\/www.soaogroup.com\/wp-content\/uploads\/2025\/01\/IMG_E5771_\u55e8\u683c\u5f0f\u538b\u7f29\u526f\u672c_\u7ed3\u679c-300x300.webp 300w, https:\/\/www.soaogroup.com\/wp-content\/uploads\/2025\/01\/IMG_E5771_\u55e8\u683c\u5f0f\u538b\u7f29\u526f\u672c_\u7ed3\u679c-100x100.webp 100w, https:\/\/www.soaogroup.com\/wp-content\/uploads\/2025\/01\/IMG_E5771_\u55e8\u683c\u5f0f\u538b\u7f29\u526f\u672c_\u7ed3\u679c-600x600.webp 600w, https:\/\/www.soaogroup.com\/wp-content\/uploads\/2025\/01\/IMG_E5771_\u55e8\u683c\u5f0f\u538b\u7f29\u526f\u672c_\u7ed3\u679c-150x150.webp 150w, https:\/\/www.soaogroup.com\/wp-content\/uploads\/2025\/01\/IMG_E5771_\u55e8\u683c\u5f0f\u538b\u7f29\u526f\u672c_\u7ed3\u679c-768x768.webp 768w, https:\/\/www.soaogroup.com\/wp-content\/uploads\/2025\/01\/IMG_E5771_\u55e8\u683c\u5f0f\u538b\u7f29\u526f\u672c_\u7ed3\u679c.webp 800w\" sizes=\"(max-width: 500px) 100vw, 500px\" \/><\/h3>\n<h3>desempenho de seguran\u00e7a<\/h3>\n<h4>Interruptor de desligamento de emerg\u00eancia:<\/h4>\n<p>Equipado com um interruptor vermelho de desligamento, em caso de emerg\u00eancia, o operador pressiona o interruptor para parar o carro imediatamente, garantindo a seguran\u00e7a do pessoal e do equipamento.<\/p>\n<h4>Bons m\u00e9todos de frenagem:<\/h4>\n<p>O uso de frenagem hidr\u00e1ulica tem um bom efeito de frenagem, garantindo que a empilhadeira possa desacelerar e parar de forma r\u00e1pida e suave durante a condu\u00e7\u00e3o.<\/p>\n<h3>Baterias e carregamento<\/h3>\n<h4>Sistema de carregamento eficiente:<\/h4>\n<p>Ele pode atingir carregamento r\u00e1pido de 1 hora, pronto para uso, sem comprometer a vida \u00fatil da bateria, e \u00e9 equipado com o principal gerenciador de energia do mundo para monitorar a bateria em tempo real.<\/p>\n<p>&nbsp;<\/p>\n<h3><img loading=\"lazy\" decoding=\"async\" class=\"alignnone size-full wp-image-71\" src=\"https:\/\/www.soaogroup.com\/wp-content\/uploads\/2025\/01\/038687f934ee083fe6ac5c5f6312cec_\u526f\u672c_\u55e8\u683c\u5f0f\u538b\u7f29\u526f\u672c_\u7ed3\u679c.webp\" alt=\"\" width=\"1212\" height=\"778\" srcset=\"https:\/\/www.soaogroup.com\/wp-content\/uploads\/2025\/01\/038687f934ee083fe6ac5c5f6312cec_\u526f\u672c_\u55e8\u683c\u5f0f\u538b\u7f29\u526f\u672c_\u7ed3\u679c.webp 1212w, https:\/\/www.soaogroup.com\/wp-content\/uploads\/2025\/01\/038687f934ee083fe6ac5c5f6312cec_\u526f\u672c_\u55e8\u683c\u5f0f\u538b\u7f29\u526f\u672c_\u7ed3\u679c-600x385.webp 600w, https:\/\/www.soaogroup.com\/wp-content\/uploads\/2025\/01\/038687f934ee083fe6ac5c5f6312cec_\u526f\u672c_\u55e8\u683c\u5f0f\u538b\u7f29\u526f\u672c_\u7ed3\u679c-300x193.webp 300w, https:\/\/www.soaogroup.com\/wp-content\/uploads\/2025\/01\/038687f934ee083fe6ac5c5f6312cec_\u526f\u672c_\u55e8\u683c\u5f0f\u538b\u7f29\u526f\u672c_\u7ed3\u679c-1024x657.webp 1024w, https:\/\/www.soaogroup.com\/wp-content\/uploads\/2025\/01\/038687f934ee083fe6ac5c5f6312cec_\u526f\u672c_\u55e8\u683c\u5f0f\u538b\u7f29\u526f\u672c_\u7ed3\u679c-768x493.webp 768w\" sizes=\"(max-width: 1212px) 100vw, 1212px\" \/><\/h3>","protected":false},"excerpt":{"rendered":"<h4 class=\"elementor-heading-title elementor-size-default\" style=\"text-align: center; padding-bottom: 30px;\">Empilhadeira el\u00e9trica CPD15-S 1.5T<\/h4>\n<div>A Empilhadeira El\u00e9trica CPD15-S 1.5T \u00e9 uma excelente auxiliar em armazenagem e log\u00edstica. Ela apresenta um design de suporte de tr\u00eas pontos, tornando-a altamente manobr\u00e1vel e adequada para trabalhar em espa\u00e7os estreitos. Com capacidade de carga de 1,5 toneladas, ela \u00e9 equipada com um sistema de controle eletr\u00f4nico est\u00e1vel e motores potentes, garantindo uma opera\u00e7\u00e3o eficiente. Ela tamb\u00e9m vem com uma \u00e1rea de opera\u00e7\u00e3o confort\u00e1vel e v\u00e1rias configura\u00e7\u00f5es de seguran\u00e7a. Gra\u00e7as aos seus recursos el\u00e9tricos de economia de energia, ela \u00e9 amplamente favorecida no mercado.<\/div>\n<div><\/div>\n<div>\n<hr class=\"dongte456custom-line\" \/>\n<\/div>\n<div style=\"padding-bottom: 5px;\">Categoria: Empilhadeira el\u00e9trica CPD15-S 1.5T<\/div>\n<div>Palavra-chave: Empilhadeira el\u00e9trica CPD15-S 1.5T<\/div>\n<div>\n<hr \/>\n<\/div>\n<p><img loading=\"lazy\" decoding=\"async\" class=\"alignnone wp-image-257\" src=\"https:\/\/www.soaogroup.com\/wp-content\/uploads\/2025\/02\/\u672a\u6807\u9898-2.jpg\" alt=\"\" width=\"48\" height=\"50\" \/>\u00a0 Whatsapp :<a href=\"https:\/\/api.whatsapp.com\/send?phone=8613395319660\" target=\"_blank\" rel=\"noopener\">\u00a0+8613395319660 <\/a><\/p>\n<div>\n<hr \/>\n<\/div>\n<p><img loading=\"lazy\" decoding=\"async\" class=\"alignnone wp-image-258\" src=\"https:\/\/www.soaogroup.com\/wp-content\/uploads\/2025\/02\/emaillogoblue.jpg\" alt=\"\" width=\"48\" height=\"55\" \/>\u00a0\u00a0E-mail : <a href=\"mailto:sales@sdsoao.com\" target=\"_blank\" rel=\"noopener\">\u00a0sales@sdsoao.com<\/a><\/p>\n<div>\n<hr \/>\n<\/div>\n<h3><\/h3>\n<div><\/div>","protected":false},"featured_media":65,"comment_status":"open","ping_status":"closed","template":"","meta":[],"product_brand":[],"product_cat":[17,16],"product_tag":[],"class_list":{"0":"post-64","1":"product","2":"type-product","3":"status-publish","4":"has-post-thumbnail","6":"product_cat-electric-forklift","7":"product_cat-forklift","9":"first","10":"instock","11":"shipping-taxable","12":"product-type-simple"},"_links":{"self":[{"href":"https:\/\/www.soaogroup.com\/pt\/wp-json\/wp\/v2\/product\/64","targetHints":{"allow":["GET"]}}],"collection":[{"href":"https:\/\/www.soaogroup.com\/pt\/wp-json\/wp\/v2\/product"}],"about":[{"href":"https:\/\/www.soaogroup.com\/pt\/wp-json\/wp\/v2\/types\/product"}],"replies":[{"embeddable":true,"href":"https:\/\/www.soaogroup.com\/pt\/wp-json\/wp\/v2\/comments?post=64"}],"wp:featuredmedia":[{"embeddable":true,"href":"https:\/\/www.soaogroup.com\/pt\/wp-json\/wp\/v2\/media\/65"}],"wp:attachment":[{"href":"https:\/\/www.soaogroup.com\/pt\/wp-json\/wp\/v2\/media?parent=64"}],"wp:term":[{"taxonomy":"product_brand","embeddable":true,"href":"https:\/\/www.soaogroup.com\/pt\/wp-json\/wp\/v2\/product_brand?post=64"},{"taxonomy":"product_cat","embeddable":true,"href":"https:\/\/www.soaogroup.com\/pt\/wp-json\/wp\/v2\/product_cat?post=64"},{"taxonomy":"product_tag","embeddable":true,"href":"https:\/\/www.soaogroup.com\/pt\/wp-json\/wp\/v2\/product_tag?post=64"}],"curies":[{"name":"wp","href":"https:\/\/api.w.org\/{rel}","templated":true}]}}