{"id":538,"date":"2025-01-16T09:03:11","date_gmt":"2025-01-16T01:03:11","guid":{"rendered":"https:\/\/www.soaogroup.com\/?post_type=product&#038;p=538"},"modified":"2025-07-23T17:59:38","modified_gmt":"2025-07-23T09:59:38","slug":"se17-mini-excavator","status":"publish","type":"product","link":"https:\/\/www.soaogroup.com\/pt\/produto\/se17-mini-excavator\/","title":{"rendered":"Mini Escavadeira SE17"},"content":{"rendered":"<h2>Detalhes do produto:<\/h2>\n<table class=\"tg\" style=\"border-collapse: collapse; border-spacing: 0;\">\n<thead>\n<tr>\n<th style=\"background-color: #fff; color: #111; font-family: Arial, sans-serif; font-size: 14px; font-weight: normal; overflow: hidden; padding: 10px 5px; text-align: left; vertical-align: top; word-break: normal; border: 1px solid #330001;\">Peso operacional<\/th>\n<th style=\"background-color: #fff; color: #111; font-family: Arial, sans-serif; font-size: 14px; font-weight: normal; overflow: hidden; padding: 10px 5px; text-align: left; vertical-align: top; word-break: normal; border: 1px solid #330001;\">1.700 kg<\/th>\n<\/tr>\n<\/thead>\n<tbody>\n<tr>\n<td style=\"background-color: #ffcb2f; color: #111; font-family: Arial, sans-serif; font-size: 14px; overflow: hidden; padding: 10px 5px; text-align: left; vertical-align: top; word-break: normal; border: 1px solid #330001;\">Capacidade do balde de escava\u00e7\u00e3o<\/td>\n<td style=\"background-color: #ffcb2f; color: #111; font-family: Arial, sans-serif; font-size: 14px; overflow: hidden; padding: 10px 5px; text-align: left; vertical-align: top; word-break: normal; border: 1px solid #330001;\">0,035 m\u00b3<\/td>\n<\/tr>\n<tr>\n<td style=\"background-color: #fff; color: #111; font-family: Arial, sans-serif; font-size: 14px; overflow: hidden; padding: 10px 5px; text-align: left; vertical-align: top; word-break: normal; border: 1px solid #330001;\">Largura do balde<\/td>\n<td style=\"background-color: #fff; color: #111; font-family: Arial, sans-serif; font-size: 14px; overflow: hidden; padding: 10px 5px; text-align: left; vertical-align: top; word-break: normal; border: 1px solid #330001;\">400 mil\u00edmetros<\/td>\n<\/tr>\n<tr>\n<td style=\"background-color: #ffcb2f; color: #111; font-family: Arial, sans-serif; font-size: 14px; overflow: hidden; padding: 10px 5px; text-align: left; vertical-align: top; word-break: normal; border: 1px solid #330001;\">Velocidade de viagem<\/td>\n<td style=\"background-color: #ffcb2f; color: #111; font-family: Arial, sans-serif; font-size: 14px; overflow: hidden; padding: 10px 5px; text-align: left; vertical-align: top; word-break: normal; border: 1px solid #330001;\">0 \u2013 3,5 km\/h<\/td>\n<\/tr>\n<tr>\n<td style=\"background-color: #fff; color: #111; font-family: Arial, sans-serif; font-size: 14px; overflow: hidden; padding: 10px 5px; text-align: left; vertical-align: top; word-break: normal; border: 1px solid #330001;\">Capacidade de classifica\u00e7\u00e3o<\/td>\n<td style=\"background-color: #fff; color: #111; font-family: Arial, sans-serif; font-size: 14px; overflow: hidden; padding: 10px 5px; text-align: left; vertical-align: top; word-break: normal; border: 1px solid #330001;\">35\u00b0<\/td>\n<\/tr>\n<tr>\n<td style=\"background-color: #ffcb2f; color: #111; font-family: Arial, sans-serif; font-size: 14px; overflow: hidden; padding: 10px 5px; text-align: left; vertical-align: top; word-break: normal; border: 1px solid #330001;\">Teto<\/td>\n<td style=\"background-color: #ffcb2f; color: #111; font-family: Arial, sans-serif; font-size: 14px; overflow: hidden; padding: 10px 5px; text-align: left; vertical-align: top; word-break: normal; border: 1px solid #330001;\">Sim<\/td>\n<\/tr>\n<tr>\n<td style=\"background-color: #fff; color: #111; font-family: Arial, sans-serif; font-size: 14px; overflow: hidden; padding: 10px 5px; text-align: left; vertical-align: top; word-break: normal; border: 1px solid #330001;\">Kit de ferramentas<\/td>\n<td style=\"background-color: #fff; color: #111; font-family: Arial, sans-serif; font-size: 14px; overflow: hidden; padding: 10px 5px; text-align: left; vertical-align: top; word-break: normal; border: 1px solid #330001;\">Sim<\/td>\n<\/tr>\n<tr>\n<td style=\"background-color: #ffcb2f; color: #111; font-family: Arial, sans-serif; font-size: 14px; overflow: hidden; padding: 10px 5px; text-align: left; vertical-align: top; word-break: normal; border: 1px solid #330001;\">Garantia<\/td>\n<td style=\"background-color: #ffcb2f; color: #111; font-family: Arial, sans-serif; font-size: 14px; overflow: hidden; padding: 10px 5px; text-align: left; vertical-align: top; word-break: normal; border: 1px solid #330001;\">2 anos<\/td>\n<\/tr>\n<tr>\n<td style=\"background-color: #fff; color: #111; font-family: Arial, sans-serif; font-size: 14px; overflow: hidden; padding: 10px 5px; text-align: left; vertical-align: top; word-break: normal; border: 1px solid #330001;\">Motor<\/td>\n<td style=\"background-color: #fff; color: #111; font-family: Arial, sans-serif; font-size: 14px; overflow: hidden; padding: 10px 5px; text-align: left; vertical-align: top; word-break: normal; border: 1px solid #330001;\"><\/td>\n<\/tr>\n<tr>\n<td style=\"background-color: #ffcb2f; color: #111; font-family: Arial, sans-serif; font-size: 14px; overflow: hidden; padding: 10px 5px; text-align: left; vertical-align: top; word-break: normal; border: 1px solid #330001;\">Marca<\/td>\n<td style=\"background-color: #ffcb2f; color: #111; font-family: Arial, sans-serif; font-size: 14px; overflow: hidden; padding: 10px 5px; text-align: left; vertical-align: top; word-break: normal; border: 1px solid #330001;\">LAIDONG LD385 \/ CHANGCHAI ZN390Q<\/td>\n<\/tr>\n<tr>\n<td style=\"background-color: #fff; color: #111; font-family: Arial, sans-serif; font-size: 14px; overflow: hidden; padding: 10px 5px; text-align: left; vertical-align: top; word-break: normal; border: 1px solid #330001;\">Pot\u00eancia nominal<\/td>\n<td style=\"background-color: #fff; color: #111; font-family: Arial, sans-serif; font-size: 14px; overflow: hidden; padding: 10px 5px; text-align: left; vertical-align: top; word-break: normal; border: 1px solid #330001;\">29 kW (39 CV) \/ 20 kW (27,2 CV)<\/td>\n<\/tr>\n<tr>\n<td style=\"background-color: #ffcb2f; color: #111; font-family: Arial, sans-serif; font-size: 14px; overflow: hidden; padding: 10px 5px; text-align: left; vertical-align: top; word-break: normal; border: 1px solid #330001;\">Tipo<\/td>\n<td style=\"background-color: #ffcb2f; color: #111; font-family: Arial, sans-serif; font-size: 14px; overflow: hidden; padding: 10px 5px; text-align: left; vertical-align: top; word-break: normal; border: 1px solid #330001;\">Diesel, 3 cilindros, 4 tempos, refrigerado a \u00e1gua<\/td>\n<\/tr>\n<tr>\n<td style=\"background-color: #fff; color: #111; font-family: Arial, sans-serif; font-size: 14px; overflow: hidden; padding: 10px 5px; text-align: left; vertical-align: top; word-break: normal; border: 1px solid #330001;\">Sistema de partida<\/td>\n<td style=\"background-color: #fff; color: #111; font-family: Arial, sans-serif; font-size: 14px; overflow: hidden; padding: 10px 5px; text-align: left; vertical-align: top; word-break: normal; border: 1px solid #330001;\">El\u00e9trico<\/td>\n<\/tr>\n<tr>\n<td style=\"background-color: #ffcb2f; color: #111; font-family: Arial, sans-serif; font-size: 14px; overflow: hidden; padding: 10px 5px; text-align: left; vertical-align: top; word-break: normal; border: 1px solid #330001;\">Dimens\u00f5es principais<\/td>\n<td style=\"background-color: #ffcb2f; color: #111; font-family: Arial, sans-serif; font-size: 14px; overflow: hidden; padding: 10px 5px; text-align: left; vertical-align: top; word-break: normal; border: 1px solid #330001;\"><\/td>\n<\/tr>\n<tr>\n<td style=\"background-color: #fff; color: #111; font-family: Arial, sans-serif; font-size: 14px; overflow: hidden; padding: 10px 5px; text-align: left; vertical-align: top; word-break: normal; border: 1px solid #330001;\">Dimens\u00e3o total (C * L * A)<\/td>\n<td style=\"background-color: #fff; color: #111; font-family: Arial, sans-serif; font-size: 14px; overflow: hidden; padding: 10px 5px; text-align: left; vertical-align: top; word-break: normal; border: 1px solid #330001;\">2.550 * 1.100 * 2.200 mil\u00edmetros<\/td>\n<\/tr>\n<tr>\n<td style=\"background-color: #ffcb2f; color: #111; font-family: Arial, sans-serif; font-size: 14px; overflow: hidden; padding: 10px 5px; text-align: left; vertical-align: top; word-break: normal; border: 1px solid #330001;\">Comprimento da trilha<\/td>\n<td style=\"background-color: #ffcb2f; color: #111; font-family: Arial, sans-serif; font-size: 14px; overflow: hidden; padding: 10px 5px; text-align: left; vertical-align: top; word-break: normal; border: 1px solid #330001;\">1.370 mil\u00edmetros<\/td>\n<\/tr>\n<tr>\n<td style=\"background-color: #fff; color: #111; font-family: Arial, sans-serif; font-size: 14px; overflow: hidden; padding: 10px 5px; text-align: left; vertical-align: top; word-break: normal; border: 1px solid #330001;\">Dist\u00e2ncia m\u00ednima ao solo<\/td>\n<td style=\"background-color: #fff; color: #111; font-family: Arial, sans-serif; font-size: 14px; overflow: hidden; padding: 10px 5px; text-align: left; vertical-align: top; word-break: normal; border: 1px solid #330001;\">385 mil\u00edmetros<\/td>\n<\/tr>\n<tr>\n<td style=\"background-color: #ffcb2f; color: #111; font-family: Arial, sans-serif; font-size: 14px; overflow: hidden; padding: 10px 5px; text-align: left; vertical-align: top; word-break: normal; border: 1px solid #330001;\">Raio de giro m\u00ednimo<\/td>\n<td style=\"background-color: #ffcb2f; color: #111; font-family: Arial, sans-serif; font-size: 14px; overflow: hidden; padding: 10px 5px; text-align: left; vertical-align: top; word-break: normal; border: 1px solid #330001;\">1.190 mil\u00edmetros<\/td>\n<\/tr>\n<tr>\n<td style=\"background-color: #fff; color: #111; font-family: Arial, sans-serif; font-size: 14px; overflow: hidden; padding: 10px 5px; text-align: left; vertical-align: top; word-break: normal; border: 1px solid #330001;\">Largura do chassi<\/td>\n<td style=\"background-color: #fff; color: #111; font-family: Arial, sans-serif; font-size: 14px; overflow: hidden; padding: 10px 5px; text-align: left; vertical-align: top; word-break: normal; border: 1px solid #330001;\">1.100 mil\u00edmetros<\/td>\n<\/tr>\n<tr>\n<td style=\"background-color: #ffcb2f; color: #111; font-family: Arial, sans-serif; font-size: 14px; overflow: hidden; padding: 10px 5px; text-align: left; vertical-align: top; word-break: normal; border: 1px solid #330001;\">Desempenho operacional<\/td>\n<td style=\"background-color: #ffcb2f; color: #111; font-family: Arial, sans-serif; font-size: 14px; overflow: hidden; padding: 10px 5px; text-align: left; vertical-align: top; word-break: normal; border: 1px solid #330001;\"><\/td>\n<\/tr>\n<tr>\n<td style=\"background-color: #fff; color: #111; font-family: Arial, sans-serif; font-size: 14px; overflow: hidden; padding: 10px 5px; text-align: left; vertical-align: top; word-break: normal; border: 1px solid #330001;\">Profundidade M\u00e1xima de Escava\u00e7\u00e3o<\/td>\n<td style=\"background-color: #fff; color: #111; font-family: Arial, sans-serif; font-size: 14px; overflow: hidden; padding: 10px 5px; text-align: left; vertical-align: top; word-break: normal; border: 1px solid #330001;\">1.900 mil\u00edmetros<\/td>\n<\/tr>\n<tr>\n<td style=\"background-color: #ffcb2f; color: #111; font-family: Arial, sans-serif; font-size: 14px; overflow: hidden; padding: 10px 5px; text-align: left; vertical-align: top; word-break: normal; border: 1px solid #330001;\">Profundidade M\u00e1x. de Escava\u00e7\u00e3o Vertical<\/td>\n<td style=\"background-color: #ffcb2f; color: #111; font-family: Arial, sans-serif; font-size: 14px; overflow: hidden; padding: 10px 5px; text-align: left; vertical-align: top; word-break: normal; border: 1px solid #330001;\">1.750 mil\u00edmetros<\/td>\n<\/tr>\n<tr>\n<td style=\"background-color: #fff; color: #111; font-family: Arial, sans-serif; font-size: 14px; overflow: hidden; padding: 10px 5px; text-align: left; vertical-align: top; word-break: normal; border: 1px solid #330001;\">Altura M\u00e1x. de Escava\u00e7\u00e3o<\/td>\n<td style=\"background-color: #fff; color: #111; font-family: Arial, sans-serif; font-size: 14px; overflow: hidden; padding: 10px 5px; text-align: left; vertical-align: top; word-break: normal; border: 1px solid #330001;\">2.820 mil\u00edmetros<\/td>\n<\/tr>\n<tr>\n<td style=\"background-color: #ffcb2f; color: #111; font-family: Arial, sans-serif; font-size: 14px; overflow: hidden; padding: 10px 5px; text-align: left; vertical-align: top; word-break: normal; border: 1px solid #330001;\">Altura M\u00e1x. de Despejo<\/td>\n<td style=\"background-color: #ffcb2f; color: #111; font-family: Arial, sans-serif; font-size: 14px; overflow: hidden; padding: 10px 5px; text-align: left; vertical-align: top; word-break: normal; border: 1px solid #330001;\">2.000 mil\u00edmetros<\/td>\n<\/tr>\n<tr>\n<td style=\"background-color: #fff; color: #111; font-family: Arial, sans-serif; font-size: 14px; overflow: hidden; padding: 10px 5px; text-align: left; vertical-align: top; word-break: normal; border: 1px solid #330001;\">Raio m\u00e1ximo de escava\u00e7\u00e3o no solo<\/td>\n<td style=\"background-color: #fff; color: #111; font-family: Arial, sans-serif; font-size: 14px; overflow: hidden; padding: 10px 5px; text-align: left; vertical-align: top; word-break: normal; border: 1px solid #330001;\">2.500 mil\u00edmetros<\/td>\n<\/tr>\n<tr>\n<td style=\"background-color: #ffcb2f; color: #111; font-family: Arial, sans-serif; font-size: 14px; overflow: hidden; padding: 10px 5px; text-align: left; vertical-align: top; word-break: normal; border: 1px solid #330001;\">Altura m\u00e1xima de eleva\u00e7\u00e3o da l\u00e2mina do trator de esteiras<\/td>\n<td style=\"background-color: #ffcb2f; color: #111; font-family: Arial, sans-serif; font-size: 14px; overflow: hidden; padding: 10px 5px; text-align: left; vertical-align: top; word-break: normal; border: 1px solid #330001;\">325 mil\u00edmetros<\/td>\n<\/tr>\n<tr>\n<td style=\"background-color: #f3f3f3; color: #111; font-family: Arial, sans-serif; font-size: 14px; overflow: hidden; padding: 10px 5px; text-align: left; vertical-align: top; word-break: normal; border: 1px solid #330001;\">Profundidade m\u00e1xima de escava\u00e7\u00e3o da l\u00e2mina do trator de esteiras<\/td>\n<td style=\"background-color: #f3f3f3; color: #111; font-family: Arial, sans-serif; font-size: 14px; overflow: hidden; padding: 10px 5px; text-align: left; vertical-align: top; word-break: normal; border: 1px solid #330001;\">210 mil\u00edmetros<\/td>\n<\/tr>\n<\/tbody>\n<\/table>\n<h2><img fetchpriority=\"high\" decoding=\"async\" class=\"alignnone size-full wp-image-541\" src=\"https:\/\/www.soaogroup.com\/wp-content\/uploads\/2025\/01\/SE17-1_\u55e8\u683c\u5f0f\u538b\u7f29\u526f\u672c_\u7ed3\u679c.webp\" alt=\"\" width=\"2253\" height=\"750\" srcset=\"https:\/\/www.soaogroup.com\/wp-content\/uploads\/2025\/01\/SE17-1_\u55e8\u683c\u5f0f\u538b\u7f29\u526f\u672c_\u7ed3\u679c.webp 2253w, https:\/\/www.soaogroup.com\/wp-content\/uploads\/2025\/01\/SE17-1_\u55e8\u683c\u5f0f\u538b\u7f29\u526f\u672c_\u7ed3\u679c-600x200.webp 600w, https:\/\/www.soaogroup.com\/wp-content\/uploads\/2025\/01\/SE17-1_\u55e8\u683c\u5f0f\u538b\u7f29\u526f\u672c_\u7ed3\u679c-300x100.webp 300w, https:\/\/www.soaogroup.com\/wp-content\/uploads\/2025\/01\/SE17-1_\u55e8\u683c\u5f0f\u538b\u7f29\u526f\u672c_\u7ed3\u679c-1024x341.webp 1024w, https:\/\/www.soaogroup.com\/wp-content\/uploads\/2025\/01\/SE17-1_\u55e8\u683c\u5f0f\u538b\u7f29\u526f\u672c_\u7ed3\u679c-768x256.webp 768w, https:\/\/www.soaogroup.com\/wp-content\/uploads\/2025\/01\/SE17-1_\u55e8\u683c\u5f0f\u538b\u7f29\u526f\u672c_\u7ed3\u679c-1536x511.webp 1536w, https:\/\/www.soaogroup.com\/wp-content\/uploads\/2025\/01\/SE17-1_\u55e8\u683c\u5f0f\u538b\u7f29\u526f\u672c_\u7ed3\u679c-2048x682.webp 2048w\" sizes=\"(max-width: 2253px) 100vw, 2253px\" \/><\/h2>\n<h2>Caracter\u00edsticas do produto:<\/h2>\n<h3>1. Compacto e manobr\u00e1vel<\/h3>\n<p>Com dimens\u00f5es gerais de 2.550\u00d71.100\u00d72.200 mm, ele foi projetado para trabalhar em espa\u00e7os apertados. Isso o torna adequado para projetos de constru\u00e7\u00e3o urbana, como trabalhar em becos estreitos ou locais de renova\u00e7\u00e3o de pequena escala onde escavadeiras maiores podem n\u00e3o conseguir acessar. Um raio de giro m\u00ednimo de 1.190 mm permite que ele gire facilmente, permitindo uma opera\u00e7\u00e3o precisa em \u00e1reas confinadas. O peso operacional relativamente leve de 1.700 kg tamb\u00e9m contribui para sua manobrabilidade, tornando-o mais f\u00e1cil de transportar e posicionar no local.<\/p>\n<h3>2. Pot\u00eancia adequada<\/h3>\n<p>Equipado com motores LAIDONG LD385 ou CHANGCHAI ZN390Q, ele oferece uma pot\u00eancia nominal de 29 kw (39 hp) ou 20 kw (27,2 hp). Esses motores a diesel, 3 cilindros, 4 tempos, refrigerados a \u00e1gua fornecem pot\u00eancia suficiente para v\u00e1rias tarefas de escava\u00e7\u00e3o, seja rompendo solo duro ou levantando cargas pesadas. O tipo de motor refrigerado a \u00e1gua ajuda a manter temperaturas operacionais ideais, garantindo desempenho consistente mesmo durante opera\u00e7\u00f5es de longo prazo e de servi\u00e7o pesado.<\/p>\n<h3>3. Desempenho confi\u00e1vel<\/h3>\n<p>Possui uma capacidade de ca\u00e7amba de escava\u00e7\u00e3o de 0,035 m\u00b3, permitindo que manipule uma quantidade razo\u00e1vel de material em cada p\u00e1. A profundidade m\u00e1xima de escava\u00e7\u00e3o de 1.900 mm e a profundidade m\u00e1xima de escava\u00e7\u00e3o vertical de 1.750 mm o tornam adequado para tarefas como abertura de valas e escava\u00e7\u00e3o de funda\u00e7\u00f5es. A altura m\u00e1xima de escava\u00e7\u00e3o de 2.820 mm e a altura m\u00e1xima de despejo de 2.000 mm permitem manuseio e posicionamento eficazes do material. O comprimento da esteira de 1.370 mm aumenta a estabilidade durante a opera\u00e7\u00e3o, enquanto a dist\u00e2ncia m\u00ednima do solo de 385 mm permite que ele atravesse terrenos irregulares sem ficar preso facilmente.<\/p>\n<h3>\u00a04. Acess\u00f3rios padr\u00e3o e garantia<\/h3>\n<p>A presen\u00e7a de um teto fornece prote\u00e7\u00e3o para o operador contra os elementos, e a inclus\u00e3o de um kit de ferramentas significa que a manuten\u00e7\u00e3o b\u00e1sica e pequenos reparos podem ser realizados no local. Uma garantia de 2 anos d\u00e1 aos usu\u00e1rios confian\u00e7a na qualidade e durabilidade do produto, e tamb\u00e9m reflete o comprometimento do fabricante com o suporte p\u00f3s-venda.<\/p>\n<h2><img decoding=\"async\" class=\"alignnone size-full wp-image-540\" src=\"https:\/\/www.soaogroup.com\/wp-content\/uploads\/2025\/01\/SE17-3_\u55e8\u683c\u5f0f\u538b\u7f29\u526f\u672c_\u7ed3\u679c.webp\" alt=\"\" width=\"2253\" height=\"750\" srcset=\"https:\/\/www.soaogroup.com\/wp-content\/uploads\/2025\/01\/SE17-3_\u55e8\u683c\u5f0f\u538b\u7f29\u526f\u672c_\u7ed3\u679c.webp 2253w, https:\/\/www.soaogroup.com\/wp-content\/uploads\/2025\/01\/SE17-3_\u55e8\u683c\u5f0f\u538b\u7f29\u526f\u672c_\u7ed3\u679c-600x200.webp 600w, https:\/\/www.soaogroup.com\/wp-content\/uploads\/2025\/01\/SE17-3_\u55e8\u683c\u5f0f\u538b\u7f29\u526f\u672c_\u7ed3\u679c-300x100.webp 300w, https:\/\/www.soaogroup.com\/wp-content\/uploads\/2025\/01\/SE17-3_\u55e8\u683c\u5f0f\u538b\u7f29\u526f\u672c_\u7ed3\u679c-1024x341.webp 1024w, https:\/\/www.soaogroup.com\/wp-content\/uploads\/2025\/01\/SE17-3_\u55e8\u683c\u5f0f\u538b\u7f29\u526f\u672c_\u7ed3\u679c-768x256.webp 768w, https:\/\/www.soaogroup.com\/wp-content\/uploads\/2025\/01\/SE17-3_\u55e8\u683c\u5f0f\u538b\u7f29\u526f\u672c_\u7ed3\u679c-1536x511.webp 1536w, https:\/\/www.soaogroup.com\/wp-content\/uploads\/2025\/01\/SE17-3_\u55e8\u683c\u5f0f\u538b\u7f29\u526f\u672c_\u7ed3\u679c-2048x682.webp 2048w\" sizes=\"(max-width: 2253px) 100vw, 2253px\" \/><\/h2>\n<h2>Aplicativo:<\/h2>\n<p>Com seu excelente desempenho, a miniescavadeira SE17 desempenha um papel fundamental em muitos cen\u00e1rios. Na constru\u00e7\u00e3o urbana, sua fuselagem compacta pode se deslocar com flexibilidade por ruas estreitas e concluir com efici\u00eancia a escava\u00e7\u00e3o de valas colocadas por tubula\u00e7\u00f5es subterr\u00e2neas. Ao trabalhar em paisagismo, ela pode criar com precis\u00e3o piscinas de paisagem e moldar microterrenos. Na produ\u00e7\u00e3o agr\u00edcola, ela ajuda a recuperar pequenos lotes de terras agr\u00edcolas e cavar valas de irriga\u00e7\u00e3o. Em pequenos canteiros de obras, ela \u00e9 competente para escava\u00e7\u00e3o de funda\u00e7\u00f5es e manuseio de materiais. Com um peso moderado de 1.700 kg, dire\u00e7\u00e3o flex\u00edvel e boa pot\u00eancia de escava\u00e7\u00e3o, a miniescavadeira SE17 rompe as limita\u00e7\u00f5es do local e fornece suporte operacional eficiente e confi\u00e1vel para v\u00e1rios pequenos projetos, melhorando muito a efici\u00eancia da constru\u00e7\u00e3o.<\/p>\n<p><iframe title=\"1TP5Escavadeira #carregadeira #asfaltamento\" width=\"800\" height=\"450\" src=\"https:\/\/www.youtube.com\/embed\/dot9hT8Hc6k?feature=oembed\" frameborder=\"0\" allow=\"accelerometer; autoplay; clipboard-write; encrypted-media; gyroscope; picture-in-picture; web-share\" referrerpolicy=\"strict-origin-when-cross-origin\" allowfullscreen><\/iframe><\/p>","protected":false},"excerpt":{"rendered":"<h4 class=\"elementor-heading-title elementor-size-default\" style=\"text-align: center; padding-bottom: 30px;\">Mini Escavadeira SE17<\/h4>\n<div>A miniescavadeira SE17 pesa 1700 kg. Equipada com motor Lidong LD385 ou Changchai ZN390Q, ela tem pot\u00eancia forte. A capacidade da ca\u00e7amba \u00e9 de 0,035 metros c\u00fabicos e o desempenho de escava\u00e7\u00e3o \u00e9 excelente. Seu tamanho geral \u00e9 compacto, com um raio de giro m\u00ednimo de 1190 mm, permitindo opera\u00e7\u00e3o flex\u00edvel em espa\u00e7os estreitos. Equipada com um dossel e kit de ferramentas, e tamb\u00e9m tem garantia de 2 anos. \u00c9 amplamente aplic\u00e1vel a pequenos cen\u00e1rios de engenharia.<\/div>\n<div><\/div>\n<div>\n<hr \/>\n<\/div>\n<p><img decoding=\"async\" class=\"alignnone wp-image-257\" src=\"https:\/\/www.soaogroup.com\/wp-content\/uploads\/2025\/02\/\u672a\u6807\u9898-2.jpg\" alt=\"\" width=\"48\" height=\"50\" \/>\u00a0 Whatsapp :<a href=\"https:\/\/api.whatsapp.com\/send?phone=8613395319660\" target=\"_blank\" rel=\"noopener\">\u00a0+8613395319660 <\/a><\/p>\n<div>\n<hr \/>\n<\/div>\n<p><img loading=\"lazy\" decoding=\"async\" class=\"alignnone wp-image-258\" src=\"https:\/\/www.soaogroup.com\/wp-content\/uploads\/2025\/02\/emaillogoblue.jpg\" alt=\"\" width=\"48\" height=\"55\" \/>\u00a0\u00a0E-mail : <a href=\"mailto:sales@sdsoao.com\" target=\"_blank\" rel=\"noopener\">\u00a0sales@sdsoao.com<\/a><\/p>\n<div>\n<hr \/>\n<\/div>\n<div><\/div>","protected":false},"featured_media":545,"comment_status":"open","ping_status":"closed","template":"","meta":[],"product_brand":[],"product_cat":[20,28],"product_tag":[],"class_list":{"0":"post-538","1":"product","2":"type-product","3":"status-publish","4":"has-post-thumbnail","6":"product_cat-excavator","7":"product_cat-mini-excavator","9":"first","10":"instock","11":"featured","12":"shipping-taxable","13":"product-type-simple"},"_links":{"self":[{"href":"https:\/\/www.soaogroup.com\/pt\/wp-json\/wp\/v2\/product\/538","targetHints":{"allow":["GET"]}}],"collection":[{"href":"https:\/\/www.soaogroup.com\/pt\/wp-json\/wp\/v2\/product"}],"about":[{"href":"https:\/\/www.soaogroup.com\/pt\/wp-json\/wp\/v2\/types\/product"}],"replies":[{"embeddable":true,"href":"https:\/\/www.soaogroup.com\/pt\/wp-json\/wp\/v2\/comments?post=538"}],"wp:featuredmedia":[{"embeddable":true,"href":"https:\/\/www.soaogroup.com\/pt\/wp-json\/wp\/v2\/media\/545"}],"wp:attachment":[{"href":"https:\/\/www.soaogroup.com\/pt\/wp-json\/wp\/v2\/media?parent=538"}],"wp:term":[{"taxonomy":"product_brand","embeddable":true,"href":"https:\/\/www.soaogroup.com\/pt\/wp-json\/wp\/v2\/product_brand?post=538"},{"taxonomy":"product_cat","embeddable":true,"href":"https:\/\/www.soaogroup.com\/pt\/wp-json\/wp\/v2\/product_cat?post=538"},{"taxonomy":"product_tag","embeddable":true,"href":"https:\/\/www.soaogroup.com\/pt\/wp-json\/wp\/v2\/product_tag?post=538"}],"curies":[{"name":"wp","href":"https:\/\/api.w.org\/{rel}","templated":true}]}}