{"id":473,"date":"2025-01-15T18:04:10","date_gmt":"2025-01-15T10:04:10","guid":{"rendered":"https:\/\/www.soaogroup.com\/?post_type=product&#038;p=473"},"modified":"2025-04-18T16:17:27","modified_gmt":"2025-04-18T08:17:27","slug":"4-5-cubic-cement-mixer-truck","status":"publish","type":"product","link":"https:\/\/www.soaogroup.com\/pt\/produto\/4-5-cubic-cement-mixer-truck\/","title":{"rendered":"Caminh\u00e3o betoneira 4.5 c\u00fabico"},"content":{"rendered":"<h2 style=\"text-align: center;\">Detalhes do produto<\/h2>\n<table>\n<tbody>\n<tr>\n<td colspan=\"2\" width=\"549\">\n<h4 style=\"text-align: center;\"><strong>4<\/strong><strong>0,5 metros c\u00fabicos<\/strong><strong>\u00a0<\/strong><strong>cimento <\/strong><strong>caminh\u00f5es betoneiras<\/strong><\/h4>\n<\/td>\n<\/tr>\n<tr>\n<td width=\"271\"><strong><b>Dimens\u00e3o geral<\/b><\/strong><\/td>\n<td width=\"277\">7930 mm * 3160 mm * 3630 mm<\/td>\n<\/tr>\n<tr>\n<td width=\"271\"><strong><b>Dist\u00e2ncia entre eixos<\/b><\/strong><\/td>\n<td width=\"277\">2570 mm<\/td>\n<\/tr>\n<tr>\n<td width=\"271\"><strong><b>Piso<\/b><\/strong><\/td>\n<td width=\"277\">2260 mm<\/td>\n<\/tr>\n<tr>\n<td width=\"271\"><strong><b>Ca\u00e7amba de carregador<\/b><\/strong><\/td>\n<td width=\"277\">0,7m\u00b3<\/td>\n<\/tr>\n<tr>\n<td width=\"271\"><strong><b>Geral <\/b><\/strong><strong><b>peso<\/b><\/strong><\/td>\n<td width=\"277\">9500 kg<\/td>\n<\/tr>\n<tr>\n<td width=\"271\"><strong><b>Formul\u00e1rio de condu\u00e7\u00e3o \u00a0<\/b><\/strong><\/td>\n<td width=\"277\">Tra\u00e7\u00e3o nas quatro rodas<\/td>\n<\/tr>\n<tr>\n<td width=\"271\"><strong><b>S<\/b><\/strong><strong><b>xixi<\/b><\/strong><\/td>\n<td width=\"277\">10-45 km<\/td>\n<\/tr>\n<tr>\n<td width=\"271\"><strong><b>M\u00e1ximo <\/b><\/strong><strong><b>capacidade de inclina\u00e7\u00e3o<\/b><\/strong><\/td>\n<td width=\"277\">35\u00b0\/40\u00b0<\/td>\n<\/tr>\n<tr>\n<td width=\"271\"><strong><b>Raio de giro m\u00ednimo<\/b><\/strong><\/td>\n<td width=\"277\">5100 mm<\/td>\n<\/tr>\n<tr>\n<td width=\"271\"><strong><b>M\u00ednimo <\/b><\/strong><strong><b>g<\/b><\/strong><strong><b>redondo <\/b><\/strong><strong><b>c<\/b><\/strong><strong><b>aprendizagem<\/b><\/strong><\/td>\n<td width=\"277\">350 mm<\/td>\n<\/tr>\n<tr>\n<td width=\"271\"><strong><b>Motor<\/b><\/strong><\/td>\n<td width=\"277\">Yuchai Power 4108 Supercharged<\/td>\n<\/tr>\n<tr>\n<td width=\"271\"><strong><b>Pot\u00eancia nominal<\/b><\/strong><\/td>\n<td width=\"277\">91 kW<\/td>\n<\/tr>\n<tr>\n<td width=\"271\"><strong><b>Capacidade do tanque de combust\u00edvel<\/b><\/strong><\/td>\n<td width=\"277\">180L<\/td>\n<\/tr>\n<tr>\n<td width=\"271\"><strong><b>Volume de \u00f3leo<\/b><\/strong><\/td>\n<td width=\"277\">16L<\/td>\n<\/tr>\n<tr>\n<td width=\"271\"><strong><b>Volume do tanque de \u00e1gua <\/b><\/strong><\/td>\n<td width=\"277\">2*380L<\/td>\n<\/tr>\n<tr>\n<td width=\"271\"><strong><b>Capacidade geom\u00e9trica do tanque de mistura<\/b><\/strong><\/td>\n<td width=\"277\">7,0m\u00b3<\/td>\n<\/tr>\n<tr>\n<td width=\"271\"><strong><b>Velocidade de rota\u00e7\u00e3o do tanque de mistura <\/b><\/strong><\/td>\n<td width=\"277\">17 revolu\u00e7\u00f5es\/min<\/td>\n<\/tr>\n<tr>\n<td width=\"271\"><strong><b>Produ\u00e7\u00e3o de concreto (m\u00b3\/tanque)<\/b><\/strong><\/td>\n<td width=\"277\">4,5m\u00b3<\/td>\n<\/tr>\n<tr>\n<td width=\"271\"><strong><b>N\u00famero de cubos\/hora<\/b><\/strong><\/td>\n<td width=\"277\">17,2-21,5m\u00b3<\/td>\n<\/tr>\n<tr>\n<td width=\"271\"><strong><b>Altura de descarga<\/b><\/strong><\/td>\n<td width=\"277\">2350 mm<\/td>\n<\/tr>\n<\/tbody>\n<\/table>\n<h2 style=\"text-align: center;\"><strong>Principais caracter\u00edsticas<\/strong><\/h2>\n<ol>\n<li>Grande capacidade de mistura de 4,5 m\u00b3 \u2013 Ideal para projetos comerciais e de infraestrutura exigentes.<\/li>\n<li>Tambor de alta resist\u00eancia e chassi refor\u00e7ado \u2013 Constru\u00eddo para suportar condi\u00e7\u00f5es dif\u00edceis no local de trabalho.<\/li>\n<li>Motor potente e sistema hidr\u00e1ulico avan\u00e7ado \u2013 Opera\u00e7\u00e3o suave e efici\u00eancia de combust\u00edvel.<\/li>\n<li>Mistura r\u00e1pida e descarga precisa \u2013 Economiza tempo e reduz o desperd\u00edcio de material.<\/li>\n<li>Cabine confort\u00e1vel e com seguran\u00e7a aprimorada \u2013 Controles ergon\u00f4micos para conveni\u00eancia do operador.<\/li>\n<\/ol>\n<h2 style=\"text-align: center;\"><img fetchpriority=\"high\" decoding=\"async\" class=\"alignnone size-full wp-image-518\" src=\"https:\/\/www.soaogroup.com\/wp-content\/uploads\/2025\/01\/45-1_\u55e8\u683c\u5f0f\u538b\u7f29\u526f\u672c_\u7ed3\u679c.webp\" alt=\"\" width=\"2250\" height=\"750\" srcset=\"https:\/\/www.soaogroup.com\/wp-content\/uploads\/2025\/01\/45-1_\u55e8\u683c\u5f0f\u538b\u7f29\u526f\u672c_\u7ed3\u679c.webp 2250w, https:\/\/www.soaogroup.com\/wp-content\/uploads\/2025\/01\/45-1_\u55e8\u683c\u5f0f\u538b\u7f29\u526f\u672c_\u7ed3\u679c-600x200.webp 600w, https:\/\/www.soaogroup.com\/wp-content\/uploads\/2025\/01\/45-1_\u55e8\u683c\u5f0f\u538b\u7f29\u526f\u672c_\u7ed3\u679c-300x100.webp 300w, https:\/\/www.soaogroup.com\/wp-content\/uploads\/2025\/01\/45-1_\u55e8\u683c\u5f0f\u538b\u7f29\u526f\u672c_\u7ed3\u679c-1024x341.webp 1024w, https:\/\/www.soaogroup.com\/wp-content\/uploads\/2025\/01\/45-1_\u55e8\u683c\u5f0f\u538b\u7f29\u526f\u672c_\u7ed3\u679c-768x256.webp 768w, https:\/\/www.soaogroup.com\/wp-content\/uploads\/2025\/01\/45-1_\u55e8\u683c\u5f0f\u538b\u7f29\u526f\u672c_\u7ed3\u679c-1536x512.webp 1536w, https:\/\/www.soaogroup.com\/wp-content\/uploads\/2025\/01\/45-1_\u55e8\u683c\u5f0f\u538b\u7f29\u526f\u672c_\u7ed3\u679c-2048x683.webp 2048w\" sizes=\"(max-width: 2250px) 100vw, 2250px\" \/><strong>Aplica\u00e7\u00f5es<\/strong><\/h2>\n<div data-zone-id=\"0\" data-line-index=\"1\" data-line=\"true\">\n<p>Este caminh\u00e3o betoneira de alta capacidade \u00e9 ideal para projetos de grande porte que exigem\u00a0<strong>fornecimento cont\u00ednuo de concreto<\/strong>:<\/p>\n<ol>\n<li>Pr\u00e9dios altos \u2013 Entrega eficiente para arranha-c\u00e9us e complexos comerciais.<\/li>\n<li>Constru\u00e7\u00e3o de rodovias \u2013 Pavimenta\u00e7\u00e3o confi\u00e1vel para estradas, pontes e viadutos.<\/li>\n<li>Engenharia hidr\u00e1ulica \u2013 Constru\u00e7\u00e3o de barragens e projetos de conserva\u00e7\u00e3o de \u00e1gua.<\/li>\n<li>Centrais de concreto pr\u00e9-moldado \u2013 Produ\u00e7\u00e3o em lotes de elementos estruturais.<\/li>\n<li>Infraestrutura urbana \u2013 T\u00faneis, metr\u00f4s e pistas de aeroportos.<\/li>\n<li>Instala\u00e7\u00f5es industriais \u2013 F\u00e1bricas, usinas de energia e pisos pesados.<\/li>\n<\/ol>\n<p>Perfeito para empreiteiros que precisam de alto volume de produ\u00e7\u00e3o com qualidade de mistura consistente em canteiros de obras exigentes. Precisa de um caminh\u00e3o betoneira de alta capacidade? Entre em contato conosco hoje mesmo para solu\u00e7\u00f5es personalizadas e pre\u00e7os especiais!<\/p>\n<\/div>","protected":false},"excerpt":{"rendered":"<h4 class=\"elementor-heading-title elementor-size-default\" style=\"text-align: center; padding-bottom: 30px;\">Caminh\u00e3o betoneira 4.5 c\u00fabico<\/h4>\n<div>\n<div data-zone-id=\"0\" data-line-index=\"0\" data-line=\"true\">Nosso caminh\u00e3o betoneira de 4,5 metros c\u00fabicos foi projetado para oferecer resist\u00eancia, efici\u00eancia e confiabilidade, sendo perfeito para edif\u00edcios altos, rodovias, barragens e projetos industriais que exigem concreto consistente e de alta qualidade. Projetado para empreiteiras, fornecedores de concreto pr\u00e9-misturado e construtoras de grande porte, este caminh\u00e3o garante a entrega pontual do concreto com desempenho superior de autocarregamento e mistura. Procurando um caminh\u00e3o betoneira dur\u00e1vel e de alta capacidade? Entre em contato conosco hoje mesmo para obter pre\u00e7os competitivos, op\u00e7\u00f5es de personaliza\u00e7\u00e3o e suporte especializado!<\/div>\n<\/div>\n<div>\n<hr \/>\n<\/div>\n<p><img decoding=\"async\" class=\"alignnone wp-image-257\" src=\"https:\/\/www.soaogroup.com\/wp-content\/uploads\/2025\/02\/\u672a\u6807\u9898-2.jpg\" alt=\"\" width=\"48\" height=\"50\" \/>\u00a0 Whatsapp :<a href=\"https:\/\/api.whatsapp.com\/send?phone=8613395319660\" target=\"_blank\" rel=\"noopener\">\u00a0+8613395319660 <\/a><\/p>\n<div>\n<hr \/>\n<\/div>\n<p><img decoding=\"async\" class=\"alignnone wp-image-258\" src=\"https:\/\/www.soaogroup.com\/wp-content\/uploads\/2025\/02\/emaillogoblue.jpg\" alt=\"\" width=\"48\" height=\"55\" \/>\u00a0\u00a0E-mail : <a href=\"mailto:sales@sdsoao.com\" target=\"_blank\" rel=\"noopener\">\u00a0sales@sdsoao.com<\/a><\/p>\n<div>\n<hr \/>\n<\/div>\n<h3><\/h3>\n<div><\/div>","protected":false},"featured_media":5633,"comment_status":"closed","ping_status":"closed","template":"","meta":[],"product_brand":[],"product_cat":[27],"product_tag":[],"class_list":{"0":"post-473","1":"product","2":"type-product","3":"status-publish","4":"has-post-thumbnail","6":"product_cat-mixer-truck","8":"first","9":"instock","10":"shipping-taxable","11":"product-type-simple"},"_links":{"self":[{"href":"https:\/\/www.soaogroup.com\/pt\/wp-json\/wp\/v2\/product\/473","targetHints":{"allow":["GET"]}}],"collection":[{"href":"https:\/\/www.soaogroup.com\/pt\/wp-json\/wp\/v2\/product"}],"about":[{"href":"https:\/\/www.soaogroup.com\/pt\/wp-json\/wp\/v2\/types\/product"}],"replies":[{"embeddable":true,"href":"https:\/\/www.soaogroup.com\/pt\/wp-json\/wp\/v2\/comments?post=473"}],"wp:featuredmedia":[{"embeddable":true,"href":"https:\/\/www.soaogroup.com\/pt\/wp-json\/wp\/v2\/media\/5633"}],"wp:attachment":[{"href":"https:\/\/www.soaogroup.com\/pt\/wp-json\/wp\/v2\/media?parent=473"}],"wp:term":[{"taxonomy":"product_brand","embeddable":true,"href":"https:\/\/www.soaogroup.com\/pt\/wp-json\/wp\/v2\/product_brand?post=473"},{"taxonomy":"product_cat","embeddable":true,"href":"https:\/\/www.soaogroup.com\/pt\/wp-json\/wp\/v2\/product_cat?post=473"},{"taxonomy":"product_tag","embeddable":true,"href":"https:\/\/www.soaogroup.com\/pt\/wp-json\/wp\/v2\/product_tag?post=473"}],"curies":[{"name":"wp","href":"https:\/\/api.w.org\/{rel}","templated":true}]}}