{"id":472,"date":"2025-01-15T18:00:42","date_gmt":"2025-01-15T10:00:42","guid":{"rendered":"https:\/\/www.soaogroup.com\/?post_type=product&#038;p=472"},"modified":"2025-04-18T16:25:51","modified_gmt":"2025-04-18T08:25:51","slug":"4-0-cubic-meter-concrete-mixer","status":"publish","type":"product","link":"https:\/\/www.soaogroup.com\/pt\/produto\/4-0-cubic-meter-concrete-mixer\/","title":{"rendered":"Betoneira de 4,0 metros c\u00fabicos"},"content":{"rendered":"<h2 style=\"text-align: center;\"><strong>Detalhes do produto<\/strong><\/h2>\n<table>\n<tbody>\n<tr>\n<td colspan=\"2\" width=\"524\">\n<h3 style=\"text-align: center;\"><strong>4.0 <\/strong><strong>metros c\u00fabicos<\/strong><strong>\u00a0auto-<\/strong><strong>carregando<\/strong><strong>\u00a0caminh\u00f5es betoneiras<\/strong><\/h3>\n<\/td>\n<\/tr>\n<tr>\n<td width=\"237\"><strong><b>Dimens\u00e3o geral<\/b><\/strong><\/td>\n<td width=\"287\">7790 mm * 3130 mm * 3380 mm<\/td>\n<\/tr>\n<tr>\n<td width=\"237\"><strong><b>Dist\u00e2ncia entre eixos<\/b><\/strong><\/td>\n<td width=\"287\">3100 mm<\/td>\n<\/tr>\n<tr>\n<td width=\"237\"><strong><b>Piso<\/b><\/strong><\/td>\n<td width=\"287\">2150 mm<\/td>\n<\/tr>\n<tr>\n<td width=\"237\"><strong><b>Ca\u00e7amba de carregador<\/b><\/strong><\/td>\n<td width=\"287\">0,7m\u00b3<\/td>\n<\/tr>\n<tr>\n<td width=\"237\"><strong><b>Geral <\/b><\/strong><strong><b>peso<\/b><\/strong><\/td>\n<td width=\"287\">9100 kg<\/td>\n<\/tr>\n<tr>\n<td width=\"237\"><strong><b>Formul\u00e1rio de condu\u00e7\u00e3o \u00a0<\/b><\/strong><\/td>\n<td width=\"287\">Tra\u00e7\u00e3o nas quatro rodas<\/td>\n<\/tr>\n<tr>\n<td width=\"237\"><strong><b>S<\/b><\/strong><strong><b>xixi<\/b><\/strong><\/td>\n<td width=\"287\">10-40km\/h<\/td>\n<\/tr>\n<tr>\n<td width=\"237\"><strong><b>M\u00e1ximo <\/b><\/strong><strong><b>capacidade de inclina\u00e7\u00e3o<\/b><\/strong><\/td>\n<td width=\"287\">35\u00b0\/40\u00b0<\/td>\n<\/tr>\n<tr>\n<td width=\"237\"><strong><b>Raio de giro m\u00ednimo<\/b><\/strong><\/td>\n<td width=\"287\">4400 mm<\/td>\n<\/tr>\n<tr>\n<td width=\"237\"><strong><b>Dist\u00e2ncia m\u00ednima ao solo<\/b><\/strong><\/td>\n<td width=\"287\">350 mm<\/td>\n<\/tr>\n<tr>\n<td width=\"237\"><strong><b>Motor<\/b><\/strong><\/td>\n<td width=\"287\">Yuchai Power 4108 Supercharged<\/td>\n<\/tr>\n<tr>\n<td width=\"237\"><strong><b>Pot\u00eancia nominal<\/b><\/strong><\/td>\n<td width=\"287\">91 kW<\/td>\n<\/tr>\n<tr>\n<td width=\"237\"><strong><b>Capacidade do tanque de combust\u00edvel<\/b><\/strong><\/td>\n<td width=\"287\">135L<\/td>\n<\/tr>\n<tr>\n<td width=\"237\"><strong><b>Volume de \u00f3leo<\/b><\/strong><\/td>\n<td width=\"287\">16L<\/td>\n<\/tr>\n<tr>\n<td width=\"237\"><strong><b>Volume do tanque de \u00e1gua <\/b><\/strong><\/td>\n<td width=\"287\">950L<\/td>\n<\/tr>\n<tr>\n<td width=\"237\"><strong><b>Capacidade geom\u00e9trica do tanque de mistura<\/b><\/strong><\/td>\n<td width=\"287\">6,8m\u00b3<\/td>\n<\/tr>\n<tr>\n<td width=\"237\"><strong><b>Velocidade de rota\u00e7\u00e3o do tanque de mistura <\/b><\/strong><\/td>\n<td width=\"287\">17 revolu\u00e7\u00f5es\/min<\/td>\n<\/tr>\n<tr>\n<td width=\"237\"><strong><b>Produ\u00e7\u00e3o de concreto (m\u00b3\/tanque) \u00a0\u00a0<\/b><\/strong><\/td>\n<td width=\"287\">4m\u00b3<\/td>\n<\/tr>\n<tr>\n<td width=\"237\"><strong><b>N\u00famero de cubos\/hora<\/b><\/strong><\/td>\n<td width=\"287\">15,2-19m\u00b3<\/td>\n<\/tr>\n<tr>\n<td width=\"237\"><strong><b>Altura de descarga<\/b><\/strong><\/td>\n<td width=\"287\">2350 mm<\/td>\n<\/tr>\n<\/tbody>\n<\/table>\n<p>&nbsp;<\/p>\n<p><iframe title=\"Caminh\u00e3o betoneira autocarreg\u00e1vel SOAO 4 0 metros c\u00fabicos\" width=\"800\" height=\"450\" src=\"https:\/\/www.youtube.com\/embed\/hINJ8NKJX8w?feature=oembed\" frameborder=\"0\" allow=\"accelerometer; autoplay; clipboard-write; encrypted-media; gyroscope; picture-in-picture; web-share\" referrerpolicy=\"strict-origin-when-cross-origin\" allowfullscreen><\/iframe><\/p>\n<h2 style=\"text-align: center;\"><strong>Principais caracter\u00edsticas<\/strong><\/h2>\n<ol>\n<li>Capacidade de mistura de 4,0 m\u00b3 \u2013 Design autocarreg\u00e1vel e lida com grandes lotes com facilidade.<\/li>\n<li>Constru\u00e7\u00e3o robusta em a\u00e7o \u2013 Projetada para suportar condi\u00e7\u00f5es dif\u00edceis no local de trabalho.<\/li>\n<li>Motor potente e sistema de engrenagens \u2013 Garante uma mistura suave e eficiente.<\/li>\n<li>F\u00e1cil carregamento e descarregamento \u2013 Economiza tempo e custos de m\u00e3o de obra.<\/li>\n<li>Design de baixa manuten\u00e7\u00e3o \u2013 Reduz o tempo de inatividade e as despesas operacionais.<\/li>\n<\/ol>\n<h2 style=\"text-align: center;\"><strong>Aplicativo<\/strong><\/h2>\n<div data-zone-id=\"0\" data-line-index=\"0\" data-line=\"true\">Na constru\u00e7\u00e3o em larga escala, a M\u00e1quina Betoneira de 4,0 metros c\u00fabicos \u00e9 um divisor de \u00e1guas. Para a constru\u00e7\u00e3o de arranha-c\u00e9us, sua alta capacidade de produ\u00e7\u00e3o de 20 a 28 metros c\u00fabicos por hora garante um fornecimento cont\u00ednuo de concreto de alta qualidade, mantendo a velocidade da constru\u00e7\u00e3o. Na constru\u00e7\u00e3o de linhas de metr\u00f4 urbano, o sistema de medi\u00e7\u00e3o preciso, com erro de material de \u00b1 0,05% e erro de \u00e1gua de \u00b1 0,03%, garante a resist\u00eancia e a durabilidade da estrutura do t\u00fanel. Na constru\u00e7\u00e3o de esta\u00e7\u00f5es de tratamento de esgoto em larga escala, o sistema de energia est\u00e1vel e o sistema de mistura eficiente podem lidar com a mistura de grandes volumes de material. Al\u00e9m disso, na constru\u00e7\u00e3o de plantas industriais, seu controle de opera\u00e7\u00e3o inteligente e mecanismo de deslocamento flex\u00edvel se adaptam a diferentes ambientes de constru\u00e7\u00e3o.<\/div>\n<div data-zone-id=\"0\" data-line-index=\"1\" data-line=\"true\"><\/div>","protected":false},"excerpt":{"rendered":"<h4 class=\"elementor-heading-title elementor-size-default\" style=\"text-align: center; padding-bottom: 30px;\">\u00a0Betoneira de 4,0 metros c\u00fabicos<\/h4>\n<div>\n<div data-zone-id=\"0\" data-line-index=\"0\" data-line=\"true\">Aumente a efici\u00eancia da sua constru\u00e7\u00e3o com a Betoneira de 4,0 metros c\u00fabicos \u2013 uma solu\u00e7\u00e3o de alta capacidade e alta resist\u00eancia para projetos de grande porte! Projetada para durabilidade e desempenho, esta betoneira garante uma mistura uniforme de concreto, cimento e agregados, tornando-a ideal para pontes, rodovias, edif\u00edcios comerciais e constru\u00e7\u00e3o industrial. Seja voc\u00ea um empreiteiro, fornecedor de concreto ou construtora, esta m\u00e1quina oferece confiabilidade, produtividade e qualidade superior do concreto.<\/div>\n<div data-zone-id=\"0\" data-line-index=\"1\" data-line=\"true\"><\/div>\n<\/div>\n<div>\n<hr \/>\n<\/div>\n<p><img decoding=\"async\" class=\"alignnone wp-image-257\" src=\"https:\/\/www.soaogroup.com\/wp-content\/uploads\/2025\/02\/\u672a\u6807\u9898-2.jpg\" alt=\"\" width=\"48\" height=\"50\" \/>\u00a0 Whatsapp :<a href=\"https:\/\/api.whatsapp.com\/send?phone=8613395319660\" target=\"_blank\" rel=\"noopener\">\u00a0+8613395319660 <\/a><\/p>\n<div>\n<hr \/>\n<\/div>\n<p><img decoding=\"async\" class=\"alignnone wp-image-258\" src=\"https:\/\/www.soaogroup.com\/wp-content\/uploads\/2025\/02\/emaillogoblue.jpg\" alt=\"\" width=\"48\" height=\"55\" \/>\u00a0\u00a0E-mail : <a href=\"mailto:sales@sdsoao.com\" target=\"_blank\" rel=\"noopener\">\u00a0sales@sdsoao.com<\/a><\/p>\n<div>\n<hr \/>\n<\/div>\n<h3><\/h3>\n<div><\/div>","protected":false},"featured_media":5643,"comment_status":"closed","ping_status":"closed","template":"","meta":[],"product_brand":[],"product_cat":[27],"product_tag":[],"class_list":{"0":"post-472","1":"product","2":"type-product","3":"status-publish","4":"has-post-thumbnail","6":"product_cat-mixer-truck","8":"first","9":"instock","10":"featured","11":"shipping-taxable","12":"product-type-simple"},"_links":{"self":[{"href":"https:\/\/www.soaogroup.com\/pt\/wp-json\/wp\/v2\/product\/472","targetHints":{"allow":["GET"]}}],"collection":[{"href":"https:\/\/www.soaogroup.com\/pt\/wp-json\/wp\/v2\/product"}],"about":[{"href":"https:\/\/www.soaogroup.com\/pt\/wp-json\/wp\/v2\/types\/product"}],"replies":[{"embeddable":true,"href":"https:\/\/www.soaogroup.com\/pt\/wp-json\/wp\/v2\/comments?post=472"}],"wp:featuredmedia":[{"embeddable":true,"href":"https:\/\/www.soaogroup.com\/pt\/wp-json\/wp\/v2\/media\/5643"}],"wp:attachment":[{"href":"https:\/\/www.soaogroup.com\/pt\/wp-json\/wp\/v2\/media?parent=472"}],"wp:term":[{"taxonomy":"product_brand","embeddable":true,"href":"https:\/\/www.soaogroup.com\/pt\/wp-json\/wp\/v2\/product_brand?post=472"},{"taxonomy":"product_cat","embeddable":true,"href":"https:\/\/www.soaogroup.com\/pt\/wp-json\/wp\/v2\/product_cat?post=472"},{"taxonomy":"product_tag","embeddable":true,"href":"https:\/\/www.soaogroup.com\/pt\/wp-json\/wp\/v2\/product_tag?post=472"}],"curies":[{"name":"wp","href":"https:\/\/api.w.org\/{rel}","templated":true}]}}