{"id":448,"date":"2025-01-15T15:51:20","date_gmt":"2025-01-15T07:51:20","guid":{"rendered":"https:\/\/www.soaogroup.com\/?post_type=product&#038;p=448"},"modified":"2025-06-25T13:51:52","modified_gmt":"2025-06-25T05:51:52","slug":"flat-top-tower-crane","status":"publish","type":"product","link":"https:\/\/www.soaogroup.com\/pt\/produto\/flat-top-tower-crane\/","title":{"rendered":"Guindaste de torre de topo plano"},"content":{"rendered":"<h2 style=\"text-align: center;\"><span style=\"color: #333333;\">Modelos e especifica\u00e7\u00f5es de venda quente<\/span><\/h2>\n<p>Aqui listamos os 5 modelos mais vendidos de guindastes de torre Flat-Top, juntamente com suas especifica\u00e7\u00f5es para sua refer\u00eancia. Tamb\u00e9m fabricamos mais de 10 modelos de guindastes de torre Flat-Top e podemos personalizar par\u00e2metros especiais. Al\u00e9m disso, fornecemos guindastes de torre novos e usados para atender a diversas aplica\u00e7\u00f5es. Acess\u00f3rios para guindastes de torre e se\u00e7\u00f5es de mastro padr\u00e3o est\u00e3o dispon\u00edveis para compra separada. Sinta-se \u00e0 vontade para entrar em contato conosco para obter pre\u00e7os de guindastes de torre e servi\u00e7os de personaliza\u00e7\u00e3o.<\/p>\n<p><img fetchpriority=\"high\" decoding=\"async\" class=\"size-full wp-image-5696 aligncenter\" src=\"https:\/\/www.soaogroup.com\/wp-content\/uploads\/2025\/01\/Soao-tower-crane-6518-10t.jpg\" alt=\"\" width=\"750\" height=\"664\" srcset=\"https:\/\/www.soaogroup.com\/wp-content\/uploads\/2025\/01\/Soao-tower-crane-6518-10t.jpg 750w, https:\/\/www.soaogroup.com\/wp-content\/uploads\/2025\/01\/Soao-tower-crane-6518-10t-300x266.jpg 300w, https:\/\/www.soaogroup.com\/wp-content\/uploads\/2025\/01\/Soao-tower-crane-6518-10t-14x12.jpg 14w, https:\/\/www.soaogroup.com\/wp-content\/uploads\/2025\/01\/Soao-tower-crane-6518-10t-600x531.jpg 600w\" sizes=\"(max-width: 750px) 100vw, 750px\" \/><\/p>\n<hr \/>\n<p><img decoding=\"async\" class=\"size-full wp-image-5695 aligncenter\" src=\"https:\/\/www.soaogroup.com\/wp-content\/uploads\/2025\/01\/flat-top-tower-crane-6010-6t.jpg\" alt=\"\" width=\"750\" height=\"651\" srcset=\"https:\/\/www.soaogroup.com\/wp-content\/uploads\/2025\/01\/flat-top-tower-crane-6010-6t.jpg 750w, https:\/\/www.soaogroup.com\/wp-content\/uploads\/2025\/01\/flat-top-tower-crane-6010-6t-300x260.jpg 300w, https:\/\/www.soaogroup.com\/wp-content\/uploads\/2025\/01\/flat-top-tower-crane-6010-6t-14x12.jpg 14w, https:\/\/www.soaogroup.com\/wp-content\/uploads\/2025\/01\/flat-top-tower-crane-6010-6t-600x521.jpg 600w\" sizes=\"(max-width: 750px) 100vw, 750px\" \/><\/p>\n<hr \/>\n<p><img decoding=\"async\" class=\"size-full wp-image-5694 aligncenter\" src=\"https:\/\/www.soaogroup.com\/wp-content\/uploads\/2025\/01\/flat-top-tower-crane_6015-8t.jpg\" alt=\"\" width=\"750\" height=\"690\" srcset=\"https:\/\/www.soaogroup.com\/wp-content\/uploads\/2025\/01\/flat-top-tower-crane_6015-8t.jpg 750w, https:\/\/www.soaogroup.com\/wp-content\/uploads\/2025\/01\/flat-top-tower-crane_6015-8t-300x276.jpg 300w, https:\/\/www.soaogroup.com\/wp-content\/uploads\/2025\/01\/flat-top-tower-crane_6015-8t-13x12.jpg 13w, https:\/\/www.soaogroup.com\/wp-content\/uploads\/2025\/01\/flat-top-tower-crane_6015-8t-600x552.jpg 600w\" sizes=\"(max-width: 750px) 100vw, 750px\" \/><\/p>\n<hr \/>\n<p><img loading=\"lazy\" decoding=\"async\" class=\"size-full wp-image-5693 aligncenter\" src=\"https:\/\/www.soaogroup.com\/wp-content\/uploads\/2025\/01\/flat-top-tower-crane_6013B-8t.png\" alt=\"\" width=\"750\" height=\"651\" srcset=\"https:\/\/www.soaogroup.com\/wp-content\/uploads\/2025\/01\/flat-top-tower-crane_6013B-8t.png 750w, https:\/\/www.soaogroup.com\/wp-content\/uploads\/2025\/01\/flat-top-tower-crane_6013B-8t-300x260.png 300w, https:\/\/www.soaogroup.com\/wp-content\/uploads\/2025\/01\/flat-top-tower-crane_6013B-8t-14x12.png 14w, https:\/\/www.soaogroup.com\/wp-content\/uploads\/2025\/01\/flat-top-tower-crane_6013B-8t-600x521.png 600w\" sizes=\"(max-width: 750px) 100vw, 750px\" \/><\/p>\n<hr \/>\n<p><img loading=\"lazy\" decoding=\"async\" class=\"size-full wp-image-5692 aligncenter\" src=\"https:\/\/www.soaogroup.com\/wp-content\/uploads\/2025\/01\/flat-top-tower-crane_5610-6t.jpg\" alt=\"\" width=\"750\" height=\"581\" srcset=\"https:\/\/www.soaogroup.com\/wp-content\/uploads\/2025\/01\/flat-top-tower-crane_5610-6t.jpg 750w, https:\/\/www.soaogroup.com\/wp-content\/uploads\/2025\/01\/flat-top-tower-crane_5610-6t-300x232.jpg 300w, https:\/\/www.soaogroup.com\/wp-content\/uploads\/2025\/01\/flat-top-tower-crane_5610-6t-15x12.jpg 15w, https:\/\/www.soaogroup.com\/wp-content\/uploads\/2025\/01\/flat-top-tower-crane_5610-6t-600x465.jpg 600w\" sizes=\"(max-width: 750px) 100vw, 750px\" \/><\/p>\n<hr \/>\n<h2 style=\"text-align: center;\">Caracter\u00edsticas do produto<\/h2>\n<h3>1. Caracter\u00edsticas estruturais<\/h3>\n<h4>Formato de topo plano:<\/h4>\n<p>Sem a estrutura de topo de torre dos guindastes de torre tradicionais, sua lan\u00e7a \u00e9 conectada diretamente \u00e0 plataforma girat\u00f3ria, tornando o topo do guindaste plano. Essa estrutura permite que o guindaste tenha melhor adaptabilidade espacial ao trabalhar em um grupo de torres ou passar por obst\u00e1culos, evitando efetivamente colis\u00f5es com outros guindastes ou partes salientes de edif\u00edcios.<\/p>\n<h4>M\u00e9todo de conex\u00e3o da lan\u00e7a:<\/h4>\n<p>O boom \u00e9 geralmente conectado por plug-in ou tipo pino, o que \u00e9 f\u00e1cil de instalar e desmontar. Este m\u00e9todo de conex\u00e3o aumenta a estabilidade do boom e reduz os riscos de seguran\u00e7a causados por conex\u00f5es soltas.<\/p>\n<h4>Design modular:<\/h4>\n<p>Muitos guindastes de topo plano adotam conceitos de design modular, e a conex\u00e3o entre os componentes \u00e9 mais simples e padronizada, o que \u00e9 conveniente para transporte e montagem no local, especialmente para projetos que exigem transfer\u00eancia frequente de locais de trabalho.<\/p>\n<h3>2. Vantagens de desempenho<\/h3>\n<h4>Bom desempenho de eleva\u00e7\u00e3o:<\/h4>\n<p>Ele tem uma grande altura de eleva\u00e7\u00e3o e peso de eleva\u00e7\u00e3o, que pode atender \u00e0s necessidades de eleva\u00e7\u00e3o de objetos pesados em projetos de engenharia, como edif\u00edcios altos e grandes pontes. Seu mecanismo de eleva\u00e7\u00e3o \u00e9 geralmente equipado com motores e redutores de alto desempenho, e a velocidade de eleva\u00e7\u00e3o pode ser ajustada de acordo com os requisitos reais da opera\u00e7\u00e3o, com alta efici\u00eancia de trabalho.<\/p>\n<h4>Rota\u00e7\u00e3o flex\u00edvel:<\/h4>\n<p>O dispositivo de rolamento de giro adota tecnologia avan\u00e7ada, que permite que o guindaste alcance rota\u00e7\u00e3o flex\u00edvel de 360\u00b0. A velocidade de rota\u00e7\u00e3o \u00e9 est\u00e1vel e pode ser controlada com precis\u00e3o, o que \u00e9 conveniente para ajustar a posi\u00e7\u00e3o de i\u00e7amento em um espa\u00e7o pequeno.<\/p>\n<h4>Grande raio de trabalho:<\/h4>\n<p>O bra\u00e7o do guindaste \u00e9 longo e, por meio da opera\u00e7\u00e3o de inclina\u00e7\u00e3o do bra\u00e7o do guindaste e da mudan\u00e7a de amplitude do carrinho, ele pode cobrir um grande raio de trabalho e atender efetivamente a uma grande \u00e1rea de canteiros de obras.<\/p>\n<h3>3. Desempenho de seguran\u00e7a<\/h3>\n<h4>Dispositivos de seguran\u00e7a completos:<\/h4>\n<p>Equipado com uma variedade de dispositivos de prote\u00e7\u00e3o de seguran\u00e7a, como limitador de peso de eleva\u00e7\u00e3o, limitador de torque de eleva\u00e7\u00e3o, limitador de altura, limitador de amplitude e limitador de giro. Esses dispositivos podem monitorar o status de trabalho do guindaste em tempo real. Quando houver situa\u00e7\u00f5es perigosas, como sobrecarga e excesso de limite, eles soar\u00e3o automaticamente um alarme e interromper\u00e3o as a\u00e7\u00f5es perigosas correspondentes para garantir a seguran\u00e7a da opera\u00e7\u00e3o.<\/p>\n<h4>Alta estabilidade:<\/h4>\n<p>O design leva em conta a estabilidade sob v\u00e1rias condi\u00e7\u00f5es de trabalho. Por meio de configura\u00e7\u00e3o razo\u00e1vel do contrapeso, otimiza\u00e7\u00e3o estrutural do bra\u00e7o do guindaste e refor\u00e7o do chassi, \u00e9 garantido que o guindaste n\u00e3o tombe ao levantar objetos pesados. Mesmo em ambientes de trabalho complexos e condi\u00e7\u00f5es clim\u00e1ticas adversas, ele pode manter boa estabilidade.<\/p>","protected":false},"excerpt":{"rendered":"<h4 class=\"elementor-heading-title elementor-size-default\" style=\"text-align: center; padding-bottom: 30px;\">Guindaste de torre de topo plano<\/h4>\n<div>O guindaste de torre de topo plano apresenta um design exclusivo sem uma estrutura de topo de torre tradicional, com sua lan\u00e7a conectada diretamente \u00e0 plataforma girat\u00f3ria em uma configura\u00e7\u00e3o plana. Ele oferece vantagens significativas, incluindo uma altura de eleva\u00e7\u00e3o substancial, capacidade de eleva\u00e7\u00e3o impressionante e um raio de trabalho extenso. O guindaste garante um giro suave e flex\u00edvel, permitindo uma opera\u00e7\u00e3o completa de 360\u00b0. Equipado com dispositivos de seguran\u00e7a abrangentes, uma interface operacional intuitiva e f\u00e1cil manuten\u00e7\u00e3o, ele \u00e9 altamente vers\u00e1til e amplamente utilizado na constru\u00e7\u00e3o, log\u00edstica portu\u00e1ria e outras ind\u00fastrias. Isso o torna um equipamento indispens\u00e1vel para a execu\u00e7\u00e3o eficiente de projetos de grande escala.<\/div>\n<div><\/div>\n<div>\n<hr \/>\n<\/div>\n<p><img loading=\"lazy\" decoding=\"async\" class=\"alignnone wp-image-257\" src=\"https:\/\/www.soaogroup.com\/wp-content\/uploads\/2025\/02\/\u672a\u6807\u9898-2.jpg\" alt=\"\" width=\"48\" height=\"50\" \/>\u00a0 Whatsapp :<a href=\"https:\/\/api.whatsapp.com\/send?phone=8613395319660\" target=\"_blank\" rel=\"noopener\">\u00a0+8613395319660 <\/a><\/p>\n<div>\n<hr \/>\n<\/div>\n<p><img loading=\"lazy\" decoding=\"async\" class=\"alignnone wp-image-258\" src=\"https:\/\/www.soaogroup.com\/wp-content\/uploads\/2025\/02\/emaillogoblue.jpg\" alt=\"\" width=\"48\" height=\"55\" \/>\u00a0\u00a0E-mail : <a href=\"mailto:sales@sdsoao.com\" target=\"_blank\" rel=\"noopener\">\u00a0sales@sdsoao.com<\/a><\/p>\n<div>\n<hr \/>\n<\/div>\n<div><\/div>","protected":false},"featured_media":5861,"comment_status":"open","ping_status":"closed","template":"","meta":[],"product_brand":[],"product_cat":[26],"product_tag":[],"class_list":{"0":"post-448","1":"product","2":"type-product","3":"status-publish","4":"has-post-thumbnail","6":"product_cat-tower-crane-list","8":"first","9":"instock","10":"featured","11":"shipping-taxable","12":"product-type-simple"},"_links":{"self":[{"href":"https:\/\/www.soaogroup.com\/pt\/wp-json\/wp\/v2\/product\/448","targetHints":{"allow":["GET"]}}],"collection":[{"href":"https:\/\/www.soaogroup.com\/pt\/wp-json\/wp\/v2\/product"}],"about":[{"href":"https:\/\/www.soaogroup.com\/pt\/wp-json\/wp\/v2\/types\/product"}],"replies":[{"embeddable":true,"href":"https:\/\/www.soaogroup.com\/pt\/wp-json\/wp\/v2\/comments?post=448"}],"wp:featuredmedia":[{"embeddable":true,"href":"https:\/\/www.soaogroup.com\/pt\/wp-json\/wp\/v2\/media\/5861"}],"wp:attachment":[{"href":"https:\/\/www.soaogroup.com\/pt\/wp-json\/wp\/v2\/media?parent=448"}],"wp:term":[{"taxonomy":"product_brand","embeddable":true,"href":"https:\/\/www.soaogroup.com\/pt\/wp-json\/wp\/v2\/product_brand?post=448"},{"taxonomy":"product_cat","embeddable":true,"href":"https:\/\/www.soaogroup.com\/pt\/wp-json\/wp\/v2\/product_cat?post=448"},{"taxonomy":"product_tag","embeddable":true,"href":"https:\/\/www.soaogroup.com\/pt\/wp-json\/wp\/v2\/product_tag?post=448"}],"curies":[{"name":"wp","href":"https:\/\/api.w.org\/{rel}","templated":true}]}}