{"id":447,"date":"2025-01-15T15:52:24","date_gmt":"2025-01-15T07:52:24","guid":{"rendered":"https:\/\/www.soaogroup.com\/?post_type=product&#038;p=447"},"modified":"2025-06-25T13:57:33","modified_gmt":"2025-06-25T05:57:33","slug":"hammerhead-tower-crane","status":"publish","type":"product","link":"https:\/\/www.soaogroup.com\/pt\/produto\/hammerhead-tower-crane\/","title":{"rendered":"Guindaste de torre tipo cabe\u00e7a de martelo"},"content":{"rendered":"<h2 style=\"text-align: center;\">\u00a0Modelos e especifica\u00e7\u00f5es de venda quente<\/h2>\n<p>Listamos 6 modelos mais vendidos de guindastes de torre tipo cabe\u00e7a de martelo, juntamente com suas especifica\u00e7\u00f5es para sua refer\u00eancia. Tamb\u00e9m oferecemos mais de 10 modelos adicionais para atender a diversas necessidades de constru\u00e7\u00e3o, com a op\u00e7\u00e3o de personalizar par\u00e2metros especiais. Al\u00e9m disso, fornecemos produtos de guindastes de torre novos e usados para diferentes canteiros de obras. Acess\u00f3rios e se\u00e7\u00f5es padr\u00e3o est\u00e3o dispon\u00edveis para compra individual. Nossos guindastes de torre s\u00e3o exportados para mais de 40 pa\u00edses e regi\u00f5es em todo o mundo e receberam ampla aclama\u00e7\u00e3o. Sinta-se \u00e0 vontade para entrar em contato conosco para obter pre\u00e7os de guindastes de torre e servi\u00e7os de produtos personalizados.<\/p>\n<h2><img fetchpriority=\"high\" decoding=\"async\" class=\"size-full wp-image-5684 aligncenter\" src=\"https:\/\/www.soaogroup.com\/wp-content\/uploads\/2025\/01\/Hammerhead-tower-crane-2.jpg\" alt=\"\" width=\"750\" height=\"663\" srcset=\"https:\/\/www.soaogroup.com\/wp-content\/uploads\/2025\/01\/Hammerhead-tower-crane-2.jpg 750w, https:\/\/www.soaogroup.com\/wp-content\/uploads\/2025\/01\/Hammerhead-tower-crane-2-300x265.jpg 300w, https:\/\/www.soaogroup.com\/wp-content\/uploads\/2025\/01\/Hammerhead-tower-crane-2-14x12.jpg 14w, https:\/\/www.soaogroup.com\/wp-content\/uploads\/2025\/01\/Hammerhead-tower-crane-2-600x530.jpg 600w\" sizes=\"(max-width: 750px) 100vw, 750px\" \/><\/h2>\n<hr \/>\n<h2><img decoding=\"async\" class=\"size-full wp-image-5683 aligncenter\" src=\"https:\/\/www.soaogroup.com\/wp-content\/uploads\/2025\/01\/Hammerhead-tower-crane-1.jpg\" alt=\"\" width=\"750\" height=\"650\" srcset=\"https:\/\/www.soaogroup.com\/wp-content\/uploads\/2025\/01\/Hammerhead-tower-crane-1.jpg 750w, https:\/\/www.soaogroup.com\/wp-content\/uploads\/2025\/01\/Hammerhead-tower-crane-1-300x260.jpg 300w, https:\/\/www.soaogroup.com\/wp-content\/uploads\/2025\/01\/Hammerhead-tower-crane-1-14x12.jpg 14w, https:\/\/www.soaogroup.com\/wp-content\/uploads\/2025\/01\/Hammerhead-tower-crane-1-600x520.jpg 600w\" sizes=\"(max-width: 750px) 100vw, 750px\" \/><\/h2>\n<hr \/>\n<h2><img decoding=\"async\" class=\"size-full wp-image-5687 aligncenter\" src=\"https:\/\/www.soaogroup.com\/wp-content\/uploads\/2025\/01\/Hammerhead-tower-crane-5.jpg\" alt=\"\" width=\"750\" height=\"612\" srcset=\"https:\/\/www.soaogroup.com\/wp-content\/uploads\/2025\/01\/Hammerhead-tower-crane-5.jpg 750w, https:\/\/www.soaogroup.com\/wp-content\/uploads\/2025\/01\/Hammerhead-tower-crane-5-300x245.jpg 300w, https:\/\/www.soaogroup.com\/wp-content\/uploads\/2025\/01\/Hammerhead-tower-crane-5-15x12.jpg 15w, https:\/\/www.soaogroup.com\/wp-content\/uploads\/2025\/01\/Hammerhead-tower-crane-5-600x490.jpg 600w\" sizes=\"(max-width: 750px) 100vw, 750px\" \/><\/h2>\n<hr \/>\n<h2><img loading=\"lazy\" decoding=\"async\" class=\"size-full wp-image-5686 aligncenter\" src=\"https:\/\/www.soaogroup.com\/wp-content\/uploads\/2025\/01\/Hammerhead-tower-crane-4.jpg\" alt=\"\" width=\"750\" height=\"621\" srcset=\"https:\/\/www.soaogroup.com\/wp-content\/uploads\/2025\/01\/Hammerhead-tower-crane-4.jpg 750w, https:\/\/www.soaogroup.com\/wp-content\/uploads\/2025\/01\/Hammerhead-tower-crane-4-300x248.jpg 300w, https:\/\/www.soaogroup.com\/wp-content\/uploads\/2025\/01\/Hammerhead-tower-crane-4-14x12.jpg 14w, https:\/\/www.soaogroup.com\/wp-content\/uploads\/2025\/01\/Hammerhead-tower-crane-4-600x497.jpg 600w\" sizes=\"(max-width: 750px) 100vw, 750px\" \/><\/h2>\n<hr \/>\n<h2><img loading=\"lazy\" decoding=\"async\" class=\"size-full wp-image-5685 aligncenter\" src=\"https:\/\/www.soaogroup.com\/wp-content\/uploads\/2025\/01\/Hammerhead-tower-crane-3.jpg\" alt=\"\" width=\"750\" height=\"632\" srcset=\"https:\/\/www.soaogroup.com\/wp-content\/uploads\/2025\/01\/Hammerhead-tower-crane-3.jpg 750w, https:\/\/www.soaogroup.com\/wp-content\/uploads\/2025\/01\/Hammerhead-tower-crane-3-300x253.jpg 300w, https:\/\/www.soaogroup.com\/wp-content\/uploads\/2025\/01\/Hammerhead-tower-crane-3-14x12.jpg 14w, https:\/\/www.soaogroup.com\/wp-content\/uploads\/2025\/01\/Hammerhead-tower-crane-3-600x506.jpg 600w\" sizes=\"(max-width: 750px) 100vw, 750px\" \/><\/h2>\n<hr \/>\n<h2><img loading=\"lazy\" decoding=\"async\" class=\"size-full wp-image-5688 aligncenter\" src=\"https:\/\/www.soaogroup.com\/wp-content\/uploads\/2025\/01\/Hammerhead-tower-crane-6.jpg\" alt=\"\" width=\"750\" height=\"782\" srcset=\"https:\/\/www.soaogroup.com\/wp-content\/uploads\/2025\/01\/Hammerhead-tower-crane-6.jpg 750w, https:\/\/www.soaogroup.com\/wp-content\/uploads\/2025\/01\/Hammerhead-tower-crane-6-288x300.jpg 288w, https:\/\/www.soaogroup.com\/wp-content\/uploads\/2025\/01\/Hammerhead-tower-crane-6-12x12.jpg 12w, https:\/\/www.soaogroup.com\/wp-content\/uploads\/2025\/01\/Hammerhead-tower-crane-6-600x626.jpg 600w\" sizes=\"(max-width: 750px) 100vw, 750px\" \/><\/h2>\n<hr \/>\n<h2 style=\"text-align: center;\">Caracter\u00edsticas do produto<\/h2>\n<h2><\/h2>\n<h3><img loading=\"lazy\" decoding=\"async\" class=\"wp-image-461 alignright\" src=\"https:\/\/www.soaogroup.com\/wp-content\/uploads\/2025\/01\/davits-crane_\u55e8\u683c\u5f0f\u538b\u7f29\u526f\u672c_\u7ed3\u679c.webp\" alt=\"\" width=\"472\" height=\"472\" srcset=\"https:\/\/www.soaogroup.com\/wp-content\/uploads\/2025\/01\/davits-crane_\u55e8\u683c\u5f0f\u538b\u7f29\u526f\u672c_\u7ed3\u679c.webp 800w, https:\/\/www.soaogroup.com\/wp-content\/uploads\/2025\/01\/davits-crane_\u55e8\u683c\u5f0f\u538b\u7f29\u526f\u672c_\u7ed3\u679c-300x300.webp 300w, https:\/\/www.soaogroup.com\/wp-content\/uploads\/2025\/01\/davits-crane_\u55e8\u683c\u5f0f\u538b\u7f29\u526f\u672c_\u7ed3\u679c-100x100.webp 100w, https:\/\/www.soaogroup.com\/wp-content\/uploads\/2025\/01\/davits-crane_\u55e8\u683c\u5f0f\u538b\u7f29\u526f\u672c_\u7ed3\u679c-600x600.webp 600w, https:\/\/www.soaogroup.com\/wp-content\/uploads\/2025\/01\/davits-crane_\u55e8\u683c\u5f0f\u538b\u7f29\u526f\u672c_\u7ed3\u679c-150x150.webp 150w, https:\/\/www.soaogroup.com\/wp-content\/uploads\/2025\/01\/davits-crane_\u55e8\u683c\u5f0f\u538b\u7f29\u526f\u672c_\u7ed3\u679c-768x768.webp 768w\" sizes=\"(max-width: 472px) 100vw, 472px\" \/>1. Projeto estrutural<\/h3>\n<h4>Lan\u00e7a horizontal:<\/h4>\n<p>O design de lan\u00e7a horizontal \u00e9 adotado, e a lan\u00e7a \u00e9 mantida em um estado horizontal. O raio da carga \u00e9 alterado movendo o carrinho de carga instalado na lan\u00e7a, de modo a realizar a opera\u00e7\u00e3o de i\u00e7amento em diferentes posi\u00e7\u00f5es. Este design torna a condi\u00e7\u00e3o de for\u00e7a da lan\u00e7a relativamente simples e os requisitos estruturais s\u00e3o relativamente baixos.<\/p>\n<h4>A estrutura geral \u00e9 simples:<\/h4>\n<p>Comparado com alguns outros tipos complexos de guindastes de torre, a estrutura do guindaste tipo cabe\u00e7a de martelo \u00e9 relativamente simples, sem muitos mecanismos complexos de eleva\u00e7\u00e3o da lan\u00e7a, etc., e o n\u00famero de pe\u00e7as \u00e9 relativamente pequeno.<br \/>\nDesempenho<\/p>\n<h4>Grande torque de eleva\u00e7\u00e3o:<\/h4>\n<p>Ele pode fornecer um grande torque de eleva\u00e7\u00e3o, o que pode atender \u00e0s necessidades de i\u00e7amento de objetos mais pesados em v\u00e1rios tipos de constru\u00e7\u00e3o, e \u00e9 adequado para i\u00e7ar grandes componentes de constru\u00e7\u00e3o, equipamentos mec\u00e2nicos, etc.<\/p>\n<h4>Alta velocidade de trabalho:<\/h4>\n<p>O mecanismo de eleva\u00e7\u00e3o, mecanismo de giro, etc. geralmente adotam esquema avan\u00e7ado de regula\u00e7\u00e3o de velocidade cont\u00ednua de frequ\u00eancia vari\u00e1vel, com alta velocidade de trabalho e bom desempenho de regula\u00e7\u00e3o de velocidade. Ele pode ajustar a velocidade de forma flex\u00edvel de acordo com as necessidades reais da opera\u00e7\u00e3o, ao mesmo tempo em que melhora a efici\u00eancia do trabalho e garante a estabilidade da opera\u00e7\u00e3o.<br \/>\nAmpla faixa operacional: Por meio do movimento do carrinho de carga na lan\u00e7a horizontal e do movimento de giro do pr\u00f3prio guindaste, uma grande \u00e1rea operacional pode ser coberta. Ao mesmo tempo, alguns guindastes de torre tipo cabe\u00e7a de martelo tamb\u00e9m t\u00eam uma variedade de m\u00e9todos de trabalho, como fixa\u00e7\u00e3o de estabilizadores, fixa\u00e7\u00e3o de chassi, fixa\u00e7\u00e3o de parafusos embutidos, fixa\u00e7\u00e3o de parede externa, etc., que podem se adaptar a diferentes locais de constru\u00e7\u00e3o e requisitos de estrutura de constru\u00e7\u00e3o.<\/p>\n<h3>2. Opera\u00e7\u00e3o e manuten\u00e7\u00e3o<\/h3>\n<h4>Opera\u00e7\u00e3o conveniente:<\/h4>\n<p>A cabine do motorista \u00e9 externa independente, com amplo campo de vis\u00e3o e grande espa\u00e7o interno, o que cria um bom ambiente de trabalho para o operador, tornando conveniente para o motorista observar a opera\u00e7\u00e3o de eleva\u00e7\u00e3o e uma opera\u00e7\u00e3o mais conveniente e precisa.<\/p>\n<h4>Manuten\u00e7\u00e3o simples:<\/h4>\n<p>Devido \u00e0 estrutura relativamente simples e ao uso de sistemas de controle el\u00e9trico e componentes mec\u00e2nicos maduros e confi\u00e1veis, a taxa de falhas dos guindastes tipo cabe\u00e7a de martelo \u00e9 baixa, e a manuten\u00e7\u00e3o di\u00e1ria e o trabalho de manuten\u00e7\u00e3o s\u00e3o relativamente f\u00e1ceis, reduzindo os custos de manuten\u00e7\u00e3o e o tempo de inatividade.<br \/>\nGarantia de seguran\u00e7a<\/p>\n<h4>Dispositivos de seguran\u00e7a completos:<\/h4>\n<p>Equipado com v\u00e1rios dispositivos de seguran\u00e7a mec\u00e2nicos ou mecatr\u00f4nicos, como limitador de peso de eleva\u00e7\u00e3o, limitador de torque, limitador de altura, limitador de amplitude, limitador de giro, etc., ele pode monitorar v\u00e1rios par\u00e2metros em tempo real durante a opera\u00e7\u00e3o do guindaste e emitir um alarme e interromper a opera\u00e7\u00e3o a tempo quando ocorrer uma situa\u00e7\u00e3o anormal, garantindo a seguran\u00e7a do guindaste e do operador.<\/p>\n<h4>Alta confiabilidade:<\/h4>\n<p>O sistema de controle el\u00e9trico adota controle PLC, o que melhora a confiabilidade e a seguran\u00e7a do sistema. Ao mesmo tempo, adota componentes el\u00e9tricos produzidos por f\u00e1bricas el\u00e9tricas profissionais com tecnologia estrangeira avan\u00e7ada, que t\u00eam longa vida \u00fatil e poucas falhas, garantindo ainda mais a opera\u00e7\u00e3o est\u00e1vel do guindaste.<\/p>","protected":false},"excerpt":{"rendered":"<h4 class=\"elementor-heading-title elementor-size-default\" style=\"text-align: center; padding-bottom: 30px;\">Guindaste de torre tipo cabe\u00e7a de martelo<\/h4>\n<div>O guindaste de torre hammerhead, tamb\u00e9m chamado de guindaste de torre topkit, apresenta uma lan\u00e7a horizontal como sua estrutura prim\u00e1ria, com o raio de eleva\u00e7\u00e3o ajustado pela movimenta\u00e7\u00e3o do carrinho de carga. Ele ostenta um grande momento de eleva\u00e7\u00e3o, alta velocidade de trabalho e uma ampla faixa operacional. Conhecido por sua facilidade de opera\u00e7\u00e3o e manuten\u00e7\u00e3o direta, o guindaste \u00e9 equipado com v\u00e1rios dispositivos de seguran\u00e7a para garantir a seguran\u00e7a operacional. \u00c9 comumente utilizado para elevar cargas pesadas em v\u00e1rios projetos de constru\u00e7\u00e3o.<\/div>\n<div><\/div>\n<div>\n<hr \/>\n<\/div>\n<p><img loading=\"lazy\" decoding=\"async\" class=\"alignnone wp-image-257\" src=\"https:\/\/www.soaogroup.com\/wp-content\/uploads\/2025\/02\/\u672a\u6807\u9898-2.jpg\" alt=\"\" width=\"48\" height=\"50\" \/>\u00a0 Whatsapp :<a href=\"https:\/\/api.whatsapp.com\/send?phone=8613395319660\" target=\"_blank\" rel=\"noopener\">\u00a0+8613395319660 <\/a><\/p>\n<div>\n<hr \/>\n<\/div>\n<p><img loading=\"lazy\" decoding=\"async\" class=\"alignnone wp-image-258\" src=\"https:\/\/www.soaogroup.com\/wp-content\/uploads\/2025\/02\/emaillogoblue.jpg\" alt=\"\" width=\"48\" height=\"55\" \/>\u00a0\u00a0E-mail : <a href=\"mailto:sales@sdsoao.com\" target=\"_blank\" rel=\"noopener\">\u00a0sales@sdsoao.com<\/a><\/p>\n<div>\n<hr \/>\n<\/div>\n<h3><\/h3>\n<div><\/div>","protected":false},"featured_media":5862,"comment_status":"closed","ping_status":"closed","template":"","meta":[],"product_brand":[],"product_cat":[26],"product_tag":[],"class_list":{"0":"post-447","1":"product","2":"type-product","3":"status-publish","4":"has-post-thumbnail","6":"product_cat-tower-crane-list","8":"first","9":"instock","10":"featured","11":"shipping-taxable","12":"product-type-simple"},"_links":{"self":[{"href":"https:\/\/www.soaogroup.com\/pt\/wp-json\/wp\/v2\/product\/447","targetHints":{"allow":["GET"]}}],"collection":[{"href":"https:\/\/www.soaogroup.com\/pt\/wp-json\/wp\/v2\/product"}],"about":[{"href":"https:\/\/www.soaogroup.com\/pt\/wp-json\/wp\/v2\/types\/product"}],"replies":[{"embeddable":true,"href":"https:\/\/www.soaogroup.com\/pt\/wp-json\/wp\/v2\/comments?post=447"}],"wp:featuredmedia":[{"embeddable":true,"href":"https:\/\/www.soaogroup.com\/pt\/wp-json\/wp\/v2\/media\/5862"}],"wp:attachment":[{"href":"https:\/\/www.soaogroup.com\/pt\/wp-json\/wp\/v2\/media?parent=447"}],"wp:term":[{"taxonomy":"product_brand","embeddable":true,"href":"https:\/\/www.soaogroup.com\/pt\/wp-json\/wp\/v2\/product_brand?post=447"},{"taxonomy":"product_cat","embeddable":true,"href":"https:\/\/www.soaogroup.com\/pt\/wp-json\/wp\/v2\/product_cat?post=447"},{"taxonomy":"product_tag","embeddable":true,"href":"https:\/\/www.soaogroup.com\/pt\/wp-json\/wp\/v2\/product_tag?post=447"}],"curies":[{"name":"wp","href":"https:\/\/api.w.org\/{rel}","templated":true}]}}