{"id":280,"date":"2025-01-14T17:22:54","date_gmt":"2025-01-14T09:22:54","guid":{"rendered":"https:\/\/www.soaogroup.com\/?post_type=product&#038;p=280"},"modified":"2025-04-24T15:31:45","modified_gmt":"2025-04-24T07:31:45","slug":"18t-crawler-excavator-se180","status":"publish","type":"product","link":"https:\/\/www.soaogroup.com\/pt\/produto\/18t-crawler-excavator-se180\/","title":{"rendered":"Escavadeira de esteira 18t SE180"},"content":{"rendered":"<h2>Detalhes do produto:<\/h2>\n<table>\n<tbody>\n<tr>\n<td colspan=\"2\" width=\"437\"><strong><b>Especifica\u00e7\u00f5es<\/b><\/strong><\/td>\n<\/tr>\n<tr>\n<td width=\"243\">Modelo<\/td>\n<td width=\"194\">Escavadeira de esteira SE180<\/td>\n<\/tr>\n<tr>\n<td width=\"243\">Peso operacional<\/td>\n<td width=\"194\">18000 kg<\/td>\n<\/tr>\n<tr>\n<td width=\"243\">Capacidade do balde<\/td>\n<td width=\"194\">0,8 m\u00b3<\/td>\n<\/tr>\n<tr>\n<td width=\"243\">Velocidade do Swing<\/td>\n<td width=\"194\">0-12 rpm<\/td>\n<\/tr>\n<tr>\n<td width=\"243\">Inclina\u00e7\u00e3o<\/td>\n<td width=\"194\">30\u00b0<\/td>\n<\/tr>\n<tr>\n<td width=\"243\">Modelo do motor<\/td>\n<td width=\"194\">QSF3.8<\/td>\n<\/tr>\n<tr>\n<td width=\"243\">Velocidade de pot\u00eancia\/revolu\u00e7\u00e3o<\/td>\n<td width=\"194\">93\/2200 kW\/rmp<\/td>\n<\/tr>\n<tr>\n<td colspan=\"2\" width=\"437\"><strong><b>Tamanho da m\u00e1quina<\/b><\/strong><\/td>\n<\/tr>\n<tr>\n<td width=\"243\">Dimens\u00e3o (C*L*A)<\/td>\n<td width=\"194\">8540X2720X2920 mil\u00edmetros<\/td>\n<\/tr>\n<tr>\n<td width=\"243\">Altura da cabine<\/td>\n<td width=\"194\">2920 mil\u00edmetros<\/td>\n<\/tr>\n<tr>\n<td width=\"243\">Base do eixo<\/td>\n<td width=\"194\">3200 mil\u00edmetros<\/td>\n<\/tr>\n<tr>\n<td width=\"243\">Dist\u00e2ncia da roda (trilha)<\/td>\n<td width=\"194\">2120 mil\u00edmetros<\/td>\n<\/tr>\n<tr>\n<td width=\"243\">Dist\u00e2ncia m\u00ednima ao solo<\/td>\n<td width=\"194\">480 mil\u00edmetros<\/td>\n<\/tr>\n<tr>\n<td width=\"243\">Raio de giro da cauda<\/td>\n<td width=\"194\">2430 mil\u00edmetros<\/td>\n<\/tr>\n<tr>\n<td colspan=\"2\" width=\"437\"><strong><b>Faixa de trabalho<\/b><\/strong><\/td>\n<\/tr>\n<tr>\n<td width=\"243\">Altura M\u00e1xima de Escava\u00e7\u00e3o<\/td>\n<td width=\"194\">9430 mil\u00edmetros<\/td>\n<\/tr>\n<tr>\n<td width=\"243\">Altura m\u00e1xima de despejo<\/td>\n<td width=\"194\">6960 mil\u00edmetros<\/td>\n<\/tr>\n<tr>\n<td width=\"243\">Profundidade M\u00e1xima de Escava\u00e7\u00e3o<\/td>\n<td width=\"194\">5975 mil\u00edmetros<\/td>\n<\/tr>\n<tr>\n<td width=\"243\">Profundidade m\u00e1xima de escava\u00e7\u00e3o vertical<\/td>\n<td width=\"194\">5630 mil\u00edmetros<\/td>\n<\/tr>\n<tr>\n<td width=\"243\">Raio M\u00e1x. de Escava\u00e7\u00e3o<\/td>\n<td width=\"194\">8985 mil\u00edmetros<\/td>\n<\/tr>\n<tr>\n<td width=\"243\">Raio de giro m\u00ednimo<\/td>\n<td width=\"194\">2725 mil\u00edmetros<\/td>\n<\/tr>\n<\/tbody>\n<\/table>\n<p><iframe title=\"Escavadeira de esteira SE180 \u00e0 venda\" width=\"800\" height=\"450\" src=\"https:\/\/www.youtube.com\/embed\/qGxILbE6LOY?feature=oembed\" frameborder=\"0\" allow=\"accelerometer; autoplay; clipboard-write; encrypted-media; gyroscope; picture-in-picture; web-share\" referrerpolicy=\"strict-origin-when-cross-origin\" allowfullscreen><\/iframe><\/p>\n<h2>Caracter\u00edsticas do produto:<\/h2>\n<p><span class=\"relative -mx-px my-[-0.2rem] rounded px-px py-[0.2rem] transition-colors duration-100 ease-in-out\">Seu sistema hidr\u00e1ulico avan\u00e7ado proporciona controle suave e preciso, aumentando a efici\u00eancia operacional.<\/span> <span class=\"relative -mx-px my-[-0.2rem] rounded px-px py-[0.2rem] transition-colors duration-100 ease-in-out\">A cabine do operador foi projetada ergonomicamente com visibilidade aprimorada e controles intuitivos, garantindo conforto e reduzindo a fadiga durante longos per\u00edodos de trabalho.<\/span> <span class=\"relative -mx-px my-[-0.2rem] rounded px-px py-[0.2rem] transition-colors duration-100 ease-in-out\">Com f\u00e1cil acesso para manuten\u00e7\u00e3o e recursos de seguran\u00e7a abrangentes, o SE180 minimiza o tempo de inatividade e maximiza a produtividade.<\/span> <span class=\"relative -mx-px my-[-0.2rem] rounded px-px py-[0.2rem] transition-colors duration-100 ease-in-out\">Quer voc\u00ea esteja lidando com projetos de infraestrutura urbana ou terrenos desafiadores, a escavadeira de esteira SOAO SE180 oferece o desempenho, a confiabilidade e a efici\u00eancia dos quais os profissionais dependem.<\/span><\/p>\n<h2><img fetchpriority=\"high\" decoding=\"async\" class=\"alignnone size-full wp-image-346\" src=\"https:\/\/www.soaogroup.com\/wp-content\/uploads\/2025\/01\/215-2_\u55e8\u683c\u5f0f\u538b\u7f29\u526f\u672c_\u7ed3\u679c.webp\" alt=\"\" width=\"2250\" height=\"750\" srcset=\"https:\/\/www.soaogroup.com\/wp-content\/uploads\/2025\/01\/215-2_\u55e8\u683c\u5f0f\u538b\u7f29\u526f\u672c_\u7ed3\u679c.webp 2250w, https:\/\/www.soaogroup.com\/wp-content\/uploads\/2025\/01\/215-2_\u55e8\u683c\u5f0f\u538b\u7f29\u526f\u672c_\u7ed3\u679c-600x200.webp 600w, https:\/\/www.soaogroup.com\/wp-content\/uploads\/2025\/01\/215-2_\u55e8\u683c\u5f0f\u538b\u7f29\u526f\u672c_\u7ed3\u679c-300x100.webp 300w, https:\/\/www.soaogroup.com\/wp-content\/uploads\/2025\/01\/215-2_\u55e8\u683c\u5f0f\u538b\u7f29\u526f\u672c_\u7ed3\u679c-1024x341.webp 1024w, https:\/\/www.soaogroup.com\/wp-content\/uploads\/2025\/01\/215-2_\u55e8\u683c\u5f0f\u538b\u7f29\u526f\u672c_\u7ed3\u679c-768x256.webp 768w, https:\/\/www.soaogroup.com\/wp-content\/uploads\/2025\/01\/215-2_\u55e8\u683c\u5f0f\u538b\u7f29\u526f\u672c_\u7ed3\u679c-1536x512.webp 1536w, https:\/\/www.soaogroup.com\/wp-content\/uploads\/2025\/01\/215-2_\u55e8\u683c\u5f0f\u538b\u7f29\u526f\u672c_\u7ed3\u679c-2048x683.webp 2048w\" sizes=\"(max-width: 2250px) 100vw, 2250px\" \/><\/h2>","protected":false},"excerpt":{"rendered":"<h4 class=\"elementor-heading-title elementor-size-default\" style=\"text-align: center; padding-bottom: 30px;\">Escavadeira de esteira 18t SE180<\/h4>\n<div><span class=\"relative -mx-px my-[-0.2rem] rounded px-px py-[0.2rem] transition-colors duration-100 ease-in-out\">A escavadeira de esteira SOAO SE180 de 18 t \u00e9 uma m\u00e1quina robusta e vers\u00e1til, projetada para tarefas exigentes de constru\u00e7\u00e3o e terraplenagem.<\/span> <span class=\"relative -mx-px my-[-0.2rem] rounded px-px py-[0.2rem] transition-colors duration-100 ease-in-out\">Seu motor potente proporciona for\u00e7a de escava\u00e7\u00e3o e capacidade de eleva\u00e7\u00e3o excepcionais, tornando-o ideal para projetos de grande porte, como constru\u00e7\u00e3o de estradas, minera\u00e7\u00e3o e escava\u00e7\u00f5es pesadas.<\/span> <span class=\"relative -mx-px my-[-0.2rem] rounded px-px py-[0.2rem] transition-colors duration-100 ease-in-out\">O SE180 conta com um chassi dur\u00e1vel e lan\u00e7a e bra\u00e7o refor\u00e7ados, garantindo estabilidade e longevidade mesmo nas condi\u00e7\u00f5es mais dif\u00edceis.<\/span><\/div>\n<div><\/div>\n<div>\n<hr \/>\n<\/div>\n<p><img decoding=\"async\" class=\"alignnone wp-image-257\" src=\"https:\/\/www.soaogroup.com\/wp-content\/uploads\/2025\/02\/\u672a\u6807\u9898-2.jpg\" alt=\"\" width=\"48\" height=\"50\" \/>\u00a0 Whatsapp :<a href=\"https:\/\/api.whatsapp.com\/send?phone=8613395319660\" target=\"_blank\" rel=\"noopener\">\u00a0+8613395319660 <\/a><\/p>\n<div>\n<hr \/>\n<\/div>\n<p><img decoding=\"async\" class=\"alignnone wp-image-258\" src=\"https:\/\/www.soaogroup.com\/wp-content\/uploads\/2025\/02\/emaillogoblue.jpg\" alt=\"\" width=\"48\" height=\"55\" \/>\u00a0\u00a0E-mail : <a href=\"mailto:sales@sdsoao.com\" target=\"_blank\" rel=\"noopener\">\u00a0sales@sdsoao.com<\/a><\/p>\n<div>\n<hr \/>\n<\/div>\n<div><\/div>","protected":false},"featured_media":5749,"comment_status":"open","ping_status":"closed","template":"","meta":[],"product_brand":[],"product_cat":[20,21],"product_tag":[],"class_list":{"0":"post-280","1":"product","2":"type-product","3":"status-publish","4":"has-post-thumbnail","6":"product_cat-excavator","7":"product_cat-large-excavator","9":"first","10":"instock","11":"featured","12":"shipping-taxable","13":"product-type-simple"},"_links":{"self":[{"href":"https:\/\/www.soaogroup.com\/pt\/wp-json\/wp\/v2\/product\/280","targetHints":{"allow":["GET"]}}],"collection":[{"href":"https:\/\/www.soaogroup.com\/pt\/wp-json\/wp\/v2\/product"}],"about":[{"href":"https:\/\/www.soaogroup.com\/pt\/wp-json\/wp\/v2\/types\/product"}],"replies":[{"embeddable":true,"href":"https:\/\/www.soaogroup.com\/pt\/wp-json\/wp\/v2\/comments?post=280"}],"wp:featuredmedia":[{"embeddable":true,"href":"https:\/\/www.soaogroup.com\/pt\/wp-json\/wp\/v2\/media\/5749"}],"wp:attachment":[{"href":"https:\/\/www.soaogroup.com\/pt\/wp-json\/wp\/v2\/media?parent=280"}],"wp:term":[{"taxonomy":"product_brand","embeddable":true,"href":"https:\/\/www.soaogroup.com\/pt\/wp-json\/wp\/v2\/product_brand?post=280"},{"taxonomy":"product_cat","embeddable":true,"href":"https:\/\/www.soaogroup.com\/pt\/wp-json\/wp\/v2\/product_cat?post=280"},{"taxonomy":"product_tag","embeddable":true,"href":"https:\/\/www.soaogroup.com\/pt\/wp-json\/wp\/v2\/product_tag?post=280"}],"curies":[{"name":"wp","href":"https:\/\/api.w.org\/{rel}","templated":true}]}}