{"id":277,"date":"2025-01-15T09:34:54","date_gmt":"2025-01-15T01:34:54","guid":{"rendered":"https:\/\/www.soaogroup.com\/?post_type=product&#038;p=277"},"modified":"2025-04-18T16:45:41","modified_gmt":"2025-04-18T08:45:41","slug":"18t-wheel-excavator-se180","status":"publish","type":"product","link":"https:\/\/www.soaogroup.com\/pt\/produto\/18t-wheel-excavator-se180\/","title":{"rendered":"Escavadeira de rodas 18t SE180"},"content":{"rendered":"<h2>Detalhes do produto:<\/h2>\n<table>\n<tbody>\n<tr>\n<td colspan=\"2\" width=\"437\">\n<p style=\"text-align: center;\"><strong><b>Especifica\u00e7\u00f5es<\/b><\/strong><\/p>\n<\/td>\n<\/tr>\n<tr>\n<td width=\"243\">Modelo<\/td>\n<td width=\"194\">Escavadeira de rodas SE180<\/td>\n<\/tr>\n<tr>\n<td width=\"243\">Peso operacional<\/td>\n<td width=\"194\">18000 kg<\/td>\n<\/tr>\n<tr>\n<td width=\"243\">Capacidade do balde<\/td>\n<td width=\"194\">0,8 m\u00b3<\/td>\n<\/tr>\n<tr>\n<td width=\"243\">Velocidade do Swing<\/td>\n<td width=\"194\">0-12 rpm<\/td>\n<\/tr>\n<tr>\n<td width=\"243\">Inclina\u00e7\u00e3o<\/td>\n<td width=\"194\">25\u00b0<\/td>\n<\/tr>\n<tr>\n<td width=\"243\">For\u00e7a m\u00e1xima de escava\u00e7\u00e3o da ca\u00e7amba<\/td>\n<td width=\"194\">100 KN<\/td>\n<\/tr>\n<tr>\n<td width=\"243\">For\u00e7a m\u00e1xima de escava\u00e7\u00e3o do bra\u00e7o<\/td>\n<td width=\"194\">70 KN<\/td>\n<\/tr>\n<tr>\n<td width=\"243\">Modelo do motor<\/td>\n<td width=\"194\">B5.9CS4-150C<\/td>\n<\/tr>\n<tr>\n<td width=\"243\">Velocidade de pot\u00eancia\/revolu\u00e7\u00e3o<\/td>\n<td width=\"194\">110\/2200 kW\/rmp<\/td>\n<\/tr>\n<tr>\n<td colspan=\"2\" width=\"437\">\n<p style=\"text-align: center;\"><strong><b>Tamanho da m\u00e1quina<\/b><\/strong><\/p>\n<\/td>\n<\/tr>\n<tr>\n<td width=\"243\">Dimens\u00e3o (C*L*A)<\/td>\n<td width=\"194\">8050X2500X3255 mil\u00edmetros<\/td>\n<\/tr>\n<tr>\n<td width=\"243\">Altura da cabine<\/td>\n<td width=\"194\">3150 mil\u00edmetros<\/td>\n<\/tr>\n<tr>\n<td width=\"243\">Base do eixo<\/td>\n<td width=\"194\">2600 mil\u00edmetros<\/td>\n<\/tr>\n<tr>\n<td width=\"243\">Dist\u00e2ncia da roda (trilha)<\/td>\n<td width=\"194\">1955 mil\u00edmetros<\/td>\n<\/tr>\n<tr>\n<td width=\"243\">Dist\u00e2ncia m\u00ednima ao solo<\/td>\n<td width=\"194\">293 mil\u00edmetros<\/td>\n<\/tr>\n<tr>\n<td width=\"243\">Raio de giro da cauda<\/td>\n<td width=\"194\">2335 mil\u00edmetros<\/td>\n<\/tr>\n<tr>\n<td colspan=\"2\" width=\"437\">\n<p style=\"text-align: center;\"><strong><b>Faixa de trabalho<\/b><\/strong><\/p>\n<\/td>\n<\/tr>\n<tr>\n<td width=\"243\">Altura M\u00e1xima de Escava\u00e7\u00e3o<\/td>\n<td width=\"194\">9200 mil\u00edmetros<\/td>\n<\/tr>\n<tr>\n<td width=\"243\">Altura m\u00e1xima de despejo<\/td>\n<td width=\"194\">6620 mil\u00edmetros<\/td>\n<\/tr>\n<tr>\n<td width=\"243\">Profundidade M\u00e1xima de Escava\u00e7\u00e3o<\/td>\n<td width=\"194\">5350 mil\u00edmetros<\/td>\n<\/tr>\n<tr>\n<td width=\"243\">Profundidade m\u00e1xima de escava\u00e7\u00e3o vertical<\/td>\n<td width=\"194\">4685 mil\u00edmetros<\/td>\n<\/tr>\n<tr>\n<td width=\"243\">Raio M\u00e1x. de Escava\u00e7\u00e3o<\/td>\n<td width=\"194\">8480 mil\u00edmetros<\/td>\n<\/tr>\n<tr>\n<td width=\"243\">Raio de giro m\u00ednimo<\/td>\n<td width=\"194\">2732 mil\u00edmetros<\/td>\n<\/tr>\n<tr>\n<td width=\"243\">Dist\u00e2ncia m\u00e1xima de eleva\u00e7\u00e3o da l\u00e2mina do trator<\/td>\n<td width=\"194\">420 mil\u00edmetros<\/td>\n<\/tr>\n<tr>\n<td width=\"243\">Dist\u00e2ncia m\u00e1xima de corte da l\u00e2mina dozer<\/td>\n<td width=\"194\">85 mil\u00edmetros<\/td>\n<\/tr>\n<\/tbody>\n<\/table>\n<p>&nbsp;<\/p>\n<h2>V\u00eddeo da escavadeira de rodas SE180:<\/h2>\n<p><iframe title=\"Escavadeira de rodas grandes SE180 \u00e0 venda\" width=\"800\" height=\"450\" src=\"https:\/\/www.youtube.com\/embed\/xyRGj2yCecE?feature=oembed\" frameborder=\"0\" allow=\"accelerometer; autoplay; clipboard-write; encrypted-media; gyroscope; picture-in-picture; web-share\" referrerpolicy=\"strict-origin-when-cross-origin\" allowfullscreen><\/iframe><\/p>\n<h2>Aplicativo:<\/h2>\n<p style=\"text-align: left;\">A escavadeira grande SE180 \u00e9 uma m\u00e1quina pesada e potente amplamente utilizada em muitas ind\u00fastrias. Primeiro, ela desempenha um papel importante em projetos de constru\u00e7\u00e3o e pode concluir com efici\u00eancia escava\u00e7\u00f5es de funda\u00e7\u00f5es, terraplenagem e constru\u00e7\u00e3o de funda\u00e7\u00f5es. Segundo, na minera\u00e7\u00e3o, a SE180 \u00e9 adequada para opera\u00e7\u00f5es pesadas, como britagem de rochas e manuseio de min\u00e9rios, devido \u00e0 sua forte pot\u00eancia e durabilidade. Ela tamb\u00e9m \u00e9 amplamente utilizada na constru\u00e7\u00e3o de estradas para escava\u00e7\u00e3o de terras, nivelamento de leitos de estradas e opera\u00e7\u00f5es de aterros, melhorando significativamente a efici\u00eancia da constru\u00e7\u00e3o. Al\u00e9m disso, a SE180 tem um bom desempenho em opera\u00e7\u00f5es portu\u00e1rias e terminais, e pode realizar carga e descarga de cont\u00eaineres, empilhamento de terras, etc. Sua excelente capacidade operacional e desempenho eficiente a tornam um equipamento indispens\u00e1vel em projetos de engenharia pesada, e \u00e9 particularmente adequada para ambientes de trabalho complexos e severos.<\/p>","protected":false},"excerpt":{"rendered":"<h4 class=\"elementor-heading-title elementor-size-default\" style=\"text-align: center; padding-bottom: 30px;\">Escavadeira de rodas 18t SE180<\/h4>\n<div>Experimente pot\u00eancia de n\u00edvel superior com a Escavadeira de Rodas SOAO SE180 de 18 t \u2013 uma m\u00e1quina robusta projetada para tarefas exigentes de escava\u00e7\u00e3o, carregamento e constru\u00e7\u00e3o. Com capacidade de 18 toneladas, estabilidade aprimorada e efici\u00eancia hidr\u00e1ulica avan\u00e7ada, a SE180 oferece desempenho superior em projetos de grande porte. Ideal para minera\u00e7\u00e3o, infraestrutura e aplica\u00e7\u00f5es industriais. Descubra a Escavadeira de Rodas SOAO SE180 hoje mesmo para durabilidade e produtividade incompar\u00e1veis!<\/div>\n<div><\/div>\n<div>\n<hr \/>\n<\/div>\n<p><img decoding=\"async\" class=\"alignnone wp-image-257\" src=\"https:\/\/www.soaogroup.com\/wp-content\/uploads\/2025\/02\/\u672a\u6807\u9898-2.jpg\" alt=\"\" width=\"48\" height=\"50\" \/>\u00a0 Whatsapp :<a href=\"https:\/\/api.whatsapp.com\/send?phone=8613395319660\" target=\"_blank\" rel=\"noopener\">\u00a0+8613395319660 <\/a><\/p>\n<div>\n<hr \/>\n<\/div>\n<p><img decoding=\"async\" class=\"alignnone wp-image-258\" src=\"https:\/\/www.soaogroup.com\/wp-content\/uploads\/2025\/02\/emaillogoblue.jpg\" alt=\"\" width=\"48\" height=\"55\" \/>\u00a0\u00a0E-mail : <a href=\"mailto:sales@sdsoao.com\" target=\"_blank\" rel=\"noopener\">\u00a0sales@sdsoao.com<\/a><\/p>\n<div>\n<hr \/>\n<\/div>\n<div><\/div>","protected":false},"featured_media":5672,"comment_status":"open","ping_status":"closed","template":"","meta":[],"product_brand":[],"product_cat":[20,21],"product_tag":[],"class_list":{"0":"post-277","1":"product","2":"type-product","3":"status-publish","4":"has-post-thumbnail","6":"product_cat-excavator","7":"product_cat-large-excavator","9":"first","10":"instock","11":"featured","12":"shipping-taxable","13":"product-type-simple"},"_links":{"self":[{"href":"https:\/\/www.soaogroup.com\/pt\/wp-json\/wp\/v2\/product\/277","targetHints":{"allow":["GET"]}}],"collection":[{"href":"https:\/\/www.soaogroup.com\/pt\/wp-json\/wp\/v2\/product"}],"about":[{"href":"https:\/\/www.soaogroup.com\/pt\/wp-json\/wp\/v2\/types\/product"}],"replies":[{"embeddable":true,"href":"https:\/\/www.soaogroup.com\/pt\/wp-json\/wp\/v2\/comments?post=277"}],"wp:featuredmedia":[{"embeddable":true,"href":"https:\/\/www.soaogroup.com\/pt\/wp-json\/wp\/v2\/media\/5672"}],"wp:attachment":[{"href":"https:\/\/www.soaogroup.com\/pt\/wp-json\/wp\/v2\/media?parent=277"}],"wp:term":[{"taxonomy":"product_brand","embeddable":true,"href":"https:\/\/www.soaogroup.com\/pt\/wp-json\/wp\/v2\/product_brand?post=277"},{"taxonomy":"product_cat","embeddable":true,"href":"https:\/\/www.soaogroup.com\/pt\/wp-json\/wp\/v2\/product_cat?post=277"},{"taxonomy":"product_tag","embeddable":true,"href":"https:\/\/www.soaogroup.com\/pt\/wp-json\/wp\/v2\/product_tag?post=277"}],"curies":[{"name":"wp","href":"https:\/\/api.w.org\/{rel}","templated":true}]}}