{"id":275,"date":"2025-01-15T09:05:34","date_gmt":"2025-01-15T01:05:34","guid":{"rendered":"https:\/\/www.soaogroup.com\/?post_type=product&#038;p=275"},"modified":"2025-04-18T16:47:02","modified_gmt":"2025-04-18T08:47:02","slug":"15t-large-excavator-se150","status":"publish","type":"product","link":"https:\/\/www.soaogroup.com\/pt\/produto\/15t-large-excavator-se150\/","title":{"rendered":"Escavadeira de rodas 15t SE150"},"content":{"rendered":"<h2>Detalhes do produto:<\/h2>\n<table>\n<tbody>\n<tr>\n<td colspan=\"2\" width=\"437\">\n<p style=\"text-align: center;\"><strong><b>Especifica\u00e7\u00f5es<\/b><\/strong><\/p>\n<\/td>\n<\/tr>\n<tr>\n<td width=\"243\">Modelo<\/td>\n<td width=\"194\">Escavadeira de rodas SE150<\/td>\n<\/tr>\n<tr>\n<td width=\"243\">Peso operacional<\/td>\n<td width=\"194\">15000 kg<\/td>\n<\/tr>\n<tr>\n<td width=\"243\">Capacidade do balde<\/td>\n<td width=\"194\">0,6 m\u00b3<\/td>\n<\/tr>\n<tr>\n<td width=\"243\">Velocidade do Swing<\/td>\n<td width=\"194\">0-12 rpm<\/td>\n<\/tr>\n<tr>\n<td width=\"243\">Inclina\u00e7\u00e3o<\/td>\n<td width=\"194\">25\u00b0<\/td>\n<\/tr>\n<tr>\n<td width=\"243\">For\u00e7a m\u00e1xima de escava\u00e7\u00e3o da ca\u00e7amba<\/td>\n<td width=\"194\">91 KN<\/td>\n<\/tr>\n<tr>\n<td width=\"243\">For\u00e7a m\u00e1xima de escava\u00e7\u00e3o do bra\u00e7o<\/td>\n<td width=\"194\">55 KN<\/td>\n<\/tr>\n<tr>\n<td width=\"243\">Modelo do motor<\/td>\n<td width=\"194\">WP4.6N<\/td>\n<\/tr>\n<tr>\n<td width=\"243\">Velocidade de pot\u00eancia\/revolu\u00e7\u00e3o<\/td>\n<td width=\"194\">110\/2000 kW\/rmp<\/td>\n<\/tr>\n<tr>\n<td colspan=\"2\" width=\"437\">\n<p style=\"text-align: center;\"><strong><b>Tamanho da m\u00e1quina<\/b><\/strong><\/p>\n<\/td>\n<\/tr>\n<tr>\n<td width=\"243\">Dimens\u00e3o (C*L*A)<\/td>\n<td width=\"194\">7677X2550X3377 mil\u00edmetros<\/td>\n<\/tr>\n<tr>\n<td width=\"243\">Altura da cabine<\/td>\n<td width=\"194\">3100 mil\u00edmetros<\/td>\n<\/tr>\n<tr>\n<td width=\"243\">Base do eixo<\/td>\n<td width=\"194\">2500 mil\u00edmetros<\/td>\n<\/tr>\n<tr>\n<td width=\"243\">Dist\u00e2ncia da roda (trilha)<\/td>\n<td width=\"194\">1955 mil\u00edmetros<\/td>\n<\/tr>\n<tr>\n<td width=\"243\">Dist\u00e2ncia m\u00ednima ao solo<\/td>\n<td width=\"194\">290 mil\u00edmetros<\/td>\n<\/tr>\n<tr>\n<td width=\"243\">Raio de giro da cauda<\/td>\n<td width=\"194\">2365 mil\u00edmetros<\/td>\n<\/tr>\n<tr>\n<td colspan=\"2\" width=\"437\">\n<p style=\"text-align: center;\"><strong><b>Faixa de trabalho<\/b><\/strong><\/p>\n<\/td>\n<\/tr>\n<tr>\n<td width=\"243\">Altura M\u00e1xima de Escava\u00e7\u00e3o<\/td>\n<td width=\"194\">8900 mil\u00edmetros<\/td>\n<\/tr>\n<tr>\n<td width=\"243\">Altura m\u00e1xima de despejo<\/td>\n<td width=\"194\">6300 mil\u00edmetros<\/td>\n<\/tr>\n<tr>\n<td width=\"243\">Profundidade M\u00e1xima de Escava\u00e7\u00e3o<\/td>\n<td width=\"194\">5180 mil\u00edmetros<\/td>\n<\/tr>\n<tr>\n<td width=\"243\">Profundidade m\u00e1xima de escava\u00e7\u00e3o vertical<\/td>\n<td width=\"194\">4745 mil\u00edmetros<\/td>\n<\/tr>\n<tr>\n<td width=\"243\">Raio M\u00e1x. de Escava\u00e7\u00e3o<\/td>\n<td width=\"194\">8200 mil\u00edmetros<\/td>\n<\/tr>\n<tr>\n<td width=\"243\">Raio de giro m\u00ednimo<\/td>\n<td width=\"194\">2650 mil\u00edmetros<\/td>\n<\/tr>\n<tr>\n<td width=\"243\">Dist\u00e2ncia m\u00e1xima de eleva\u00e7\u00e3o da l\u00e2mina do trator<\/td>\n<td width=\"194\">350 mil\u00edmetros<\/td>\n<\/tr>\n<tr>\n<td width=\"243\">Dist\u00e2ncia m\u00e1xima de corte da l\u00e2mina dozer<\/td>\n<td width=\"194\">60 mil\u00edmetros<\/td>\n<\/tr>\n<\/tbody>\n<\/table>\n<h3>V\u00eddeo da escavadeira grande SE150D:<\/h3>\n<p><iframe title=\"Escavadeira de rodas grandes SE150 \u00e0 venda\" width=\"800\" height=\"450\" src=\"https:\/\/www.youtube.com\/embed\/tvc_LgL6mr8?feature=oembed\" frameborder=\"0\" allow=\"accelerometer; autoplay; clipboard-write; encrypted-media; gyroscope; picture-in-picture; web-share\" referrerpolicy=\"strict-origin-when-cross-origin\" allowfullscreen><\/iframe><\/p>\n<h2>Aplicativo:<\/h2>\n<p>A escavadeira de grande porte SE150 desempenha um papel de lideran\u00e7a em diversos projetos com seu excelente desempenho. Durante a constru\u00e7\u00e3o, ela pode cavar profundamente a funda\u00e7\u00e3o de grandes edif\u00edcios para criar uma base s\u00f3lida para edif\u00edcios altos; em opera\u00e7\u00f5es municipais, pode cavar rapidamente valas para o abastecimento de \u00e1gua e drenagem urbanas, garantindo a constru\u00e7\u00e3o da infraestrutura. Na minera\u00e7\u00e3o, a SE150 carrega min\u00e9rio com efici\u00eancia e \u00e9 combinada com ve\u00edculos de transporte para melhorar a efici\u00eancia da minera\u00e7\u00e3o. Em projetos de conserva\u00e7\u00e3o de \u00e1gua em terras agr\u00edcolas, grandes canais de irriga\u00e7\u00e3o s\u00e3o cavados para otimizar as condi\u00e7\u00f5es de irriga\u00e7\u00e3o agr\u00edcola. Na constru\u00e7\u00e3o de jardins paisag\u00edsticos de grande porte, ela \u00e9 respons\u00e1vel por mover pedras, moldar o terreno e construir paisagens magn\u00edficas. Devido \u00e0 sua pot\u00eancia, controle flex\u00edvel e durabilidade confi\u00e1vel, a SE150 \u00e9 amplamente utilizada em diversos campos para promover o desenvolvimento eficiente de projetos.<\/p>","protected":false},"excerpt":{"rendered":"<h4 class=\"elementor-heading-title elementor-size-default\" style=\"text-align: center; padding-bottom: 30px;\">Escavadeira de rodas 15t SE150<\/h4>\n<div>Maximize a efici\u00eancia com a Escavadeira de Rodas SOAO SE150 de 15 t \u2013 uma m\u00e1quina de alto desempenho projetada para projetos pesados de escava\u00e7\u00e3o, eleva\u00e7\u00e3o e constru\u00e7\u00e3o. Com uma potente capacidade de 15 toneladas, estabilidade superior e sistema hidr\u00e1ulico avan\u00e7ado, a SE150 oferece precis\u00e3o e durabilidade em qualquer canteiro de obras. Perfeita para constru\u00e7\u00e3o de estradas, desenvolvimento urbano e aplica\u00e7\u00f5es industriais. Explore a Escavadeira de Rodas SOAO SE150 hoje mesmo e desfrute de pot\u00eancia e confiabilidade incompar\u00e1veis!<\/div>\n<div><\/div>\n<div>\n<hr \/>\n<\/div>\n<p><img decoding=\"async\" class=\"alignnone wp-image-257\" src=\"https:\/\/www.soaogroup.com\/wp-content\/uploads\/2025\/02\/\u672a\u6807\u9898-2.jpg\" alt=\"\" width=\"48\" height=\"50\" \/>\u00a0 Whatsapp :<a href=\"https:\/\/api.whatsapp.com\/send?phone=8613395319660\" target=\"_blank\" rel=\"noopener\">\u00a0+8613395319660 <\/a><\/p>\n<div>\n<hr \/>\n<\/div>\n<p><img decoding=\"async\" class=\"alignnone wp-image-258\" src=\"https:\/\/www.soaogroup.com\/wp-content\/uploads\/2025\/02\/emaillogoblue.jpg\" alt=\"\" width=\"48\" height=\"55\" \/>\u00a0\u00a0E-mail : <a href=\"mailto:sales@sdsoao.com\" target=\"_blank\" rel=\"noopener\">\u00a0sales@sdsoao.com<\/a><\/p>\n<div>\n<hr \/>\n<\/div>\n<h3><\/h3>\n<div><\/div>","protected":false},"featured_media":5675,"comment_status":"closed","ping_status":"closed","template":"","meta":[],"product_brand":[],"product_cat":[20,21],"product_tag":[],"class_list":{"0":"post-275","1":"product","2":"type-product","3":"status-publish","4":"has-post-thumbnail","6":"product_cat-excavator","7":"product_cat-large-excavator","9":"first","10":"instock","11":"shipping-taxable","12":"product-type-simple"},"_links":{"self":[{"href":"https:\/\/www.soaogroup.com\/pt\/wp-json\/wp\/v2\/product\/275","targetHints":{"allow":["GET"]}}],"collection":[{"href":"https:\/\/www.soaogroup.com\/pt\/wp-json\/wp\/v2\/product"}],"about":[{"href":"https:\/\/www.soaogroup.com\/pt\/wp-json\/wp\/v2\/types\/product"}],"replies":[{"embeddable":true,"href":"https:\/\/www.soaogroup.com\/pt\/wp-json\/wp\/v2\/comments?post=275"}],"wp:featuredmedia":[{"embeddable":true,"href":"https:\/\/www.soaogroup.com\/pt\/wp-json\/wp\/v2\/media\/5675"}],"wp:attachment":[{"href":"https:\/\/www.soaogroup.com\/pt\/wp-json\/wp\/v2\/media?parent=275"}],"wp:term":[{"taxonomy":"product_brand","embeddable":true,"href":"https:\/\/www.soaogroup.com\/pt\/wp-json\/wp\/v2\/product_brand?post=275"},{"taxonomy":"product_cat","embeddable":true,"href":"https:\/\/www.soaogroup.com\/pt\/wp-json\/wp\/v2\/product_cat?post=275"},{"taxonomy":"product_tag","embeddable":true,"href":"https:\/\/www.soaogroup.com\/pt\/wp-json\/wp\/v2\/product_tag?post=275"}],"curies":[{"name":"wp","href":"https:\/\/api.w.org\/{rel}","templated":true}]}}