{"id":274,"date":"2025-01-14T17:18:25","date_gmt":"2025-01-14T09:18:25","guid":{"rendered":"https:\/\/www.soaogroup.com\/?post_type=product&#038;p=274"},"modified":"2025-04-18T16:54:57","modified_gmt":"2025-04-18T08:54:57","slug":"12t-wheel-excavator-se120","status":"publish","type":"product","link":"https:\/\/www.soaogroup.com\/pt\/produto\/12t-wheel-excavator-se120\/","title":{"rendered":"Escavadeira de rodas 12t SE120"},"content":{"rendered":"<h2>Detalhes do produto:<\/h2>\n<table>\n<tbody>\n<tr>\n<td colspan=\"2\" width=\"437\">\n<p style=\"text-align: center;\"><strong><b>Especifica\u00e7\u00f5es<\/b><\/strong><\/p>\n<\/td>\n<\/tr>\n<tr>\n<td width=\"243\">Modelo<\/td>\n<td width=\"194\">Escavadeira de rodas SE120<\/td>\n<\/tr>\n<tr>\n<td width=\"243\">Peso operacional<\/td>\n<td width=\"194\">12000 kg<\/td>\n<\/tr>\n<tr>\n<td width=\"243\">Capacidade do balde<\/td>\n<td width=\"194\">0,4 m\u00b3<\/td>\n<\/tr>\n<tr>\n<td width=\"243\">Velocidade do Swing<\/td>\n<td width=\"194\">0-11 rpm<\/td>\n<\/tr>\n<tr>\n<td width=\"243\">Inclina\u00e7\u00e3o<\/td>\n<td width=\"194\">25\u00b0<\/td>\n<\/tr>\n<tr>\n<td width=\"243\">For\u00e7a m\u00e1xima de escava\u00e7\u00e3o da ca\u00e7amba<\/td>\n<td width=\"194\">75 KN<\/td>\n<\/tr>\n<tr>\n<td width=\"243\">For\u00e7a m\u00e1xima de escava\u00e7\u00e3o do bra\u00e7o<\/td>\n<td width=\"194\">52 KN<\/td>\n<\/tr>\n<tr>\n<td width=\"243\">Modelo do motor<\/td>\n<td width=\"194\">YC4DK100<\/td>\n<\/tr>\n<tr>\n<td width=\"243\">Velocidade de pot\u00eancia\/revolu\u00e7\u00e3o<\/td>\n<td width=\"194\">74\/2200 kW\/rmp<\/td>\n<\/tr>\n<tr>\n<td colspan=\"2\" width=\"437\">\n<p style=\"text-align: center;\"><strong><b>Tamanho da m\u00e1quina<\/b><\/strong><\/p>\n<\/td>\n<\/tr>\n<tr>\n<td width=\"243\">Dimens\u00e3o (C*L*A)<\/td>\n<td width=\"194\">7284X2278X3011 mil\u00edmetros<\/td>\n<\/tr>\n<tr>\n<td width=\"243\">Altura da cabine<\/td>\n<td width=\"194\">3011 mil\u00edmetros<\/td>\n<\/tr>\n<tr>\n<td width=\"243\">Base do eixo<\/td>\n<td width=\"194\">2500 mil\u00edmetros<\/td>\n<\/tr>\n<tr>\n<td width=\"243\">Dist\u00e2ncia da roda (trilha)<\/td>\n<td width=\"194\">1782 mil\u00edmetros<\/td>\n<\/tr>\n<tr>\n<td width=\"243\">Dist\u00e2ncia m\u00ednima ao solo<\/td>\n<td width=\"194\">335 mil\u00edmetros<\/td>\n<\/tr>\n<tr>\n<td width=\"243\">Raio de giro da cauda<\/td>\n<td width=\"194\">2159 mil\u00edmetros<\/td>\n<\/tr>\n<tr>\n<td colspan=\"2\" width=\"437\">\n<p style=\"text-align: center;\"><strong><b>Faixa de trabalho<\/b><\/strong><\/p>\n<\/td>\n<\/tr>\n<tr>\n<td width=\"243\">Altura M\u00e1xima de Escava\u00e7\u00e3o<\/td>\n<td width=\"194\">8223 mil\u00edmetros<\/td>\n<\/tr>\n<tr>\n<td width=\"243\">Altura m\u00e1xima de despejo<\/td>\n<td width=\"194\">6300 mil\u00edmetros<\/td>\n<\/tr>\n<tr>\n<td width=\"243\">Profundidade M\u00e1xima de Escava\u00e7\u00e3o<\/td>\n<td width=\"194\">4414 mil\u00edmetros<\/td>\n<\/tr>\n<tr>\n<td width=\"243\">Profundidade m\u00e1xima de escava\u00e7\u00e3o vertical<\/td>\n<td width=\"194\">4032 mil\u00edmetros<\/td>\n<\/tr>\n<tr>\n<td width=\"243\">Raio M\u00e1x. de Escava\u00e7\u00e3o<\/td>\n<td width=\"194\">7364 mil\u00edmetros<\/td>\n<\/tr>\n<tr>\n<td width=\"243\">Raio de giro m\u00ednimo<\/td>\n<td width=\"194\">1989 mil\u00edmetros<\/td>\n<\/tr>\n<tr>\n<td width=\"243\">Dist\u00e2ncia m\u00e1xima de eleva\u00e7\u00e3o da l\u00e2mina do trator<\/td>\n<td width=\"194\">430 mil\u00edmetros<\/td>\n<\/tr>\n<tr>\n<td width=\"243\">Dist\u00e2ncia m\u00e1xima de corte da l\u00e2mina dozer<\/td>\n<td width=\"194\">60 mil\u00edmetros<\/td>\n<\/tr>\n<\/tbody>\n<\/table>\n<p>&nbsp;<\/p>\n<h2>V\u00eddeo da escavadeira de rodas SE120:<\/h2>\n<p><iframe title=\"Escavadeira de rodas grandes SE120 \u00e0 venda\" width=\"800\" height=\"450\" src=\"https:\/\/www.youtube.com\/embed\/VpFwY2rG46Q?feature=oembed\" frameborder=\"0\" allow=\"accelerometer; autoplay; clipboard-write; encrypted-media; gyroscope; picture-in-picture; web-share\" referrerpolicy=\"strict-origin-when-cross-origin\" allowfullscreen><\/iframe><\/p>\n<h3><img fetchpriority=\"high\" decoding=\"async\" class=\"wp-image-340 alignleft\" src=\"https:\/\/www.soaogroup.com\/wp-content\/uploads\/2025\/01\/IMG_9618_\u55e8\u683c\u5f0f\u538b\u7f29\u526f\u672c_\u7ed3\u679c.webp\" alt=\"\" width=\"362\" height=\"362\" srcset=\"https:\/\/www.soaogroup.com\/wp-content\/uploads\/2025\/01\/IMG_9618_\u55e8\u683c\u5f0f\u538b\u7f29\u526f\u672c_\u7ed3\u679c.webp 800w, https:\/\/www.soaogroup.com\/wp-content\/uploads\/2025\/01\/IMG_9618_\u55e8\u683c\u5f0f\u538b\u7f29\u526f\u672c_\u7ed3\u679c-300x300.webp 300w, https:\/\/www.soaogroup.com\/wp-content\/uploads\/2025\/01\/IMG_9618_\u55e8\u683c\u5f0f\u538b\u7f29\u526f\u672c_\u7ed3\u679c-100x100.webp 100w, https:\/\/www.soaogroup.com\/wp-content\/uploads\/2025\/01\/IMG_9618_\u55e8\u683c\u5f0f\u538b\u7f29\u526f\u672c_\u7ed3\u679c-600x600.webp 600w, https:\/\/www.soaogroup.com\/wp-content\/uploads\/2025\/01\/IMG_9618_\u55e8\u683c\u5f0f\u538b\u7f29\u526f\u672c_\u7ed3\u679c-150x150.webp 150w, https:\/\/www.soaogroup.com\/wp-content\/uploads\/2025\/01\/IMG_9618_\u55e8\u683c\u5f0f\u538b\u7f29\u526f\u672c_\u7ed3\u679c-768x768.webp 768w\" sizes=\"(max-width: 362px) 100vw, 362px\" \/><\/h3>\n<h2><\/h2>\n<h2>Aplica\u00e7\u00f5es:<\/h2>\n<p>&nbsp;<\/p>\n<p>Com seu excelente desempenho, a escavadeira de grande porte SE120 desempenha um papel fundamental em diversos setores. Em projetos de constru\u00e7\u00e3o de grande porte, ela pode concluir com efici\u00eancia a escava\u00e7\u00e3o de funda\u00e7\u00f5es de arranha-c\u00e9us e estabelecer uma base s\u00f3lida para o projeto. Em projetos municipais, ela pode cavar rapidamente grandes tubos de drenagem e valas para garantir uma drenagem urbana suave. Na minera\u00e7\u00e3o, ela \u00e9 a principal for\u00e7a motriz para o carregamento, descarregamento e manuseio de min\u00e9rio, e \u00e9 combinada com caminh\u00f5es de minera\u00e7\u00e3o para um transporte eficiente. Na constru\u00e7\u00e3o de conserva\u00e7\u00e3o de \u00e1gua, ela pode cavar grandes canais de irriga\u00e7\u00e3o para auxiliar na irriga\u00e7\u00e3o de terras agr\u00edcolas. Em projetos de jardins de grande porte, ela pode carregar pedras e moldar terrenos paisag\u00edsticos grandiosos. Devido \u00e0 sua alta pot\u00eancia e opera\u00e7\u00e3o flex\u00edvel, a SE120 tornou-se um equipamento mec\u00e2nico indispens\u00e1vel para todos os tipos de projetos de grande porte, melhorando significativamente a efici\u00eancia da constru\u00e7\u00e3o.<\/p>","protected":false},"excerpt":{"rendered":"<h4 class=\"elementor-heading-title elementor-size-default\" style=\"text-align: center; padding-bottom: 30px;\">Escavadeira de rodas 12t SE120<\/h4>\n<div>Aumente sua produtividade com a Escavadeira de Rodas SOAO SE120 de 12 t \u2013 uma m\u00e1quina potente, vers\u00e1til e eficiente, projetada para tarefas pesadas de escava\u00e7\u00e3o, carregamento e constru\u00e7\u00e3o. Com uma robusta capacidade de 12 toneladas, excelente mobilidade e sistemas hidr\u00e1ulicos avan\u00e7ados, a SE120 garante precis\u00e3o e durabilidade em qualquer canteiro de obras. Ideal para constru\u00e7\u00e3o urbana, obras rodovi\u00e1rias e paisagismo. Descubra a Escavadeira de Rodas SOAO SE120 hoje mesmo para desempenho e confiabilidade incompar\u00e1veis!<\/div>\n<div><\/div>\n<div>\n<hr \/>\n<\/div>\n<p><img decoding=\"async\" class=\"alignnone wp-image-257\" src=\"https:\/\/www.soaogroup.com\/wp-content\/uploads\/2025\/02\/\u672a\u6807\u9898-2.jpg\" alt=\"\" width=\"48\" height=\"50\" \/>\u00a0 Whatsapp :<a href=\"https:\/\/api.whatsapp.com\/send?phone=8613395319660\" target=\"_blank\" rel=\"noopener\">\u00a0+8613395319660 <\/a><\/p>\n<div>\n<hr \/>\n<\/div>\n<p><img decoding=\"async\" class=\"alignnone wp-image-258\" src=\"https:\/\/www.soaogroup.com\/wp-content\/uploads\/2025\/02\/emaillogoblue.jpg\" alt=\"\" width=\"48\" height=\"55\" \/>\u00a0\u00a0E-mail : <a href=\"mailto:sales@sdsoao.com\" target=\"_blank\" rel=\"noopener\">\u00a0sales@sdsoao.com<\/a><\/p>\n<div>\n<hr \/>\n<\/div>\n<div><\/div>","protected":false},"featured_media":5678,"comment_status":"open","ping_status":"closed","template":"","meta":[],"product_brand":[],"product_cat":[20,21],"product_tag":[],"class_list":{"0":"post-274","1":"product","2":"type-product","3":"status-publish","4":"has-post-thumbnail","6":"product_cat-excavator","7":"product_cat-large-excavator","9":"first","10":"instock","11":"shipping-taxable","12":"product-type-simple"},"_links":{"self":[{"href":"https:\/\/www.soaogroup.com\/pt\/wp-json\/wp\/v2\/product\/274","targetHints":{"allow":["GET"]}}],"collection":[{"href":"https:\/\/www.soaogroup.com\/pt\/wp-json\/wp\/v2\/product"}],"about":[{"href":"https:\/\/www.soaogroup.com\/pt\/wp-json\/wp\/v2\/types\/product"}],"replies":[{"embeddable":true,"href":"https:\/\/www.soaogroup.com\/pt\/wp-json\/wp\/v2\/comments?post=274"}],"wp:featuredmedia":[{"embeddable":true,"href":"https:\/\/www.soaogroup.com\/pt\/wp-json\/wp\/v2\/media\/5678"}],"wp:attachment":[{"href":"https:\/\/www.soaogroup.com\/pt\/wp-json\/wp\/v2\/media?parent=274"}],"wp:term":[{"taxonomy":"product_brand","embeddable":true,"href":"https:\/\/www.soaogroup.com\/pt\/wp-json\/wp\/v2\/product_brand?post=274"},{"taxonomy":"product_cat","embeddable":true,"href":"https:\/\/www.soaogroup.com\/pt\/wp-json\/wp\/v2\/product_cat?post=274"},{"taxonomy":"product_tag","embeddable":true,"href":"https:\/\/www.soaogroup.com\/pt\/wp-json\/wp\/v2\/product_tag?post=274"}],"curies":[{"name":"wp","href":"https:\/\/api.w.org\/{rel}","templated":true}]}}