{"id":273,"date":"2025-01-14T17:15:34","date_gmt":"2025-01-14T09:15:34","guid":{"rendered":"https:\/\/www.soaogroup.com\/?post_type=product&#038;p=273"},"modified":"2025-04-24T15:02:07","modified_gmt":"2025-04-24T07:02:07","slug":"15t-crawler-excavator-se150","status":"publish","type":"product","link":"https:\/\/www.soaogroup.com\/pt\/produto\/15t-crawler-excavator-se150\/","title":{"rendered":"Escavadeira de esteiras 15t SE150"},"content":{"rendered":"<h2>Detalhes do produto:<\/h2>\n<table>\n<tbody>\n<tr>\n<td colspan=\"2\" width=\"437\"><strong><b>Especifica\u00e7\u00f5es<\/b><\/strong><\/td>\n<\/tr>\n<tr>\n<td width=\"243\">Modelo<\/td>\n<td width=\"194\">Escavadeira de esteira SE150<\/td>\n<\/tr>\n<tr>\n<td width=\"243\">Peso operacional<\/td>\n<td width=\"194\">15000 kg<\/td>\n<\/tr>\n<tr>\n<td width=\"243\">Capacidade do balde<\/td>\n<td width=\"194\">0,6 m\u00b3<\/td>\n<\/tr>\n<tr>\n<td width=\"243\">Velocidade do Swing<\/td>\n<td width=\"194\">0-12 rpm<\/td>\n<\/tr>\n<tr>\n<td width=\"243\">Inclina\u00e7\u00e3o<\/td>\n<td width=\"194\">30\u00b0<\/td>\n<\/tr>\n<tr>\n<td width=\"243\">Modelo do motor<\/td>\n<td width=\"194\">Weichai 4.1N<\/td>\n<\/tr>\n<tr>\n<td width=\"243\">Velocidade de pot\u00eancia\/revolu\u00e7\u00e3o<\/td>\n<td width=\"194\">110\/2000 kW\/rmp<\/td>\n<\/tr>\n<tr>\n<td colspan=\"2\" width=\"437\"><strong><b>Tamanho da m\u00e1quina<\/b><\/strong><\/td>\n<\/tr>\n<tr>\n<td width=\"243\">Dimens\u00e3o (C*L*A)<\/td>\n<td width=\"194\">7752X2500X2847 mil\u00edmetros<\/td>\n<\/tr>\n<tr>\n<td width=\"243\">Altura da cabine<\/td>\n<td width=\"194\">2847 mil\u00edmetros<\/td>\n<\/tr>\n<tr>\n<td width=\"243\">Base do eixo<\/td>\n<td width=\"194\">2950 mil\u00edmetros<\/td>\n<\/tr>\n<tr>\n<td width=\"243\">Dist\u00e2ncia da roda (trilha)<\/td>\n<td width=\"194\">2000 mil\u00edmetros<\/td>\n<\/tr>\n<tr>\n<td width=\"243\">Dist\u00e2ncia m\u00ednima ao solo<\/td>\n<td width=\"194\">380 mil\u00edmetros<\/td>\n<\/tr>\n<tr>\n<td width=\"243\">Raio de giro da cauda<\/td>\n<td width=\"194\">2389 mil\u00edmetros<\/td>\n<\/tr>\n<tr>\n<td colspan=\"2\" width=\"437\"><strong><b>Faixa de trabalho<\/b><\/strong><\/td>\n<\/tr>\n<tr>\n<td width=\"243\">Altura M\u00e1xima de Escava\u00e7\u00e3o<\/td>\n<td width=\"194\">8627 mil\u00edmetros<\/td>\n<\/tr>\n<tr>\n<td width=\"243\">Altura m\u00e1xima de despejo<\/td>\n<td width=\"194\">6025 mil\u00edmetros<\/td>\n<\/tr>\n<tr>\n<td width=\"243\">Profundidade M\u00e1xima de Escava\u00e7\u00e3o<\/td>\n<td width=\"194\">5343 mil\u00edmetros<\/td>\n<\/tr>\n<tr>\n<td width=\"243\">Profundidade m\u00e1xima de escava\u00e7\u00e3o vertical<\/td>\n<td width=\"194\">4811 mil\u00edmetros<\/td>\n<\/tr>\n<tr>\n<td width=\"243\">Raio M\u00e1x. de Escava\u00e7\u00e3o<\/td>\n<td width=\"194\">8198 mil\u00edmetros<\/td>\n<\/tr>\n<tr>\n<td width=\"243\">Raio de giro m\u00ednimo<\/td>\n<td width=\"194\">2770 mil\u00edmetros<\/td>\n<\/tr>\n<\/tbody>\n<\/table>\n<h2><img fetchpriority=\"high\" decoding=\"async\" class=\"size-full wp-image-5744 aligncenter\" src=\"https:\/\/www.soaogroup.com\/wp-content\/uploads\/2025\/01\/SE150-design-1.png\" alt=\"\" width=\"659\" height=\"776\" srcset=\"https:\/\/www.soaogroup.com\/wp-content\/uploads\/2025\/01\/SE150-design-1.png 659w, https:\/\/www.soaogroup.com\/wp-content\/uploads\/2025\/01\/SE150-design-1-255x300.png 255w, https:\/\/www.soaogroup.com\/wp-content\/uploads\/2025\/01\/SE150-design-1-10x12.png 10w, https:\/\/www.soaogroup.com\/wp-content\/uploads\/2025\/01\/SE150-design-1-600x707.png 600w\" sizes=\"(max-width: 659px) 100vw, 659px\" \/> <img decoding=\"async\" class=\"size-full wp-image-5745 aligncenter\" src=\"https:\/\/www.soaogroup.com\/wp-content\/uploads\/2025\/01\/se150-design-1-1.png\" alt=\"\" width=\"914\" height=\"421\" srcset=\"https:\/\/www.soaogroup.com\/wp-content\/uploads\/2025\/01\/se150-design-1-1.png 914w, https:\/\/www.soaogroup.com\/wp-content\/uploads\/2025\/01\/se150-design-1-1-300x138.png 300w, https:\/\/www.soaogroup.com\/wp-content\/uploads\/2025\/01\/se150-design-1-1-768x354.png 768w, https:\/\/www.soaogroup.com\/wp-content\/uploads\/2025\/01\/se150-design-1-1-18x8.png 18w, https:\/\/www.soaogroup.com\/wp-content\/uploads\/2025\/01\/se150-design-1-1-600x276.png 600w\" sizes=\"(max-width: 914px) 100vw, 914px\" \/><\/h2>\n<p><iframe title=\"Escavadeira de esteira SE150 \u00e0 venda\" width=\"800\" height=\"450\" src=\"https:\/\/www.youtube.com\/embed\/qOyfKZkJDbA?feature=oembed\" frameborder=\"0\" allow=\"accelerometer; autoplay; clipboard-write; encrypted-media; gyroscope; picture-in-picture; web-share\" referrerpolicy=\"strict-origin-when-cross-origin\" allowfullscreen><\/iframe><\/p>\n<h2>Caracter\u00edsticas do produto:<\/h2>\n<p>Sistemas de seguran\u00e7a avan\u00e7ados e f\u00e1cil acesso para manuten\u00e7\u00e3o aumentam ainda mais a efici\u00eancia operacional. Ideal para escava\u00e7\u00e3o, abertura de valas, demoli\u00e7\u00e3o e movimenta\u00e7\u00e3o de materiais, a SE150 equilibra pot\u00eancia, estabilidade e manobrabilidade com facilidade. Seja trabalhando em infraestrutura urbana ou em projetos de constru\u00e7\u00e3o de grande porte, a Escavadeira de Esteiras SOAO SE150 oferece o desempenho e a durabilidade com os quais os profissionais contam. Constru\u00edda para superar expectativas, \u00e9 um recurso confi\u00e1vel para maximizar a produtividade em qualquer terreno.<\/p>\n<h2><img decoding=\"async\" class=\"alignnone size-full wp-image-330\" src=\"https:\/\/www.soaogroup.com\/wp-content\/uploads\/2025\/01\/120-1_\u55e8\u683c\u5f0f\u538b\u7f29\u526f\u672c_\u7ed3\u679c.webp\" alt=\"\" width=\"2250\" height=\"750\" srcset=\"https:\/\/www.soaogroup.com\/wp-content\/uploads\/2025\/01\/120-1_\u55e8\u683c\u5f0f\u538b\u7f29\u526f\u672c_\u7ed3\u679c.webp 2250w, https:\/\/www.soaogroup.com\/wp-content\/uploads\/2025\/01\/120-1_\u55e8\u683c\u5f0f\u538b\u7f29\u526f\u672c_\u7ed3\u679c-600x200.webp 600w, https:\/\/www.soaogroup.com\/wp-content\/uploads\/2025\/01\/120-1_\u55e8\u683c\u5f0f\u538b\u7f29\u526f\u672c_\u7ed3\u679c-300x100.webp 300w, https:\/\/www.soaogroup.com\/wp-content\/uploads\/2025\/01\/120-1_\u55e8\u683c\u5f0f\u538b\u7f29\u526f\u672c_\u7ed3\u679c-1024x341.webp 1024w, https:\/\/www.soaogroup.com\/wp-content\/uploads\/2025\/01\/120-1_\u55e8\u683c\u5f0f\u538b\u7f29\u526f\u672c_\u7ed3\u679c-768x256.webp 768w, https:\/\/www.soaogroup.com\/wp-content\/uploads\/2025\/01\/120-1_\u55e8\u683c\u5f0f\u538b\u7f29\u526f\u672c_\u7ed3\u679c-1536x512.webp 1536w, https:\/\/www.soaogroup.com\/wp-content\/uploads\/2025\/01\/120-1_\u55e8\u683c\u5f0f\u538b\u7f29\u526f\u672c_\u7ed3\u679c-2048x683.webp 2048w\" sizes=\"(max-width: 2250px) 100vw, 2250px\" \/><\/h2>","protected":false},"excerpt":{"rendered":"<h4 class=\"elementor-heading-title elementor-size-default\" style=\"text-align: center; padding-bottom: 30px;\">Escavadeira de esteiras 15t SE150<\/h4>\n<div>A Escavadeira de Esteiras SOAO SE150 de 15 t \u00e9 uma m\u00e1quina de constru\u00e7\u00e3o potente e confi\u00e1vel, projetada para desempenho em servi\u00e7os pesados em uma variedade de canteiros de obras. Equipada com um robusto peso operacional de 15 toneladas e um motor com baixo consumo de combust\u00edvel, a SE150 oferece excelente for\u00e7a de escava\u00e7\u00e3o, sistema hidr\u00e1ulico suave e controle preciso. Sua lan\u00e7a e bra\u00e7o refor\u00e7ados, combinados com componentes dur\u00e1veis do chassi, garantem desempenho duradouro em condi\u00e7\u00f5es exigentes. A cabine ergon\u00f4mica do operador oferece visibilidade aprimorada, controles intuitivos e conforto superior para reduzir a fadiga durante turnos longos.<\/div>\n<div><\/div>\n<div>\n<hr \/>\n<\/div>\n<p><img loading=\"lazy\" decoding=\"async\" class=\"alignnone wp-image-257\" src=\"https:\/\/www.soaogroup.com\/wp-content\/uploads\/2025\/02\/\u672a\u6807\u9898-2.jpg\" alt=\"\" width=\"48\" height=\"50\" \/>\u00a0 Whatsapp :<a href=\"https:\/\/api.whatsapp.com\/send?phone=8613395319660\" target=\"_blank\" rel=\"noopener\">\u00a0+8613395319660 <\/a><\/p>\n<div>\n<hr \/>\n<\/div>\n<p><img loading=\"lazy\" decoding=\"async\" class=\"alignnone wp-image-258\" src=\"https:\/\/www.soaogroup.com\/wp-content\/uploads\/2025\/02\/emaillogoblue.jpg\" alt=\"\" width=\"48\" height=\"55\" \/>\u00a0\u00a0E-mail : <a href=\"mailto:sales@sdsoao.com\" target=\"_blank\" rel=\"noopener\">\u00a0sales@sdsoao.com<\/a><\/p>\n<div>\n<hr \/>\n<\/div>\n<div><\/div>","protected":false},"featured_media":5747,"comment_status":"closed","ping_status":"closed","template":"","meta":[],"product_brand":[],"product_cat":[20,21],"product_tag":[],"class_list":{"0":"post-273","1":"product","2":"type-product","3":"status-publish","4":"has-post-thumbnail","6":"product_cat-excavator","7":"product_cat-large-excavator","9":"first","10":"instock","11":"featured","12":"shipping-taxable","13":"product-type-simple"},"_links":{"self":[{"href":"https:\/\/www.soaogroup.com\/pt\/wp-json\/wp\/v2\/product\/273","targetHints":{"allow":["GET"]}}],"collection":[{"href":"https:\/\/www.soaogroup.com\/pt\/wp-json\/wp\/v2\/product"}],"about":[{"href":"https:\/\/www.soaogroup.com\/pt\/wp-json\/wp\/v2\/types\/product"}],"replies":[{"embeddable":true,"href":"https:\/\/www.soaogroup.com\/pt\/wp-json\/wp\/v2\/comments?post=273"}],"wp:featuredmedia":[{"embeddable":true,"href":"https:\/\/www.soaogroup.com\/pt\/wp-json\/wp\/v2\/media\/5747"}],"wp:attachment":[{"href":"https:\/\/www.soaogroup.com\/pt\/wp-json\/wp\/v2\/media?parent=273"}],"wp:term":[{"taxonomy":"product_brand","embeddable":true,"href":"https:\/\/www.soaogroup.com\/pt\/wp-json\/wp\/v2\/product_brand?post=273"},{"taxonomy":"product_cat","embeddable":true,"href":"https:\/\/www.soaogroup.com\/pt\/wp-json\/wp\/v2\/product_cat?post=273"},{"taxonomy":"product_tag","embeddable":true,"href":"https:\/\/www.soaogroup.com\/pt\/wp-json\/wp\/v2\/product_tag?post=273"}],"curies":[{"name":"wp","href":"https:\/\/api.w.org\/{rel}","templated":true}]}}