{"id":272,"date":"2025-01-14T17:00:16","date_gmt":"2025-01-14T09:00:16","guid":{"rendered":"https:\/\/www.soaogroup.com\/?post_type=product&#038;p=272"},"modified":"2025-04-24T17:01:35","modified_gmt":"2025-04-24T09:01:35","slug":"38t-crawler-excavator-se380","status":"publish","type":"product","link":"https:\/\/www.soaogroup.com\/pt\/produto\/38t-crawler-excavator-se380\/","title":{"rendered":"Escavadeira de esteira 38t SE380"},"content":{"rendered":"<h2>Detalhes do produto:<\/h2>\n<table>\n<tbody>\n<tr>\n<td colspan=\"2\" width=\"437\"><strong><b>Especifica\u00e7\u00f5es<\/b><\/strong><\/td>\n<\/tr>\n<tr>\n<td width=\"243\">Modelo<\/td>\n<td width=\"194\">Escavadeira de esteira SE380<\/td>\n<\/tr>\n<tr>\n<td width=\"243\">Peso operacional<\/td>\n<td width=\"194\">38000 kg<\/td>\n<\/tr>\n<tr>\n<td width=\"243\">Capacidade do balde<\/td>\n<td width=\"194\">1,7 m\u00b3<\/td>\n<\/tr>\n<tr>\n<td width=\"243\">Velocidade do Swing<\/td>\n<td width=\"194\">0-11 rpm<\/td>\n<\/tr>\n<tr>\n<td width=\"243\">Inclina\u00e7\u00e3o<\/td>\n<td width=\"194\">35\u00b0<\/td>\n<\/tr>\n<tr>\n<td width=\"243\">Modelo do motor<\/td>\n<td width=\"194\">SL9<\/td>\n<\/tr>\n<tr>\n<td width=\"243\">Velocidade de pot\u00eancia\/revolu\u00e7\u00e3o<\/td>\n<td width=\"194\">219\/1900 kW\/rmp<\/td>\n<\/tr>\n<tr>\n<td colspan=\"2\" width=\"437\"><strong><b>Tamanho da m\u00e1quina<\/b><\/strong><\/td>\n<\/tr>\n<tr>\n<td width=\"243\">Dimens\u00e3o (C*L*A)<\/td>\n<td width=\"194\">11285X3190X3664 mil\u00edmetros<\/td>\n<\/tr>\n<tr>\n<td width=\"243\">Altura da cabine<\/td>\n<td width=\"194\">3168 mm<\/td>\n<\/tr>\n<tr>\n<td width=\"243\">Base do eixo<\/td>\n<td width=\"194\">4099 mil\u00edmetros<\/td>\n<\/tr>\n<tr>\n<td width=\"243\">Dist\u00e2ncia da roda (trilha)<\/td>\n<td width=\"194\">2590 mil\u00edmetros<\/td>\n<\/tr>\n<tr>\n<td width=\"243\">Dist\u00e2ncia m\u00ednima ao solo<\/td>\n<td width=\"194\">536 mil\u00edmetros<\/td>\n<\/tr>\n<tr>\n<td width=\"243\">Raio de giro da cauda<\/td>\n<td width=\"194\">3590 mil\u00edmetros<\/td>\n<\/tr>\n<tr>\n<td colspan=\"2\" width=\"437\"><strong><b>Faixa de trabalho<\/b><\/strong><\/td>\n<\/tr>\n<tr>\n<td width=\"243\">Altura M\u00e1xima de Escava\u00e7\u00e3o<\/td>\n<td width=\"194\">10511 mil\u00edmetros<\/td>\n<\/tr>\n<tr>\n<td width=\"243\">Altura m\u00e1xima de despejo<\/td>\n<td width=\"194\">7572 mil\u00edmetros<\/td>\n<\/tr>\n<tr>\n<td width=\"243\">Profundidade M\u00e1xima de Escava\u00e7\u00e3o<\/td>\n<td width=\"194\">7327 mil\u00edmetros<\/td>\n<\/tr>\n<tr>\n<td width=\"243\">Profundidade m\u00e1xima de escava\u00e7\u00e3o vertical<\/td>\n<td width=\"194\">6731 mil\u00edmetros<\/td>\n<\/tr>\n<tr>\n<td width=\"243\">Raio M\u00e1x. de Escava\u00e7\u00e3o<\/td>\n<td width=\"194\">11178 mil\u00edmetros<\/td>\n<\/tr>\n<tr>\n<td width=\"243\">Raio de giro m\u00ednimo<\/td>\n<td width=\"194\">3865 mil\u00edmetros<\/td>\n<\/tr>\n<\/tbody>\n<\/table>\n<p><img fetchpriority=\"high\" decoding=\"async\" class=\"alignnone size-full wp-image-313\" src=\"https:\/\/www.soaogroup.com\/wp-content\/uploads\/2025\/01\/88-1_\u55e8\u683c\u5f0f\u538b\u7f29\u526f\u672c_\u7ed3\u679c.webp\" alt=\"\" width=\"2250\" height=\"750\" srcset=\"https:\/\/www.soaogroup.com\/wp-content\/uploads\/2025\/01\/88-1_\u55e8\u683c\u5f0f\u538b\u7f29\u526f\u672c_\u7ed3\u679c.webp 2250w, https:\/\/www.soaogroup.com\/wp-content\/uploads\/2025\/01\/88-1_\u55e8\u683c\u5f0f\u538b\u7f29\u526f\u672c_\u7ed3\u679c-600x200.webp 600w, https:\/\/www.soaogroup.com\/wp-content\/uploads\/2025\/01\/88-1_\u55e8\u683c\u5f0f\u538b\u7f29\u526f\u672c_\u7ed3\u679c-300x100.webp 300w, https:\/\/www.soaogroup.com\/wp-content\/uploads\/2025\/01\/88-1_\u55e8\u683c\u5f0f\u538b\u7f29\u526f\u672c_\u7ed3\u679c-1024x341.webp 1024w, https:\/\/www.soaogroup.com\/wp-content\/uploads\/2025\/01\/88-1_\u55e8\u683c\u5f0f\u538b\u7f29\u526f\u672c_\u7ed3\u679c-768x256.webp 768w, https:\/\/www.soaogroup.com\/wp-content\/uploads\/2025\/01\/88-1_\u55e8\u683c\u5f0f\u538b\u7f29\u526f\u672c_\u7ed3\u679c-1536x512.webp 1536w, https:\/\/www.soaogroup.com\/wp-content\/uploads\/2025\/01\/88-1_\u55e8\u683c\u5f0f\u538b\u7f29\u526f\u672c_\u7ed3\u679c-2048x683.webp 2048w\" sizes=\"(max-width: 2250px) 100vw, 2250px\" \/><\/p>\n<h2>Caracter\u00edsticas do produto:<\/h2>\n<p class=\"ds-markdown-paragraph\">Constru\u00eddo para durar, o SE380 conta com chassi refor\u00e7ado e lan\u00e7a\/bra\u00e7o refor\u00e7ados para maior vida \u00fatil em condi\u00e7\u00f5es adversas. A cabine espa\u00e7osa e ergon\u00f4mica oferece excelente visibilidade, menor fadiga do operador e controles intuitivos para maior conforto e efici\u00eancia.<\/p>\n<p class=\"ds-markdown-paragraph\">Com m\u00faltiplos modos de trabalho, esta escavadeira se adapta a diversas exig\u00eancias de trabalho, desde escava\u00e7\u00f5es profundas at\u00e9 movimenta\u00e7\u00e3o de materiais. Seu design de baixa manuten\u00e7\u00e3o e f\u00e1cil acesso para manuten\u00e7\u00e3o minimizam o tempo de inatividade, maximizando o tempo de atividade operacional.<\/p>\n<p class=\"ds-markdown-paragraph\">Ideal para projetos de constru\u00e7\u00e3o, minera\u00e7\u00e3o e infraestrutura de grande porte, o SOAO SE380 combina pot\u00eancia, confiabilidade e versatilidade para desempenho superior em qualquer local de trabalho.<\/p>\n<h2><img decoding=\"async\" class=\"alignnone size-full wp-image-312\" src=\"https:\/\/www.soaogroup.com\/wp-content\/uploads\/2025\/01\/88-2_\u55e8\u683c\u5f0f\u538b\u7f29\u526f\u672c_\u7ed3\u679c.webp\" alt=\"\" width=\"2250\" height=\"750\" srcset=\"https:\/\/www.soaogroup.com\/wp-content\/uploads\/2025\/01\/88-2_\u55e8\u683c\u5f0f\u538b\u7f29\u526f\u672c_\u7ed3\u679c.webp 2250w, https:\/\/www.soaogroup.com\/wp-content\/uploads\/2025\/01\/88-2_\u55e8\u683c\u5f0f\u538b\u7f29\u526f\u672c_\u7ed3\u679c-600x200.webp 600w, https:\/\/www.soaogroup.com\/wp-content\/uploads\/2025\/01\/88-2_\u55e8\u683c\u5f0f\u538b\u7f29\u526f\u672c_\u7ed3\u679c-300x100.webp 300w, https:\/\/www.soaogroup.com\/wp-content\/uploads\/2025\/01\/88-2_\u55e8\u683c\u5f0f\u538b\u7f29\u526f\u672c_\u7ed3\u679c-1024x341.webp 1024w, https:\/\/www.soaogroup.com\/wp-content\/uploads\/2025\/01\/88-2_\u55e8\u683c\u5f0f\u538b\u7f29\u526f\u672c_\u7ed3\u679c-768x256.webp 768w, https:\/\/www.soaogroup.com\/wp-content\/uploads\/2025\/01\/88-2_\u55e8\u683c\u5f0f\u538b\u7f29\u526f\u672c_\u7ed3\u679c-1536x512.webp 1536w, https:\/\/www.soaogroup.com\/wp-content\/uploads\/2025\/01\/88-2_\u55e8\u683c\u5f0f\u538b\u7f29\u526f\u672c_\u7ed3\u679c-2048x683.webp 2048w\" sizes=\"(max-width: 2250px) 100vw, 2250px\" \/><\/h2>","protected":false},"excerpt":{"rendered":"<h4 class=\"elementor-heading-title elementor-size-default\" style=\"text-align: center; padding-bottom: 30px;\">Escavadeira de esteira 38t SE380<\/h4>\n<div>A SOAO SE380 \u00e9 uma robusta escavadeira de esteiras de 38 toneladas, projetada para tarefas pesadas de escava\u00e7\u00e3o, constru\u00e7\u00e3o e movimenta\u00e7\u00e3o de terra. Equipada com um motor diesel de alto desempenho, ela oferece pot\u00eancia e efici\u00eancia de combust\u00edvel excepcionais, garantindo produtividade ideal em ambientes exigentes. O avan\u00e7ado sistema hidr\u00e1ulico proporciona controle suave e preciso, permitindo for\u00e7a de escava\u00e7\u00e3o e capacidade de eleva\u00e7\u00e3o superiores.<\/div>\n<div><\/div>\n<div>\n<hr \/>\n<\/div>\n<p><img decoding=\"async\" class=\"alignnone wp-image-257\" src=\"https:\/\/www.soaogroup.com\/wp-content\/uploads\/2025\/02\/\u672a\u6807\u9898-2.jpg\" alt=\"\" width=\"48\" height=\"50\" \/>\u00a0 Whatsapp :<a href=\"https:\/\/api.whatsapp.com\/send?phone=8613395319660\" target=\"_blank\" rel=\"noopener\">\u00a0+8613395319660 <\/a><\/p>\n<div>\n<hr \/>\n<\/div>\n<p><img loading=\"lazy\" decoding=\"async\" class=\"alignnone wp-image-258\" src=\"https:\/\/www.soaogroup.com\/wp-content\/uploads\/2025\/02\/emaillogoblue.jpg\" alt=\"\" width=\"48\" height=\"55\" \/>\u00a0\u00a0E-mail : <a href=\"mailto:sales@sdsoao.com\" target=\"_blank\" rel=\"noopener\">\u00a0sales@sdsoao.com<\/a><\/p>\n<div>\n<hr \/>\n<\/div>","protected":false},"featured_media":5757,"comment_status":"closed","ping_status":"closed","template":"","meta":[],"product_brand":[],"product_cat":[20,21],"product_tag":[],"class_list":{"0":"post-272","1":"product","2":"type-product","3":"status-publish","4":"has-post-thumbnail","6":"product_cat-excavator","7":"product_cat-large-excavator","9":"first","10":"instock","11":"featured","12":"shipping-taxable","13":"product-type-simple"},"_links":{"self":[{"href":"https:\/\/www.soaogroup.com\/pt\/wp-json\/wp\/v2\/product\/272","targetHints":{"allow":["GET"]}}],"collection":[{"href":"https:\/\/www.soaogroup.com\/pt\/wp-json\/wp\/v2\/product"}],"about":[{"href":"https:\/\/www.soaogroup.com\/pt\/wp-json\/wp\/v2\/types\/product"}],"replies":[{"embeddable":true,"href":"https:\/\/www.soaogroup.com\/pt\/wp-json\/wp\/v2\/comments?post=272"}],"wp:featuredmedia":[{"embeddable":true,"href":"https:\/\/www.soaogroup.com\/pt\/wp-json\/wp\/v2\/media\/5757"}],"wp:attachment":[{"href":"https:\/\/www.soaogroup.com\/pt\/wp-json\/wp\/v2\/media?parent=272"}],"wp:term":[{"taxonomy":"product_brand","embeddable":true,"href":"https:\/\/www.soaogroup.com\/pt\/wp-json\/wp\/v2\/product_brand?post=272"},{"taxonomy":"product_cat","embeddable":true,"href":"https:\/\/www.soaogroup.com\/pt\/wp-json\/wp\/v2\/product_cat?post=272"},{"taxonomy":"product_tag","embeddable":true,"href":"https:\/\/www.soaogroup.com\/pt\/wp-json\/wp\/v2\/product_tag?post=272"}],"curies":[{"name":"wp","href":"https:\/\/api.w.org\/{rel}","templated":true}]}}