{"id":143,"date":"2025-01-13T12:36:23","date_gmt":"2025-01-13T04:36:23","guid":{"rendered":"https:\/\/www.soaogroup.com\/?post_type=product&#038;p=143"},"modified":"2025-08-06T10:04:14","modified_gmt":"2025-08-06T02:04:14","slug":"cpc25-k-2-5t-diesel-forklift","status":"publish","type":"product","link":"https:\/\/www.soaogroup.com\/pt\/produto\/cpc25-k-2-5t-diesel-forklift\/","title":{"rendered":"SOAO 2.5T Diesel Forklift"},"content":{"rendered":"<h2>Detalhes do produto:<\/h2>\n<table class=\"tg\" style=\"border-collapse: collapse; border-spacing: 0;\">\n<thead>\n<tr>\n<th style=\"background-color: #f56b00; color: #ffffff; font-family: Arial, sans-serif; font-size: 14px; font-weight: bold; overflow: hidden; padding: 10px 5px; text-align: left; vertical-align: middle; word-break: normal; border: 1px solid #000000;\"><span style=\"font-weight: 600;\">Item<\/span><\/th>\n<th style=\"background-color: #9b9b9b; color: #ffffff; font-family: Arial, sans-serif; font-size: 14px; font-weight: bold; overflow: hidden; padding: 10px 5px; text-align: left; vertical-align: middle; word-break: normal; border: 1px solid #000000;\"><span style=\"font-weight: 600;\">CPC20-K<\/span><\/th>\n<th style=\"background-color: #9b9b9b; color: #ffffff; font-family: Arial, sans-serif; font-size: 14px; font-weight: bold; overflow: hidden; padding: 10px 5px; text-align: left; vertical-align: middle; word-break: normal; border: 1px solid #000000;\"><span style=\"font-weight: 600;\">CPC25-K<\/span><\/th>\n<th style=\"background-color: #9b9b9b; color: #ffffff; font-family: Arial, sans-serif; font-size: 14px; font-weight: bold; overflow: hidden; padding: 10px 5px; text-align: left; vertical-align: middle; word-break: normal; border: 1px solid #000000;\"><span style=\"font-weight: 600;\">CPC30-K<\/span><\/th>\n<\/tr>\n<\/thead>\n<tbody>\n<tr>\n<td style=\"background-color: #f56b00; color: #ffffff; font-family: Arial, sans-serif; font-size: 14px; overflow: hidden; padding: 10px 5px; text-align: left; vertical-align: middle; word-break: normal; border: 1px solid #000000;\"><span style=\"font-weight: 400;\">Tipo de energia<\/span><\/td>\n<td style=\"background-color: #fff; color: #222222; font-family: Arial, sans-serif; font-size: 14px; overflow: hidden; padding: 10px 5px; text-align: left; vertical-align: middle; word-break: normal; border: 1px solid #000000;\"><span style=\"font-weight: 400;\">\u00d3leo diesel<\/span><\/td>\n<td style=\"background-color: #fff; color: #222222; font-family: Arial, sans-serif; font-size: 14px; overflow: hidden; padding: 10px 5px; text-align: left; vertical-align: middle; word-break: normal; border: 1px solid #000000;\"><span style=\"font-weight: 400;\">\u00d3leo diesel<\/span><\/td>\n<td style=\"background-color: #fff; color: #222; font-family: Arial, sans-serif; font-size: 14px; overflow: hidden; padding: 10px 5px; text-align: left; vertical-align: middle; word-break: normal; border: 1px solid #000000;\"><span style=\"font-weight: 400; color: var(--md-box-samantha-normal-text-color);\">\u00d3leo diesel<\/span><\/td>\n<\/tr>\n<tr>\n<td style=\"background-color: #f56b00; color: #ffffff; font-family: Arial, sans-serif; font-size: 14px; overflow: hidden; padding: 10px 5px; text-align: left; vertical-align: middle; word-break: normal; border: 1px solid #000000;\"><span style=\"font-weight: 400;\">Capacidade de carga nominal<\/span><\/td>\n<td style=\"background-color: #fff; color: #222222; font-family: Arial, sans-serif; font-size: 14px; overflow: hidden; padding: 10px 5px; text-align: left; vertical-align: middle; word-break: normal; border: 1px solid #000000;\"><span style=\"font-weight: 400;\">2.000 kg<\/span><\/td>\n<td style=\"background-color: #fff; color: #222222; font-family: Arial, sans-serif; font-size: 14px; overflow: hidden; padding: 10px 5px; text-align: left; vertical-align: middle; word-break: normal; border: 1px solid #000000;\"><span style=\"font-weight: 400;\">2.500 kg<\/span><\/td>\n<td style=\"background-color: #fff; color: #222; font-family: Arial, sans-serif; font-size: 14px; overflow: hidden; padding: 10px 5px; text-align: left; vertical-align: middle; word-break: normal; border: 1px solid #000000;\"><span style=\"font-weight: 400; color: var(--md-box-samantha-normal-text-color);\">3.000 kg<\/span><\/td>\n<\/tr>\n<tr>\n<td style=\"background-color: #f56b00; color: #ffffff; font-family: Arial, sans-serif; font-size: 14px; overflow: hidden; padding: 10px 5px; text-align: left; vertical-align: middle; word-break: normal; border: 1px solid #000000;\"><span style=\"font-weight: 400;\">Altura m\u00e1xima de eleva\u00e7\u00e3o<\/span><\/td>\n<td style=\"background-color: #fff; color: #222; font-family: Arial, sans-serif; font-size: 14px; overflow: hidden; padding: 10px 5px; text-align: left; vertical-align: middle; word-break: normal; border: 1px solid #000000;\"><span style=\"font-weight: 400; color: var(--md-box-samantha-normal-text-color);\">3.000 mil\u00edmetros<\/span><\/td>\n<td style=\"background-color: #fff; color: #222; font-family: Arial, sans-serif; font-size: 14px; overflow: hidden; padding: 10px 5px; text-align: left; vertical-align: middle; word-break: normal; border: 1px solid #000000;\"><span style=\"font-weight: 400; color: var(--md-box-samantha-normal-text-color);\">3.000 mil\u00edmetros<\/span><\/td>\n<td style=\"background-color: #fff; color: #222; font-family: Arial, sans-serif; font-size: 14px; overflow: hidden; padding: 10px 5px; text-align: left; vertical-align: middle; word-break: normal; border: 1px solid #000000;\"><span style=\"font-weight: 400; color: var(--md-box-samantha-normal-text-color);\">3.000 mil\u00edmetros<\/span><\/td>\n<\/tr>\n<tr>\n<td style=\"background-color: #f56b00; color: #ffffff; font-family: Arial, sans-serif; font-size: 14px; overflow: hidden; padding: 10px 5px; text-align: left; vertical-align: middle; word-break: normal; border: 1px solid #000000;\"><span style=\"font-weight: 400;\">Tamanho do garfo<\/span><\/td>\n<td style=\"background-color: #fff; color: #222; font-family: Arial, sans-serif; font-size: 14px; overflow: hidden; padding: 10px 5px; text-align: left; vertical-align: middle; word-break: normal; border: 1px solid #000000;\"><span style=\"font-weight: 400; color: var(--md-box-samantha-normal-text-color);\">1070 * 100 * 40 mil\u00edmetros<\/span><\/td>\n<td style=\"background-color: #fff; color: #222; font-family: Arial, sans-serif; font-size: 14px; overflow: hidden; padding: 10px 5px; text-align: left; vertical-align: middle; word-break: normal; border: 1px solid #000000;\"><span style=\"font-weight: 400; color: var(--md-box-samantha-normal-text-color);\">1070 * 122 * 40 mil\u00edmetros<\/span><\/td>\n<td style=\"background-color: #fff; color: #222; font-family: Arial, sans-serif; font-size: 14px; overflow: hidden; padding: 10px 5px; text-align: left; vertical-align: middle; word-break: normal; border: 1px solid #000000;\"><span style=\"font-weight: 400; color: var(--md-box-samantha-normal-text-color);\">1070 * 122 * 45 mil\u00edmetros<\/span><\/td>\n<\/tr>\n<tr>\n<td style=\"background-color: #f56b00; color: #ffffff; font-family: Arial, sans-serif; font-size: 14px; overflow: hidden; padding: 10px 5px; text-align: left; vertical-align: middle; word-break: normal; border: 1px solid #000000;\"><span style=\"font-weight: 400;\">Motor<\/span><\/td>\n<td style=\"background-color: #fff; color: #222; font-family: Arial, sans-serif; font-size: 14px; overflow: hidden; padding: 10px 5px; text-align: left; vertical-align: middle; word-break: normal; border: 1px solid #000000;\"><span style=\"font-weight: 400; color: var(--md-box-samantha-normal-text-color);\">xinchai<\/span><\/td>\n<td style=\"background-color: #fff; color: #222; font-family: Arial, sans-serif; font-size: 14px; overflow: hidden; padding: 10px 5px; text-align: left; vertical-align: middle; word-break: normal; border: 1px solid #000000;\"><span style=\"font-weight: 400; color: var(--md-box-samantha-normal-text-color);\">xinchai<\/span><\/td>\n<td style=\"background-color: #fff; color: #222; font-family: Arial, sans-serif; font-size: 14px; overflow: hidden; padding: 10px 5px; text-align: left; vertical-align: middle; word-break: normal; border: 1px solid #000000;\"><span style=\"font-weight: 400; color: var(--md-box-samantha-normal-text-color);\">xinchai<\/span><\/td>\n<\/tr>\n<tr>\n<td style=\"background-color: #f56b00; color: #ffffff; font-family: Arial, sans-serif; font-size: 14px; overflow: hidden; padding: 10px 5px; text-align: left; vertical-align: middle; word-break: normal; border: 1px solid #000000;\"><span style=\"font-weight: 400;\">Poder<\/span><\/td>\n<td style=\"background-color: #fff; color: #222; font-family: Arial, sans-serif; font-size: 14px; overflow: hidden; padding: 10px 5px; text-align: left; vertical-align: middle; word-break: normal; border: 1px solid #000000;\"><span style=\"font-weight: 400; color: var(--md-box-samantha-normal-text-color);\">39 kW<\/span><\/td>\n<td style=\"background-color: #fff; color: #222; font-family: Arial, sans-serif; font-size: 14px; overflow: hidden; padding: 10px 5px; text-align: left; vertical-align: middle; word-break: normal; border: 1px solid #000000;\"><span style=\"font-weight: 400; color: var(--md-box-samantha-normal-text-color);\">39 kW<\/span><\/td>\n<td style=\"background-color: #fff; color: #222; font-family: Arial, sans-serif; font-size: 14px; overflow: hidden; padding: 10px 5px; text-align: left; vertical-align: middle; word-break: normal; border: 1px solid #000000;\"><span style=\"font-weight: 400; color: var(--md-box-samantha-normal-text-color);\">39 kW<\/span><\/td>\n<\/tr>\n<tr>\n<td style=\"background-color: #f56b00; color: #ffffff; font-family: Arial, sans-serif; font-size: 14px; overflow: hidden; padding: 10px 5px; text-align: left; vertical-align: middle; word-break: normal; border: 1px solid #000000;\"><span style=\"font-weight: 400;\">Capacidade de classifica\u00e7\u00e3o<\/span><\/td>\n<td style=\"background-color: #fff; color: #222; font-family: Arial, sans-serif; font-size: 14px; overflow: hidden; padding: 10px 5px; text-align: left; vertical-align: middle; word-break: normal; border: 1px solid #000000;\"><span style=\"font-weight: 400; color: var(--md-box-samantha-normal-text-color);\">20\u00b0<\/span><\/td>\n<td style=\"background-color: #fff; color: #222; font-family: Arial, sans-serif; font-size: 14px; overflow: hidden; padding: 10px 5px; text-align: left; vertical-align: middle; word-break: normal; border: 1px solid #000000;\"><span style=\"font-weight: 400; color: var(--md-box-samantha-normal-text-color);\">20\u00b0<\/span><\/td>\n<td style=\"background-color: #fff; color: #222; font-family: Arial, sans-serif; font-size: 14px; overflow: hidden; padding: 10px 5px; text-align: left; vertical-align: middle; word-break: normal; border: 1px solid #000000;\"><span style=\"font-weight: 400; color: var(--md-box-samantha-normal-text-color);\">20\u00b0<\/span><\/td>\n<\/tr>\n<tr>\n<td style=\"background-color: #f56b00; color: #ffffff; font-family: Arial, sans-serif; font-size: 14px; overflow: hidden; padding: 10px 5px; text-align: left; vertical-align: middle; word-break: normal; border: 1px solid #000000;\"><span style=\"font-weight: 400;\">Peso<\/span><\/td>\n<td style=\"background-color: #fff; color: #222; font-family: Arial, sans-serif; font-size: 14px; overflow: hidden; padding: 10px 5px; text-align: left; vertical-align: middle; word-break: normal; border: 1px solid #000000;\"><span style=\"font-weight: 400; color: var(--md-box-samantha-normal-text-color);\">3.260 kg<\/span><\/td>\n<td style=\"background-color: #fff; color: #222; font-family: Arial, sans-serif; font-size: 14px; overflow: hidden; padding: 10px 5px; text-align: left; vertical-align: middle; word-break: normal; border: 1px solid #000000;\"><span style=\"font-weight: 400; color: var(--md-box-samantha-normal-text-color);\">3.510 kg<\/span><\/td>\n<td style=\"background-color: #fff; color: #222; font-family: Arial, sans-serif; font-size: 14px; overflow: hidden; padding: 10px 5px; text-align: left; vertical-align: middle; word-break: normal; border: 1px solid #000000;\"><span style=\"font-weight: 400; color: var(--md-box-samantha-normal-text-color);\">4.100 kg<\/span><\/td>\n<\/tr>\n<tr>\n<td style=\"background-color: #f56b00; color: #ffffff; font-family: Arial, sans-serif; font-size: 14px; overflow: hidden; padding: 10px 5px; text-align: left; vertical-align: middle; word-break: normal; border: 1px solid #000000;\"><span style=\"font-weight: 400;\">Dimens\u00f5es<\/span><\/td>\n<td style=\"background-color: #fff; color: #222; font-family: Arial, sans-serif; font-size: 14px; overflow: hidden; padding: 10px 5px; text-align: left; vertical-align: middle; word-break: normal; border: 1px solid #000000;\"><span style=\"font-weight: 400; color: var(--md-box-samantha-normal-text-color);\">2.595 * 1160 * 1980 mil\u00edmetros<\/span><\/td>\n<td style=\"background-color: #fff; color: #222; font-family: Arial, sans-serif; font-size: 14px; overflow: hidden; padding: 10px 5px; text-align: left; vertical-align: middle; word-break: normal; border: 1px solid #000000;\"><span style=\"font-weight: 400; color: var(--md-box-samantha-normal-text-color);\">2.595 * 1160 * 1980 mil\u00edmetros<\/span><\/td>\n<td style=\"background-color: #fff; color: #222; font-family: Arial, sans-serif; font-size: 14px; overflow: hidden; padding: 10px 5px; text-align: left; vertical-align: middle; word-break: normal; border: 1px solid #000000;\"><span style=\"font-weight: 400; color: var(--md-box-samantha-normal-text-color);\">2.750 * 1240 * 2070 mil\u00edmetros<\/span><\/td>\n<\/tr>\n<\/tbody>\n<\/table>\n<h2><img fetchpriority=\"high\" decoding=\"async\" class=\"alignnone size-full wp-image-157\" src=\"https:\/\/www.soaogroup.com\/wp-content\/uploads\/2025\/01\/25-1_\u55e8\u683c\u5f0f\u538b\u7f29\u526f\u672c_\u7ed3\u679c.webp\" alt=\"\" width=\"2250\" height=\"750\" srcset=\"https:\/\/www.soaogroup.com\/wp-content\/uploads\/2025\/01\/25-1_\u55e8\u683c\u5f0f\u538b\u7f29\u526f\u672c_\u7ed3\u679c.webp 2250w, https:\/\/www.soaogroup.com\/wp-content\/uploads\/2025\/01\/25-1_\u55e8\u683c\u5f0f\u538b\u7f29\u526f\u672c_\u7ed3\u679c-600x200.webp 600w, https:\/\/www.soaogroup.com\/wp-content\/uploads\/2025\/01\/25-1_\u55e8\u683c\u5f0f\u538b\u7f29\u526f\u672c_\u7ed3\u679c-300x100.webp 300w, https:\/\/www.soaogroup.com\/wp-content\/uploads\/2025\/01\/25-1_\u55e8\u683c\u5f0f\u538b\u7f29\u526f\u672c_\u7ed3\u679c-1024x341.webp 1024w, https:\/\/www.soaogroup.com\/wp-content\/uploads\/2025\/01\/25-1_\u55e8\u683c\u5f0f\u538b\u7f29\u526f\u672c_\u7ed3\u679c-768x256.webp 768w, https:\/\/www.soaogroup.com\/wp-content\/uploads\/2025\/01\/25-1_\u55e8\u683c\u5f0f\u538b\u7f29\u526f\u672c_\u7ed3\u679c-1536x512.webp 1536w, https:\/\/www.soaogroup.com\/wp-content\/uploads\/2025\/01\/25-1_\u55e8\u683c\u5f0f\u538b\u7f29\u526f\u672c_\u7ed3\u679c-2048x683.webp 2048w\" sizes=\"(max-width: 2250px) 100vw, 2250px\" \/> Caracter\u00edsticas do produto:<\/h2>\n<h3>Sa\u00edda de pot\u00eancia s\u00f3lida:<\/h3>\n<p>Impulsionado por um motor a diesel, ele pode gerar pot\u00eancia robusta, permitindo i\u00e7ar e transportar sem esfor\u00e7o cargas de at\u00e9 2,5 toneladas. Isso o torna altamente capaz de lidar com tarefas pesadas em ambientes industriais.<\/p>\n<h3><img decoding=\"async\" class=\"wp-image-163 alignright\" src=\"https:\/\/www.soaogroup.com\/wp-content\/uploads\/2025\/01\/\u56fe\u5c42-2_\u55e8\u683c\u5f0f\u538b\u7f29\u526f\u672c.jpg\" alt=\"\" width=\"595\" height=\"595\" srcset=\"https:\/\/www.soaogroup.com\/wp-content\/uploads\/2025\/01\/\u56fe\u5c42-2_\u55e8\u683c\u5f0f\u538b\u7f29\u526f\u672c.jpg 800w, https:\/\/www.soaogroup.com\/wp-content\/uploads\/2025\/01\/\u56fe\u5c42-2_\u55e8\u683c\u5f0f\u538b\u7f29\u526f\u672c-300x300.jpg 300w, https:\/\/www.soaogroup.com\/wp-content\/uploads\/2025\/01\/\u56fe\u5c42-2_\u55e8\u683c\u5f0f\u538b\u7f29\u526f\u672c-100x100.jpg 100w, https:\/\/www.soaogroup.com\/wp-content\/uploads\/2025\/01\/\u56fe\u5c42-2_\u55e8\u683c\u5f0f\u538b\u7f29\u526f\u672c-600x600.jpg 600w, https:\/\/www.soaogroup.com\/wp-content\/uploads\/2025\/01\/\u56fe\u5c42-2_\u55e8\u683c\u5f0f\u538b\u7f29\u526f\u672c-150x150.jpg 150w, https:\/\/www.soaogroup.com\/wp-content\/uploads\/2025\/01\/\u56fe\u5c42-2_\u55e8\u683c\u5f0f\u538b\u7f29\u526f\u672c-768x768.jpg 768w\" sizes=\"(max-width: 595px) 100vw, 595px\" \/><\/h3>\n<h3>Desempenho adapt\u00e1vel em terrenos:<\/h3>\n<p>Gra\u00e7as \u00e0 sua pot\u00eancia a diesel, ele demonstra excelente adaptabilidade em v\u00e1rios terrenos. Seja em terrenos irregulares em um canteiro de obras ou em caminhos irregulares em um grande dep\u00f3sito ao ar livre, ele pode se mover de forma constante.<\/p>\n<h3>Boa manobrabilidade:<\/h3>\n<p>Apesar de sua pot\u00eancia, a empilhadeira \u00e9 projetada com uma estrutura razo\u00e1vel, permitindo um raio de giro relativamente pequeno. Os operadores podem navegar suavemente por corredores estreitos, melhorando a efici\u00eancia do manuseio de materiais.<\/p>\n<h3>Constru\u00e7\u00e3o dur\u00e1vel:<\/h3>\n<p>Constru\u00eddo com materiais e componentes resistentes, ele pode suportar os rigores do uso cont\u00ednuo, impactos frequentes e condi\u00e7\u00f5es de trabalho severas. Essa durabilidade reduz a frequ\u00eancia de quebras e necessidades de manuten\u00e7\u00e3o.<\/p>\n<h3>Longas horas de trabalho:<\/h3>\n<p>Com um tanque de combust\u00edvel diesel, ele pode oferecer per\u00edodos de trabalho estendidos entre paradas de reabastecimento. Isso \u00e9 especialmente ben\u00e9fico para grandes projetos que exigem opera\u00e7\u00e3o cont\u00ednua sem interrup\u00e7\u00f5es frequentes.<\/p>\n<h3>Tra\u00e7\u00e3o aprimorada:<\/h3>\n<p>Equipado com pneus adequados, ele fornece forte tra\u00e7\u00e3o. Ao transportar cargas pesadas, ele pode manter a estabilidade, minimizando o risco de deslizamento, mesmo em superf\u00edcies com pouca ader\u00eancia.<\/p>\n<h2>Aplicativo:<\/h2>\n<p>A empilhadeira a diesel CPC25-K 2.5T \u00e9 uma m\u00e1quina vers\u00e1til em v\u00e1rios setores. Em p\u00e1tios de constru\u00e7\u00e3o, ela movimenta com efici\u00eancia materiais de constru\u00e7\u00e3o, como vigas de a\u00e7o, blocos de concreto e feixes de vergalh\u00f5es. Sua capacidade de 2,5 toneladas manipula esses itens pesados com facilidade, mesmo em terrenos irregulares. Em p\u00e1tios de madeira, ela pode empilhar e transportar rapidamente paletes de madeira cortada. O motor a diesel lhe d\u00e1 resist\u00eancia para longas horas de trabalho, crucial ao processar grandes volumes de madeira. Al\u00e9m disso, em armaz\u00e9ns industriais com se\u00e7\u00f5es externas, ela \u00e9 perfeita para carregar e descarregar cont\u00eaineres grandes e volumosos, agilizando as opera\u00e7\u00f5es de log\u00edstica.<\/p>","protected":false},"excerpt":{"rendered":"<h4 class=\"elementor-heading-title elementor-size-default\" style=\"text-align: center; padding-bottom: 30px;\">Empilhadeira a diesel CPC25-K 2.5T<\/h4>\n<div>A Empilhadeira Diesel CPC25-K 2.5T \u00e9 uma m\u00e1quina de manuseio confi\u00e1vel. Com capacidade de carga de 2,5 toneladas, ela pode levantar mercadorias pesadas. Movida a diesel, ela oferece forte pot\u00eancia para v\u00e1rios terrenos. Seu design compacto permite f\u00e1cil manobra, e a constru\u00e7\u00e3o robusta garante durabilidade, atendendo \u00e0s demandas de transfer\u00eancia de material industrial.<\/div>\n<div><\/div>\n<div>\n<hr \/>\n<\/div>\n<p><img decoding=\"async\" class=\"alignnone wp-image-257\" src=\"https:\/\/www.soaogroup.com\/wp-content\/uploads\/2025\/02\/\u672a\u6807\u9898-2.jpg\" alt=\"\" width=\"48\" height=\"50\" \/>\u00a0 Whatsapp :<a href=\"https:\/\/api.whatsapp.com\/send?phone=8613395319660\" target=\"_blank\" rel=\"noopener\">\u00a0+8613395319660 <\/a><\/p>\n<div>\n<hr \/>\n<\/div>\n<p><img loading=\"lazy\" decoding=\"async\" class=\"alignnone wp-image-258\" src=\"https:\/\/www.soaogroup.com\/wp-content\/uploads\/2025\/02\/emaillogoblue.jpg\" alt=\"\" width=\"48\" height=\"55\" \/>\u00a0\u00a0E-mail : <a href=\"mailto:sales@sdsoao.com\" target=\"_blank\" rel=\"noopener\">\u00a0sales@sdsoao.com<\/a><\/p>\n<div>\n<hr \/>\n<\/div>\n<h3><\/h3>\n<div><\/div>","protected":false},"featured_media":159,"comment_status":"open","ping_status":"closed","template":"","meta":[],"product_brand":[],"product_cat":[18,16],"product_tag":[],"class_list":{"0":"post-143","1":"product","2":"type-product","3":"status-publish","4":"has-post-thumbnail","6":"product_cat-diesel-forklift","7":"product_cat-forklift","9":"first","10":"instock","11":"shipping-taxable","12":"product-type-simple"},"_links":{"self":[{"href":"https:\/\/www.soaogroup.com\/pt\/wp-json\/wp\/v2\/product\/143","targetHints":{"allow":["GET"]}}],"collection":[{"href":"https:\/\/www.soaogroup.com\/pt\/wp-json\/wp\/v2\/product"}],"about":[{"href":"https:\/\/www.soaogroup.com\/pt\/wp-json\/wp\/v2\/types\/product"}],"replies":[{"embeddable":true,"href":"https:\/\/www.soaogroup.com\/pt\/wp-json\/wp\/v2\/comments?post=143"}],"wp:featuredmedia":[{"embeddable":true,"href":"https:\/\/www.soaogroup.com\/pt\/wp-json\/wp\/v2\/media\/159"}],"wp:attachment":[{"href":"https:\/\/www.soaogroup.com\/pt\/wp-json\/wp\/v2\/media?parent=143"}],"wp:term":[{"taxonomy":"product_brand","embeddable":true,"href":"https:\/\/www.soaogroup.com\/pt\/wp-json\/wp\/v2\/product_brand?post=143"},{"taxonomy":"product_cat","embeddable":true,"href":"https:\/\/www.soaogroup.com\/pt\/wp-json\/wp\/v2\/product_cat?post=143"},{"taxonomy":"product_tag","embeddable":true,"href":"https:\/\/www.soaogroup.com\/pt\/wp-json\/wp\/v2\/product_tag?post=143"}],"curies":[{"name":"wp","href":"https:\/\/api.w.org\/{rel}","templated":true}]}}