{"id":134,"date":"2025-01-13T13:43:50","date_gmt":"2025-01-13T05:43:50","guid":{"rendered":"https:\/\/www.soaogroup.com\/?post_type=product&#038;p=134"},"modified":"2025-03-11T15:58:00","modified_gmt":"2025-03-11T07:58:00","slug":"cpd35-b-3-0-electric-forklift","status":"publish","type":"product","link":"https:\/\/www.soaogroup.com\/pt\/produto\/cpd35-b-3-0-electric-forklift\/","title":{"rendered":"Empilhadeira el\u00e9trica CPD35-B 3.0"},"content":{"rendered":"<h2>Detalhes do produto:<\/h2>\n<table class=\"tg\" style=\"border-collapse: collapse; border-spacing: 0;\">\n<thead>\n<tr>\n<th style=\"background-color: #cb0000; color: #ffffff; font-family: Arial, sans-serif; font-size: 14px; font-weight: bold; overflow: hidden; padding: 10px 5px; text-align: left; vertical-align: top; word-break: normal; border: 1px solid black;\"><span style=\"font-weight: 600;\">Item<\/span><\/th>\n<th style=\"background-color: #cb0000; color: #ffffff; font-family: Arial, sans-serif; font-size: 14px; font-weight: bold; overflow: hidden; padding: 10px 5px; text-align: left; vertical-align: top; word-break: normal; border: 1px solid black;\"><span style=\"font-weight: 600;\">HWD30-B<\/span><\/th>\n<th style=\"background-color: #cb0000; color: #ffffff; font-family: Arial, sans-serif; font-size: 14px; font-weight: bold; overflow: hidden; padding: 10px 5px; text-align: left; vertical-align: top; word-break: normal; border: 1px solid black;\"><span style=\"font-weight: 600;\">HWD35-B<\/span><\/th>\n<th style=\"background-color: #cb0000; color: #ffffff; font-family: Arial, sans-serif; font-size: 14px; font-weight: bold; overflow: hidden; padding: 10px 5px; text-align: left; vertical-align: top; word-break: normal; border: 1px solid black;\"><span style=\"font-weight: 600;\">HWD40-B<\/span><\/th>\n<th style=\"background-color: #cb0000; color: #ffffff; font-family: Arial, sans-serif; font-size: 14px; font-weight: bold; overflow: hidden; padding: 10px 5px; text-align: left; vertical-align: top; word-break: normal; border: 1px solid black;\"><span style=\"font-weight: 600;\">HW45-B<\/span><\/th>\n<\/tr>\n<\/thead>\n<tbody>\n<tr>\n<td style=\"background-color: #ffffff; color: #000000; font-family: Arial, sans-serif; font-size: 14px; overflow: hidden; padding: 10px 5px; text-align: left; vertical-align: top; word-break: normal; border: 1px solid black;\"><span style=\"font-weight: 400;\">Modo de condu\u00e7\u00e3o<\/span><\/td>\n<td style=\"background-color: #ffffff; color: #000000; font-family: Arial, sans-serif; font-size: 14px; overflow: hidden; padding: 10px 5px; text-align: left; vertical-align: top; word-break: normal; border: 1px solid black;\"><span style=\"font-weight: 400;\">Sentado<\/span><\/td>\n<td style=\"background-color: #ffffff; color: #000000; font-family: Arial, sans-serif; font-size: 14px; overflow: hidden; padding: 10px 5px; text-align: left; vertical-align: top; word-break: normal; border: 1px solid black;\"><span style=\"font-weight: 400;\">Sentado<\/span><\/td>\n<td style=\"background-color: #ffffff; color: #000000; font-family: Arial, sans-serif; font-size: 14px; overflow: hidden; padding: 10px 5px; text-align: left; vertical-align: top; word-break: normal; border: 1px solid black;\"><span style=\"font-weight: 400;\">Sentado<\/span><\/td>\n<td style=\"background-color: #ffffff; color: #000000; font-family: Arial, sans-serif; font-size: 14px; overflow: hidden; padding: 10px 5px; text-align: left; vertical-align: top; word-break: normal; border: 1px solid black;\"><span style=\"font-weight: 400;\">Sentado<\/span><\/td>\n<\/tr>\n<tr>\n<td style=\"background-color: #efefef; color: #000000; font-family: Arial, sans-serif; font-size: 14px; overflow: hidden; padding: 10px 5px; text-align: left; vertical-align: top; word-break: normal; border: 1px solid black;\"><span style=\"font-weight: 400;\">Capacidade de carga nominal<\/span><\/td>\n<td style=\"background-color: #efefef; color: #000000; font-family: Arial, sans-serif; font-size: 14px; overflow: hidden; padding: 10px 5px; text-align: left; vertical-align: top; word-break: normal; border: 1px solid black;\"><span style=\"font-weight: 400;\">3.000 kg<\/span><\/td>\n<td style=\"background-color: #efefef; color: #000000; font-family: Arial, sans-serif; font-size: 14px; overflow: hidden; padding: 10px 5px; text-align: left; vertical-align: top; word-break: normal; border: 1px solid black;\"><span style=\"font-weight: 400;\">3.500 kg<\/span><\/td>\n<td style=\"background-color: #efefef; color: #000000; font-family: Arial, sans-serif; font-size: 14px; overflow: hidden; padding: 10px 5px; text-align: left; vertical-align: top; word-break: normal; border: 1px solid black;\"><span style=\"font-weight: 400;\">4.000 kg<\/span><\/td>\n<td style=\"background-color: #efefef; color: #000000; font-family: Arial, sans-serif; font-size: 14px; overflow: hidden; padding: 10px 5px; text-align: left; vertical-align: top; word-break: normal; border: 1px solid black;\"><span style=\"font-weight: 400;\">4.500 kg<\/span><\/td>\n<\/tr>\n<tr>\n<td style=\"background-color: #ffffff; color: #000000; font-family: Arial, sans-serif; font-size: 14px; overflow: hidden; padding: 10px 5px; text-align: left; vertical-align: top; word-break: normal; border: 1px solid black;\"><span style=\"font-weight: 400;\">Altura m\u00e1xima de eleva\u00e7\u00e3o<\/span><\/td>\n<td style=\"background-color: #ffffff; color: #000000; font-family: Arial, sans-serif; font-size: 14px; overflow: hidden; padding: 10px 5px; text-align: left; vertical-align: top; word-break: normal; border: 1px solid black;\"><span style=\"font-weight: 400;\">3.000 mil\u00edmetros<\/span><\/td>\n<td style=\"background-color: #ffffff; color: #000000; font-family: Arial, sans-serif; font-size: 14px; overflow: hidden; padding: 10px 5px; text-align: left; vertical-align: top; word-break: normal; border: 1px solid black;\"><span style=\"font-weight: 400;\">3.000 mil\u00edmetros<\/span><\/td>\n<td style=\"background-color: #ffffff; color: #000000; font-family: Arial, sans-serif; font-size: 14px; overflow: hidden; padding: 10px 5px; text-align: left; vertical-align: top; word-break: normal; border: 1px solid black;\"><span style=\"font-weight: 400;\">3.000 mil\u00edmetros<\/span><\/td>\n<td style=\"background-color: #ffffff; color: #000000; font-family: Arial, sans-serif; font-size: 14px; overflow: hidden; padding: 10px 5px; text-align: left; vertical-align: top; word-break: normal; border: 1px solid black;\"><span style=\"font-weight: 400;\">3.000 mil\u00edmetros<\/span><\/td>\n<\/tr>\n<tr>\n<td style=\"background-color: #efefef; color: #000000; font-family: Arial, sans-serif; font-size: 14px; overflow: hidden; padding: 10px 5px; text-align: left; vertical-align: top; word-break: normal; border: 1px solid black;\"><span style=\"font-weight: 400;\">Tamanho do garfo<\/span><\/td>\n<td style=\"background-color: #efefef; color: #000000; font-family: Arial, sans-serif; font-size: 14px; overflow: hidden; padding: 10px 5px; text-align: left; vertical-align: top; word-break: normal; border: 1px solid black;\"><span style=\"font-weight: 400;\">45 * 130 * 1070 mil\u00edmetros<\/span><\/td>\n<td style=\"background-color: #efefef; color: #000000; font-family: Arial, sans-serif; font-size: 14px; overflow: hidden; padding: 10px 5px; text-align: left; vertical-align: top; word-break: normal; border: 1px solid black;\"><span style=\"font-weight: 400;\">45 * 140 * 1070 mil\u00edmetros<\/span><\/td>\n<td style=\"background-color: #efefef; color: #000000; font-family: Arial, sans-serif; font-size: 14px; overflow: hidden; padding: 10px 5px; text-align: left; vertical-align: top; word-break: normal; border: 1px solid black;\"><span style=\"font-weight: 400;\">50 * 145 * 1070 mil\u00edmetros<\/span><\/td>\n<td style=\"background-color: #efefef; color: #000000; font-family: Arial, sans-serif; font-size: 14px; overflow: hidden; padding: 10px 5px; text-align: left; vertical-align: top; word-break: normal; border: 1px solid black;\"><span style=\"font-weight: 400;\">50 * 150 * 1070 mil\u00edmetros<\/span><\/td>\n<\/tr>\n<tr>\n<td style=\"background-color: #ffffff; color: #000000; font-family: Arial, sans-serif; font-size: 14px; overflow: hidden; padding: 10px 5px; text-align: left; vertical-align: top; word-break: normal; border: 1px solid black;\"><span style=\"font-weight: 400;\">Voltagem da bateria<\/span><\/td>\n<td style=\"background-color: #ffffff; color: #000000; font-family: Arial, sans-serif; font-size: 14px; overflow: hidden; padding: 10px 5px; text-align: left; vertical-align: top; word-break: normal; border: 1px solid black;\"><span style=\"font-weight: 400;\">80 V 300 Ah<\/span><\/td>\n<td style=\"background-color: #ffffff; color: #000000; font-family: Arial, sans-serif; font-size: 14px; overflow: hidden; padding: 10px 5px; text-align: left; vertical-align: top; word-break: normal; border: 1px solid black;\"><span style=\"font-weight: 400;\">80 V 300 Ah<\/span><\/td>\n<td style=\"background-color: #ffffff; color: #000000; font-family: Arial, sans-serif; font-size: 14px; overflow: hidden; padding: 10px 5px; text-align: left; vertical-align: top; word-break: normal; border: 1px solid black;\"><span style=\"font-weight: 400;\">80 V 300 Ah<\/span><\/td>\n<td style=\"background-color: #ffffff; color: #000000; font-family: Arial, sans-serif; font-size: 14px; overflow: hidden; padding: 10px 5px; text-align: left; vertical-align: top; word-break: normal; border: 1px solid black;\"><span style=\"font-weight: 400;\">80 V 1400 Ah<\/span><\/td>\n<\/tr>\n<tr>\n<td style=\"background-color: #efefef; color: #000000; font-family: Arial, sans-serif; font-size: 14px; overflow: hidden; padding: 10px 5px; text-align: left; vertical-align: top; word-break: normal; border: 1px solid black;\"><span style=\"font-weight: 400;\">Velocidade de viagem<\/span><\/td>\n<td style=\"background-color: #efefef; color: #000000; font-family: Arial, sans-serif; font-size: 14px; overflow: hidden; padding: 10px 5px; text-align: left; vertical-align: top; word-break: normal; border: 1px solid black;\"><span style=\"font-weight: 400;\">13 kW\/h<\/span><\/td>\n<td style=\"background-color: #efefef; color: #000000; font-family: Arial, sans-serif; font-size: 14px; overflow: hidden; padding: 10px 5px; text-align: left; vertical-align: top; word-break: normal; border: 1px solid black;\"><span style=\"font-weight: 400;\">13 kW\/h<\/span><\/td>\n<td style=\"background-color: #efefef; color: #000000; font-family: Arial, sans-serif; font-size: 14px; overflow: hidden; padding: 10px 5px; text-align: left; vertical-align: top; word-break: normal; border: 1px solid black;\"><span style=\"font-weight: 400;\">13 kW\/h<\/span><\/td>\n<td style=\"background-color: #efefef; color: #000000; font-family: Arial, sans-serif; font-size: 14px; overflow: hidden; padding: 10px 5px; text-align: left; vertical-align: top; word-break: normal; border: 1px solid black;\"><span style=\"font-weight: 400;\">13 kW\/h<\/span><\/td>\n<\/tr>\n<tr>\n<td style=\"background-color: #ffffff; color: #000000; font-family: Arial, sans-serif; font-size: 14px; overflow: hidden; padding: 10px 5px; text-align: left; vertical-align: top; word-break: normal; border: 1px solid black;\"><span style=\"font-weight: 400;\">Capacidade de classifica\u00e7\u00e3o<\/span><\/td>\n<td style=\"background-color: #ffffff; color: #000000; font-family: Arial, sans-serif; font-size: 14px; overflow: hidden; padding: 10px 5px; text-align: left; vertical-align: top; word-break: normal; border: 1px solid black;\"><span style=\"font-weight: 400;\">20\u00b0<\/span><\/td>\n<td style=\"background-color: #ffffff; color: #000000; font-family: Arial, sans-serif; font-size: 14px; overflow: hidden; padding: 10px 5px; text-align: left; vertical-align: top; word-break: normal; border: 1px solid black;\"><span style=\"font-weight: 400;\">20\u00b0<\/span><\/td>\n<td style=\"background-color: #ffffff; color: #000000; font-family: Arial, sans-serif; font-size: 14px; overflow: hidden; padding: 10px 5px; text-align: left; vertical-align: top; word-break: normal; border: 1px solid black;\"><span style=\"font-weight: 400;\">20\u00b0<\/span><\/td>\n<td style=\"background-color: #ffffff; color: #000000; font-family: Arial, sans-serif; font-size: 14px; overflow: hidden; padding: 10px 5px; text-align: left; vertical-align: top; word-break: normal; border: 1px solid black;\"><span style=\"font-weight: 400;\">20\u00b0<\/span><\/td>\n<\/tr>\n<tr>\n<td style=\"background-color: #efefef; color: #000000; font-family: Arial, sans-serif; font-size: 14px; overflow: hidden; padding: 10px 5px; text-align: left; vertical-align: top; word-break: normal; border: 1px solid black;\"><span style=\"font-weight: 400;\">Peso<\/span><\/td>\n<td style=\"background-color: #efefef; color: #000000; font-family: Arial, sans-serif; font-size: 14px; overflow: hidden; padding: 10px 5px; text-align: left; vertical-align: top; word-break: normal; border: 1px solid black;\"><span style=\"font-weight: 400;\">4.150 kg<\/span><\/td>\n<td style=\"background-color: #efefef; color: #000000; font-family: Arial, sans-serif; font-size: 14px; overflow: hidden; padding: 10px 5px; text-align: left; vertical-align: top; word-break: normal; border: 1px solid black;\"><span style=\"font-weight: 400;\">4.400 kg<\/span><\/td>\n<td style=\"background-color: #efefef; color: #000000; font-family: Arial, sans-serif; font-size: 14px; overflow: hidden; padding: 10px 5px; text-align: left; vertical-align: top; word-break: normal; border: 1px solid black;\"><span style=\"font-weight: 400;\">6.660 kg<\/span><\/td>\n<td style=\"background-color: #efefef; color: #000000; font-family: Arial, sans-serif; font-size: 14px; overflow: hidden; padding: 10px 5px; text-align: left; vertical-align: top; word-break: normal; border: 1px solid black;\"><span style=\"font-weight: 400;\">6.850 kg<\/span><\/td>\n<\/tr>\n<tr>\n<td style=\"background-color: #ffffff; color: #000000; font-family: Arial, sans-serif; font-size: 14px; overflow: hidden; padding: 10px 5px; text-align: left; vertical-align: top; word-break: normal; border: 1px solid black;\"><span style=\"font-weight: 400;\">Dimens\u00f5es<\/span><\/td>\n<td style=\"background-color: #ffffff; color: #000000; font-family: Arial, sans-serif; font-size: 14px; overflow: hidden; padding: 10px 5px; text-align: left; vertical-align: top; word-break: normal; border: 1px solid black;\"><span style=\"font-weight: 400;\">2.600 * 1225 * 2200 mil\u00edmetros<\/span><\/td>\n<td style=\"background-color: #ffffff; color: #000000; font-family: Arial, sans-serif; font-size: 14px; overflow: hidden; padding: 10px 5px; text-align: left; vertical-align: top; word-break: normal; border: 1px solid black;\"><span style=\"font-weight: 400;\">2.600 * 1225 * 2200 mil\u00edmetros<\/span><\/td>\n<td style=\"background-color: #ffffff; color: #000000; font-family: Arial, sans-serif; font-size: 14px; overflow: hidden; padding: 10px 5px; text-align: left; vertical-align: top; word-break: normal; border: 1px solid black;\"><span style=\"font-weight: 400;\">2.990 * 1585 * 2350 mil\u00edmetros<\/span><\/td>\n<td style=\"background-color: #ffffff; color: #000000; font-family: Arial, sans-serif; font-size: 14px; overflow: hidden; padding: 10px 5px; text-align: left; vertical-align: top; word-break: normal; border: 1px solid black;\"><span style=\"font-weight: 400;\">2.990 * 1585 * 2350 mil\u00edmetros<\/span><\/td>\n<\/tr>\n<\/tbody>\n<\/table>\n<h2><img fetchpriority=\"high\" decoding=\"async\" class=\"alignnone size-full wp-image-140\" src=\"https:\/\/www.soaogroup.com\/wp-content\/uploads\/2025\/01\/\u672a\u547d\u540d_\u55e8\u683c\u5f0f\u538b\u7f29\u526f\u672c_\u7ed3\u679c-1.webp\" alt=\"\" width=\"2250\" height=\"750\" srcset=\"https:\/\/www.soaogroup.com\/wp-content\/uploads\/2025\/01\/\u672a\u547d\u540d_\u55e8\u683c\u5f0f\u538b\u7f29\u526f\u672c_\u7ed3\u679c-1.webp 2250w, https:\/\/www.soaogroup.com\/wp-content\/uploads\/2025\/01\/\u672a\u547d\u540d_\u55e8\u683c\u5f0f\u538b\u7f29\u526f\u672c_\u7ed3\u679c-1-600x200.webp 600w, https:\/\/www.soaogroup.com\/wp-content\/uploads\/2025\/01\/\u672a\u547d\u540d_\u55e8\u683c\u5f0f\u538b\u7f29\u526f\u672c_\u7ed3\u679c-1-300x100.webp 300w, https:\/\/www.soaogroup.com\/wp-content\/uploads\/2025\/01\/\u672a\u547d\u540d_\u55e8\u683c\u5f0f\u538b\u7f29\u526f\u672c_\u7ed3\u679c-1-1024x341.webp 1024w, https:\/\/www.soaogroup.com\/wp-content\/uploads\/2025\/01\/\u672a\u547d\u540d_\u55e8\u683c\u5f0f\u538b\u7f29\u526f\u672c_\u7ed3\u679c-1-768x256.webp 768w, https:\/\/www.soaogroup.com\/wp-content\/uploads\/2025\/01\/\u672a\u547d\u540d_\u55e8\u683c\u5f0f\u538b\u7f29\u526f\u672c_\u7ed3\u679c-1-1536x512.webp 1536w, https:\/\/www.soaogroup.com\/wp-content\/uploads\/2025\/01\/\u672a\u547d\u540d_\u55e8\u683c\u5f0f\u538b\u7f29\u526f\u672c_\u7ed3\u679c-1-2048x683.webp 2048w\" sizes=\"(max-width: 2250px) 100vw, 2250px\" \/>Caracter\u00edsticas do produto:<\/h2>\n<h3>Alta capacidade de carga:<\/h3>\n<p>Com uma capacidade nominal de 3,5 toneladas, ele pode lidar com cargas relativamente pesadas, o que o torna adequado para transportar itens volumosos, como grandes pe\u00e7as de m\u00e1quinas, mat\u00e9rias-primas industriais ou paletes cheios de mercadorias em armaz\u00e9ns e f\u00e1bricas.<\/p>\n<h3>Opera\u00e7\u00e3o de eleva\u00e7\u00e3o est\u00e1vel:<\/h3>\n<p>Ele \u00e9 projetado com um sistema de mastro confi\u00e1vel. Isso permite eleva\u00e7\u00e3o est\u00e1vel e precisa, reduzindo o risco de mercadorias se deslocarem ou tombarem durante o processo de eleva\u00e7\u00e3o, o que \u00e9 crucial ao trabalhar com racks de armazenamento altos.<\/p>\n<h3><img decoding=\"async\" class=\"size-full wp-image-141 alignright\" src=\"https:\/\/www.soaogroup.com\/wp-content\/uploads\/2025\/01\/IMG_E4455_\u55e8\u683c\u5f0f\u538b\u7f29\u526f\u672c.png\" alt=\"\" width=\"800\" height=\"800\" srcset=\"https:\/\/www.soaogroup.com\/wp-content\/uploads\/2025\/01\/IMG_E4455_\u55e8\u683c\u5f0f\u538b\u7f29\u526f\u672c.png 800w, https:\/\/www.soaogroup.com\/wp-content\/uploads\/2025\/01\/IMG_E4455_\u55e8\u683c\u5f0f\u538b\u7f29\u526f\u672c-300x300.png 300w, https:\/\/www.soaogroup.com\/wp-content\/uploads\/2025\/01\/IMG_E4455_\u55e8\u683c\u5f0f\u538b\u7f29\u526f\u672c-100x100.png 100w, https:\/\/www.soaogroup.com\/wp-content\/uploads\/2025\/01\/IMG_E4455_\u55e8\u683c\u5f0f\u538b\u7f29\u526f\u672c-600x600.png 600w, https:\/\/www.soaogroup.com\/wp-content\/uploads\/2025\/01\/IMG_E4455_\u55e8\u683c\u5f0f\u538b\u7f29\u526f\u672c-150x150.png 150w, https:\/\/www.soaogroup.com\/wp-content\/uploads\/2025\/01\/IMG_E4455_\u55e8\u683c\u5f0f\u538b\u7f29\u526f\u672c-768x768.png 768w\" sizes=\"(max-width: 800px) 100vw, 800px\" \/><\/h3>\n<h3>Ecol\u00f3gico:<\/h3>\n<p>Por ser movido a eletricidade, ele n\u00e3o emite gases de exaust\u00e3o prejudiciais. Isso n\u00e3o s\u00f3 mant\u00e9m o ar interno limpo em armaz\u00e9ns, mas tamb\u00e9m contribui para um ambiente de trabalho mais verde, alinhando-se com as metas modernas de sustentabilidade.<\/p>\n<h3>Manobrabilidade:<\/h3>\n<p>A empilhadeira provavelmente tem um design compacto, fornecendo a ela um pequeno raio de giro. Esse recurso permite que os operadores naveguem por corredores estreitos do dep\u00f3sito com facilidade, otimizando a utiliza\u00e7\u00e3o do espa\u00e7o de armazenamento.<\/p>\n<h3>Conforto do operador:<\/h3>\n<p>Sua cabine do operador \u00e9 tipicamente projetada seguindo princ\u00edpios ergon\u00f4micos. Pode haver um assento ajust\u00e1vel, controles bem posicionados e boa visibilidade, minimizando a fadiga do operador durante longas horas de trabalho.<\/p>\n<h3>Fonte de alimenta\u00e7\u00e3o confi\u00e1vel:<\/h3>\n<p>Equipado com um sistema de bateria adequado, ele pode oferecer energia consistente. Isso garante opera\u00e7\u00e3o cont\u00ednua durante todo o turno de trabalho, reduzindo o tempo de inatividade para recarga e aumentando a produtividade geral.<\/p>\n<h3>Caracter\u00edsticas de seguran\u00e7a:<\/h3>\n<p>Ele vem com dispositivos de seguran\u00e7a padr\u00e3o, como bot\u00f5es de parada de emerg\u00eancia e sensores de detec\u00e7\u00e3o de obst\u00e1culos. Eles protegem o operador, a empilhadeira e os bens ao redor de potenciais acidentes.<\/p>\n<h2><img decoding=\"async\" class=\"alignnone size-full wp-image-139\" src=\"https:\/\/www.soaogroup.com\/wp-content\/uploads\/2025\/01\/\u00b7_\u55e8\u683c\u5f0f\u538b\u7f29\u526f\u672c_\u7ed3\u679c.webp\" alt=\"\" width=\"2250\" height=\"750\" srcset=\"https:\/\/www.soaogroup.com\/wp-content\/uploads\/2025\/01\/\u00b7_\u55e8\u683c\u5f0f\u538b\u7f29\u526f\u672c_\u7ed3\u679c.webp 2250w, https:\/\/www.soaogroup.com\/wp-content\/uploads\/2025\/01\/\u00b7_\u55e8\u683c\u5f0f\u538b\u7f29\u526f\u672c_\u7ed3\u679c-600x200.webp 600w, https:\/\/www.soaogroup.com\/wp-content\/uploads\/2025\/01\/\u00b7_\u55e8\u683c\u5f0f\u538b\u7f29\u526f\u672c_\u7ed3\u679c-300x100.webp 300w, https:\/\/www.soaogroup.com\/wp-content\/uploads\/2025\/01\/\u00b7_\u55e8\u683c\u5f0f\u538b\u7f29\u526f\u672c_\u7ed3\u679c-1024x341.webp 1024w, https:\/\/www.soaogroup.com\/wp-content\/uploads\/2025\/01\/\u00b7_\u55e8\u683c\u5f0f\u538b\u7f29\u526f\u672c_\u7ed3\u679c-768x256.webp 768w, https:\/\/www.soaogroup.com\/wp-content\/uploads\/2025\/01\/\u00b7_\u55e8\u683c\u5f0f\u538b\u7f29\u526f\u672c_\u7ed3\u679c-1536x512.webp 1536w, https:\/\/www.soaogroup.com\/wp-content\/uploads\/2025\/01\/\u00b7_\u55e8\u683c\u5f0f\u538b\u7f29\u526f\u672c_\u7ed3\u679c-2048x683.webp 2048w\" sizes=\"(max-width: 2250px) 100vw, 2250px\" \/>Aplicativo:<\/h2>\n<p>A empilhadeira el\u00e9trica CPD35-B 3.0T \u00e9 altamente adapt\u00e1vel em v\u00e1rios setores. Em grandes armaz\u00e9ns, ela se destaca ao manusear paletes cheios de bens de consumo, de eletr\u00f4nicos a roupas. Sua capacidade de 3,5 toneladas significa menos viagens, aumentando a efici\u00eancia. As f\u00e1bricas contam com ela para transportar mat\u00e9rias-primas pesadas, como barras de metal e grandes moldes de pl\u00e1stico, navegando suavemente em layouts de f\u00e1brica apertados. No setor de alimentos e bebidas, \u00e9 a melhor escolha para mover caixas de produtos ou bebidas engarrafadas, pois sua opera\u00e7\u00e3o de emiss\u00e3o zero mant\u00e9m as \u00e1reas de armazenamento higi\u00eanicas. As instala\u00e7\u00f5es de armazenamento a frio tamb\u00e9m se beneficiam; ela funciona bem em baixas temperaturas, garantindo um gerenciamento de estoque perfeito de produtos congelados.<\/p>","protected":false},"excerpt":{"rendered":"<h4 class=\"elementor-heading-title elementor-size-default\" style=\"text-align: center; padding-bottom: 30px;\">Empilhadeira el\u00e9trica CPD35-B 3.0<\/h4>\n<div>A Empilhadeira El\u00e9trica CPD35-B 3.0 \u00e9 uma solu\u00e7\u00e3o de armazenagem confi\u00e1vel. Com capacidade de carga de 3,5 toneladas, ela pode manusear mercadorias pesadas. Movida a eletricidade, ela n\u00e3o emite gases de escape, adequada para uso interno. Seu design compacto permite f\u00e1cil manobra em corredores estreitos, e os recursos ergon\u00f4micos oferecem conforto aos operadores, aumentando a efici\u00eancia geral do trabalho.<\/div>\n<div><\/div>\n<div>\n<hr class=\"dongte456custom-line\" \/>\n<\/div>\n<div style=\"padding-bottom: 5px;\">Categoria: Empilhadeira el\u00e9trica CPD35-B 3.0<\/div>\n<div>Palavra-chave: Empilhadeira el\u00e9trica CPD35-B 3.0<\/div>\n<div>\n<hr \/>\n<\/div>\n<p><img loading=\"lazy\" decoding=\"async\" class=\"alignnone wp-image-257\" src=\"https:\/\/www.soaogroup.com\/wp-content\/uploads\/2025\/02\/\u672a\u6807\u9898-2.jpg\" alt=\"\" width=\"48\" height=\"50\" \/>\u00a0 Whatsapp :<a href=\"https:\/\/api.whatsapp.com\/send?phone=8613395319660\" target=\"_blank\" rel=\"noopener\">\u00a0+8613395319660 <\/a><\/p>\n<div>\n<hr \/>\n<\/div>\n<p><img loading=\"lazy\" decoding=\"async\" class=\"alignnone wp-image-258\" src=\"https:\/\/www.soaogroup.com\/wp-content\/uploads\/2025\/02\/emaillogoblue.jpg\" alt=\"\" width=\"48\" height=\"55\" \/>\u00a0\u00a0E-mail : <a href=\"mailto:sales@sdsoao.com\" target=\"_blank\" rel=\"noopener\">\u00a0sales@sdsoao.com<\/a><\/p>\n<div>\n<hr \/>\n<\/div>\n<h3><\/h3>\n<div><\/div>","protected":false},"featured_media":135,"comment_status":"open","ping_status":"closed","template":"","meta":[],"product_brand":[],"product_cat":[17,16],"product_tag":[],"class_list":{"0":"post-134","1":"product","2":"type-product","3":"status-publish","4":"has-post-thumbnail","6":"product_cat-electric-forklift","7":"product_cat-forklift","9":"first","10":"instock","11":"shipping-taxable","12":"product-type-simple"},"_links":{"self":[{"href":"https:\/\/www.soaogroup.com\/pt\/wp-json\/wp\/v2\/product\/134","targetHints":{"allow":["GET"]}}],"collection":[{"href":"https:\/\/www.soaogroup.com\/pt\/wp-json\/wp\/v2\/product"}],"about":[{"href":"https:\/\/www.soaogroup.com\/pt\/wp-json\/wp\/v2\/types\/product"}],"replies":[{"embeddable":true,"href":"https:\/\/www.soaogroup.com\/pt\/wp-json\/wp\/v2\/comments?post=134"}],"wp:featuredmedia":[{"embeddable":true,"href":"https:\/\/www.soaogroup.com\/pt\/wp-json\/wp\/v2\/media\/135"}],"wp:attachment":[{"href":"https:\/\/www.soaogroup.com\/pt\/wp-json\/wp\/v2\/media?parent=134"}],"wp:term":[{"taxonomy":"product_brand","embeddable":true,"href":"https:\/\/www.soaogroup.com\/pt\/wp-json\/wp\/v2\/product_brand?post=134"},{"taxonomy":"product_cat","embeddable":true,"href":"https:\/\/www.soaogroup.com\/pt\/wp-json\/wp\/v2\/product_cat?post=134"},{"taxonomy":"product_tag","embeddable":true,"href":"https:\/\/www.soaogroup.com\/pt\/wp-json\/wp\/v2\/product_tag?post=134"}],"curies":[{"name":"wp","href":"https:\/\/api.w.org\/{rel}","templated":true}]}}