{"id":97,"date":"2025-01-10T16:25:25","date_gmt":"2025-01-10T08:25:25","guid":{"rendered":"https:\/\/www.soaogroup.com\/?post_type=product&#038;p=97"},"modified":"2025-02-16T09:53:46","modified_gmt":"2025-02-16T01:53:46","slug":"cpd25-c-2-5t-electric-forklift","status":"publish","type":"product","link":"https:\/\/www.soaogroup.com\/fr\/produit\/cpd25-c-2-5t-electric-forklift\/","title":{"rendered":"Chariot \u00e9l\u00e9vateur \u00e9lectrique CPD25-C 2,5 T"},"content":{"rendered":"<h2>D\u00e9tails du produit :<\/h2>\n<table class=\"tg\" style=\"border-collapse: collapse; border-spacing: 0;\">\n<thead>\n<tr>\n<th style=\"background-color: #f56b00; color: #ffffff; font-family: Arial, sans-serif; font-size: 14px; font-weight: bold; overflow: hidden; padding: 10px 5px; text-align: left; vertical-align: middle; word-break: normal; border: 1px solid black;\"><span style=\"font-weight: 600;\">Article L<\/span><\/th>\n<th style=\"background-color: #9b9b9b; color: #ffffff; font-family: Arial, sans-serif; font-size: 14px; font-weight: bold; overflow: hidden; padding: 10px 5px; text-align: left; vertical-align: middle; word-break: normal; border: 1px solid black;\"><span style=\"font-weight: 600;\">CPD25-C<\/span><\/th>\n<th style=\"background-color: #9b9b9b; color: #ffffff; font-family: Arial, sans-serif; font-size: 14px; font-weight: bold; overflow: hidden; padding: 10px 5px; text-align: left; vertical-align: middle; word-break: normal; border: 1px solid black;\"><span style=\"font-weight: 600;\">CPD30-C<\/span><\/th>\n<th style=\"background-color: #9b9b9b; color: #ffffff; font-family: Arial, sans-serif; font-size: 14px; font-weight: bold; overflow: hidden; padding: 10px 5px; text-align: left; vertical-align: middle; word-break: normal; border: 1px solid black;\"><span style=\"font-weight: 600;\">CPD35-C<\/span><\/th>\n<\/tr>\n<\/thead>\n<tbody>\n<tr>\n<td style=\"background-color: #f56b00; color: #ffffff; font-family: Arial, sans-serif; font-size: 14px; overflow: hidden; padding: 10px 5px; text-align: left; vertical-align: middle; word-break: normal; border: 1px solid black;\"><span style=\"font-weight: 400;\">Mod\u00e8le<\/span><\/td>\n<td style=\"background-color: #fff; color: #222; font-family: Arial, sans-serif; font-size: 14px; overflow: hidden; padding: 10px 5px; text-align: left; vertical-align: middle; word-break: normal; border: 1px solid black;\"><span style=\"font-weight: 400; color: var(--md-box-samantha-normal-text-color);\">CPD25-C<\/span><\/td>\n<td style=\"background-color: #fff; color: #222; font-family: Arial, sans-serif; font-size: 14px; overflow: hidden; padding: 10px 5px; text-align: left; vertical-align: middle; word-break: normal; border: 1px solid black;\"><span style=\"font-weight: 400; color: var(--md-box-samantha-normal-text-color);\">CPD30-C<\/span><\/td>\n<td style=\"background-color: #fff; color: #222; font-family: Arial, sans-serif; font-size: 14px; overflow: hidden; padding: 10px 5px; text-align: left; vertical-align: middle; word-break: normal; border: 1px solid black;\"><span style=\"font-weight: 400; color: var(--md-box-samantha-normal-text-color);\">CPD35-C<\/span><\/td>\n<\/tr>\n<tr>\n<td style=\"background-color: #f56b00; color: #ffffff; font-family: Arial, sans-serif; font-size: 14px; overflow: hidden; padding: 10px 5px; text-align: left; vertical-align: middle; word-break: normal; border: 1px solid black;\"><span style=\"font-weight: 400;\">Mode de conduite<\/span><\/td>\n<td style=\"background-color: #fff; color: #222; font-family: Arial, sans-serif; font-size: 14px; overflow: hidden; padding: 10px 5px; text-align: left; vertical-align: middle; word-break: normal; border: 1px solid black;\"><span style=\"font-weight: 400; color: var(--md-box-samantha-normal-text-color);\">Assis<\/span><\/td>\n<td style=\"background-color: #fff; color: #222; font-family: Arial, sans-serif; font-size: 14px; overflow: hidden; padding: 10px 5px; text-align: left; vertical-align: middle; word-break: normal; border: 1px solid black;\"><span style=\"font-weight: 400; color: var(--md-box-samantha-normal-text-color);\">Assis<\/span><\/td>\n<td style=\"background-color: #fff; color: #222; font-family: Arial, sans-serif; font-size: 14px; overflow: hidden; padding: 10px 5px; text-align: left; vertical-align: middle; word-break: normal; border: 1px solid black;\"><span style=\"font-weight: 400; color: var(--md-box-samantha-normal-text-color);\">Assis<\/span><\/td>\n<\/tr>\n<tr>\n<td style=\"background-color: #f56b00; color: #ffffff; font-family: Arial, sans-serif; font-size: 14px; overflow: hidden; padding: 10px 5px; text-align: left; vertical-align: middle; word-break: normal; border: 1px solid black;\"><span style=\"font-weight: 400;\">Capacit\u00e9 nominale<\/span><\/td>\n<td style=\"background-color: #fff; color: #222; font-family: Arial, sans-serif; font-size: 14px; overflow: hidden; padding: 10px 5px; text-align: left; vertical-align: middle; word-break: normal; border: 1px solid black;\"><span style=\"font-weight: 400; color: var(--md-box-samantha-normal-text-color);\">2 500 kg<\/span><\/td>\n<td style=\"background-color: #fff; color: #222; font-family: Arial, sans-serif; font-size: 14px; overflow: hidden; padding: 10px 5px; text-align: left; vertical-align: middle; word-break: normal; border: 1px solid black;\"><span style=\"font-weight: 400; color: var(--md-box-samantha-normal-text-color);\">3 000 kg<\/span><\/td>\n<td style=\"background-color: #fff; color: #222; font-family: Arial, sans-serif; font-size: 14px; overflow: hidden; padding: 10px 5px; text-align: left; vertical-align: middle; word-break: normal; border: 1px solid black;\"><span style=\"font-weight: 400; color: var(--md-box-samantha-normal-text-color);\">3 500 kg<\/span><\/td>\n<\/tr>\n<tr>\n<td style=\"background-color: #f56b00; color: #ffffff; font-family: Arial, sans-serif; font-size: 14px; overflow: hidden; padding: 10px 5px; text-align: left; vertical-align: middle; word-break: normal; border: 1px solid black;\"><span style=\"font-weight: 400;\">Hauteur de levage maximale<\/span><\/td>\n<td style=\"background-color: #fff; color: #222; font-family: Arial, sans-serif; font-size: 14px; overflow: hidden; padding: 10px 5px; text-align: left; vertical-align: middle; word-break: normal; border: 1px solid black;\"><span style=\"font-weight: 400; color: var(--md-box-samantha-normal-text-color);\">3 000 mm<\/span><\/td>\n<td style=\"background-color: #fff; color: #222; font-family: Arial, sans-serif; font-size: 14px; overflow: hidden; padding: 10px 5px; text-align: left; vertical-align: middle; word-break: normal; border: 1px solid black;\"><span style=\"font-weight: 400; color: var(--md-box-samantha-normal-text-color);\">3 000 mm<\/span><\/td>\n<td style=\"background-color: #fff; color: #222; font-family: Arial, sans-serif; font-size: 14px; overflow: hidden; padding: 10px 5px; text-align: left; vertical-align: middle; word-break: normal; border: 1px solid black;\"><span style=\"font-weight: 400; color: var(--md-box-samantha-normal-text-color);\">3 000 mm<\/span><\/td>\n<\/tr>\n<tr>\n<td style=\"background-color: #f56b00; color: #ffffff; font-family: Arial, sans-serif; font-size: 14px; overflow: hidden; padding: 10px 5px; text-align: left; vertical-align: middle; word-break: normal; border: 1px solid black;\"><span style=\"font-weight: 400;\">Taille de la fourche<\/span><\/td>\n<td style=\"background-color: #fff; color: #222; font-family: Arial, sans-serif; font-size: 14px; overflow: hidden; padding: 10px 5px; text-align: left; vertical-align: middle; word-break: normal; border: 1px solid black;\"><span style=\"font-weight: 400; color: var(--md-box-samantha-normal-text-color);\">40\u00d7122\u00d71070 mm<\/span><\/td>\n<td style=\"background-color: #fff; color: #222; font-family: Arial, sans-serif; font-size: 14px; overflow: hidden; padding: 10px 5px; text-align: left; vertical-align: middle; word-break: normal; border: 1px solid black;\"><span style=\"font-weight: 400; color: var(--md-box-samantha-normal-text-color);\">45\u00d7122\u00d71070 mm<\/span><\/td>\n<td style=\"background-color: #fff; color: #222; font-family: Arial, sans-serif; font-size: 14px; overflow: hidden; padding: 10px 5px; text-align: left; vertical-align: middle; word-break: normal; border: 1px solid black;\"><span style=\"font-weight: 400; color: var(--md-box-samantha-normal-text-color);\">45\u00d7122\u00d71070 mm<\/span><\/td>\n<\/tr>\n<tr>\n<td style=\"background-color: #f56b00; color: #ffffff; font-family: Arial, sans-serif; font-size: 14px; overflow: hidden; padding: 10px 5px; text-align: left; vertical-align: middle; word-break: normal; border: 1px solid black;\"><span style=\"font-weight: 400;\">Tension de la batterie<\/span><\/td>\n<td style=\"background-color: #fff; color: #222; font-family: Arial, sans-serif; font-size: 14px; overflow: hidden; padding: 10px 5px; text-align: left; vertical-align: middle; word-break: normal; border: 1px solid black;\"><span style=\"font-weight: 400; color: var(--md-box-samantha-normal-text-color);\">72V\/1210Ah<\/span><\/td>\n<td style=\"background-color: #fff; color: #222; font-family: Arial, sans-serif; font-size: 14px; overflow: hidden; padding: 10px 5px; text-align: left; vertical-align: middle; word-break: normal; border: 1px solid black;\"><span style=\"font-weight: 400; color: var(--md-box-samantha-normal-text-color);\">72V\/260Ah<\/span><\/td>\n<td style=\"background-color: #fff; color: #222; font-family: Arial, sans-serif; font-size: 14px; overflow: hidden; padding: 10px 5px; text-align: left; vertical-align: middle; word-break: normal; border: 1px solid black;\"><span style=\"font-weight: 400; color: var(--md-box-samantha-normal-text-color);\">72V\/260Ah<\/span><\/td>\n<\/tr>\n<tr>\n<td style=\"background-color: #f56b00; color: #ffffff; font-family: Arial, sans-serif; font-size: 14px; overflow: hidden; padding: 10px 5px; text-align: left; vertical-align: middle; word-break: normal; border: 1px solid black;\"><span style=\"font-weight: 400;\">Vitesse de d\u00e9placement<\/span><\/td>\n<td style=\"background-color: #fff; color: #222; font-family: Arial, sans-serif; font-size: 14px; overflow: hidden; padding: 10px 5px; text-align: left; vertical-align: middle; word-break: normal; border: 1px solid black;\"><span style=\"font-weight: 400; color: var(--md-box-samantha-normal-text-color);\">10 kW\/h<\/span><\/td>\n<td style=\"background-color: #fff; color: #222; font-family: Arial, sans-serif; font-size: 14px; overflow: hidden; padding: 10px 5px; text-align: left; vertical-align: middle; word-break: normal; border: 1px solid black;\"><span style=\"font-weight: 400; color: var(--md-box-samantha-normal-text-color);\">10 kW\/h<\/span><\/td>\n<td style=\"background-color: #fff; color: #222; font-family: Arial, sans-serif; font-size: 14px; overflow: hidden; padding: 10px 5px; text-align: left; vertical-align: middle; word-break: normal; border: 1px solid black;\"><span style=\"font-weight: 400; color: var(--md-box-samantha-normal-text-color);\">10 kW\/h<\/span><\/td>\n<\/tr>\n<tr>\n<td style=\"background-color: #f56b00; color: #ffffff; font-family: Arial, sans-serif; font-size: 14px; overflow: hidden; padding: 10px 5px; text-align: left; vertical-align: middle; word-break: normal; border: 1px solid black;\"><span style=\"font-weight: 400;\">Aptitude \u00e0 la pente<\/span><\/td>\n<td style=\"background-color: #fff; color: #222; font-family: Arial, sans-serif; font-size: 14px; overflow: hidden; padding: 10px 5px; text-align: left; vertical-align: middle; word-break: normal; border: 1px solid black;\"><span style=\"font-weight: 400; color: var(--md-box-samantha-normal-text-color);\">20\u00b0<\/span><\/td>\n<td style=\"background-color: #fff; color: #222; font-family: Arial, sans-serif; font-size: 14px; overflow: hidden; padding: 10px 5px; text-align: left; vertical-align: middle; word-break: normal; border: 1px solid black;\"><span style=\"font-weight: 400; color: var(--md-box-samantha-normal-text-color);\">20\u00b0<\/span><\/td>\n<td style=\"background-color: #fff; color: #222; font-family: Arial, sans-serif; font-size: 14px; overflow: hidden; padding: 10px 5px; text-align: left; vertical-align: middle; word-break: normal; border: 1px solid black;\"><span style=\"font-weight: 400; color: var(--md-box-samantha-normal-text-color);\">20\u00b0<\/span><\/td>\n<\/tr>\n<tr>\n<td style=\"background-color: #f56b00; color: #ffffff; font-family: Arial, sans-serif; font-size: 14px; overflow: hidden; padding: 10px 5px; text-align: left; vertical-align: middle; word-break: normal; border: 1px solid black;\"><span style=\"font-weight: 400;\">Poids<\/span><\/td>\n<td style=\"background-color: #fff; color: #222; font-family: Arial, sans-serif; font-size: 14px; overflow: hidden; padding: 10px 5px; text-align: left; vertical-align: middle; word-break: normal; border: 1px solid black;\"><span style=\"font-weight: 400; color: var(--md-box-samantha-normal-text-color);\">3300 kg<\/span><\/td>\n<td style=\"background-color: #fff; color: #222; font-family: Arial, sans-serif; font-size: 14px; overflow: hidden; padding: 10px 5px; text-align: left; vertical-align: middle; word-break: normal; border: 1px solid black;\"><span style=\"font-weight: 400; color: var(--md-box-samantha-normal-text-color);\">3500 kg<\/span><\/td>\n<td style=\"background-color: #fff; color: #222; font-family: Arial, sans-serif; font-size: 14px; overflow: hidden; padding: 10px 5px; text-align: left; vertical-align: middle; word-break: normal; border: 1px solid black;\"><span style=\"font-weight: 400; color: var(--md-box-samantha-normal-text-color);\">4400 kg<\/span><\/td>\n<\/tr>\n<tr>\n<td style=\"background-color: #f56b00; color: #ffffff; font-family: Arial, sans-serif; font-size: 14px; overflow: hidden; padding: 10px 5px; text-align: left; vertical-align: middle; word-break: normal; border: 1px solid black;\"><span style=\"font-weight: 400;\">Dimensions<\/span><\/td>\n<td style=\"background-color: #fff; color: #222; font-family: Arial, sans-serif; font-size: 14px; overflow: hidden; padding: 10px 5px; text-align: left; vertical-align: middle; word-break: normal; border: 1px solid black;\"><span style=\"font-weight: 400; color: var(--md-box-samantha-normal-text-color);\">2330\u00d71,160\u00d72110 mm<\/span><\/td>\n<td style=\"background-color: #fff; color: #222; font-family: Arial, sans-serif; font-size: 14px; overflow: hidden; padding: 10px 5px; text-align: left; vertical-align: middle; word-break: normal; border: 1px solid black;\"><span style=\"font-weight: 400; color: var(--md-box-samantha-normal-text-color);\">2600\u00d71225\u00d72200 mm<\/span><\/td>\n<td style=\"background-color: #fff; color: #222; font-family: Arial, sans-serif; font-size: 14px; overflow: hidden; padding: 10px 5px; text-align: left; vertical-align: middle; word-break: normal; border: 1px solid black;\"><span style=\"font-weight: 400; color: var(--md-box-samantha-normal-text-color);\">2600\u00d71225\u00d72200 mm<\/span><\/td>\n<\/tr>\n<\/tbody>\n<\/table>\n<h2><img fetchpriority=\"high\" decoding=\"async\" class=\"alignnone size-full wp-image-75\" src=\"https:\/\/www.soaogroup.com\/wp-content\/uploads\/2025\/01\/1_\u55e8\u683c\u5f0f\u538b\u7f29\u526f\u672c_\u7ed3\u679c.webp\" alt=\"\" width=\"1600\" height=\"600\" srcset=\"https:\/\/www.soaogroup.com\/wp-content\/uploads\/2025\/01\/1_\u55e8\u683c\u5f0f\u538b\u7f29\u526f\u672c_\u7ed3\u679c.webp 1600w, https:\/\/www.soaogroup.com\/wp-content\/uploads\/2025\/01\/1_\u55e8\u683c\u5f0f\u538b\u7f29\u526f\u672c_\u7ed3\u679c-600x225.webp 600w, https:\/\/www.soaogroup.com\/wp-content\/uploads\/2025\/01\/1_\u55e8\u683c\u5f0f\u538b\u7f29\u526f\u672c_\u7ed3\u679c-300x113.webp 300w, https:\/\/www.soaogroup.com\/wp-content\/uploads\/2025\/01\/1_\u55e8\u683c\u5f0f\u538b\u7f29\u526f\u672c_\u7ed3\u679c-1024x384.webp 1024w, https:\/\/www.soaogroup.com\/wp-content\/uploads\/2025\/01\/1_\u55e8\u683c\u5f0f\u538b\u7f29\u526f\u672c_\u7ed3\u679c-768x288.webp 768w, https:\/\/www.soaogroup.com\/wp-content\/uploads\/2025\/01\/1_\u55e8\u683c\u5f0f\u538b\u7f29\u526f\u672c_\u7ed3\u679c-1536x576.webp 1536w\" sizes=\"(max-width: 1600px) 100vw, 1600px\" \/>Caract\u00e9ristiques:<\/h2>\n<h3>Capacit\u00e9 de charge robuste :<\/h3>\n<p>Avec une capacit\u00e9 nominale de 2 500 kg (2,5 T), il peut manipuler sans effort des charges importantes, ce qui le rend adapt\u00e9 au transport de composants industriels lourds, de grands lots de marchandises ou de mat\u00e9riaux de construction sur diff\u00e9rents lieux de travail.<\/p>\n<h3>Hauteur de levage g\u00e9n\u00e9reuse :<\/h3>\n<p>Dot\u00e9 d&#039;une hauteur de levage maximale de 3000 mm, il permet un empilage vertical efficace des marchandises. Cette caract\u00e9ristique optimise l&#039;espace de stockage de l&#039;entrep\u00f4t, permettant des am\u00e9nagements de stockage plus organis\u00e9s et peu encombrants.<\/p>\n<h3><img decoding=\"async\" class=\"size-full wp-image-82 alignright\" src=\"https:\/\/www.soaogroup.com\/wp-content\/uploads\/2025\/01\/IMG_E8789_\u55e8\u683c\u5f0f\u538b\u7f29\u526f\u672c.jpg\" alt=\"\" width=\"800\" height=\"800\" srcset=\"https:\/\/www.soaogroup.com\/wp-content\/uploads\/2025\/01\/IMG_E8789_\u55e8\u683c\u5f0f\u538b\u7f29\u526f\u672c.jpg 800w, https:\/\/www.soaogroup.com\/wp-content\/uploads\/2025\/01\/IMG_E8789_\u55e8\u683c\u5f0f\u538b\u7f29\u526f\u672c-300x300.jpg 300w, https:\/\/www.soaogroup.com\/wp-content\/uploads\/2025\/01\/IMG_E8789_\u55e8\u683c\u5f0f\u538b\u7f29\u526f\u672c-100x100.jpg 100w, https:\/\/www.soaogroup.com\/wp-content\/uploads\/2025\/01\/IMG_E8789_\u55e8\u683c\u5f0f\u538b\u7f29\u526f\u672c-600x600.jpg 600w, https:\/\/www.soaogroup.com\/wp-content\/uploads\/2025\/01\/IMG_E8789_\u55e8\u683c\u5f0f\u538b\u7f29\u526f\u672c-150x150.jpg 150w, https:\/\/www.soaogroup.com\/wp-content\/uploads\/2025\/01\/IMG_E8789_\u55e8\u683c\u5f0f\u538b\u7f29\u526f\u672c-768x768.jpg 768w\" sizes=\"(max-width: 800px) 100vw, 800px\" \/>Conception de fourche robuste :<\/h3>\n<p>Les dimensions de la fourche de 40\u00d7122\u00d71070 mm assurent une prise ferme sur les charges. Elles minimisent le risque de glissement des objets pendant le transport, am\u00e9liorant ainsi la s\u00e9curit\u00e9 et la stabilit\u00e9 du processus de manutention.<\/p>\n<h3>Configuration de batterie puissante\u00a0:<\/h3>\n<p>Equip\u00e9 d&#039;une batterie 72V\/1210Ah, il dispose d&#039;une puissance suffisante pour faire fonctionner le chariot \u00e9l\u00e9vateur de mani\u00e8re stable. Cette batterie haute capacit\u00e9 assure un fonctionnement continu pendant des p\u00e9riodes prolong\u00e9es, r\u00e9duisant ainsi les temps d&#039;arr\u00eat pour la recharge.<\/p>\n<h3>Excellente capacit\u00e9 d&#039;escalade :<\/h3>\n<p>Une inclinaison de 20\u00b0 lui permet de franchir les pentes avec une relative facilit\u00e9. C&#039;est un atout pr\u00e9cieux pour travailler dans des zones au terrain accident\u00e9, comme sur des chantiers de construction ou des parcs industriels \u00e9quip\u00e9s de rampes.<\/p>\n<h3>Fonctionnement assis confortable :<\/h3>\n<p>Le mode de conduite assis privil\u00e9gie le confort de l&#039;op\u00e9rateur. En r\u00e9duisant la fatigue pendant les longues heures de travail, il favorise un contr\u00f4le plus pr\u00e9cis du chariot \u00e9l\u00e9vateur, am\u00e9liorant ainsi l&#039;efficacit\u00e9 globale du travail.<\/p>\n<h3>Dimensions man\u0153uvrables<\/h3>\n<p>Mesurant 2330\u00d71160\u00d72110 mm, sa taille relativement compacte lui conf\u00e8re une grande maniabilit\u00e9. Il peut passer sans probl\u00e8me dans les all\u00e9es \u00e9troites des entrep\u00f4ts, facilitant ainsi les d\u00e9placements rapides et efficaces dans l&#039;espace de travail.<\/p>\n<h3><img decoding=\"async\" class=\"alignnone size-full wp-image-74\" src=\"https:\/\/www.soaogroup.com\/wp-content\/uploads\/2025\/01\/2_\u55e8\u683c\u5f0f\u538b\u7f29\u526f\u672c_\u7ed3\u679c.webp\" alt=\"\" width=\"1600\" height=\"600\" srcset=\"https:\/\/www.soaogroup.com\/wp-content\/uploads\/2025\/01\/2_\u55e8\u683c\u5f0f\u538b\u7f29\u526f\u672c_\u7ed3\u679c.webp 1600w, https:\/\/www.soaogroup.com\/wp-content\/uploads\/2025\/01\/2_\u55e8\u683c\u5f0f\u538b\u7f29\u526f\u672c_\u7ed3\u679c-600x225.webp 600w, https:\/\/www.soaogroup.com\/wp-content\/uploads\/2025\/01\/2_\u55e8\u683c\u5f0f\u538b\u7f29\u526f\u672c_\u7ed3\u679c-300x113.webp 300w, https:\/\/www.soaogroup.com\/wp-content\/uploads\/2025\/01\/2_\u55e8\u683c\u5f0f\u538b\u7f29\u526f\u672c_\u7ed3\u679c-1024x384.webp 1024w, https:\/\/www.soaogroup.com\/wp-content\/uploads\/2025\/01\/2_\u55e8\u683c\u5f0f\u538b\u7f29\u526f\u672c_\u7ed3\u679c-768x288.webp 768w, https:\/\/www.soaogroup.com\/wp-content\/uploads\/2025\/01\/2_\u55e8\u683c\u5f0f\u538b\u7f29\u526f\u672c_\u7ed3\u679c-1536x576.webp 1536w\" sizes=\"(max-width: 1600px) 100vw, 1600px\" \/><\/h3>\n<h2>Application:<\/h2>\n<p>Le chariot \u00e9l\u00e9vateur \u00e9lectrique CPD25-C 2,5 T est adapt\u00e9 \u00e0 un large \u00e9ventail d&#039;applications. Dans les entrep\u00f4ts, sa hauteur de levage maximale de 3\u00a0000 mm lui permet d&#039;empiler soigneusement des palettes de biens de consommation, d&#039;\u00e9lectronique ou de meubles sur des \u00e9tag\u00e8res hautes, maximisant ainsi l&#039;espace de stockage. Avec une capacit\u00e9 de charge de 2\u00a0500 kg, il d\u00e9place facilement des stocks lourds. Sur les chantiers de construction, il est d&#039;une grande aide. Il peut transporter des mat\u00e9riaux de construction tels que des piles de briques, des sacs de ciment et des barres d&#039;acier sur un sol irr\u00e9gulier, gr\u00e2ce \u00e0 sa pente de 20\u00b0. Les centres de logistique et de distribution comptent \u00e9galement sur lui pour charger et d\u00e9charger rapidement les camions, garantissant ainsi une rotation rapide du fret.<\/p>\n<p>&nbsp;<\/p>","protected":false},"excerpt":{"rendered":"<h4 class=\"elementor-heading-title elementor-size-default\" style=\"text-align: center; padding-bottom: 30px;\">Chariot \u00e9l\u00e9vateur \u00e9lectrique CPD25-C 2,5 T<\/h4>\n<div>Le chariot \u00e9l\u00e9vateur \u00e9lectrique CPD25-C 2,5 T est tr\u00e8s pratique. Il a une capacit\u00e9 nominale de 2 500 kg et une hauteur de levage maximale de 3 000 mm. La batterie 72 V\/1 210 Ah lui permet d&#039;atteindre une vitesse de d\u00e9placement de 10 kW\/h. Avec une conduite assise, une pente de 20\u00b0 et des dimensions de 2 330 \u00d7 1 160 \u00d7 2 110 mm, il convient \u00e0 divers sc\u00e9narios industriels.<\/div>\n<div><\/div>\n<div>\n<hr class=\"dongte456custom-line\" \/>\n<\/div>\n<div style=\"padding-bottom: 5px;\">Cat\u00e9gorie : Chariot \u00e9l\u00e9vateur \u00e9lectrique CPD25-C 2,5T<\/div>\n<div>Mot cl\u00e9 : Chariot \u00e9l\u00e9vateur \u00e9lectrique CPD25-C 2,5T<\/div>\n<div>\n<hr \/>\n<\/div>\n<p><img loading=\"lazy\" decoding=\"async\" class=\"alignnone wp-image-257\" src=\"https:\/\/www.soaogroup.com\/wp-content\/uploads\/2025\/02\/\u672a\u6807\u9898-2.jpg\" alt=\"\" width=\"48\" height=\"50\" \/>\u00a0 WhatsApp :<a href=\"https:\/\/api.whatsapp.com\/send?phone=8613395319660\" target=\"_blank\" rel=\"noopener\">\u00a0+8613395319660 <\/a><\/p>\n<div>\n<hr \/>\n<\/div>\n<p><img loading=\"lazy\" decoding=\"async\" class=\"alignnone wp-image-258\" src=\"https:\/\/www.soaogroup.com\/wp-content\/uploads\/2025\/02\/emaillogoblue.jpg\" alt=\"\" width=\"48\" height=\"55\" \/>\u00a0\u00a0E-mail : <a href=\"mailto:sales@sdsoao.com\" target=\"_blank\" rel=\"noopener\">\u00a0sales@sdsoao.com<\/a><\/p>\n<div>\n<hr \/>\n<\/div>\n<h3><\/h3>\n<div><\/div>","protected":false},"featured_media":79,"comment_status":"open","ping_status":"closed","template":"","meta":[],"product_brand":[],"product_cat":[17,16],"product_tag":[],"class_list":{"0":"post-97","1":"product","2":"type-product","3":"status-publish","4":"has-post-thumbnail","6":"product_cat-electric-forklift","7":"product_cat-forklift","9":"first","10":"instock","11":"shipping-taxable","12":"product-type-simple"},"_links":{"self":[{"href":"https:\/\/www.soaogroup.com\/fr\/wp-json\/wp\/v2\/product\/97","targetHints":{"allow":["GET"]}}],"collection":[{"href":"https:\/\/www.soaogroup.com\/fr\/wp-json\/wp\/v2\/product"}],"about":[{"href":"https:\/\/www.soaogroup.com\/fr\/wp-json\/wp\/v2\/types\/product"}],"replies":[{"embeddable":true,"href":"https:\/\/www.soaogroup.com\/fr\/wp-json\/wp\/v2\/comments?post=97"}],"wp:featuredmedia":[{"embeddable":true,"href":"https:\/\/www.soaogroup.com\/fr\/wp-json\/wp\/v2\/media\/79"}],"wp:attachment":[{"href":"https:\/\/www.soaogroup.com\/fr\/wp-json\/wp\/v2\/media?parent=97"}],"wp:term":[{"taxonomy":"product_brand","embeddable":true,"href":"https:\/\/www.soaogroup.com\/fr\/wp-json\/wp\/v2\/product_brand?post=97"},{"taxonomy":"product_cat","embeddable":true,"href":"https:\/\/www.soaogroup.com\/fr\/wp-json\/wp\/v2\/product_cat?post=97"},{"taxonomy":"product_tag","embeddable":true,"href":"https:\/\/www.soaogroup.com\/fr\/wp-json\/wp\/v2\/product_tag?post=97"}],"curies":[{"name":"wp","href":"https:\/\/api.w.org\/{rel}","templated":true}]}}