{"id":73,"date":"2025-01-10T15:10:05","date_gmt":"2025-01-10T07:10:05","guid":{"rendered":"https:\/\/www.soaogroup.com\/?post_type=product&#038;p=73"},"modified":"2025-02-16T09:53:56","modified_gmt":"2025-02-16T01:53:56","slug":"cpd20-s-2t-electric-forklift","status":"publish","type":"product","link":"https:\/\/www.soaogroup.com\/fr\/produit\/cpd20-s-2t-electric-forklift\/","title":{"rendered":"Chariot \u00e9l\u00e9vateur \u00e9lectrique CPD20-S 2T"},"content":{"rendered":"<h2>D\u00e9tails du produit :<\/h2>\n<table class=\"tg\" style=\"border-collapse: collapse; border-spacing: 0;\">\n<thead>\n<tr>\n<th style=\"background-color: #f56b00; color: #ffffff; font-family: Arial, sans-serif; font-size: 14px; font-weight: normal; overflow: hidden; padding: 10px 5px; text-align: left; vertical-align: middle; word-break: normal; border: 1px solid black;\">Ltem<\/th>\n<th style=\"background-color: #9b9b9b; color: #ffffff; font-family: Arial, sans-serif; font-size: 14px; font-weight: bold; overflow: hidden; padding: 10px 5px; text-align: center; vertical-align: middle; word-break: normal; border: 1px solid black;\"><span style=\"font-weight: 600;\">CPD15-S<\/span><\/th>\n<th style=\"background-color: #9b9b9b; color: #ffffff; font-family: Arial, sans-serif; font-size: 14px; font-weight: bold; overflow: hidden; padding: 10px 5px; text-align: center; vertical-align: middle; word-break: normal; border: 1px solid black;\"><span style=\"font-weight: 600;\">CPD20-S<\/span><\/th>\n<\/tr>\n<\/thead>\n<tbody>\n<tr>\n<td style=\"background-color: #f56b00; color: #ffffff; font-family: Arial, sans-serif; font-size: 14px; font-weight: bold; overflow: hidden; padding: 10px 5px; text-align: left; vertical-align: middle; word-break: normal; border: 1px solid black;\">Mode de conduite<\/td>\n<td style=\"background-color: #ffffff; color: #222; font-family: Arial, sans-serif; font-size: 14px; overflow: hidden; padding: 10px 5px; text-align: left; vertical-align: middle; word-break: normal; border: 1px solid black;\"><span style=\"font-weight: 400; color: var(--md-box-samantha-normal-text-color);\">Assis<\/span><\/td>\n<td style=\"background-color: #ffffff; color: #222; font-family: Arial, sans-serif; font-size: 14px; overflow: hidden; padding: 10px 5px; text-align: left; vertical-align: middle; word-break: normal; border: 1px solid black;\"><span style=\"font-weight: 400; color: var(--md-box-samantha-normal-text-color);\">Assis<\/span><\/td>\n<\/tr>\n<tr>\n<td style=\"background-color: #f56b00; color: #ffffff; font-family: Arial, sans-serif; font-size: 14px; font-weight: bold; overflow: hidden; padding: 10px 5px; text-align: left; vertical-align: middle; word-break: normal; border: 1px solid black;\">Capacit\u00e9 nominale<\/td>\n<td style=\"background-color: #ffffff; color: #222; font-family: Arial, sans-serif; font-size: 14px; overflow: hidden; padding: 10px 5px; text-align: left; vertical-align: middle; word-break: normal; border: 1px solid black;\"><span style=\"font-weight: 400; color: var(--md-box-samantha-normal-text-color);\">1500 kg<\/span><\/td>\n<td style=\"background-color: #ffffff; color: #222; font-family: Arial, sans-serif; font-size: 14px; overflow: hidden; padding: 10px 5px; text-align: left; vertical-align: middle; word-break: normal; border: 1px solid black;\"><span style=\"font-weight: 400; color: var(--md-box-samantha-normal-text-color);\">2000 kg<\/span><\/td>\n<\/tr>\n<tr>\n<td style=\"background-color: #f56b00; color: #ffffff; font-family: Arial, sans-serif; font-size: 14px; font-weight: bold; overflow: hidden; padding: 10px 5px; text-align: left; vertical-align: middle; word-break: normal; border: 1px solid black;\">Hauteur de levage maximale<\/td>\n<td style=\"background-color: #ffffff; color: #222; font-family: Arial, sans-serif; font-size: 14px; overflow: hidden; padding: 10px 5px; text-align: left; vertical-align: middle; word-break: normal; border: 1px solid black;\"><span style=\"font-weight: 400; color: var(--md-box-samantha-normal-text-color);\">3000 mm<\/span><\/td>\n<td style=\"background-color: #ffffff; color: #222; font-family: Arial, sans-serif; font-size: 14px; overflow: hidden; padding: 10px 5px; text-align: left; vertical-align: middle; word-break: normal; border: 1px solid black;\"><span style=\"font-weight: 400; color: var(--md-box-samantha-normal-text-color);\">3000 mm<\/span><\/td>\n<\/tr>\n<tr>\n<td style=\"background-color: #f56b00; color: #ffffff; font-family: Arial, sans-serif; font-size: 14px; font-weight: bold; overflow: hidden; padding: 10px 5px; text-align: left; vertical-align: middle; word-break: normal; border: 1px solid black;\">Taille de la fourche<\/td>\n<td style=\"background-color: #ffffff; color: #222; font-family: Arial, sans-serif; font-size: 14px; overflow: hidden; padding: 10px 5px; text-align: left; vertical-align: middle; word-break: normal; border: 1px solid black;\"><span style=\"font-weight: 400; color: var(--md-box-samantha-normal-text-color);\">35\u00d7100\u00d71070 mm<\/span><\/td>\n<td style=\"background-color: #ffffff; color: #222; font-family: Arial, sans-serif; font-size: 14px; overflow: hidden; padding: 10px 5px; text-align: left; vertical-align: middle; word-break: normal; border: 1px solid black;\"><span style=\"font-weight: 400; color: var(--md-box-samantha-normal-text-color);\">40\u00d7100\u00d71070 mm<\/span><\/td>\n<\/tr>\n<tr>\n<td style=\"background-color: #f56b00; color: #ffffff; font-family: Arial, sans-serif; font-size: 14px; font-weight: bold; overflow: hidden; padding: 10px 5px; text-align: left; vertical-align: middle; word-break: normal; border: 1px solid black;\">Tension de la batterie<\/td>\n<td style=\"background-color: #ffffff; color: #222; font-family: Arial, sans-serif; font-size: 14px; overflow: hidden; padding: 10px 5px; text-align: left; vertical-align: middle; word-break: normal; border: 1px solid black;\"><span style=\"font-weight: 400; color: var(--md-box-samantha-normal-text-color);\">60V\/120Ah<\/span><\/td>\n<td style=\"background-color: #ffffff; color: #222; font-family: Arial, sans-serif; font-size: 14px; overflow: hidden; padding: 10px 5px; text-align: left; vertical-align: middle; word-break: normal; border: 1px solid black;\"><span style=\"font-weight: 400; color: var(--md-box-samantha-normal-text-color);\">72V\/120Ah<\/span><\/td>\n<\/tr>\n<tr>\n<td style=\"background-color: #f56b00; color: #ffffff; font-family: Arial, sans-serif; font-size: 14px; font-weight: bold; overflow: hidden; padding: 10px 5px; text-align: left; vertical-align: middle; word-break: normal; border: 1px solid black;\">Vitesse de d\u00e9placement<\/td>\n<td style=\"background-color: #ffffff; color: #222; font-family: Arial, sans-serif; font-size: 14px; overflow: hidden; padding: 10px 5px; text-align: left; vertical-align: middle; word-break: normal; border: 1px solid black;\"><span style=\"font-weight: 400; color: var(--md-box-samantha-normal-text-color);\">10 kW\/h<\/span><\/td>\n<td style=\"background-color: #ffffff; color: #222; font-family: Arial, sans-serif; font-size: 14px; overflow: hidden; padding: 10px 5px; text-align: left; vertical-align: middle; word-break: normal; border: 1px solid black;\"><span style=\"font-weight: 400; color: var(--md-box-samantha-normal-text-color);\">10 kW\/h<\/span><\/td>\n<\/tr>\n<tr>\n<td style=\"background-color: #f56b00; color: #ffffff; font-family: Arial, sans-serif; font-size: 14px; font-weight: bold; overflow: hidden; padding: 10px 5px; text-align: left; vertical-align: middle; word-break: normal; border: 1px solid black;\">Aptitude \u00e0 la pente<\/td>\n<td style=\"background-color: #ffffff; color: #222; font-family: Arial, sans-serif; font-size: 14px; overflow: hidden; padding: 10px 5px; text-align: left; vertical-align: middle; word-break: normal; border: 1px solid black;\"><span style=\"font-weight: 400; color: var(--md-box-samantha-normal-text-color);\">20\u00b0<\/span><\/td>\n<td style=\"background-color: #ffffff; color: #222; font-family: Arial, sans-serif; font-size: 14px; overflow: hidden; padding: 10px 5px; text-align: left; vertical-align: middle; word-break: normal; border: 1px solid black;\"><span style=\"font-weight: 400; color: var(--md-box-samantha-normal-text-color);\">20\u00b0<\/span><\/td>\n<\/tr>\n<tr>\n<td style=\"background-color: #f56b00; color: #ffffff; font-family: Arial, sans-serif; font-size: 14px; font-weight: bold; overflow: hidden; padding: 10px 5px; text-align: left; vertical-align: middle; word-break: normal; border: 1px solid black;\">Poids<\/td>\n<td style=\"background-color: #ffffff; color: #222; font-family: Arial, sans-serif; font-size: 14px; overflow: hidden; padding: 10px 5px; text-align: left; vertical-align: middle; word-break: normal; border: 1px solid black;\"><span style=\"font-weight: 400; color: var(--md-box-samantha-normal-text-color);\">2250 kg<\/span><\/td>\n<td style=\"background-color: #ffffff; color: #222; font-family: Arial, sans-serif; font-size: 14px; overflow: hidden; padding: 10px 5px; text-align: left; vertical-align: middle; word-break: normal; border: 1px solid black;\"><span style=\"font-weight: 400; color: var(--md-box-samantha-normal-text-color);\">2480 kg<\/span><\/td>\n<\/tr>\n<tr>\n<td style=\"background-color: #f56b00; color: #ffffff; font-family: Arial, sans-serif; font-size: 14px; font-weight: bold; overflow: hidden; padding: 10px 5px; text-align: left; vertical-align: middle; word-break: normal; border: 1px solid black;\">Dimensions<\/td>\n<td style=\"background-color: #ffffff; color: #222; font-family: Arial, sans-serif; font-size: 14px; overflow: hidden; padding: 10px 5px; text-align: left; vertical-align: middle; word-break: normal; border: 1px solid black;\"><span style=\"font-weight: 400; color: var(--md-box-samantha-normal-text-color);\">230\u00d71096\u00d72110 mm<\/span><\/td>\n<td style=\"background-color: #ffffff; color: #222; font-family: Arial, sans-serif; font-size: 14px; overflow: hidden; padding: 10px 5px; text-align: left; vertical-align: middle; word-break: normal; border: 1px solid black;\"><span style=\"font-weight: 400; color: var(--md-box-samantha-normal-text-color);\">2230\u00d71096\u00d72110 mm<\/span><\/td>\n<\/tr>\n<\/tbody>\n<\/table>\n<p>&nbsp;<\/p>\n<h2><img fetchpriority=\"high\" decoding=\"async\" class=\"alignnone size-full wp-image-94\" src=\"https:\/\/www.soaogroup.com\/wp-content\/uploads\/2025\/01\/20c.png\" alt=\"\" width=\"1600\" height=\"600\" srcset=\"https:\/\/www.soaogroup.com\/wp-content\/uploads\/2025\/01\/20c.png 1600w, https:\/\/www.soaogroup.com\/wp-content\/uploads\/2025\/01\/20c-600x225.png 600w, https:\/\/www.soaogroup.com\/wp-content\/uploads\/2025\/01\/20c-300x113.png 300w, https:\/\/www.soaogroup.com\/wp-content\/uploads\/2025\/01\/20c-1024x384.png 1024w, https:\/\/www.soaogroup.com\/wp-content\/uploads\/2025\/01\/20c-768x288.png 768w, https:\/\/www.soaogroup.com\/wp-content\/uploads\/2025\/01\/20c-1536x576.png 1536w\" sizes=\"(max-width: 1600px) 100vw, 1600px\" \/> Caract\u00e9ristiques du produit :<\/h2>\n<h3>1. Capacit\u00e9 de charge \u00e9lev\u00e9e<\/h3>\n<p>Avec une capacit\u00e9 nominale de 2000 kg (2 T), il peut g\u00e9rer efficacement des charges relativement lourdes, r\u00e9pondant aux exigences de manutention de nombreux sc\u00e9narios industriels, tels que les entrep\u00f4ts remplis de marchandises volumineuses ou les chantiers de construction lors du transfert de mat\u00e9riaux de construction.<\/p>\n<h3>2. Hauteur de levage d\u00e9cente<\/h3>\n<p>Sa hauteur de levage maximale est de 3\u00a0000 mm. Cela lui permet d&#039;empiler des marchandises sur une distance verticale consid\u00e9rable, optimisant ainsi l&#039;utilisation de l&#039;espace de stockage dans les entrep\u00f4ts et facilitant l&#039;acc\u00e8s et le placement des articles sur les \u00e9tag\u00e8res hautes.<\/p>\n<h3><img decoding=\"async\" class=\"size-full wp-image-90 alignright\" src=\"https:\/\/www.soaogroup.com\/wp-content\/uploads\/2025\/01\/IMG_E6505_\u55e8\u683c\u5f0f\u538b\u7f29\u526f\u672c.jpg\" alt=\"\" width=\"800\" height=\"800\" srcset=\"https:\/\/www.soaogroup.com\/wp-content\/uploads\/2025\/01\/IMG_E6505_\u55e8\u683c\u5f0f\u538b\u7f29\u526f\u672c.jpg 800w, https:\/\/www.soaogroup.com\/wp-content\/uploads\/2025\/01\/IMG_E6505_\u55e8\u683c\u5f0f\u538b\u7f29\u526f\u672c-300x300.jpg 300w, https:\/\/www.soaogroup.com\/wp-content\/uploads\/2025\/01\/IMG_E6505_\u55e8\u683c\u5f0f\u538b\u7f29\u526f\u672c-100x100.jpg 100w, https:\/\/www.soaogroup.com\/wp-content\/uploads\/2025\/01\/IMG_E6505_\u55e8\u683c\u5f0f\u538b\u7f29\u526f\u672c-600x600.jpg 600w, https:\/\/www.soaogroup.com\/wp-content\/uploads\/2025\/01\/IMG_E6505_\u55e8\u683c\u5f0f\u538b\u7f29\u526f\u672c-150x150.jpg 150w, https:\/\/www.soaogroup.com\/wp-content\/uploads\/2025\/01\/IMG_E6505_\u55e8\u683c\u5f0f\u538b\u7f29\u526f\u672c-768x768.jpg 768w\" sizes=\"(max-width: 800px) 100vw, 800px\" \/><\/h3>\n<h3>3. Conception appropri\u00e9e de la fourche<\/h3>\n<p>Les dimensions de la fourche de 40*100*1070 mm sont soigneusement \u00e9tudi\u00e9es. Ces dimensions assurent un support stable et une prise s\u00fbre des charges, minimisant ainsi le risque de glissement des marchandises pendant le transport.<\/p>\n<h3>4. Configuration de batterie puissante<\/h3>\n<p>Equip\u00e9 d&#039;une batterie 72V\/120Ah, il fournit suffisamment de puissance pour faire avancer le chariot \u00e9l\u00e9vateur de mani\u00e8re stable. Une batterie haute capacit\u00e9 garantit non seulement un fonctionnement continu pendant un quart de travail, mais contribue \u00e9galement \u00e0 la performance constante de la vitesse de d\u00e9placement de 10 kW\/h.<\/p>\n<h3>5. Bonne capacit\u00e9 d&#039;escalade<\/h3>\n<p>La capacit\u00e9 de charge de 20\u00b0 lui permet de travailler sur des pentes sans trop de difficult\u00e9s. Cela est tr\u00e8s avantageux pour travailler dans des zones industrielles vallonn\u00e9es ou sur des rampes dans de grandes usines, garantissant un transfert de mat\u00e9riaux fluide sur diff\u00e9rentes \u00e9l\u00e9vations.<\/p>\n<h3>6. Conduite assise ergonomique<\/h3>\n<p>Le mode de conduite assis offre un confort \u00e0 l&#039;op\u00e9rateur pendant les longues heures de travail. Il r\u00e9duit la fatigue, permettant un contr\u00f4le plus pr\u00e9cis du chariot \u00e9l\u00e9vateur, ce qui am\u00e9liore \u00e0 son tour l&#039;efficacit\u00e9 et la s\u00e9curit\u00e9 globales du travail.<\/p>\n<h3>7. Dimensions compactes<\/h3>\n<p>Mesurant 2230*1096*2110 mm, sa taille relativement compacte le rend tr\u00e8s maniable dans les all\u00e9es \u00e9troites des entrep\u00f4ts et les espaces de travail confin\u00e9s, facilitant les mouvements agiles autour des obstacles. <img decoding=\"async\" class=\"alignnone size-full wp-image-93\" src=\"https:\/\/www.soaogroup.com\/wp-content\/uploads\/2025\/01\/1.png\" alt=\"\" width=\"1600\" height=\"600\" srcset=\"https:\/\/www.soaogroup.com\/wp-content\/uploads\/2025\/01\/1.png 1600w, https:\/\/www.soaogroup.com\/wp-content\/uploads\/2025\/01\/1-600x225.png 600w, https:\/\/www.soaogroup.com\/wp-content\/uploads\/2025\/01\/1-300x113.png 300w, https:\/\/www.soaogroup.com\/wp-content\/uploads\/2025\/01\/1-1024x384.png 1024w, https:\/\/www.soaogroup.com\/wp-content\/uploads\/2025\/01\/1-768x288.png 768w, https:\/\/www.soaogroup.com\/wp-content\/uploads\/2025\/01\/1-1536x576.png 1536w\" sizes=\"(max-width: 1600px) 100vw, 1600px\" \/><\/p>\n<h2>Application:<\/h2>\n<p>Le chariot \u00e9l\u00e9vateur \u00e9lectrique CPD20-S 2T a une large gamme de sc\u00e9narios d&#039;application. Dans l&#039;entrep\u00f4t, avec une hauteur de levage de 3000 mm, il peut acc\u00e9der avec pr\u00e9cision aux marchandises sur \u00e9tag\u00e8res de grande hauteur et optimiser l&#039;espace de stockage. Qu&#039;il s&#039;agisse de n\u00e9cessit\u00e9s quotidiennes ou d&#039;accessoires industriels, il peut \u00eatre manipul\u00e9. Les entrep\u00f4ts de la cha\u00eene du froid sont \u00e9galement adapt\u00e9s, sans \u00e9chappement et sans pollution. Dans les usines de fabrication, il s&#039;appuie sur une charge de 2000 kg et une force d&#039;escalade de 20\u00b0 pour transf\u00e9rer des composants lourds sur la ligne de production et faire la navette jusqu&#039;au poste d&#039;assemblage pour transporter les pi\u00e8ces. Centre de distribution logistique, chargement et d\u00e9chargement des marchandises, tri des colis, s&#039;appuyant sur des bras de fourche stables et une mobilit\u00e9 flexible pour fonctionner efficacement. Au d\u00e9but du chantier, il peut manipuler des mat\u00e9riaux de construction, et plus tard aider au transfert des mat\u00e9riaux de d\u00e9coration.<\/p>","protected":false},"excerpt":{"rendered":"<h4 class=\"elementor-heading-title elementor-size-default\" style=\"text-align: center; padding-bottom: 30px;\">Chariot \u00e9l\u00e9vateur \u00e9lectrique CPD20-S 2T<\/h4>\n<div>Le chariot \u00e9l\u00e9vateur \u00e9lectrique CPD20-S 2T est un outil de travail fiable. Avec une capacit\u00e9 nominale de 2000 kg, il peut manipuler de lourdes charges. Sa hauteur de levage maximale de 3000 mm optimise le stockage. La batterie 72 V\/120 Ah alimente une vitesse de d\u00e9placement de 10 kW\/h. La conduite assise, la pente de 20\u00b0 et les dimensions compactes de 2230 x 1096 x 2110 mm am\u00e9liorent la facilit\u00e9 d&#039;utilisation sur diff\u00e9rents sites.<\/div>\n<div><\/div>\n<div>\n<hr class=\"dongte456custom-line\" \/>\n<\/div>\n<div style=\"padding-bottom: 5px;\">Cat\u00e9gorie : Chariot \u00e9l\u00e9vateur \u00e9lectrique CPD20-S 2T<\/div>\n<div>Mot cl\u00e9 : Chariot \u00e9l\u00e9vateur \u00e9lectrique CPD20-S 2T<\/div>\n<div>\n<hr \/>\n<\/div>\n<p><img loading=\"lazy\" decoding=\"async\" class=\"alignnone wp-image-257\" src=\"https:\/\/www.soaogroup.com\/wp-content\/uploads\/2025\/02\/\u672a\u6807\u9898-2.jpg\" alt=\"\" width=\"48\" height=\"50\" \/>\u00a0 WhatsApp :<a href=\"https:\/\/api.whatsapp.com\/send?phone=8613395319660\" target=\"_blank\" rel=\"noopener\">\u00a0+8613395319660 <\/a><\/p>\n<div>\n<hr \/>\n<\/div>\n<p><img loading=\"lazy\" decoding=\"async\" class=\"alignnone wp-image-258\" src=\"https:\/\/www.soaogroup.com\/wp-content\/uploads\/2025\/02\/emaillogoblue.jpg\" alt=\"\" width=\"48\" height=\"55\" \/>\u00a0\u00a0E-mail : <a href=\"mailto:sales@sdsoao.com\" target=\"_blank\" rel=\"noopener\">\u00a0sales@sdsoao.com<\/a><\/p>\n<div>\n<hr \/>\n<\/div>\n<h3><\/h3>\n<div><\/div>","protected":false},"featured_media":86,"comment_status":"open","ping_status":"closed","template":"","meta":[],"product_brand":[],"product_cat":[17,16],"product_tag":[],"class_list":{"0":"post-73","1":"product","2":"type-product","3":"status-publish","4":"has-post-thumbnail","6":"product_cat-electric-forklift","7":"product_cat-forklift","9":"first","10":"instock","11":"shipping-taxable","12":"product-type-simple"},"_links":{"self":[{"href":"https:\/\/www.soaogroup.com\/fr\/wp-json\/wp\/v2\/product\/73","targetHints":{"allow":["GET"]}}],"collection":[{"href":"https:\/\/www.soaogroup.com\/fr\/wp-json\/wp\/v2\/product"}],"about":[{"href":"https:\/\/www.soaogroup.com\/fr\/wp-json\/wp\/v2\/types\/product"}],"replies":[{"embeddable":true,"href":"https:\/\/www.soaogroup.com\/fr\/wp-json\/wp\/v2\/comments?post=73"}],"wp:featuredmedia":[{"embeddable":true,"href":"https:\/\/www.soaogroup.com\/fr\/wp-json\/wp\/v2\/media\/86"}],"wp:attachment":[{"href":"https:\/\/www.soaogroup.com\/fr\/wp-json\/wp\/v2\/media?parent=73"}],"wp:term":[{"taxonomy":"product_brand","embeddable":true,"href":"https:\/\/www.soaogroup.com\/fr\/wp-json\/wp\/v2\/product_brand?post=73"},{"taxonomy":"product_cat","embeddable":true,"href":"https:\/\/www.soaogroup.com\/fr\/wp-json\/wp\/v2\/product_cat?post=73"},{"taxonomy":"product_tag","embeddable":true,"href":"https:\/\/www.soaogroup.com\/fr\/wp-json\/wp\/v2\/product_tag?post=73"}],"curies":[{"name":"wp","href":"https:\/\/api.w.org\/{rel}","templated":true}]}}