{"id":64,"date":"2025-01-10T14:48:52","date_gmt":"2025-01-10T06:48:52","guid":{"rendered":"https:\/\/www.soaogroup.com\/?post_type=product&#038;p=64"},"modified":"2025-02-16T09:54:08","modified_gmt":"2025-02-16T01:54:08","slug":"cpd15-s-1-5t-electric-forklift","status":"publish","type":"product","link":"https:\/\/www.soaogroup.com\/fr\/produit\/cpd15-s-1-5t-electric-forklift\/","title":{"rendered":"Chariot \u00e9l\u00e9vateur \u00e9lectrique CPD15-S 1,5 T"},"content":{"rendered":"<h2>D\u00e9tails du produit :<\/h2>\n<table class=\"tg\" style=\"border-collapse: collapse; border-spacing: 0;\">\n<thead>\n<tr>\n<th style=\"background-color: #f56b00; color: #ffffff; font-family: Arial, sans-serif; font-size: 14px; font-weight: normal; overflow: hidden; padding: 10px 5px; text-align: left; vertical-align: middle; word-break: normal; border: 1px solid black;\">Ltem<\/th>\n<th style=\"background-color: #9b9b9b; color: #ffffff; font-family: Arial, sans-serif; font-size: 14px; font-weight: bold; overflow: hidden; padding: 10px 5px; text-align: center; vertical-align: middle; word-break: normal; border: 1px solid black;\"><span style=\"font-weight: 600;\">CPD15-S<\/span><\/th>\n<th style=\"background-color: #9b9b9b; color: #ffffff; font-family: Arial, sans-serif; font-size: 14px; font-weight: bold; overflow: hidden; padding: 10px 5px; text-align: center; vertical-align: middle; word-break: normal; border: 1px solid black;\"><span style=\"font-weight: 600;\">CPD20-S<\/span><\/th>\n<\/tr>\n<\/thead>\n<tbody>\n<tr>\n<td style=\"background-color: #f56b00; color: #ffffff; font-family: Arial, sans-serif; font-size: 14px; font-weight: bold; overflow: hidden; padding: 10px 5px; text-align: left; vertical-align: middle; word-break: normal; border: 1px solid black;\">Mode de conduite<\/td>\n<td style=\"background-color: #ffffff; color: #222; font-family: Arial, sans-serif; font-size: 14px; overflow: hidden; padding: 10px 5px; text-align: left; vertical-align: middle; word-break: normal; border: 1px solid black;\"><span style=\"font-weight: 400; color: var(--md-box-samantha-normal-text-color);\">Assis<\/span><\/td>\n<td style=\"background-color: #ffffff; color: #222; font-family: Arial, sans-serif; font-size: 14px; overflow: hidden; padding: 10px 5px; text-align: left; vertical-align: middle; word-break: normal; border: 1px solid black;\"><span style=\"font-weight: 400; color: var(--md-box-samantha-normal-text-color);\">Assis<\/span><\/td>\n<\/tr>\n<tr>\n<td style=\"background-color: #f56b00; color: #ffffff; font-family: Arial, sans-serif; font-size: 14px; font-weight: bold; overflow: hidden; padding: 10px 5px; text-align: left; vertical-align: middle; word-break: normal; border: 1px solid black;\">Capacit\u00e9 nominale<\/td>\n<td style=\"background-color: #ffffff; color: #222; font-family: Arial, sans-serif; font-size: 14px; overflow: hidden; padding: 10px 5px; text-align: left; vertical-align: middle; word-break: normal; border: 1px solid black;\"><span style=\"font-weight: 400; color: var(--md-box-samantha-normal-text-color);\">1500 kg<\/span><\/td>\n<td style=\"background-color: #ffffff; color: #222; font-family: Arial, sans-serif; font-size: 14px; overflow: hidden; padding: 10px 5px; text-align: left; vertical-align: middle; word-break: normal; border: 1px solid black;\"><span style=\"font-weight: 400; color: var(--md-box-samantha-normal-text-color);\">2000 kg<\/span><\/td>\n<\/tr>\n<tr>\n<td style=\"background-color: #f56b00; color: #ffffff; font-family: Arial, sans-serif; font-size: 14px; font-weight: bold; overflow: hidden; padding: 10px 5px; text-align: left; vertical-align: middle; word-break: normal; border: 1px solid black;\">Hauteur de levage maximale<\/td>\n<td style=\"background-color: #ffffff; color: #222; font-family: Arial, sans-serif; font-size: 14px; overflow: hidden; padding: 10px 5px; text-align: left; vertical-align: middle; word-break: normal; border: 1px solid black;\"><span style=\"font-weight: 400; color: var(--md-box-samantha-normal-text-color);\">3000 mm<\/span><\/td>\n<td style=\"background-color: #ffffff; color: #222; font-family: Arial, sans-serif; font-size: 14px; overflow: hidden; padding: 10px 5px; text-align: left; vertical-align: middle; word-break: normal; border: 1px solid black;\"><span style=\"font-weight: 400; color: var(--md-box-samantha-normal-text-color);\">3000 mm<\/span><\/td>\n<\/tr>\n<tr>\n<td style=\"background-color: #f56b00; color: #ffffff; font-family: Arial, sans-serif; font-size: 14px; font-weight: bold; overflow: hidden; padding: 10px 5px; text-align: left; vertical-align: middle; word-break: normal; border: 1px solid black;\">Taille de la fourche<\/td>\n<td style=\"background-color: #ffffff; color: #222; font-family: Arial, sans-serif; font-size: 14px; overflow: hidden; padding: 10px 5px; text-align: left; vertical-align: middle; word-break: normal; border: 1px solid black;\"><span style=\"font-weight: 400; color: var(--md-box-samantha-normal-text-color);\">35\u00d7100\u00d71070 mm<\/span><\/td>\n<td style=\"background-color: #ffffff; color: #222; font-family: Arial, sans-serif; font-size: 14px; overflow: hidden; padding: 10px 5px; text-align: left; vertical-align: middle; word-break: normal; border: 1px solid black;\"><span style=\"font-weight: 400; color: var(--md-box-samantha-normal-text-color);\">40\u00d7100\u00d71070 mm<\/span><\/td>\n<\/tr>\n<tr>\n<td style=\"background-color: #f56b00; color: #ffffff; font-family: Arial, sans-serif; font-size: 14px; font-weight: bold; overflow: hidden; padding: 10px 5px; text-align: left; vertical-align: middle; word-break: normal; border: 1px solid black;\">Tension de la batterie<\/td>\n<td style=\"background-color: #ffffff; color: #222; font-family: Arial, sans-serif; font-size: 14px; overflow: hidden; padding: 10px 5px; text-align: left; vertical-align: middle; word-break: normal; border: 1px solid black;\"><span style=\"font-weight: 400; color: var(--md-box-samantha-normal-text-color);\">60V\/120Ah<\/span><\/td>\n<td style=\"background-color: #ffffff; color: #222; font-family: Arial, sans-serif; font-size: 14px; overflow: hidden; padding: 10px 5px; text-align: left; vertical-align: middle; word-break: normal; border: 1px solid black;\"><span style=\"font-weight: 400; color: var(--md-box-samantha-normal-text-color);\">72V\/120Ah<\/span><\/td>\n<\/tr>\n<tr>\n<td style=\"background-color: #f56b00; color: #ffffff; font-family: Arial, sans-serif; font-size: 14px; font-weight: bold; overflow: hidden; padding: 10px 5px; text-align: left; vertical-align: middle; word-break: normal; border: 1px solid black;\">Vitesse de d\u00e9placement<\/td>\n<td style=\"background-color: #ffffff; color: #222; font-family: Arial, sans-serif; font-size: 14px; overflow: hidden; padding: 10px 5px; text-align: left; vertical-align: middle; word-break: normal; border: 1px solid black;\"><span style=\"font-weight: 400; color: var(--md-box-samantha-normal-text-color);\">10 kW\/h<\/span><\/td>\n<td style=\"background-color: #ffffff; color: #222; font-family: Arial, sans-serif; font-size: 14px; overflow: hidden; padding: 10px 5px; text-align: left; vertical-align: middle; word-break: normal; border: 1px solid black;\"><span style=\"font-weight: 400; color: var(--md-box-samantha-normal-text-color);\">10 kW\/h<\/span><\/td>\n<\/tr>\n<tr>\n<td style=\"background-color: #f56b00; color: #ffffff; font-family: Arial, sans-serif; font-size: 14px; font-weight: bold; overflow: hidden; padding: 10px 5px; text-align: left; vertical-align: middle; word-break: normal; border: 1px solid black;\">Aptitude \u00e0 la pente<\/td>\n<td style=\"background-color: #ffffff; color: #222; font-family: Arial, sans-serif; font-size: 14px; overflow: hidden; padding: 10px 5px; text-align: left; vertical-align: middle; word-break: normal; border: 1px solid black;\"><span style=\"font-weight: 400; color: var(--md-box-samantha-normal-text-color);\">20\u00b0<\/span><\/td>\n<td style=\"background-color: #ffffff; color: #222; font-family: Arial, sans-serif; font-size: 14px; overflow: hidden; padding: 10px 5px; text-align: left; vertical-align: middle; word-break: normal; border: 1px solid black;\"><span style=\"font-weight: 400; color: var(--md-box-samantha-normal-text-color);\">20\u00b0<\/span><\/td>\n<\/tr>\n<tr>\n<td style=\"background-color: #f56b00; color: #ffffff; font-family: Arial, sans-serif; font-size: 14px; font-weight: bold; overflow: hidden; padding: 10px 5px; text-align: left; vertical-align: middle; word-break: normal; border: 1px solid black;\">Poids<\/td>\n<td style=\"background-color: #ffffff; color: #222; font-family: Arial, sans-serif; font-size: 14px; overflow: hidden; padding: 10px 5px; text-align: left; vertical-align: middle; word-break: normal; border: 1px solid black;\"><span style=\"font-weight: 400; color: var(--md-box-samantha-normal-text-color);\">2250 kg<\/span><\/td>\n<td style=\"background-color: #ffffff; color: #222; font-family: Arial, sans-serif; font-size: 14px; overflow: hidden; padding: 10px 5px; text-align: left; vertical-align: middle; word-break: normal; border: 1px solid black;\"><span style=\"font-weight: 400; color: var(--md-box-samantha-normal-text-color);\">2480 kg<\/span><\/td>\n<\/tr>\n<tr>\n<td style=\"background-color: #f56b00; color: #ffffff; font-family: Arial, sans-serif; font-size: 14px; font-weight: bold; overflow: hidden; padding: 10px 5px; text-align: left; vertical-align: middle; word-break: normal; border: 1px solid black;\">Dimensions<\/td>\n<td style=\"background-color: #ffffff; color: #222; font-family: Arial, sans-serif; font-size: 14px; overflow: hidden; padding: 10px 5px; text-align: left; vertical-align: middle; word-break: normal; border: 1px solid black;\"><span style=\"font-weight: 400; color: var(--md-box-samantha-normal-text-color);\">230\u00d71096\u00d72110 mm<\/span><\/td>\n<td style=\"background-color: #ffffff; color: #222; font-family: Arial, sans-serif; font-size: 14px; overflow: hidden; padding: 10px 5px; text-align: left; vertical-align: middle; word-break: normal; border: 1px solid black;\"><span style=\"font-weight: 400; color: var(--md-box-samantha-normal-text-color);\">2230\u00d71096\u00d72110 mm<\/span><\/td>\n<\/tr>\n<\/tbody>\n<\/table>\n<h2><img fetchpriority=\"high\" decoding=\"async\" class=\"wp-image-69 alignleft\" src=\"https:\/\/www.soaogroup.com\/wp-content\/uploads\/2025\/01\/IMG_E5770_\u55e8\u683c\u5f0f\u538b\u7f29\u526f\u672c_\u7ed3\u679c-300x300.webp\" alt=\"\" width=\"434\" height=\"434\" srcset=\"https:\/\/www.soaogroup.com\/wp-content\/uploads\/2025\/01\/IMG_E5770_\u55e8\u683c\u5f0f\u538b\u7f29\u526f\u672c_\u7ed3\u679c-300x300.webp 300w, https:\/\/www.soaogroup.com\/wp-content\/uploads\/2025\/01\/IMG_E5770_\u55e8\u683c\u5f0f\u538b\u7f29\u526f\u672c_\u7ed3\u679c-100x100.webp 100w, https:\/\/www.soaogroup.com\/wp-content\/uploads\/2025\/01\/IMG_E5770_\u55e8\u683c\u5f0f\u538b\u7f29\u526f\u672c_\u7ed3\u679c-600x600.webp 600w, https:\/\/www.soaogroup.com\/wp-content\/uploads\/2025\/01\/IMG_E5770_\u55e8\u683c\u5f0f\u538b\u7f29\u526f\u672c_\u7ed3\u679c-150x150.webp 150w, https:\/\/www.soaogroup.com\/wp-content\/uploads\/2025\/01\/IMG_E5770_\u55e8\u683c\u5f0f\u538b\u7f29\u526f\u672c_\u7ed3\u679c-768x768.webp 768w, https:\/\/www.soaogroup.com\/wp-content\/uploads\/2025\/01\/IMG_E5770_\u55e8\u683c\u5f0f\u538b\u7f29\u526f\u672c_\u7ed3\u679c.webp 800w\" sizes=\"(max-width: 434px) 100vw, 434px\" \/><\/h2>\n<h2>Caract\u00e9ristiques du produit :<\/h2>\n<h3>Conception structurelle<\/h3>\n<h4>Conception \u00e0 trois points :<\/h4>\n<p>Il est adapt\u00e9 pour travailler dans des passages \u00e9troits et des zones \u00e0 espace limit\u00e9, avec un petit rayon de braquage et la capacit\u00e9 de se d\u00e9placer de mani\u00e8re flexible dans de petits espaces, tels que les passages d&#039;\u00e9tag\u00e8re \u00e0 \u00e9tag\u00e8re dans les petits entrep\u00f4ts.<\/p>\n<h4>Carrosserie et cadre de porte \u00e0 haute r\u00e9sistance :<\/h4>\n<p>Robuste et durable, il peut r\u00e9sister \u00e0 une intensit\u00e9 de travail \u00e9lev\u00e9e et \u00e0 un fonctionnement fr\u00e9quent, avec une longue dur\u00e9e de vie, r\u00e9duisant la fr\u00e9quence des mises \u00e0 jour de l&#039;\u00e9quipement et r\u00e9duisant les co\u00fbts d&#039;exploitation de l&#039;entreprise.<\/p>\n<h4>Portique \u00e0 large champ de vision :<\/h4>\n<p>La structure du cadre de la porte a \u00e9t\u00e9 optimis\u00e9e pour permettre \u00e0 l&#039;op\u00e9rateur d&#039;avoir un champ de vision plus large pendant l&#039;op\u00e9ration, lui permettant de mieux observer les marchandises et l&#039;environnement environnant, am\u00e9liorant ainsi l&#039;efficacit\u00e9 et la s\u00e9curit\u00e9 de l&#039;op\u00e9ration.<\/p>\n<h3><\/h3>\n<h3>Performance op\u00e9rationnelle<\/h3>\n<h4><img decoding=\"async\" class=\"wp-image-66 alignright\" src=\"https:\/\/www.soaogroup.com\/wp-content\/uploads\/2025\/01\/IMG_E5764_\u55e8\u683c\u5f0f\u538b\u7f29\u526f\u672c_\u7ed3\u679c-300x300.webp\" alt=\"\" width=\"487\" height=\"487\" srcset=\"https:\/\/www.soaogroup.com\/wp-content\/uploads\/2025\/01\/IMG_E5764_\u55e8\u683c\u5f0f\u538b\u7f29\u526f\u672c_\u7ed3\u679c-300x300.webp 300w, https:\/\/www.soaogroup.com\/wp-content\/uploads\/2025\/01\/IMG_E5764_\u55e8\u683c\u5f0f\u538b\u7f29\u526f\u672c_\u7ed3\u679c-100x100.webp 100w, https:\/\/www.soaogroup.com\/wp-content\/uploads\/2025\/01\/IMG_E5764_\u55e8\u683c\u5f0f\u538b\u7f29\u526f\u672c_\u7ed3\u679c-600x600.webp 600w, https:\/\/www.soaogroup.com\/wp-content\/uploads\/2025\/01\/IMG_E5764_\u55e8\u683c\u5f0f\u538b\u7f29\u526f\u672c_\u7ed3\u679c-150x150.webp 150w, https:\/\/www.soaogroup.com\/wp-content\/uploads\/2025\/01\/IMG_E5764_\u55e8\u683c\u5f0f\u538b\u7f29\u526f\u672c_\u7ed3\u679c-768x768.webp 768w, https:\/\/www.soaogroup.com\/wp-content\/uploads\/2025\/01\/IMG_E5764_\u55e8\u683c\u5f0f\u538b\u7f29\u526f\u672c_\u7ed3\u679c.webp 800w\" sizes=\"(max-width: 487px) 100vw, 487px\" \/>Espace de travail confortable :<\/h4>\n<p>\u00c9quip\u00e9 d&#039;un volant et d&#039;un si\u00e8ge r\u00e9glables, l&#039;op\u00e9rateur peut choisir une position de conduite confortable en fonction de ses propres besoins, r\u00e9duisant ainsi la fatigue du travail de longue dur\u00e9e.<\/p>\n<h4>Disposition rationnelle du syst\u00e8me d&#039;exploitation :<\/h4>\n<p>Chaque syst\u00e8me d&#039;exploitation est con\u00e7u selon des principes ergonomiques, ce qui permet une disposition raisonnable, une utilisation pratique, une intensit\u00e9 de travail r\u00e9duite pour l&#039;op\u00e9rateur et un confort et une efficacit\u00e9 de travail am\u00e9lior\u00e9s.<\/p>\n<h4>M\u00e9thode de contr\u00f4le simple :<\/h4>\n<p>Adoptez un joystick pour contr\u00f4ler le levage et l&#039;abaissement de la fourche, le cadre de la porte s&#039;incline vers l&#039;avant et vers l&#039;arri\u00e8re, facile \u00e0 utiliser. La conception de la marche avant et arri\u00e8re est simple, sans embrayage et changement de vitesse en continu, facile \u00e0 utiliser, imitant le levier de direction de la lampe de voiture, offrant \u00e0 l&#039;op\u00e9rateur une exp\u00e9rience de conduite automobile similaire.<\/p>\n<h3>Syst\u00e8me de contr\u00f4le de puissance et \u00e9lectronique<\/h3>\n<h4>Syst\u00e8me de contr\u00f4le \u00e9lectronique avanc\u00e9 :<\/h4>\n<p>Utilisant g\u00e9n\u00e9ralement des produits matures et fiables tels que le syst\u00e8me de contr\u00f4le \u00e9lectronique CURTIS aux \u00c9tats-Unis, le syst\u00e8me de contr\u00f4le \u00e9lectronique a des performances stables et un contr\u00f4le pr\u00e9cis des diff\u00e9rents mouvements du chariot \u00e9l\u00e9vateur, garantissant le fonctionnement efficace du chariot \u00e9l\u00e9vateur dans diff\u00e9rentes conditions de travail.<\/p>\n<h4>Meilleures performances \u00e9nerg\u00e9tiques :<\/h4>\n<p>La puissance du moteur d&#039;entra\u00eenement et du moteur de levage peut r\u00e9pondre aux exigences de fonctionnement d&#039;une charge de 1,5 T, la vitesse de conduite et la vitesse de levage sont mod\u00e9r\u00e9es, la diff\u00e9rence de vitesse entre la pleine charge et aucune charge est bien con\u00e7ue et la capacit\u00e9 d&#039;escalade peut \u00e9galement s&#039;adapter \u00e0 une certaine pente du lieu de travail.<\/p>\n<h3><img decoding=\"async\" class=\"wp-image-70 alignleft\" src=\"https:\/\/www.soaogroup.com\/wp-content\/uploads\/2025\/01\/IMG_E5771_\u55e8\u683c\u5f0f\u538b\u7f29\u526f\u672c_\u7ed3\u679c-300x300.webp\" alt=\"\" width=\"500\" height=\"500\" srcset=\"https:\/\/www.soaogroup.com\/wp-content\/uploads\/2025\/01\/IMG_E5771_\u55e8\u683c\u5f0f\u538b\u7f29\u526f\u672c_\u7ed3\u679c-300x300.webp 300w, https:\/\/www.soaogroup.com\/wp-content\/uploads\/2025\/01\/IMG_E5771_\u55e8\u683c\u5f0f\u538b\u7f29\u526f\u672c_\u7ed3\u679c-100x100.webp 100w, https:\/\/www.soaogroup.com\/wp-content\/uploads\/2025\/01\/IMG_E5771_\u55e8\u683c\u5f0f\u538b\u7f29\u526f\u672c_\u7ed3\u679c-600x600.webp 600w, https:\/\/www.soaogroup.com\/wp-content\/uploads\/2025\/01\/IMG_E5771_\u55e8\u683c\u5f0f\u538b\u7f29\u526f\u672c_\u7ed3\u679c-150x150.webp 150w, https:\/\/www.soaogroup.com\/wp-content\/uploads\/2025\/01\/IMG_E5771_\u55e8\u683c\u5f0f\u538b\u7f29\u526f\u672c_\u7ed3\u679c-768x768.webp 768w, https:\/\/www.soaogroup.com\/wp-content\/uploads\/2025\/01\/IMG_E5771_\u55e8\u683c\u5f0f\u538b\u7f29\u526f\u672c_\u7ed3\u679c.webp 800w\" sizes=\"(max-width: 500px) 100vw, 500px\" \/><\/h3>\n<h3>performances de s\u00e9curit\u00e9<\/h3>\n<h4>Interrupteur d&#039;arr\u00eat d&#039;urgence :<\/h4>\n<p>Equip\u00e9 d&#039;un interrupteur d&#039;arr\u00eat rouge, en cas d&#039;urgence, l&#039;op\u00e9rateur appuie sur l&#039;interrupteur pour arr\u00eater imm\u00e9diatement la voiture, assurant ainsi la s\u00e9curit\u00e9 du personnel et de l&#039;\u00e9quipement.<\/p>\n<h4>Bonnes m\u00e9thodes de freinage :<\/h4>\n<p>L&#039;utilisation du freinage hydraulique a un bon effet de freinage, garantissant que le chariot \u00e9l\u00e9vateur peut d\u00e9c\u00e9l\u00e9rer et s&#039;arr\u00eater rapidement et en douceur pendant la conduite.<\/p>\n<h3>Batteries et recharge<\/h3>\n<h4>Syst\u00e8me de charge efficace :<\/h4>\n<p>Il peut atteindre une charge rapide d&#039;une heure, pr\u00eat \u00e0 l&#039;emploi, sans compromettre la dur\u00e9e de vie de la batterie, et est \u00e9quip\u00e9 du gestionnaire d&#039;alimentation leader au monde pour surveiller la batterie en temps r\u00e9el.<\/p>\n<p>&nbsp;<\/p>\n<h3><img loading=\"lazy\" decoding=\"async\" class=\"alignnone size-full wp-image-71\" src=\"https:\/\/www.soaogroup.com\/wp-content\/uploads\/2025\/01\/038687f934ee083fe6ac5c5f6312cec_\u526f\u672c_\u55e8\u683c\u5f0f\u538b\u7f29\u526f\u672c_\u7ed3\u679c.webp\" alt=\"\" width=\"1212\" height=\"778\" srcset=\"https:\/\/www.soaogroup.com\/wp-content\/uploads\/2025\/01\/038687f934ee083fe6ac5c5f6312cec_\u526f\u672c_\u55e8\u683c\u5f0f\u538b\u7f29\u526f\u672c_\u7ed3\u679c.webp 1212w, https:\/\/www.soaogroup.com\/wp-content\/uploads\/2025\/01\/038687f934ee083fe6ac5c5f6312cec_\u526f\u672c_\u55e8\u683c\u5f0f\u538b\u7f29\u526f\u672c_\u7ed3\u679c-600x385.webp 600w, https:\/\/www.soaogroup.com\/wp-content\/uploads\/2025\/01\/038687f934ee083fe6ac5c5f6312cec_\u526f\u672c_\u55e8\u683c\u5f0f\u538b\u7f29\u526f\u672c_\u7ed3\u679c-300x193.webp 300w, https:\/\/www.soaogroup.com\/wp-content\/uploads\/2025\/01\/038687f934ee083fe6ac5c5f6312cec_\u526f\u672c_\u55e8\u683c\u5f0f\u538b\u7f29\u526f\u672c_\u7ed3\u679c-1024x657.webp 1024w, https:\/\/www.soaogroup.com\/wp-content\/uploads\/2025\/01\/038687f934ee083fe6ac5c5f6312cec_\u526f\u672c_\u55e8\u683c\u5f0f\u538b\u7f29\u526f\u672c_\u7ed3\u679c-768x493.webp 768w\" sizes=\"(max-width: 1212px) 100vw, 1212px\" \/><\/h3>","protected":false},"excerpt":{"rendered":"<h4 class=\"elementor-heading-title elementor-size-default\" style=\"text-align: center; padding-bottom: 30px;\">Chariot \u00e9l\u00e9vateur \u00e9lectrique CPD15-S 1,5 T<\/h4>\n<div>Le chariot \u00e9l\u00e9vateur \u00e9lectrique CPD15-S 1,5 T est une excellente aide pour l&#039;entreposage et la logistique. Il est dot\u00e9 d&#039;une conception de support \u00e0 trois points, ce qui le rend tr\u00e8s maniable et adapt\u00e9 au travail dans des espaces \u00e9troits. Avec une capacit\u00e9 de charge de 1,5 tonne, il est \u00e9quip\u00e9 d&#039;un syst\u00e8me de contr\u00f4le \u00e9lectronique stable et de moteurs puissants, garantissant un fonctionnement efficace. Il est \u00e9galement dot\u00e9 d&#039;une zone de fonctionnement confortable et de multiples configurations de s\u00e9curit\u00e9. Gr\u00e2ce \u00e0 ses fonctions \u00e9lectriques \u00e0 \u00e9conomie d&#039;\u00e9nergie, il est largement appr\u00e9ci\u00e9 sur le march\u00e9.<\/div>\n<div><\/div>\n<div>\n<hr class=\"dongte456custom-line\" \/>\n<\/div>\n<div style=\"padding-bottom: 5px;\">Cat\u00e9gorie : Chariot \u00e9l\u00e9vateur \u00e9lectrique CPD15-S 1,5 T<\/div>\n<div>Mot cl\u00e9 : Chariot \u00e9l\u00e9vateur \u00e9lectrique CPD15-S 1,5 T<\/div>\n<div>\n<hr \/>\n<\/div>\n<p><img loading=\"lazy\" decoding=\"async\" class=\"alignnone wp-image-257\" src=\"https:\/\/www.soaogroup.com\/wp-content\/uploads\/2025\/02\/\u672a\u6807\u9898-2.jpg\" alt=\"\" width=\"48\" height=\"50\" \/>\u00a0 WhatsApp :<a href=\"https:\/\/api.whatsapp.com\/send?phone=8613395319660\" target=\"_blank\" rel=\"noopener\">\u00a0+8613395319660 <\/a><\/p>\n<div>\n<hr \/>\n<\/div>\n<p><img loading=\"lazy\" decoding=\"async\" class=\"alignnone wp-image-258\" src=\"https:\/\/www.soaogroup.com\/wp-content\/uploads\/2025\/02\/emaillogoblue.jpg\" alt=\"\" width=\"48\" height=\"55\" \/>\u00a0\u00a0E-mail : <a href=\"mailto:sales@sdsoao.com\" target=\"_blank\" rel=\"noopener\">\u00a0sales@sdsoao.com<\/a><\/p>\n<div>\n<hr \/>\n<\/div>\n<h3><\/h3>\n<div><\/div>","protected":false},"featured_media":65,"comment_status":"open","ping_status":"closed","template":"","meta":[],"product_brand":[],"product_cat":[17,16],"product_tag":[],"class_list":{"0":"post-64","1":"product","2":"type-product","3":"status-publish","4":"has-post-thumbnail","6":"product_cat-electric-forklift","7":"product_cat-forklift","9":"first","10":"instock","11":"shipping-taxable","12":"product-type-simple"},"_links":{"self":[{"href":"https:\/\/www.soaogroup.com\/fr\/wp-json\/wp\/v2\/product\/64","targetHints":{"allow":["GET"]}}],"collection":[{"href":"https:\/\/www.soaogroup.com\/fr\/wp-json\/wp\/v2\/product"}],"about":[{"href":"https:\/\/www.soaogroup.com\/fr\/wp-json\/wp\/v2\/types\/product"}],"replies":[{"embeddable":true,"href":"https:\/\/www.soaogroup.com\/fr\/wp-json\/wp\/v2\/comments?post=64"}],"wp:featuredmedia":[{"embeddable":true,"href":"https:\/\/www.soaogroup.com\/fr\/wp-json\/wp\/v2\/media\/65"}],"wp:attachment":[{"href":"https:\/\/www.soaogroup.com\/fr\/wp-json\/wp\/v2\/media?parent=64"}],"wp:term":[{"taxonomy":"product_brand","embeddable":true,"href":"https:\/\/www.soaogroup.com\/fr\/wp-json\/wp\/v2\/product_brand?post=64"},{"taxonomy":"product_cat","embeddable":true,"href":"https:\/\/www.soaogroup.com\/fr\/wp-json\/wp\/v2\/product_cat?post=64"},{"taxonomy":"product_tag","embeddable":true,"href":"https:\/\/www.soaogroup.com\/fr\/wp-json\/wp\/v2\/product_tag?post=64"}],"curies":[{"name":"wp","href":"https:\/\/api.w.org\/{rel}","templated":true}]}}