{"id":5385,"date":"2025-03-20T10:09:48","date_gmt":"2025-03-20T02:09:48","guid":{"rendered":"https:\/\/www.soaogroup.com\/?post_type=product&#038;p=5385"},"modified":"2025-04-18T16:32:16","modified_gmt":"2025-04-18T08:32:16","slug":"jcb-type-backhoe-loader","status":"publish","type":"product","link":"https:\/\/www.soaogroup.com\/fr\/produit\/jcb-type-backhoe-loader\/","title":{"rendered":"Chargeuse-pelleteuse de type JCB"},"content":{"rendered":"<h2>D\u00e9tails du produit :<\/h2>\n<table style=\"height: 260px;\" width=\"675\">\n<tbody>\n<tr>\n<td width=\"86\"><strong><b>Mod\u00e8le<\/b><\/strong><\/td>\n<td width=\"71\"><strong><b>Charge nominale<\/b><\/strong><\/td>\n<td width=\"79\"><strong><b>Poids<\/b><\/strong><\/td>\n<td width=\"79\"><strong><b>Profondeur de fouille<\/b><\/strong><\/td>\n<td width=\"92\"><strong><b>Puissance du moteur<\/b><\/strong><\/td>\n<td width=\"79\"><strong><b>Capacit\u00e9 du chargeur<\/b><\/strong><\/td>\n<td width=\"79\"><strong><b>Capacit\u00e9 de la pelle<\/b><\/strong><\/td>\n<\/tr>\n<tr>\n<td width=\"86\"><strong>WZ 30-25C<\/strong><\/td>\n<td width=\"71\">2,5 T<\/td>\n<td width=\"79\">7500 kg<\/td>\n<td width=\"79\">4100 MM<\/td>\n<td width=\"92\">76 kW\/104 ch<\/td>\n<td width=\"79\">1,3 M\u00b3<\/td>\n<td width=\"79\">0,3 M\u00b3<\/td>\n<\/tr>\n<tr>\n<td width=\"86\"><strong>WZ 40-30C<\/strong><\/td>\n<td width=\"71\">3.0 T<\/td>\n<td width=\"79\">8000 kg<\/td>\n<td width=\"79\">4100 MM<\/td>\n<td width=\"92\">85 kW\/116 ch<\/td>\n<td width=\"79\">1,5 M\u00b3<\/td>\n<td width=\"79\">0,25 M\u00b3<\/td>\n<\/tr>\n<tr>\n<td width=\"86\"><strong>WZ 40-30CX<\/strong><\/td>\n<td width=\"71\">3.0 T<\/td>\n<td width=\"79\">9000 kg<\/td>\n<td width=\"79\">4100 MM<\/td>\n<td width=\"92\">85 kW\/116 ch<\/td>\n<td width=\"79\">1,5 M\u00b3<\/td>\n<td width=\"79\">0,25 M\u00b3<\/td>\n<\/tr>\n<\/tbody>\n<\/table>\n<p>&nbsp;<\/p>\n<p><iframe title=\"#excavatrice #agricole #chargeuse #machinerie #agriculture #\u00e9levage ins\u00e9parable #vie \u00e0 la ferme\" width=\"800\" height=\"450\" src=\"https:\/\/www.youtube.com\/embed\/eFiwEzMIgmM?feature=oembed\" frameborder=\"0\" allow=\"accelerometer; autoplay; clipboard-write; encrypted-media; gyroscope; picture-in-picture; web-share\" referrerpolicy=\"strict-origin-when-cross-origin\" allowfullscreen><\/iframe><\/p>\n<h2>Caract\u00e9ristiques du produit :<\/h2>\n<ol start=\"1\">\n<li><strong>Conception de carrosserie monocoque<\/strong>\n<ul>\n<li>L\u00e9ger mais incroyablement solide, offrant une int\u00e9grit\u00e9 structurelle sup\u00e9rieure.<\/li>\n<li>Durabilit\u00e9 et r\u00e9sistance \u00e0 l&#039;usure am\u00e9lior\u00e9es dans des conditions exigeantes.<\/li>\n<\/ul>\n<\/li>\n<li><strong>Cabine op\u00e9rateur luxueuse<\/strong>\n<ul>\n<li>Cabine spacieuse et ergonomique avec si\u00e8ges r\u00e9glables haut de gamme.<\/li>\n<li>Syst\u00e8me de climatisation avanc\u00e9 pour un confort optimal dans toutes les conditions m\u00e9t\u00e9orologiques.<\/li>\n<\/ul>\n<\/li>\n<li><strong>Moteur haute performance<\/strong>\n<ul>\n<li>Moteur puissant et \u00e9conome en carburant offrant un couple et une productivit\u00e9 exceptionnels.<\/li>\n<li>Faibles \u00e9missions pour un fonctionnement respectueux de l&#039;environnement.<\/li>\n<\/ul>\n<\/li>\n<li><strong>Capacit\u00e9s sup\u00e9rieures de creusement et de chargement<\/strong>\n<ul>\n<li>Profondeur de creusement et port\u00e9e impressionnantes pour les t\u00e2ches d&#039;excavation complexes.<\/li>\n<li>Grande capacit\u00e9 de godet pour une manutention et un chargement efficaces des mat\u00e9riaux.<\/li>\n<\/ul>\n<\/li>\n<li><strong>Faible entretien et durabilit\u00e9<\/strong>\n<ul>\n<li>Acc\u00e8s facile aux points de service pour une maintenance simplifi\u00e9e.<\/li>\n<li>Mat\u00e9riaux et composants de haute qualit\u00e9 pour des performances durables.<\/li>\n<\/ul>\n<\/li>\n<li><strong>Man\u0153uvrabilit\u00e9 exceptionnelle<\/strong>\n<ul>\n<li>Conception compacte pour une navigation facile dans les espaces de travail restreints ou confin\u00e9s.<\/li>\n<li>Excellent rayon de braquage pour une agilit\u00e9 accrue sur les chantiers.<\/li>\n<\/ul>\n<\/li>\n<\/ol>\n<h2><img fetchpriority=\"high\" decoding=\"async\" class=\"alignnone wp-image-398\" src=\"https:\/\/www.soaogroup.com\/wp-content\/uploads\/2025\/01\/2-2_\u55e8\u683c\u5f0f\u538b\u7f29\u526f\u672c_\u7ed3\u679c.webp\" alt=\"\" width=\"1041\" height=\"347\" srcset=\"https:\/\/www.soaogroup.com\/wp-content\/uploads\/2025\/01\/2-2_\u55e8\u683c\u5f0f\u538b\u7f29\u526f\u672c_\u7ed3\u679c.webp 798w, https:\/\/www.soaogroup.com\/wp-content\/uploads\/2025\/01\/2-2_\u55e8\u683c\u5f0f\u538b\u7f29\u526f\u672c_\u7ed3\u679c-600x200.webp 600w, https:\/\/www.soaogroup.com\/wp-content\/uploads\/2025\/01\/2-2_\u55e8\u683c\u5f0f\u538b\u7f29\u526f\u672c_\u7ed3\u679c-300x100.webp 300w, https:\/\/www.soaogroup.com\/wp-content\/uploads\/2025\/01\/2-2_\u55e8\u683c\u5f0f\u538b\u7f29\u526f\u672c_\u7ed3\u679c-768x256.webp 768w\" sizes=\"(max-width: 1041px) 100vw, 1041px\" \/><\/h2>","protected":false},"excerpt":{"rendered":"<h4 class=\"elementor-heading-title elementor-size-default\" style=\"text-align: center; padding-bottom: 30px;\">Chargeuse-pelleteuse de type JCB<\/h4>\n<div>\n<p>Cette chargeuse-pelleteuse JCB est dot\u00e9e d&#039;une carrosserie monocoque. Polyvalente et robuste, elle est con\u00e7ue pour de multiples travaux de construction et d&#039;excavation. Combinant les fonctionnalit\u00e9s d&#039;une chargeuse et d&#039;une pelleteuse, elle est id\u00e9ale pour les op\u00e9rations de creusement, de tranch\u00e9es, de manutention et de chargement. \u00c9quip\u00e9e d&#039;un godet chargeur frontal et d&#039;un bras de pelleteuse arri\u00e8re, elle offre une profondeur de creusement et une capacit\u00e9 de levage exceptionnelles. Ses quatre roues motrices assurent la stabilit\u00e9 sur terrain accident\u00e9, tandis que le syst\u00e8me hydraulique assure un fonctionnement fluide et pr\u00e9cis. La cabine spacieuse et climatis\u00e9e am\u00e9liore le confort de l&#039;op\u00e9rateur et r\u00e9duit la fatigue pendant les longues heures de travail.<\/p>\n<\/div>\n<div><\/div>\n<div>\n<hr \/>\n<\/div>\n<p><img decoding=\"async\" class=\"alignnone wp-image-257\" src=\"https:\/\/www.soaogroup.com\/wp-content\/uploads\/2025\/02\/\u672a\u6807\u9898-2.jpg\" alt=\"\" width=\"48\" height=\"50\" \/>\u00a0 WhatsApp :<a href=\"https:\/\/api.whatsapp.com\/send?phone=8613395319660\" target=\"_blank\" rel=\"noopener\">\u00a0+8613395319660 <\/a><\/p>\n<div>\n<hr \/>\n<\/div>\n<p><img decoding=\"async\" class=\"alignnone wp-image-258\" src=\"https:\/\/www.soaogroup.com\/wp-content\/uploads\/2025\/02\/emaillogoblue.jpg\" alt=\"\" width=\"48\" height=\"55\" \/>\u00a0\u00a0E-mail : <a href=\"mailto:sales@sdsoao.com\" target=\"_blank\" rel=\"noopener\">\u00a0sales@sdsoao.com<\/a><\/p>\n<div>\n<hr \/>\n<\/div>\n<div><\/div>","protected":false},"featured_media":5655,"comment_status":"closed","ping_status":"closed","template":"","meta":[],"product_brand":[],"product_cat":[22],"product_tag":[],"class_list":{"0":"post-5385","1":"product","2":"type-product","3":"status-publish","4":"has-post-thumbnail","6":"product_cat-loading-equipment","8":"first","9":"instock","10":"featured","11":"shipping-taxable","12":"product-type-simple"},"_links":{"self":[{"href":"https:\/\/www.soaogroup.com\/fr\/wp-json\/wp\/v2\/product\/5385","targetHints":{"allow":["GET"]}}],"collection":[{"href":"https:\/\/www.soaogroup.com\/fr\/wp-json\/wp\/v2\/product"}],"about":[{"href":"https:\/\/www.soaogroup.com\/fr\/wp-json\/wp\/v2\/types\/product"}],"replies":[{"embeddable":true,"href":"https:\/\/www.soaogroup.com\/fr\/wp-json\/wp\/v2\/comments?post=5385"}],"wp:featuredmedia":[{"embeddable":true,"href":"https:\/\/www.soaogroup.com\/fr\/wp-json\/wp\/v2\/media\/5655"}],"wp:attachment":[{"href":"https:\/\/www.soaogroup.com\/fr\/wp-json\/wp\/v2\/media?parent=5385"}],"wp:term":[{"taxonomy":"product_brand","embeddable":true,"href":"https:\/\/www.soaogroup.com\/fr\/wp-json\/wp\/v2\/product_brand?post=5385"},{"taxonomy":"product_cat","embeddable":true,"href":"https:\/\/www.soaogroup.com\/fr\/wp-json\/wp\/v2\/product_cat?post=5385"},{"taxonomy":"product_tag","embeddable":true,"href":"https:\/\/www.soaogroup.com\/fr\/wp-json\/wp\/v2\/product_tag?post=5385"}],"curies":[{"name":"wp","href":"https:\/\/api.w.org\/{rel}","templated":true}]}}