{"id":538,"date":"2025-01-16T09:03:11","date_gmt":"2025-01-16T01:03:11","guid":{"rendered":"https:\/\/www.soaogroup.com\/?post_type=product&#038;p=538"},"modified":"2025-07-23T17:59:38","modified_gmt":"2025-07-23T09:59:38","slug":"se17-mini-excavator","status":"publish","type":"product","link":"https:\/\/www.soaogroup.com\/fr\/produit\/se17-mini-excavator\/","title":{"rendered":"Mini-pelle SE17"},"content":{"rendered":"<h2>D\u00e9tails du produit :<\/h2>\n<table class=\"tg\" style=\"border-collapse: collapse; border-spacing: 0;\">\n<thead>\n<tr>\n<th style=\"background-color: #fff; color: #111; font-family: Arial, sans-serif; font-size: 14px; font-weight: normal; overflow: hidden; padding: 10px 5px; text-align: left; vertical-align: top; word-break: normal; border: 1px solid #330001;\">Poids en ordre de marche<\/th>\n<th style=\"background-color: #fff; color: #111; font-family: Arial, sans-serif; font-size: 14px; font-weight: normal; overflow: hidden; padding: 10px 5px; text-align: left; vertical-align: top; word-break: normal; border: 1px solid #330001;\">1 700 kg<\/th>\n<\/tr>\n<\/thead>\n<tbody>\n<tr>\n<td style=\"background-color: #ffcb2f; color: #111; font-family: Arial, sans-serif; font-size: 14px; overflow: hidden; padding: 10px 5px; text-align: left; vertical-align: top; word-break: normal; border: 1px solid #330001;\">Capacit\u00e9 du godet de creusement<\/td>\n<td style=\"background-color: #ffcb2f; color: #111; font-family: Arial, sans-serif; font-size: 14px; overflow: hidden; padding: 10px 5px; text-align: left; vertical-align: top; word-break: normal; border: 1px solid #330001;\">0,035 m\u00b3<\/td>\n<\/tr>\n<tr>\n<td style=\"background-color: #fff; color: #111; font-family: Arial, sans-serif; font-size: 14px; overflow: hidden; padding: 10px 5px; text-align: left; vertical-align: top; word-break: normal; border: 1px solid #330001;\">Largeur du godet<\/td>\n<td style=\"background-color: #fff; color: #111; font-family: Arial, sans-serif; font-size: 14px; overflow: hidden; padding: 10px 5px; text-align: left; vertical-align: top; word-break: normal; border: 1px solid #330001;\">400 mm<\/td>\n<\/tr>\n<tr>\n<td style=\"background-color: #ffcb2f; color: #111; font-family: Arial, sans-serif; font-size: 14px; overflow: hidden; padding: 10px 5px; text-align: left; vertical-align: top; word-break: normal; border: 1px solid #330001;\">Vitesse de d\u00e9placement<\/td>\n<td style=\"background-color: #ffcb2f; color: #111; font-family: Arial, sans-serif; font-size: 14px; overflow: hidden; padding: 10px 5px; text-align: left; vertical-align: top; word-break: normal; border: 1px solid #330001;\">0 \u2013 3,5 km\/h<\/td>\n<\/tr>\n<tr>\n<td style=\"background-color: #fff; color: #111; font-family: Arial, sans-serif; font-size: 14px; overflow: hidden; padding: 10px 5px; text-align: left; vertical-align: top; word-break: normal; border: 1px solid #330001;\">Aptitude \u00e0 la pente<\/td>\n<td style=\"background-color: #fff; color: #111; font-family: Arial, sans-serif; font-size: 14px; overflow: hidden; padding: 10px 5px; text-align: left; vertical-align: top; word-break: normal; border: 1px solid #330001;\">35\u00b0<\/td>\n<\/tr>\n<tr>\n<td style=\"background-color: #ffcb2f; color: #111; font-family: Arial, sans-serif; font-size: 14px; overflow: hidden; padding: 10px 5px; text-align: left; vertical-align: top; word-break: normal; border: 1px solid #330001;\">Toit<\/td>\n<td style=\"background-color: #ffcb2f; color: #111; font-family: Arial, sans-serif; font-size: 14px; overflow: hidden; padding: 10px 5px; text-align: left; vertical-align: top; word-break: normal; border: 1px solid #330001;\">Oui<\/td>\n<\/tr>\n<tr>\n<td style=\"background-color: #fff; color: #111; font-family: Arial, sans-serif; font-size: 14px; overflow: hidden; padding: 10px 5px; text-align: left; vertical-align: top; word-break: normal; border: 1px solid #330001;\">Trousse \u00e0 outils<\/td>\n<td style=\"background-color: #fff; color: #111; font-family: Arial, sans-serif; font-size: 14px; overflow: hidden; padding: 10px 5px; text-align: left; vertical-align: top; word-break: normal; border: 1px solid #330001;\">Oui<\/td>\n<\/tr>\n<tr>\n<td style=\"background-color: #ffcb2f; color: #111; font-family: Arial, sans-serif; font-size: 14px; overflow: hidden; padding: 10px 5px; text-align: left; vertical-align: top; word-break: normal; border: 1px solid #330001;\">Garantie<\/td>\n<td style=\"background-color: #ffcb2f; color: #111; font-family: Arial, sans-serif; font-size: 14px; overflow: hidden; padding: 10px 5px; text-align: left; vertical-align: top; word-break: normal; border: 1px solid #330001;\">2 ans<\/td>\n<\/tr>\n<tr>\n<td style=\"background-color: #fff; color: #111; font-family: Arial, sans-serif; font-size: 14px; overflow: hidden; padding: 10px 5px; text-align: left; vertical-align: top; word-break: normal; border: 1px solid #330001;\">Moteur<\/td>\n<td style=\"background-color: #fff; color: #111; font-family: Arial, sans-serif; font-size: 14px; overflow: hidden; padding: 10px 5px; text-align: left; vertical-align: top; word-break: normal; border: 1px solid #330001;\"><\/td>\n<\/tr>\n<tr>\n<td style=\"background-color: #ffcb2f; color: #111; font-family: Arial, sans-serif; font-size: 14px; overflow: hidden; padding: 10px 5px; text-align: left; vertical-align: top; word-break: normal; border: 1px solid #330001;\">Marque<\/td>\n<td style=\"background-color: #ffcb2f; color: #111; font-family: Arial, sans-serif; font-size: 14px; overflow: hidden; padding: 10px 5px; text-align: left; vertical-align: top; word-break: normal; border: 1px solid #330001;\">LAIDONG LD385\/CHANGCHAI ZN390Q<\/td>\n<\/tr>\n<tr>\n<td style=\"background-color: #fff; color: #111; font-family: Arial, sans-serif; font-size: 14px; overflow: hidden; padding: 10px 5px; text-align: left; vertical-align: top; word-break: normal; border: 1px solid #330001;\">Puissance nominale<\/td>\n<td style=\"background-color: #fff; color: #111; font-family: Arial, sans-serif; font-size: 14px; overflow: hidden; padding: 10px 5px; text-align: left; vertical-align: top; word-break: normal; border: 1px solid #330001;\">29 kW (39 ch) \/ 20 kW (27,2 ch)<\/td>\n<\/tr>\n<tr>\n<td style=\"background-color: #ffcb2f; color: #111; font-family: Arial, sans-serif; font-size: 14px; overflow: hidden; padding: 10px 5px; text-align: left; vertical-align: top; word-break: normal; border: 1px solid #330001;\">Taper<\/td>\n<td style=\"background-color: #ffcb2f; color: #111; font-family: Arial, sans-serif; font-size: 14px; overflow: hidden; padding: 10px 5px; text-align: left; vertical-align: top; word-break: normal; border: 1px solid #330001;\">Diesel, 3 cylindres, 4 temps, refroidi par eau<\/td>\n<\/tr>\n<tr>\n<td style=\"background-color: #fff; color: #111; font-family: Arial, sans-serif; font-size: 14px; overflow: hidden; padding: 10px 5px; text-align: left; vertical-align: top; word-break: normal; border: 1px solid #330001;\">Syst\u00e8me de d\u00e9marrage<\/td>\n<td style=\"background-color: #fff; color: #111; font-family: Arial, sans-serif; font-size: 14px; overflow: hidden; padding: 10px 5px; text-align: left; vertical-align: top; word-break: normal; border: 1px solid #330001;\">\u00c9lectrique<\/td>\n<\/tr>\n<tr>\n<td style=\"background-color: #ffcb2f; color: #111; font-family: Arial, sans-serif; font-size: 14px; overflow: hidden; padding: 10px 5px; text-align: left; vertical-align: top; word-break: normal; border: 1px solid #330001;\">Dimensions principales<\/td>\n<td style=\"background-color: #ffcb2f; color: #111; font-family: Arial, sans-serif; font-size: 14px; overflow: hidden; padding: 10px 5px; text-align: left; vertical-align: top; word-break: normal; border: 1px solid #330001;\"><\/td>\n<\/tr>\n<tr>\n<td style=\"background-color: #fff; color: #111; font-family: Arial, sans-serif; font-size: 14px; overflow: hidden; padding: 10px 5px; text-align: left; vertical-align: top; word-break: normal; border: 1px solid #330001;\">Dimensions hors tout (L x l x H)<\/td>\n<td style=\"background-color: #fff; color: #111; font-family: Arial, sans-serif; font-size: 14px; overflow: hidden; padding: 10px 5px; text-align: left; vertical-align: top; word-break: normal; border: 1px solid #330001;\">2 550 x 1 100 x 2 200 mm<\/td>\n<\/tr>\n<tr>\n<td style=\"background-color: #ffcb2f; color: #111; font-family: Arial, sans-serif; font-size: 14px; overflow: hidden; padding: 10px 5px; text-align: left; vertical-align: top; word-break: normal; border: 1px solid #330001;\">Longueur de la piste<\/td>\n<td style=\"background-color: #ffcb2f; color: #111; font-family: Arial, sans-serif; font-size: 14px; overflow: hidden; padding: 10px 5px; text-align: left; vertical-align: top; word-break: normal; border: 1px solid #330001;\">1 370 mm<\/td>\n<\/tr>\n<tr>\n<td style=\"background-color: #fff; color: #111; font-family: Arial, sans-serif; font-size: 14px; overflow: hidden; padding: 10px 5px; text-align: left; vertical-align: top; word-break: normal; border: 1px solid #330001;\">Garde au sol minimale<\/td>\n<td style=\"background-color: #fff; color: #111; font-family: Arial, sans-serif; font-size: 14px; overflow: hidden; padding: 10px 5px; text-align: left; vertical-align: top; word-break: normal; border: 1px solid #330001;\">385 mm<\/td>\n<\/tr>\n<tr>\n<td style=\"background-color: #ffcb2f; color: #111; font-family: Arial, sans-serif; font-size: 14px; overflow: hidden; padding: 10px 5px; text-align: left; vertical-align: top; word-break: normal; border: 1px solid #330001;\">Rayon de braquage minimal<\/td>\n<td style=\"background-color: #ffcb2f; color: #111; font-family: Arial, sans-serif; font-size: 14px; overflow: hidden; padding: 10px 5px; text-align: left; vertical-align: top; word-break: normal; border: 1px solid #330001;\">1 190 mm<\/td>\n<\/tr>\n<tr>\n<td style=\"background-color: #fff; color: #111; font-family: Arial, sans-serif; font-size: 14px; overflow: hidden; padding: 10px 5px; text-align: left; vertical-align: top; word-break: normal; border: 1px solid #330001;\">Largeur du ch\u00e2ssis<\/td>\n<td style=\"background-color: #fff; color: #111; font-family: Arial, sans-serif; font-size: 14px; overflow: hidden; padding: 10px 5px; text-align: left; vertical-align: top; word-break: normal; border: 1px solid #330001;\">1 100 mm<\/td>\n<\/tr>\n<tr>\n<td style=\"background-color: #ffcb2f; color: #111; font-family: Arial, sans-serif; font-size: 14px; overflow: hidden; padding: 10px 5px; text-align: left; vertical-align: top; word-break: normal; border: 1px solid #330001;\">Performances op\u00e9rationnelles<\/td>\n<td style=\"background-color: #ffcb2f; color: #111; font-family: Arial, sans-serif; font-size: 14px; overflow: hidden; padding: 10px 5px; text-align: left; vertical-align: top; word-break: normal; border: 1px solid #330001;\"><\/td>\n<\/tr>\n<tr>\n<td style=\"background-color: #fff; color: #111; font-family: Arial, sans-serif; font-size: 14px; overflow: hidden; padding: 10px 5px; text-align: left; vertical-align: top; word-break: normal; border: 1px solid #330001;\">Profondeur de creusement max.<\/td>\n<td style=\"background-color: #fff; color: #111; font-family: Arial, sans-serif; font-size: 14px; overflow: hidden; padding: 10px 5px; text-align: left; vertical-align: top; word-break: normal; border: 1px solid #330001;\">1 900 mm<\/td>\n<\/tr>\n<tr>\n<td style=\"background-color: #ffcb2f; color: #111; font-family: Arial, sans-serif; font-size: 14px; overflow: hidden; padding: 10px 5px; text-align: left; vertical-align: top; word-break: normal; border: 1px solid #330001;\">Profondeur de creusement verticale max.<\/td>\n<td style=\"background-color: #ffcb2f; color: #111; font-family: Arial, sans-serif; font-size: 14px; overflow: hidden; padding: 10px 5px; text-align: left; vertical-align: top; word-break: normal; border: 1px solid #330001;\">1 750 mm<\/td>\n<\/tr>\n<tr>\n<td style=\"background-color: #fff; color: #111; font-family: Arial, sans-serif; font-size: 14px; overflow: hidden; padding: 10px 5px; text-align: left; vertical-align: top; word-break: normal; border: 1px solid #330001;\">Hauteur de creusement max.<\/td>\n<td style=\"background-color: #fff; color: #111; font-family: Arial, sans-serif; font-size: 14px; overflow: hidden; padding: 10px 5px; text-align: left; vertical-align: top; word-break: normal; border: 1px solid #330001;\">2 820 mm<\/td>\n<\/tr>\n<tr>\n<td style=\"background-color: #ffcb2f; color: #111; font-family: Arial, sans-serif; font-size: 14px; overflow: hidden; padding: 10px 5px; text-align: left; vertical-align: top; word-break: normal; border: 1px solid #330001;\">Hauteur de d\u00e9versement max.<\/td>\n<td style=\"background-color: #ffcb2f; color: #111; font-family: Arial, sans-serif; font-size: 14px; overflow: hidden; padding: 10px 5px; text-align: left; vertical-align: top; word-break: normal; border: 1px solid #330001;\">2 000 mm<\/td>\n<\/tr>\n<tr>\n<td style=\"background-color: #fff; color: #111; font-family: Arial, sans-serif; font-size: 14px; overflow: hidden; padding: 10px 5px; text-align: left; vertical-align: top; word-break: normal; border: 1px solid #330001;\">Rayon de creusement max. au sol<\/td>\n<td style=\"background-color: #fff; color: #111; font-family: Arial, sans-serif; font-size: 14px; overflow: hidden; padding: 10px 5px; text-align: left; vertical-align: top; word-break: normal; border: 1px solid #330001;\">2 500 mm<\/td>\n<\/tr>\n<tr>\n<td style=\"background-color: #ffcb2f; color: #111; font-family: Arial, sans-serif; font-size: 14px; overflow: hidden; padding: 10px 5px; text-align: left; vertical-align: top; word-break: normal; border: 1px solid #330001;\">Hauteur de levage max. de la lame du bulldozer<\/td>\n<td style=\"background-color: #ffcb2f; color: #111; font-family: Arial, sans-serif; font-size: 14px; overflow: hidden; padding: 10px 5px; text-align: left; vertical-align: top; word-break: normal; border: 1px solid #330001;\">325 mm<\/td>\n<\/tr>\n<tr>\n<td style=\"background-color: #f3f3f3; color: #111; font-family: Arial, sans-serif; font-size: 14px; overflow: hidden; padding: 10px 5px; text-align: left; vertical-align: top; word-break: normal; border: 1px solid #330001;\">Profondeur de creusement maximale de la lame du bulldozer<\/td>\n<td style=\"background-color: #f3f3f3; color: #111; font-family: Arial, sans-serif; font-size: 14px; overflow: hidden; padding: 10px 5px; text-align: left; vertical-align: top; word-break: normal; border: 1px solid #330001;\">210 mm<\/td>\n<\/tr>\n<\/tbody>\n<\/table>\n<h2><img fetchpriority=\"high\" decoding=\"async\" class=\"alignnone size-full wp-image-541\" src=\"https:\/\/www.soaogroup.com\/wp-content\/uploads\/2025\/01\/SE17-1_\u55e8\u683c\u5f0f\u538b\u7f29\u526f\u672c_\u7ed3\u679c.webp\" alt=\"\" width=\"2253\" height=\"750\" srcset=\"https:\/\/www.soaogroup.com\/wp-content\/uploads\/2025\/01\/SE17-1_\u55e8\u683c\u5f0f\u538b\u7f29\u526f\u672c_\u7ed3\u679c.webp 2253w, https:\/\/www.soaogroup.com\/wp-content\/uploads\/2025\/01\/SE17-1_\u55e8\u683c\u5f0f\u538b\u7f29\u526f\u672c_\u7ed3\u679c-600x200.webp 600w, https:\/\/www.soaogroup.com\/wp-content\/uploads\/2025\/01\/SE17-1_\u55e8\u683c\u5f0f\u538b\u7f29\u526f\u672c_\u7ed3\u679c-300x100.webp 300w, https:\/\/www.soaogroup.com\/wp-content\/uploads\/2025\/01\/SE17-1_\u55e8\u683c\u5f0f\u538b\u7f29\u526f\u672c_\u7ed3\u679c-1024x341.webp 1024w, https:\/\/www.soaogroup.com\/wp-content\/uploads\/2025\/01\/SE17-1_\u55e8\u683c\u5f0f\u538b\u7f29\u526f\u672c_\u7ed3\u679c-768x256.webp 768w, https:\/\/www.soaogroup.com\/wp-content\/uploads\/2025\/01\/SE17-1_\u55e8\u683c\u5f0f\u538b\u7f29\u526f\u672c_\u7ed3\u679c-1536x511.webp 1536w, https:\/\/www.soaogroup.com\/wp-content\/uploads\/2025\/01\/SE17-1_\u55e8\u683c\u5f0f\u538b\u7f29\u526f\u672c_\u7ed3\u679c-2048x682.webp 2048w\" sizes=\"(max-width: 2253px) 100vw, 2253px\" \/><\/h2>\n<h2>Caract\u00e9ristiques du produit :<\/h2>\n<h3>1. Compact et maniable<\/h3>\n<p>Avec des dimensions hors tout de 2\u00a0550 \u00d7 1\u00a0100 \u00d7 2\u00a0200 mm, il est con\u00e7u pour travailler dans les espaces restreints. Il est donc id\u00e9al pour les projets de construction urbaine, comme les travaux dans les ruelles \u00e9troites ou les petits chantiers de r\u00e9novation, inaccessibles aux excavatrices de plus grande taille. Son rayon de braquage minimal de 1\u00a0190 mm lui permet de pivoter facilement, garantissant une manipulation pr\u00e9cise dans les espaces confin\u00e9s. Son poids relativement l\u00e9ger en ordre de marche de 1\u00a0700 kg contribue \u00e9galement \u00e0 sa maniabilit\u00e9, facilitant son transport et son positionnement sur chantier.<\/p>\n<h3>2. Puissance ad\u00e9quate<\/h3>\n<p>\u00c9quip\u00e9e de moteurs LAIDONG LD385 ou CHANGCHAI ZN390Q, elle offre une puissance nominale de 29 kW (39 ch) ou 20 kW (27,2 ch). Ces moteurs diesel 3 cylindres 4 temps refroidis par eau fournissent une puissance suffisante pour diverses t\u00e2ches d&#039;excavation, qu&#039;il s&#039;agisse de percer des sols durs ou de soulever de lourdes charges. Ce type de moteur refroidi par eau permet de maintenir des temp\u00e9ratures de fonctionnement optimales, garantissant des performances constantes, m\u00eame lors d&#039;op\u00e9rations longues et intensives.<\/p>\n<h3>3. Performances fiables<\/h3>\n<p>Dot\u00e9 d&#039;un godet d&#039;excavation d&#039;une capacit\u00e9 de 0,035 m\u00b3, il peut traiter une quantit\u00e9 raisonnable de mat\u00e9riaux par godet. Sa profondeur de creusement maximale de 1\u00a0900 mm et sa profondeur verticale maximale de 1\u00a0750 mm le rendent id\u00e9al pour des travaux tels que le creusement de tranch\u00e9es et le creusement de fondations. Sa hauteur de creusement maximale de 2\u00a0820 mm et sa hauteur de d\u00e9versement maximale de 2\u00a0000 mm permettent une manutention et un placement efficaces des mat\u00e9riaux. La longueur des chenilles de 1\u00a0370 mm am\u00e9liore la stabilit\u00e9 pendant le fonctionnement, tandis que la garde au sol minimale de 385 mm lui permet de traverser les terrains accident\u00e9s sans s&#039;enliser facilement.<\/p>\n<h3>\u00a04. Accessoires standard et garantie<\/h3>\n<p>La pr\u00e9sence d&#039;un toit prot\u00e8ge l&#039;op\u00e9rateur des intemp\u00e9ries, et l&#039;inclusion d&#039;une trousse \u00e0 outils permet d&#039;effectuer l&#039;entretien de base et les petites r\u00e9parations sur site. La garantie de deux ans garantit aux utilisateurs la qualit\u00e9 et la durabilit\u00e9 du produit, et t\u00e9moigne de l&#039;engagement du fabricant en mati\u00e8re de service apr\u00e8s-vente.<\/p>\n<h2><img decoding=\"async\" class=\"alignnone size-full wp-image-540\" src=\"https:\/\/www.soaogroup.com\/wp-content\/uploads\/2025\/01\/SE17-3_\u55e8\u683c\u5f0f\u538b\u7f29\u526f\u672c_\u7ed3\u679c.webp\" alt=\"\" width=\"2253\" height=\"750\" srcset=\"https:\/\/www.soaogroup.com\/wp-content\/uploads\/2025\/01\/SE17-3_\u55e8\u683c\u5f0f\u538b\u7f29\u526f\u672c_\u7ed3\u679c.webp 2253w, https:\/\/www.soaogroup.com\/wp-content\/uploads\/2025\/01\/SE17-3_\u55e8\u683c\u5f0f\u538b\u7f29\u526f\u672c_\u7ed3\u679c-600x200.webp 600w, https:\/\/www.soaogroup.com\/wp-content\/uploads\/2025\/01\/SE17-3_\u55e8\u683c\u5f0f\u538b\u7f29\u526f\u672c_\u7ed3\u679c-300x100.webp 300w, https:\/\/www.soaogroup.com\/wp-content\/uploads\/2025\/01\/SE17-3_\u55e8\u683c\u5f0f\u538b\u7f29\u526f\u672c_\u7ed3\u679c-1024x341.webp 1024w, https:\/\/www.soaogroup.com\/wp-content\/uploads\/2025\/01\/SE17-3_\u55e8\u683c\u5f0f\u538b\u7f29\u526f\u672c_\u7ed3\u679c-768x256.webp 768w, https:\/\/www.soaogroup.com\/wp-content\/uploads\/2025\/01\/SE17-3_\u55e8\u683c\u5f0f\u538b\u7f29\u526f\u672c_\u7ed3\u679c-1536x511.webp 1536w, https:\/\/www.soaogroup.com\/wp-content\/uploads\/2025\/01\/SE17-3_\u55e8\u683c\u5f0f\u538b\u7f29\u526f\u672c_\u7ed3\u679c-2048x682.webp 2048w\" sizes=\"(max-width: 2253px) 100vw, 2253px\" \/><\/h2>\n<h2>Application:<\/h2>\n<p>Gr\u00e2ce \u00e0 ses excellentes performances, la mini-pelle SE17 joue un r\u00f4le cl\u00e9 dans de nombreux sc\u00e9narios. Dans la construction urbaine, son fuselage compact peut se d\u00e9placer de mani\u00e8re flexible dans les rues \u00e9troites et achever efficacement l&#039;excavation de tranch\u00e9es creus\u00e9es par des canalisations souterraines. Lorsqu&#039;elle travaille dans l&#039;am\u00e9nagement paysager, elle peut cr\u00e9er avec pr\u00e9cision des bassins paysagers et fa\u00e7onner des micro-terrains. Dans la production agricole, elle aide \u00e0 r\u00e9cup\u00e9rer de petites parcelles de terres agricoles et \u00e0 creuser des foss\u00e9s d&#039;irrigation. Sur les petits chantiers de construction, elle est comp\u00e9tente pour l&#039;excavation de fondations et la manutention de mat\u00e9riaux. Avec un poids mod\u00e9r\u00e9 de 1 700 kg, une direction flexible et une bonne puissance d&#039;excavation, la mini-pelle SE17 d\u00e9passe les limites du site et fournit un support op\u00e9rationnel efficace et fiable pour divers petits projets, am\u00e9liorant consid\u00e9rablement l&#039;efficacit\u00e9 de la construction.<\/p>\n<p><iframe title=\"#excavatrice #chargeuse #pavage d&#039;asphalte\" width=\"800\" height=\"450\" src=\"https:\/\/www.youtube.com\/embed\/dot9hT8Hc6k?feature=oembed\" frameborder=\"0\" allow=\"accelerometer; autoplay; clipboard-write; encrypted-media; gyroscope; picture-in-picture; web-share\" referrerpolicy=\"strict-origin-when-cross-origin\" allowfullscreen><\/iframe><\/p>","protected":false},"excerpt":{"rendered":"<h4 class=\"elementor-heading-title elementor-size-default\" style=\"text-align: center; padding-bottom: 30px;\">Mini-pelle SE17<\/h4>\n<div>La mini-pelle SE17 p\u00e8se 1700 kg. \u00c9quip\u00e9e d&#039;un moteur Lidong LD385 ou Changchai ZN390Q, elle est tr\u00e8s puissante. La capacit\u00e9 du godet est de 0,035 m\u00e8tre cube et les performances d&#039;excavation sont excellentes. Sa taille globale est compacte, avec un rayon de braquage minimum de 1190 mm, ce qui permet un fonctionnement flexible dans des espaces \u00e9troits. \u00c9quip\u00e9e d&#039;un auvent et d&#039;un kit d&#039;outils, elle b\u00e9n\u00e9ficie \u00e9galement d&#039;une garantie de 2 ans. Elle est largement applicable aux petits sc\u00e9narios d&#039;ing\u00e9nierie.<\/div>\n<div><\/div>\n<div>\n<hr \/>\n<\/div>\n<p><img decoding=\"async\" class=\"alignnone wp-image-257\" src=\"https:\/\/www.soaogroup.com\/wp-content\/uploads\/2025\/02\/\u672a\u6807\u9898-2.jpg\" alt=\"\" width=\"48\" height=\"50\" \/>\u00a0 WhatsApp :<a href=\"https:\/\/api.whatsapp.com\/send?phone=8613395319660\" target=\"_blank\" rel=\"noopener\">\u00a0+8613395319660 <\/a><\/p>\n<div>\n<hr \/>\n<\/div>\n<p><img loading=\"lazy\" decoding=\"async\" class=\"alignnone wp-image-258\" src=\"https:\/\/www.soaogroup.com\/wp-content\/uploads\/2025\/02\/emaillogoblue.jpg\" alt=\"\" width=\"48\" height=\"55\" \/>\u00a0\u00a0E-mail : <a href=\"mailto:sales@sdsoao.com\" target=\"_blank\" rel=\"noopener\">\u00a0sales@sdsoao.com<\/a><\/p>\n<div>\n<hr \/>\n<\/div>\n<div><\/div>","protected":false},"featured_media":545,"comment_status":"open","ping_status":"closed","template":"","meta":[],"product_brand":[],"product_cat":[20,28],"product_tag":[],"class_list":{"0":"post-538","1":"product","2":"type-product","3":"status-publish","4":"has-post-thumbnail","6":"product_cat-excavator","7":"product_cat-mini-excavator","9":"first","10":"instock","11":"featured","12":"shipping-taxable","13":"product-type-simple"},"_links":{"self":[{"href":"https:\/\/www.soaogroup.com\/fr\/wp-json\/wp\/v2\/product\/538","targetHints":{"allow":["GET"]}}],"collection":[{"href":"https:\/\/www.soaogroup.com\/fr\/wp-json\/wp\/v2\/product"}],"about":[{"href":"https:\/\/www.soaogroup.com\/fr\/wp-json\/wp\/v2\/types\/product"}],"replies":[{"embeddable":true,"href":"https:\/\/www.soaogroup.com\/fr\/wp-json\/wp\/v2\/comments?post=538"}],"wp:featuredmedia":[{"embeddable":true,"href":"https:\/\/www.soaogroup.com\/fr\/wp-json\/wp\/v2\/media\/545"}],"wp:attachment":[{"href":"https:\/\/www.soaogroup.com\/fr\/wp-json\/wp\/v2\/media?parent=538"}],"wp:term":[{"taxonomy":"product_brand","embeddable":true,"href":"https:\/\/www.soaogroup.com\/fr\/wp-json\/wp\/v2\/product_brand?post=538"},{"taxonomy":"product_cat","embeddable":true,"href":"https:\/\/www.soaogroup.com\/fr\/wp-json\/wp\/v2\/product_cat?post=538"},{"taxonomy":"product_tag","embeddable":true,"href":"https:\/\/www.soaogroup.com\/fr\/wp-json\/wp\/v2\/product_tag?post=538"}],"curies":[{"name":"wp","href":"https:\/\/api.w.org\/{rel}","templated":true}]}}