{"id":470,"date":"2025-01-15T17:18:32","date_gmt":"2025-01-15T09:18:32","guid":{"rendered":"https:\/\/www.soaogroup.com\/?post_type=product&#038;p=470"},"modified":"2025-04-18T16:28:43","modified_gmt":"2025-04-18T08:28:43","slug":"3-5-cubic-meter-mixer-truck","status":"publish","type":"product","link":"https:\/\/www.soaogroup.com\/fr\/produit\/3-5-cubic-meter-mixer-truck\/","title":{"rendered":"Camion malaxeur de 3,5 m\u00e8tres cubes"},"content":{"rendered":"<h2 style=\"text-align: center;\"><strong>D\u00e9tails du produit<\/strong><\/h2>\n<table>\n<tbody>\n<tr>\n<td colspan=\"2\" width=\"486\">\n<h3 style=\"text-align: center;\"><strong>3.5<\/strong><strong>\u00a0<\/strong><strong>cubique<\/strong><strong>\u00a0soi-<\/strong><strong>chargement<\/strong><strong>\u00a0camions malaxeurs<\/strong><\/h3>\n<\/td>\n<\/tr>\n<tr>\n<td width=\"229\"><strong><b>Dimensions hors tout<\/b><\/strong><\/td>\n<td width=\"257\">7550 mm * 3130 mm * 3250 mm<\/td>\n<\/tr>\n<tr>\n<td width=\"229\"><strong><b>Empattement<\/b><\/strong><\/td>\n<td width=\"257\">2690 mm<\/td>\n<\/tr>\n<tr>\n<td width=\"229\"><strong><b>Bande de roulement<\/b><\/strong><\/td>\n<td width=\"257\">2240 mm<\/td>\n<\/tr>\n<tr>\n<td width=\"229\"><strong><b>Godet de chargement<\/b><\/strong><\/td>\n<td width=\"257\">0,65 m\u00b3<\/td>\n<\/tr>\n<tr>\n<td width=\"229\"><strong><b>Dans l&#039;ensemble <\/b><\/strong><strong><b>poids<\/b><\/strong><\/td>\n<td width=\"257\">8200 kg<\/td>\n<\/tr>\n<tr>\n<td width=\"229\"><strong><b>Formulaire de conduite \u00a0<\/b><\/strong><\/td>\n<td width=\"257\">Quatre roues motrices<\/td>\n<\/tr>\n<tr>\n<td width=\"229\"><strong><b>S<\/b><\/strong><strong><b>fait pipi<\/b><\/strong><\/td>\n<td width=\"257\">10-40 km\/h<\/td>\n<\/tr>\n<tr>\n<td width=\"229\"><strong><b>Maximum <\/b><\/strong><strong><b>Aptitude \u00e0 la pente<\/b><\/strong><\/td>\n<td width=\"257\">35\u00b0\/40\u00b0<\/td>\n<\/tr>\n<tr>\n<td width=\"229\"><strong><b>Rayon de braquage minimal<\/b><\/strong><\/td>\n<td width=\"257\">4400 mm<\/td>\n<\/tr>\n<tr>\n<td width=\"229\"><strong><b>Minimum <\/b><\/strong><strong><b>g<\/b><\/strong><strong><b>rond <\/b><\/strong><strong><b>c<\/b><\/strong><strong><b>autonomie<\/b><\/strong><\/td>\n<td width=\"257\">350 mm<\/td>\n<\/tr>\n<tr>\n<td width=\"229\"><strong><b>Moteur<\/b><\/strong><\/td>\n<td width=\"257\">Yuchai Power 4105 suraliment\u00e9<\/td>\n<\/tr>\n<tr>\n<td width=\"229\"><strong><b>Puissance nominale<\/b><\/strong><\/td>\n<td width=\"257\">85 kW<\/td>\n<\/tr>\n<tr>\n<td width=\"229\"><strong><b>Capacit\u00e9 du r\u00e9servoir de carburant<\/b><\/strong><\/td>\n<td width=\"257\">130L<\/td>\n<\/tr>\n<tr>\n<td width=\"229\"><strong><b>Volume du r\u00e9servoir d&#039;eau <\/b><\/strong><\/td>\n<td width=\"257\">900L<\/td>\n<\/tr>\n<tr>\n<td width=\"229\"><strong><b>Capacit\u00e9 g\u00e9om\u00e9trique du r\u00e9servoir de m\u00e9lange<\/b><\/strong><\/td>\n<td width=\"257\">6,8 m\u00b3<\/td>\n<\/tr>\n<tr>\n<td width=\"229\"><strong><b>Vitesse de rotation du r\u00e9servoir de m\u00e9lange <\/b><\/strong><\/td>\n<td width=\"257\">17 tours\/min<\/td>\n<\/tr>\n<tr>\n<td width=\"229\"><strong><b>D\u00e9bit de b\u00e9ton (m\u00b3\/r\u00e9servoir)<\/b><\/strong><\/td>\n<td width=\"257\">3,5 m\u00b3<\/td>\n<\/tr>\n<tr>\n<td width=\"229\"><strong><b>Nombre de cubes\/heure<\/b><\/strong><\/td>\n<td width=\"257\">14-17.5<\/td>\n<\/tr>\n<tr>\n<td width=\"229\"><strong><b>Hauteur de refoulement<\/b><\/strong><\/td>\n<td width=\"257\">2100 mm<\/td>\n<\/tr>\n<\/tbody>\n<\/table>\n<p>&nbsp;<\/p>\n<p><iframe title=\"Camion malaxeur autochargeur SOAO de 3,5 m\u00e8tres cubes\" width=\"800\" height=\"450\" src=\"https:\/\/www.youtube.com\/embed\/sismycsVkLk?feature=oembed\" frameborder=\"0\" allow=\"accelerometer; autoplay; clipboard-write; encrypted-media; gyroscope; picture-in-picture; web-share\" referrerpolicy=\"strict-origin-when-cross-origin\" allowfullscreen><\/iframe><\/p>\n<h2 style=\"text-align: center;\"><strong>Caract\u00e9ristiques principales<\/strong><\/h2>\n<ol>\n<li>Capacit\u00e9 de m\u00e9lange de 3,5 m\u00b3 \u2013 Parfait pour la production de b\u00e9ton \u00e0 grand volume.<\/li>\n<li>Tambour et lames de haute qualit\u00e9 \u2013 Assure un m\u00e9lange uniforme et des performances durables.<\/li>\n<li>Moteur puissant \u2013 \u00c9conome en carburant et con\u00e7u pour les op\u00e9rations intensives.<\/li>\n<li>Syst\u00e8me hydraulique avanc\u00e9 \u2013 Fonctionnement fluide et d\u00e9charge facile.<\/li>\n<li>Cabine confortable \u2013 Conception ergonomique pour une conduite s\u00fbre et longue dur\u00e9e.<\/li>\n<\/ol>\n<h2 style=\"text-align: center;\"><strong>Applications<\/strong><\/h2>\n<p>Le camion malaxeur de 3,5 m\u00b3 joue un r\u00f4le essentiel dans de nombreux domaines. Dans le secteur de la construction, il permet de m\u00e9langer efficacement divers mat\u00e9riaux de construction. Par exemple, il m\u00e9lange uniform\u00e9ment le ciment, le sable, le gravier, l&#039;eau, etc., garantissant ainsi la pr\u00e9paration d&#039;un b\u00e9ton de haute qualit\u00e9 et la stabilit\u00e9 des structures. Dans la production chimique, il permet de m\u00e9langer diff\u00e9rentes substances chimiques, facilitant ainsi les r\u00e9actions chimiques et am\u00e9liorant la qualit\u00e9 des produits. Dans l&#039;industrie agroalimentaire, il permet de m\u00e9langer divers ingr\u00e9dients alimentaires, uniformisant ainsi le go\u00fbt et la r\u00e9partition des ingr\u00e9dients.<\/p>","protected":false},"excerpt":{"rendered":"<h4 class=\"elementor-heading-title elementor-size-default\" style=\"text-align: center; padding-bottom: 30px;\">Camion malaxeur de 3,5 m\u00e8tres cubes<\/h4>\n<div>\n<div data-zone-id=\"0\" data-line-index=\"0\" data-line=\"true\">Optimisez vos projets de construction avec le camion malaxeur de 3,5 m\u00b3, con\u00e7u pour l&#039;efficacit\u00e9, la durabilit\u00e9 et la haute performance\u00a0! Ce camion malaxeur robuste assure un m\u00e9lange et un transport fiables, ce qui le rend id\u00e9al pour les chantiers de moyenne et grande envergure, les projets routiers et les b\u00e2timents commerciaux. Que vous travailliez sur des ponts, des b\u00e2timents ou des infrastructures, ce camion malaxeur garantit une qualit\u00e9 de b\u00e9ton constante et une livraison dans les d\u00e9lais. Contactez-nous d\u00e8s aujourd&#039;hui pour b\u00e9n\u00e9ficier de tarifs comp\u00e9titifs et d&#039;un service apr\u00e8s-vente fiable\u00a0!<\/div>\n<div data-zone-id=\"0\" data-line-index=\"1\" data-line=\"true\"><\/div>\n<\/div>\n<div>\n<hr \/>\n<\/div>\n<p><img decoding=\"async\" class=\"alignnone wp-image-257\" src=\"https:\/\/www.soaogroup.com\/wp-content\/uploads\/2025\/02\/\u672a\u6807\u9898-2.jpg\" alt=\"\" width=\"48\" height=\"50\" \/>\u00a0 WhatsApp :<a href=\"https:\/\/api.whatsapp.com\/send?phone=8613395319660\" target=\"_blank\" rel=\"noopener\">\u00a0+8613395319660 <\/a><\/p>\n<div>\n<hr \/>\n<\/div>\n<p><img decoding=\"async\" class=\"alignnone wp-image-258\" src=\"https:\/\/www.soaogroup.com\/wp-content\/uploads\/2025\/02\/emaillogoblue.jpg\" alt=\"\" width=\"48\" height=\"55\" \/>\u00a0\u00a0E-mail : <a href=\"mailto:sales@sdsoao.com\" target=\"_blank\" rel=\"noopener\">\u00a0sales@sdsoao.com<\/a><\/p>\n<div>\n<hr \/>\n<\/div>\n<div><\/div>","protected":false},"featured_media":5648,"comment_status":"closed","ping_status":"closed","template":"","meta":[],"product_brand":[],"product_cat":[27],"product_tag":[],"class_list":{"0":"post-470","1":"product","2":"type-product","3":"status-publish","4":"has-post-thumbnail","6":"product_cat-mixer-truck","8":"first","9":"instock","10":"featured","11":"shipping-taxable","12":"product-type-simple"},"_links":{"self":[{"href":"https:\/\/www.soaogroup.com\/fr\/wp-json\/wp\/v2\/product\/470","targetHints":{"allow":["GET"]}}],"collection":[{"href":"https:\/\/www.soaogroup.com\/fr\/wp-json\/wp\/v2\/product"}],"about":[{"href":"https:\/\/www.soaogroup.com\/fr\/wp-json\/wp\/v2\/types\/product"}],"replies":[{"embeddable":true,"href":"https:\/\/www.soaogroup.com\/fr\/wp-json\/wp\/v2\/comments?post=470"}],"wp:featuredmedia":[{"embeddable":true,"href":"https:\/\/www.soaogroup.com\/fr\/wp-json\/wp\/v2\/media\/5648"}],"wp:attachment":[{"href":"https:\/\/www.soaogroup.com\/fr\/wp-json\/wp\/v2\/media?parent=470"}],"wp:term":[{"taxonomy":"product_brand","embeddable":true,"href":"https:\/\/www.soaogroup.com\/fr\/wp-json\/wp\/v2\/product_brand?post=470"},{"taxonomy":"product_cat","embeddable":true,"href":"https:\/\/www.soaogroup.com\/fr\/wp-json\/wp\/v2\/product_cat?post=470"},{"taxonomy":"product_tag","embeddable":true,"href":"https:\/\/www.soaogroup.com\/fr\/wp-json\/wp\/v2\/product_tag?post=470"}],"curies":[{"name":"wp","href":"https:\/\/api.w.org\/{rel}","templated":true}]}}