{"id":468,"date":"2025-01-15T16:58:12","date_gmt":"2025-01-15T08:58:12","guid":{"rendered":"https:\/\/www.soaogroup.com\/?post_type=product&#038;p=468"},"modified":"2025-04-18T16:30:09","modified_gmt":"2025-04-18T08:30:09","slug":"2-6-cubic-self-loading-mixer-truck","status":"publish","type":"product","link":"https:\/\/www.soaogroup.com\/fr\/produit\/2-6-cubic-self-loading-mixer-truck\/","title":{"rendered":"Camion malaxeur autochargeur de 2,6 m\u00b3"},"content":{"rendered":"<h2 style=\"text-align: center;\">D\u00e9tails du produit<\/h2>\n<table>\n<tbody>\n<tr>\n<td colspan=\"2\" width=\"461\">\n<h3 style=\"text-align: center;\"><strong>2.6<\/strong><strong>\u00a0Cubique<\/strong><strong> Autochargement <\/strong><strong>M<\/strong><strong>ixer <\/strong><strong>T<\/strong><strong>m\u00eal\u00e9e ouverte<\/strong><strong>s<\/strong><\/h3>\n<\/td>\n<\/tr>\n<tr>\n<td width=\"250\"><strong><b>Dimensions hors tout<\/b><\/strong><\/td>\n<td width=\"211\">6650 mm * 2850 mm * 3200 mm<\/td>\n<\/tr>\n<tr>\n<td width=\"250\"><strong><b>Empattement<\/b><\/strong><\/td>\n<td width=\"211\">2770 mm<\/td>\n<\/tr>\n<tr>\n<td width=\"250\"><strong><b>Bande de roulement<\/b><\/strong><\/td>\n<td width=\"211\">2000 mm<\/td>\n<\/tr>\n<tr>\n<td width=\"250\"><strong><b>Godet de chargement<\/b><\/strong><\/td>\n<td width=\"211\">0,6 m\u00b3<\/td>\n<\/tr>\n<tr>\n<td width=\"250\"><strong><b>Dans l&#039;ensemble <\/b><\/strong><strong><b>poids<\/b><\/strong><\/td>\n<td width=\"211\">7000 kg<\/td>\n<\/tr>\n<tr>\n<td width=\"250\"><strong><b>Formulaire de conduite<\/b><\/strong><\/td>\n<td width=\"211\">Quatre roues motrices<\/td>\n<\/tr>\n<tr>\n<td width=\"250\"><strong><b>Vitesse maximale<\/b><\/strong><\/td>\n<td width=\"211\">35 km\/h<\/td>\n<\/tr>\n<tr>\n<td width=\"250\"><strong><b>Maximum <\/b><\/strong><strong><b>aptitude en pente<\/b><\/strong><\/td>\n<td width=\"211\">35\u00b0<\/td>\n<\/tr>\n<tr>\n<td width=\"250\"><strong><b>Rayon de braquage minimal<\/b><\/strong><\/td>\n<td width=\"211\">3900 mm<\/td>\n<\/tr>\n<tr>\n<td width=\"250\"><strong><b>Minimum <\/b><\/strong><strong><b>g<\/b><\/strong><strong><b>rond <\/b><\/strong><strong><b>c<\/b><\/strong><strong><b>autonomie<\/b><\/strong><\/td>\n<td width=\"211\">350 mm<\/td>\n<\/tr>\n<tr>\n<td width=\"250\"><strong><b>Moteur m<\/b><\/strong><strong><b>mod\u00e8le<\/b><\/strong><\/td>\n<td width=\"211\">Yuchai Power 4102 suraliment\u00e9<\/td>\n<\/tr>\n<tr>\n<td width=\"250\"><strong><b>Puissance nominale<\/b><\/strong><\/td>\n<td width=\"211\">77,3 (kW)<\/td>\n<\/tr>\n<tr>\n<td width=\"250\"><strong><b>Capacit\u00e9 du r\u00e9servoir de carburant<\/b><\/strong><\/td>\n<td width=\"211\">120L<\/td>\n<\/tr>\n<tr>\n<td width=\"250\"><strong><b>Volume d&#039;huile<\/b><\/strong><\/td>\n<td width=\"211\">16L<\/td>\n<\/tr>\n<tr>\n<td width=\"250\"><strong><b>Volume du r\u00e9servoir d&#039;eau<\/b><\/strong><\/td>\n<td width=\"211\">450L<\/td>\n<\/tr>\n<tr>\n<td width=\"250\"><strong><b>Capacit\u00e9 g\u00e9om\u00e9trique du r\u00e9servoir de m\u00e9lange<\/b><\/strong><\/td>\n<td width=\"211\">4m\u00b3<\/td>\n<\/tr>\n<tr>\n<td width=\"250\"><strong><b>Vitesse de rotation du r\u00e9servoir de m\u00e9lange<\/b><\/strong><\/td>\n<td width=\"211\">17 tours\/min<\/td>\n<\/tr>\n<tr>\n<td width=\"250\"><strong><b>D\u00e9bit de b\u00e9ton (m\u00b3\/r\u00e9servoir)<\/b><\/strong><\/td>\n<td width=\"211\">2,6 m\u00b3<\/td>\n<\/tr>\n<tr>\n<td width=\"250\"><strong><b>Hauteur de refoulement<\/b><\/strong><\/td>\n<td width=\"211\">2000 mm<\/td>\n<\/tr>\n<\/tbody>\n<\/table>\n<p>&nbsp;<\/p>\n<h2 style=\"text-align: center;\"><img fetchpriority=\"high\" decoding=\"async\" class=\"alignnone size-full wp-image-480\" src=\"https:\/\/www.soaogroup.com\/wp-content\/uploads\/2025\/01\/2.6\u65b91_\u55e8\u683c\u5f0f\u538b\u7f29\u526f\u672c_\u7ed3\u679c.webp\" alt=\"\" width=\"2250\" height=\"750\" srcset=\"https:\/\/www.soaogroup.com\/wp-content\/uploads\/2025\/01\/2.6\u65b91_\u55e8\u683c\u5f0f\u538b\u7f29\u526f\u672c_\u7ed3\u679c.webp 2250w, https:\/\/www.soaogroup.com\/wp-content\/uploads\/2025\/01\/2.6\u65b91_\u55e8\u683c\u5f0f\u538b\u7f29\u526f\u672c_\u7ed3\u679c-600x200.webp 600w, https:\/\/www.soaogroup.com\/wp-content\/uploads\/2025\/01\/2.6\u65b91_\u55e8\u683c\u5f0f\u538b\u7f29\u526f\u672c_\u7ed3\u679c-300x100.webp 300w, https:\/\/www.soaogroup.com\/wp-content\/uploads\/2025\/01\/2.6\u65b91_\u55e8\u683c\u5f0f\u538b\u7f29\u526f\u672c_\u7ed3\u679c-1024x341.webp 1024w, https:\/\/www.soaogroup.com\/wp-content\/uploads\/2025\/01\/2.6\u65b91_\u55e8\u683c\u5f0f\u538b\u7f29\u526f\u672c_\u7ed3\u679c-768x256.webp 768w, https:\/\/www.soaogroup.com\/wp-content\/uploads\/2025\/01\/2.6\u65b91_\u55e8\u683c\u5f0f\u538b\u7f29\u526f\u672c_\u7ed3\u679c-1536x512.webp 1536w, https:\/\/www.soaogroup.com\/wp-content\/uploads\/2025\/01\/2.6\u65b91_\u55e8\u683c\u5f0f\u538b\u7f29\u526f\u672c_\u7ed3\u679c-2048x683.webp 2048w\" sizes=\"(max-width: 2250px) 100vw, 2250px\" \/><\/h2>\n<h2 style=\"text-align: center;\"><strong>Caract\u00e9ristiques principales<\/strong><\/h2>\n<p>1. Capacit\u00e9 de m\u00e9lange de 2,6 m\u00b3 \u2013 Id\u00e9al pour les petits lots.<\/p>\n<p>2. Fonction d\u2019auto-chargement \u2013 Aucun \u00e9quipement suppl\u00e9mentaire n\u2019est n\u00e9cessaire.<\/p>\n<p>3. Quatre roues motrices (4\u00d74) \u2013 Id\u00e9al pour les terrains accident\u00e9s.<\/p>\n<p>4. Moteur diesel \u2013 Puissant et \u00e9conome en carburant.<\/p>\n<p>5. Utilisation facile \u2013 Commandes conviviales pour un m\u00e9lange et un versement rapides.<\/p>\n<h2 style=\"text-align: center;\"><strong>Applications<\/strong><\/h2>\n<p>Les camions malaxeurs autochargeurs SOAO 2,6 sont largement utilis\u00e9s dans la construction rurale et peuvent servir \u00e0 la construction de maisons, de routes, d&#039;installations de conservation des eaux, etc. Sur les petits chantiers, tels que les petits b\u00e2timents commerciaux et r\u00e9sidentiels, le b\u00e9ton peut \u00eatre m\u00e9lang\u00e9 \u00e0 la demande pour am\u00e9liorer l&#039;efficacit\u00e9 de la construction. Dans les projets d&#039;entretien routier, le b\u00e9ton peut \u00eatre m\u00e9lang\u00e9 sur place pour la r\u00e9paration des routes. De plus, dans les projets de construction dans certaines zones recul\u00e9es, gr\u00e2ce \u00e0 sa petite taille, sa flexibilit\u00e9 et sa capacit\u00e9 d&#039;adaptation aux conditions routi\u00e8res complexes, il peut \u00e9galement jouer un r\u00f4le important et soutenir le d\u00e9veloppement de ces zones.<\/p>\n<p><iframe title=\"Camion malaxeur autochargeur SOAO 2 de 6 m\u00e8tres cubes\" width=\"800\" height=\"450\" src=\"https:\/\/www.youtube.com\/embed\/Mz9BpO-jaSA?feature=oembed\" frameborder=\"0\" allow=\"accelerometer; autoplay; clipboard-write; encrypted-media; gyroscope; picture-in-picture; web-share\" referrerpolicy=\"strict-origin-when-cross-origin\" allowfullscreen><\/iframe><\/p>","protected":false},"excerpt":{"rendered":"<h4 class=\"elementor-heading-title elementor-size-default\" style=\"text-align: center; padding-bottom: 30px;\">Camion malaxeur autochargeur de 2,6 m\u00e8tres cubes<\/h4>\n<div>D\u00e9couvrez le camion malaxeur autochargeur de 2,6 m\u00b3\u00a0: une solution \u00e9conomique pour les petits et moyens chantiers\u00a0! Polyvalent, ce camion combine malaxage et transport, vous permettant de gagner du temps et de r\u00e9duire vos co\u00fbts de main-d&#039;\u0153uvre. Gr\u00e2ce \u00e0 son syst\u00e8me d&#039;autochargement, il traite efficacement le sable, le gravier et le ciment, produisant ainsi un b\u00e9ton de haute qualit\u00e9 sur chantier. Id\u00e9al pour les sites isol\u00e9s, les routes rurales et les chantiers urbains, il offre mobilit\u00e9, efficacit\u00e9 et fiabilit\u00e9.<\/div>\n<div><\/div>\n<div>\n<hr \/>\n<\/div>\n<p><img decoding=\"async\" class=\"alignnone wp-image-257\" src=\"https:\/\/www.soaogroup.com\/wp-content\/uploads\/2025\/02\/\u672a\u6807\u9898-2.jpg\" alt=\"\" width=\"48\" height=\"50\" \/>\u00a0 WhatsApp :<a href=\"https:\/\/api.whatsapp.com\/send?phone=8613395319660\" target=\"_blank\" rel=\"noopener\">\u00a0+8613395319660 <\/a><\/p>\n<div>\n<hr \/>\n<\/div>\n<p><img decoding=\"async\" class=\"alignnone wp-image-258\" src=\"https:\/\/www.soaogroup.com\/wp-content\/uploads\/2025\/02\/emaillogoblue.jpg\" alt=\"\" width=\"48\" height=\"55\" \/>\u00a0\u00a0E-mail : <a href=\"mailto:sales@sdsoao.com\" target=\"_blank\" rel=\"noopener\">\u00a0sales@sdsoao.com<\/a><\/p>\n<div>\n<hr \/>\n<\/div>\n<div><\/div>","protected":false},"featured_media":5653,"comment_status":"open","ping_status":"closed","template":"","meta":[],"product_brand":[],"product_cat":[27],"product_tag":[],"class_list":{"0":"post-468","1":"product","2":"type-product","3":"status-publish","4":"has-post-thumbnail","6":"product_cat-mixer-truck","8":"first","9":"instock","10":"shipping-taxable","11":"product-type-simple"},"_links":{"self":[{"href":"https:\/\/www.soaogroup.com\/fr\/wp-json\/wp\/v2\/product\/468","targetHints":{"allow":["GET"]}}],"collection":[{"href":"https:\/\/www.soaogroup.com\/fr\/wp-json\/wp\/v2\/product"}],"about":[{"href":"https:\/\/www.soaogroup.com\/fr\/wp-json\/wp\/v2\/types\/product"}],"replies":[{"embeddable":true,"href":"https:\/\/www.soaogroup.com\/fr\/wp-json\/wp\/v2\/comments?post=468"}],"wp:featuredmedia":[{"embeddable":true,"href":"https:\/\/www.soaogroup.com\/fr\/wp-json\/wp\/v2\/media\/5653"}],"wp:attachment":[{"href":"https:\/\/www.soaogroup.com\/fr\/wp-json\/wp\/v2\/media?parent=468"}],"wp:term":[{"taxonomy":"product_brand","embeddable":true,"href":"https:\/\/www.soaogroup.com\/fr\/wp-json\/wp\/v2\/product_brand?post=468"},{"taxonomy":"product_cat","embeddable":true,"href":"https:\/\/www.soaogroup.com\/fr\/wp-json\/wp\/v2\/product_cat?post=468"},{"taxonomy":"product_tag","embeddable":true,"href":"https:\/\/www.soaogroup.com\/fr\/wp-json\/wp\/v2\/product_tag?post=468"}],"curies":[{"name":"wp","href":"https:\/\/api.w.org\/{rel}","templated":true}]}}