{"id":448,"date":"2025-01-15T15:51:20","date_gmt":"2025-01-15T07:51:20","guid":{"rendered":"https:\/\/www.soaogroup.com\/?post_type=product&#038;p=448"},"modified":"2025-06-25T13:51:52","modified_gmt":"2025-06-25T05:51:52","slug":"flat-top-tower-crane","status":"publish","type":"product","link":"https:\/\/www.soaogroup.com\/fr\/produit\/flat-top-tower-crane\/","title":{"rendered":"Grue \u00e0 tour \u00e0 toit plat"},"content":{"rendered":"<h2 style=\"text-align: center;\"><span style=\"color: #333333;\">Mod\u00e8les et sp\u00e9cifications les plus vendus<\/span><\/h2>\n<p>Nous vous pr\u00e9sentons ici les 5 mod\u00e8les de grues \u00e0 tour Flat-Top les plus vendus, accompagn\u00e9s de leurs sp\u00e9cifications. Nous fabriquons \u00e9galement plus de 10 mod\u00e8les de grues \u00e0 tour Flat-Top et pouvons personnaliser des param\u00e8tres sp\u00e9cifiques. Nous fournissons \u00e9galement des grues \u00e0 tour neuves et d&#039;occasion pour r\u00e9pondre \u00e0 diverses applications. Les accessoires et les sections de m\u00e2t standard sont disponibles \u00e0 l&#039;achat s\u00e9par\u00e9ment. N&#039;h\u00e9sitez pas \u00e0 nous contacter pour conna\u00eetre les tarifs et les services de personnalisation des grues \u00e0 tour.<\/p>\n<p><img fetchpriority=\"high\" decoding=\"async\" class=\"size-full wp-image-5696 aligncenter\" src=\"https:\/\/www.soaogroup.com\/wp-content\/uploads\/2025\/01\/Soao-tower-crane-6518-10t.jpg\" alt=\"\" width=\"750\" height=\"664\" srcset=\"https:\/\/www.soaogroup.com\/wp-content\/uploads\/2025\/01\/Soao-tower-crane-6518-10t.jpg 750w, https:\/\/www.soaogroup.com\/wp-content\/uploads\/2025\/01\/Soao-tower-crane-6518-10t-300x266.jpg 300w, https:\/\/www.soaogroup.com\/wp-content\/uploads\/2025\/01\/Soao-tower-crane-6518-10t-14x12.jpg 14w, https:\/\/www.soaogroup.com\/wp-content\/uploads\/2025\/01\/Soao-tower-crane-6518-10t-600x531.jpg 600w\" sizes=\"(max-width: 750px) 100vw, 750px\" \/><\/p>\n<hr \/>\n<p><img decoding=\"async\" class=\"size-full wp-image-5695 aligncenter\" src=\"https:\/\/www.soaogroup.com\/wp-content\/uploads\/2025\/01\/flat-top-tower-crane-6010-6t.jpg\" alt=\"\" width=\"750\" height=\"651\" srcset=\"https:\/\/www.soaogroup.com\/wp-content\/uploads\/2025\/01\/flat-top-tower-crane-6010-6t.jpg 750w, https:\/\/www.soaogroup.com\/wp-content\/uploads\/2025\/01\/flat-top-tower-crane-6010-6t-300x260.jpg 300w, https:\/\/www.soaogroup.com\/wp-content\/uploads\/2025\/01\/flat-top-tower-crane-6010-6t-14x12.jpg 14w, https:\/\/www.soaogroup.com\/wp-content\/uploads\/2025\/01\/flat-top-tower-crane-6010-6t-600x521.jpg 600w\" sizes=\"(max-width: 750px) 100vw, 750px\" \/><\/p>\n<hr \/>\n<p><img decoding=\"async\" class=\"size-full wp-image-5694 aligncenter\" src=\"https:\/\/www.soaogroup.com\/wp-content\/uploads\/2025\/01\/flat-top-tower-crane_6015-8t.jpg\" alt=\"\" width=\"750\" height=\"690\" srcset=\"https:\/\/www.soaogroup.com\/wp-content\/uploads\/2025\/01\/flat-top-tower-crane_6015-8t.jpg 750w, https:\/\/www.soaogroup.com\/wp-content\/uploads\/2025\/01\/flat-top-tower-crane_6015-8t-300x276.jpg 300w, https:\/\/www.soaogroup.com\/wp-content\/uploads\/2025\/01\/flat-top-tower-crane_6015-8t-13x12.jpg 13w, https:\/\/www.soaogroup.com\/wp-content\/uploads\/2025\/01\/flat-top-tower-crane_6015-8t-600x552.jpg 600w\" sizes=\"(max-width: 750px) 100vw, 750px\" \/><\/p>\n<hr \/>\n<p><img loading=\"lazy\" decoding=\"async\" class=\"size-full wp-image-5693 aligncenter\" src=\"https:\/\/www.soaogroup.com\/wp-content\/uploads\/2025\/01\/flat-top-tower-crane_6013B-8t.png\" alt=\"\" width=\"750\" height=\"651\" srcset=\"https:\/\/www.soaogroup.com\/wp-content\/uploads\/2025\/01\/flat-top-tower-crane_6013B-8t.png 750w, https:\/\/www.soaogroup.com\/wp-content\/uploads\/2025\/01\/flat-top-tower-crane_6013B-8t-300x260.png 300w, https:\/\/www.soaogroup.com\/wp-content\/uploads\/2025\/01\/flat-top-tower-crane_6013B-8t-14x12.png 14w, https:\/\/www.soaogroup.com\/wp-content\/uploads\/2025\/01\/flat-top-tower-crane_6013B-8t-600x521.png 600w\" sizes=\"(max-width: 750px) 100vw, 750px\" \/><\/p>\n<hr \/>\n<p><img loading=\"lazy\" decoding=\"async\" class=\"size-full wp-image-5692 aligncenter\" src=\"https:\/\/www.soaogroup.com\/wp-content\/uploads\/2025\/01\/flat-top-tower-crane_5610-6t.jpg\" alt=\"\" width=\"750\" height=\"581\" srcset=\"https:\/\/www.soaogroup.com\/wp-content\/uploads\/2025\/01\/flat-top-tower-crane_5610-6t.jpg 750w, https:\/\/www.soaogroup.com\/wp-content\/uploads\/2025\/01\/flat-top-tower-crane_5610-6t-300x232.jpg 300w, https:\/\/www.soaogroup.com\/wp-content\/uploads\/2025\/01\/flat-top-tower-crane_5610-6t-15x12.jpg 15w, https:\/\/www.soaogroup.com\/wp-content\/uploads\/2025\/01\/flat-top-tower-crane_5610-6t-600x465.jpg 600w\" sizes=\"(max-width: 750px) 100vw, 750px\" \/><\/p>\n<hr \/>\n<h2 style=\"text-align: center;\">Caract\u00e9ristiques du produit<\/h2>\n<h3>1. Caract\u00e9ristiques structurelles<\/h3>\n<h4>Forme plate :<\/h4>\n<p>Sans la structure sup\u00e9rieure de la tour des grues \u00e0 tour traditionnelles, sa fl\u00e8che est directement reli\u00e9e \u00e0 la plate-forme pivotante, ce qui rend le sommet de la grue plat. Cette structure permet \u00e0 la grue d&#039;avoir une meilleure adaptabilit\u00e9 spatiale lors du travail dans un groupe de tours ou du franchissement d&#039;obstacles, \u00e9vitant ainsi efficacement les collisions avec d&#039;autres grues ou les parties saillantes des b\u00e2timents.<\/p>\n<h4>M\u00e9thode de connexion de la fl\u00e8che :<\/h4>\n<p>La fl\u00e8che est g\u00e9n\u00e9ralement connect\u00e9e par un connecteur ou un connecteur \u00e0 broches, ce qui facilite l&#039;installation et le d\u00e9montage. Cette m\u00e9thode de connexion am\u00e9liore la stabilit\u00e9 de la fl\u00e8che et r\u00e9duit les risques de s\u00e9curit\u00e9 caus\u00e9s par des connexions desserr\u00e9es.<\/p>\n<h4>Conception modulaire :<\/h4>\n<p>De nombreuses grues \u00e0 plateau adoptent des concepts de conception modulaire et la connexion entre les composants est plus simple et standardis\u00e9e, ce qui est pratique pour le transport et l&#039;assemblage sur site, en particulier pour les projets qui n\u00e9cessitent un transfert fr\u00e9quent des chantiers.<\/p>\n<h3>2. Avantages en termes de performances<\/h3>\n<h4>Bonnes performances de levage :<\/h4>\n<p>Il a une hauteur de levage et un poids de levage importants, ce qui peut r\u00e9pondre aux besoins de levage d&#039;objets lourds dans les projets d&#039;ing\u00e9nierie tels que les immeubles de grande hauteur et les grands ponts. Son m\u00e9canisme de levage est g\u00e9n\u00e9ralement \u00e9quip\u00e9 de moteurs et de r\u00e9ducteurs hautes performances, et la vitesse de levage peut \u00eatre ajust\u00e9e en fonction des exigences de fonctionnement r\u00e9elles, avec une efficacit\u00e9 de travail \u00e9lev\u00e9e.<\/p>\n<h4>Rotation flexible :<\/h4>\n<p>Le dispositif de roulement pivotant adopte une technologie avanc\u00e9e, ce qui permet \u00e0 la grue d&#039;atteindre une rotation flexible \u00e0 360\u00b0. La vitesse de rotation est stable et peut \u00eatre contr\u00f4l\u00e9e avec pr\u00e9cision, ce qui est pratique pour ajuster la position de levage dans un petit espace.<\/p>\n<h4>Grand rayon de travail :<\/h4>\n<p>Le bras de la grue est long et, gr\u00e2ce au fonctionnement de pas du bras de la grue et au changement d&#039;amplitude du chariot, il peut couvrir une large plage de rayon de travail et peut desservir efficacement une grande zone de chantiers de construction.<\/p>\n<h3>3. Performances de s\u00e9curit\u00e9<\/h3>\n<h4>Dispositifs de s\u00e9curit\u00e9 complets :<\/h4>\n<p>\u00c9quip\u00e9 d&#039;une vari\u00e9t\u00e9 de dispositifs de protection de s\u00e9curit\u00e9 tels qu&#039;un limiteur de poids de levage, un limiteur de couple de levage, un limiteur de hauteur, un limiteur d&#039;amplitude et un limiteur de pivotement. Ces dispositifs peuvent surveiller l&#039;\u00e9tat de fonctionnement de la grue en temps r\u00e9el. En cas de situations dangereuses telles qu&#039;une surcharge et un d\u00e9passement de limite, ils d\u00e9clenchent automatiquement une alarme et arr\u00eatent les actions dangereuses correspondantes pour assurer la s\u00e9curit\u00e9 de l&#039;op\u00e9ration.<\/p>\n<h4>Haute stabilit\u00e9 :<\/h4>\n<p>La conception tient compte de la stabilit\u00e9 dans diverses conditions de travail. Gr\u00e2ce \u00e0 un r\u00e9glage raisonnable du contrepoids, \u00e0 l&#039;optimisation structurelle du bras de la grue et au renforcement du ch\u00e2ssis, il est garanti que la grue ne basculera pas lors du levage d&#039;objets lourds. M\u00eame dans des environnements de travail complexes et des conditions m\u00e9t\u00e9orologiques d\u00e9favorables, elle peut maintenir une bonne stabilit\u00e9.<\/p>","protected":false},"excerpt":{"rendered":"<h4 class=\"elementor-heading-title elementor-size-default\" style=\"text-align: center; padding-bottom: 30px;\">Grue \u00e0 tour \u00e0 toit plat<\/h4>\n<div>La grue \u00e0 tour Flat-Top pr\u00e9sente une conception unique, sans structure de tour traditionnelle, avec sa fl\u00e8che directement reli\u00e9e \u00e0 la plateforme pivotante en configuration plate. Elle offre des avantages significatifs, notamment une hauteur de levage importante, une capacit\u00e9 de levage impressionnante et un large rayon de travail. La grue assure une rotation souple et flexible, permettant un fonctionnement \u00e0 360\u00b0. \u00c9quip\u00e9e de dispositifs de s\u00e9curit\u00e9 complets, d&#039;une interface utilisateur intuitive et d&#039;une maintenance ais\u00e9e, elle est tr\u00e8s polyvalente et largement utilis\u00e9e dans la construction, la logistique portuaire et d&#039;autres secteurs. Cela en fait un \u00e9quipement indispensable pour la r\u00e9alisation efficace de projets de grande envergure.<\/div>\n<div><\/div>\n<div>\n<hr \/>\n<\/div>\n<p><img loading=\"lazy\" decoding=\"async\" class=\"alignnone wp-image-257\" src=\"https:\/\/www.soaogroup.com\/wp-content\/uploads\/2025\/02\/\u672a\u6807\u9898-2.jpg\" alt=\"\" width=\"48\" height=\"50\" \/>\u00a0 WhatsApp :<a href=\"https:\/\/api.whatsapp.com\/send?phone=8613395319660\" target=\"_blank\" rel=\"noopener\">\u00a0+8613395319660 <\/a><\/p>\n<div>\n<hr \/>\n<\/div>\n<p><img loading=\"lazy\" decoding=\"async\" class=\"alignnone wp-image-258\" src=\"https:\/\/www.soaogroup.com\/wp-content\/uploads\/2025\/02\/emaillogoblue.jpg\" alt=\"\" width=\"48\" height=\"55\" \/>\u00a0\u00a0E-mail : <a href=\"mailto:sales@sdsoao.com\" target=\"_blank\" rel=\"noopener\">\u00a0sales@sdsoao.com<\/a><\/p>\n<div>\n<hr \/>\n<\/div>\n<div><\/div>","protected":false},"featured_media":5861,"comment_status":"open","ping_status":"closed","template":"","meta":[],"product_brand":[],"product_cat":[26],"product_tag":[],"class_list":{"0":"post-448","1":"product","2":"type-product","3":"status-publish","4":"has-post-thumbnail","6":"product_cat-tower-crane-list","8":"first","9":"instock","10":"featured","11":"shipping-taxable","12":"product-type-simple"},"_links":{"self":[{"href":"https:\/\/www.soaogroup.com\/fr\/wp-json\/wp\/v2\/product\/448","targetHints":{"allow":["GET"]}}],"collection":[{"href":"https:\/\/www.soaogroup.com\/fr\/wp-json\/wp\/v2\/product"}],"about":[{"href":"https:\/\/www.soaogroup.com\/fr\/wp-json\/wp\/v2\/types\/product"}],"replies":[{"embeddable":true,"href":"https:\/\/www.soaogroup.com\/fr\/wp-json\/wp\/v2\/comments?post=448"}],"wp:featuredmedia":[{"embeddable":true,"href":"https:\/\/www.soaogroup.com\/fr\/wp-json\/wp\/v2\/media\/5861"}],"wp:attachment":[{"href":"https:\/\/www.soaogroup.com\/fr\/wp-json\/wp\/v2\/media?parent=448"}],"wp:term":[{"taxonomy":"product_brand","embeddable":true,"href":"https:\/\/www.soaogroup.com\/fr\/wp-json\/wp\/v2\/product_brand?post=448"},{"taxonomy":"product_cat","embeddable":true,"href":"https:\/\/www.soaogroup.com\/fr\/wp-json\/wp\/v2\/product_cat?post=448"},{"taxonomy":"product_tag","embeddable":true,"href":"https:\/\/www.soaogroup.com\/fr\/wp-json\/wp\/v2\/product_tag?post=448"}],"curies":[{"name":"wp","href":"https:\/\/api.w.org\/{rel}","templated":true}]}}