{"id":447,"date":"2025-01-15T15:52:24","date_gmt":"2025-01-15T07:52:24","guid":{"rendered":"https:\/\/www.soaogroup.com\/?post_type=product&#038;p=447"},"modified":"2025-06-25T13:57:33","modified_gmt":"2025-06-25T05:57:33","slug":"hammerhead-tower-crane","status":"publish","type":"product","link":"https:\/\/www.soaogroup.com\/fr\/produit\/hammerhead-tower-crane\/","title":{"rendered":"Grue \u00e0 tour Hammerhead"},"content":{"rendered":"<h2 style=\"text-align: center;\">\u00a0Mod\u00e8les et sp\u00e9cifications les plus vendus<\/h2>\n<p>Nous vous pr\u00e9sentons les 6 mod\u00e8les les plus vendus de grues \u00e0 tour \u00e0 marteau, accompagn\u00e9s de leurs sp\u00e9cifications. Nous proposons \u00e9galement plus de 10 autres mod\u00e8les pour r\u00e9pondre \u00e0 divers besoins de construction, avec la possibilit\u00e9 de personnaliser des param\u00e8tres sp\u00e9cifiques. Nous fournissons \u00e9galement des grues \u00e0 tour neuves et d&#039;occasion pour diff\u00e9rents chantiers. Des accessoires et des sections standard sont disponibles \u00e0 l&#039;achat. Nos grues \u00e0 tour sont export\u00e9es dans plus de 40 pays et r\u00e9gions du monde et ont \u00e9t\u00e9 largement pl\u00e9biscit\u00e9es. N&#039;h\u00e9sitez pas \u00e0 nous contacter pour conna\u00eetre les prix de nos grues \u00e0 tour et conna\u00eetre nos services personnalis\u00e9s.<\/p>\n<h2><img fetchpriority=\"high\" decoding=\"async\" class=\"size-full wp-image-5684 aligncenter\" src=\"https:\/\/www.soaogroup.com\/wp-content\/uploads\/2025\/01\/Hammerhead-tower-crane-2.jpg\" alt=\"\" width=\"750\" height=\"663\" srcset=\"https:\/\/www.soaogroup.com\/wp-content\/uploads\/2025\/01\/Hammerhead-tower-crane-2.jpg 750w, https:\/\/www.soaogroup.com\/wp-content\/uploads\/2025\/01\/Hammerhead-tower-crane-2-300x265.jpg 300w, https:\/\/www.soaogroup.com\/wp-content\/uploads\/2025\/01\/Hammerhead-tower-crane-2-14x12.jpg 14w, https:\/\/www.soaogroup.com\/wp-content\/uploads\/2025\/01\/Hammerhead-tower-crane-2-600x530.jpg 600w\" sizes=\"(max-width: 750px) 100vw, 750px\" \/><\/h2>\n<hr \/>\n<h2><img decoding=\"async\" class=\"size-full wp-image-5683 aligncenter\" src=\"https:\/\/www.soaogroup.com\/wp-content\/uploads\/2025\/01\/Hammerhead-tower-crane-1.jpg\" alt=\"\" width=\"750\" height=\"650\" srcset=\"https:\/\/www.soaogroup.com\/wp-content\/uploads\/2025\/01\/Hammerhead-tower-crane-1.jpg 750w, https:\/\/www.soaogroup.com\/wp-content\/uploads\/2025\/01\/Hammerhead-tower-crane-1-300x260.jpg 300w, https:\/\/www.soaogroup.com\/wp-content\/uploads\/2025\/01\/Hammerhead-tower-crane-1-14x12.jpg 14w, https:\/\/www.soaogroup.com\/wp-content\/uploads\/2025\/01\/Hammerhead-tower-crane-1-600x520.jpg 600w\" sizes=\"(max-width: 750px) 100vw, 750px\" \/><\/h2>\n<hr \/>\n<h2><img decoding=\"async\" class=\"size-full wp-image-5687 aligncenter\" src=\"https:\/\/www.soaogroup.com\/wp-content\/uploads\/2025\/01\/Hammerhead-tower-crane-5.jpg\" alt=\"\" width=\"750\" height=\"612\" srcset=\"https:\/\/www.soaogroup.com\/wp-content\/uploads\/2025\/01\/Hammerhead-tower-crane-5.jpg 750w, https:\/\/www.soaogroup.com\/wp-content\/uploads\/2025\/01\/Hammerhead-tower-crane-5-300x245.jpg 300w, https:\/\/www.soaogroup.com\/wp-content\/uploads\/2025\/01\/Hammerhead-tower-crane-5-15x12.jpg 15w, https:\/\/www.soaogroup.com\/wp-content\/uploads\/2025\/01\/Hammerhead-tower-crane-5-600x490.jpg 600w\" sizes=\"(max-width: 750px) 100vw, 750px\" \/><\/h2>\n<hr \/>\n<h2><img loading=\"lazy\" decoding=\"async\" class=\"size-full wp-image-5686 aligncenter\" src=\"https:\/\/www.soaogroup.com\/wp-content\/uploads\/2025\/01\/Hammerhead-tower-crane-4.jpg\" alt=\"\" width=\"750\" height=\"621\" srcset=\"https:\/\/www.soaogroup.com\/wp-content\/uploads\/2025\/01\/Hammerhead-tower-crane-4.jpg 750w, https:\/\/www.soaogroup.com\/wp-content\/uploads\/2025\/01\/Hammerhead-tower-crane-4-300x248.jpg 300w, https:\/\/www.soaogroup.com\/wp-content\/uploads\/2025\/01\/Hammerhead-tower-crane-4-14x12.jpg 14w, https:\/\/www.soaogroup.com\/wp-content\/uploads\/2025\/01\/Hammerhead-tower-crane-4-600x497.jpg 600w\" sizes=\"(max-width: 750px) 100vw, 750px\" \/><\/h2>\n<hr \/>\n<h2><img loading=\"lazy\" decoding=\"async\" class=\"size-full wp-image-5685 aligncenter\" src=\"https:\/\/www.soaogroup.com\/wp-content\/uploads\/2025\/01\/Hammerhead-tower-crane-3.jpg\" alt=\"\" width=\"750\" height=\"632\" srcset=\"https:\/\/www.soaogroup.com\/wp-content\/uploads\/2025\/01\/Hammerhead-tower-crane-3.jpg 750w, https:\/\/www.soaogroup.com\/wp-content\/uploads\/2025\/01\/Hammerhead-tower-crane-3-300x253.jpg 300w, https:\/\/www.soaogroup.com\/wp-content\/uploads\/2025\/01\/Hammerhead-tower-crane-3-14x12.jpg 14w, https:\/\/www.soaogroup.com\/wp-content\/uploads\/2025\/01\/Hammerhead-tower-crane-3-600x506.jpg 600w\" sizes=\"(max-width: 750px) 100vw, 750px\" \/><\/h2>\n<hr \/>\n<h2><img loading=\"lazy\" decoding=\"async\" class=\"size-full wp-image-5688 aligncenter\" src=\"https:\/\/www.soaogroup.com\/wp-content\/uploads\/2025\/01\/Hammerhead-tower-crane-6.jpg\" alt=\"\" width=\"750\" height=\"782\" srcset=\"https:\/\/www.soaogroup.com\/wp-content\/uploads\/2025\/01\/Hammerhead-tower-crane-6.jpg 750w, https:\/\/www.soaogroup.com\/wp-content\/uploads\/2025\/01\/Hammerhead-tower-crane-6-288x300.jpg 288w, https:\/\/www.soaogroup.com\/wp-content\/uploads\/2025\/01\/Hammerhead-tower-crane-6-12x12.jpg 12w, https:\/\/www.soaogroup.com\/wp-content\/uploads\/2025\/01\/Hammerhead-tower-crane-6-600x626.jpg 600w\" sizes=\"(max-width: 750px) 100vw, 750px\" \/><\/h2>\n<hr \/>\n<h2 style=\"text-align: center;\">Caract\u00e9ristiques du produit<\/h2>\n<h2><\/h2>\n<h3><img loading=\"lazy\" decoding=\"async\" class=\"wp-image-461 alignright\" src=\"https:\/\/www.soaogroup.com\/wp-content\/uploads\/2025\/01\/davits-crane_\u55e8\u683c\u5f0f\u538b\u7f29\u526f\u672c_\u7ed3\u679c.webp\" alt=\"\" width=\"472\" height=\"472\" srcset=\"https:\/\/www.soaogroup.com\/wp-content\/uploads\/2025\/01\/davits-crane_\u55e8\u683c\u5f0f\u538b\u7f29\u526f\u672c_\u7ed3\u679c.webp 800w, https:\/\/www.soaogroup.com\/wp-content\/uploads\/2025\/01\/davits-crane_\u55e8\u683c\u5f0f\u538b\u7f29\u526f\u672c_\u7ed3\u679c-300x300.webp 300w, https:\/\/www.soaogroup.com\/wp-content\/uploads\/2025\/01\/davits-crane_\u55e8\u683c\u5f0f\u538b\u7f29\u526f\u672c_\u7ed3\u679c-100x100.webp 100w, https:\/\/www.soaogroup.com\/wp-content\/uploads\/2025\/01\/davits-crane_\u55e8\u683c\u5f0f\u538b\u7f29\u526f\u672c_\u7ed3\u679c-600x600.webp 600w, https:\/\/www.soaogroup.com\/wp-content\/uploads\/2025\/01\/davits-crane_\u55e8\u683c\u5f0f\u538b\u7f29\u526f\u672c_\u7ed3\u679c-150x150.webp 150w, https:\/\/www.soaogroup.com\/wp-content\/uploads\/2025\/01\/davits-crane_\u55e8\u683c\u5f0f\u538b\u7f29\u526f\u672c_\u7ed3\u679c-768x768.webp 768w\" sizes=\"(max-width: 472px) 100vw, 472px\" \/>1. Conception structurelle<\/h3>\n<h4>Fl\u00e8che horizontale :<\/h4>\n<p>La conception de la fl\u00e8che est horizontale et la fl\u00e8che est maintenue \u00e0 l&#039;horizontale. Le rayon de charge est modifi\u00e9 en d\u00e9pla\u00e7ant le chariot de charge install\u00e9 sur la fl\u00e8che, de mani\u00e8re \u00e0 r\u00e9aliser l&#039;op\u00e9ration de levage dans diff\u00e9rentes positions. Cette conception rend la condition de force de la fl\u00e8che relativement simple et les exigences structurelles sont relativement faibles.<\/p>\n<h4>La structure globale est simple :<\/h4>\n<p>Compar\u00e9 \u00e0 d&#039;autres types de grues \u00e0 tour complexes, la structure de la grue \u00e0 marteau est relativement simple, sans trop de m\u00e9canismes complexes de relevage de fl\u00e8che, etc., et le nombre de pi\u00e8ces est relativement petit.<br \/>\nPerformance<\/p>\n<h4>Couple de levage important :<\/h4>\n<p>Il peut fournir un couple de levage important, ce qui peut r\u00e9pondre aux besoins de levage d&#039;objets plus lourds dans divers types de construction, et convient au levage de gros composants de b\u00e2timent, d&#039;\u00e9quipements m\u00e9caniques, etc.<\/p>\n<h4>Vitesse de travail \u00e9lev\u00e9e :<\/h4>\n<p>Le m\u00e9canisme de relevage, le m\u00e9canisme de pivotement, etc. adoptent g\u00e9n\u00e9ralement un syst\u00e8me avanc\u00e9 de r\u00e9gulation de vitesse en continu \u00e0 fr\u00e9quence variable, avec une vitesse de travail \u00e9lev\u00e9e et de bonnes performances de r\u00e9gulation de vitesse. Il peut ajuster de mani\u00e8re flexible la vitesse en fonction des besoins de fonctionnement r\u00e9els, tout en am\u00e9liorant l&#039;efficacit\u00e9 du travail et en garantissant la stabilit\u00e9 de l&#039;op\u00e9ration.<br \/>\nLarge plage de fonctionnement : gr\u00e2ce au mouvement du chariot de charge sur la fl\u00e8che horizontale et au mouvement de pivotement de la grue elle-m\u00eame, une large zone de fonctionnement peut \u00eatre couverte. En m\u00eame temps, certaines grues \u00e0 tour \u00e0 marteau ont \u00e9galement une vari\u00e9t\u00e9 de m\u00e9thodes de travail, telles que la fixation des stabilisateurs, la fixation du ch\u00e2ssis, la fixation des boulons int\u00e9gr\u00e9s, la fixation des murs ext\u00e9rieurs, etc., qui peuvent s&#039;adapter \u00e0 diff\u00e9rents chantiers de construction et aux exigences de la structure du b\u00e2timent.<\/p>\n<h3>2. Exploitation et maintenance<\/h3>\n<h4>Utilisation pratique :<\/h4>\n<p>La cabine du conducteur est ind\u00e9pendante de l&#039;ext\u00e9rieur, avec un large champ de vision et un grand espace int\u00e9rieur, ce qui cr\u00e9e un bon environnement de travail pour l&#039;op\u00e9rateur, ce qui permet au conducteur d&#039;observer facilement l&#039;op\u00e9ration de levage et un fonctionnement plus pratique et plus pr\u00e9cis.<\/p>\n<h4>Entretien simple :<\/h4>\n<p>En raison de la structure relativement simple et de l&#039;utilisation de syst\u00e8mes de contr\u00f4le \u00e9lectrique et de composants m\u00e9caniques matures et fiables, le taux de d\u00e9faillance des grues \u00e0 marteaux est faible et les travaux d&#039;entretien et de maintenance quotidiens sont relativement faciles, r\u00e9duisant ainsi les co\u00fbts de maintenance et les temps d&#039;arr\u00eat.<br \/>\nGarantie de s\u00e9curit\u00e9<\/p>\n<h4>Dispositifs de s\u00e9curit\u00e9 complets :<\/h4>\n<p>Equip\u00e9 de divers dispositifs de s\u00e9curit\u00e9 m\u00e9caniques ou m\u00e9catroniques, tels qu&#039;un limiteur de poids de levage, un limiteur de couple, un limiteur de hauteur, un limiteur d&#039;amplitude, un limiteur de pivotement, etc., il peut surveiller divers param\u00e8tres en temps r\u00e9el pendant le fonctionnement de la grue, et \u00e9mettre une alarme et arr\u00eater le fonctionnement \u00e0 temps lorsqu&#039;une situation anormale se produit, garantissant la s\u00e9curit\u00e9 de la grue et de l&#039;op\u00e9rateur.<\/p>\n<h4>Haute fiabilit\u00e9 :<\/h4>\n<p>Le syst\u00e8me de contr\u00f4le \u00e9lectrique adopte un contr\u00f4le PLC, ce qui am\u00e9liore la fiabilit\u00e9 et la s\u00e9curit\u00e9 du syst\u00e8me. En m\u00eame temps, il adopte des composants \u00e9lectriques produits par des usines \u00e9lectriques professionnelles avec une technologie \u00e9trang\u00e8re avanc\u00e9e, qui ont une longue dur\u00e9e de vie et peu de pannes, garantissant ainsi le fonctionnement stable de la grue.<\/p>","protected":false},"excerpt":{"rendered":"<h4 class=\"elementor-heading-title elementor-size-default\" style=\"text-align: center; padding-bottom: 30px;\">Grue \u00e0 tour Hammerhead<\/h4>\n<div>La grue \u00e0 tour \u00e0 t\u00eate de marteau, \u00e9galement appel\u00e9e grue \u00e0 tour topkit, est dot\u00e9e d&#039;une fl\u00e8che horizontale comme structure principale, dont le rayon de levage est r\u00e9glable par le d\u00e9placement du chariot de charge. Elle offre un couple de levage important, une vitesse de travail \u00e9lev\u00e9e et une large plage de fonctionnement. R\u00e9put\u00e9e pour sa simplicit\u00e9 d&#039;utilisation et d&#039;entretien, cette grue est \u00e9quip\u00e9e de multiples dispositifs de s\u00e9curit\u00e9 pour garantir sa s\u00e9curit\u00e9 op\u00e9rationnelle. Elle est couramment utilis\u00e9e pour le levage de charges lourdes dans divers projets de construction.<\/div>\n<div><\/div>\n<div>\n<hr \/>\n<\/div>\n<p><img loading=\"lazy\" decoding=\"async\" class=\"alignnone wp-image-257\" src=\"https:\/\/www.soaogroup.com\/wp-content\/uploads\/2025\/02\/\u672a\u6807\u9898-2.jpg\" alt=\"\" width=\"48\" height=\"50\" \/>\u00a0 WhatsApp :<a href=\"https:\/\/api.whatsapp.com\/send?phone=8613395319660\" target=\"_blank\" rel=\"noopener\">\u00a0+8613395319660 <\/a><\/p>\n<div>\n<hr \/>\n<\/div>\n<p><img loading=\"lazy\" decoding=\"async\" class=\"alignnone wp-image-258\" src=\"https:\/\/www.soaogroup.com\/wp-content\/uploads\/2025\/02\/emaillogoblue.jpg\" alt=\"\" width=\"48\" height=\"55\" \/>\u00a0\u00a0E-mail : <a href=\"mailto:sales@sdsoao.com\" target=\"_blank\" rel=\"noopener\">\u00a0sales@sdsoao.com<\/a><\/p>\n<div>\n<hr \/>\n<\/div>\n<h3><\/h3>\n<div><\/div>","protected":false},"featured_media":5862,"comment_status":"closed","ping_status":"closed","template":"","meta":[],"product_brand":[],"product_cat":[26],"product_tag":[],"class_list":{"0":"post-447","1":"product","2":"type-product","3":"status-publish","4":"has-post-thumbnail","6":"product_cat-tower-crane-list","8":"first","9":"instock","10":"featured","11":"shipping-taxable","12":"product-type-simple"},"_links":{"self":[{"href":"https:\/\/www.soaogroup.com\/fr\/wp-json\/wp\/v2\/product\/447","targetHints":{"allow":["GET"]}}],"collection":[{"href":"https:\/\/www.soaogroup.com\/fr\/wp-json\/wp\/v2\/product"}],"about":[{"href":"https:\/\/www.soaogroup.com\/fr\/wp-json\/wp\/v2\/types\/product"}],"replies":[{"embeddable":true,"href":"https:\/\/www.soaogroup.com\/fr\/wp-json\/wp\/v2\/comments?post=447"}],"wp:featuredmedia":[{"embeddable":true,"href":"https:\/\/www.soaogroup.com\/fr\/wp-json\/wp\/v2\/media\/5862"}],"wp:attachment":[{"href":"https:\/\/www.soaogroup.com\/fr\/wp-json\/wp\/v2\/media?parent=447"}],"wp:term":[{"taxonomy":"product_brand","embeddable":true,"href":"https:\/\/www.soaogroup.com\/fr\/wp-json\/wp\/v2\/product_brand?post=447"},{"taxonomy":"product_cat","embeddable":true,"href":"https:\/\/www.soaogroup.com\/fr\/wp-json\/wp\/v2\/product_cat?post=447"},{"taxonomy":"product_tag","embeddable":true,"href":"https:\/\/www.soaogroup.com\/fr\/wp-json\/wp\/v2\/product_tag?post=447"}],"curies":[{"name":"wp","href":"https:\/\/api.w.org\/{rel}","templated":true}]}}