{"id":3216,"date":"2025-02-10T16:01:45","date_gmt":"2025-02-10T08:01:45","guid":{"rendered":"https:\/\/www.soaogroup.com\/?post_type=product&#038;p=3216"},"modified":"2025-08-22T11:28:09","modified_gmt":"2025-08-22T03:28:09","slug":"crawler-scissor-lift","status":"publish","type":"product","link":"https:\/\/www.soaogroup.com\/fr\/produit\/crawler-scissor-lift\/","title":{"rendered":"Crawler Scissor Lift"},"content":{"rendered":"<h2>\u00a0D\u00e9tails du produit :<\/h2>\n<table class=\"tg\" style=\"border-collapse: collapse; border-spacing: 0;\">\n<thead>\n<tr>\n<th style=\"background-color: #f56b00; color: #ffffff; font-family: Arial, sans-serif; font-size: 14px; font-weight: bold; overflow: hidden; padding: 10px 5px; text-align: center; vertical-align: middle; word-break: normal; border: 1px solid #000000;\">Mod\u00e8le<\/th>\n<th style=\"background-color: #f56b00; color: #ffffff; font-family: Arial, sans-serif; font-size: 14px; font-weight: bold; overflow: hidden; padding: 10px 5px; text-align: center; vertical-align: middle; word-break: normal; border: 1px solid #000000;\">Taille de la table \/m<\/th>\n<th style=\"background-color: #f56b00; color: #ffffff; font-family: Arial, sans-serif; font-size: 14px; font-weight: bold; overflow: hidden; padding: 10px 5px; text-align: center; vertical-align: middle; word-break: normal; border: 1px solid #000000;\">Charge \/kg<\/th>\n<th style=\"background-color: #f56b00; color: #ffffff; font-family: Arial, sans-serif; font-size: 14px; font-weight: bold; overflow: hidden; padding: 10px 5px; text-align: center; vertical-align: middle; word-break: normal; border: 1px solid #000000;\">Augmentation nette \/m<\/th>\n<th style=\"background-color: #f56b00; color: #ffffff; font-family: Arial, sans-serif; font-size: 14px; font-weight: bold; overflow: hidden; padding: 10px 5px; text-align: center; vertical-align: middle; word-break: normal; border: 1px solid #000000;\">Dimensions hors tout \/m<\/th>\n<th style=\"background-color: #f56b00; color: #ffffff; font-family: Arial, sans-serif; font-size: 14px; font-weight: bold; overflow: hidden; padding: 10px 5px; text-align: center; vertical-align: middle; word-break: normal; border: 1px solid #000000;\">Poids \/kg<\/th>\n<\/tr>\n<\/thead>\n<tbody>\n<tr>\n<td style=\"background-color: #c0c0c0; color: #ffffff; font-family: Arial, sans-serif; font-size: 14px; font-weight: bold; overflow: hidden; padding: 10px 5px; text-align: center; vertical-align: middle; word-break: normal; border: 1px solid #000000;\">YJPTO6<\/td>\n<td style=\"font-family: Arial, sans-serif; font-size: 14px; overflow: hidden; padding: 10px 5px; text-align: center; vertical-align: middle; word-break: normal; border: 1px solid #000000;\">2.3 * 1.14<\/td>\n<td style=\"font-family: Arial, sans-serif; font-size: 14px; overflow: hidden; padding: 10px 5px; text-align: center; vertical-align: middle; word-break: normal; border: 1px solid #000000;\">450<\/td>\n<td style=\"font-family: Arial, sans-serif; font-size: 14px; overflow: hidden; padding: 10px 5px; text-align: center; vertical-align: middle; word-break: normal; border: 1px solid #000000;\">6<\/td>\n<td style=\"font-family: Arial, sans-serif; font-size: 14px; overflow: hidden; padding: 10px 5px; text-align: center; vertical-align: middle; word-break: normal; border: 1px solid #000000;\">2.46 * 1.18 * 2.24<\/td>\n<td style=\"font-family: Arial, sans-serif; font-size: 14px; overflow: hidden; padding: 10px 5px; text-align: center; vertical-align: middle; word-break: normal; border: 1px solid #000000;\">1900<\/td>\n<\/tr>\n<tr>\n<td style=\"background-color: #c0c0c0; color: #ffffff; font-family: Arial, sans-serif; font-size: 14px; font-weight: bold; overflow: hidden; padding: 10px 5px; text-align: center; vertical-align: middle; word-break: normal; border: 1px solid #000000;\">YJJPTO8<\/td>\n<td style=\"font-family: Arial, sans-serif; font-size: 14px; overflow: hidden; padding: 10px 5px; text-align: center; vertical-align: middle; word-break: normal; border: 1px solid #000000;\">2.3 * 1.14<\/td>\n<td style=\"font-family: Arial, sans-serif; font-size: 14px; overflow: hidden; padding: 10px 5px; text-align: center; vertical-align: middle; word-break: normal; border: 1px solid #000000;\">320<\/td>\n<td style=\"font-family: Arial, sans-serif; font-size: 14px; overflow: hidden; padding: 10px 5px; text-align: center; vertical-align: middle; word-break: normal; border: 1px solid #000000;\">8<\/td>\n<td style=\"font-family: Arial, sans-serif; font-size: 14px; overflow: hidden; padding: 10px 5px; text-align: center; vertical-align: middle; word-break: normal; border: 1px solid #000000;\">2.46 * 1.18 * 2.36<\/td>\n<td style=\"font-family: Arial, sans-serif; font-size: 14px; overflow: hidden; padding: 10px 5px; text-align: center; vertical-align: middle; word-break: normal; border: 1px solid #000000;\">2400<\/td>\n<\/tr>\n<tr>\n<td style=\"background-color: #c0c0c0; color: #ffffff; font-family: Arial, sans-serif; font-size: 14px; font-weight: bold; overflow: hidden; padding: 10px 5px; text-align: center; vertical-align: middle; word-break: normal; border: 1px solid #000000;\">YJPT10<\/td>\n<td style=\"font-family: Arial, sans-serif; font-size: 14px; overflow: hidden; padding: 10px 5px; text-align: center; vertical-align: middle; word-break: normal; border: 1px solid #000000;\">2.3 * 1.14<\/td>\n<td style=\"font-family: Arial, sans-serif; font-size: 14px; overflow: hidden; padding: 10px 5px; text-align: center; vertical-align: middle; word-break: normal; border: 1px solid #000000;\">320<\/td>\n<td style=\"font-family: Arial, sans-serif; font-size: 14px; overflow: hidden; padding: 10px 5px; text-align: center; vertical-align: middle; word-break: normal; border: 1px solid #000000;\">10<\/td>\n<td style=\"font-family: Arial, sans-serif; font-size: 14px; overflow: hidden; padding: 10px 5px; text-align: center; vertical-align: middle; word-break: normal; border: 1px solid #000000;\">2.46 * 1.18 * 2.48<\/td>\n<td style=\"font-family: Arial, sans-serif; font-size: 14px; overflow: hidden; padding: 10px 5px; text-align: center; vertical-align: middle; word-break: normal; border: 1px solid #000000;\">2700<\/td>\n<\/tr>\n<tr>\n<td style=\"background-color: #c0c0c0; color: #ffffff; font-family: Arial, sans-serif; font-size: 14px; font-weight: bold; overflow: hidden; padding: 10px 5px; text-align: center; vertical-align: middle; word-break: normal; border: 1px solid #000000;\">YJPT12<\/td>\n<td style=\"font-family: Arial, sans-serif; font-size: 14px; overflow: hidden; padding: 10px 5px; text-align: center; vertical-align: middle; word-break: normal; border: 1px solid #000000;\">2,3 * 1,14)<\/td>\n<td style=\"font-family: Arial, sans-serif; font-size: 14px; overflow: hidden; padding: 10px 5px; text-align: center; vertical-align: middle; word-break: normal; border: 1px solid #000000;\">320<\/td>\n<td style=\"font-family: Arial, sans-serif; font-size: 14px; overflow: hidden; padding: 10px 5px; text-align: center; vertical-align: middle; word-break: normal; border: 1px solid #000000;\">12<\/td>\n<td style=\"font-family: Arial, sans-serif; font-size: 14px; overflow: hidden; padding: 10px 5px; text-align: center; vertical-align: middle; word-break: normal; border: 1px solid #000000;\">2.46 * 1.18 * 2.60<\/td>\n<td style=\"font-family: Arial, sans-serif; font-size: 14px; overflow: hidden; padding: 10px 5px; text-align: center; vertical-align: middle; word-break: normal; border: 1px solid #000000;\">2860<\/td>\n<\/tr>\n<tr>\n<td style=\"background-color: #c0c0c0; color: #ffffff; font-family: Arial, sans-serif; font-size: 14px; font-weight: bold; overflow: hidden; padding: 10px 5px; text-align: center; vertical-align: middle; word-break: normal; border: 1px solid #000000;\">YJPT14<\/td>\n<td style=\"font-family: Arial, sans-serif; font-size: 14px; overflow: hidden; padding: 10px 5px; text-align: center; vertical-align: middle; word-break: normal; border: 1px solid #000000;\">2.7 * 1.14<\/td>\n<td style=\"font-family: Arial, sans-serif; font-size: 14px; overflow: hidden; padding: 10px 5px; text-align: center; vertical-align: middle; word-break: normal; border: 1px solid #000000;\">300<\/td>\n<td style=\"font-family: Arial, sans-serif; font-size: 14px; overflow: hidden; padding: 10px 5px; text-align: center; vertical-align: middle; word-break: normal; border: 1px solid #000000;\">14<\/td>\n<td style=\"font-family: Arial, sans-serif; font-size: 14px; overflow: hidden; padding: 10px 5px; text-align: center; vertical-align: middle; word-break: normal; border: 1px solid #000000;\">2.86 * 1.28 * 2.64<\/td>\n<td style=\"font-family: Arial, sans-serif; font-size: 14px; overflow: hidden; padding: 10px 5px; text-align: center; vertical-align: middle; word-break: normal; border: 1px solid #000000;\">3400<\/td>\n<\/tr>\n<\/tbody>\n<\/table>\n<table class=\"tg\" style=\"border-collapse: collapse; border-spacing: 0;\">\n<thead>\n<tr>\n<th style=\"background-color: #f56b00; color: #ffffff; font-family: Arial, sans-serif; font-size: 14px; font-weight: bold; overflow: hidden; padding: 10px 5px; text-align: center; vertical-align: middle; word-break: normal; border: 1px solid #000000;\">Mod\u00e8le<\/th>\n<th style=\"background-color: #f56b00; color: #ffffff; font-family: Arial, sans-serif; font-size: 14px; font-weight: bold; overflow: hidden; padding: 10px 5px; text-align: center; vertical-align: middle; word-break: normal; border: 1px solid #000000;\">Taille de la table \/m<\/th>\n<th style=\"background-color: #f56b00; color: #ffffff; font-family: Arial, sans-serif; font-size: 14px; font-weight: bold; overflow: hidden; padding: 10px 5px; text-align: center; vertical-align: middle; word-break: normal; border: 1px solid #000000;\">Charge \/kg<\/th>\n<th style=\"background-color: #f56b00; color: #ffffff; font-family: Arial, sans-serif; font-size: 14px; font-weight: bold; overflow: hidden; padding: 10px 5px; text-align: center; vertical-align: middle; word-break: normal; border: 1px solid #000000;\">Augmentation nette \/m<\/th>\n<th style=\"background-color: #f56b00; color: #ffffff; font-family: Arial, sans-serif; font-size: 14px; font-weight: bold; overflow: hidden; padding: 10px 5px; text-align: center; vertical-align: middle; word-break: normal; border: 1px solid #000000;\">Dimensions hors tout \/m<\/th>\n<th style=\"background-color: #f56b00; color: #ffffff; font-family: Arial, sans-serif; font-size: 14px; font-weight: bold; overflow: hidden; padding: 10px 5px; text-align: center; vertical-align: middle; word-break: normal; border: 1px solid #000000;\">Poids \/kg<\/th>\n<\/tr>\n<\/thead>\n<tbody>\n<tr>\n<td style=\"background-color: #c0c0c0; color: #ffffff; font-family: Arial, sans-serif; font-size: 14px; font-weight: bold; overflow: hidden; padding: 10px 5px; text-align: center; vertical-align: middle; word-break: normal; border: 1px solid #000000;\">YJPTO6<\/td>\n<td style=\"font-family: Arial, sans-serif; font-size: 14px; overflow: hidden; padding: 10px 5px; text-align: center; vertical-align: middle; word-break: normal; border: 1px solid #000000;\">2.3 * 1.14<\/td>\n<td style=\"font-family: Arial, sans-serif; font-size: 14px; overflow: hidden; padding: 10px 5px; text-align: center; vertical-align: middle; word-break: normal; border: 1px solid #000000;\">450<\/td>\n<td style=\"font-family: Arial, sans-serif; font-size: 14px; overflow: hidden; padding: 10px 5px; text-align: center; vertical-align: middle; word-break: normal; border: 1px solid #000000;\">6<\/td>\n<td style=\"font-family: Arial, sans-serif; font-size: 14px; overflow: hidden; padding: 10px 5px; text-align: center; vertical-align: middle; word-break: normal; border: 1px solid #000000;\">2.46 * 1.18 * 2.24<\/td>\n<td style=\"font-family: Arial, sans-serif; font-size: 14px; overflow: hidden; padding: 10px 5px; text-align: center; vertical-align: middle; word-break: normal; border: 1px solid #000000;\">1900<\/td>\n<\/tr>\n<tr>\n<td style=\"background-color: #c0c0c0; color: #ffffff; font-family: Arial, sans-serif; font-size: 14px; font-weight: bold; overflow: hidden; padding: 10px 5px; text-align: center; vertical-align: middle; word-break: normal; border: 1px solid #000000;\">YJJPTO8<\/td>\n<td style=\"font-family: Arial, sans-serif; font-size: 14px; overflow: hidden; padding: 10px 5px; text-align: center; vertical-align: middle; word-break: normal; border: 1px solid #000000;\">2.3 * 1.14<\/td>\n<td style=\"font-family: Arial, sans-serif; font-size: 14px; overflow: hidden; padding: 10px 5px; text-align: center; vertical-align: middle; word-break: normal; border: 1px solid #000000;\">320<\/td>\n<td style=\"font-family: Arial, sans-serif; font-size: 14px; overflow: hidden; padding: 10px 5px; text-align: center; vertical-align: middle; word-break: normal; border: 1px solid #000000;\">8<\/td>\n<td style=\"font-family: Arial, sans-serif; font-size: 14px; overflow: hidden; padding: 10px 5px; text-align: center; vertical-align: middle; word-break: normal; border: 1px solid #000000;\">2.46 * 1.18 * 2.36<\/td>\n<td style=\"font-family: Arial, sans-serif; font-size: 14px; overflow: hidden; padding: 10px 5px; text-align: center; vertical-align: middle; word-break: normal; border: 1px solid #000000;\">2400<\/td>\n<\/tr>\n<tr>\n<td style=\"background-color: #c0c0c0; color: #ffffff; font-family: Arial, sans-serif; font-size: 14px; font-weight: bold; overflow: hidden; padding: 10px 5px; text-align: center; vertical-align: middle; word-break: normal; border: 1px solid #000000;\">YJPT10<\/td>\n<td style=\"font-family: Arial, sans-serif; font-size: 14px; overflow: hidden; padding: 10px 5px; text-align: center; vertical-align: middle; word-break: normal; border: 1px solid #000000;\">2.3 * 1.14<\/td>\n<td style=\"font-family: Arial, sans-serif; font-size: 14px; overflow: hidden; padding: 10px 5px; text-align: center; vertical-align: middle; word-break: normal; border: 1px solid #000000;\">320<\/td>\n<td style=\"font-family: Arial, sans-serif; font-size: 14px; overflow: hidden; padding: 10px 5px; text-align: center; vertical-align: middle; word-break: normal; border: 1px solid #000000;\">10<\/td>\n<td style=\"font-family: Arial, sans-serif; font-size: 14px; overflow: hidden; padding: 10px 5px; text-align: center; vertical-align: middle; word-break: normal; border: 1px solid #000000;\">2.46 * 1.18 * 2.48<\/td>\n<td style=\"font-family: Arial, sans-serif; font-size: 14px; overflow: hidden; padding: 10px 5px; text-align: center; vertical-align: middle; word-break: normal; border: 1px solid #000000;\">2700<\/td>\n<\/tr>\n<tr>\n<td style=\"background-color: #c0c0c0; color: #ffffff; font-family: Arial, sans-serif; font-size: 14px; font-weight: bold; overflow: hidden; padding: 10px 5px; text-align: center; vertical-align: middle; word-break: normal; border: 1px solid #000000;\">YJPT12<\/td>\n<td style=\"font-family: Arial, sans-serif; font-size: 14px; overflow: hidden; padding: 10px 5px; text-align: center; vertical-align: middle; word-break: normal; border: 1px solid #000000;\">2,3 * 1,14)<\/td>\n<td style=\"font-family: Arial, sans-serif; font-size: 14px; overflow: hidden; padding: 10px 5px; text-align: center; vertical-align: middle; word-break: normal; border: 1px solid #000000;\">320<\/td>\n<td style=\"font-family: Arial, sans-serif; font-size: 14px; overflow: hidden; padding: 10px 5px; text-align: center; vertical-align: middle; word-break: normal; border: 1px solid #000000;\">12<\/td>\n<td style=\"font-family: Arial, sans-serif; font-size: 14px; overflow: hidden; padding: 10px 5px; text-align: center; vertical-align: middle; word-break: normal; border: 1px solid #000000;\">2.46 * 1.18 * 2.60<\/td>\n<td style=\"font-family: Arial, sans-serif; font-size: 14px; overflow: hidden; padding: 10px 5px; text-align: center; vertical-align: middle; word-break: normal; border: 1px solid #000000;\">2860<\/td>\n<\/tr>\n<tr>\n<td style=\"background-color: #c0c0c0; color: #ffffff; font-family: Arial, sans-serif; font-size: 14px; font-weight: bold; overflow: hidden; padding: 10px 5px; text-align: center; vertical-align: middle; word-break: normal; border: 1px solid #000000;\">YJPT14<\/td>\n<td style=\"font-family: Arial, sans-serif; font-size: 14px; overflow: hidden; padding: 10px 5px; text-align: center; vertical-align: middle; word-break: normal; border: 1px solid #000000;\">2.7 * 1.14<\/td>\n<td style=\"font-family: Arial, sans-serif; font-size: 14px; overflow: hidden; padding: 10px 5px; text-align: center; vertical-align: middle; word-break: normal; border: 1px solid #000000;\">300<\/td>\n<td style=\"font-family: Arial, sans-serif; font-size: 14px; overflow: hidden; padding: 10px 5px; text-align: center; vertical-align: middle; word-break: normal; border: 1px solid #000000;\">14<\/td>\n<td style=\"font-family: Arial, sans-serif; font-size: 14px; overflow: hidden; padding: 10px 5px; text-align: center; vertical-align: middle; word-break: normal; border: 1px solid #000000;\">2.86 * 1.28 * 2.64<\/td>\n<td style=\"font-family: Arial, sans-serif; font-size: 14px; overflow: hidden; padding: 10px 5px; text-align: center; vertical-align: middle; word-break: normal; border: 1px solid #000000;\">3400<\/td>\n<\/tr>\n<\/tbody>\n<\/table>\n<p>&nbsp;<\/p>\n<h2><\/h2>\n<h2><img fetchpriority=\"high\" decoding=\"async\" class=\"alignnone size-full wp-image-3217\" src=\"https:\/\/www.soaogroup.com\/wp-content\/uploads\/2025\/02\/pin-2_\u55e8\u683c\u5f0f\u538b\u7f29\u526f\u672c_\u7ed3\u679c.webp\" alt=\"\" width=\"1500\" height=\"500\" srcset=\"https:\/\/www.soaogroup.com\/wp-content\/uploads\/2025\/02\/pin-2_\u55e8\u683c\u5f0f\u538b\u7f29\u526f\u672c_\u7ed3\u679c.webp 1500w, https:\/\/www.soaogroup.com\/wp-content\/uploads\/2025\/02\/pin-2_\u55e8\u683c\u5f0f\u538b\u7f29\u526f\u672c_\u7ed3\u679c-300x100.webp 300w, https:\/\/www.soaogroup.com\/wp-content\/uploads\/2025\/02\/pin-2_\u55e8\u683c\u5f0f\u538b\u7f29\u526f\u672c_\u7ed3\u679c-1024x341.webp 1024w, https:\/\/www.soaogroup.com\/wp-content\/uploads\/2025\/02\/pin-2_\u55e8\u683c\u5f0f\u538b\u7f29\u526f\u672c_\u7ed3\u679c-768x256.webp 768w, https:\/\/www.soaogroup.com\/wp-content\/uploads\/2025\/02\/pin-2_\u55e8\u683c\u5f0f\u538b\u7f29\u526f\u672c_\u7ed3\u679c-18x6.webp 18w, https:\/\/www.soaogroup.com\/wp-content\/uploads\/2025\/02\/pin-2_\u55e8\u683c\u5f0f\u538b\u7f29\u526f\u672c_\u7ed3\u679c-600x200.webp 600w\" sizes=\"(max-width: 1500px) 100vw, 1500px\" \/>Caract\u00e9ristiques du produit :<\/h2>\n<h3>Mobilit\u00e9 p\u00e9destre et adaptabilit\u00e9 au terrain<\/h3>\n<h4>Excellentes performances tout-terrain :<\/h4>\n<p>Le m\u00e9canisme de marche de type chenille lui permet de s&#039;adapter \u00e0 divers terrains complexes, tels que les routes de montagne accident\u00e9es, les sols boueux, le sable, etc. Par rapport aux \u00e9l\u00e9vateurs \u00e0 roues, il ne s&#039;enfonce pas facilement dans un sol meuble et peut se d\u00e9placer librement dans des environnements ext\u00e9rieurs relativement difficiles pour atteindre des chantiers difficiles \u00e0 atteindre pour d&#039;autres \u00e9quipements.<\/p>\n<h4>Direction flexible :<\/h4>\n<p>Les \u00e9l\u00e9vateurs \u00e0 chenilles adoptent g\u00e9n\u00e9ralement une direction diff\u00e9rentielle ou une direction articul\u00e9e, avec un petit rayon de braquage, peuvent tourner de mani\u00e8re flexible dans un espace \u00e9troit et sont faciles \u00e0 utiliser dans une zone de travail limit\u00e9e, ce qui am\u00e9liore la flexibilit\u00e9 et l&#039;efficacit\u00e9 du travail.<\/p>\n<h3>S\u00e9curit\u00e9 et fiabilit\u00e9 op\u00e9rationnelle<\/h3>\n<h4>Excellentes performances antid\u00e9rapantes :<\/h4>\n<p>Les motifs ou textures sur la surface de la chenille peuvent assurer une bonne friction et peuvent efficacement emp\u00eacher le glissement sur un sol glissant et inclin\u00e9, garantissant la stabilit\u00e9 et la s\u00e9curit\u00e9 de l&#039;\u00e9quipement pendant la marche et le fonctionnement.<\/p>\n<h4>Bon effet d&#039;amortissement et d&#039;absorption des chocs :<\/h4>\n<p>La chenille elle-m\u00eame a une certaine \u00e9lasticit\u00e9 et des performances d&#039;amortissement, qui peuvent absorber les vibrations et les impacts g\u00e9n\u00e9r\u00e9s pendant la conduite, r\u00e9duire l&#039;impact sur l&#039;\u00e9quipement lui-m\u00eame et l&#039;op\u00e9rateur, r\u00e9duire l&#039;incidence des d\u00e9faillances de l&#039;\u00e9quipement et am\u00e9liorer la fiabilit\u00e9 et la dur\u00e9e de vie de l&#039;\u00e9quipement.<\/p>\n<h3>Multifonction et personnalisation<\/h3>\n<h4>Peut transporter une vari\u00e9t\u00e9 d&#039;accessoires :<\/h4>\n<p>Les \u00e9l\u00e9vateurs \u00e0 chenilles peuvent \u00eatre \u00e9quip\u00e9s de divers accessoires et outils en fonction des diff\u00e9rentes exigences de fonctionnement, tels que des plates-formes de travail, des bras de levage, des paniers suspendus, etc., pour r\u00e9aliser une vari\u00e9t\u00e9 de fonctions, telles que les op\u00e9rations a\u00e9riennes, le levage de mat\u00e9riaux, le sauvetage du personnel, etc., pour r\u00e9pondre aux besoins particuliers de diff\u00e9rentes industries et utilisateurs.<\/p>\n<h4>Haut degr\u00e9 de personnalisation :<\/h4>\n<p>En raison de ses sc\u00e9narios d&#039;application larges et complexes, les \u00e9l\u00e9vateurs \u00e0 chenilles peuvent \u00eatre personnalis\u00e9s en fonction des exigences sp\u00e9cifiques des utilisateurs, telles que la modification de la largeur, de la longueur, du pas de la chenille, le r\u00e9glage de la taille, de la forme et de la capacit\u00e9 de charge de la plate-forme, etc., pour s&#039;adapter \u00e0 diff\u00e9rents environnements de travail et t\u00e2ches d&#039;exploitation.<\/p>\n<h2><img decoding=\"async\" class=\"alignnone size-full wp-image-3218\" src=\"https:\/\/www.soaogroup.com\/wp-content\/uploads\/2025\/02\/1_\u55e8\u683c\u5f0f\u538b\u7f29\u526f\u672c_\u7ed3\u679c.webp\" alt=\"\" width=\"1500\" height=\"500\" srcset=\"https:\/\/www.soaogroup.com\/wp-content\/uploads\/2025\/02\/1_\u55e8\u683c\u5f0f\u538b\u7f29\u526f\u672c_\u7ed3\u679c.webp 1500w, https:\/\/www.soaogroup.com\/wp-content\/uploads\/2025\/02\/1_\u55e8\u683c\u5f0f\u538b\u7f29\u526f\u672c_\u7ed3\u679c-300x100.webp 300w, https:\/\/www.soaogroup.com\/wp-content\/uploads\/2025\/02\/1_\u55e8\u683c\u5f0f\u538b\u7f29\u526f\u672c_\u7ed3\u679c-1024x341.webp 1024w, https:\/\/www.soaogroup.com\/wp-content\/uploads\/2025\/02\/1_\u55e8\u683c\u5f0f\u538b\u7f29\u526f\u672c_\u7ed3\u679c-768x256.webp 768w, https:\/\/www.soaogroup.com\/wp-content\/uploads\/2025\/02\/1_\u55e8\u683c\u5f0f\u538b\u7f29\u526f\u672c_\u7ed3\u679c-18x6.webp 18w, https:\/\/www.soaogroup.com\/wp-content\/uploads\/2025\/02\/1_\u55e8\u683c\u5f0f\u538b\u7f29\u526f\u672c_\u7ed3\u679c-600x200.webp 600w\" sizes=\"(max-width: 1500px) 100vw, 1500px\" \/>Application:<\/h2>\n<div>Les \u00e9l\u00e9vateurs \u00e0 chenilles se distinguent dans de nombreux domaines gr\u00e2ce \u00e0 leurs caract\u00e9ristiques exceptionnelles. Dans la construction \u00e9lectrique dans les r\u00e9gions montagneuses recul\u00e9es, ils peuvent atteindre le chantier le long de routes de montagne accident\u00e9es pour aider les ouvriers \u00e0 installer des poteaux \u00e9lectriques et \u00e0 inspecter les lignes ; lors de l&#039;entretien des routes en planches dans les zones pittoresques, ils peuvent facilement traverser des terrains complexes et livrer le personnel et les outils d&#039;entretien aux emplacements d\u00e9sign\u00e9s pour assurer la s\u00e9curit\u00e9 des touristes ; dans la r\u00e9novation des anciennes communaut\u00e9s urbaines, ils peuvent r\u00e9sister aux espaces \u00e9troits et tourner de mani\u00e8re flexible pour permettre aux ouvriers d&#039;effectuer efficacement les r\u00e9novations des murs ext\u00e9rieurs et les remplacements de fen\u00eatres, r\u00e9solvant ainsi le probl\u00e8me de la difficult\u00e9 d&#039;utilisation des gros \u00e9quipements et aidant efficacement les op\u00e9rations dans divers environnements complexes.<\/div>","protected":false},"excerpt":{"rendered":"<div>Crawler scissor lift is a special lifting equipment, also called self-propelled scissor lift, which uses crawler as the walking mechanism and can move stably on complex terrain. It has a low center of gravity, strong load-bearing capacity, flexible steering, and is equipped with a hydraulic or electric lifting system, which can safely and efficiently lift people and goods to high places. It is widely used in field construction and complex terrain operations, greatly improving work efficiency and safety.<\/div>\n<div><\/div>\n<div>\n<hr \/>\n<\/div>\n<p><img decoding=\"async\" class=\"alignnone wp-image-257\" src=\"https:\/\/www.soaogroup.com\/wp-content\/uploads\/2025\/02\/\u672a\u6807\u9898-2.jpg\" alt=\"\" width=\"48\" height=\"50\" \/>\u00a0 WhatsApp :<a href=\"https:\/\/api.whatsapp.com\/send?phone=8613395319660\" target=\"_blank\" rel=\"noopener\">\u00a0+8613395319660 <\/a><\/p>\n<div>\n<hr \/>\n<\/div>\n<p><img loading=\"lazy\" decoding=\"async\" class=\"alignnone wp-image-258\" src=\"https:\/\/www.soaogroup.com\/wp-content\/uploads\/2025\/02\/emaillogoblue.jpg\" alt=\"\" width=\"48\" height=\"55\" \/>\u00a0\u00a0E-mail : <a href=\"mailto:sales@sdsoao.com\" target=\"_blank\" rel=\"noopener\">\u00a0sales@sdsoao.com<\/a><\/p>\n<div>\n<hr \/>\n<\/div>\n<h3><\/h3>\n<div><\/div>","protected":false},"featured_media":3222,"comment_status":"closed","ping_status":"closed","template":"","meta":[],"product_brand":[],"product_cat":[62],"product_tag":[],"class_list":{"0":"post-3216","1":"product","2":"type-product","3":"status-publish","4":"has-post-thumbnail","6":"product_cat-scissor-lift-platform","8":"first","9":"instock","10":"shipping-taxable","11":"product-type-simple"},"_links":{"self":[{"href":"https:\/\/www.soaogroup.com\/fr\/wp-json\/wp\/v2\/product\/3216","targetHints":{"allow":["GET"]}}],"collection":[{"href":"https:\/\/www.soaogroup.com\/fr\/wp-json\/wp\/v2\/product"}],"about":[{"href":"https:\/\/www.soaogroup.com\/fr\/wp-json\/wp\/v2\/types\/product"}],"replies":[{"embeddable":true,"href":"https:\/\/www.soaogroup.com\/fr\/wp-json\/wp\/v2\/comments?post=3216"}],"wp:featuredmedia":[{"embeddable":true,"href":"https:\/\/www.soaogroup.com\/fr\/wp-json\/wp\/v2\/media\/3222"}],"wp:attachment":[{"href":"https:\/\/www.soaogroup.com\/fr\/wp-json\/wp\/v2\/media?parent=3216"}],"wp:term":[{"taxonomy":"product_brand","embeddable":true,"href":"https:\/\/www.soaogroup.com\/fr\/wp-json\/wp\/v2\/product_brand?post=3216"},{"taxonomy":"product_cat","embeddable":true,"href":"https:\/\/www.soaogroup.com\/fr\/wp-json\/wp\/v2\/product_cat?post=3216"},{"taxonomy":"product_tag","embeddable":true,"href":"https:\/\/www.soaogroup.com\/fr\/wp-json\/wp\/v2\/product_tag?post=3216"}],"curies":[{"name":"wp","href":"https:\/\/api.w.org\/{rel}","templated":true}]}}