{"id":281,"date":"2025-01-14T17:12:02","date_gmt":"2025-01-14T09:12:02","guid":{"rendered":"https:\/\/www.soaogroup.com\/?post_type=product&#038;p=281"},"modified":"2025-04-24T16:08:05","modified_gmt":"2025-04-24T08:08:05","slug":"33t-crawler-excavator-se330","status":"publish","type":"product","link":"https:\/\/www.soaogroup.com\/fr\/produit\/33t-crawler-excavator-se330\/","title":{"rendered":"Pelle sur chenilles 33t SE330"},"content":{"rendered":"<h2>D\u00e9tails du produit :<\/h2>\n<table>\n<tbody>\n<tr>\n<td colspan=\"2\" width=\"437\"><strong><b>Caract\u00e9ristiques<\/b><\/strong><\/td>\n<\/tr>\n<tr>\n<td width=\"243\">Mod\u00e8le<\/td>\n<td width=\"194\">Pelle sur chenilles SE330<\/td>\n<\/tr>\n<tr>\n<td width=\"243\">Poids en ordre de marche<\/td>\n<td width=\"194\">33 000 kg<\/td>\n<\/tr>\n<tr>\n<td width=\"243\">Capacit\u00e9 du godet<\/td>\n<td width=\"194\">1,6 m\u00b3<\/td>\n<\/tr>\n<tr>\n<td width=\"243\">Vitesse de swing<\/td>\n<td width=\"194\">0-11 tr\/min<\/td>\n<\/tr>\n<tr>\n<td width=\"243\">Aptitude \u00e0 la pente<\/td>\n<td width=\"194\">35\u00b0<\/td>\n<\/tr>\n<tr>\n<td width=\"243\">Mod\u00e8le de moteur<\/td>\n<td width=\"194\">6CTA8.3<\/td>\n<\/tr>\n<tr>\n<td width=\"243\">Puissance\/vitesse de rotation<\/td>\n<td width=\"194\">194\/2200 kW\/tr\/min<\/td>\n<\/tr>\n<tr>\n<td colspan=\"2\" width=\"437\"><strong><b>Taille de la machine<\/b><\/strong><\/td>\n<\/tr>\n<tr>\n<td width=\"243\">Dimensions (L x l x H)<\/td>\n<td width=\"194\">11015X3200X3168 mm<\/td>\n<\/tr>\n<tr>\n<td width=\"243\">Hauteur de la cabine<\/td>\n<td width=\"194\">3168 mm<\/td>\n<\/tr>\n<tr>\n<td width=\"243\">Base d&#039;essieu<\/td>\n<td width=\"194\">3800 mm<\/td>\n<\/tr>\n<tr>\n<td width=\"243\">Distance de roue (piste)<\/td>\n<td width=\"194\">2590 mm<\/td>\n<\/tr>\n<tr>\n<td width=\"243\">Garde au sol minimale<\/td>\n<td width=\"194\">470 mm<\/td>\n<\/tr>\n<tr>\n<td width=\"243\">Rayon de rotation de la queue<\/td>\n<td width=\"194\">3480 mm<\/td>\n<\/tr>\n<tr>\n<td colspan=\"2\" width=\"437\"><strong><b>Plage de travail<\/b><\/strong><\/td>\n<\/tr>\n<tr>\n<td width=\"243\">Hauteur de creusement max.<\/td>\n<td width=\"194\">10491 mm<\/td>\n<\/tr>\n<tr>\n<td width=\"243\">Hauteur de d\u00e9versement maximale<\/td>\n<td width=\"194\">7625 mm<\/td>\n<\/tr>\n<tr>\n<td width=\"243\">Profondeur de creusement maximale<\/td>\n<td width=\"194\">6437 mm<\/td>\n<\/tr>\n<tr>\n<td width=\"243\">Profondeur de creusement verticale maximale<\/td>\n<td width=\"194\">5831 mm<\/td>\n<\/tr>\n<tr>\n<td width=\"243\">Rayon de creusement max.<\/td>\n<td width=\"194\">10709 mm<\/td>\n<\/tr>\n<tr>\n<td width=\"243\">Rayon de rotation minimal<\/td>\n<td width=\"194\">3643 mm<\/td>\n<\/tr>\n<\/tbody>\n<\/table>\n<h2><img fetchpriority=\"high\" decoding=\"async\" class=\"alignnone size-full wp-image-5753 aligncenter\" src=\"https:\/\/www.soaogroup.com\/wp-content\/uploads\/2025\/01\/SE330-design-1.jpg\" alt=\"\" width=\"1091\" height=\"437\" srcset=\"https:\/\/www.soaogroup.com\/wp-content\/uploads\/2025\/01\/SE330-design-1.jpg 1091w, https:\/\/www.soaogroup.com\/wp-content\/uploads\/2025\/01\/SE330-design-1-300x120.jpg 300w, https:\/\/www.soaogroup.com\/wp-content\/uploads\/2025\/01\/SE330-design-1-1024x410.jpg 1024w, https:\/\/www.soaogroup.com\/wp-content\/uploads\/2025\/01\/SE330-design-1-768x308.jpg 768w, https:\/\/www.soaogroup.com\/wp-content\/uploads\/2025\/01\/SE330-design-1-18x7.jpg 18w, https:\/\/www.soaogroup.com\/wp-content\/uploads\/2025\/01\/SE330-design-1-600x240.jpg 600w\" sizes=\"(max-width: 1091px) 100vw, 1091px\" \/> <img decoding=\"async\" class=\"alignnone size-full wp-image-5754 aligncenter\" src=\"https:\/\/www.soaogroup.com\/wp-content\/uploads\/2025\/01\/SE330-design-2.jpg\" alt=\"\" width=\"691\" height=\"797\" srcset=\"https:\/\/www.soaogroup.com\/wp-content\/uploads\/2025\/01\/SE330-design-2.jpg 691w, https:\/\/www.soaogroup.com\/wp-content\/uploads\/2025\/01\/SE330-design-2-260x300.jpg 260w, https:\/\/www.soaogroup.com\/wp-content\/uploads\/2025\/01\/SE330-design-2-10x12.jpg 10w, https:\/\/www.soaogroup.com\/wp-content\/uploads\/2025\/01\/SE330-design-2-600x692.jpg 600w\" sizes=\"(max-width: 691px) 100vw, 691px\" \/><\/h2>\n<h2>Caract\u00e9ristiques du produit :<\/h2>\n<p class=\"\" data-start=\"166\" data-end=\"323\"><span class=\"relative -mx-px my-[-0.2rem] rounded px-px py-[0.2rem] transition-colors duration-100 ease-in-out\">Construit avec une fl\u00e8che et un bras renforc\u00e9s, ainsi qu&#039;un train de roulement durable, le SE330 garantit stabilit\u00e9 et long\u00e9vit\u00e9, m\u00eame sous de lourdes charges de travail.<\/span> <span class=\"relative -mx-px my-[-0.2rem] rounded px-px py-[0.2rem] transition-colors duration-100 ease-in-out\">La cabine spacieuse et ergonomique offre une visibilit\u00e9 et un confort am\u00e9lior\u00e9s, r\u00e9duisant ainsi la fatigue de l&#039;op\u00e9rateur lors d&#039;op\u00e9rations prolong\u00e9es.<\/span> <span class=\"relative -mx-px my-[-0.2rem] rounded px-px py-[0.2rem] transition-colors duration-100 ease-in-out\">Les caract\u00e9ristiques de s\u00e9curit\u00e9 comprennent une cabine certifi\u00e9e ROPS et FOPS, un verrouillage du niveau d&#039;activation hydraulique et une cam\u00e9ra de recul en option, garantissant un environnement de travail s\u00e9curis\u00e9.<\/span><\/p>\n<p class=\"\" data-start=\"325\" data-end=\"446\"><span class=\"relative -mx-px my-[-0.2rem] rounded px-px py-[0.2rem] transition-colors duration-100 ease-in-out\">Avec une capacit\u00e9 de godet allant de 0,5 \u00e0 1,6 m\u00b3 et une profondeur de creusement maximale de 10 125 mm, le SE330 est id\u00e9al pour les projets de construction, d&#039;exploitation mini\u00e8re et d&#039;infrastructure \u00e0 grande \u00e9chelle.<\/span> <span class=\"relative -mx-px my-[-0.2rem] rounded px-px py-[0.2rem] transition-colors duration-100 ease-in-out\">Sa conception robuste et ses performances fiables en font un atout pr\u00e9cieux pour les professionnels \u00e0 la recherche de productivit\u00e9 et de durabilit\u00e9 sur le chantier.<\/span><\/p>","protected":false},"excerpt":{"rendered":"<h4 class=\"elementor-heading-title elementor-size-default\" style=\"text-align: center; padding-bottom: 30px;\">Pelle sur chenilles 33t SE330<\/h4>\n<div><span class=\"relative -mx-px my-[-0.2rem] rounded px-px py-[0.2rem] transition-colors duration-100 ease-in-out\">La pelle sur chenilles SOAO SE330 de 33 tonnes est une machine robuste con\u00e7ue pour l&#039;excavation et la manutention de mat\u00e9riaux hautes performances dans des environnements exigeants.<\/span> <span class=\"relative -mx-px my-[-0.2rem] rounded px-px py-[0.2rem] transition-colors duration-100 ease-in-out\">Propuls\u00e9 par un robuste moteur turbocompress\u00e9 6 cylindres de 8,3 L d\u00e9livrant 186 kW \u00e0 2 200 tr\/min, il offre une force de creusement et une efficacit\u00e9 op\u00e9rationnelle exceptionnelles.<\/span> <span class=\"relative -mx-px my-[-0.2rem] rounded px-px py-[0.2rem] transition-colors duration-100 ease-in-out\">Le syst\u00e8me avanc\u00e9 de contr\u00f4le du d\u00e9bit n\u00e9gatif \u00e9lectrohydraulique assure un contr\u00f4le pr\u00e9cis et une distribution optimale de la puissance, am\u00e9liorant ainsi la productivit\u00e9 sur le chantier.<\/span><\/div>\n<div><\/div>\n<div>\n<hr \/>\n<\/div>\n<p><img decoding=\"async\" class=\"alignnone wp-image-257\" src=\"https:\/\/www.soaogroup.com\/wp-content\/uploads\/2025\/02\/\u672a\u6807\u9898-2.jpg\" alt=\"\" width=\"48\" height=\"50\" \/>\u00a0 WhatsApp :<a href=\"https:\/\/api.whatsapp.com\/send?phone=8613395319660\" target=\"_blank\" rel=\"noopener\">\u00a0+8613395319660 <\/a><\/p>\n<div>\n<hr \/>\n<\/div>\n<p><img loading=\"lazy\" decoding=\"async\" class=\"alignnone wp-image-258\" src=\"https:\/\/www.soaogroup.com\/wp-content\/uploads\/2025\/02\/emaillogoblue.jpg\" alt=\"\" width=\"48\" height=\"55\" \/>\u00a0\u00a0E-mail : <a href=\"mailto:sales@sdsoao.com\" target=\"_blank\" rel=\"noopener\">\u00a0sales@sdsoao.com<\/a><\/p>\n<div>\n<hr \/>\n<\/div>\n<h3><\/h3>\n<div><\/div>","protected":false},"featured_media":5755,"comment_status":"closed","ping_status":"closed","template":"","meta":[],"product_brand":[],"product_cat":[20,21],"product_tag":[],"class_list":{"0":"post-281","1":"product","2":"type-product","3":"status-publish","4":"has-post-thumbnail","6":"product_cat-excavator","7":"product_cat-large-excavator","9":"first","10":"instock","11":"shipping-taxable","12":"product-type-simple"},"_links":{"self":[{"href":"https:\/\/www.soaogroup.com\/fr\/wp-json\/wp\/v2\/product\/281","targetHints":{"allow":["GET"]}}],"collection":[{"href":"https:\/\/www.soaogroup.com\/fr\/wp-json\/wp\/v2\/product"}],"about":[{"href":"https:\/\/www.soaogroup.com\/fr\/wp-json\/wp\/v2\/types\/product"}],"replies":[{"embeddable":true,"href":"https:\/\/www.soaogroup.com\/fr\/wp-json\/wp\/v2\/comments?post=281"}],"wp:featuredmedia":[{"embeddable":true,"href":"https:\/\/www.soaogroup.com\/fr\/wp-json\/wp\/v2\/media\/5755"}],"wp:attachment":[{"href":"https:\/\/www.soaogroup.com\/fr\/wp-json\/wp\/v2\/media?parent=281"}],"wp:term":[{"taxonomy":"product_brand","embeddable":true,"href":"https:\/\/www.soaogroup.com\/fr\/wp-json\/wp\/v2\/product_brand?post=281"},{"taxonomy":"product_cat","embeddable":true,"href":"https:\/\/www.soaogroup.com\/fr\/wp-json\/wp\/v2\/product_cat?post=281"},{"taxonomy":"product_tag","embeddable":true,"href":"https:\/\/www.soaogroup.com\/fr\/wp-json\/wp\/v2\/product_tag?post=281"}],"curies":[{"name":"wp","href":"https:\/\/api.w.org\/{rel}","templated":true}]}}