{"id":278,"date":"2025-01-14T17:26:32","date_gmt":"2025-01-14T09:26:32","guid":{"rendered":"https:\/\/www.soaogroup.com\/?post_type=product&#038;p=278"},"modified":"2025-04-18T16:48:20","modified_gmt":"2025-04-18T08:48:20","slug":"21t-wheel-excavator-se210","status":"publish","type":"product","link":"https:\/\/www.soaogroup.com\/fr\/produit\/21t-wheel-excavator-se210\/","title":{"rendered":"Pelle sur pneus 21t SE210"},"content":{"rendered":"<h2>D\u00e9tails du produit :<\/h2>\n<table>\n<tbody>\n<tr>\n<td colspan=\"2\" width=\"437\">\n<p style=\"text-align: center;\"><strong><b>Caract\u00e9ristiques<\/b><\/strong><\/p>\n<\/td>\n<\/tr>\n<tr>\n<td width=\"243\">Mod\u00e8le<\/td>\n<td width=\"194\">Pelle sur pneus SE210<\/td>\n<\/tr>\n<tr>\n<td width=\"243\">Poids en ordre de marche<\/td>\n<td width=\"194\">21 000 kg<\/td>\n<\/tr>\n<tr>\n<td width=\"243\">Capacit\u00e9 du godet<\/td>\n<td width=\"194\">1,1 m\u00b3<\/td>\n<\/tr>\n<tr>\n<td width=\"243\">Vitesse de swing<\/td>\n<td width=\"194\">0-12 tr\/min<\/td>\n<\/tr>\n<tr>\n<td width=\"243\">Aptitude \u00e0 la pente<\/td>\n<td width=\"194\">25\u00b0<\/td>\n<\/tr>\n<tr>\n<td width=\"243\">Force de creusement maximale du godet<\/td>\n<td width=\"194\">140 KN<\/td>\n<\/tr>\n<tr>\n<td width=\"243\">Force de creusement maximale du bras<\/td>\n<td width=\"194\">100 KN<\/td>\n<\/tr>\n<tr>\n<td width=\"243\">Mod\u00e8le de moteur<\/td>\n<td width=\"194\">6BTAA5.9<\/td>\n<\/tr>\n<tr>\n<td width=\"243\">Puissance\/vitesse de rotation<\/td>\n<td width=\"194\">153\/2000 kW\/tr\/min<\/td>\n<\/tr>\n<tr>\n<td colspan=\"2\" width=\"437\">\n<p style=\"text-align: center;\"><strong><b>Taille de la machine<\/b><\/strong><\/p>\n<\/td>\n<\/tr>\n<tr>\n<td width=\"243\">Dimensions (L x l x H)<\/td>\n<td width=\"194\">9600X2500X3524 mm<\/td>\n<\/tr>\n<tr>\n<td width=\"243\">Hauteur de la cabine<\/td>\n<td width=\"194\">3234 mm<\/td>\n<\/tr>\n<tr>\n<td width=\"243\">Base d&#039;essieu<\/td>\n<td width=\"194\">2850 mm<\/td>\n<\/tr>\n<tr>\n<td width=\"243\">Distance de roue (piste)<\/td>\n<td width=\"194\">1914 mm<\/td>\n<\/tr>\n<tr>\n<td width=\"243\">Garde au sol minimale<\/td>\n<td width=\"194\">380 mm<\/td>\n<\/tr>\n<tr>\n<td width=\"243\">Rayon de rotation de la queue<\/td>\n<td width=\"194\">2880 mm<\/td>\n<\/tr>\n<tr>\n<td colspan=\"2\" width=\"437\">\n<p style=\"text-align: center;\"><strong><b>Plage de travail<\/b><\/strong><\/p>\n<\/td>\n<\/tr>\n<tr>\n<td width=\"243\">Hauteur de creusement max.<\/td>\n<td width=\"194\">10339 mm<\/td>\n<\/tr>\n<tr>\n<td width=\"243\">Hauteur de d\u00e9versement maximale<\/td>\n<td width=\"194\">7406 mm<\/td>\n<\/tr>\n<tr>\n<td width=\"243\">Profondeur de creusement maximale<\/td>\n<td width=\"194\">6052 mm<\/td>\n<\/tr>\n<tr>\n<td width=\"243\">Profondeur de creusement verticale maximale<\/td>\n<td width=\"194\">5673 mm<\/td>\n<\/tr>\n<tr>\n<td width=\"243\">Rayon de creusement max.<\/td>\n<td width=\"194\">9815 mm<\/td>\n<\/tr>\n<tr>\n<td width=\"243\">Rayon de rotation minimal<\/td>\n<td width=\"194\">2990 mm<\/td>\n<\/tr>\n<tr>\n<td width=\"243\">Distance de levage maximale de la lame de bulldozer<\/td>\n<td width=\"194\">419 mm<\/td>\n<\/tr>\n<tr>\n<td width=\"243\">Distance de coupe maximale de la lame de bulldozer<\/td>\n<td width=\"194\">74 mm<\/td>\n<\/tr>\n<\/tbody>\n<\/table>\n<p>&nbsp;<\/p>\n<h2>Vid\u00e9o du produit :<\/h2>\n<div data-zone-id=\"0\" data-line-index=\"22\" data-line=\"true\">\n<p><iframe title=\"Pelle sur pneus SE210 \u00e0 vendre\" width=\"800\" height=\"450\" src=\"https:\/\/www.youtube.com\/embed\/6SwfbVO-W7o?feature=oembed\" frameborder=\"0\" allow=\"accelerometer; autoplay; clipboard-write; encrypted-media; gyroscope; picture-in-picture; web-share\" referrerpolicy=\"strict-origin-when-cross-origin\" allowfullscreen><\/iframe><\/p>\n<\/div>\n<h2>Applications :<\/h2>\n<p>La grande pelle SE210 offre un large \u00e9ventail d&#039;applications et peut r\u00e9pondre \u00e0 des besoins op\u00e9rationnels complexes. En g\u00e9nie civil, la SE210 peut \u00eatre utilis\u00e9e pour l&#039;excavation et le terrassement de fondations, offrant une force d&#039;excavation importante et des performances op\u00e9rationnelles optimales. Dans l&#039;exploitation mini\u00e8re, gr\u00e2ce \u00e0 son syst\u00e8me hydraulique performant et \u00e0 sa puissance de sortie, elle peut effectuer des op\u00e9rations de concassage de roches, de manutention de minerai et de stockage, et s&#039;adapter aux environnements de travail difficiles. La SE210 joue \u00e9galement un r\u00f4le important dans la construction routi\u00e8re, o\u00f9 elle est utilis\u00e9e pour l&#039;excavation de terrassements, le nivellement de la chauss\u00e9e et les op\u00e9rations de remblayage afin d&#039;am\u00e9liorer l&#039;efficacit\u00e9 des travaux. De plus, dans les op\u00e9rations portuaires, la SE210 peut effectuer efficacement le chargement et le d\u00e9chargement de conteneurs, les travaux de terrassement, etc., contribuant ainsi \u00e0 l&#039;efficacit\u00e9 des op\u00e9rations portuaires. Elle est \u00e9galement largement utilis\u00e9e dans la protection de l&#039;environnement et la reconstruction apr\u00e8s sinistre, notamment pour le nettoyage apr\u00e8s sinistre, la manutention de terrassements et d&#039;autres t\u00e2ches contribuant aux travaux de reconstruction. Gr\u00e2ce \u00e0 ses performances \u00e9lev\u00e9es et \u00e0 ses capacit\u00e9s op\u00e9rationnelles efficaces, la SE210 est devenue un \u00e9quipement incontournable dans de nombreux secteurs tels que la construction, l&#039;exploitation mini\u00e8re, la construction routi\u00e8re et les ports.<\/p>","protected":false},"excerpt":{"rendered":"<h4 class=\"elementor-heading-title elementor-size-default\" style=\"text-align: center; padding-bottom: 30px;\">Pelle sur pneus 21t SE210<\/h4>\n<div>Boostez votre productivit\u00e9 avec la pelle sur pneus SOAO SE210 de 21 tonnes, une machine puissante et robuste con\u00e7ue pour les grands projets d&#039;excavation et de construction. Dot\u00e9e d&#039;une capacit\u00e9 de 21 tonnes, d&#039;une force d&#039;excavation sup\u00e9rieure et d&#039;une stabilit\u00e9 exceptionnelle, cette pelle sur pneus offre des performances in\u00e9gal\u00e9es pour la construction de routes, l&#039;exploitation mini\u00e8re et les grands travaux de terrassement. La SE210 associe des syst\u00e8mes hydrauliques avanc\u00e9s \u00e0 une excellente mobilit\u00e9 pour une utilisation efficace sur les chantiers exigeants. D\u00e9couvrez l&#039;\u00e9quilibre parfait entre puissance et pr\u00e9cision avec la pelle sur pneus professionnelle de SOAO.<\/div>\n<div><\/div>\n<div>\n<hr \/>\n<\/div>\n<p><img decoding=\"async\" class=\"alignnone wp-image-257\" src=\"https:\/\/www.soaogroup.com\/wp-content\/uploads\/2025\/02\/\u672a\u6807\u9898-2.jpg\" alt=\"\" width=\"48\" height=\"50\" \/>\u00a0 WhatsApp :<a href=\"https:\/\/api.whatsapp.com\/send?phone=8613395319660\" target=\"_blank\" rel=\"noopener\">\u00a0+8613395319660 <\/a><\/p>\n<div>\n<hr \/>\n<\/div>\n<p><img decoding=\"async\" class=\"alignnone wp-image-258\" src=\"https:\/\/www.soaogroup.com\/wp-content\/uploads\/2025\/02\/emaillogoblue.jpg\" alt=\"\" width=\"48\" height=\"55\" \/>\u00a0\u00a0E-mail : <a href=\"mailto:sales@sdsoao.com\" target=\"_blank\" rel=\"noopener\">\u00a0sales@sdsoao.com<\/a><\/p>\n<div>\n<hr \/>\n<\/div>\n<div><\/div>","protected":false},"featured_media":5677,"comment_status":"open","ping_status":"closed","template":"","meta":[],"product_brand":[],"product_cat":[20,21],"product_tag":[],"class_list":{"0":"post-278","1":"product","2":"type-product","3":"status-publish","4":"has-post-thumbnail","6":"product_cat-excavator","7":"product_cat-large-excavator","9":"first","10":"instock","11":"shipping-taxable","12":"product-type-simple"},"_links":{"self":[{"href":"https:\/\/www.soaogroup.com\/fr\/wp-json\/wp\/v2\/product\/278","targetHints":{"allow":["GET"]}}],"collection":[{"href":"https:\/\/www.soaogroup.com\/fr\/wp-json\/wp\/v2\/product"}],"about":[{"href":"https:\/\/www.soaogroup.com\/fr\/wp-json\/wp\/v2\/types\/product"}],"replies":[{"embeddable":true,"href":"https:\/\/www.soaogroup.com\/fr\/wp-json\/wp\/v2\/comments?post=278"}],"wp:featuredmedia":[{"embeddable":true,"href":"https:\/\/www.soaogroup.com\/fr\/wp-json\/wp\/v2\/media\/5677"}],"wp:attachment":[{"href":"https:\/\/www.soaogroup.com\/fr\/wp-json\/wp\/v2\/media?parent=278"}],"wp:term":[{"taxonomy":"product_brand","embeddable":true,"href":"https:\/\/www.soaogroup.com\/fr\/wp-json\/wp\/v2\/product_brand?post=278"},{"taxonomy":"product_cat","embeddable":true,"href":"https:\/\/www.soaogroup.com\/fr\/wp-json\/wp\/v2\/product_cat?post=278"},{"taxonomy":"product_tag","embeddable":true,"href":"https:\/\/www.soaogroup.com\/fr\/wp-json\/wp\/v2\/product_tag?post=278"}],"curies":[{"name":"wp","href":"https:\/\/api.w.org\/{rel}","templated":true}]}}