{"id":275,"date":"2025-01-15T09:05:34","date_gmt":"2025-01-15T01:05:34","guid":{"rendered":"https:\/\/www.soaogroup.com\/?post_type=product&#038;p=275"},"modified":"2025-04-18T16:47:02","modified_gmt":"2025-04-18T08:47:02","slug":"15t-large-excavator-se150","status":"publish","type":"product","link":"https:\/\/www.soaogroup.com\/fr\/produit\/15t-large-excavator-se150\/","title":{"rendered":"Pelle sur pneus SE150 de 15 tonnes"},"content":{"rendered":"<h2>D\u00e9tails du produit :<\/h2>\n<table>\n<tbody>\n<tr>\n<td colspan=\"2\" width=\"437\">\n<p style=\"text-align: center;\"><strong><b>Caract\u00e9ristiques<\/b><\/strong><\/p>\n<\/td>\n<\/tr>\n<tr>\n<td width=\"243\">Mod\u00e8le<\/td>\n<td width=\"194\">Pelle sur pneus SE150<\/td>\n<\/tr>\n<tr>\n<td width=\"243\">Poids en ordre de marche<\/td>\n<td width=\"194\">15 000 kg<\/td>\n<\/tr>\n<tr>\n<td width=\"243\">Capacit\u00e9 du godet<\/td>\n<td width=\"194\">0,6 m\u00b3<\/td>\n<\/tr>\n<tr>\n<td width=\"243\">Vitesse de swing<\/td>\n<td width=\"194\">0-12 tr\/min<\/td>\n<\/tr>\n<tr>\n<td width=\"243\">Aptitude \u00e0 la pente<\/td>\n<td width=\"194\">25\u00b0<\/td>\n<\/tr>\n<tr>\n<td width=\"243\">Force de creusement maximale du godet<\/td>\n<td width=\"194\">91 KN<\/td>\n<\/tr>\n<tr>\n<td width=\"243\">Force de creusement maximale du bras<\/td>\n<td width=\"194\">55 KN<\/td>\n<\/tr>\n<tr>\n<td width=\"243\">Mod\u00e8le de moteur<\/td>\n<td width=\"194\">WP4.6N<\/td>\n<\/tr>\n<tr>\n<td width=\"243\">Puissance\/vitesse de rotation<\/td>\n<td width=\"194\">110\/2000 kW\/tr\/min<\/td>\n<\/tr>\n<tr>\n<td colspan=\"2\" width=\"437\">\n<p style=\"text-align: center;\"><strong><b>Taille de la machine<\/b><\/strong><\/p>\n<\/td>\n<\/tr>\n<tr>\n<td width=\"243\">Dimensions (L x l x H)<\/td>\n<td width=\"194\">7677X2550X3377 mm<\/td>\n<\/tr>\n<tr>\n<td width=\"243\">Hauteur de la cabine<\/td>\n<td width=\"194\">3100 mm<\/td>\n<\/tr>\n<tr>\n<td width=\"243\">Base d&#039;essieu<\/td>\n<td width=\"194\">2500 mm<\/td>\n<\/tr>\n<tr>\n<td width=\"243\">Distance de roue (piste)<\/td>\n<td width=\"194\">1955 mm<\/td>\n<\/tr>\n<tr>\n<td width=\"243\">Garde au sol minimale<\/td>\n<td width=\"194\">290 mm<\/td>\n<\/tr>\n<tr>\n<td width=\"243\">Rayon de rotation de la queue<\/td>\n<td width=\"194\">2365 mm<\/td>\n<\/tr>\n<tr>\n<td colspan=\"2\" width=\"437\">\n<p style=\"text-align: center;\"><strong><b>Plage de travail<\/b><\/strong><\/p>\n<\/td>\n<\/tr>\n<tr>\n<td width=\"243\">Hauteur de creusement max.<\/td>\n<td width=\"194\">8900 mm<\/td>\n<\/tr>\n<tr>\n<td width=\"243\">Hauteur de d\u00e9versement maximale<\/td>\n<td width=\"194\">6300 mm<\/td>\n<\/tr>\n<tr>\n<td width=\"243\">Profondeur de creusement maximale<\/td>\n<td width=\"194\">5180 mm<\/td>\n<\/tr>\n<tr>\n<td width=\"243\">Profondeur de creusement verticale maximale<\/td>\n<td width=\"194\">4745 mm<\/td>\n<\/tr>\n<tr>\n<td width=\"243\">Rayon de creusement max.<\/td>\n<td width=\"194\">8200 mm<\/td>\n<\/tr>\n<tr>\n<td width=\"243\">Rayon de rotation minimal<\/td>\n<td width=\"194\">2650 mm<\/td>\n<\/tr>\n<tr>\n<td width=\"243\">Distance de levage maximale de la lame de bulldozer<\/td>\n<td width=\"194\">350 mm<\/td>\n<\/tr>\n<tr>\n<td width=\"243\">Distance de coupe maximale de la lame de bulldozer<\/td>\n<td width=\"194\">60 mm<\/td>\n<\/tr>\n<\/tbody>\n<\/table>\n<h3>Vid\u00e9o de la grande pelle SE150D :<\/h3>\n<p><iframe title=\"Pelle sur pneus SE150 \u00e0 vendre\" width=\"800\" height=\"450\" src=\"https:\/\/www.youtube.com\/embed\/tvc_LgL6mr8?feature=oembed\" frameborder=\"0\" allow=\"accelerometer; autoplay; clipboard-write; encrypted-media; gyroscope; picture-in-picture; web-share\" referrerpolicy=\"strict-origin-when-cross-origin\" allowfullscreen><\/iframe><\/p>\n<h2>Application:<\/h2>\n<p>Gr\u00e2ce \u00e0 ses excellentes performances, la grande pelle SE150 joue un r\u00f4le majeur dans de nombreux projets. Lors de la construction, elle peut creuser profond\u00e9ment dans les fondations de grands b\u00e2timents pour cr\u00e9er des fondations solides pour les immeubles de grande hauteur\u00a0; dans les op\u00e9rations municipales, elle peut creuser rapidement des tranch\u00e9es pour les conduites d&#039;approvisionnement en eau et de drainage urbains afin d&#039;assurer la construction d&#039;infrastructures. Dans l&#039;exploitation mini\u00e8re, la SE150 charge efficacement le minerai et est associ\u00e9e \u00e0 des v\u00e9hicules de transport pour am\u00e9liorer l&#039;efficacit\u00e9 de l&#039;exploitation. Dans les projets de conservation des eaux agricoles, de grands canaux d&#039;irrigation sont creus\u00e9s pour optimiser les conditions d&#039;irrigation. Dans la construction de grands jardins paysagers, elle est charg\u00e9e de d\u00e9placer des rochers, de fa\u00e7onner le terrain et de cr\u00e9er de magnifiques paysages. Gr\u00e2ce \u00e0 sa puissance, sa flexibilit\u00e9 de commande et sa durabilit\u00e9 fiable, la SE150 est largement utilis\u00e9e dans de nombreux domaines pour favoriser le d\u00e9veloppement efficace des projets.<\/p>","protected":false},"excerpt":{"rendered":"<h4 class=\"elementor-heading-title elementor-size-default\" style=\"text-align: center; padding-bottom: 30px;\">Pelle sur pneus SE150 de 15 tonnes<\/h4>\n<div>Optimisez votre efficacit\u00e9 avec la pelle sur pneus SOAO SE150 de 15 tonnes, une machine hautes performances con\u00e7ue pour les travaux d&#039;excavation, de levage et de construction intensifs. Avec sa puissante capacit\u00e9 de 15 tonnes, sa stabilit\u00e9 sup\u00e9rieure et son syst\u00e8me hydraulique avanc\u00e9, la SE150 offre pr\u00e9cision et durabilit\u00e9 sur tous les chantiers. Id\u00e9ale pour la construction routi\u00e8re, l&#039;am\u00e9nagement urbain et les applications industrielles. D\u00e9couvrez d\u00e8s aujourd&#039;hui la pelle sur pneus SOAO SE150 et profitez d&#039;une puissance et d&#039;une fiabilit\u00e9 in\u00e9gal\u00e9es\u00a0!<\/div>\n<div><\/div>\n<div>\n<hr \/>\n<\/div>\n<p><img decoding=\"async\" class=\"alignnone wp-image-257\" src=\"https:\/\/www.soaogroup.com\/wp-content\/uploads\/2025\/02\/\u672a\u6807\u9898-2.jpg\" alt=\"\" width=\"48\" height=\"50\" \/>\u00a0 WhatsApp :<a href=\"https:\/\/api.whatsapp.com\/send?phone=8613395319660\" target=\"_blank\" rel=\"noopener\">\u00a0+8613395319660 <\/a><\/p>\n<div>\n<hr \/>\n<\/div>\n<p><img decoding=\"async\" class=\"alignnone wp-image-258\" src=\"https:\/\/www.soaogroup.com\/wp-content\/uploads\/2025\/02\/emaillogoblue.jpg\" alt=\"\" width=\"48\" height=\"55\" \/>\u00a0\u00a0E-mail : <a href=\"mailto:sales@sdsoao.com\" target=\"_blank\" rel=\"noopener\">\u00a0sales@sdsoao.com<\/a><\/p>\n<div>\n<hr \/>\n<\/div>\n<h3><\/h3>\n<div><\/div>","protected":false},"featured_media":5675,"comment_status":"closed","ping_status":"closed","template":"","meta":[],"product_brand":[],"product_cat":[20,21],"product_tag":[],"class_list":{"0":"post-275","1":"product","2":"type-product","3":"status-publish","4":"has-post-thumbnail","6":"product_cat-excavator","7":"product_cat-large-excavator","9":"first","10":"instock","11":"shipping-taxable","12":"product-type-simple"},"_links":{"self":[{"href":"https:\/\/www.soaogroup.com\/fr\/wp-json\/wp\/v2\/product\/275","targetHints":{"allow":["GET"]}}],"collection":[{"href":"https:\/\/www.soaogroup.com\/fr\/wp-json\/wp\/v2\/product"}],"about":[{"href":"https:\/\/www.soaogroup.com\/fr\/wp-json\/wp\/v2\/types\/product"}],"replies":[{"embeddable":true,"href":"https:\/\/www.soaogroup.com\/fr\/wp-json\/wp\/v2\/comments?post=275"}],"wp:featuredmedia":[{"embeddable":true,"href":"https:\/\/www.soaogroup.com\/fr\/wp-json\/wp\/v2\/media\/5675"}],"wp:attachment":[{"href":"https:\/\/www.soaogroup.com\/fr\/wp-json\/wp\/v2\/media?parent=275"}],"wp:term":[{"taxonomy":"product_brand","embeddable":true,"href":"https:\/\/www.soaogroup.com\/fr\/wp-json\/wp\/v2\/product_brand?post=275"},{"taxonomy":"product_cat","embeddable":true,"href":"https:\/\/www.soaogroup.com\/fr\/wp-json\/wp\/v2\/product_cat?post=275"},{"taxonomy":"product_tag","embeddable":true,"href":"https:\/\/www.soaogroup.com\/fr\/wp-json\/wp\/v2\/product_tag?post=275"}],"curies":[{"name":"wp","href":"https:\/\/api.w.org\/{rel}","templated":true}]}}