{"id":273,"date":"2025-01-14T17:15:34","date_gmt":"2025-01-14T09:15:34","guid":{"rendered":"https:\/\/www.soaogroup.com\/?post_type=product&#038;p=273"},"modified":"2025-04-24T15:02:07","modified_gmt":"2025-04-24T07:02:07","slug":"15t-crawler-excavator-se150","status":"publish","type":"product","link":"https:\/\/www.soaogroup.com\/fr\/produit\/15t-crawler-excavator-se150\/","title":{"rendered":"Pelle sur chenilles SE150 de 15 tonnes"},"content":{"rendered":"<h2>D\u00e9tails du produit :<\/h2>\n<table>\n<tbody>\n<tr>\n<td colspan=\"2\" width=\"437\"><strong><b>Caract\u00e9ristiques<\/b><\/strong><\/td>\n<\/tr>\n<tr>\n<td width=\"243\">Mod\u00e8le<\/td>\n<td width=\"194\">Pelle sur chenilles SE150<\/td>\n<\/tr>\n<tr>\n<td width=\"243\">Poids en ordre de marche<\/td>\n<td width=\"194\">15 000 kg<\/td>\n<\/tr>\n<tr>\n<td width=\"243\">Capacit\u00e9 du godet<\/td>\n<td width=\"194\">0,6 m\u00b3<\/td>\n<\/tr>\n<tr>\n<td width=\"243\">Vitesse de swing<\/td>\n<td width=\"194\">0-12 tr\/min<\/td>\n<\/tr>\n<tr>\n<td width=\"243\">Aptitude \u00e0 la pente<\/td>\n<td width=\"194\">30\u00b0<\/td>\n<\/tr>\n<tr>\n<td width=\"243\">Mod\u00e8le de moteur<\/td>\n<td width=\"194\">Weichai 4.1N<\/td>\n<\/tr>\n<tr>\n<td width=\"243\">Puissance\/vitesse de rotation<\/td>\n<td width=\"194\">110\/2000 kW\/tr\/min<\/td>\n<\/tr>\n<tr>\n<td colspan=\"2\" width=\"437\"><strong><b>Taille de la machine<\/b><\/strong><\/td>\n<\/tr>\n<tr>\n<td width=\"243\">Dimensions (L x l x H)<\/td>\n<td width=\"194\">7752X2500X2847 mm<\/td>\n<\/tr>\n<tr>\n<td width=\"243\">Hauteur de la cabine<\/td>\n<td width=\"194\">2847 mm<\/td>\n<\/tr>\n<tr>\n<td width=\"243\">Base d&#039;essieu<\/td>\n<td width=\"194\">2950 mm<\/td>\n<\/tr>\n<tr>\n<td width=\"243\">Distance de roue (piste)<\/td>\n<td width=\"194\">2000 mm<\/td>\n<\/tr>\n<tr>\n<td width=\"243\">Garde au sol minimale<\/td>\n<td width=\"194\">380 mm<\/td>\n<\/tr>\n<tr>\n<td width=\"243\">Rayon de rotation de la queue<\/td>\n<td width=\"194\">2389 mm<\/td>\n<\/tr>\n<tr>\n<td colspan=\"2\" width=\"437\"><strong><b>Plage de travail<\/b><\/strong><\/td>\n<\/tr>\n<tr>\n<td width=\"243\">Hauteur de creusement max.<\/td>\n<td width=\"194\">8627 mm<\/td>\n<\/tr>\n<tr>\n<td width=\"243\">Hauteur de d\u00e9versement maximale<\/td>\n<td width=\"194\">6025 mm<\/td>\n<\/tr>\n<tr>\n<td width=\"243\">Profondeur de creusement maximale<\/td>\n<td width=\"194\">5343 mm<\/td>\n<\/tr>\n<tr>\n<td width=\"243\">Profondeur de creusement verticale maximale<\/td>\n<td width=\"194\">4811 mm<\/td>\n<\/tr>\n<tr>\n<td width=\"243\">Rayon de creusement max.<\/td>\n<td width=\"194\">8198 mm<\/td>\n<\/tr>\n<tr>\n<td width=\"243\">Rayon de rotation minimal<\/td>\n<td width=\"194\">2770 mm<\/td>\n<\/tr>\n<\/tbody>\n<\/table>\n<h2><img fetchpriority=\"high\" decoding=\"async\" class=\"size-full wp-image-5744 aligncenter\" src=\"https:\/\/www.soaogroup.com\/wp-content\/uploads\/2025\/01\/SE150-design-1.png\" alt=\"\" width=\"659\" height=\"776\" srcset=\"https:\/\/www.soaogroup.com\/wp-content\/uploads\/2025\/01\/SE150-design-1.png 659w, https:\/\/www.soaogroup.com\/wp-content\/uploads\/2025\/01\/SE150-design-1-255x300.png 255w, https:\/\/www.soaogroup.com\/wp-content\/uploads\/2025\/01\/SE150-design-1-10x12.png 10w, https:\/\/www.soaogroup.com\/wp-content\/uploads\/2025\/01\/SE150-design-1-600x707.png 600w\" sizes=\"(max-width: 659px) 100vw, 659px\" \/> <img decoding=\"async\" class=\"size-full wp-image-5745 aligncenter\" src=\"https:\/\/www.soaogroup.com\/wp-content\/uploads\/2025\/01\/se150-design-1-1.png\" alt=\"\" width=\"914\" height=\"421\" srcset=\"https:\/\/www.soaogroup.com\/wp-content\/uploads\/2025\/01\/se150-design-1-1.png 914w, https:\/\/www.soaogroup.com\/wp-content\/uploads\/2025\/01\/se150-design-1-1-300x138.png 300w, https:\/\/www.soaogroup.com\/wp-content\/uploads\/2025\/01\/se150-design-1-1-768x354.png 768w, https:\/\/www.soaogroup.com\/wp-content\/uploads\/2025\/01\/se150-design-1-1-18x8.png 18w, https:\/\/www.soaogroup.com\/wp-content\/uploads\/2025\/01\/se150-design-1-1-600x276.png 600w\" sizes=\"(max-width: 914px) 100vw, 914px\" \/><\/h2>\n<p><iframe title=\"Pelle sur chenilles SE150 \u00e0 vendre\" width=\"800\" height=\"450\" src=\"https:\/\/www.youtube.com\/embed\/qOyfKZkJDbA?feature=oembed\" frameborder=\"0\" allow=\"accelerometer; autoplay; clipboard-write; encrypted-media; gyroscope; picture-in-picture; web-share\" referrerpolicy=\"strict-origin-when-cross-origin\" allowfullscreen><\/iframe><\/p>\n<h2>Caract\u00e9ristiques du produit :<\/h2>\n<p>Des syst\u00e8mes de s\u00e9curit\u00e9 avanc\u00e9s et un acc\u00e8s facile pour la maintenance am\u00e9liorent encore l&#039;efficacit\u00e9 op\u00e9rationnelle. Id\u00e9ale pour l&#039;excavation, le creusement de tranch\u00e9es, la d\u00e9molition et la manutention, la SE150 allie puissance, stabilit\u00e9 et maniabilit\u00e9 avec aisance. Que vous travailliez sur des infrastructures urbaines ou sur des projets de construction de grande envergure, la pelle sur chenilles SOAO SE150 offre les performances et la durabilit\u00e9 dont les professionnels ont besoin. Con\u00e7ue pour d\u00e9passer les attentes, elle est un atout fiable pour maximiser la productivit\u00e9 sur tous les terrains.<\/p>\n<h2><img decoding=\"async\" class=\"alignnone size-full wp-image-330\" src=\"https:\/\/www.soaogroup.com\/wp-content\/uploads\/2025\/01\/120-1_\u55e8\u683c\u5f0f\u538b\u7f29\u526f\u672c_\u7ed3\u679c.webp\" alt=\"\" width=\"2250\" height=\"750\" srcset=\"https:\/\/www.soaogroup.com\/wp-content\/uploads\/2025\/01\/120-1_\u55e8\u683c\u5f0f\u538b\u7f29\u526f\u672c_\u7ed3\u679c.webp 2250w, https:\/\/www.soaogroup.com\/wp-content\/uploads\/2025\/01\/120-1_\u55e8\u683c\u5f0f\u538b\u7f29\u526f\u672c_\u7ed3\u679c-600x200.webp 600w, https:\/\/www.soaogroup.com\/wp-content\/uploads\/2025\/01\/120-1_\u55e8\u683c\u5f0f\u538b\u7f29\u526f\u672c_\u7ed3\u679c-300x100.webp 300w, https:\/\/www.soaogroup.com\/wp-content\/uploads\/2025\/01\/120-1_\u55e8\u683c\u5f0f\u538b\u7f29\u526f\u672c_\u7ed3\u679c-1024x341.webp 1024w, https:\/\/www.soaogroup.com\/wp-content\/uploads\/2025\/01\/120-1_\u55e8\u683c\u5f0f\u538b\u7f29\u526f\u672c_\u7ed3\u679c-768x256.webp 768w, https:\/\/www.soaogroup.com\/wp-content\/uploads\/2025\/01\/120-1_\u55e8\u683c\u5f0f\u538b\u7f29\u526f\u672c_\u7ed3\u679c-1536x512.webp 1536w, https:\/\/www.soaogroup.com\/wp-content\/uploads\/2025\/01\/120-1_\u55e8\u683c\u5f0f\u538b\u7f29\u526f\u672c_\u7ed3\u679c-2048x683.webp 2048w\" sizes=\"(max-width: 2250px) 100vw, 2250px\" \/><\/h2>","protected":false},"excerpt":{"rendered":"<h4 class=\"elementor-heading-title elementor-size-default\" style=\"text-align: center; padding-bottom: 30px;\">Pelle sur chenilles SE150 de 15 tonnes<\/h4>\n<div>La pelle sur chenilles SOAO SE150 de 15 tonnes est un engin de chantier puissant et fiable, con\u00e7u pour des performances optimales sur divers chantiers. Dot\u00e9e d&#039;un poids en ordre de marche robuste de 15 tonnes et d&#039;un moteur \u00e9conome en carburant, la SE150 offre une excellente force d&#039;excavation, un syst\u00e8me hydraulique souple et un contr\u00f4le pr\u00e9cis. Sa fl\u00e8che et son balancier renforc\u00e9s, associ\u00e9s \u00e0 des composants de train de roulement robustes, garantissent des performances durables dans des conditions exigeantes. La cabine ergonomique offre une visibilit\u00e9 am\u00e9lior\u00e9e, des commandes intuitives et un confort optimal pour r\u00e9duire la fatigue lors des longues journ\u00e9es de travail.<\/div>\n<div><\/div>\n<div>\n<hr \/>\n<\/div>\n<p><img loading=\"lazy\" decoding=\"async\" class=\"alignnone wp-image-257\" src=\"https:\/\/www.soaogroup.com\/wp-content\/uploads\/2025\/02\/\u672a\u6807\u9898-2.jpg\" alt=\"\" width=\"48\" height=\"50\" \/>\u00a0 WhatsApp :<a href=\"https:\/\/api.whatsapp.com\/send?phone=8613395319660\" target=\"_blank\" rel=\"noopener\">\u00a0+8613395319660 <\/a><\/p>\n<div>\n<hr \/>\n<\/div>\n<p><img loading=\"lazy\" decoding=\"async\" class=\"alignnone wp-image-258\" src=\"https:\/\/www.soaogroup.com\/wp-content\/uploads\/2025\/02\/emaillogoblue.jpg\" alt=\"\" width=\"48\" height=\"55\" \/>\u00a0\u00a0E-mail : <a href=\"mailto:sales@sdsoao.com\" target=\"_blank\" rel=\"noopener\">\u00a0sales@sdsoao.com<\/a><\/p>\n<div>\n<hr \/>\n<\/div>\n<div><\/div>","protected":false},"featured_media":5747,"comment_status":"closed","ping_status":"closed","template":"","meta":[],"product_brand":[],"product_cat":[20,21],"product_tag":[],"class_list":{"0":"post-273","1":"product","2":"type-product","3":"status-publish","4":"has-post-thumbnail","6":"product_cat-excavator","7":"product_cat-large-excavator","9":"first","10":"instock","11":"featured","12":"shipping-taxable","13":"product-type-simple"},"_links":{"self":[{"href":"https:\/\/www.soaogroup.com\/fr\/wp-json\/wp\/v2\/product\/273","targetHints":{"allow":["GET"]}}],"collection":[{"href":"https:\/\/www.soaogroup.com\/fr\/wp-json\/wp\/v2\/product"}],"about":[{"href":"https:\/\/www.soaogroup.com\/fr\/wp-json\/wp\/v2\/types\/product"}],"replies":[{"embeddable":true,"href":"https:\/\/www.soaogroup.com\/fr\/wp-json\/wp\/v2\/comments?post=273"}],"wp:featuredmedia":[{"embeddable":true,"href":"https:\/\/www.soaogroup.com\/fr\/wp-json\/wp\/v2\/media\/5747"}],"wp:attachment":[{"href":"https:\/\/www.soaogroup.com\/fr\/wp-json\/wp\/v2\/media?parent=273"}],"wp:term":[{"taxonomy":"product_brand","embeddable":true,"href":"https:\/\/www.soaogroup.com\/fr\/wp-json\/wp\/v2\/product_brand?post=273"},{"taxonomy":"product_cat","embeddable":true,"href":"https:\/\/www.soaogroup.com\/fr\/wp-json\/wp\/v2\/product_cat?post=273"},{"taxonomy":"product_tag","embeddable":true,"href":"https:\/\/www.soaogroup.com\/fr\/wp-json\/wp\/v2\/product_tag?post=273"}],"curies":[{"name":"wp","href":"https:\/\/api.w.org\/{rel}","templated":true}]}}