{"id":272,"date":"2025-01-14T17:00:16","date_gmt":"2025-01-14T09:00:16","guid":{"rendered":"https:\/\/www.soaogroup.com\/?post_type=product&#038;p=272"},"modified":"2025-04-24T17:01:35","modified_gmt":"2025-04-24T09:01:35","slug":"38t-crawler-excavator-se380","status":"publish","type":"product","link":"https:\/\/www.soaogroup.com\/fr\/produit\/38t-crawler-excavator-se380\/","title":{"rendered":"Pelle sur chenilles 38t SE380"},"content":{"rendered":"<h2>D\u00e9tails du produit :<\/h2>\n<table>\n<tbody>\n<tr>\n<td colspan=\"2\" width=\"437\"><strong><b>Caract\u00e9ristiques<\/b><\/strong><\/td>\n<\/tr>\n<tr>\n<td width=\"243\">Mod\u00e8le<\/td>\n<td width=\"194\">Pelle sur chenilles SE380<\/td>\n<\/tr>\n<tr>\n<td width=\"243\">Poids en ordre de marche<\/td>\n<td width=\"194\">38 000 kg<\/td>\n<\/tr>\n<tr>\n<td width=\"243\">Capacit\u00e9 du godet<\/td>\n<td width=\"194\">1,7 m\u00b3<\/td>\n<\/tr>\n<tr>\n<td width=\"243\">Vitesse de swing<\/td>\n<td width=\"194\">0-11 tr\/min<\/td>\n<\/tr>\n<tr>\n<td width=\"243\">Aptitude \u00e0 la pente<\/td>\n<td width=\"194\">35\u00b0<\/td>\n<\/tr>\n<tr>\n<td width=\"243\">Mod\u00e8le de moteur<\/td>\n<td width=\"194\">SL9<\/td>\n<\/tr>\n<tr>\n<td width=\"243\">Puissance\/vitesse de rotation<\/td>\n<td width=\"194\">219\/1900 kW\/tr\/min<\/td>\n<\/tr>\n<tr>\n<td colspan=\"2\" width=\"437\"><strong><b>Taille de la machine<\/b><\/strong><\/td>\n<\/tr>\n<tr>\n<td width=\"243\">Dimensions (L x l x H)<\/td>\n<td width=\"194\">11285X3190X3664 mm<\/td>\n<\/tr>\n<tr>\n<td width=\"243\">Hauteur de la cabine<\/td>\n<td width=\"194\">3168 mm<\/td>\n<\/tr>\n<tr>\n<td width=\"243\">Base d&#039;essieu<\/td>\n<td width=\"194\">4099 mm<\/td>\n<\/tr>\n<tr>\n<td width=\"243\">Distance de roue (piste)<\/td>\n<td width=\"194\">2590 mm<\/td>\n<\/tr>\n<tr>\n<td width=\"243\">Garde au sol minimale<\/td>\n<td width=\"194\">536 mm<\/td>\n<\/tr>\n<tr>\n<td width=\"243\">Rayon de rotation de la queue<\/td>\n<td width=\"194\">3590 mm<\/td>\n<\/tr>\n<tr>\n<td colspan=\"2\" width=\"437\"><strong><b>Plage de travail<\/b><\/strong><\/td>\n<\/tr>\n<tr>\n<td width=\"243\">Hauteur de creusement max.<\/td>\n<td width=\"194\">10511 mm<\/td>\n<\/tr>\n<tr>\n<td width=\"243\">Hauteur de d\u00e9versement maximale<\/td>\n<td width=\"194\">7572 mm<\/td>\n<\/tr>\n<tr>\n<td width=\"243\">Profondeur de creusement maximale<\/td>\n<td width=\"194\">7327 mm<\/td>\n<\/tr>\n<tr>\n<td width=\"243\">Profondeur de creusement verticale maximale<\/td>\n<td width=\"194\">6731 mm<\/td>\n<\/tr>\n<tr>\n<td width=\"243\">Rayon de creusement max.<\/td>\n<td width=\"194\">11178 mm<\/td>\n<\/tr>\n<tr>\n<td width=\"243\">Rayon de rotation minimal<\/td>\n<td width=\"194\">3865 mm<\/td>\n<\/tr>\n<\/tbody>\n<\/table>\n<p><img fetchpriority=\"high\" decoding=\"async\" class=\"alignnone size-full wp-image-313\" src=\"https:\/\/www.soaogroup.com\/wp-content\/uploads\/2025\/01\/88-1_\u55e8\u683c\u5f0f\u538b\u7f29\u526f\u672c_\u7ed3\u679c.webp\" alt=\"\" width=\"2250\" height=\"750\" srcset=\"https:\/\/www.soaogroup.com\/wp-content\/uploads\/2025\/01\/88-1_\u55e8\u683c\u5f0f\u538b\u7f29\u526f\u672c_\u7ed3\u679c.webp 2250w, https:\/\/www.soaogroup.com\/wp-content\/uploads\/2025\/01\/88-1_\u55e8\u683c\u5f0f\u538b\u7f29\u526f\u672c_\u7ed3\u679c-600x200.webp 600w, https:\/\/www.soaogroup.com\/wp-content\/uploads\/2025\/01\/88-1_\u55e8\u683c\u5f0f\u538b\u7f29\u526f\u672c_\u7ed3\u679c-300x100.webp 300w, https:\/\/www.soaogroup.com\/wp-content\/uploads\/2025\/01\/88-1_\u55e8\u683c\u5f0f\u538b\u7f29\u526f\u672c_\u7ed3\u679c-1024x341.webp 1024w, https:\/\/www.soaogroup.com\/wp-content\/uploads\/2025\/01\/88-1_\u55e8\u683c\u5f0f\u538b\u7f29\u526f\u672c_\u7ed3\u679c-768x256.webp 768w, https:\/\/www.soaogroup.com\/wp-content\/uploads\/2025\/01\/88-1_\u55e8\u683c\u5f0f\u538b\u7f29\u526f\u672c_\u7ed3\u679c-1536x512.webp 1536w, https:\/\/www.soaogroup.com\/wp-content\/uploads\/2025\/01\/88-1_\u55e8\u683c\u5f0f\u538b\u7f29\u526f\u672c_\u7ed3\u679c-2048x683.webp 2048w\" sizes=\"(max-width: 2250px) 100vw, 2250px\" \/><\/p>\n<h2>Caract\u00e9ristiques du produit :<\/h2>\n<p class=\"ds-markdown-paragraph\">Con\u00e7u pour durer, le SE380 est dot\u00e9 d&#039;un ch\u00e2ssis renforc\u00e9 et d&#039;une fl\u00e8che\/balancier robuste pour une dur\u00e9e de vie prolong\u00e9e dans des conditions difficiles. La cabine spacieuse et ergonomique offre une excellente visibilit\u00e9, r\u00e9duit la fatigue de l&#039;op\u00e9rateur et offre des commandes intuitives pour un confort et une efficacit\u00e9 accrus.<\/p>\n<p class=\"ds-markdown-paragraph\">Gr\u00e2ce \u00e0 ses multiples modes de fonctionnement, cette pelle s&#039;adapte \u00e0 diverses exigences, de l&#039;excavation profonde \u00e0 la manutention. Sa conception n\u00e9cessitant peu d&#039;entretien et son acc\u00e8s facile minimisent les temps d&#039;arr\u00eat et optimisent la disponibilit\u00e9 op\u00e9rationnelle.<\/p>\n<p class=\"ds-markdown-paragraph\">Id\u00e9al pour les projets de construction, d&#039;exploitation mini\u00e8re et d&#039;infrastructure \u00e0 grande \u00e9chelle, le SOAO SE380 allie puissance, fiabilit\u00e9 et polyvalence pour des performances sup\u00e9rieures sur n&#039;importe quel chantier.<\/p>\n<h2><img decoding=\"async\" class=\"alignnone size-full wp-image-312\" src=\"https:\/\/www.soaogroup.com\/wp-content\/uploads\/2025\/01\/88-2_\u55e8\u683c\u5f0f\u538b\u7f29\u526f\u672c_\u7ed3\u679c.webp\" alt=\"\" width=\"2250\" height=\"750\" srcset=\"https:\/\/www.soaogroup.com\/wp-content\/uploads\/2025\/01\/88-2_\u55e8\u683c\u5f0f\u538b\u7f29\u526f\u672c_\u7ed3\u679c.webp 2250w, https:\/\/www.soaogroup.com\/wp-content\/uploads\/2025\/01\/88-2_\u55e8\u683c\u5f0f\u538b\u7f29\u526f\u672c_\u7ed3\u679c-600x200.webp 600w, https:\/\/www.soaogroup.com\/wp-content\/uploads\/2025\/01\/88-2_\u55e8\u683c\u5f0f\u538b\u7f29\u526f\u672c_\u7ed3\u679c-300x100.webp 300w, https:\/\/www.soaogroup.com\/wp-content\/uploads\/2025\/01\/88-2_\u55e8\u683c\u5f0f\u538b\u7f29\u526f\u672c_\u7ed3\u679c-1024x341.webp 1024w, https:\/\/www.soaogroup.com\/wp-content\/uploads\/2025\/01\/88-2_\u55e8\u683c\u5f0f\u538b\u7f29\u526f\u672c_\u7ed3\u679c-768x256.webp 768w, https:\/\/www.soaogroup.com\/wp-content\/uploads\/2025\/01\/88-2_\u55e8\u683c\u5f0f\u538b\u7f29\u526f\u672c_\u7ed3\u679c-1536x512.webp 1536w, https:\/\/www.soaogroup.com\/wp-content\/uploads\/2025\/01\/88-2_\u55e8\u683c\u5f0f\u538b\u7f29\u526f\u672c_\u7ed3\u679c-2048x683.webp 2048w\" sizes=\"(max-width: 2250px) 100vw, 2250px\" \/><\/h2>","protected":false},"excerpt":{"rendered":"<h4 class=\"elementor-heading-title elementor-size-default\" style=\"text-align: center; padding-bottom: 30px;\">Pelle sur chenilles 38t SE380<\/h4>\n<div>La SOAO SE380 est une pelle sur chenilles robuste de 38 tonnes con\u00e7ue pour les travaux d&#039;excavation, de construction et de terrassement intensifs. \u00c9quip\u00e9e d&#039;un moteur diesel hautes performances, elle offre une puissance et une consommation de carburant exceptionnelles, garantissant une productivit\u00e9 optimale dans les environnements exigeants. Son syst\u00e8me hydraulique avanc\u00e9 assure un contr\u00f4le pr\u00e9cis et fluide, permettant une force d&#039;excavation et une capacit\u00e9 de levage sup\u00e9rieures.<\/div>\n<div><\/div>\n<div>\n<hr \/>\n<\/div>\n<p><img decoding=\"async\" class=\"alignnone wp-image-257\" src=\"https:\/\/www.soaogroup.com\/wp-content\/uploads\/2025\/02\/\u672a\u6807\u9898-2.jpg\" alt=\"\" width=\"48\" height=\"50\" \/>\u00a0 WhatsApp :<a href=\"https:\/\/api.whatsapp.com\/send?phone=8613395319660\" target=\"_blank\" rel=\"noopener\">\u00a0+8613395319660 <\/a><\/p>\n<div>\n<hr \/>\n<\/div>\n<p><img loading=\"lazy\" decoding=\"async\" class=\"alignnone wp-image-258\" src=\"https:\/\/www.soaogroup.com\/wp-content\/uploads\/2025\/02\/emaillogoblue.jpg\" alt=\"\" width=\"48\" height=\"55\" \/>\u00a0\u00a0E-mail : <a href=\"mailto:sales@sdsoao.com\" target=\"_blank\" rel=\"noopener\">\u00a0sales@sdsoao.com<\/a><\/p>\n<div>\n<hr \/>\n<\/div>","protected":false},"featured_media":5757,"comment_status":"closed","ping_status":"closed","template":"","meta":[],"product_brand":[],"product_cat":[20,21],"product_tag":[],"class_list":{"0":"post-272","1":"product","2":"type-product","3":"status-publish","4":"has-post-thumbnail","6":"product_cat-excavator","7":"product_cat-large-excavator","9":"first","10":"instock","11":"featured","12":"shipping-taxable","13":"product-type-simple"},"_links":{"self":[{"href":"https:\/\/www.soaogroup.com\/fr\/wp-json\/wp\/v2\/product\/272","targetHints":{"allow":["GET"]}}],"collection":[{"href":"https:\/\/www.soaogroup.com\/fr\/wp-json\/wp\/v2\/product"}],"about":[{"href":"https:\/\/www.soaogroup.com\/fr\/wp-json\/wp\/v2\/types\/product"}],"replies":[{"embeddable":true,"href":"https:\/\/www.soaogroup.com\/fr\/wp-json\/wp\/v2\/comments?post=272"}],"wp:featuredmedia":[{"embeddable":true,"href":"https:\/\/www.soaogroup.com\/fr\/wp-json\/wp\/v2\/media\/5757"}],"wp:attachment":[{"href":"https:\/\/www.soaogroup.com\/fr\/wp-json\/wp\/v2\/media?parent=272"}],"wp:term":[{"taxonomy":"product_brand","embeddable":true,"href":"https:\/\/www.soaogroup.com\/fr\/wp-json\/wp\/v2\/product_brand?post=272"},{"taxonomy":"product_cat","embeddable":true,"href":"https:\/\/www.soaogroup.com\/fr\/wp-json\/wp\/v2\/product_cat?post=272"},{"taxonomy":"product_tag","embeddable":true,"href":"https:\/\/www.soaogroup.com\/fr\/wp-json\/wp\/v2\/product_tag?post=272"}],"curies":[{"name":"wp","href":"https:\/\/api.w.org\/{rel}","templated":true}]}}