{"id":149,"date":"2025-01-13T13:39:19","date_gmt":"2025-01-13T05:39:19","guid":{"rendered":"https:\/\/www.soaogroup.com\/?post_type=product&#038;p=149"},"modified":"2025-04-22T15:08:49","modified_gmt":"2025-04-22T07:08:49","slug":"cpc40-k-4-0t-diesel-forklift","status":"publish","type":"product","link":"https:\/\/www.soaogroup.com\/fr\/produit\/cpc40-k-4-0t-diesel-forklift\/","title":{"rendered":"Chariot \u00e9l\u00e9vateur diesel CPC40-K 4,0 T"},"content":{"rendered":"<h2>D\u00e9tails du produit :<\/h2>\n<table class=\"tg\" style=\"border-collapse: collapse; border-spacing: 0;\">\n<thead>\n<tr>\n<th style=\"background-color: #f56b00; color: #ffffff; font-family: Arial, sans-serif; font-size: 14px; font-weight: bold; overflow: hidden; padding: 10px 5px; text-align: left; vertical-align: middle; word-break: normal; border: 1px solid #000000;\"><span style=\"font-weight: 600;\">Article<\/span><\/th>\n<th style=\"background-color: #9b9b9b; color: #ffffff; font-family: Arial, sans-serif; font-size: 14px; font-weight: bold; overflow: hidden; padding: 10px 5px; text-align: left; vertical-align: middle; word-break: normal; border: 1px solid #000000;\"><span style=\"font-weight: 600;\">CPC35-K<\/span><\/th>\n<th style=\"background-color: #9b9b9b; color: #ffffff; font-family: Arial, sans-serif; font-size: 14px; font-weight: bold; overflow: hidden; padding: 10px 5px; text-align: left; vertical-align: middle; word-break: normal; border: 1px solid #000000;\"><span style=\"font-weight: 600;\">CPC38-K<\/span><\/th>\n<th style=\"background-color: #9b9b9b; color: #ffffff; font-family: Arial, sans-serif; font-size: 14px; font-weight: bold; overflow: hidden; padding: 10px 5px; text-align: left; vertical-align: middle; word-break: normal; border: 1px solid #000000;\"><span style=\"font-weight: 600;\">CPC40-K<\/span><\/th>\n<\/tr>\n<\/thead>\n<tbody>\n<tr>\n<td style=\"background-color: #f56b00; color: #ffffff; font-family: Arial, sans-serif; font-size: 14px; overflow: hidden; padding: 10px 5px; text-align: left; vertical-align: middle; word-break: normal; border: 1px solid #000000;\"><span style=\"font-weight: 400;\">Mod\u00e8le<\/span><\/td>\n<td style=\"background-color: #fff; color: #222; font-family: Arial, sans-serif; font-size: 14px; overflow: hidden; padding: 10px 5px; text-align: left; vertical-align: middle; word-break: normal; border: 1px solid #000000;\"><span style=\"font-weight: 400; color: var(--md-box-samantha-normal-text-color);\">CPC35-K<\/span><\/td>\n<td style=\"background-color: #fff; color: #222; font-family: Arial, sans-serif; font-size: 14px; overflow: hidden; padding: 10px 5px; text-align: left; vertical-align: middle; word-break: normal; border: 1px solid #000000;\"><span style=\"font-weight: 400; color: var(--md-box-samantha-normal-text-color);\">CPC38-K<\/span><\/td>\n<td style=\"background-color: #fff; color: #222; font-family: Arial, sans-serif; font-size: 14px; overflow: hidden; padding: 10px 5px; text-align: left; vertical-align: middle; word-break: normal; border: 1px solid #000000;\"><span style=\"font-weight: 400; color: var(--md-box-samantha-normal-text-color);\">CPC40-K<\/span><\/td>\n<\/tr>\n<tr>\n<td style=\"background-color: #f56b00; color: #ffffff; font-family: Arial, sans-serif; font-size: 14px; overflow: hidden; padding: 10px 5px; text-align: left; vertical-align: middle; word-break: normal; border: 1px solid #000000;\"><span style=\"font-weight: 400;\">Type d&#039;alimentation<\/span><\/td>\n<td style=\"background-color: #fff; color: #222; font-family: Arial, sans-serif; font-size: 14px; overflow: hidden; padding: 10px 5px; text-align: left; vertical-align: middle; word-break: normal; border: 1px solid #000000;\"><span style=\"font-weight: 400; color: var(--md-box-samantha-normal-text-color);\">Gas-oil<\/span><\/td>\n<td style=\"background-color: #fff; color: #222; font-family: Arial, sans-serif; font-size: 14px; overflow: hidden; padding: 10px 5px; text-align: left; vertical-align: middle; word-break: normal; border: 1px solid #000000;\"><span style=\"font-weight: 400; color: var(--md-box-samantha-normal-text-color);\">Gas-oil<\/span><\/td>\n<td style=\"background-color: #fff; color: #222; font-family: Arial, sans-serif; font-size: 14px; overflow: hidden; padding: 10px 5px; text-align: left; vertical-align: middle; word-break: normal; border: 1px solid #000000;\"><span style=\"font-weight: 400; color: var(--md-box-samantha-normal-text-color);\">Gas-oil<\/span><\/td>\n<\/tr>\n<tr>\n<td style=\"background-color: #f56b00; color: #ffffff; font-family: Arial, sans-serif; font-size: 14px; overflow: hidden; padding: 10px 5px; text-align: left; vertical-align: middle; word-break: normal; border: 1px solid #000000;\"><span style=\"font-weight: 400;\">Capacit\u00e9 de charge nominale<\/span><\/td>\n<td style=\"background-color: #fff; color: #222; font-family: Arial, sans-serif; font-size: 14px; overflow: hidden; padding: 10px 5px; text-align: left; vertical-align: middle; word-break: normal; border: 1px solid #000000;\"><span style=\"font-weight: 400; color: var(--md-box-samantha-normal-text-color);\">3 500 kg<\/span><\/td>\n<td style=\"background-color: #fff; color: #222; font-family: Arial, sans-serif; font-size: 14px; overflow: hidden; padding: 10px 5px; text-align: left; vertical-align: middle; word-break: normal; border: 1px solid #000000;\"><span style=\"font-weight: 400; color: var(--md-box-samantha-normal-text-color);\">3 800 kg<\/span><\/td>\n<td style=\"background-color: #fff; color: #222; font-family: Arial, sans-serif; font-size: 14px; overflow: hidden; padding: 10px 5px; text-align: left; vertical-align: middle; word-break: normal; border: 1px solid #000000;\"><span style=\"font-weight: 400; color: var(--md-box-samantha-normal-text-color);\">4 000 kg<\/span><\/td>\n<\/tr>\n<tr>\n<td style=\"background-color: #f56b00; color: #ffffff; font-family: Arial, sans-serif; font-size: 14px; overflow: hidden; padding: 10px 5px; text-align: left; vertical-align: middle; word-break: normal; border: 1px solid #000000;\"><span style=\"font-weight: 400;\">Hauteur de levage maximale<\/span><\/td>\n<td style=\"background-color: #fff; color: #222; font-family: Arial, sans-serif; font-size: 14px; overflow: hidden; padding: 10px 5px; text-align: left; vertical-align: middle; word-break: normal; border: 1px solid #000000;\"><span style=\"font-weight: 400; color: var(--md-box-samantha-normal-text-color);\">3 000 mm<\/span><\/td>\n<td style=\"background-color: #fff; color: #222; font-family: Arial, sans-serif; font-size: 14px; overflow: hidden; padding: 10px 5px; text-align: left; vertical-align: middle; word-break: normal; border: 1px solid #000000;\"><span style=\"font-weight: 400; color: var(--md-box-samantha-normal-text-color);\">3 000 mm<\/span><\/td>\n<td style=\"background-color: #fff; color: #222; font-family: Arial, sans-serif; font-size: 14px; overflow: hidden; padding: 10px 5px; text-align: left; vertical-align: middle; word-break: normal; border: 1px solid #000000;\"><span style=\"font-weight: 400; color: var(--md-box-samantha-normal-text-color);\">3 000 mm<\/span><\/td>\n<\/tr>\n<tr>\n<td style=\"background-color: #f56b00; color: #ffffff; font-family: Arial, sans-serif; font-size: 14px; overflow: hidden; padding: 10px 5px; text-align: left; vertical-align: middle; word-break: normal; border: 1px solid #000000;\"><span style=\"font-weight: 400;\">Taille de la fourche<\/span><\/td>\n<td style=\"background-color: #fff; color: #222; font-family: Arial, sans-serif; font-size: 14px; overflow: hidden; padding: 10px 5px; text-align: left; vertical-align: middle; word-break: normal; border: 1px solid #000000;\"><span style=\"font-weight: 400; color: var(--md-box-samantha-normal-text-color);\">1070 * 122 * 50 mm<\/span><\/td>\n<td style=\"background-color: #fff; color: #222; font-family: Arial, sans-serif; font-size: 14px; overflow: hidden; padding: 10px 5px; text-align: left; vertical-align: middle; word-break: normal; border: 1px solid #000000;\"><span style=\"font-weight: 400; color: var(--md-box-samantha-normal-text-color);\">1070 * 122 * 50 mm<\/span><\/td>\n<td style=\"background-color: #fff; color: #222; font-family: Arial, sans-serif; font-size: 14px; overflow: hidden; padding: 10px 5px; text-align: left; vertical-align: middle; word-break: normal; border: 1px solid #000000;\"><span style=\"font-weight: 400; color: var(--md-box-samantha-normal-text-color);\">1070 * 122 * 50 mm<\/span><\/td>\n<\/tr>\n<tr>\n<td style=\"background-color: #f56b00; color: #ffffff; font-family: Arial, sans-serif; font-size: 14px; overflow: hidden; padding: 10px 5px; text-align: left; vertical-align: middle; word-break: normal; border: 1px solid #000000;\"><span style=\"font-weight: 400;\">Moteur<\/span><\/td>\n<td style=\"background-color: #fff; color: #222; font-family: Arial, sans-serif; font-size: 14px; overflow: hidden; padding: 10px 5px; text-align: left; vertical-align: middle; word-break: normal; border: 1px solid #000000;\"><span style=\"font-weight: 400; color: var(--md-box-samantha-normal-text-color);\">xinchai<\/span><\/td>\n<td style=\"background-color: #fff; color: #222; font-family: Arial, sans-serif; font-size: 14px; overflow: hidden; padding: 10px 5px; text-align: left; vertical-align: middle; word-break: normal; border: 1px solid #000000;\"><span style=\"font-weight: 400; color: var(--md-box-samantha-normal-text-color);\">xinchai<\/span><\/td>\n<td style=\"background-color: #fff; color: #222; font-family: Arial, sans-serif; font-size: 14px; overflow: hidden; padding: 10px 5px; text-align: left; vertical-align: middle; word-break: normal; border: 1px solid #000000;\"><span style=\"font-weight: 400; color: var(--md-box-samantha-normal-text-color);\">xinchai<\/span><\/td>\n<\/tr>\n<tr>\n<td style=\"background-color: #f56b00; color: #ffffff; font-family: Arial, sans-serif; font-size: 14px; overflow: hidden; padding: 10px 5px; text-align: left; vertical-align: middle; word-break: normal; border: 1px solid #000000;\"><span style=\"font-weight: 400;\">Pouvoir<\/span><\/td>\n<td style=\"background-color: #fff; color: #222; font-family: Arial, sans-serif; font-size: 14px; overflow: hidden; padding: 10px 5px; text-align: left; vertical-align: middle; word-break: normal; border: 1px solid #000000;\"><span style=\"font-weight: 400; color: var(--md-box-samantha-normal-text-color);\">39 kW<\/span><\/td>\n<td style=\"background-color: #fff; color: #222; font-family: Arial, sans-serif; font-size: 14px; overflow: hidden; padding: 10px 5px; text-align: left; vertical-align: middle; word-break: normal; border: 1px solid #000000;\"><span style=\"font-weight: 400; color: var(--md-box-samantha-normal-text-color);\">39 kW<\/span><\/td>\n<td style=\"background-color: #fff; color: #222; font-family: Arial, sans-serif; font-size: 14px; overflow: hidden; padding: 10px 5px; text-align: left; vertical-align: middle; word-break: normal; border: 1px solid #000000;\"><span style=\"font-weight: 400; color: var(--md-box-samantha-normal-text-color);\">39 kW<\/span><\/td>\n<\/tr>\n<tr>\n<td style=\"background-color: #f56b00; color: #ffffff; font-family: Arial, sans-serif; font-size: 14px; overflow: hidden; padding: 10px 5px; text-align: left; vertical-align: middle; word-break: normal; border: 1px solid #000000;\"><span style=\"font-weight: 400;\">Aptitude \u00e0 la pente<\/span><\/td>\n<td style=\"background-color: #fff; color: #222; font-family: Arial, sans-serif; font-size: 14px; overflow: hidden; padding: 10px 5px; text-align: left; vertical-align: middle; word-break: normal; border: 1px solid #000000;\"><span style=\"font-weight: 400; color: var(--md-box-samantha-normal-text-color);\">18\u00b0<\/span><\/td>\n<td style=\"background-color: #fff; color: #222; font-family: Arial, sans-serif; font-size: 14px; overflow: hidden; padding: 10px 5px; text-align: left; vertical-align: middle; word-break: normal; border: 1px solid #000000;\"><span style=\"font-weight: 400; color: var(--md-box-samantha-normal-text-color);\">16\u00b0<\/span><\/td>\n<td style=\"background-color: #fff; color: #222; font-family: Arial, sans-serif; font-size: 14px; overflow: hidden; padding: 10px 5px; text-align: left; vertical-align: middle; word-break: normal; border: 1px solid #000000;\"><span style=\"font-weight: 400; color: var(--md-box-samantha-normal-text-color);\">16\u00b0<\/span><\/td>\n<\/tr>\n<tr>\n<td style=\"background-color: #f56b00; color: #ffffff; font-family: Arial, sans-serif; font-size: 14px; overflow: hidden; padding: 10px 5px; text-align: left; vertical-align: middle; word-break: normal; border: 1px solid #000000;\"><span style=\"font-weight: 400;\">Poids<\/span><\/td>\n<td style=\"background-color: #fff; color: #222; font-family: Arial, sans-serif; font-size: 14px; overflow: hidden; padding: 10px 5px; text-align: left; vertical-align: middle; word-break: normal; border: 1px solid #000000;\"><span style=\"font-weight: 400; color: var(--md-box-samantha-normal-text-color);\">4 390 kg<\/span><\/td>\n<td style=\"background-color: #fff; color: #222; font-family: Arial, sans-serif; font-size: 14px; overflow: hidden; padding: 10px 5px; text-align: left; vertical-align: middle; word-break: normal; border: 1px solid #000000;\"><span style=\"font-weight: 400; color: var(--md-box-samantha-normal-text-color);\">4 550 kg<\/span><\/td>\n<td style=\"background-color: #fff; color: #222; font-family: Arial, sans-serif; font-size: 14px; overflow: hidden; padding: 10px 5px; text-align: left; vertical-align: middle; word-break: normal; border: 1px solid #000000;\"><span style=\"font-weight: 400; color: var(--md-box-samantha-normal-text-color);\">4 550 kg<\/span><\/td>\n<\/tr>\n<tr>\n<td style=\"background-color: #f56b00; color: #ffffff; font-family: Arial, sans-serif; font-size: 14px; overflow: hidden; padding: 10px 5px; text-align: left; vertical-align: middle; word-break: normal; border: 1px solid black;\"><span style=\"font-weight: 400;\">Dimensions<\/span><\/td>\n<td style=\"background-color: #fff; color: #222; font-family: Arial, sans-serif; font-size: 14px; overflow: hidden; padding: 10px 5px; text-align: left; vertical-align: middle; word-break: normal; border: 1px solid black;\"><span style=\"font-weight: 400; color: var(--md-box-samantha-normal-text-color);\">2 750 x 1 240 x 2 070 mm<\/span><\/td>\n<td style=\"background-color: #fff; color: #222; font-family: Arial, sans-serif; font-size: 14px; overflow: hidden; padding: 10px 5px; text-align: left; vertical-align: middle; word-break: normal; border: 1px solid black;\"><span style=\"font-weight: 400; color: var(--md-box-samantha-normal-text-color);\">2 750 x 1 240 x 2 070 mm<\/span><\/td>\n<td style=\"background-color: #fff; color: #222; font-family: Arial, sans-serif; font-size: 14px; overflow: hidden; padding: 10px 5px; text-align: left; vertical-align: middle; word-break: normal; border: 1px solid black;\"><span style=\"font-weight: 400; color: var(--md-box-samantha-normal-text-color);\">2 820 x 1 240 x 2 070 mm<\/span><\/td>\n<\/tr>\n<\/tbody>\n<\/table>\n<p>&nbsp;<\/p>\n<h2><img fetchpriority=\"high\" decoding=\"async\" class=\"alignnone size-full wp-image-186\" src=\"https:\/\/www.soaogroup.com\/wp-content\/uploads\/2025\/01\/2_\u55e8\u683c\u5f0f\u538b\u7f29\u526f\u672c_\u7ed3\u679c-2.webp\" alt=\"\" width=\"2250\" height=\"750\" srcset=\"https:\/\/www.soaogroup.com\/wp-content\/uploads\/2025\/01\/2_\u55e8\u683c\u5f0f\u538b\u7f29\u526f\u672c_\u7ed3\u679c-2.webp 2250w, https:\/\/www.soaogroup.com\/wp-content\/uploads\/2025\/01\/2_\u55e8\u683c\u5f0f\u538b\u7f29\u526f\u672c_\u7ed3\u679c-2-600x200.webp 600w, https:\/\/www.soaogroup.com\/wp-content\/uploads\/2025\/01\/2_\u55e8\u683c\u5f0f\u538b\u7f29\u526f\u672c_\u7ed3\u679c-2-300x100.webp 300w, https:\/\/www.soaogroup.com\/wp-content\/uploads\/2025\/01\/2_\u55e8\u683c\u5f0f\u538b\u7f29\u526f\u672c_\u7ed3\u679c-2-1024x341.webp 1024w, https:\/\/www.soaogroup.com\/wp-content\/uploads\/2025\/01\/2_\u55e8\u683c\u5f0f\u538b\u7f29\u526f\u672c_\u7ed3\u679c-2-768x256.webp 768w, https:\/\/www.soaogroup.com\/wp-content\/uploads\/2025\/01\/2_\u55e8\u683c\u5f0f\u538b\u7f29\u526f\u672c_\u7ed3\u679c-2-1536x512.webp 1536w, https:\/\/www.soaogroup.com\/wp-content\/uploads\/2025\/01\/2_\u55e8\u683c\u5f0f\u538b\u7f29\u526f\u672c_\u7ed3\u679c-2-2048x683.webp 2048w\" sizes=\"(max-width: 2250px) 100vw, 2250px\" \/>Caract\u00e9ristiques du produit :<\/h2>\n<h3>Capacit\u00e9 de charge \u00e9lev\u00e9e :<\/h3>\n<p>Avec une charge nominale de 4,0 tonnes, il peut facilement transporter des objets extr\u00eamement lourds. Il est donc parfait pour transporter de gros \u00e9quipements industriels, des composants en acier massifs ou des palettes compl\u00e8tes de mat\u00e9riaux de construction denses.<\/p>\n<h3>Puissance diesel robuste :<\/h3>\n<p>Son moteur diesel d\u00e9livre une puissance consid\u00e9rable. Qu&#039;il s&#039;agisse de d\u00e9marrer un ascenseur ou de se d\u00e9placer \u00e0 un rythme soutenu, il fonctionne sans probl\u00e8me sous de lourdes charges et fait \u00e9galement preuve d&#039;une excellente adaptabilit\u00e9 sur des terrains accident\u00e9s et irr\u00e9guliers.<\/p>\n<h3>Man\u0153uvrabilit\u00e9 exceptionnelle :<\/h3>\n<p>Malgr\u00e9 son poids, le chariot \u00e9l\u00e9vateur est dot\u00e9 d&#039;une structure bien con\u00e7ue, qui lui conf\u00e8re un rayon de braquage relativement faible. Cela permet aux op\u00e9rateurs de man\u0153uvrer avec agilit\u00e9 dans les all\u00e9es \u00e9troites des usines et sur les chantiers exigus.<\/p>\n<h3>Construction robuste :<\/h3>\n<p>Fabriqu\u00e9 \u00e0 partir de mat\u00e9riaux durables, il peut r\u00e9sister \u00e0 l&#039;usure quotidienne d&#039;une utilisation intensive, \u00e0 des impacts fr\u00e9quents et \u00e0 des conditions environnementales difficiles. Cette r\u00e9silience r\u00e9duit la fr\u00e9quence de maintenance et les temps d&#039;arr\u00eat co\u00fbteux.<\/p>\n<h3>Fonctionnement \u00e0 longue port\u00e9e :<\/h3>\n<p>Gr\u00e2ce \u00e0 son syst\u00e8me de carburant diesel, il peut travailler pendant de longues p\u00e9riodes entre deux ravitaillements. Cette longue fen\u00eatre de fonctionnement est tr\u00e8s avantageuse pour les gros travaux continus qui ne peuvent pas se permettre de pauses fr\u00e9quentes.<\/p>\n<h3>Traction sup\u00e9rieure :<\/h3>\n<p>Equip\u00e9 de pneus adapt\u00e9s, il offre une excellente traction. Lors du d\u00e9placement de charges lourdes, il reste fermement ancr\u00e9 au sol, r\u00e9duisant ainsi le risque de glissement, m\u00eame sur des surfaces mouill\u00e9es ou boueuses.<\/p>\n<h2>Application:<\/h2>\n<p>Le chariot \u00e9l\u00e9vateur diesel CPC40-K 4,0 T est largement utilis\u00e9 dans divers sc\u00e9narios industriels. Dans les chantiers de construction anim\u00e9s, il est un v\u00e9ritable concentr\u00e9 de puissance pour d\u00e9placer des poutres en acier g\u00e9antes, des \u00e9l\u00e9ments en b\u00e9ton pr\u00e9fabriqu\u00e9 lourds et des piles de briques, rationalisant ainsi les processus de construction sur des terrains accident\u00e9s. Les grands entrep\u00f4ts avec stockage ext\u00e9rieur comptent sur lui pour d\u00e9placer des palettes surdimensionn\u00e9es et lourdes remplies de pi\u00e8ces de machines ou de produits finis. Dans les ports, il joue un r\u00f4le essentiel dans le chargement et le d\u00e9chargement d&#039;\u00e9normes conteneurs d&#039;exp\u00e9dition sur des camions, am\u00e9liorant ainsi l&#039;efficacit\u00e9 de la manutention du fret. Sa capacit\u00e9 de charge \u00e9lev\u00e9e et ses performances fiables en font un atout indispensable dans tous les secteurs.<\/p>","protected":false},"excerpt":{"rendered":"<h4 class=\"elementor-heading-title elementor-size-default\" style=\"text-align: center; padding-bottom: 30px;\">\u00a0Chariot \u00e9l\u00e9vateur diesel CPC40-K 4,0 T<\/h4>\n<div>Le chariot \u00e9l\u00e9vateur diesel CPC40-K 4,0 T est un engin de manutention robuste. Avec une capacit\u00e9 de charge de 4 tonnes, il peut soulever des objets volumineux et lourds. Aliment\u00e9 par du diesel, il est suffisamment solide pour s&#039;adapter \u00e0 divers terrains. Sa conception compacte garantit une utilisation facile dans les espaces \u00e9troits et sa durabilit\u00e9 convient \u00e0 une utilisation industrielle \u00e0 long terme.<\/div>\n<div>\n<hr \/>\n<\/div>\n<p><img decoding=\"async\" class=\"alignnone wp-image-257\" src=\"https:\/\/www.soaogroup.com\/wp-content\/uploads\/2025\/02\/\u672a\u6807\u9898-2.jpg\" alt=\"\" width=\"48\" height=\"50\" \/>\u00a0 WhatsApp :<a href=\"https:\/\/api.whatsapp.com\/send?phone=8613395319660\" target=\"_blank\" rel=\"noopener\">\u00a0+8613395319660 <\/a><\/p>\n<div>\n<hr \/>\n<\/div>\n<p><img decoding=\"async\" class=\"alignnone wp-image-258\" src=\"https:\/\/www.soaogroup.com\/wp-content\/uploads\/2025\/02\/emaillogoblue.jpg\" alt=\"\" width=\"48\" height=\"55\" \/>\u00a0\u00a0E-mail : <a href=\"mailto:sales@sdsoao.com\" target=\"_blank\" rel=\"noopener\">\u00a0sales@sdsoao.com<\/a><\/p>\n<div>\n<hr \/>\n<\/div>\n<h3><\/h3>\n<div><\/div>","protected":false},"featured_media":188,"comment_status":"open","ping_status":"closed","template":"","meta":[],"product_brand":[],"product_cat":[18,16],"product_tag":[],"class_list":{"0":"post-149","1":"product","2":"type-product","3":"status-publish","4":"has-post-thumbnail","6":"product_cat-diesel-forklift","7":"product_cat-forklift","9":"first","10":"instock","11":"shipping-taxable","12":"product-type-simple"},"_links":{"self":[{"href":"https:\/\/www.soaogroup.com\/fr\/wp-json\/wp\/v2\/product\/149","targetHints":{"allow":["GET"]}}],"collection":[{"href":"https:\/\/www.soaogroup.com\/fr\/wp-json\/wp\/v2\/product"}],"about":[{"href":"https:\/\/www.soaogroup.com\/fr\/wp-json\/wp\/v2\/types\/product"}],"replies":[{"embeddable":true,"href":"https:\/\/www.soaogroup.com\/fr\/wp-json\/wp\/v2\/comments?post=149"}],"wp:featuredmedia":[{"embeddable":true,"href":"https:\/\/www.soaogroup.com\/fr\/wp-json\/wp\/v2\/media\/188"}],"wp:attachment":[{"href":"https:\/\/www.soaogroup.com\/fr\/wp-json\/wp\/v2\/media?parent=149"}],"wp:term":[{"taxonomy":"product_brand","embeddable":true,"href":"https:\/\/www.soaogroup.com\/fr\/wp-json\/wp\/v2\/product_brand?post=149"},{"taxonomy":"product_cat","embeddable":true,"href":"https:\/\/www.soaogroup.com\/fr\/wp-json\/wp\/v2\/product_cat?post=149"},{"taxonomy":"product_tag","embeddable":true,"href":"https:\/\/www.soaogroup.com\/fr\/wp-json\/wp\/v2\/product_tag?post=149"}],"curies":[{"name":"wp","href":"https:\/\/api.w.org\/{rel}","templated":true}]}}