{"id":148,"date":"2025-01-13T13:33:58","date_gmt":"2025-01-13T05:33:58","guid":{"rendered":"https:\/\/www.soaogroup.com\/?post_type=product&#038;p=148"},"modified":"2025-04-22T15:11:44","modified_gmt":"2025-04-22T07:11:44","slug":"cpc38-k-3-8t-diesel-forklift","status":"publish","type":"product","link":"https:\/\/www.soaogroup.com\/fr\/produit\/cpc38-k-3-8t-diesel-forklift\/","title":{"rendered":"Chariot \u00e9l\u00e9vateur diesel CPC38-K 3,8 T"},"content":{"rendered":"<h2>D\u00e9tails du produit :<\/h2>\n<table class=\"tg\" style=\"border-collapse: collapse; border-spacing: 0;\">\n<thead>\n<tr>\n<th style=\"background-color: #f56b00; color: #ffffff; font-family: Arial, sans-serif; font-size: 14px; font-weight: bold; overflow: hidden; padding: 10px 5px; text-align: left; vertical-align: middle; word-break: normal; border: 1px solid #000000;\"><span style=\"font-weight: 600;\">Article<\/span><\/th>\n<th style=\"background-color: #9b9b9b; color: #ffffff; font-family: Arial, sans-serif; font-size: 14px; font-weight: bold; overflow: hidden; padding: 10px 5px; text-align: left; vertical-align: middle; word-break: normal; border: 1px solid #000000;\"><span style=\"font-weight: 600;\">CPC35-K<\/span><\/th>\n<th style=\"background-color: #9b9b9b; color: #ffffff; font-family: Arial, sans-serif; font-size: 14px; font-weight: bold; overflow: hidden; padding: 10px 5px; text-align: left; vertical-align: middle; word-break: normal; border: 1px solid #000000;\"><span style=\"font-weight: 600;\">CPC38-K<\/span><\/th>\n<th style=\"background-color: #9b9b9b; color: #ffffff; font-family: Arial, sans-serif; font-size: 14px; font-weight: bold; overflow: hidden; padding: 10px 5px; text-align: left; vertical-align: middle; word-break: normal; border: 1px solid #000000;\"><span style=\"font-weight: 600;\">CPC40-K<\/span><\/th>\n<\/tr>\n<\/thead>\n<tbody>\n<tr>\n<td style=\"background-color: #f56b00; color: #ffffff; font-family: Arial, sans-serif; font-size: 14px; overflow: hidden; padding: 10px 5px; text-align: left; vertical-align: middle; word-break: normal; border: 1px solid #000000;\"><span style=\"font-weight: 400;\">Mod\u00e8le<\/span><\/td>\n<td style=\"background-color: #fff; color: #222; font-family: Arial, sans-serif; font-size: 14px; overflow: hidden; padding: 10px 5px; text-align: left; vertical-align: middle; word-break: normal; border: 1px solid #000000;\"><span style=\"font-weight: 400; color: var(--md-box-samantha-normal-text-color);\">CPC35-K<\/span><\/td>\n<td style=\"background-color: #fff; color: #222; font-family: Arial, sans-serif; font-size: 14px; overflow: hidden; padding: 10px 5px; text-align: left; vertical-align: middle; word-break: normal; border: 1px solid #000000;\"><span style=\"font-weight: 400; color: var(--md-box-samantha-normal-text-color);\">CPC38-K<\/span><\/td>\n<td style=\"background-color: #fff; color: #222; font-family: Arial, sans-serif; font-size: 14px; overflow: hidden; padding: 10px 5px; text-align: left; vertical-align: middle; word-break: normal; border: 1px solid #000000;\"><span style=\"font-weight: 400; color: var(--md-box-samantha-normal-text-color);\">CPC40-K<\/span><\/td>\n<\/tr>\n<tr>\n<td style=\"background-color: #f56b00; color: #ffffff; font-family: Arial, sans-serif; font-size: 14px; overflow: hidden; padding: 10px 5px; text-align: left; vertical-align: middle; word-break: normal; border: 1px solid #000000;\"><span style=\"font-weight: 400;\">Type d&#039;alimentation<\/span><\/td>\n<td style=\"background-color: #fff; color: #222; font-family: Arial, sans-serif; font-size: 14px; overflow: hidden; padding: 10px 5px; text-align: left; vertical-align: middle; word-break: normal; border: 1px solid #000000;\"><span style=\"font-weight: 400; color: var(--md-box-samantha-normal-text-color);\">Gas-oil<\/span><\/td>\n<td style=\"background-color: #fff; color: #222; font-family: Arial, sans-serif; font-size: 14px; overflow: hidden; padding: 10px 5px; text-align: left; vertical-align: middle; word-break: normal; border: 1px solid #000000;\"><span style=\"font-weight: 400; color: var(--md-box-samantha-normal-text-color);\">Gas-oil<\/span><\/td>\n<td style=\"background-color: #fff; color: #222; font-family: Arial, sans-serif; font-size: 14px; overflow: hidden; padding: 10px 5px; text-align: left; vertical-align: middle; word-break: normal; border: 1px solid #000000;\"><span style=\"font-weight: 400; color: var(--md-box-samantha-normal-text-color);\">Gas-oil<\/span><\/td>\n<\/tr>\n<tr>\n<td style=\"background-color: #f56b00; color: #ffffff; font-family: Arial, sans-serif; font-size: 14px; overflow: hidden; padding: 10px 5px; text-align: left; vertical-align: middle; word-break: normal; border: 1px solid #000000;\"><span style=\"font-weight: 400;\">Capacit\u00e9 de charge nominale<\/span><\/td>\n<td style=\"background-color: #fff; color: #222; font-family: Arial, sans-serif; font-size: 14px; overflow: hidden; padding: 10px 5px; text-align: left; vertical-align: middle; word-break: normal; border: 1px solid #000000;\"><span style=\"font-weight: 400; color: var(--md-box-samantha-normal-text-color);\">3 500 kg<\/span><\/td>\n<td style=\"background-color: #fff; color: #222; font-family: Arial, sans-serif; font-size: 14px; overflow: hidden; padding: 10px 5px; text-align: left; vertical-align: middle; word-break: normal; border: 1px solid #000000;\"><span style=\"font-weight: 400; color: var(--md-box-samantha-normal-text-color);\">3 800 kg<\/span><\/td>\n<td style=\"background-color: #fff; color: #222; font-family: Arial, sans-serif; font-size: 14px; overflow: hidden; padding: 10px 5px; text-align: left; vertical-align: middle; word-break: normal; border: 1px solid #000000;\"><span style=\"font-weight: 400; color: var(--md-box-samantha-normal-text-color);\">4 000 kg<\/span><\/td>\n<\/tr>\n<tr>\n<td style=\"background-color: #f56b00; color: #ffffff; font-family: Arial, sans-serif; font-size: 14px; overflow: hidden; padding: 10px 5px; text-align: left; vertical-align: middle; word-break: normal; border: 1px solid #000000;\"><span style=\"font-weight: 400;\">Hauteur de levage maximale<\/span><\/td>\n<td style=\"background-color: #fff; color: #222; font-family: Arial, sans-serif; font-size: 14px; overflow: hidden; padding: 10px 5px; text-align: left; vertical-align: middle; word-break: normal; border: 1px solid #000000;\"><span style=\"font-weight: 400; color: var(--md-box-samantha-normal-text-color);\">3 000 mm<\/span><\/td>\n<td style=\"background-color: #fff; color: #222; font-family: Arial, sans-serif; font-size: 14px; overflow: hidden; padding: 10px 5px; text-align: left; vertical-align: middle; word-break: normal; border: 1px solid #000000;\"><span style=\"font-weight: 400; color: var(--md-box-samantha-normal-text-color);\">3 000 mm<\/span><\/td>\n<td style=\"background-color: #fff; color: #222; font-family: Arial, sans-serif; font-size: 14px; overflow: hidden; padding: 10px 5px; text-align: left; vertical-align: middle; word-break: normal; border: 1px solid #000000;\"><span style=\"font-weight: 400; color: var(--md-box-samantha-normal-text-color);\">3 000 mm<\/span><\/td>\n<\/tr>\n<tr>\n<td style=\"background-color: #f56b00; color: #ffffff; font-family: Arial, sans-serif; font-size: 14px; overflow: hidden; padding: 10px 5px; text-align: left; vertical-align: middle; word-break: normal; border: 1px solid #000000;\"><span style=\"font-weight: 400;\">Taille de la fourche<\/span><\/td>\n<td style=\"background-color: #fff; color: #222; font-family: Arial, sans-serif; font-size: 14px; overflow: hidden; padding: 10px 5px; text-align: left; vertical-align: middle; word-break: normal; border: 1px solid #000000;\"><span style=\"font-weight: 400; color: var(--md-box-samantha-normal-text-color);\">1070 * 122 * 50 mm<\/span><\/td>\n<td style=\"background-color: #fff; color: #222; font-family: Arial, sans-serif; font-size: 14px; overflow: hidden; padding: 10px 5px; text-align: left; vertical-align: middle; word-break: normal; border: 1px solid #000000;\"><span style=\"font-weight: 400; color: var(--md-box-samantha-normal-text-color);\">1070 * 122 * 50 mm<\/span><\/td>\n<td style=\"background-color: #fff; color: #222; font-family: Arial, sans-serif; font-size: 14px; overflow: hidden; padding: 10px 5px; text-align: left; vertical-align: middle; word-break: normal; border: 1px solid #000000;\"><span style=\"font-weight: 400; color: var(--md-box-samantha-normal-text-color);\">1070 * 122 * 50 mm<\/span><\/td>\n<\/tr>\n<tr>\n<td style=\"background-color: #f56b00; color: #ffffff; font-family: Arial, sans-serif; font-size: 14px; overflow: hidden; padding: 10px 5px; text-align: left; vertical-align: middle; word-break: normal; border: 1px solid #000000;\"><span style=\"font-weight: 400;\">Moteur<\/span><\/td>\n<td style=\"background-color: #fff; color: #222; font-family: Arial, sans-serif; font-size: 14px; overflow: hidden; padding: 10px 5px; text-align: left; vertical-align: middle; word-break: normal; border: 1px solid #000000;\"><span style=\"font-weight: 400; color: var(--md-box-samantha-normal-text-color);\">xinchai<\/span><\/td>\n<td style=\"background-color: #fff; color: #222; font-family: Arial, sans-serif; font-size: 14px; overflow: hidden; padding: 10px 5px; text-align: left; vertical-align: middle; word-break: normal; border: 1px solid #000000;\"><span style=\"font-weight: 400; color: var(--md-box-samantha-normal-text-color);\">xinchai<\/span><\/td>\n<td style=\"background-color: #fff; color: #222; font-family: Arial, sans-serif; font-size: 14px; overflow: hidden; padding: 10px 5px; text-align: left; vertical-align: middle; word-break: normal; border: 1px solid #000000;\"><span style=\"font-weight: 400; color: var(--md-box-samantha-normal-text-color);\">xinchai<\/span><\/td>\n<\/tr>\n<tr>\n<td style=\"background-color: #f56b00; color: #ffffff; font-family: Arial, sans-serif; font-size: 14px; overflow: hidden; padding: 10px 5px; text-align: left; vertical-align: middle; word-break: normal; border: 1px solid #000000;\"><span style=\"font-weight: 400;\">Pouvoir<\/span><\/td>\n<td style=\"background-color: #fff; color: #222; font-family: Arial, sans-serif; font-size: 14px; overflow: hidden; padding: 10px 5px; text-align: left; vertical-align: middle; word-break: normal; border: 1px solid #000000;\"><span style=\"font-weight: 400; color: var(--md-box-samantha-normal-text-color);\">39 kW<\/span><\/td>\n<td style=\"background-color: #fff; color: #222; font-family: Arial, sans-serif; font-size: 14px; overflow: hidden; padding: 10px 5px; text-align: left; vertical-align: middle; word-break: normal; border: 1px solid #000000;\"><span style=\"font-weight: 400; color: var(--md-box-samantha-normal-text-color);\">39 kW<\/span><\/td>\n<td style=\"background-color: #fff; color: #222; font-family: Arial, sans-serif; font-size: 14px; overflow: hidden; padding: 10px 5px; text-align: left; vertical-align: middle; word-break: normal; border: 1px solid #000000;\"><span style=\"font-weight: 400; color: var(--md-box-samantha-normal-text-color);\">39 kW<\/span><\/td>\n<\/tr>\n<tr>\n<td style=\"background-color: #f56b00; color: #ffffff; font-family: Arial, sans-serif; font-size: 14px; overflow: hidden; padding: 10px 5px; text-align: left; vertical-align: middle; word-break: normal; border: 1px solid #000000;\"><span style=\"font-weight: 400;\">Aptitude \u00e0 la pente<\/span><\/td>\n<td style=\"background-color: #fff; color: #222; font-family: Arial, sans-serif; font-size: 14px; overflow: hidden; padding: 10px 5px; text-align: left; vertical-align: middle; word-break: normal; border: 1px solid #000000;\"><span style=\"font-weight: 400; color: var(--md-box-samantha-normal-text-color);\">18\u00b0<\/span><\/td>\n<td style=\"background-color: #fff; color: #222; font-family: Arial, sans-serif; font-size: 14px; overflow: hidden; padding: 10px 5px; text-align: left; vertical-align: middle; word-break: normal; border: 1px solid #000000;\"><span style=\"font-weight: 400; color: var(--md-box-samantha-normal-text-color);\">16\u00b0<\/span><\/td>\n<td style=\"background-color: #fff; color: #222; font-family: Arial, sans-serif; font-size: 14px; overflow: hidden; padding: 10px 5px; text-align: left; vertical-align: middle; word-break: normal; border: 1px solid #000000;\"><span style=\"font-weight: 400; color: var(--md-box-samantha-normal-text-color);\">16\u00b0<\/span><\/td>\n<\/tr>\n<tr>\n<td style=\"background-color: #f56b00; color: #ffffff; font-family: Arial, sans-serif; font-size: 14px; overflow: hidden; padding: 10px 5px; text-align: left; vertical-align: middle; word-break: normal; border: 1px solid #000000;\"><span style=\"font-weight: 400;\">Poids<\/span><\/td>\n<td style=\"background-color: #fff; color: #222; font-family: Arial, sans-serif; font-size: 14px; overflow: hidden; padding: 10px 5px; text-align: left; vertical-align: middle; word-break: normal; border: 1px solid #000000;\"><span style=\"font-weight: 400; color: var(--md-box-samantha-normal-text-color);\">4 390 kg<\/span><\/td>\n<td style=\"background-color: #fff; color: #222; font-family: Arial, sans-serif; font-size: 14px; overflow: hidden; padding: 10px 5px; text-align: left; vertical-align: middle; word-break: normal; border: 1px solid #000000;\"><span style=\"font-weight: 400; color: var(--md-box-samantha-normal-text-color);\">4 550 kg<\/span><\/td>\n<td style=\"background-color: #fff; color: #222; font-family: Arial, sans-serif; font-size: 14px; overflow: hidden; padding: 10px 5px; text-align: left; vertical-align: middle; word-break: normal; border: 1px solid #000000;\"><span style=\"font-weight: 400; color: var(--md-box-samantha-normal-text-color);\">4 550 kg<\/span><\/td>\n<\/tr>\n<tr>\n<td style=\"background-color: #f56b00; color: #ffffff; font-family: Arial, sans-serif; font-size: 14px; overflow: hidden; padding: 10px 5px; text-align: left; vertical-align: middle; word-break: normal; border: 1px solid black;\"><span style=\"font-weight: 400;\">Dimensions<\/span><\/td>\n<td style=\"background-color: #fff; color: #222; font-family: Arial, sans-serif; font-size: 14px; overflow: hidden; padding: 10px 5px; text-align: left; vertical-align: middle; word-break: normal; border: 1px solid black;\"><span style=\"font-weight: 400; color: var(--md-box-samantha-normal-text-color);\">2 750 x 1 240 x 2 070 mm<\/span><\/td>\n<td style=\"background-color: #fff; color: #222; font-family: Arial, sans-serif; font-size: 14px; overflow: hidden; padding: 10px 5px; text-align: left; vertical-align: middle; word-break: normal; border: 1px solid black;\"><span style=\"font-weight: 400; color: var(--md-box-samantha-normal-text-color);\">2 750 x 1 240 x 2 070 mm<\/span><\/td>\n<td style=\"background-color: #fff; color: #222; font-family: Arial, sans-serif; font-size: 14px; overflow: hidden; padding: 10px 5px; text-align: left; vertical-align: middle; word-break: normal; border: 1px solid black;\"><span style=\"font-weight: 400; color: var(--md-box-samantha-normal-text-color);\">2 820 x 1 240 x 2 070 mm<\/span><\/td>\n<\/tr>\n<\/tbody>\n<\/table>\n<h2><img fetchpriority=\"high\" decoding=\"async\" class=\"alignnone size-full wp-image-184\" src=\"https:\/\/www.soaogroup.com\/wp-content\/uploads\/2025\/01\/38-1_\u55e8\u683c\u5f0f\u538b\u7f29\u526f\u672c_\u7ed3\u679c.webp\" alt=\"\" width=\"2250\" height=\"750\" srcset=\"https:\/\/www.soaogroup.com\/wp-content\/uploads\/2025\/01\/38-1_\u55e8\u683c\u5f0f\u538b\u7f29\u526f\u672c_\u7ed3\u679c.webp 2250w, https:\/\/www.soaogroup.com\/wp-content\/uploads\/2025\/01\/38-1_\u55e8\u683c\u5f0f\u538b\u7f29\u526f\u672c_\u7ed3\u679c-600x200.webp 600w, https:\/\/www.soaogroup.com\/wp-content\/uploads\/2025\/01\/38-1_\u55e8\u683c\u5f0f\u538b\u7f29\u526f\u672c_\u7ed3\u679c-300x100.webp 300w, https:\/\/www.soaogroup.com\/wp-content\/uploads\/2025\/01\/38-1_\u55e8\u683c\u5f0f\u538b\u7f29\u526f\u672c_\u7ed3\u679c-1024x341.webp 1024w, https:\/\/www.soaogroup.com\/wp-content\/uploads\/2025\/01\/38-1_\u55e8\u683c\u5f0f\u538b\u7f29\u526f\u672c_\u7ed3\u679c-768x256.webp 768w, https:\/\/www.soaogroup.com\/wp-content\/uploads\/2025\/01\/38-1_\u55e8\u683c\u5f0f\u538b\u7f29\u526f\u672c_\u7ed3\u679c-1536x512.webp 1536w, https:\/\/www.soaogroup.com\/wp-content\/uploads\/2025\/01\/38-1_\u55e8\u683c\u5f0f\u538b\u7f29\u526f\u672c_\u7ed3\u679c-2048x683.webp 2048w\" sizes=\"(max-width: 2250px) 100vw, 2250px\" \/>Caract\u00e9ristiques du produit :<\/h2>\n<h3><img decoding=\"async\" class=\"size-full wp-image-181 alignright\" src=\"https:\/\/www.soaogroup.com\/wp-content\/uploads\/2025\/01\/\u56fe\u5c42-1_\u55e8\u683c\u5f0f\u538b\u7f29\u526f\u672c_\u7ed3\u679c-1.webp\" alt=\"\" width=\"800\" height=\"800\" srcset=\"https:\/\/www.soaogroup.com\/wp-content\/uploads\/2025\/01\/\u56fe\u5c42-1_\u55e8\u683c\u5f0f\u538b\u7f29\u526f\u672c_\u7ed3\u679c-1.webp 800w, https:\/\/www.soaogroup.com\/wp-content\/uploads\/2025\/01\/\u56fe\u5c42-1_\u55e8\u683c\u5f0f\u538b\u7f29\u526f\u672c_\u7ed3\u679c-1-300x300.webp 300w, https:\/\/www.soaogroup.com\/wp-content\/uploads\/2025\/01\/\u56fe\u5c42-1_\u55e8\u683c\u5f0f\u538b\u7f29\u526f\u672c_\u7ed3\u679c-1-100x100.webp 100w, https:\/\/www.soaogroup.com\/wp-content\/uploads\/2025\/01\/\u56fe\u5c42-1_\u55e8\u683c\u5f0f\u538b\u7f29\u526f\u672c_\u7ed3\u679c-1-600x600.webp 600w, https:\/\/www.soaogroup.com\/wp-content\/uploads\/2025\/01\/\u56fe\u5c42-1_\u55e8\u683c\u5f0f\u538b\u7f29\u526f\u672c_\u7ed3\u679c-1-150x150.webp 150w, https:\/\/www.soaogroup.com\/wp-content\/uploads\/2025\/01\/\u56fe\u5c42-1_\u55e8\u683c\u5f0f\u538b\u7f29\u526f\u672c_\u7ed3\u679c-1-768x768.webp 768w\" sizes=\"(max-width: 800px) 100vw, 800px\" \/><\/h3>\n<h3>Capacit\u00e9 de levage \u00e9lev\u00e9e :<\/h3>\n<p>Avec une capacit\u00e9 nominale de 3,8 tonnes, il est con\u00e7u pour supporter des charges importantes. Il est donc id\u00e9al pour transporter des articles volumineux et lourds tels que des machines industrielles, des lingots de m\u00e9tal ou des palettes compl\u00e8tes de mat\u00e9riaux de construction.<\/p>\n<h3>Moteur diesel puissant :<\/h3>\n<p>Equip\u00e9 d&#039;un moteur diesel, il g\u00e9n\u00e8re une puissance robuste et constante. Cela permet des op\u00e9rations de levage et de d\u00e9placement fluides et efficaces, m\u00eame avec des charges maximales, et fournit la puissance n\u00e9cessaire sur diff\u00e9rents terrains.<\/p>\n<h3>Man\u0153uvrabilit\u00e9 am\u00e9lior\u00e9e :<\/h3>\n<p>Malgr\u00e9 sa robustesse, il est dot\u00e9 d&#039;un ch\u00e2ssis bien con\u00e7u, ce qui lui conf\u00e8re un rayon de braquage relativement faible. Les op\u00e9rateurs peuvent facilement le man\u0153uvrer dans les all\u00e9es \u00e9troites des entrep\u00f4ts, les all\u00e9es d&#039;usine ou les chantiers de construction tr\u00e8s fr\u00e9quent\u00e9s.<\/p>\n<h3>Durabilit\u00e9:<\/h3>\n<p>Fabriqu\u00e9 \u00e0 partir de mat\u00e9riaux et de composants de haute qualit\u00e9, il peut supporter une utilisation intensive, des impacts r\u00e9p\u00e9t\u00e9s et des environnements de travail difficiles. Cette durabilit\u00e9 r\u00e9duit les temps d&#039;arr\u00eat dus aux pannes et la fr\u00e9quence des op\u00e9rations de maintenance.<\/p>\n<h3>Longue port\u00e9e de travail :<\/h3>\n<p>Gr\u00e2ce \u00e0 son alimentation en gazole, il offre une longue dur\u00e9e de fonctionnement entre les arr\u00eats de ravitaillement. C&#039;est un avantage consid\u00e9rable pour les grands projets o\u00f9 un fonctionnement continu sans interruptions fr\u00e9quentes est crucial.<\/p>\n<h3>Traction sup\u00e9rieure :<\/h3>\n<p>\u00c9quip\u00e9 de pneus adapt\u00e9s, il poss\u00e8de une excellente traction. Lors du d\u00e9placement de charges lourdes, il maintient la stabilit\u00e9, minimisant ainsi le risque de d\u00e9rapage, m\u00eame sur des surfaces glissantes ou irr\u00e9guli\u00e8res.<\/p>\n<h2>Application:<\/h2>\n<p>Le chariot \u00e9l\u00e9vateur diesel CPC38-K 3,8 T est largement utilis\u00e9 dans de nombreux secteurs. Dans les projets de construction, il est indispensable pour transporter de lourdes poutres en acier, des dalles en b\u00e9ton pr\u00e9fabriqu\u00e9es et des piles de briques. Sa capacit\u00e9 de 3,8 tonnes signifie moins de cycles de manutention, ce qui acc\u00e9l\u00e8re la progression de la construction sur un sol irr\u00e9gulier. Dans les entrep\u00f4ts \u00e0 grande \u00e9chelle avec stockage ext\u00e9rieur, il peut d\u00e9placer sans effort des conteneurs surdimensionn\u00e9s et des pi\u00e8ces de machines volumineuses. Les ports b\u00e9n\u00e9ficient \u00e9galement de ses capacit\u00e9s. Il charge et d\u00e9charge en douceur les cargaisons entre les navires et les camions, rationalisant ainsi la cha\u00eene d&#039;approvisionnement, en particulier lorsqu&#039;il s&#039;agit de marchandises lourdes.<\/p>\n<p>&nbsp;<\/p>","protected":false},"excerpt":{"rendered":"<h4 class=\"elementor-heading-title elementor-size-default\" style=\"text-align: center; padding-bottom: 30px;\">Chariot \u00e9l\u00e9vateur diesel CPC38-K 3,8 T<\/h4>\n<div>Le chariot \u00e9l\u00e9vateur diesel CPC38-K 3,8 T est un outil robuste et fiable. Il peut soulever jusqu&#039;\u00e0 3,8 tonnes et manipuler facilement de lourdes charges. Aliment\u00e9 par du diesel, il poss\u00e8de une force motrice puissante et convient \u00e0 divers terrains. Sa construction compacte permet un mouvement fluide dans les zones \u00e9troites et sa construction robuste garantit une utilisation \u00e0 long terme dans les environnements industriels.<\/div>\n<div>\n<hr \/>\n<\/div>\n<p><img decoding=\"async\" class=\"alignnone wp-image-257\" src=\"https:\/\/www.soaogroup.com\/wp-content\/uploads\/2025\/02\/\u672a\u6807\u9898-2.jpg\" alt=\"\" width=\"48\" height=\"50\" \/>\u00a0 WhatsApp :<a href=\"https:\/\/api.whatsapp.com\/send?phone=8613395319660\" target=\"_blank\" rel=\"noopener\">\u00a0+8613395319660 <\/a><\/p>\n<div>\n<hr \/>\n<\/div>\n<p><img loading=\"lazy\" decoding=\"async\" class=\"alignnone wp-image-258\" src=\"https:\/\/www.soaogroup.com\/wp-content\/uploads\/2025\/02\/emaillogoblue.jpg\" alt=\"\" width=\"48\" height=\"55\" \/>\u00a0\u00a0E-mail : <a href=\"mailto:sales@sdsoao.com\" target=\"_blank\" rel=\"noopener\">\u00a0sales@sdsoao.com<\/a><\/p>\n<div>\n<hr \/>\n<\/div>\n<h3><\/h3>\n<div><\/div>","protected":false},"featured_media":195,"comment_status":"open","ping_status":"closed","template":"","meta":[],"product_brand":[],"product_cat":[18,16],"product_tag":[],"class_list":{"0":"post-148","1":"product","2":"type-product","3":"status-publish","4":"has-post-thumbnail","6":"product_cat-diesel-forklift","7":"product_cat-forklift","9":"first","10":"instock","11":"shipping-taxable","12":"product-type-simple"},"_links":{"self":[{"href":"https:\/\/www.soaogroup.com\/fr\/wp-json\/wp\/v2\/product\/148","targetHints":{"allow":["GET"]}}],"collection":[{"href":"https:\/\/www.soaogroup.com\/fr\/wp-json\/wp\/v2\/product"}],"about":[{"href":"https:\/\/www.soaogroup.com\/fr\/wp-json\/wp\/v2\/types\/product"}],"replies":[{"embeddable":true,"href":"https:\/\/www.soaogroup.com\/fr\/wp-json\/wp\/v2\/comments?post=148"}],"wp:featuredmedia":[{"embeddable":true,"href":"https:\/\/www.soaogroup.com\/fr\/wp-json\/wp\/v2\/media\/195"}],"wp:attachment":[{"href":"https:\/\/www.soaogroup.com\/fr\/wp-json\/wp\/v2\/media?parent=148"}],"wp:term":[{"taxonomy":"product_brand","embeddable":true,"href":"https:\/\/www.soaogroup.com\/fr\/wp-json\/wp\/v2\/product_brand?post=148"},{"taxonomy":"product_cat","embeddable":true,"href":"https:\/\/www.soaogroup.com\/fr\/wp-json\/wp\/v2\/product_cat?post=148"},{"taxonomy":"product_tag","embeddable":true,"href":"https:\/\/www.soaogroup.com\/fr\/wp-json\/wp\/v2\/product_tag?post=148"}],"curies":[{"name":"wp","href":"https:\/\/api.w.org\/{rel}","templated":true}]}}