{"id":144,"date":"2025-01-13T12:39:50","date_gmt":"2025-01-13T04:39:50","guid":{"rendered":"https:\/\/www.soaogroup.com\/?post_type=product&#038;p=144"},"modified":"2025-04-22T15:26:34","modified_gmt":"2025-04-22T07:26:34","slug":"cpc30-k-3-0t-diesel-forklift","status":"publish","type":"product","link":"https:\/\/www.soaogroup.com\/fr\/produit\/cpc30-k-3-0t-diesel-forklift\/","title":{"rendered":"Chariot \u00e9l\u00e9vateur diesel CPC30-K 3,0 T"},"content":{"rendered":"<h2>D\u00e9tails du produit :<\/h2>\n<table class=\"tg\" style=\"border-collapse: collapse; border-spacing: 0;\">\n<thead>\n<tr>\n<th style=\"background-color: #f56b00; color: #ffffff; font-family: Arial, sans-serif; font-size: 14px; font-weight: bold; overflow: hidden; padding: 10px 5px; text-align: left; vertical-align: middle; word-break: normal; border: 1px solid #000000;\"><span style=\"font-weight: 600;\">Article<\/span><\/th>\n<th style=\"background-color: #9b9b9b; color: #ffffff; font-family: Arial, sans-serif; font-size: 14px; font-weight: bold; overflow: hidden; padding: 10px 5px; text-align: left; vertical-align: middle; word-break: normal; border: 1px solid #000000;\"><span style=\"font-weight: 600;\">CPC20-K<\/span><\/th>\n<th style=\"background-color: #9b9b9b; color: #ffffff; font-family: Arial, sans-serif; font-size: 14px; font-weight: bold; overflow: hidden; padding: 10px 5px; text-align: left; vertical-align: middle; word-break: normal; border: 1px solid #000000;\"><span style=\"font-weight: 600;\">CPC25-K<\/span><\/th>\n<th style=\"background-color: #9b9b9b; color: #ffffff; font-family: Arial, sans-serif; font-size: 14px; font-weight: bold; overflow: hidden; padding: 10px 5px; text-align: left; vertical-align: middle; word-break: normal; border: 1px solid #000000;\"><span style=\"font-weight: 600;\">CPC30-K<\/span><\/th>\n<\/tr>\n<\/thead>\n<tbody>\n<tr>\n<td style=\"background-color: #f56b00; color: #ffffff; font-family: Arial, sans-serif; font-size: 14px; overflow: hidden; padding: 10px 5px; text-align: left; vertical-align: middle; word-break: normal; border: 1px solid #000000;\"><span style=\"font-weight: 400;\">Type d&#039;alimentation<\/span><\/td>\n<td style=\"background-color: #fff; color: #222222; font-family: Arial, sans-serif; font-size: 14px; overflow: hidden; padding: 10px 5px; text-align: left; vertical-align: middle; word-break: normal; border: 1px solid #000000;\"><span style=\"font-weight: 400;\">Gas-oil<\/span><\/td>\n<td style=\"background-color: #fff; color: #222222; font-family: Arial, sans-serif; font-size: 14px; overflow: hidden; padding: 10px 5px; text-align: left; vertical-align: middle; word-break: normal; border: 1px solid #000000;\"><span style=\"font-weight: 400;\">Gas-oil<\/span><\/td>\n<td style=\"background-color: #fff; color: #222; font-family: Arial, sans-serif; font-size: 14px; overflow: hidden; padding: 10px 5px; text-align: left; vertical-align: middle; word-break: normal; border: 1px solid #000000;\"><span style=\"font-weight: 400; color: var(--md-box-samantha-normal-text-color);\">Gas-oil<\/span><\/td>\n<\/tr>\n<tr>\n<td style=\"background-color: #f56b00; color: #ffffff; font-family: Arial, sans-serif; font-size: 14px; overflow: hidden; padding: 10px 5px; text-align: left; vertical-align: middle; word-break: normal; border: 1px solid #000000;\"><span style=\"font-weight: 400;\">Capacit\u00e9 de charge nominale<\/span><\/td>\n<td style=\"background-color: #fff; color: #222222; font-family: Arial, sans-serif; font-size: 14px; overflow: hidden; padding: 10px 5px; text-align: left; vertical-align: middle; word-break: normal; border: 1px solid #000000;\"><span style=\"font-weight: 400;\">2 000 kg<\/span><\/td>\n<td style=\"background-color: #fff; color: #222222; font-family: Arial, sans-serif; font-size: 14px; overflow: hidden; padding: 10px 5px; text-align: left; vertical-align: middle; word-break: normal; border: 1px solid #000000;\"><span style=\"font-weight: 400;\">2 500 kg<\/span><\/td>\n<td style=\"background-color: #fff; color: #222; font-family: Arial, sans-serif; font-size: 14px; overflow: hidden; padding: 10px 5px; text-align: left; vertical-align: middle; word-break: normal; border: 1px solid #000000;\"><span style=\"font-weight: 400; color: var(--md-box-samantha-normal-text-color);\">3 000 kg<\/span><\/td>\n<\/tr>\n<tr>\n<td style=\"background-color: #f56b00; color: #ffffff; font-family: Arial, sans-serif; font-size: 14px; overflow: hidden; padding: 10px 5px; text-align: left; vertical-align: middle; word-break: normal; border: 1px solid #000000;\"><span style=\"font-weight: 400;\">Hauteur de levage maximale<\/span><\/td>\n<td style=\"background-color: #fff; color: #222; font-family: Arial, sans-serif; font-size: 14px; overflow: hidden; padding: 10px 5px; text-align: left; vertical-align: middle; word-break: normal; border: 1px solid #000000;\"><span style=\"font-weight: 400; color: var(--md-box-samantha-normal-text-color);\">3 000 mm<\/span><\/td>\n<td style=\"background-color: #fff; color: #222; font-family: Arial, sans-serif; font-size: 14px; overflow: hidden; padding: 10px 5px; text-align: left; vertical-align: middle; word-break: normal; border: 1px solid #000000;\"><span style=\"font-weight: 400; color: var(--md-box-samantha-normal-text-color);\">3 000 mm<\/span><\/td>\n<td style=\"background-color: #fff; color: #222; font-family: Arial, sans-serif; font-size: 14px; overflow: hidden; padding: 10px 5px; text-align: left; vertical-align: middle; word-break: normal; border: 1px solid #000000;\"><span style=\"font-weight: 400; color: var(--md-box-samantha-normal-text-color);\">3 000 mm<\/span><\/td>\n<\/tr>\n<tr>\n<td style=\"background-color: #f56b00; color: #ffffff; font-family: Arial, sans-serif; font-size: 14px; overflow: hidden; padding: 10px 5px; text-align: left; vertical-align: middle; word-break: normal; border: 1px solid #000000;\"><span style=\"font-weight: 400;\">Taille de la fourche<\/span><\/td>\n<td style=\"background-color: #fff; color: #222; font-family: Arial, sans-serif; font-size: 14px; overflow: hidden; padding: 10px 5px; text-align: left; vertical-align: middle; word-break: normal; border: 1px solid #000000;\"><span style=\"font-weight: 400; color: var(--md-box-samantha-normal-text-color);\">1070 * 100 * 40 mm<\/span><\/td>\n<td style=\"background-color: #fff; color: #222; font-family: Arial, sans-serif; font-size: 14px; overflow: hidden; padding: 10px 5px; text-align: left; vertical-align: middle; word-break: normal; border: 1px solid #000000;\"><span style=\"font-weight: 400; color: var(--md-box-samantha-normal-text-color);\">1070 * 122 * 40 mm<\/span><\/td>\n<td style=\"background-color: #fff; color: #222; font-family: Arial, sans-serif; font-size: 14px; overflow: hidden; padding: 10px 5px; text-align: left; vertical-align: middle; word-break: normal; border: 1px solid #000000;\"><span style=\"font-weight: 400; color: var(--md-box-samantha-normal-text-color);\">1070 * 122 * 45 mm<\/span><\/td>\n<\/tr>\n<tr>\n<td style=\"background-color: #f56b00; color: #ffffff; font-family: Arial, sans-serif; font-size: 14px; overflow: hidden; padding: 10px 5px; text-align: left; vertical-align: middle; word-break: normal; border: 1px solid #000000;\"><span style=\"font-weight: 400;\">Moteur<\/span><\/td>\n<td style=\"background-color: #fff; color: #222; font-family: Arial, sans-serif; font-size: 14px; overflow: hidden; padding: 10px 5px; text-align: left; vertical-align: middle; word-break: normal; border: 1px solid #000000;\"><span style=\"font-weight: 400; color: var(--md-box-samantha-normal-text-color);\">xinchai<\/span><\/td>\n<td style=\"background-color: #fff; color: #222; font-family: Arial, sans-serif; font-size: 14px; overflow: hidden; padding: 10px 5px; text-align: left; vertical-align: middle; word-break: normal; border: 1px solid #000000;\"><span style=\"font-weight: 400; color: var(--md-box-samantha-normal-text-color);\">xinchai<\/span><\/td>\n<td style=\"background-color: #fff; color: #222; font-family: Arial, sans-serif; font-size: 14px; overflow: hidden; padding: 10px 5px; text-align: left; vertical-align: middle; word-break: normal; border: 1px solid #000000;\"><span style=\"font-weight: 400; color: var(--md-box-samantha-normal-text-color);\">xinchai<\/span><\/td>\n<\/tr>\n<tr>\n<td style=\"background-color: #f56b00; color: #ffffff; font-family: Arial, sans-serif; font-size: 14px; overflow: hidden; padding: 10px 5px; text-align: left; vertical-align: middle; word-break: normal; border: 1px solid #000000;\"><span style=\"font-weight: 400;\">Pouvoir<\/span><\/td>\n<td style=\"background-color: #fff; color: #222; font-family: Arial, sans-serif; font-size: 14px; overflow: hidden; padding: 10px 5px; text-align: left; vertical-align: middle; word-break: normal; border: 1px solid #000000;\"><span style=\"font-weight: 400; color: var(--md-box-samantha-normal-text-color);\">39 kW<\/span><\/td>\n<td style=\"background-color: #fff; color: #222; font-family: Arial, sans-serif; font-size: 14px; overflow: hidden; padding: 10px 5px; text-align: left; vertical-align: middle; word-break: normal; border: 1px solid #000000;\"><span style=\"font-weight: 400; color: var(--md-box-samantha-normal-text-color);\">39 kW<\/span><\/td>\n<td style=\"background-color: #fff; color: #222; font-family: Arial, sans-serif; font-size: 14px; overflow: hidden; padding: 10px 5px; text-align: left; vertical-align: middle; word-break: normal; border: 1px solid #000000;\"><span style=\"font-weight: 400; color: var(--md-box-samantha-normal-text-color);\">39 kW<\/span><\/td>\n<\/tr>\n<tr>\n<td style=\"background-color: #f56b00; color: #ffffff; font-family: Arial, sans-serif; font-size: 14px; overflow: hidden; padding: 10px 5px; text-align: left; vertical-align: middle; word-break: normal; border: 1px solid #000000;\"><span style=\"font-weight: 400;\">Aptitude \u00e0 la pente<\/span><\/td>\n<td style=\"background-color: #fff; color: #222; font-family: Arial, sans-serif; font-size: 14px; overflow: hidden; padding: 10px 5px; text-align: left; vertical-align: middle; word-break: normal; border: 1px solid #000000;\"><span style=\"font-weight: 400; color: var(--md-box-samantha-normal-text-color);\">20\u00b0<\/span><\/td>\n<td style=\"background-color: #fff; color: #222; font-family: Arial, sans-serif; font-size: 14px; overflow: hidden; padding: 10px 5px; text-align: left; vertical-align: middle; word-break: normal; border: 1px solid #000000;\"><span style=\"font-weight: 400; color: var(--md-box-samantha-normal-text-color);\">20\u00b0<\/span><\/td>\n<td style=\"background-color: #fff; color: #222; font-family: Arial, sans-serif; font-size: 14px; overflow: hidden; padding: 10px 5px; text-align: left; vertical-align: middle; word-break: normal; border: 1px solid #000000;\"><span style=\"font-weight: 400; color: var(--md-box-samantha-normal-text-color);\">20\u00b0<\/span><\/td>\n<\/tr>\n<tr>\n<td style=\"background-color: #f56b00; color: #ffffff; font-family: Arial, sans-serif; font-size: 14px; overflow: hidden; padding: 10px 5px; text-align: left; vertical-align: middle; word-break: normal; border: 1px solid #000000;\"><span style=\"font-weight: 400;\">Poids<\/span><\/td>\n<td style=\"background-color: #fff; color: #222; font-family: Arial, sans-serif; font-size: 14px; overflow: hidden; padding: 10px 5px; text-align: left; vertical-align: middle; word-break: normal; border: 1px solid #000000;\"><span style=\"font-weight: 400; color: var(--md-box-samantha-normal-text-color);\">3 260 kg<\/span><\/td>\n<td style=\"background-color: #fff; color: #222; font-family: Arial, sans-serif; font-size: 14px; overflow: hidden; padding: 10px 5px; text-align: left; vertical-align: middle; word-break: normal; border: 1px solid #000000;\"><span style=\"font-weight: 400; color: var(--md-box-samantha-normal-text-color);\">3 510 kg<\/span><\/td>\n<td style=\"background-color: #fff; color: #222; font-family: Arial, sans-serif; font-size: 14px; overflow: hidden; padding: 10px 5px; text-align: left; vertical-align: middle; word-break: normal; border: 1px solid #000000;\"><span style=\"font-weight: 400; color: var(--md-box-samantha-normal-text-color);\">4 100 kg<\/span><\/td>\n<\/tr>\n<tr>\n<td style=\"background-color: #f56b00; color: #ffffff; font-family: Arial, sans-serif; font-size: 14px; overflow: hidden; padding: 10px 5px; text-align: left; vertical-align: middle; word-break: normal; border: 1px solid #000000;\"><span style=\"font-weight: 400;\">Dimensions<\/span><\/td>\n<td style=\"background-color: #fff; color: #222; font-family: Arial, sans-serif; font-size: 14px; overflow: hidden; padding: 10px 5px; text-align: left; vertical-align: middle; word-break: normal; border: 1px solid #000000;\"><span style=\"font-weight: 400; color: var(--md-box-samantha-normal-text-color);\">2 595 x 1 160 x 1 980 mm<\/span><\/td>\n<td style=\"background-color: #fff; color: #222; font-family: Arial, sans-serif; font-size: 14px; overflow: hidden; padding: 10px 5px; text-align: left; vertical-align: middle; word-break: normal; border: 1px solid #000000;\"><span style=\"font-weight: 400; color: var(--md-box-samantha-normal-text-color);\">2 595 x 1 160 x 1 980 mm<\/span><\/td>\n<td style=\"background-color: #fff; color: #222; font-family: Arial, sans-serif; font-size: 14px; overflow: hidden; padding: 10px 5px; text-align: left; vertical-align: middle; word-break: normal; border: 1px solid #000000;\"><span style=\"font-weight: 400; color: var(--md-box-samantha-normal-text-color);\">2 750 x 1 240 x 2 070 mm<\/span><\/td>\n<\/tr>\n<\/tbody>\n<\/table>\n<h2><img fetchpriority=\"high\" decoding=\"async\" class=\"alignnone size-full wp-image-169\" src=\"https:\/\/www.soaogroup.com\/wp-content\/uploads\/2025\/01\/30-2_\u55e8\u683c\u5f0f\u538b\u7f29\u526f\u672c_\u7ed3\u679c.webp\" alt=\"\" width=\"2250\" height=\"750\" srcset=\"https:\/\/www.soaogroup.com\/wp-content\/uploads\/2025\/01\/30-2_\u55e8\u683c\u5f0f\u538b\u7f29\u526f\u672c_\u7ed3\u679c.webp 2250w, https:\/\/www.soaogroup.com\/wp-content\/uploads\/2025\/01\/30-2_\u55e8\u683c\u5f0f\u538b\u7f29\u526f\u672c_\u7ed3\u679c-600x200.webp 600w, https:\/\/www.soaogroup.com\/wp-content\/uploads\/2025\/01\/30-2_\u55e8\u683c\u5f0f\u538b\u7f29\u526f\u672c_\u7ed3\u679c-300x100.webp 300w, https:\/\/www.soaogroup.com\/wp-content\/uploads\/2025\/01\/30-2_\u55e8\u683c\u5f0f\u538b\u7f29\u526f\u672c_\u7ed3\u679c-1024x341.webp 1024w, https:\/\/www.soaogroup.com\/wp-content\/uploads\/2025\/01\/30-2_\u55e8\u683c\u5f0f\u538b\u7f29\u526f\u672c_\u7ed3\u679c-768x256.webp 768w, https:\/\/www.soaogroup.com\/wp-content\/uploads\/2025\/01\/30-2_\u55e8\u683c\u5f0f\u538b\u7f29\u526f\u672c_\u7ed3\u679c-1536x512.webp 1536w, https:\/\/www.soaogroup.com\/wp-content\/uploads\/2025\/01\/30-2_\u55e8\u683c\u5f0f\u538b\u7f29\u526f\u672c_\u7ed3\u679c-2048x683.webp 2048w\" sizes=\"(max-width: 2250px) 100vw, 2250px\" \/>Caract\u00e9ristiques du produit :<\/h2>\n<h3>Capacit\u00e9 de charge \u00e9lev\u00e9e :<\/h3>\n<p>Dot\u00e9 d&#039;une capacit\u00e9 nominale de 3,0 tonnes, il peut facilement transporter des charges importantes. Il est donc id\u00e9al pour transporter des articles volumineux et lourds tels que des pi\u00e8ces de machines industrielles, des palettes compl\u00e8tes de mat\u00e9riaux de construction ou des conteneurs de marchandises en vrac.<\/p>\n<h3><img decoding=\"async\" class=\"wp-image-167 alignright\" src=\"https:\/\/www.soaogroup.com\/wp-content\/uploads\/2025\/01\/gIMG_E0846_\u55e8\u683c\u5f0f\u538b\u7f29\u526f\u672c_\u7ed3\u679c.webp\" alt=\"\" width=\"506\" height=\"506\" srcset=\"https:\/\/www.soaogroup.com\/wp-content\/uploads\/2025\/01\/gIMG_E0846_\u55e8\u683c\u5f0f\u538b\u7f29\u526f\u672c_\u7ed3\u679c.webp 800w, https:\/\/www.soaogroup.com\/wp-content\/uploads\/2025\/01\/gIMG_E0846_\u55e8\u683c\u5f0f\u538b\u7f29\u526f\u672c_\u7ed3\u679c-300x300.webp 300w, https:\/\/www.soaogroup.com\/wp-content\/uploads\/2025\/01\/gIMG_E0846_\u55e8\u683c\u5f0f\u538b\u7f29\u526f\u672c_\u7ed3\u679c-100x100.webp 100w, https:\/\/www.soaogroup.com\/wp-content\/uploads\/2025\/01\/gIMG_E0846_\u55e8\u683c\u5f0f\u538b\u7f29\u526f\u672c_\u7ed3\u679c-600x600.webp 600w, https:\/\/www.soaogroup.com\/wp-content\/uploads\/2025\/01\/gIMG_E0846_\u55e8\u683c\u5f0f\u538b\u7f29\u526f\u672c_\u7ed3\u679c-150x150.webp 150w, https:\/\/www.soaogroup.com\/wp-content\/uploads\/2025\/01\/gIMG_E0846_\u55e8\u683c\u5f0f\u538b\u7f29\u526f\u672c_\u7ed3\u679c-768x768.webp 768w\" sizes=\"(max-width: 506px) 100vw, 506px\" \/>Moteur diesel puissant :<\/h3>\n<p>Equip\u00e9 d&#039;un moteur diesel, il produit une puissance robuste et constante. Cela permet des op\u00e9rations de levage en douceur, m\u00eame avec des charges maximales, et garantit \u00e9galement des performances fiables sur diff\u00e9rents terrains, y compris les sols accident\u00e9s ou irr\u00e9guliers.<\/p>\n<h3>Bonne maniabilit\u00e9 :<\/h3>\n<p>Malgr\u00e9 sa robustesse, il est dot\u00e9 d&#039;un ch\u00e2ssis bien con\u00e7u qui lui conf\u00e8re un rayon de braquage relativement faible. Les op\u00e9rateurs peuvent le man\u0153uvrer facilement dans les all\u00e9es \u00e9troites des entrep\u00f4ts, les usines ou les chantiers de construction, ce qui leur permet de gagner du temps lors de la manutention des mat\u00e9riaux.<\/p>\n<h3>Durabilit\u00e9:<\/h3>\n<p>Fabriqu\u00e9 avec des composants de haute qualit\u00e9, ce chariot \u00e9l\u00e9vateur est tr\u00e8s durable. Il peut r\u00e9sister aux rigueurs d&#039;une utilisation intensive, aux impacts fr\u00e9quents et aux environnements de travail difficiles, r\u00e9duisant ainsi la fr\u00e9quence des pannes et les co\u00fbts de maintenance co\u00fbteux.<\/p>\n<h3>Longue port\u00e9e de travail :<\/h3>\n<p>Gr\u00e2ce \u00e0 son syst\u00e8me de carburant diesel, il offre une grande autonomie de travail. Un r\u00e9servoir plein de carburant permet des p\u00e9riodes de fonctionnement prolong\u00e9es sans avoir \u00e0 faire le plein fr\u00e9quemment, ce qui constitue un grand avantage pour les projets de grande envergure et continus.<\/p>\n<h3>Excellente traction :<\/h3>\n<p>Equip\u00e9 de pneus robustes, il offre une excellente traction. Cette caract\u00e9ristique assure la stabilit\u00e9 lors du d\u00e9placement de charges lourdes, minimisant ainsi le risque de glissement du chariot \u00e9l\u00e9vateur, m\u00eame sur des surfaces mouill\u00e9es, boueuses ou glissantes.<\/p>\n<h2>Application:<\/h2>\n<p>Le chariot \u00e9l\u00e9vateur diesel CPC30-K 3,0 T est largement utilis\u00e9 dans de nombreux sc\u00e9narios industriels. Sur les chantiers de construction anim\u00e9s, il constitue une aide essentielle pour d\u00e9placer des mat\u00e9riaux de construction lourds tels que des poutres en acier, des briques et des dalles en b\u00e9ton pr\u00e9fabriqu\u00e9es. Sa capacit\u00e9 de 3,0 T garantit moins de d\u00e9placements, augmentant ainsi l&#039;efficacit\u00e9 sur un sol irr\u00e9gulier. Les entrep\u00f4ts dot\u00e9s d&#039;espaces de stockage ext\u00e9rieurs en d\u00e9pendent \u00e9galement. Lors de la manutention de conteneurs surdimensionn\u00e9s, d&#039;\u00e9quipements industriels ou de gros lots de marchandises sur palettes, il peut transf\u00e9rer rapidement des articles. De plus, dans les ports, il charge et d\u00e9charge en douceur les marchandises entre les navires et les camions, rationalisant ainsi la cha\u00eene logistique.<\/p>","protected":false},"excerpt":{"rendered":"<h4 class=\"elementor-heading-title elementor-size-default\" style=\"text-align: center; padding-bottom: 30px;\">Chariot \u00e9l\u00e9vateur diesel CPC30-K 3,0 T<\/h4>\n<div>Le chariot \u00e9l\u00e9vateur diesel CPC30-K 3,0 T est un outil de manutention robuste. Avec une capacit\u00e9 de charge de 3,0 tonnes, il peut soulever des charges lourdes. Aliment\u00e9 par du diesel, il dispose d&#039;une forte puissance et d&#039;une excellente traction, adapt\u00e9e aux terrains accident\u00e9s. Sa conception compacte permet des man\u0153uvres faciles dans les espaces \u00e9troits, facilitant ainsi les op\u00e9rations industrielles.<\/div>\n<div><\/div>\n<div><img decoding=\"async\" class=\"alignnone wp-image-257\" src=\"https:\/\/www.soaogroup.com\/wp-content\/uploads\/2025\/02\/\u672a\u6807\u9898-2.jpg\" alt=\"\" width=\"48\" height=\"50\" \/>\u00a0 WhatsApp :<a href=\"https:\/\/api.whatsapp.com\/send?phone=8613395319660\" target=\"_blank\" rel=\"noopener\">\u00a0+8613395319660 <\/a><\/div>\n<div>\n<hr \/>\n<\/div>\n<p><img loading=\"lazy\" decoding=\"async\" class=\"alignnone wp-image-258\" src=\"https:\/\/www.soaogroup.com\/wp-content\/uploads\/2025\/02\/emaillogoblue.jpg\" alt=\"\" width=\"48\" height=\"55\" \/>\u00a0\u00a0E-mail : <a href=\"mailto:sales@sdsoao.com\" target=\"_blank\" rel=\"noopener\">\u00a0sales@sdsoao.com<\/a><\/p>\n<div>\n<hr \/>\n<\/div>","protected":false},"featured_media":192,"comment_status":"open","ping_status":"closed","template":"","meta":[],"product_brand":[],"product_cat":[18,16],"product_tag":[],"class_list":{"0":"post-144","1":"product","2":"type-product","3":"status-publish","4":"has-post-thumbnail","6":"product_cat-diesel-forklift","7":"product_cat-forklift","9":"first","10":"instock","11":"shipping-taxable","12":"product-type-simple"},"_links":{"self":[{"href":"https:\/\/www.soaogroup.com\/fr\/wp-json\/wp\/v2\/product\/144","targetHints":{"allow":["GET"]}}],"collection":[{"href":"https:\/\/www.soaogroup.com\/fr\/wp-json\/wp\/v2\/product"}],"about":[{"href":"https:\/\/www.soaogroup.com\/fr\/wp-json\/wp\/v2\/types\/product"}],"replies":[{"embeddable":true,"href":"https:\/\/www.soaogroup.com\/fr\/wp-json\/wp\/v2\/comments?post=144"}],"wp:featuredmedia":[{"embeddable":true,"href":"https:\/\/www.soaogroup.com\/fr\/wp-json\/wp\/v2\/media\/192"}],"wp:attachment":[{"href":"https:\/\/www.soaogroup.com\/fr\/wp-json\/wp\/v2\/media?parent=144"}],"wp:term":[{"taxonomy":"product_brand","embeddable":true,"href":"https:\/\/www.soaogroup.com\/fr\/wp-json\/wp\/v2\/product_brand?post=144"},{"taxonomy":"product_cat","embeddable":true,"href":"https:\/\/www.soaogroup.com\/fr\/wp-json\/wp\/v2\/product_cat?post=144"},{"taxonomy":"product_tag","embeddable":true,"href":"https:\/\/www.soaogroup.com\/fr\/wp-json\/wp\/v2\/product_tag?post=144"}],"curies":[{"name":"wp","href":"https:\/\/api.w.org\/{rel}","templated":true}]}}