{"id":134,"date":"2025-01-13T13:43:50","date_gmt":"2025-01-13T05:43:50","guid":{"rendered":"https:\/\/www.soaogroup.com\/?post_type=product&#038;p=134"},"modified":"2025-03-11T15:58:00","modified_gmt":"2025-03-11T07:58:00","slug":"cpd35-b-3-0-electric-forklift","status":"publish","type":"product","link":"https:\/\/www.soaogroup.com\/fr\/produit\/cpd35-b-3-0-electric-forklift\/","title":{"rendered":"Chariot \u00e9l\u00e9vateur \u00e9lectrique CPD35-B 3.0"},"content":{"rendered":"<h2>D\u00e9tails du produit :<\/h2>\n<table class=\"tg\" style=\"border-collapse: collapse; border-spacing: 0;\">\n<thead>\n<tr>\n<th style=\"background-color: #cb0000; color: #ffffff; font-family: Arial, sans-serif; font-size: 14px; font-weight: bold; overflow: hidden; padding: 10px 5px; text-align: left; vertical-align: top; word-break: normal; border: 1px solid black;\"><span style=\"font-weight: 600;\">Article<\/span><\/th>\n<th style=\"background-color: #cb0000; color: #ffffff; font-family: Arial, sans-serif; font-size: 14px; font-weight: bold; overflow: hidden; padding: 10px 5px; text-align: left; vertical-align: top; word-break: normal; border: 1px solid black;\"><span style=\"font-weight: 600;\">HWD30-B<\/span><\/th>\n<th style=\"background-color: #cb0000; color: #ffffff; font-family: Arial, sans-serif; font-size: 14px; font-weight: bold; overflow: hidden; padding: 10px 5px; text-align: left; vertical-align: top; word-break: normal; border: 1px solid black;\"><span style=\"font-weight: 600;\">HWD35-B<\/span><\/th>\n<th style=\"background-color: #cb0000; color: #ffffff; font-family: Arial, sans-serif; font-size: 14px; font-weight: bold; overflow: hidden; padding: 10px 5px; text-align: left; vertical-align: top; word-break: normal; border: 1px solid black;\"><span style=\"font-weight: 600;\">HWD40-B<\/span><\/th>\n<th style=\"background-color: #cb0000; color: #ffffff; font-family: Arial, sans-serif; font-size: 14px; font-weight: bold; overflow: hidden; padding: 10px 5px; text-align: left; vertical-align: top; word-break: normal; border: 1px solid black;\"><span style=\"font-weight: 600;\">HW45-B<\/span><\/th>\n<\/tr>\n<\/thead>\n<tbody>\n<tr>\n<td style=\"background-color: #ffffff; color: #000000; font-family: Arial, sans-serif; font-size: 14px; overflow: hidden; padding: 10px 5px; text-align: left; vertical-align: top; word-break: normal; border: 1px solid black;\"><span style=\"font-weight: 400;\">Mode de conduite<\/span><\/td>\n<td style=\"background-color: #ffffff; color: #000000; font-family: Arial, sans-serif; font-size: 14px; overflow: hidden; padding: 10px 5px; text-align: left; vertical-align: top; word-break: normal; border: 1px solid black;\"><span style=\"font-weight: 400;\">Assis<\/span><\/td>\n<td style=\"background-color: #ffffff; color: #000000; font-family: Arial, sans-serif; font-size: 14px; overflow: hidden; padding: 10px 5px; text-align: left; vertical-align: top; word-break: normal; border: 1px solid black;\"><span style=\"font-weight: 400;\">Assis<\/span><\/td>\n<td style=\"background-color: #ffffff; color: #000000; font-family: Arial, sans-serif; font-size: 14px; overflow: hidden; padding: 10px 5px; text-align: left; vertical-align: top; word-break: normal; border: 1px solid black;\"><span style=\"font-weight: 400;\">Assis<\/span><\/td>\n<td style=\"background-color: #ffffff; color: #000000; font-family: Arial, sans-serif; font-size: 14px; overflow: hidden; padding: 10px 5px; text-align: left; vertical-align: top; word-break: normal; border: 1px solid black;\"><span style=\"font-weight: 400;\">Assis<\/span><\/td>\n<\/tr>\n<tr>\n<td style=\"background-color: #efefef; color: #000000; font-family: Arial, sans-serif; font-size: 14px; overflow: hidden; padding: 10px 5px; text-align: left; vertical-align: top; word-break: normal; border: 1px solid black;\"><span style=\"font-weight: 400;\">Capacit\u00e9 de charge nominale<\/span><\/td>\n<td style=\"background-color: #efefef; color: #000000; font-family: Arial, sans-serif; font-size: 14px; overflow: hidden; padding: 10px 5px; text-align: left; vertical-align: top; word-break: normal; border: 1px solid black;\"><span style=\"font-weight: 400;\">3 000 kg<\/span><\/td>\n<td style=\"background-color: #efefef; color: #000000; font-family: Arial, sans-serif; font-size: 14px; overflow: hidden; padding: 10px 5px; text-align: left; vertical-align: top; word-break: normal; border: 1px solid black;\"><span style=\"font-weight: 400;\">3 500 kg<\/span><\/td>\n<td style=\"background-color: #efefef; color: #000000; font-family: Arial, sans-serif; font-size: 14px; overflow: hidden; padding: 10px 5px; text-align: left; vertical-align: top; word-break: normal; border: 1px solid black;\"><span style=\"font-weight: 400;\">4 000 kg<\/span><\/td>\n<td style=\"background-color: #efefef; color: #000000; font-family: Arial, sans-serif; font-size: 14px; overflow: hidden; padding: 10px 5px; text-align: left; vertical-align: top; word-break: normal; border: 1px solid black;\"><span style=\"font-weight: 400;\">4 500 kg<\/span><\/td>\n<\/tr>\n<tr>\n<td style=\"background-color: #ffffff; color: #000000; font-family: Arial, sans-serif; font-size: 14px; overflow: hidden; padding: 10px 5px; text-align: left; vertical-align: top; word-break: normal; border: 1px solid black;\"><span style=\"font-weight: 400;\">Hauteur de levage maximale<\/span><\/td>\n<td style=\"background-color: #ffffff; color: #000000; font-family: Arial, sans-serif; font-size: 14px; overflow: hidden; padding: 10px 5px; text-align: left; vertical-align: top; word-break: normal; border: 1px solid black;\"><span style=\"font-weight: 400;\">3 000 mm<\/span><\/td>\n<td style=\"background-color: #ffffff; color: #000000; font-family: Arial, sans-serif; font-size: 14px; overflow: hidden; padding: 10px 5px; text-align: left; vertical-align: top; word-break: normal; border: 1px solid black;\"><span style=\"font-weight: 400;\">3 000 mm<\/span><\/td>\n<td style=\"background-color: #ffffff; color: #000000; font-family: Arial, sans-serif; font-size: 14px; overflow: hidden; padding: 10px 5px; text-align: left; vertical-align: top; word-break: normal; border: 1px solid black;\"><span style=\"font-weight: 400;\">3 000 mm<\/span><\/td>\n<td style=\"background-color: #ffffff; color: #000000; font-family: Arial, sans-serif; font-size: 14px; overflow: hidden; padding: 10px 5px; text-align: left; vertical-align: top; word-break: normal; border: 1px solid black;\"><span style=\"font-weight: 400;\">3 000 mm<\/span><\/td>\n<\/tr>\n<tr>\n<td style=\"background-color: #efefef; color: #000000; font-family: Arial, sans-serif; font-size: 14px; overflow: hidden; padding: 10px 5px; text-align: left; vertical-align: top; word-break: normal; border: 1px solid black;\"><span style=\"font-weight: 400;\">Taille de la fourche<\/span><\/td>\n<td style=\"background-color: #efefef; color: #000000; font-family: Arial, sans-serif; font-size: 14px; overflow: hidden; padding: 10px 5px; text-align: left; vertical-align: top; word-break: normal; border: 1px solid black;\"><span style=\"font-weight: 400;\">45 * 130 * 1070 mm<\/span><\/td>\n<td style=\"background-color: #efefef; color: #000000; font-family: Arial, sans-serif; font-size: 14px; overflow: hidden; padding: 10px 5px; text-align: left; vertical-align: top; word-break: normal; border: 1px solid black;\"><span style=\"font-weight: 400;\">45 * 140 * 1070 mm<\/span><\/td>\n<td style=\"background-color: #efefef; color: #000000; font-family: Arial, sans-serif; font-size: 14px; overflow: hidden; padding: 10px 5px; text-align: left; vertical-align: top; word-break: normal; border: 1px solid black;\"><span style=\"font-weight: 400;\">50 * 145 * 1070 mm<\/span><\/td>\n<td style=\"background-color: #efefef; color: #000000; font-family: Arial, sans-serif; font-size: 14px; overflow: hidden; padding: 10px 5px; text-align: left; vertical-align: top; word-break: normal; border: 1px solid black;\"><span style=\"font-weight: 400;\">50 * 150 * 1070 mm<\/span><\/td>\n<\/tr>\n<tr>\n<td style=\"background-color: #ffffff; color: #000000; font-family: Arial, sans-serif; font-size: 14px; overflow: hidden; padding: 10px 5px; text-align: left; vertical-align: top; word-break: normal; border: 1px solid black;\"><span style=\"font-weight: 400;\">Tension de la batterie<\/span><\/td>\n<td style=\"background-color: #ffffff; color: #000000; font-family: Arial, sans-serif; font-size: 14px; overflow: hidden; padding: 10px 5px; text-align: left; vertical-align: top; word-break: normal; border: 1px solid black;\"><span style=\"font-weight: 400;\">80V 300Ah<\/span><\/td>\n<td style=\"background-color: #ffffff; color: #000000; font-family: Arial, sans-serif; font-size: 14px; overflow: hidden; padding: 10px 5px; text-align: left; vertical-align: top; word-break: normal; border: 1px solid black;\"><span style=\"font-weight: 400;\">80V 300Ah<\/span><\/td>\n<td style=\"background-color: #ffffff; color: #000000; font-family: Arial, sans-serif; font-size: 14px; overflow: hidden; padding: 10px 5px; text-align: left; vertical-align: top; word-break: normal; border: 1px solid black;\"><span style=\"font-weight: 400;\">80V 300Ah<\/span><\/td>\n<td style=\"background-color: #ffffff; color: #000000; font-family: Arial, sans-serif; font-size: 14px; overflow: hidden; padding: 10px 5px; text-align: left; vertical-align: top; word-break: normal; border: 1px solid black;\"><span style=\"font-weight: 400;\">80V 1400Ah<\/span><\/td>\n<\/tr>\n<tr>\n<td style=\"background-color: #efefef; color: #000000; font-family: Arial, sans-serif; font-size: 14px; overflow: hidden; padding: 10px 5px; text-align: left; vertical-align: top; word-break: normal; border: 1px solid black;\"><span style=\"font-weight: 400;\">Vitesse de d\u00e9placement<\/span><\/td>\n<td style=\"background-color: #efefef; color: #000000; font-family: Arial, sans-serif; font-size: 14px; overflow: hidden; padding: 10px 5px; text-align: left; vertical-align: top; word-break: normal; border: 1px solid black;\"><span style=\"font-weight: 400;\">13 kW\/h<\/span><\/td>\n<td style=\"background-color: #efefef; color: #000000; font-family: Arial, sans-serif; font-size: 14px; overflow: hidden; padding: 10px 5px; text-align: left; vertical-align: top; word-break: normal; border: 1px solid black;\"><span style=\"font-weight: 400;\">13 kW\/h<\/span><\/td>\n<td style=\"background-color: #efefef; color: #000000; font-family: Arial, sans-serif; font-size: 14px; overflow: hidden; padding: 10px 5px; text-align: left; vertical-align: top; word-break: normal; border: 1px solid black;\"><span style=\"font-weight: 400;\">13 kW\/h<\/span><\/td>\n<td style=\"background-color: #efefef; color: #000000; font-family: Arial, sans-serif; font-size: 14px; overflow: hidden; padding: 10px 5px; text-align: left; vertical-align: top; word-break: normal; border: 1px solid black;\"><span style=\"font-weight: 400;\">13 kW\/h<\/span><\/td>\n<\/tr>\n<tr>\n<td style=\"background-color: #ffffff; color: #000000; font-family: Arial, sans-serif; font-size: 14px; overflow: hidden; padding: 10px 5px; text-align: left; vertical-align: top; word-break: normal; border: 1px solid black;\"><span style=\"font-weight: 400;\">Aptitude \u00e0 la pente<\/span><\/td>\n<td style=\"background-color: #ffffff; color: #000000; font-family: Arial, sans-serif; font-size: 14px; overflow: hidden; padding: 10px 5px; text-align: left; vertical-align: top; word-break: normal; border: 1px solid black;\"><span style=\"font-weight: 400;\">20\u00b0<\/span><\/td>\n<td style=\"background-color: #ffffff; color: #000000; font-family: Arial, sans-serif; font-size: 14px; overflow: hidden; padding: 10px 5px; text-align: left; vertical-align: top; word-break: normal; border: 1px solid black;\"><span style=\"font-weight: 400;\">20\u00b0<\/span><\/td>\n<td style=\"background-color: #ffffff; color: #000000; font-family: Arial, sans-serif; font-size: 14px; overflow: hidden; padding: 10px 5px; text-align: left; vertical-align: top; word-break: normal; border: 1px solid black;\"><span style=\"font-weight: 400;\">20\u00b0<\/span><\/td>\n<td style=\"background-color: #ffffff; color: #000000; font-family: Arial, sans-serif; font-size: 14px; overflow: hidden; padding: 10px 5px; text-align: left; vertical-align: top; word-break: normal; border: 1px solid black;\"><span style=\"font-weight: 400;\">20\u00b0<\/span><\/td>\n<\/tr>\n<tr>\n<td style=\"background-color: #efefef; color: #000000; font-family: Arial, sans-serif; font-size: 14px; overflow: hidden; padding: 10px 5px; text-align: left; vertical-align: top; word-break: normal; border: 1px solid black;\"><span style=\"font-weight: 400;\">Poids<\/span><\/td>\n<td style=\"background-color: #efefef; color: #000000; font-family: Arial, sans-serif; font-size: 14px; overflow: hidden; padding: 10px 5px; text-align: left; vertical-align: top; word-break: normal; border: 1px solid black;\"><span style=\"font-weight: 400;\">4 150 kg<\/span><\/td>\n<td style=\"background-color: #efefef; color: #000000; font-family: Arial, sans-serif; font-size: 14px; overflow: hidden; padding: 10px 5px; text-align: left; vertical-align: top; word-break: normal; border: 1px solid black;\"><span style=\"font-weight: 400;\">4 400 kg<\/span><\/td>\n<td style=\"background-color: #efefef; color: #000000; font-family: Arial, sans-serif; font-size: 14px; overflow: hidden; padding: 10px 5px; text-align: left; vertical-align: top; word-break: normal; border: 1px solid black;\"><span style=\"font-weight: 400;\">6 660 kg<\/span><\/td>\n<td style=\"background-color: #efefef; color: #000000; font-family: Arial, sans-serif; font-size: 14px; overflow: hidden; padding: 10px 5px; text-align: left; vertical-align: top; word-break: normal; border: 1px solid black;\"><span style=\"font-weight: 400;\">6 850 kg<\/span><\/td>\n<\/tr>\n<tr>\n<td style=\"background-color: #ffffff; color: #000000; font-family: Arial, sans-serif; font-size: 14px; overflow: hidden; padding: 10px 5px; text-align: left; vertical-align: top; word-break: normal; border: 1px solid black;\"><span style=\"font-weight: 400;\">Dimensions<\/span><\/td>\n<td style=\"background-color: #ffffff; color: #000000; font-family: Arial, sans-serif; font-size: 14px; overflow: hidden; padding: 10px 5px; text-align: left; vertical-align: top; word-break: normal; border: 1px solid black;\"><span style=\"font-weight: 400;\">2 600 x 1 225 x 2 200 mm<\/span><\/td>\n<td style=\"background-color: #ffffff; color: #000000; font-family: Arial, sans-serif; font-size: 14px; overflow: hidden; padding: 10px 5px; text-align: left; vertical-align: top; word-break: normal; border: 1px solid black;\"><span style=\"font-weight: 400;\">2 600 x 1 225 x 2 200 mm<\/span><\/td>\n<td style=\"background-color: #ffffff; color: #000000; font-family: Arial, sans-serif; font-size: 14px; overflow: hidden; padding: 10px 5px; text-align: left; vertical-align: top; word-break: normal; border: 1px solid black;\"><span style=\"font-weight: 400;\">2 990 x 1 585 x 2 350 mm<\/span><\/td>\n<td style=\"background-color: #ffffff; color: #000000; font-family: Arial, sans-serif; font-size: 14px; overflow: hidden; padding: 10px 5px; text-align: left; vertical-align: top; word-break: normal; border: 1px solid black;\"><span style=\"font-weight: 400;\">2 990 x 1 585 x 2 350 mm<\/span><\/td>\n<\/tr>\n<\/tbody>\n<\/table>\n<h2><img fetchpriority=\"high\" decoding=\"async\" class=\"alignnone size-full wp-image-140\" src=\"https:\/\/www.soaogroup.com\/wp-content\/uploads\/2025\/01\/\u672a\u547d\u540d_\u55e8\u683c\u5f0f\u538b\u7f29\u526f\u672c_\u7ed3\u679c-1.webp\" alt=\"\" width=\"2250\" height=\"750\" srcset=\"https:\/\/www.soaogroup.com\/wp-content\/uploads\/2025\/01\/\u672a\u547d\u540d_\u55e8\u683c\u5f0f\u538b\u7f29\u526f\u672c_\u7ed3\u679c-1.webp 2250w, https:\/\/www.soaogroup.com\/wp-content\/uploads\/2025\/01\/\u672a\u547d\u540d_\u55e8\u683c\u5f0f\u538b\u7f29\u526f\u672c_\u7ed3\u679c-1-600x200.webp 600w, https:\/\/www.soaogroup.com\/wp-content\/uploads\/2025\/01\/\u672a\u547d\u540d_\u55e8\u683c\u5f0f\u538b\u7f29\u526f\u672c_\u7ed3\u679c-1-300x100.webp 300w, https:\/\/www.soaogroup.com\/wp-content\/uploads\/2025\/01\/\u672a\u547d\u540d_\u55e8\u683c\u5f0f\u538b\u7f29\u526f\u672c_\u7ed3\u679c-1-1024x341.webp 1024w, https:\/\/www.soaogroup.com\/wp-content\/uploads\/2025\/01\/\u672a\u547d\u540d_\u55e8\u683c\u5f0f\u538b\u7f29\u526f\u672c_\u7ed3\u679c-1-768x256.webp 768w, https:\/\/www.soaogroup.com\/wp-content\/uploads\/2025\/01\/\u672a\u547d\u540d_\u55e8\u683c\u5f0f\u538b\u7f29\u526f\u672c_\u7ed3\u679c-1-1536x512.webp 1536w, https:\/\/www.soaogroup.com\/wp-content\/uploads\/2025\/01\/\u672a\u547d\u540d_\u55e8\u683c\u5f0f\u538b\u7f29\u526f\u672c_\u7ed3\u679c-1-2048x683.webp 2048w\" sizes=\"(max-width: 2250px) 100vw, 2250px\" \/>Caract\u00e9ristiques du produit :<\/h2>\n<h3>Capacit\u00e9 de charge \u00e9lev\u00e9e :<\/h3>\n<p>Avec une capacit\u00e9 nominale de 3,5 tonnes, il peut supporter des charges relativement lourdes, ce qui le rend adapt\u00e9 au transport d&#039;articles volumineux tels que de grandes pi\u00e8ces de machines, des mati\u00e8res premi\u00e8res industrielles ou des palettes compl\u00e8tes de marchandises dans des entrep\u00f4ts et des usines.<\/p>\n<h3>Op\u00e9ration de levage stable :<\/h3>\n<p>Il est con\u00e7u avec un syst\u00e8me de m\u00e2t fiable. Cela permet un levage stable et pr\u00e9cis, r\u00e9duisant le risque de d\u00e9placement ou de basculement des marchandises pendant le processus d&#039;\u00e9l\u00e9vation, ce qui est crucial lorsque l&#039;on travaille avec des racks de stockage hauts.<\/p>\n<h3><img decoding=\"async\" class=\"size-full wp-image-141 alignright\" src=\"https:\/\/www.soaogroup.com\/wp-content\/uploads\/2025\/01\/IMG_E4455_\u55e8\u683c\u5f0f\u538b\u7f29\u526f\u672c.png\" alt=\"\" width=\"800\" height=\"800\" srcset=\"https:\/\/www.soaogroup.com\/wp-content\/uploads\/2025\/01\/IMG_E4455_\u55e8\u683c\u5f0f\u538b\u7f29\u526f\u672c.png 800w, https:\/\/www.soaogroup.com\/wp-content\/uploads\/2025\/01\/IMG_E4455_\u55e8\u683c\u5f0f\u538b\u7f29\u526f\u672c-300x300.png 300w, https:\/\/www.soaogroup.com\/wp-content\/uploads\/2025\/01\/IMG_E4455_\u55e8\u683c\u5f0f\u538b\u7f29\u526f\u672c-100x100.png 100w, https:\/\/www.soaogroup.com\/wp-content\/uploads\/2025\/01\/IMG_E4455_\u55e8\u683c\u5f0f\u538b\u7f29\u526f\u672c-600x600.png 600w, https:\/\/www.soaogroup.com\/wp-content\/uploads\/2025\/01\/IMG_E4455_\u55e8\u683c\u5f0f\u538b\u7f29\u526f\u672c-150x150.png 150w, https:\/\/www.soaogroup.com\/wp-content\/uploads\/2025\/01\/IMG_E4455_\u55e8\u683c\u5f0f\u538b\u7f29\u526f\u672c-768x768.png 768w\" sizes=\"(max-width: 800px) 100vw, 800px\" \/><\/h3>\n<h3>Respectueux de l&#039;environnement :<\/h3>\n<p>Fonctionnant \u00e0 l&#039;\u00e9lectricit\u00e9, il n&#039;\u00e9met aucun gaz d&#039;\u00e9chappement nocif. Cela permet non seulement de maintenir l&#039;air int\u00e9rieur propre dans les entrep\u00f4ts, mais contribue \u00e9galement \u00e0 un environnement de travail plus \u00e9cologique, conforme aux objectifs modernes de durabilit\u00e9.<\/p>\n<h3>Maniabilit\u00e9:<\/h3>\n<p>Le chariot \u00e9l\u00e9vateur est g\u00e9n\u00e9ralement de conception compacte, ce qui lui conf\u00e8re un faible rayon de braquage. Cette caract\u00e9ristique permet aux op\u00e9rateurs de se d\u00e9placer facilement dans les all\u00e9es \u00e9troites de l&#039;entrep\u00f4t, optimisant ainsi l&#039;utilisation de l&#039;espace de stockage.<\/p>\n<h3>Confort de l&#039;op\u00e9rateur :<\/h3>\n<p>La cabine de l&#039;op\u00e9rateur est g\u00e9n\u00e9ralement con\u00e7ue selon des principes ergonomiques. Elle peut \u00eatre dot\u00e9e d&#039;un si\u00e8ge r\u00e9glable, de commandes bien plac\u00e9es et d&#039;une bonne visibilit\u00e9, minimisant ainsi la fatigue de l&#039;op\u00e9rateur pendant les longues heures de travail.<\/p>\n<h3>Alimentation \u00e9lectrique fiable :<\/h3>\n<p>\u00c9quip\u00e9 d&#039;un syst\u00e8me de batterie appropri\u00e9, il peut offrir une puissance constante. Cela garantit un fonctionnement continu tout au long du quart de travail, r\u00e9duisant les temps d&#039;arr\u00eat pour la recharge et am\u00e9liorant la productivit\u00e9 globale.<\/p>\n<h3>Caract\u00e9ristiques de s\u00e9curit\u00e9 :<\/h3>\n<p>Il est \u00e9quip\u00e9 de dispositifs de s\u00e9curit\u00e9 standard, tels que des boutons d&#039;arr\u00eat d&#039;urgence et des capteurs de d\u00e9tection d&#039;obstacles. Ceux-ci prot\u00e8gent l&#039;op\u00e9rateur, le chariot \u00e9l\u00e9vateur et les marchandises environnantes contre d&#039;\u00e9ventuels accidents.<\/p>\n<h2><img decoding=\"async\" class=\"alignnone size-full wp-image-139\" src=\"https:\/\/www.soaogroup.com\/wp-content\/uploads\/2025\/01\/\u00b7_\u55e8\u683c\u5f0f\u538b\u7f29\u526f\u672c_\u7ed3\u679c.webp\" alt=\"\" width=\"2250\" height=\"750\" srcset=\"https:\/\/www.soaogroup.com\/wp-content\/uploads\/2025\/01\/\u00b7_\u55e8\u683c\u5f0f\u538b\u7f29\u526f\u672c_\u7ed3\u679c.webp 2250w, https:\/\/www.soaogroup.com\/wp-content\/uploads\/2025\/01\/\u00b7_\u55e8\u683c\u5f0f\u538b\u7f29\u526f\u672c_\u7ed3\u679c-600x200.webp 600w, https:\/\/www.soaogroup.com\/wp-content\/uploads\/2025\/01\/\u00b7_\u55e8\u683c\u5f0f\u538b\u7f29\u526f\u672c_\u7ed3\u679c-300x100.webp 300w, https:\/\/www.soaogroup.com\/wp-content\/uploads\/2025\/01\/\u00b7_\u55e8\u683c\u5f0f\u538b\u7f29\u526f\u672c_\u7ed3\u679c-1024x341.webp 1024w, https:\/\/www.soaogroup.com\/wp-content\/uploads\/2025\/01\/\u00b7_\u55e8\u683c\u5f0f\u538b\u7f29\u526f\u672c_\u7ed3\u679c-768x256.webp 768w, https:\/\/www.soaogroup.com\/wp-content\/uploads\/2025\/01\/\u00b7_\u55e8\u683c\u5f0f\u538b\u7f29\u526f\u672c_\u7ed3\u679c-1536x512.webp 1536w, https:\/\/www.soaogroup.com\/wp-content\/uploads\/2025\/01\/\u00b7_\u55e8\u683c\u5f0f\u538b\u7f29\u526f\u672c_\u7ed3\u679c-2048x683.webp 2048w\" sizes=\"(max-width: 2250px) 100vw, 2250px\" \/>Application:<\/h2>\n<p>Le chariot \u00e9l\u00e9vateur \u00e9lectrique CPD35-B 3,0 T est tr\u00e8s adaptable dans de nombreux secteurs. Dans les grands entrep\u00f4ts, il excelle lors de la manutention de palettes compl\u00e8tes de biens de consommation, de l&#039;\u00e9lectronique aux v\u00eatements. Sa capacit\u00e9 de 3,5 tonnes signifie moins de d\u00e9placements, ce qui augmente l&#039;efficacit\u00e9. Les usines de fabrication comptent sur lui pour transporter des mati\u00e8res premi\u00e8res lourdes comme des barres m\u00e9talliques et de grands moules en plastique, naviguant en douceur dans des configurations d&#039;usine \u00e9troites. Dans le secteur de l&#039;alimentation et des boissons, il est un choix de premier ordre pour d\u00e9placer des caisses de produits ou des boissons en bouteille, car son fonctionnement \u00e0 z\u00e9ro \u00e9mission maintient les zones de stockage hygi\u00e9niques. Les installations de stockage \u00e0 froid en b\u00e9n\u00e9ficient \u00e9galement ; il fonctionne bien \u00e0 basse temp\u00e9rature, garantissant une gestion transparente des stocks de produits surgel\u00e9s.<\/p>","protected":false},"excerpt":{"rendered":"<h4 class=\"elementor-heading-title elementor-size-default\" style=\"text-align: center; padding-bottom: 30px;\">Chariot \u00e9l\u00e9vateur \u00e9lectrique CPD35-B 3.0<\/h4>\n<div>Le chariot \u00e9l\u00e9vateur \u00e9lectrique CPD35-B 3.0 est une solution d&#039;entreposage fiable. Avec une capacit\u00e9 de charge de 3,5 tonnes, il peut manipuler des marchandises lourdes. Aliment\u00e9 \u00e9lectriquement, il n&#039;\u00e9met aucun gaz d&#039;\u00e9chappement, adapt\u00e9 \u00e0 une utilisation en int\u00e9rieur. Sa conception compacte permet des man\u0153uvres faciles dans les all\u00e9es \u00e9troites et ses caract\u00e9ristiques ergonomiques offrent un confort aux op\u00e9rateurs, am\u00e9liorant ainsi l&#039;efficacit\u00e9 globale du travail.<\/div>\n<div><\/div>\n<div>\n<hr class=\"dongte456custom-line\" \/>\n<\/div>\n<div style=\"padding-bottom: 5px;\">Cat\u00e9gorie : Chariot \u00e9l\u00e9vateur \u00e9lectrique CPD35-B 3.0<\/div>\n<div>Mot cl\u00e9 : Chariot \u00e9l\u00e9vateur \u00e9lectrique CPD35-B 3.0<\/div>\n<div>\n<hr \/>\n<\/div>\n<p><img loading=\"lazy\" decoding=\"async\" class=\"alignnone wp-image-257\" src=\"https:\/\/www.soaogroup.com\/wp-content\/uploads\/2025\/02\/\u672a\u6807\u9898-2.jpg\" alt=\"\" width=\"48\" height=\"50\" \/>\u00a0 WhatsApp :<a href=\"https:\/\/api.whatsapp.com\/send?phone=8613395319660\" target=\"_blank\" rel=\"noopener\">\u00a0+8613395319660 <\/a><\/p>\n<div>\n<hr \/>\n<\/div>\n<p><img loading=\"lazy\" decoding=\"async\" class=\"alignnone wp-image-258\" src=\"https:\/\/www.soaogroup.com\/wp-content\/uploads\/2025\/02\/emaillogoblue.jpg\" alt=\"\" width=\"48\" height=\"55\" \/>\u00a0\u00a0E-mail : <a href=\"mailto:sales@sdsoao.com\" target=\"_blank\" rel=\"noopener\">\u00a0sales@sdsoao.com<\/a><\/p>\n<div>\n<hr \/>\n<\/div>\n<h3><\/h3>\n<div><\/div>","protected":false},"featured_media":135,"comment_status":"open","ping_status":"closed","template":"","meta":[],"product_brand":[],"product_cat":[17,16],"product_tag":[],"class_list":{"0":"post-134","1":"product","2":"type-product","3":"status-publish","4":"has-post-thumbnail","6":"product_cat-electric-forklift","7":"product_cat-forklift","9":"first","10":"instock","11":"shipping-taxable","12":"product-type-simple"},"_links":{"self":[{"href":"https:\/\/www.soaogroup.com\/fr\/wp-json\/wp\/v2\/product\/134","targetHints":{"allow":["GET"]}}],"collection":[{"href":"https:\/\/www.soaogroup.com\/fr\/wp-json\/wp\/v2\/product"}],"about":[{"href":"https:\/\/www.soaogroup.com\/fr\/wp-json\/wp\/v2\/types\/product"}],"replies":[{"embeddable":true,"href":"https:\/\/www.soaogroup.com\/fr\/wp-json\/wp\/v2\/comments?post=134"}],"wp:featuredmedia":[{"embeddable":true,"href":"https:\/\/www.soaogroup.com\/fr\/wp-json\/wp\/v2\/media\/135"}],"wp:attachment":[{"href":"https:\/\/www.soaogroup.com\/fr\/wp-json\/wp\/v2\/media?parent=134"}],"wp:term":[{"taxonomy":"product_brand","embeddable":true,"href":"https:\/\/www.soaogroup.com\/fr\/wp-json\/wp\/v2\/product_brand?post=134"},{"taxonomy":"product_cat","embeddable":true,"href":"https:\/\/www.soaogroup.com\/fr\/wp-json\/wp\/v2\/product_cat?post=134"},{"taxonomy":"product_tag","embeddable":true,"href":"https:\/\/www.soaogroup.com\/fr\/wp-json\/wp\/v2\/product_tag?post=134"}],"curies":[{"name":"wp","href":"https:\/\/api.w.org\/{rel}","templated":true}]}}