{"id":84,"date":"2025-01-13T08:53:14","date_gmt":"2025-01-13T00:53:14","guid":{"rendered":"https:\/\/www.soaogroup.com\/?post_type=product&#038;p=84"},"modified":"2025-02-16T09:53:34","modified_gmt":"2025-02-16T01:53:34","slug":"cpd20-c-2-0t-electric-forklift","status":"publish","type":"product","link":"https:\/\/www.soaogroup.com\/es\/producto\/cpd20-c-2-0t-electric-forklift\/","title":{"rendered":"Carretilla elevadora el\u00e9ctrica CPD20-C 2.0T"},"content":{"rendered":"<h2>Detalles del producto:<\/h2>\n<table class=\"tg\" style=\"border-collapse: collapse; border-spacing: 0;\">\n<thead>\n<tr>\n<th style=\"background-color: #f56b00; color: #ffffff; font-family: Arial, sans-serif; font-size: 14px; font-weight: bold; overflow: hidden; padding: 10px 5px; text-align: left; vertical-align: middle; word-break: normal; border: 1px solid black;\">\n<div><strong>Art\u00edculo<\/strong><\/div>\n<\/th>\n<th style=\"background-color: #9b9b9b; color: #ffffff; font-family: Arial, sans-serif; font-size: 14px; font-weight: bold; overflow: hidden; padding: 10px 5px; text-align: left; vertical-align: middle; word-break: normal; border: 1px solid black;\"><span style=\"font-weight: 600;\">CPD10-C<\/span><\/th>\n<th style=\"background-color: #9b9b9b; color: #ffffff; font-family: Arial, sans-serif; font-size: 14px; font-weight: bold; overflow: hidden; padding: 10px 5px; text-align: left; vertical-align: middle; word-break: normal; border: 1px solid black;\"><span style=\"font-weight: 600;\">CPD15-C<\/span><\/th>\n<th style=\"background-color: #9b9b9b; color: #ffffff; font-family: Arial, sans-serif; font-size: 14px; font-weight: bold; overflow: hidden; padding: 10px 5px; text-align: left; vertical-align: middle; word-break: normal; border: 1px solid black;\"><span style=\"font-weight: 600;\">CPD20-C<\/span><\/th>\n<\/tr>\n<\/thead>\n<tbody>\n<tr>\n<td style=\"background-color: #f56b00; color: #ffffff; font-family: Arial, sans-serif; font-size: 14px; font-weight: bold; overflow: hidden; padding: 10px 5px; text-align: left; vertical-align: middle; word-break: normal; border: 1px solid black;\">Modelo<\/td>\n<td style=\"background-color: #fff; color: #222; font-family: Arial, sans-serif; font-size: 14px; overflow: hidden; padding: 10px 5px; text-align: left; vertical-align: middle; word-break: normal; border: 1px solid black;\"><span style=\"font-weight: 400; color: var(--md-box-samantha-normal-text-color);\">CPD10-C<\/span><\/td>\n<td style=\"background-color: #fff; color: #222; font-family: Arial, sans-serif; font-size: 14px; overflow: hidden; padding: 10px 5px; text-align: left; vertical-align: middle; word-break: normal; border: 1px solid black;\"><span style=\"font-weight: 400; color: var(--md-box-samantha-normal-text-color);\">CPD15-C<\/span><\/td>\n<td style=\"background-color: #fff; color: #222; font-family: Arial, sans-serif; font-size: 14px; overflow: hidden; padding: 10px 5px; text-align: left; vertical-align: middle; word-break: normal; border: 1px solid black;\"><span style=\"font-weight: 400; color: var(--md-box-samantha-normal-text-color);\">CPD20-C<\/span><\/td>\n<\/tr>\n<tr>\n<td style=\"background-color: #f56b00; color: #ffffff; font-family: Arial, sans-serif; font-size: 14px; font-weight: bold; overflow: hidden; padding: 10px 5px; text-align: left; vertical-align: middle; word-break: normal; border: 1px solid black;\">Modo de conducci\u00f3n<\/td>\n<td style=\"background-color: #fff; color: #222; font-family: Arial, sans-serif; font-size: 14px; overflow: hidden; padding: 10px 5px; text-align: left; vertical-align: middle; word-break: normal; border: 1px solid black;\"><span style=\"font-weight: 400; color: var(--md-box-samantha-normal-text-color);\">Sentado<\/span><\/td>\n<td style=\"background-color: #fff; color: #222; font-family: Arial, sans-serif; font-size: 14px; overflow: hidden; padding: 10px 5px; text-align: left; vertical-align: middle; word-break: normal; border: 1px solid black;\"><span style=\"font-weight: 400; color: var(--md-box-samantha-normal-text-color);\">Sentado<\/span><\/td>\n<td style=\"background-color: #fff; color: #222; font-family: Arial, sans-serif; font-size: 14px; overflow: hidden; padding: 10px 5px; text-align: left; vertical-align: middle; word-break: normal; border: 1px solid black;\"><span style=\"font-weight: 400; color: var(--md-box-samantha-normal-text-color);\">Sentado<\/span><\/td>\n<\/tr>\n<tr>\n<td style=\"background-color: #f56b00; color: #ffffff; font-family: Arial, sans-serif; font-size: 14px; font-weight: bold; overflow: hidden; padding: 10px 5px; text-align: left; vertical-align: middle; word-break: normal; border: 1px solid black;\">Capacidad nominal<\/td>\n<td style=\"background-color: #fff; color: #222; font-family: Arial, sans-serif; font-size: 14px; overflow: hidden; padding: 10px 5px; text-align: left; vertical-align: middle; word-break: normal; border: 1px solid black;\"><span style=\"font-weight: 400; color: var(--md-box-samantha-normal-text-color);\">1000 kilos<\/span><\/td>\n<td style=\"background-color: #fff; color: #222; font-family: Arial, sans-serif; font-size: 14px; overflow: hidden; padding: 10px 5px; text-align: left; vertical-align: middle; word-break: normal; border: 1px solid black;\"><span style=\"font-weight: 400; color: var(--md-box-samantha-normal-text-color);\">1500 kilos<\/span><\/td>\n<td style=\"background-color: #fff; color: #222; font-family: Arial, sans-serif; font-size: 14px; overflow: hidden; padding: 10px 5px; text-align: left; vertical-align: middle; word-break: normal; border: 1px solid black;\"><span style=\"font-weight: 400; color: var(--md-box-samantha-normal-text-color);\">2000 kilos<\/span><\/td>\n<\/tr>\n<tr>\n<td style=\"background-color: #f56b00; color: #ffffff; font-family: Arial, sans-serif; font-size: 14px; font-weight: bold; overflow: hidden; padding: 10px 5px; text-align: left; vertical-align: middle; word-break: normal; border: 1px solid black;\">Altura m\u00e1xima de elevaci\u00f3n<\/td>\n<td style=\"background-color: #fff; color: #222; font-family: Arial, sans-serif; font-size: 14px; overflow: hidden; padding: 10px 5px; text-align: left; vertical-align: middle; word-break: normal; border: 1px solid black;\"><span style=\"font-weight: 400; color: var(--md-box-samantha-normal-text-color);\">3000 mil\u00edmetros<\/span><\/td>\n<td style=\"background-color: #fff; color: #222; font-family: Arial, sans-serif; font-size: 14px; overflow: hidden; padding: 10px 5px; text-align: left; vertical-align: middle; word-break: normal; border: 1px solid black;\"><span style=\"font-weight: 400; color: var(--md-box-samantha-normal-text-color);\">3000 mil\u00edmetros<\/span><\/td>\n<td style=\"background-color: #fff; color: #222; font-family: Arial, sans-serif; font-size: 14px; overflow: hidden; padding: 10px 5px; text-align: left; vertical-align: middle; word-break: normal; border: 1px solid black;\"><span style=\"font-weight: 400; color: var(--md-box-samantha-normal-text-color);\">3000 mil\u00edmetros<\/span><\/td>\n<\/tr>\n<tr>\n<td style=\"background-color: #f56b00; color: #ffffff; font-family: Arial, sans-serif; font-size: 14px; font-weight: bold; overflow: hidden; padding: 10px 5px; text-align: left; vertical-align: middle; word-break: normal; border: 1px solid black;\">Tama\u00f1o de la horquilla<\/td>\n<td style=\"background-color: #fff; color: #222; font-family: Arial, sans-serif; font-size: 14px; overflow: hidden; padding: 10px 5px; text-align: left; vertical-align: middle; word-break: normal; border: 1px solid black;\"><span style=\"font-weight: 400; color: var(--md-box-samantha-normal-text-color);\">30\u00d7100\u00d71070 mm<\/span><\/td>\n<td style=\"background-color: #fff; color: #222; font-family: Arial, sans-serif; font-size: 14px; overflow: hidden; padding: 10px 5px; text-align: left; vertical-align: middle; word-break: normal; border: 1px solid black;\"><span style=\"font-weight: 400; color: var(--md-box-samantha-normal-text-color);\">35\u00d7100\u00d71070 mm<\/span><\/td>\n<td style=\"background-color: #fff; color: #222; font-family: Arial, sans-serif; font-size: 14px; overflow: hidden; padding: 10px 5px; text-align: left; vertical-align: middle; word-break: normal; border: 1px solid black;\"><span style=\"font-weight: 400; color: var(--md-box-samantha-normal-text-color);\">40\u00d7100\u00d71070 mm<\/span><\/td>\n<\/tr>\n<tr>\n<td style=\"background-color: #f56b00; color: #ffffff; font-family: Arial, sans-serif; font-size: 14px; font-weight: bold; overflow: hidden; padding: 10px 5px; text-align: left; vertical-align: middle; word-break: normal; border: 1px solid black;\">Voltaje de la bater\u00eda<\/td>\n<td style=\"background-color: #fff; color: #222; font-family: Arial, sans-serif; font-size: 14px; overflow: hidden; padding: 10px 5px; text-align: left; vertical-align: middle; word-break: normal; border: 1px solid black;\"><span style=\"font-weight: 400; color: var(--md-box-samantha-normal-text-color);\">60 V\/120 Ah<\/span><\/td>\n<td style=\"background-color: #fff; color: #222; font-family: Arial, sans-serif; font-size: 14px; overflow: hidden; padding: 10px 5px; text-align: left; vertical-align: middle; word-break: normal; border: 1px solid black;\"><span style=\"font-weight: 400; color: var(--md-box-samantha-normal-text-color);\">60 V\/160 Ah<\/span><\/td>\n<td style=\"background-color: #fff; color: #222; font-family: Arial, sans-serif; font-size: 14px; overflow: hidden; padding: 10px 5px; text-align: left; vertical-align: middle; word-break: normal; border: 1px solid black;\"><span style=\"font-weight: 400; color: var(--md-box-samantha-normal-text-color);\">60 V\/210 Ah<\/span><\/td>\n<\/tr>\n<tr>\n<td style=\"background-color: #f56b00; color: #ffffff; font-family: Arial, sans-serif; font-size: 14px; font-weight: bold; overflow: hidden; padding: 10px 5px; text-align: left; vertical-align: middle; word-break: normal; border: 1px solid black;\">Velocidad de viaje<\/td>\n<td style=\"background-color: #fff; color: #222; font-family: Arial, sans-serif; font-size: 14px; overflow: hidden; padding: 10px 5px; text-align: left; vertical-align: middle; word-break: normal; border: 1px solid black;\"><span style=\"font-weight: 400; color: var(--md-box-samantha-normal-text-color);\">11 kWh<\/span><\/td>\n<td style=\"background-color: #fff; color: #222; font-family: Arial, sans-serif; font-size: 14px; overflow: hidden; padding: 10px 5px; text-align: left; vertical-align: middle; word-break: normal; border: 1px solid black;\"><span style=\"font-weight: 400; color: var(--md-box-samantha-normal-text-color);\">10 kWh<\/span><\/td>\n<td style=\"background-color: #fff; color: #222; font-family: Arial, sans-serif; font-size: 14px; overflow: hidden; padding: 10px 5px; text-align: left; vertical-align: middle; word-break: normal; border: 1px solid black;\"><span style=\"font-weight: 400; color: var(--md-box-samantha-normal-text-color);\">10 kWh<\/span><\/td>\n<\/tr>\n<tr>\n<td style=\"background-color: #f56b00; color: #ffffff; font-family: Arial, sans-serif; font-size: 14px; font-weight: bold; overflow: hidden; padding: 10px 5px; text-align: left; vertical-align: middle; word-break: normal; border: 1px solid black;\">Superabilidad<\/td>\n<td style=\"background-color: #fff; color: #222; font-family: Arial, sans-serif; font-size: 14px; overflow: hidden; padding: 10px 5px; text-align: left; vertical-align: middle; word-break: normal; border: 1px solid black;\"><span style=\"font-weight: 400; color: var(--md-box-samantha-normal-text-color);\">20\u00b0<\/span><\/td>\n<td style=\"background-color: #fff; color: #222; font-family: Arial, sans-serif; font-size: 14px; overflow: hidden; padding: 10px 5px; text-align: left; vertical-align: middle; word-break: normal; border: 1px solid black;\"><span style=\"font-weight: 400; color: var(--md-box-samantha-normal-text-color);\">20\u00b0<\/span><\/td>\n<td style=\"background-color: #fff; color: #222; font-family: Arial, sans-serif; font-size: 14px; overflow: hidden; padding: 10px 5px; text-align: left; vertical-align: middle; word-break: normal; border: 1px solid black;\"><span style=\"font-weight: 400; color: var(--md-box-samantha-normal-text-color);\">20\u00b0<\/span><\/td>\n<\/tr>\n<tr>\n<td style=\"background-color: #f56b00; color: #ffffff; font-family: Arial, sans-serif; font-size: 14px; font-weight: bold; overflow: hidden; padding: 10px 5px; text-align: left; vertical-align: middle; word-break: normal; border: 1px solid black;\">Peso<\/td>\n<td style=\"background-color: #fff; color: #222; font-family: Arial, sans-serif; font-size: 14px; overflow: hidden; padding: 10px 5px; text-align: left; vertical-align: middle; word-break: normal; border: 1px solid black;\"><span style=\"font-weight: 400; color: var(--md-box-samantha-normal-text-color);\">1570 kilos<\/span><\/td>\n<td style=\"background-color: #fff; color: #222; font-family: Arial, sans-serif; font-size: 14px; overflow: hidden; padding: 10px 5px; text-align: left; vertical-align: middle; word-break: normal; border: 1px solid black;\"><span style=\"font-weight: 400; color: var(--md-box-samantha-normal-text-color);\">2200 kilos<\/span><\/td>\n<td style=\"background-color: #fff; color: #222; font-family: Arial, sans-serif; font-size: 14px; overflow: hidden; padding: 10px 5px; text-align: left; vertical-align: middle; word-break: normal; border: 1px solid black;\"><span style=\"font-weight: 400; color: var(--md-box-samantha-normal-text-color);\">2680 kilos<\/span><\/td>\n<\/tr>\n<tr>\n<td style=\"background-color: #f56b00; color: #ffffff; font-family: Arial, sans-serif; font-size: 14px; overflow: hidden; padding: 10px 5px; text-align: left; vertical-align: middle; word-break: normal; border: 1px solid black;\">Dimensiones<\/td>\n<td style=\"background-color: #fff; color: #222; font-family: Arial, sans-serif; font-size: 14px; overflow: hidden; padding: 10px 5px; text-align: left; vertical-align: middle; word-break: normal; border: 1px solid black;\"><span style=\"font-weight: 400; color: var(--md-box-samantha-normal-text-color);\">1980\u00d71020\u00d71860 mm<\/span><\/td>\n<td style=\"background-color: #fff; color: #222; font-family: Arial, sans-serif; font-size: 14px; overflow: hidden; padding: 10px 5px; text-align: left; vertical-align: middle; word-break: normal; border: 1px solid black;\"><span style=\"font-weight: 400; color: var(--md-box-samantha-normal-text-color);\">2230 \u00d7 1100 \u00d7 2110 mm<\/span><\/td>\n<td style=\"background-color: #fff; color: #222; font-family: Arial, sans-serif; font-size: 14px; overflow: hidden; padding: 10px 5px; text-align: left; vertical-align: middle; word-break: normal; border: 1px solid black;\"><span style=\"font-weight: 400; color: var(--md-box-samantha-normal-text-color);\">2230 \u00d7 1100 \u00d7 1860 mm<\/span><\/td>\n<\/tr>\n<\/tbody>\n<\/table>\n<h2><img fetchpriority=\"high\" decoding=\"async\" class=\"alignnone size-full wp-image-109\" src=\"https:\/\/www.soaogroup.com\/wp-content\/uploads\/2025\/01\/1_\u55e8\u683c\u5f0f\u538b\u7f29\u526f\u672c.png\" alt=\"\" width=\"1600\" height=\"600\" srcset=\"https:\/\/www.soaogroup.com\/wp-content\/uploads\/2025\/01\/1_\u55e8\u683c\u5f0f\u538b\u7f29\u526f\u672c.png 1600w, https:\/\/www.soaogroup.com\/wp-content\/uploads\/2025\/01\/1_\u55e8\u683c\u5f0f\u538b\u7f29\u526f\u672c-600x225.png 600w, https:\/\/www.soaogroup.com\/wp-content\/uploads\/2025\/01\/1_\u55e8\u683c\u5f0f\u538b\u7f29\u526f\u672c-300x113.png 300w, https:\/\/www.soaogroup.com\/wp-content\/uploads\/2025\/01\/1_\u55e8\u683c\u5f0f\u538b\u7f29\u526f\u672c-1024x384.png 1024w, https:\/\/www.soaogroup.com\/wp-content\/uploads\/2025\/01\/1_\u55e8\u683c\u5f0f\u538b\u7f29\u526f\u672c-768x288.png 768w, https:\/\/www.soaogroup.com\/wp-content\/uploads\/2025\/01\/1_\u55e8\u683c\u5f0f\u538b\u7f29\u526f\u672c-1536x576.png 1536w\" sizes=\"(max-width: 1600px) 100vw, 1600px\" \/>Caracter\u00edsticas del producto:<\/h2>\n<h3>Alta capacidad de carga:<\/h3>\n<p>Con una capacidad nominal de 2000 kg (2,0 T), puede manipular sin esfuerzo cargas pesadas, lo que lo hace adecuado para transportar art\u00edculos grandes y voluminosos en entornos industriales, como materiales de construcci\u00f3n en sitios de construcci\u00f3n o mercanc\u00edas paletizadas en almacenes.<\/p>\n<h3>Altura de elevaci\u00f3n adecuada:<\/h3>\n<p>La altura m\u00e1xima de elevaci\u00f3n de 3000 mm permite apilar mercanc\u00edas verticalmente hasta un nivel considerable, lo que ayuda a optimizar el espacio de almacenamiento en los almacenes, lo que permite un uso m\u00e1s eficiente del espacio en las estanter\u00edas.<\/p>\n<h3><img decoding=\"async\" class=\"size-full wp-image-107 alignright\" src=\"https:\/\/www.soaogroup.com\/wp-content\/uploads\/2025\/01\/IMG_E1697_\u55e8\u683c\u5f0f\u538b\u7f29\u526f\u672c_\u7ed3\u679c.webp\" alt=\"\" width=\"800\" height=\"800\" srcset=\"https:\/\/www.soaogroup.com\/wp-content\/uploads\/2025\/01\/IMG_E1697_\u55e8\u683c\u5f0f\u538b\u7f29\u526f\u672c_\u7ed3\u679c.webp 800w, https:\/\/www.soaogroup.com\/wp-content\/uploads\/2025\/01\/IMG_E1697_\u55e8\u683c\u5f0f\u538b\u7f29\u526f\u672c_\u7ed3\u679c-300x300.webp 300w, https:\/\/www.soaogroup.com\/wp-content\/uploads\/2025\/01\/IMG_E1697_\u55e8\u683c\u5f0f\u538b\u7f29\u526f\u672c_\u7ed3\u679c-100x100.webp 100w, https:\/\/www.soaogroup.com\/wp-content\/uploads\/2025\/01\/IMG_E1697_\u55e8\u683c\u5f0f\u538b\u7f29\u526f\u672c_\u7ed3\u679c-600x600.webp 600w, https:\/\/www.soaogroup.com\/wp-content\/uploads\/2025\/01\/IMG_E1697_\u55e8\u683c\u5f0f\u538b\u7f29\u526f\u672c_\u7ed3\u679c-150x150.webp 150w, https:\/\/www.soaogroup.com\/wp-content\/uploads\/2025\/01\/IMG_E1697_\u55e8\u683c\u5f0f\u538b\u7f29\u526f\u672c_\u7ed3\u679c-768x768.webp 768w\" sizes=\"(max-width: 800px) 100vw, 800px\" \/>Dise\u00f1o de horquilla resistente:<\/h3>\n<p>Su horquilla de 40\u00d7100\u00d71070 mm garantiza un agarre seguro de las cargas, minimizando as\u00ed el riesgo de deslizamiento de las mismas durante el movimiento, mejorando la seguridad durante las operaciones de manipulaci\u00f3n.<\/p>\n<h3>Potente bater\u00eda de respaldo:<\/h3>\n<p>Equipada con una bater\u00eda de 60 V\/210 Ah, tiene potencia suficiente para mantener una velocidad de desplazamiento constante de 10 kW\/h. Esta bater\u00eda de larga duraci\u00f3n permite un funcionamiento continuo durante los turnos de trabajo sin necesidad de recargas frecuentes.<\/p>\n<h3>Buena capacidad de escalada:<\/h3>\n<p>Una capacidad de pendiente de 20\u00b0 significa que puede ascender y descender pendientes con suavidad. Esto es muy pr\u00e1ctico en instalaciones con terrenos irregulares o rampas, lo que garantiza una transferencia de material sin problemas en diferentes elevaciones. \u2013 **Asiento ergon\u00f3mico**: El modo de conducci\u00f3n sentado prioriza la comodidad del operador. Al reducir la fatiga durante largas horas de trabajo, permite un control m\u00e1s preciso, lo que a su vez aumenta la eficiencia y la seguridad del trabajo. *Dimensiones compactas:<\/p>\n<p>Con unas medidas de 2230\u00d71100\u00d71860 mm, su tama\u00f1o relativamente compacto proporciona una excelente maniobrabilidad. Puede desplazarse f\u00e1cilmente por pasillos estrechos en almacenes y espacios de trabajo reducidos, ahorrando tiempo y esfuerzo.<\/p>\n<h3><\/h3>\n<h3><img decoding=\"async\" class=\"alignnone size-full wp-image-111\" src=\"https:\/\/www.soaogroup.com\/wp-content\/uploads\/2025\/01\/2_\u55e8\u683c\u5f0f\u538b\u7f29\u526f\u672c-1.png\" alt=\"\" width=\"1600\" height=\"600\" srcset=\"https:\/\/www.soaogroup.com\/wp-content\/uploads\/2025\/01\/2_\u55e8\u683c\u5f0f\u538b\u7f29\u526f\u672c-1.png 1600w, https:\/\/www.soaogroup.com\/wp-content\/uploads\/2025\/01\/2_\u55e8\u683c\u5f0f\u538b\u7f29\u526f\u672c-1-600x225.png 600w, https:\/\/www.soaogroup.com\/wp-content\/uploads\/2025\/01\/2_\u55e8\u683c\u5f0f\u538b\u7f29\u526f\u672c-1-300x113.png 300w, https:\/\/www.soaogroup.com\/wp-content\/uploads\/2025\/01\/2_\u55e8\u683c\u5f0f\u538b\u7f29\u526f\u672c-1-1024x384.png 1024w, https:\/\/www.soaogroup.com\/wp-content\/uploads\/2025\/01\/2_\u55e8\u683c\u5f0f\u538b\u7f29\u526f\u672c-1-768x288.png 768w, https:\/\/www.soaogroup.com\/wp-content\/uploads\/2025\/01\/2_\u55e8\u683c\u5f0f\u538b\u7f29\u526f\u672c-1-1536x576.png 1536w\" sizes=\"(max-width: 1600px) 100vw, 1600px\" \/><\/h3>\n<h2>Solicitud:<\/h2>\n<p>La carretilla elevadora el\u00e9ctrica CPD20-C 2.0T tiene diversas aplicaciones. En almacenes, su altura m\u00e1xima de elevaci\u00f3n de 3000 mm le permite apilar mercanc\u00edas ordenadamente en estanter\u00edas altas, optimizando el espacio de almacenamiento. Con una capacidad de 2000 kg, mueve f\u00e1cilmente pal\u00e9s pesados de bienes de consumo o piezas industriales. En las obras de construcci\u00f3n, transporta materiales de construcci\u00f3n como ladrillos, barras de acero y bolsas de cemento a trav\u00e9s de terrenos irregulares, gracias a su capacidad de pendiente de 20\u00b0. Los centros log\u00edsticos tambi\u00e9n conf\u00edan en ella para cargar y descargar camiones, trasladando r\u00e1pidamente grandes lotes de carga. Su tama\u00f1o compacto garantiza una navegaci\u00f3n fluida en pasillos estrechos, mejorando la eficiencia operativa general.<\/p>","protected":false},"excerpt":{"rendered":"<h4 class=\"elementor-heading-title elementor-size-default\" style=\"text-align: center; padding-bottom: 30px;\">Carretilla elevadora el\u00e9ctrica CPD20-C 2.0T<\/h4>\n<div>La carretilla elevadora el\u00e9ctrica CPD20-C 2.0T es un veh\u00edculo industrial pr\u00e1ctico. Tiene una capacidad nominal de 2000 kg y una altura m\u00e1xima de elevaci\u00f3n de 3000 mm. Con una bater\u00eda de 60 V\/210 Ah, funciona a 10 kW\/h. El modo de conducci\u00f3n sentado es c\u00f3modo. Su capacidad de pendiente de 20\u00b0 y su tama\u00f1o compacto de 2230 \u00d7 1100 \u00d7 1860 mm lo hacen adecuado para diversos lugares de trabajo.<\/div>\n<div><\/div>\n<div>\n<hr class=\"dongte456custom-line\" \/>\n<\/div>\n<div style=\"padding-bottom: 5px;\">Categor\u00eda: Carretilla elevadora el\u00e9ctrica CPD20-C 2.0T<\/div>\n<div>Palabra clave: Carretilla elevadora el\u00e9ctrica CPD20-C 2.0T<\/div>\n<div>\n<hr \/>\n<\/div>\n<p><img loading=\"lazy\" decoding=\"async\" class=\"alignnone wp-image-257\" src=\"https:\/\/www.soaogroup.com\/wp-content\/uploads\/2025\/02\/\u672a\u6807\u9898-2.jpg\" alt=\"\" width=\"48\" height=\"50\" \/>\u00a0 Whatsapp :<a href=\"https:\/\/api.whatsapp.com\/send?phone=8613395319660\" target=\"_blank\" rel=\"noopener\">\u00a0+8613395319660 <\/a><\/p>\n<div>\n<hr \/>\n<\/div>\n<p><img loading=\"lazy\" decoding=\"async\" class=\"alignnone wp-image-258\" src=\"https:\/\/www.soaogroup.com\/wp-content\/uploads\/2025\/02\/emaillogoblue.jpg\" alt=\"\" width=\"48\" height=\"55\" \/>\u00a0\u00a0Correo electr\u00f3nico : <a href=\"mailto:sales@sdsoao.com\" target=\"_blank\" rel=\"noopener\">\u00a0ventas@sdsoao.com<\/a><\/p>\n<div>\n<hr \/>\n<\/div>\n<h3><\/h3>\n<div><\/div>","protected":false},"featured_media":100,"comment_status":"open","ping_status":"closed","template":"","meta":[],"product_brand":[],"product_cat":[17,16],"product_tag":[],"class_list":{"0":"post-84","1":"product","2":"type-product","3":"status-publish","4":"has-post-thumbnail","6":"product_cat-electric-forklift","7":"product_cat-forklift","9":"first","10":"instock","11":"shipping-taxable","12":"product-type-simple"},"_links":{"self":[{"href":"https:\/\/www.soaogroup.com\/es\/wp-json\/wp\/v2\/product\/84","targetHints":{"allow":["GET"]}}],"collection":[{"href":"https:\/\/www.soaogroup.com\/es\/wp-json\/wp\/v2\/product"}],"about":[{"href":"https:\/\/www.soaogroup.com\/es\/wp-json\/wp\/v2\/types\/product"}],"replies":[{"embeddable":true,"href":"https:\/\/www.soaogroup.com\/es\/wp-json\/wp\/v2\/comments?post=84"}],"wp:featuredmedia":[{"embeddable":true,"href":"https:\/\/www.soaogroup.com\/es\/wp-json\/wp\/v2\/media\/100"}],"wp:attachment":[{"href":"https:\/\/www.soaogroup.com\/es\/wp-json\/wp\/v2\/media?parent=84"}],"wp:term":[{"taxonomy":"product_brand","embeddable":true,"href":"https:\/\/www.soaogroup.com\/es\/wp-json\/wp\/v2\/product_brand?post=84"},{"taxonomy":"product_cat","embeddable":true,"href":"https:\/\/www.soaogroup.com\/es\/wp-json\/wp\/v2\/product_cat?post=84"},{"taxonomy":"product_tag","embeddable":true,"href":"https:\/\/www.soaogroup.com\/es\/wp-json\/wp\/v2\/product_tag?post=84"}],"curies":[{"name":"wp","href":"https:\/\/api.w.org\/{rel}","templated":true}]}}