{"id":73,"date":"2025-01-10T15:10:05","date_gmt":"2025-01-10T07:10:05","guid":{"rendered":"https:\/\/www.soaogroup.com\/?post_type=product&#038;p=73"},"modified":"2025-02-16T09:53:56","modified_gmt":"2025-02-16T01:53:56","slug":"cpd20-s-2t-electric-forklift","status":"publish","type":"product","link":"https:\/\/www.soaogroup.com\/es\/producto\/cpd20-s-2t-electric-forklift\/","title":{"rendered":"Carretilla elevadora el\u00e9ctrica CPD20-S 2T"},"content":{"rendered":"<h2>Detalles del producto:<\/h2>\n<table class=\"tg\" style=\"border-collapse: collapse; border-spacing: 0;\">\n<thead>\n<tr>\n<th style=\"background-color: #f56b00; color: #ffffff; font-family: Arial, sans-serif; font-size: 14px; font-weight: normal; overflow: hidden; padding: 10px 5px; text-align: left; vertical-align: middle; word-break: normal; border: 1px solid black;\">Art\u00edculo<\/th>\n<th style=\"background-color: #9b9b9b; color: #ffffff; font-family: Arial, sans-serif; font-size: 14px; font-weight: bold; overflow: hidden; padding: 10px 5px; text-align: center; vertical-align: middle; word-break: normal; border: 1px solid black;\"><span style=\"font-weight: 600;\">CPD15-S<\/span><\/th>\n<th style=\"background-color: #9b9b9b; color: #ffffff; font-family: Arial, sans-serif; font-size: 14px; font-weight: bold; overflow: hidden; padding: 10px 5px; text-align: center; vertical-align: middle; word-break: normal; border: 1px solid black;\"><span style=\"font-weight: 600;\">CPD20-S<\/span><\/th>\n<\/tr>\n<\/thead>\n<tbody>\n<tr>\n<td style=\"background-color: #f56b00; color: #ffffff; font-family: Arial, sans-serif; font-size: 14px; font-weight: bold; overflow: hidden; padding: 10px 5px; text-align: left; vertical-align: middle; word-break: normal; border: 1px solid black;\">Modo de conducci\u00f3n<\/td>\n<td style=\"background-color: #ffffff; color: #222; font-family: Arial, sans-serif; font-size: 14px; overflow: hidden; padding: 10px 5px; text-align: left; vertical-align: middle; word-break: normal; border: 1px solid black;\"><span style=\"font-weight: 400; color: var(--md-box-samantha-normal-text-color);\">Sentado<\/span><\/td>\n<td style=\"background-color: #ffffff; color: #222; font-family: Arial, sans-serif; font-size: 14px; overflow: hidden; padding: 10px 5px; text-align: left; vertical-align: middle; word-break: normal; border: 1px solid black;\"><span style=\"font-weight: 400; color: var(--md-box-samantha-normal-text-color);\">Sentado<\/span><\/td>\n<\/tr>\n<tr>\n<td style=\"background-color: #f56b00; color: #ffffff; font-family: Arial, sans-serif; font-size: 14px; font-weight: bold; overflow: hidden; padding: 10px 5px; text-align: left; vertical-align: middle; word-break: normal; border: 1px solid black;\">Capacidad nominal<\/td>\n<td style=\"background-color: #ffffff; color: #222; font-family: Arial, sans-serif; font-size: 14px; overflow: hidden; padding: 10px 5px; text-align: left; vertical-align: middle; word-break: normal; border: 1px solid black;\"><span style=\"font-weight: 400; color: var(--md-box-samantha-normal-text-color);\">1500 kilos<\/span><\/td>\n<td style=\"background-color: #ffffff; color: #222; font-family: Arial, sans-serif; font-size: 14px; overflow: hidden; padding: 10px 5px; text-align: left; vertical-align: middle; word-break: normal; border: 1px solid black;\"><span style=\"font-weight: 400; color: var(--md-box-samantha-normal-text-color);\">2000 kilos<\/span><\/td>\n<\/tr>\n<tr>\n<td style=\"background-color: #f56b00; color: #ffffff; font-family: Arial, sans-serif; font-size: 14px; font-weight: bold; overflow: hidden; padding: 10px 5px; text-align: left; vertical-align: middle; word-break: normal; border: 1px solid black;\">Altura m\u00e1xima de elevaci\u00f3n<\/td>\n<td style=\"background-color: #ffffff; color: #222; font-family: Arial, sans-serif; font-size: 14px; overflow: hidden; padding: 10px 5px; text-align: left; vertical-align: middle; word-break: normal; border: 1px solid black;\"><span style=\"font-weight: 400; color: var(--md-box-samantha-normal-text-color);\">3000 mil\u00edmetros<\/span><\/td>\n<td style=\"background-color: #ffffff; color: #222; font-family: Arial, sans-serif; font-size: 14px; overflow: hidden; padding: 10px 5px; text-align: left; vertical-align: middle; word-break: normal; border: 1px solid black;\"><span style=\"font-weight: 400; color: var(--md-box-samantha-normal-text-color);\">3000 mil\u00edmetros<\/span><\/td>\n<\/tr>\n<tr>\n<td style=\"background-color: #f56b00; color: #ffffff; font-family: Arial, sans-serif; font-size: 14px; font-weight: bold; overflow: hidden; padding: 10px 5px; text-align: left; vertical-align: middle; word-break: normal; border: 1px solid black;\">Tama\u00f1o de la horquilla<\/td>\n<td style=\"background-color: #ffffff; color: #222; font-family: Arial, sans-serif; font-size: 14px; overflow: hidden; padding: 10px 5px; text-align: left; vertical-align: middle; word-break: normal; border: 1px solid black;\"><span style=\"font-weight: 400; color: var(--md-box-samantha-normal-text-color);\">35\u00d7100\u00d71070 mm<\/span><\/td>\n<td style=\"background-color: #ffffff; color: #222; font-family: Arial, sans-serif; font-size: 14px; overflow: hidden; padding: 10px 5px; text-align: left; vertical-align: middle; word-break: normal; border: 1px solid black;\"><span style=\"font-weight: 400; color: var(--md-box-samantha-normal-text-color);\">40\u00d7100\u00d71070 mm<\/span><\/td>\n<\/tr>\n<tr>\n<td style=\"background-color: #f56b00; color: #ffffff; font-family: Arial, sans-serif; font-size: 14px; font-weight: bold; overflow: hidden; padding: 10px 5px; text-align: left; vertical-align: middle; word-break: normal; border: 1px solid black;\">Voltaje de la bater\u00eda<\/td>\n<td style=\"background-color: #ffffff; color: #222; font-family: Arial, sans-serif; font-size: 14px; overflow: hidden; padding: 10px 5px; text-align: left; vertical-align: middle; word-break: normal; border: 1px solid black;\"><span style=\"font-weight: 400; color: var(--md-box-samantha-normal-text-color);\">60 V\/120 Ah<\/span><\/td>\n<td style=\"background-color: #ffffff; color: #222; font-family: Arial, sans-serif; font-size: 14px; overflow: hidden; padding: 10px 5px; text-align: left; vertical-align: middle; word-break: normal; border: 1px solid black;\"><span style=\"font-weight: 400; color: var(--md-box-samantha-normal-text-color);\">72 V\/120 Ah<\/span><\/td>\n<\/tr>\n<tr>\n<td style=\"background-color: #f56b00; color: #ffffff; font-family: Arial, sans-serif; font-size: 14px; font-weight: bold; overflow: hidden; padding: 10px 5px; text-align: left; vertical-align: middle; word-break: normal; border: 1px solid black;\">Velocidad de viaje<\/td>\n<td style=\"background-color: #ffffff; color: #222; font-family: Arial, sans-serif; font-size: 14px; overflow: hidden; padding: 10px 5px; text-align: left; vertical-align: middle; word-break: normal; border: 1px solid black;\"><span style=\"font-weight: 400; color: var(--md-box-samantha-normal-text-color);\">10 kWh<\/span><\/td>\n<td style=\"background-color: #ffffff; color: #222; font-family: Arial, sans-serif; font-size: 14px; overflow: hidden; padding: 10px 5px; text-align: left; vertical-align: middle; word-break: normal; border: 1px solid black;\"><span style=\"font-weight: 400; color: var(--md-box-samantha-normal-text-color);\">10 kWh<\/span><\/td>\n<\/tr>\n<tr>\n<td style=\"background-color: #f56b00; color: #ffffff; font-family: Arial, sans-serif; font-size: 14px; font-weight: bold; overflow: hidden; padding: 10px 5px; text-align: left; vertical-align: middle; word-break: normal; border: 1px solid black;\">Superabilidad<\/td>\n<td style=\"background-color: #ffffff; color: #222; font-family: Arial, sans-serif; font-size: 14px; overflow: hidden; padding: 10px 5px; text-align: left; vertical-align: middle; word-break: normal; border: 1px solid black;\"><span style=\"font-weight: 400; color: var(--md-box-samantha-normal-text-color);\">20\u00b0<\/span><\/td>\n<td style=\"background-color: #ffffff; color: #222; font-family: Arial, sans-serif; font-size: 14px; overflow: hidden; padding: 10px 5px; text-align: left; vertical-align: middle; word-break: normal; border: 1px solid black;\"><span style=\"font-weight: 400; color: var(--md-box-samantha-normal-text-color);\">20\u00b0<\/span><\/td>\n<\/tr>\n<tr>\n<td style=\"background-color: #f56b00; color: #ffffff; font-family: Arial, sans-serif; font-size: 14px; font-weight: bold; overflow: hidden; padding: 10px 5px; text-align: left; vertical-align: middle; word-break: normal; border: 1px solid black;\">Peso<\/td>\n<td style=\"background-color: #ffffff; color: #222; font-family: Arial, sans-serif; font-size: 14px; overflow: hidden; padding: 10px 5px; text-align: left; vertical-align: middle; word-break: normal; border: 1px solid black;\"><span style=\"font-weight: 400; color: var(--md-box-samantha-normal-text-color);\">2250 kilos<\/span><\/td>\n<td style=\"background-color: #ffffff; color: #222; font-family: Arial, sans-serif; font-size: 14px; overflow: hidden; padding: 10px 5px; text-align: left; vertical-align: middle; word-break: normal; border: 1px solid black;\"><span style=\"font-weight: 400; color: var(--md-box-samantha-normal-text-color);\">2480 kilos<\/span><\/td>\n<\/tr>\n<tr>\n<td style=\"background-color: #f56b00; color: #ffffff; font-family: Arial, sans-serif; font-size: 14px; font-weight: bold; overflow: hidden; padding: 10px 5px; text-align: left; vertical-align: middle; word-break: normal; border: 1px solid black;\">Dimensiones<\/td>\n<td style=\"background-color: #ffffff; color: #222; font-family: Arial, sans-serif; font-size: 14px; overflow: hidden; padding: 10px 5px; text-align: left; vertical-align: middle; word-break: normal; border: 1px solid black;\"><span style=\"font-weight: 400; color: var(--md-box-samantha-normal-text-color);\">230\u00d71096\u00d72110 mm<\/span><\/td>\n<td style=\"background-color: #ffffff; color: #222; font-family: Arial, sans-serif; font-size: 14px; overflow: hidden; padding: 10px 5px; text-align: left; vertical-align: middle; word-break: normal; border: 1px solid black;\"><span style=\"font-weight: 400; color: var(--md-box-samantha-normal-text-color);\">2230 \u00d7 1096 \u00d7 2110 mm<\/span><\/td>\n<\/tr>\n<\/tbody>\n<\/table>\n<p>&nbsp;<\/p>\n<h2><img fetchpriority=\"high\" decoding=\"async\" class=\"alignnone size-full wp-image-94\" src=\"https:\/\/www.soaogroup.com\/wp-content\/uploads\/2025\/01\/20c.png\" alt=\"\" width=\"1600\" height=\"600\" srcset=\"https:\/\/www.soaogroup.com\/wp-content\/uploads\/2025\/01\/20c.png 1600w, https:\/\/www.soaogroup.com\/wp-content\/uploads\/2025\/01\/20c-600x225.png 600w, https:\/\/www.soaogroup.com\/wp-content\/uploads\/2025\/01\/20c-300x113.png 300w, https:\/\/www.soaogroup.com\/wp-content\/uploads\/2025\/01\/20c-1024x384.png 1024w, https:\/\/www.soaogroup.com\/wp-content\/uploads\/2025\/01\/20c-768x288.png 768w, https:\/\/www.soaogroup.com\/wp-content\/uploads\/2025\/01\/20c-1536x576.png 1536w\" sizes=\"(max-width: 1600px) 100vw, 1600px\" \/> Caracter\u00edsticas del producto:<\/h2>\n<h3>1. Alta capacidad de carga<\/h3>\n<p>Con una capacidad nominal de 2000 kg (2 T), puede manejar eficientemente cargas relativamente pesadas, satisfaciendo los requisitos de manejo de materiales de muchos escenarios industriales, como almacenes llenos de productos voluminosos o sitios de construcci\u00f3n durante la transferencia de materiales de construcci\u00f3n.<\/p>\n<h3>2.Altura de elevaci\u00f3n decente<\/h3>\n<p>Tiene una altura m\u00e1xima de elevaci\u00f3n de 3000 mm, lo que le permite apilar mercanc\u00edas a una distancia vertical considerable, optimizando el uso del espacio de almacenamiento en los almacenes y facilitando el acceso y la colocaci\u00f3n de los art\u00edculos en estanter\u00edas altas.<\/p>\n<h3><img decoding=\"async\" class=\"size-full wp-image-90 alignright\" src=\"https:\/\/www.soaogroup.com\/wp-content\/uploads\/2025\/01\/IMG_E6505_\u55e8\u683c\u5f0f\u538b\u7f29\u526f\u672c.jpg\" alt=\"\" width=\"800\" height=\"800\" srcset=\"https:\/\/www.soaogroup.com\/wp-content\/uploads\/2025\/01\/IMG_E6505_\u55e8\u683c\u5f0f\u538b\u7f29\u526f\u672c.jpg 800w, https:\/\/www.soaogroup.com\/wp-content\/uploads\/2025\/01\/IMG_E6505_\u55e8\u683c\u5f0f\u538b\u7f29\u526f\u672c-300x300.jpg 300w, https:\/\/www.soaogroup.com\/wp-content\/uploads\/2025\/01\/IMG_E6505_\u55e8\u683c\u5f0f\u538b\u7f29\u526f\u672c-100x100.jpg 100w, https:\/\/www.soaogroup.com\/wp-content\/uploads\/2025\/01\/IMG_E6505_\u55e8\u683c\u5f0f\u538b\u7f29\u526f\u672c-600x600.jpg 600w, https:\/\/www.soaogroup.com\/wp-content\/uploads\/2025\/01\/IMG_E6505_\u55e8\u683c\u5f0f\u538b\u7f29\u526f\u672c-150x150.jpg 150w, https:\/\/www.soaogroup.com\/wp-content\/uploads\/2025\/01\/IMG_E6505_\u55e8\u683c\u5f0f\u538b\u7f29\u526f\u672c-768x768.jpg 768w\" sizes=\"(max-width: 800px) 100vw, 800px\" \/><\/h3>\n<h3>3. Dise\u00f1o de horquilla adecuado<\/h3>\n<p>El tama\u00f1o de la horquilla de 40 x 100 x 1070 mm est\u00e1 cuidadosamente dise\u00f1ado. Estas dimensiones garantizan un soporte estable y un agarre seguro de las cargas, lo que minimiza el riesgo de que las mercanc\u00edas se deslicen durante el transporte.<\/p>\n<h3>4.Potente configuraci\u00f3n de bater\u00eda<\/h3>\n<p>Equipada con una bater\u00eda de 72 V\/120 Ah, proporciona suficiente potencia para impulsar la carretilla elevadora de forma constante. Una bater\u00eda de alta capacidad no solo garantiza un funcionamiento continuo durante un turno de trabajo, sino que tambi\u00e9n contribuye al rendimiento constante de la velocidad de desplazamiento de 10 kW\/h.<\/p>\n<h3>5. Buena capacidad para escalar<\/h3>\n<p>La capacidad de ascenso en pendientes de 20\u00b0 le permite operar en pendientes sin mucha dificultad. Esto es muy beneficioso cuando se trabaja en \u00e1reas industriales monta\u00f1osas o en rampas dentro de grandes complejos industriales, lo que garantiza una transferencia de material sin problemas a diferentes alturas.<\/p>\n<h3>6. Conducci\u00f3n ergon\u00f3mica sentada<\/h3>\n<p>El modo de conducci\u00f3n sentado ofrece comodidad al operador durante largas horas de trabajo. Reduce la fatiga, lo que permite un control m\u00e1s preciso de la carretilla elevadora, lo que a su vez mejora la eficiencia y la seguridad generales del trabajo.<\/p>\n<h3>7.Dimensiones compactas<\/h3>\n<p>Con unas medidas de 2230*1096*2110 mm, su tama\u00f1o relativamente compacto lo hace muy maniobrable en pasillos de almac\u00e9n estrechos y espacios de trabajo confinados, facilitando un movimiento \u00e1gil alrededor de obst\u00e1culos. <img decoding=\"async\" class=\"alignnone size-full wp-image-93\" src=\"https:\/\/www.soaogroup.com\/wp-content\/uploads\/2025\/01\/1.png\" alt=\"\" width=\"1600\" height=\"600\" srcset=\"https:\/\/www.soaogroup.com\/wp-content\/uploads\/2025\/01\/1.png 1600w, https:\/\/www.soaogroup.com\/wp-content\/uploads\/2025\/01\/1-600x225.png 600w, https:\/\/www.soaogroup.com\/wp-content\/uploads\/2025\/01\/1-300x113.png 300w, https:\/\/www.soaogroup.com\/wp-content\/uploads\/2025\/01\/1-1024x384.png 1024w, https:\/\/www.soaogroup.com\/wp-content\/uploads\/2025\/01\/1-768x288.png 768w, https:\/\/www.soaogroup.com\/wp-content\/uploads\/2025\/01\/1-1536x576.png 1536w\" sizes=\"(max-width: 1600px) 100vw, 1600px\" \/><\/p>\n<h2>Solicitud:<\/h2>\n<p>La carretilla elevadora el\u00e9ctrica CPD20-S 2T tiene una amplia gama de escenarios de aplicaci\u00f3n. En el almac\u00e9n, con una altura de elevaci\u00f3n de 3000 mm, puede acceder con precisi\u00f3n a los productos de las estanter\u00edas altas y optimizar el espacio de almacenamiento. Ya sean necesidades diarias o accesorios industriales, se puede manipular. Los almacenes de cadena de fr\u00edo tambi\u00e9n son adecuados, sin escape ni contaminaci\u00f3n. En las plantas de fabricaci\u00f3n, se basa en una carga de 2000 kg y una fuerza de ascenso de 20 \u00b0 para transferir componentes pesados en la l\u00ednea de producci\u00f3n y transportarlos a la estaci\u00f3n de ensamblaje para transportar piezas. Centro de distribuci\u00f3n log\u00edstica, carga y descarga de mercanc\u00edas, clasificaci\u00f3n de paquetes, confiando en brazos de horquilla estables y movilidad flexible para operar de manera eficiente. Al comienzo del sitio de construcci\u00f3n, puede manipular materiales de construcci\u00f3n y luego ayudar a transferir materiales de decoraci\u00f3n.<\/p>","protected":false},"excerpt":{"rendered":"<h4 class=\"elementor-heading-title elementor-size-default\" style=\"text-align: center; padding-bottom: 30px;\">Carretilla elevadora el\u00e9ctrica CPD20-S 2T<\/h4>\n<div>La carretilla elevadora el\u00e9ctrica CPD20-S 2T es un caballo de batalla confiable. Con una capacidad nominal de 2000 kg, puede manejar cargas pesadas. Su altura m\u00e1xima de elevaci\u00f3n de 3000 mm optimiza el almacenamiento. La bater\u00eda de 72 V\/120 Ah proporciona una velocidad de desplazamiento de 10 kW\/h. La conducci\u00f3n sentada, la capacidad de pendiente de 20\u00b0 y las dimensiones compactas de 2230 x 1096 x 2110 mm aumentan la facilidad de uso en varios sitios.<\/div>\n<div><\/div>\n<div>\n<hr class=\"dongte456custom-line\" \/>\n<\/div>\n<div style=\"padding-bottom: 5px;\">Categor\u00eda: Carretilla elevadora el\u00e9ctrica CPD20-S 2T<\/div>\n<div>Palabra clave: Carretilla elevadora el\u00e9ctrica CPD20-S 2T<\/div>\n<div>\n<hr \/>\n<\/div>\n<p><img loading=\"lazy\" decoding=\"async\" class=\"alignnone wp-image-257\" src=\"https:\/\/www.soaogroup.com\/wp-content\/uploads\/2025\/02\/\u672a\u6807\u9898-2.jpg\" alt=\"\" width=\"48\" height=\"50\" \/>\u00a0 Whatsapp :<a href=\"https:\/\/api.whatsapp.com\/send?phone=8613395319660\" target=\"_blank\" rel=\"noopener\">\u00a0+8613395319660 <\/a><\/p>\n<div>\n<hr \/>\n<\/div>\n<p><img loading=\"lazy\" decoding=\"async\" class=\"alignnone wp-image-258\" src=\"https:\/\/www.soaogroup.com\/wp-content\/uploads\/2025\/02\/emaillogoblue.jpg\" alt=\"\" width=\"48\" height=\"55\" \/>\u00a0\u00a0Correo electr\u00f3nico : <a href=\"mailto:sales@sdsoao.com\" target=\"_blank\" rel=\"noopener\">\u00a0ventas@sdsoao.com<\/a><\/p>\n<div>\n<hr \/>\n<\/div>\n<h3><\/h3>\n<div><\/div>","protected":false},"featured_media":86,"comment_status":"open","ping_status":"closed","template":"","meta":[],"product_brand":[],"product_cat":[17,16],"product_tag":[],"class_list":{"0":"post-73","1":"product","2":"type-product","3":"status-publish","4":"has-post-thumbnail","6":"product_cat-electric-forklift","7":"product_cat-forklift","9":"first","10":"instock","11":"shipping-taxable","12":"product-type-simple"},"_links":{"self":[{"href":"https:\/\/www.soaogroup.com\/es\/wp-json\/wp\/v2\/product\/73","targetHints":{"allow":["GET"]}}],"collection":[{"href":"https:\/\/www.soaogroup.com\/es\/wp-json\/wp\/v2\/product"}],"about":[{"href":"https:\/\/www.soaogroup.com\/es\/wp-json\/wp\/v2\/types\/product"}],"replies":[{"embeddable":true,"href":"https:\/\/www.soaogroup.com\/es\/wp-json\/wp\/v2\/comments?post=73"}],"wp:featuredmedia":[{"embeddable":true,"href":"https:\/\/www.soaogroup.com\/es\/wp-json\/wp\/v2\/media\/86"}],"wp:attachment":[{"href":"https:\/\/www.soaogroup.com\/es\/wp-json\/wp\/v2\/media?parent=73"}],"wp:term":[{"taxonomy":"product_brand","embeddable":true,"href":"https:\/\/www.soaogroup.com\/es\/wp-json\/wp\/v2\/product_brand?post=73"},{"taxonomy":"product_cat","embeddable":true,"href":"https:\/\/www.soaogroup.com\/es\/wp-json\/wp\/v2\/product_cat?post=73"},{"taxonomy":"product_tag","embeddable":true,"href":"https:\/\/www.soaogroup.com\/es\/wp-json\/wp\/v2\/product_tag?post=73"}],"curies":[{"name":"wp","href":"https:\/\/api.w.org\/{rel}","templated":true}]}}