{"id":64,"date":"2025-01-10T14:48:52","date_gmt":"2025-01-10T06:48:52","guid":{"rendered":"https:\/\/www.soaogroup.com\/?post_type=product&#038;p=64"},"modified":"2025-02-16T09:54:08","modified_gmt":"2025-02-16T01:54:08","slug":"cpd15-s-1-5t-electric-forklift","status":"publish","type":"product","link":"https:\/\/www.soaogroup.com\/es\/producto\/cpd15-s-1-5t-electric-forklift\/","title":{"rendered":"Carretilla elevadora el\u00e9ctrica CPD15-S de 1,5 T"},"content":{"rendered":"<h2>Detalles del producto:<\/h2>\n<table class=\"tg\" style=\"border-collapse: collapse; border-spacing: 0;\">\n<thead>\n<tr>\n<th style=\"background-color: #f56b00; color: #ffffff; font-family: Arial, sans-serif; font-size: 14px; font-weight: normal; overflow: hidden; padding: 10px 5px; text-align: left; vertical-align: middle; word-break: normal; border: 1px solid black;\">Art\u00edculo<\/th>\n<th style=\"background-color: #9b9b9b; color: #ffffff; font-family: Arial, sans-serif; font-size: 14px; font-weight: bold; overflow: hidden; padding: 10px 5px; text-align: center; vertical-align: middle; word-break: normal; border: 1px solid black;\"><span style=\"font-weight: 600;\">CPD15-S<\/span><\/th>\n<th style=\"background-color: #9b9b9b; color: #ffffff; font-family: Arial, sans-serif; font-size: 14px; font-weight: bold; overflow: hidden; padding: 10px 5px; text-align: center; vertical-align: middle; word-break: normal; border: 1px solid black;\"><span style=\"font-weight: 600;\">CPD20-S<\/span><\/th>\n<\/tr>\n<\/thead>\n<tbody>\n<tr>\n<td style=\"background-color: #f56b00; color: #ffffff; font-family: Arial, sans-serif; font-size: 14px; font-weight: bold; overflow: hidden; padding: 10px 5px; text-align: left; vertical-align: middle; word-break: normal; border: 1px solid black;\">Modo de conducci\u00f3n<\/td>\n<td style=\"background-color: #ffffff; color: #222; font-family: Arial, sans-serif; font-size: 14px; overflow: hidden; padding: 10px 5px; text-align: left; vertical-align: middle; word-break: normal; border: 1px solid black;\"><span style=\"font-weight: 400; color: var(--md-box-samantha-normal-text-color);\">Sentado<\/span><\/td>\n<td style=\"background-color: #ffffff; color: #222; font-family: Arial, sans-serif; font-size: 14px; overflow: hidden; padding: 10px 5px; text-align: left; vertical-align: middle; word-break: normal; border: 1px solid black;\"><span style=\"font-weight: 400; color: var(--md-box-samantha-normal-text-color);\">Sentado<\/span><\/td>\n<\/tr>\n<tr>\n<td style=\"background-color: #f56b00; color: #ffffff; font-family: Arial, sans-serif; font-size: 14px; font-weight: bold; overflow: hidden; padding: 10px 5px; text-align: left; vertical-align: middle; word-break: normal; border: 1px solid black;\">Capacidad nominal<\/td>\n<td style=\"background-color: #ffffff; color: #222; font-family: Arial, sans-serif; font-size: 14px; overflow: hidden; padding: 10px 5px; text-align: left; vertical-align: middle; word-break: normal; border: 1px solid black;\"><span style=\"font-weight: 400; color: var(--md-box-samantha-normal-text-color);\">1500 kilos<\/span><\/td>\n<td style=\"background-color: #ffffff; color: #222; font-family: Arial, sans-serif; font-size: 14px; overflow: hidden; padding: 10px 5px; text-align: left; vertical-align: middle; word-break: normal; border: 1px solid black;\"><span style=\"font-weight: 400; color: var(--md-box-samantha-normal-text-color);\">2000 kilos<\/span><\/td>\n<\/tr>\n<tr>\n<td style=\"background-color: #f56b00; color: #ffffff; font-family: Arial, sans-serif; font-size: 14px; font-weight: bold; overflow: hidden; padding: 10px 5px; text-align: left; vertical-align: middle; word-break: normal; border: 1px solid black;\">Altura m\u00e1xima de elevaci\u00f3n<\/td>\n<td style=\"background-color: #ffffff; color: #222; font-family: Arial, sans-serif; font-size: 14px; overflow: hidden; padding: 10px 5px; text-align: left; vertical-align: middle; word-break: normal; border: 1px solid black;\"><span style=\"font-weight: 400; color: var(--md-box-samantha-normal-text-color);\">3000 mil\u00edmetros<\/span><\/td>\n<td style=\"background-color: #ffffff; color: #222; font-family: Arial, sans-serif; font-size: 14px; overflow: hidden; padding: 10px 5px; text-align: left; vertical-align: middle; word-break: normal; border: 1px solid black;\"><span style=\"font-weight: 400; color: var(--md-box-samantha-normal-text-color);\">3000 mil\u00edmetros<\/span><\/td>\n<\/tr>\n<tr>\n<td style=\"background-color: #f56b00; color: #ffffff; font-family: Arial, sans-serif; font-size: 14px; font-weight: bold; overflow: hidden; padding: 10px 5px; text-align: left; vertical-align: middle; word-break: normal; border: 1px solid black;\">Tama\u00f1o de la horquilla<\/td>\n<td style=\"background-color: #ffffff; color: #222; font-family: Arial, sans-serif; font-size: 14px; overflow: hidden; padding: 10px 5px; text-align: left; vertical-align: middle; word-break: normal; border: 1px solid black;\"><span style=\"font-weight: 400; color: var(--md-box-samantha-normal-text-color);\">35\u00d7100\u00d71070 mm<\/span><\/td>\n<td style=\"background-color: #ffffff; color: #222; font-family: Arial, sans-serif; font-size: 14px; overflow: hidden; padding: 10px 5px; text-align: left; vertical-align: middle; word-break: normal; border: 1px solid black;\"><span style=\"font-weight: 400; color: var(--md-box-samantha-normal-text-color);\">40\u00d7100\u00d71070 mm<\/span><\/td>\n<\/tr>\n<tr>\n<td style=\"background-color: #f56b00; color: #ffffff; font-family: Arial, sans-serif; font-size: 14px; font-weight: bold; overflow: hidden; padding: 10px 5px; text-align: left; vertical-align: middle; word-break: normal; border: 1px solid black;\">Voltaje de la bater\u00eda<\/td>\n<td style=\"background-color: #ffffff; color: #222; font-family: Arial, sans-serif; font-size: 14px; overflow: hidden; padding: 10px 5px; text-align: left; vertical-align: middle; word-break: normal; border: 1px solid black;\"><span style=\"font-weight: 400; color: var(--md-box-samantha-normal-text-color);\">60 V\/120 Ah<\/span><\/td>\n<td style=\"background-color: #ffffff; color: #222; font-family: Arial, sans-serif; font-size: 14px; overflow: hidden; padding: 10px 5px; text-align: left; vertical-align: middle; word-break: normal; border: 1px solid black;\"><span style=\"font-weight: 400; color: var(--md-box-samantha-normal-text-color);\">72 V\/120 Ah<\/span><\/td>\n<\/tr>\n<tr>\n<td style=\"background-color: #f56b00; color: #ffffff; font-family: Arial, sans-serif; font-size: 14px; font-weight: bold; overflow: hidden; padding: 10px 5px; text-align: left; vertical-align: middle; word-break: normal; border: 1px solid black;\">Velocidad de viaje<\/td>\n<td style=\"background-color: #ffffff; color: #222; font-family: Arial, sans-serif; font-size: 14px; overflow: hidden; padding: 10px 5px; text-align: left; vertical-align: middle; word-break: normal; border: 1px solid black;\"><span style=\"font-weight: 400; color: var(--md-box-samantha-normal-text-color);\">10 kWh<\/span><\/td>\n<td style=\"background-color: #ffffff; color: #222; font-family: Arial, sans-serif; font-size: 14px; overflow: hidden; padding: 10px 5px; text-align: left; vertical-align: middle; word-break: normal; border: 1px solid black;\"><span style=\"font-weight: 400; color: var(--md-box-samantha-normal-text-color);\">10 kWh<\/span><\/td>\n<\/tr>\n<tr>\n<td style=\"background-color: #f56b00; color: #ffffff; font-family: Arial, sans-serif; font-size: 14px; font-weight: bold; overflow: hidden; padding: 10px 5px; text-align: left; vertical-align: middle; word-break: normal; border: 1px solid black;\">Superabilidad<\/td>\n<td style=\"background-color: #ffffff; color: #222; font-family: Arial, sans-serif; font-size: 14px; overflow: hidden; padding: 10px 5px; text-align: left; vertical-align: middle; word-break: normal; border: 1px solid black;\"><span style=\"font-weight: 400; color: var(--md-box-samantha-normal-text-color);\">20\u00b0<\/span><\/td>\n<td style=\"background-color: #ffffff; color: #222; font-family: Arial, sans-serif; font-size: 14px; overflow: hidden; padding: 10px 5px; text-align: left; vertical-align: middle; word-break: normal; border: 1px solid black;\"><span style=\"font-weight: 400; color: var(--md-box-samantha-normal-text-color);\">20\u00b0<\/span><\/td>\n<\/tr>\n<tr>\n<td style=\"background-color: #f56b00; color: #ffffff; font-family: Arial, sans-serif; font-size: 14px; font-weight: bold; overflow: hidden; padding: 10px 5px; text-align: left; vertical-align: middle; word-break: normal; border: 1px solid black;\">Peso<\/td>\n<td style=\"background-color: #ffffff; color: #222; font-family: Arial, sans-serif; font-size: 14px; overflow: hidden; padding: 10px 5px; text-align: left; vertical-align: middle; word-break: normal; border: 1px solid black;\"><span style=\"font-weight: 400; color: var(--md-box-samantha-normal-text-color);\">2250 kilos<\/span><\/td>\n<td style=\"background-color: #ffffff; color: #222; font-family: Arial, sans-serif; font-size: 14px; overflow: hidden; padding: 10px 5px; text-align: left; vertical-align: middle; word-break: normal; border: 1px solid black;\"><span style=\"font-weight: 400; color: var(--md-box-samantha-normal-text-color);\">2480 kilos<\/span><\/td>\n<\/tr>\n<tr>\n<td style=\"background-color: #f56b00; color: #ffffff; font-family: Arial, sans-serif; font-size: 14px; font-weight: bold; overflow: hidden; padding: 10px 5px; text-align: left; vertical-align: middle; word-break: normal; border: 1px solid black;\">Dimensiones<\/td>\n<td style=\"background-color: #ffffff; color: #222; font-family: Arial, sans-serif; font-size: 14px; overflow: hidden; padding: 10px 5px; text-align: left; vertical-align: middle; word-break: normal; border: 1px solid black;\"><span style=\"font-weight: 400; color: var(--md-box-samantha-normal-text-color);\">230\u00d71096\u00d72110 mm<\/span><\/td>\n<td style=\"background-color: #ffffff; color: #222; font-family: Arial, sans-serif; font-size: 14px; overflow: hidden; padding: 10px 5px; text-align: left; vertical-align: middle; word-break: normal; border: 1px solid black;\"><span style=\"font-weight: 400; color: var(--md-box-samantha-normal-text-color);\">2230 \u00d7 1096 \u00d7 2110 mm<\/span><\/td>\n<\/tr>\n<\/tbody>\n<\/table>\n<h2><img fetchpriority=\"high\" decoding=\"async\" class=\"wp-image-69 alignleft\" src=\"https:\/\/www.soaogroup.com\/wp-content\/uploads\/2025\/01\/IMG_E5770_\u55e8\u683c\u5f0f\u538b\u7f29\u526f\u672c_\u7ed3\u679c-300x300.webp\" alt=\"\" width=\"434\" height=\"434\" srcset=\"https:\/\/www.soaogroup.com\/wp-content\/uploads\/2025\/01\/IMG_E5770_\u55e8\u683c\u5f0f\u538b\u7f29\u526f\u672c_\u7ed3\u679c-300x300.webp 300w, https:\/\/www.soaogroup.com\/wp-content\/uploads\/2025\/01\/IMG_E5770_\u55e8\u683c\u5f0f\u538b\u7f29\u526f\u672c_\u7ed3\u679c-100x100.webp 100w, https:\/\/www.soaogroup.com\/wp-content\/uploads\/2025\/01\/IMG_E5770_\u55e8\u683c\u5f0f\u538b\u7f29\u526f\u672c_\u7ed3\u679c-600x600.webp 600w, https:\/\/www.soaogroup.com\/wp-content\/uploads\/2025\/01\/IMG_E5770_\u55e8\u683c\u5f0f\u538b\u7f29\u526f\u672c_\u7ed3\u679c-150x150.webp 150w, https:\/\/www.soaogroup.com\/wp-content\/uploads\/2025\/01\/IMG_E5770_\u55e8\u683c\u5f0f\u538b\u7f29\u526f\u672c_\u7ed3\u679c-768x768.webp 768w, https:\/\/www.soaogroup.com\/wp-content\/uploads\/2025\/01\/IMG_E5770_\u55e8\u683c\u5f0f\u538b\u7f29\u526f\u672c_\u7ed3\u679c.webp 800w\" sizes=\"(max-width: 434px) 100vw, 434px\" \/><\/h2>\n<h2>Caracter\u00edsticas del producto:<\/h2>\n<h3>Dise\u00f1o estructural<\/h3>\n<h4>Dise\u00f1o de tres puntos:<\/h4>\n<p>Es adecuado para trabajar en pasillos estrechos y \u00e1reas con espacio limitado, con un radio de giro peque\u00f1o y la capacidad de moverse con flexibilidad a trav\u00e9s de espacios peque\u00f1os, como pasillos de estante a estante en almacenes peque\u00f1os.<\/p>\n<h4>Carrocer\u00eda y marco de puerta de alta resistencia:<\/h4>\n<p>Robusto y duradero, puede soportar una alta intensidad de trabajo y un funcionamiento frecuente, con una larga vida \u00fatil, reduciendo la frecuencia de actualizaciones de equipos y reduciendo los costos operativos de la empresa.<\/p>\n<h4>P\u00f3rtico de amplio campo de visi\u00f3n:<\/h4>\n<p>La estructura del marco de la puerta se ha optimizado para permitir que el operador tenga un campo de visi\u00f3n m\u00e1s amplio durante la operaci\u00f3n, lo que le permite observar mejor las mercanc\u00edas y el entorno circundante, mejorando as\u00ed la eficiencia y la seguridad de la operaci\u00f3n.<\/p>\n<h3><\/h3>\n<h3>Rendimiento operativo<\/h3>\n<h4><img decoding=\"async\" class=\"wp-image-66 alignright\" src=\"https:\/\/www.soaogroup.com\/wp-content\/uploads\/2025\/01\/IMG_E5764_\u55e8\u683c\u5f0f\u538b\u7f29\u526f\u672c_\u7ed3\u679c-300x300.webp\" alt=\"\" width=\"487\" height=\"487\" srcset=\"https:\/\/www.soaogroup.com\/wp-content\/uploads\/2025\/01\/IMG_E5764_\u55e8\u683c\u5f0f\u538b\u7f29\u526f\u672c_\u7ed3\u679c-300x300.webp 300w, https:\/\/www.soaogroup.com\/wp-content\/uploads\/2025\/01\/IMG_E5764_\u55e8\u683c\u5f0f\u538b\u7f29\u526f\u672c_\u7ed3\u679c-100x100.webp 100w, https:\/\/www.soaogroup.com\/wp-content\/uploads\/2025\/01\/IMG_E5764_\u55e8\u683c\u5f0f\u538b\u7f29\u526f\u672c_\u7ed3\u679c-600x600.webp 600w, https:\/\/www.soaogroup.com\/wp-content\/uploads\/2025\/01\/IMG_E5764_\u55e8\u683c\u5f0f\u538b\u7f29\u526f\u672c_\u7ed3\u679c-150x150.webp 150w, https:\/\/www.soaogroup.com\/wp-content\/uploads\/2025\/01\/IMG_E5764_\u55e8\u683c\u5f0f\u538b\u7f29\u526f\u672c_\u7ed3\u679c-768x768.webp 768w, https:\/\/www.soaogroup.com\/wp-content\/uploads\/2025\/01\/IMG_E5764_\u55e8\u683c\u5f0f\u538b\u7f29\u526f\u672c_\u7ed3\u679c.webp 800w\" sizes=\"(max-width: 487px) 100vw, 487px\" \/>C\u00f3modo espacio de operaci\u00f3n:<\/h4>\n<p>Equipado con un volante y asiento ajustables, el operador puede elegir una posici\u00f3n de conducci\u00f3n c\u00f3moda seg\u00fan sus propias necesidades, reduciendo la fatiga del trabajo a largo plazo.<\/p>\n<h4>Disposici\u00f3n del sistema operativo racional:<\/h4>\n<p>Cada sistema operativo est\u00e1 dise\u00f1ado de acuerdo con principios ergon\u00f3micos, lo que da como resultado un dise\u00f1o razonable, una operaci\u00f3n conveniente, una menor intensidad de trabajo para el operador y una mayor comodidad y eficiencia en el trabajo.<\/p>\n<h4>M\u00e9todo de control simple:<\/h4>\n<p>Adopta un joystick para controlar la elevaci\u00f3n y el descenso de la horquilla, el marco de la puerta se inclina hacia adelante y hacia atr\u00e1s, f\u00e1cil de operar. El dise\u00f1o de marcha adelante y atr\u00e1s es simple, sin embrague y cambio de velocidad continuo, f\u00e1cil de usar, imitando la palanca de direcci\u00f3n de la l\u00e1mpara del autom\u00f3vil, brindando al operador una experiencia de conducci\u00f3n similar a la de un autom\u00f3vil.<\/p>\n<h3>Sistema de control electr\u00f3nico y de potencia<\/h3>\n<h4>Sistema de control electr\u00f3nico avanzado:<\/h4>\n<p>Generalmente, se utilizan productos maduros y confiables como el sistema de control electr\u00f3nico CURTIS en los Estados Unidos, el sistema de control electr\u00f3nico tiene un rendimiento estable y un control preciso de varios movimientos de la carretilla elevadora, lo que garantiza el funcionamiento eficiente de la carretilla elevadora en diferentes condiciones de trabajo.<\/p>\n<h4>Mejor rendimiento energ\u00e9tico:<\/h4>\n<p>La potencia del motor de accionamiento y del motor de elevaci\u00f3n pueden cumplir con los requisitos de funcionamiento de una carga de 1,5 T, la velocidad de conducci\u00f3n y la velocidad de elevaci\u00f3n son moderadas, la diferencia de velocidad entre carga completa y sin carga est\u00e1 bien dise\u00f1ada y la capacidad de escalada tambi\u00e9n puede adaptarse a una determinada pendiente del lugar de trabajo.<\/p>\n<h3><img decoding=\"async\" class=\"wp-image-70 alignleft\" src=\"https:\/\/www.soaogroup.com\/wp-content\/uploads\/2025\/01\/IMG_E5771_\u55e8\u683c\u5f0f\u538b\u7f29\u526f\u672c_\u7ed3\u679c-300x300.webp\" alt=\"\" width=\"500\" height=\"500\" srcset=\"https:\/\/www.soaogroup.com\/wp-content\/uploads\/2025\/01\/IMG_E5771_\u55e8\u683c\u5f0f\u538b\u7f29\u526f\u672c_\u7ed3\u679c-300x300.webp 300w, https:\/\/www.soaogroup.com\/wp-content\/uploads\/2025\/01\/IMG_E5771_\u55e8\u683c\u5f0f\u538b\u7f29\u526f\u672c_\u7ed3\u679c-100x100.webp 100w, https:\/\/www.soaogroup.com\/wp-content\/uploads\/2025\/01\/IMG_E5771_\u55e8\u683c\u5f0f\u538b\u7f29\u526f\u672c_\u7ed3\u679c-600x600.webp 600w, https:\/\/www.soaogroup.com\/wp-content\/uploads\/2025\/01\/IMG_E5771_\u55e8\u683c\u5f0f\u538b\u7f29\u526f\u672c_\u7ed3\u679c-150x150.webp 150w, https:\/\/www.soaogroup.com\/wp-content\/uploads\/2025\/01\/IMG_E5771_\u55e8\u683c\u5f0f\u538b\u7f29\u526f\u672c_\u7ed3\u679c-768x768.webp 768w, https:\/\/www.soaogroup.com\/wp-content\/uploads\/2025\/01\/IMG_E5771_\u55e8\u683c\u5f0f\u538b\u7f29\u526f\u672c_\u7ed3\u679c.webp 800w\" sizes=\"(max-width: 500px) 100vw, 500px\" \/><\/h3>\n<h3>Rendimiento de seguridad<\/h3>\n<h4>Interruptor de apagado de emergencia:<\/h4>\n<p>Equipado con un interruptor de apagado rojo, en caso de emergencia, el operador presiona el interruptor para detener el autom\u00f3vil inmediatamente, garantizando la seguridad del personal y el equipo.<\/p>\n<h4>Buenos m\u00e9todos de frenado:<\/h4>\n<p>El uso del frenado hidr\u00e1ulico tiene un buen efecto de frenado, lo que garantiza que la carretilla elevadora pueda desacelerar y detenerse r\u00e1pidamente y suavemente durante la conducci\u00f3n.<\/p>\n<h3>Bater\u00edas y carga<\/h3>\n<h4>Sistema de carga eficiente:<\/h4>\n<p>Puede lograr una carga r\u00e1pida de 1 hora, lista para usar, sin comprometer la vida \u00fatil de la bater\u00eda, y est\u00e1 equipado con el administrador de energ\u00eda l\u00edder en el mundo para monitorear la bater\u00eda en tiempo real.<\/p>\n<p>&nbsp;<\/p>\n<h3><img loading=\"lazy\" decoding=\"async\" class=\"alignnone size-full wp-image-71\" src=\"https:\/\/www.soaogroup.com\/wp-content\/uploads\/2025\/01\/038687f934ee083fe6ac5c5f6312cec_\u526f\u672c_\u55e8\u683c\u5f0f\u538b\u7f29\u526f\u672c_\u7ed3\u679c.webp\" alt=\"\" width=\"1212\" height=\"778\" srcset=\"https:\/\/www.soaogroup.com\/wp-content\/uploads\/2025\/01\/038687f934ee083fe6ac5c5f6312cec_\u526f\u672c_\u55e8\u683c\u5f0f\u538b\u7f29\u526f\u672c_\u7ed3\u679c.webp 1212w, https:\/\/www.soaogroup.com\/wp-content\/uploads\/2025\/01\/038687f934ee083fe6ac5c5f6312cec_\u526f\u672c_\u55e8\u683c\u5f0f\u538b\u7f29\u526f\u672c_\u7ed3\u679c-600x385.webp 600w, https:\/\/www.soaogroup.com\/wp-content\/uploads\/2025\/01\/038687f934ee083fe6ac5c5f6312cec_\u526f\u672c_\u55e8\u683c\u5f0f\u538b\u7f29\u526f\u672c_\u7ed3\u679c-300x193.webp 300w, https:\/\/www.soaogroup.com\/wp-content\/uploads\/2025\/01\/038687f934ee083fe6ac5c5f6312cec_\u526f\u672c_\u55e8\u683c\u5f0f\u538b\u7f29\u526f\u672c_\u7ed3\u679c-1024x657.webp 1024w, https:\/\/www.soaogroup.com\/wp-content\/uploads\/2025\/01\/038687f934ee083fe6ac5c5f6312cec_\u526f\u672c_\u55e8\u683c\u5f0f\u538b\u7f29\u526f\u672c_\u7ed3\u679c-768x493.webp 768w\" sizes=\"(max-width: 1212px) 100vw, 1212px\" \/><\/h3>","protected":false},"excerpt":{"rendered":"<h4 class=\"elementor-heading-title elementor-size-default\" style=\"text-align: center; padding-bottom: 30px;\">Carretilla elevadora el\u00e9ctrica CPD15-S de 1,5 T<\/h4>\n<div>La carretilla elevadora el\u00e9ctrica CPD15-S de 1,5 T es una excelente ayuda para el almacenamiento y la log\u00edstica. Cuenta con un dise\u00f1o de soporte de tres puntos, lo que la hace muy maniobrable y adecuada para trabajar en espacios estrechos. Con una capacidad de carga de 1,5 toneladas, est\u00e1 equipada con un sistema de control electr\u00f3nico estable y motores potentes, lo que garantiza un funcionamiento eficiente. Tambi\u00e9n viene con un \u00e1rea de operaci\u00f3n c\u00f3moda y m\u00faltiples configuraciones de seguridad. Gracias a sus caracter\u00edsticas el\u00e9ctricas de ahorro de energ\u00eda, es ampliamente favorecida en el mercado.<\/div>\n<div><\/div>\n<div>\n<hr class=\"dongte456custom-line\" \/>\n<\/div>\n<div style=\"padding-bottom: 5px;\">Categor\u00eda: Carretilla elevadora el\u00e9ctrica CPD15-S 1,5 T<\/div>\n<div>Palabra clave: Carretilla elevadora el\u00e9ctrica CPD15-S 1,5T<\/div>\n<div>\n<hr \/>\n<\/div>\n<p><img loading=\"lazy\" decoding=\"async\" class=\"alignnone wp-image-257\" src=\"https:\/\/www.soaogroup.com\/wp-content\/uploads\/2025\/02\/\u672a\u6807\u9898-2.jpg\" alt=\"\" width=\"48\" height=\"50\" \/>\u00a0 Whatsapp :<a href=\"https:\/\/api.whatsapp.com\/send?phone=8613395319660\" target=\"_blank\" rel=\"noopener\">\u00a0+8613395319660 <\/a><\/p>\n<div>\n<hr \/>\n<\/div>\n<p><img loading=\"lazy\" decoding=\"async\" class=\"alignnone wp-image-258\" src=\"https:\/\/www.soaogroup.com\/wp-content\/uploads\/2025\/02\/emaillogoblue.jpg\" alt=\"\" width=\"48\" height=\"55\" \/>\u00a0\u00a0Correo electr\u00f3nico : <a href=\"mailto:sales@sdsoao.com\" target=\"_blank\" rel=\"noopener\">\u00a0ventas@sdsoao.com<\/a><\/p>\n<div>\n<hr \/>\n<\/div>\n<h3><\/h3>\n<div><\/div>","protected":false},"featured_media":65,"comment_status":"open","ping_status":"closed","template":"","meta":[],"product_brand":[],"product_cat":[17,16],"product_tag":[],"class_list":{"0":"post-64","1":"product","2":"type-product","3":"status-publish","4":"has-post-thumbnail","6":"product_cat-electric-forklift","7":"product_cat-forklift","9":"first","10":"instock","11":"shipping-taxable","12":"product-type-simple"},"_links":{"self":[{"href":"https:\/\/www.soaogroup.com\/es\/wp-json\/wp\/v2\/product\/64","targetHints":{"allow":["GET"]}}],"collection":[{"href":"https:\/\/www.soaogroup.com\/es\/wp-json\/wp\/v2\/product"}],"about":[{"href":"https:\/\/www.soaogroup.com\/es\/wp-json\/wp\/v2\/types\/product"}],"replies":[{"embeddable":true,"href":"https:\/\/www.soaogroup.com\/es\/wp-json\/wp\/v2\/comments?post=64"}],"wp:featuredmedia":[{"embeddable":true,"href":"https:\/\/www.soaogroup.com\/es\/wp-json\/wp\/v2\/media\/65"}],"wp:attachment":[{"href":"https:\/\/www.soaogroup.com\/es\/wp-json\/wp\/v2\/media?parent=64"}],"wp:term":[{"taxonomy":"product_brand","embeddable":true,"href":"https:\/\/www.soaogroup.com\/es\/wp-json\/wp\/v2\/product_brand?post=64"},{"taxonomy":"product_cat","embeddable":true,"href":"https:\/\/www.soaogroup.com\/es\/wp-json\/wp\/v2\/product_cat?post=64"},{"taxonomy":"product_tag","embeddable":true,"href":"https:\/\/www.soaogroup.com\/es\/wp-json\/wp\/v2\/product_tag?post=64"}],"curies":[{"name":"wp","href":"https:\/\/api.w.org\/{rel}","templated":true}]}}