{"id":5385,"date":"2025-03-20T10:09:48","date_gmt":"2025-03-20T02:09:48","guid":{"rendered":"https:\/\/www.soaogroup.com\/?post_type=product&#038;p=5385"},"modified":"2025-04-18T16:32:16","modified_gmt":"2025-04-18T08:32:16","slug":"jcb-type-backhoe-loader","status":"publish","type":"product","link":"https:\/\/www.soaogroup.com\/es\/producto\/jcb-type-backhoe-loader\/","title":{"rendered":"Retroexcavadora tipo JCB"},"content":{"rendered":"<h2>Detalles del producto:<\/h2>\n<table style=\"height: 260px;\" width=\"675\">\n<tbody>\n<tr>\n<td width=\"86\"><strong><b>Modelo<\/b><\/strong><\/td>\n<td width=\"71\"><strong><b>Carga nominal<\/b><\/strong><\/td>\n<td width=\"79\"><strong><b>Peso<\/b><\/strong><\/td>\n<td width=\"79\"><strong><b>Profundidad de excavaci\u00f3n<\/b><\/strong><\/td>\n<td width=\"92\"><strong><b>Potencia del motor<\/b><\/strong><\/td>\n<td width=\"79\"><strong><b>Capacidad del cargador<\/b><\/strong><\/td>\n<td width=\"79\"><strong><b>Capacidad de la excavadora<\/b><\/strong><\/td>\n<\/tr>\n<tr>\n<td width=\"86\"><strong>Zona de viento 30-25 \u00b0C<\/strong><\/td>\n<td width=\"71\">2,5 toneladas<\/td>\n<td width=\"79\">7500 kilogramos<\/td>\n<td width=\"79\">4100 mil\u00edmetros<\/td>\n<td width=\"92\">76 kW\/104 CV<\/td>\n<td width=\"79\">1,3 M\u00b3<\/td>\n<td width=\"79\">0,3 M\u00b3<\/td>\n<\/tr>\n<tr>\n<td width=\"86\"><strong>Zona de viento 40-30C<\/strong><\/td>\n<td width=\"71\">3.0 T<\/td>\n<td width=\"79\">8000 kilogramos<\/td>\n<td width=\"79\">4100 mil\u00edmetros<\/td>\n<td width=\"92\">85 kW\/116 CV<\/td>\n<td width=\"79\">1,5 M\u00b3<\/td>\n<td width=\"79\">0,25 M\u00b3<\/td>\n<\/tr>\n<tr>\n<td width=\"86\"><strong>WZ 40-30CX<\/strong><\/td>\n<td width=\"71\">3.0 T<\/td>\n<td width=\"79\">9000 kilogramos<\/td>\n<td width=\"79\">4100 mil\u00edmetros<\/td>\n<td width=\"92\">85 kW\/116 CV<\/td>\n<td width=\"79\">1,5 M\u00b3<\/td>\n<td width=\"79\">0,25 M\u00b3<\/td>\n<\/tr>\n<\/tbody>\n<\/table>\n<p>&nbsp;<\/p>\n<p><iframe title=\"Excavadora #, agr\u00edcola, cargadora #, maquinaria #, agricultura #, cr\u00eda de agapornis, vida en la granja\" width=\"800\" height=\"450\" src=\"https:\/\/www.youtube.com\/embed\/eFiwEzMIgmM?feature=oembed\" frameborder=\"0\" allow=\"accelerometer; autoplay; clipboard-write; encrypted-media; gyroscope; picture-in-picture; web-share\" referrerpolicy=\"strict-origin-when-cross-origin\" allowfullscreen><\/iframe><\/p>\n<h2>Caracter\u00edsticas del producto:<\/h2>\n<ol start=\"1\">\n<li><strong>Dise\u00f1o de carrocer\u00eda monocasco<\/strong>\n<ul>\n<li>Ligero pero incre\u00edblemente resistente, ofrece una integridad estructural superior.<\/li>\n<li>Mayor durabilidad y resistencia al desgaste en condiciones exigentes.<\/li>\n<\/ul>\n<\/li>\n<li><strong>Cabina de operador de lujo<\/strong>\n<ul>\n<li>Cabina espaciosa y ergon\u00f3mica con asientos ajustables de primera calidad.<\/li>\n<li>Sistema de control de clima avanzado para un confort \u00f3ptimo en todas las condiciones clim\u00e1ticas.<\/li>\n<\/ul>\n<\/li>\n<li><strong>Motor de alto rendimiento<\/strong>\n<ul>\n<li>Motor potente y de bajo consumo de combustible que ofrece un torque y una productividad excepcionales.<\/li>\n<li>Bajas emisiones para un funcionamiento respetuoso con el medio ambiente.<\/li>\n<\/ul>\n<\/li>\n<li><strong>Capacidades superiores de excavaci\u00f3n y carga<\/strong>\n<ul>\n<li>Impresionante profundidad de excavaci\u00f3n y alcance para tareas de excavaci\u00f3n complejas.<\/li>\n<li>Gran capacidad de cuchara para un manejo y carga eficiente de materiales.<\/li>\n<\/ul>\n<\/li>\n<li><strong>Bajo mantenimiento y durabilidad<\/strong>\n<ul>\n<li>F\u00e1cil acceso a los puntos de servicio para un mantenimiento simplificado.<\/li>\n<li>Materiales y componentes de alta calidad para un rendimiento duradero.<\/li>\n<\/ul>\n<\/li>\n<li><strong>Maniobrabilidad excepcional<\/strong>\n<ul>\n<li>Dise\u00f1o compacto para una f\u00e1cil navegaci\u00f3n en espacios de trabajo reducidos o confinados.<\/li>\n<li>Excelente radio de giro para una mayor agilidad en los lugares de trabajo.<\/li>\n<\/ul>\n<\/li>\n<\/ol>\n<h2><img fetchpriority=\"high\" decoding=\"async\" class=\"alignnone wp-image-398\" src=\"https:\/\/www.soaogroup.com\/wp-content\/uploads\/2025\/01\/2-2_\u55e8\u683c\u5f0f\u538b\u7f29\u526f\u672c_\u7ed3\u679c.webp\" alt=\"\" width=\"1041\" height=\"347\" srcset=\"https:\/\/www.soaogroup.com\/wp-content\/uploads\/2025\/01\/2-2_\u55e8\u683c\u5f0f\u538b\u7f29\u526f\u672c_\u7ed3\u679c.webp 798w, https:\/\/www.soaogroup.com\/wp-content\/uploads\/2025\/01\/2-2_\u55e8\u683c\u5f0f\u538b\u7f29\u526f\u672c_\u7ed3\u679c-600x200.webp 600w, https:\/\/www.soaogroup.com\/wp-content\/uploads\/2025\/01\/2-2_\u55e8\u683c\u5f0f\u538b\u7f29\u526f\u672c_\u7ed3\u679c-300x100.webp 300w, https:\/\/www.soaogroup.com\/wp-content\/uploads\/2025\/01\/2-2_\u55e8\u683c\u5f0f\u538b\u7f29\u526f\u672c_\u7ed3\u679c-768x256.webp 768w\" sizes=\"(max-width: 1041px) 100vw, 1041px\" \/><\/h2>","protected":false},"excerpt":{"rendered":"<h4 class=\"elementor-heading-title elementor-size-default\" style=\"text-align: center; padding-bottom: 30px;\">Retroexcavadora tipo JCB<\/h4>\n<div>\n<p>Esta retroexcavadora JCB cuenta con un dise\u00f1o de carrocer\u00eda monocasco. Es una m\u00e1quina altamente vers\u00e1til y robusta, dise\u00f1ada para diversas tareas de construcci\u00f3n y excavaci\u00f3n. Combinando las funciones de una cargadora y una retroexcavadora, es ideal para excavar, zanjar, manipular materiales y cargar. Equipada con un cuchar\u00f3n cargador frontal y un brazo de retroexcavadora trasero, esta m\u00e1quina ofrece una excelente profundidad de excavaci\u00f3n y capacidad de elevaci\u00f3n. Su tracci\u00f3n a las cuatro ruedas garantiza estabilidad en terrenos irregulares, mientras que el sistema hidr\u00e1ulico proporciona un funcionamiento suave y preciso. La espaciosa cabina climatizada mejora la comodidad del operador, reduciendo la fatiga durante largas jornadas de trabajo.<\/p>\n<\/div>\n<div><\/div>\n<div>\n<hr \/>\n<\/div>\n<p><img decoding=\"async\" class=\"alignnone wp-image-257\" src=\"https:\/\/www.soaogroup.com\/wp-content\/uploads\/2025\/02\/\u672a\u6807\u9898-2.jpg\" alt=\"\" width=\"48\" height=\"50\" \/>\u00a0 Whatsapp :<a href=\"https:\/\/api.whatsapp.com\/send?phone=8613395319660\" target=\"_blank\" rel=\"noopener\">\u00a0+8613395319660 <\/a><\/p>\n<div>\n<hr \/>\n<\/div>\n<p><img decoding=\"async\" class=\"alignnone wp-image-258\" src=\"https:\/\/www.soaogroup.com\/wp-content\/uploads\/2025\/02\/emaillogoblue.jpg\" alt=\"\" width=\"48\" height=\"55\" \/>\u00a0\u00a0Correo electr\u00f3nico : <a href=\"mailto:sales@sdsoao.com\" target=\"_blank\" rel=\"noopener\">\u00a0ventas@sdsoao.com<\/a><\/p>\n<div>\n<hr \/>\n<\/div>\n<div><\/div>","protected":false},"featured_media":5655,"comment_status":"closed","ping_status":"closed","template":"","meta":[],"product_brand":[],"product_cat":[22],"product_tag":[],"class_list":{"0":"post-5385","1":"product","2":"type-product","3":"status-publish","4":"has-post-thumbnail","6":"product_cat-loading-equipment","8":"first","9":"instock","10":"featured","11":"shipping-taxable","12":"product-type-simple"},"_links":{"self":[{"href":"https:\/\/www.soaogroup.com\/es\/wp-json\/wp\/v2\/product\/5385","targetHints":{"allow":["GET"]}}],"collection":[{"href":"https:\/\/www.soaogroup.com\/es\/wp-json\/wp\/v2\/product"}],"about":[{"href":"https:\/\/www.soaogroup.com\/es\/wp-json\/wp\/v2\/types\/product"}],"replies":[{"embeddable":true,"href":"https:\/\/www.soaogroup.com\/es\/wp-json\/wp\/v2\/comments?post=5385"}],"wp:featuredmedia":[{"embeddable":true,"href":"https:\/\/www.soaogroup.com\/es\/wp-json\/wp\/v2\/media\/5655"}],"wp:attachment":[{"href":"https:\/\/www.soaogroup.com\/es\/wp-json\/wp\/v2\/media?parent=5385"}],"wp:term":[{"taxonomy":"product_brand","embeddable":true,"href":"https:\/\/www.soaogroup.com\/es\/wp-json\/wp\/v2\/product_brand?post=5385"},{"taxonomy":"product_cat","embeddable":true,"href":"https:\/\/www.soaogroup.com\/es\/wp-json\/wp\/v2\/product_cat?post=5385"},{"taxonomy":"product_tag","embeddable":true,"href":"https:\/\/www.soaogroup.com\/es\/wp-json\/wp\/v2\/product_tag?post=5385"}],"curies":[{"name":"wp","href":"https:\/\/api.w.org\/{rel}","templated":true}]}}