{"id":538,"date":"2025-01-16T09:03:11","date_gmt":"2025-01-16T01:03:11","guid":{"rendered":"https:\/\/www.soaogroup.com\/?post_type=product&#038;p=538"},"modified":"2025-07-23T17:59:38","modified_gmt":"2025-07-23T09:59:38","slug":"se17-mini-excavator","status":"publish","type":"product","link":"https:\/\/www.soaogroup.com\/es\/producto\/se17-mini-excavator\/","title":{"rendered":"Miniexcavadora SE17"},"content":{"rendered":"<h2>Detalles del producto:<\/h2>\n<table class=\"tg\" style=\"border-collapse: collapse; border-spacing: 0;\">\n<thead>\n<tr>\n<th style=\"background-color: #fff; color: #111; font-family: Arial, sans-serif; font-size: 14px; font-weight: normal; overflow: hidden; padding: 10px 5px; text-align: left; vertical-align: top; word-break: normal; border: 1px solid #330001;\">Peso operativo<\/th>\n<th style=\"background-color: #fff; color: #111; font-family: Arial, sans-serif; font-size: 14px; font-weight: normal; overflow: hidden; padding: 10px 5px; text-align: left; vertical-align: top; word-break: normal; border: 1px solid #330001;\">1.700 kilos<\/th>\n<\/tr>\n<\/thead>\n<tbody>\n<tr>\n<td style=\"background-color: #ffcb2f; color: #111; font-family: Arial, sans-serif; font-size: 14px; overflow: hidden; padding: 10px 5px; text-align: left; vertical-align: top; word-break: normal; border: 1px solid #330001;\">Capacidad del cuchar\u00f3n de excavaci\u00f3n<\/td>\n<td style=\"background-color: #ffcb2f; color: #111; font-family: Arial, sans-serif; font-size: 14px; overflow: hidden; padding: 10px 5px; text-align: left; vertical-align: top; word-break: normal; border: 1px solid #330001;\">0,035 m\u00b3<\/td>\n<\/tr>\n<tr>\n<td style=\"background-color: #fff; color: #111; font-family: Arial, sans-serif; font-size: 14px; overflow: hidden; padding: 10px 5px; text-align: left; vertical-align: top; word-break: normal; border: 1px solid #330001;\">Ancho del cuchar\u00f3n<\/td>\n<td style=\"background-color: #fff; color: #111; font-family: Arial, sans-serif; font-size: 14px; overflow: hidden; padding: 10px 5px; text-align: left; vertical-align: top; word-break: normal; border: 1px solid #330001;\">400 mil\u00edmetros<\/td>\n<\/tr>\n<tr>\n<td style=\"background-color: #ffcb2f; color: #111; font-family: Arial, sans-serif; font-size: 14px; overflow: hidden; padding: 10px 5px; text-align: left; vertical-align: top; word-break: normal; border: 1px solid #330001;\">Velocidad de viaje<\/td>\n<td style=\"background-color: #ffcb2f; color: #111; font-family: Arial, sans-serif; font-size: 14px; overflow: hidden; padding: 10px 5px; text-align: left; vertical-align: top; word-break: normal; border: 1px solid #330001;\">0 \u2013 3,5 km\/h<\/td>\n<\/tr>\n<tr>\n<td style=\"background-color: #fff; color: #111; font-family: Arial, sans-serif; font-size: 14px; overflow: hidden; padding: 10px 5px; text-align: left; vertical-align: top; word-break: normal; border: 1px solid #330001;\">Superabilidad<\/td>\n<td style=\"background-color: #fff; color: #111; font-family: Arial, sans-serif; font-size: 14px; overflow: hidden; padding: 10px 5px; text-align: left; vertical-align: top; word-break: normal; border: 1px solid #330001;\">35\u00b0<\/td>\n<\/tr>\n<tr>\n<td style=\"background-color: #ffcb2f; color: #111; font-family: Arial, sans-serif; font-size: 14px; overflow: hidden; padding: 10px 5px; text-align: left; vertical-align: top; word-break: normal; border: 1px solid #330001;\">Techo<\/td>\n<td style=\"background-color: #ffcb2f; color: #111; font-family: Arial, sans-serif; font-size: 14px; overflow: hidden; padding: 10px 5px; text-align: left; vertical-align: top; word-break: normal; border: 1px solid #330001;\">S\u00ed<\/td>\n<\/tr>\n<tr>\n<td style=\"background-color: #fff; color: #111; font-family: Arial, sans-serif; font-size: 14px; overflow: hidden; padding: 10px 5px; text-align: left; vertical-align: top; word-break: normal; border: 1px solid #330001;\">Kit de herramientas<\/td>\n<td style=\"background-color: #fff; color: #111; font-family: Arial, sans-serif; font-size: 14px; overflow: hidden; padding: 10px 5px; text-align: left; vertical-align: top; word-break: normal; border: 1px solid #330001;\">S\u00ed<\/td>\n<\/tr>\n<tr>\n<td style=\"background-color: #ffcb2f; color: #111; font-family: Arial, sans-serif; font-size: 14px; overflow: hidden; padding: 10px 5px; text-align: left; vertical-align: top; word-break: normal; border: 1px solid #330001;\">Garant\u00eda<\/td>\n<td style=\"background-color: #ffcb2f; color: #111; font-family: Arial, sans-serif; font-size: 14px; overflow: hidden; padding: 10px 5px; text-align: left; vertical-align: top; word-break: normal; border: 1px solid #330001;\">2 a\u00f1os<\/td>\n<\/tr>\n<tr>\n<td style=\"background-color: #fff; color: #111; font-family: Arial, sans-serif; font-size: 14px; overflow: hidden; padding: 10px 5px; text-align: left; vertical-align: top; word-break: normal; border: 1px solid #330001;\">Motor<\/td>\n<td style=\"background-color: #fff; color: #111; font-family: Arial, sans-serif; font-size: 14px; overflow: hidden; padding: 10px 5px; text-align: left; vertical-align: top; word-break: normal; border: 1px solid #330001;\"><\/td>\n<\/tr>\n<tr>\n<td style=\"background-color: #ffcb2f; color: #111; font-family: Arial, sans-serif; font-size: 14px; overflow: hidden; padding: 10px 5px; text-align: left; vertical-align: top; word-break: normal; border: 1px solid #330001;\">Marca<\/td>\n<td style=\"background-color: #ffcb2f; color: #111; font-family: Arial, sans-serif; font-size: 14px; overflow: hidden; padding: 10px 5px; text-align: left; vertical-align: top; word-break: normal; border: 1px solid #330001;\">LAIDONG LD385 \/ CHANGCHAI ZN390Q<\/td>\n<\/tr>\n<tr>\n<td style=\"background-color: #fff; color: #111; font-family: Arial, sans-serif; font-size: 14px; overflow: hidden; padding: 10px 5px; text-align: left; vertical-align: top; word-break: normal; border: 1px solid #330001;\">Potencia nominal<\/td>\n<td style=\"background-color: #fff; color: #111; font-family: Arial, sans-serif; font-size: 14px; overflow: hidden; padding: 10px 5px; text-align: left; vertical-align: top; word-break: normal; border: 1px solid #330001;\">29 kilovatios (39 caballos de fuerza) \/ 20 kilovatios (27,2 caballos de fuerza)<\/td>\n<\/tr>\n<tr>\n<td style=\"background-color: #ffcb2f; color: #111; font-family: Arial, sans-serif; font-size: 14px; overflow: hidden; padding: 10px 5px; text-align: left; vertical-align: top; word-break: normal; border: 1px solid #330001;\">Tipo<\/td>\n<td style=\"background-color: #ffcb2f; color: #111; font-family: Arial, sans-serif; font-size: 14px; overflow: hidden; padding: 10px 5px; text-align: left; vertical-align: top; word-break: normal; border: 1px solid #330001;\">Di\u00e9sel, 3 cilindros, 4 tiempos, refrigerado por agua<\/td>\n<\/tr>\n<tr>\n<td style=\"background-color: #fff; color: #111; font-family: Arial, sans-serif; font-size: 14px; overflow: hidden; padding: 10px 5px; text-align: left; vertical-align: top; word-break: normal; border: 1px solid #330001;\">Sistema de arranque<\/td>\n<td style=\"background-color: #fff; color: #111; font-family: Arial, sans-serif; font-size: 14px; overflow: hidden; padding: 10px 5px; text-align: left; vertical-align: top; word-break: normal; border: 1px solid #330001;\">El\u00e9ctrico<\/td>\n<\/tr>\n<tr>\n<td style=\"background-color: #ffcb2f; color: #111; font-family: Arial, sans-serif; font-size: 14px; overflow: hidden; padding: 10px 5px; text-align: left; vertical-align: top; word-break: normal; border: 1px solid #330001;\">Dimensiones principales<\/td>\n<td style=\"background-color: #ffcb2f; color: #111; font-family: Arial, sans-serif; font-size: 14px; overflow: hidden; padding: 10px 5px; text-align: left; vertical-align: top; word-break: normal; border: 1px solid #330001;\"><\/td>\n<\/tr>\n<tr>\n<td style=\"background-color: #fff; color: #111; font-family: Arial, sans-serif; font-size: 14px; overflow: hidden; padding: 10px 5px; text-align: left; vertical-align: top; word-break: normal; border: 1px solid #330001;\">Dimensiones generales (L * W * H)<\/td>\n<td style=\"background-color: #fff; color: #111; font-family: Arial, sans-serif; font-size: 14px; overflow: hidden; padding: 10px 5px; text-align: left; vertical-align: top; word-break: normal; border: 1px solid #330001;\">2.550 * 1.100 * 2.200 mil\u00edmetros<\/td>\n<\/tr>\n<tr>\n<td style=\"background-color: #ffcb2f; color: #111; font-family: Arial, sans-serif; font-size: 14px; overflow: hidden; padding: 10px 5px; text-align: left; vertical-align: top; word-break: normal; border: 1px solid #330001;\">Longitud de la pista<\/td>\n<td style=\"background-color: #ffcb2f; color: #111; font-family: Arial, sans-serif; font-size: 14px; overflow: hidden; padding: 10px 5px; text-align: left; vertical-align: top; word-break: normal; border: 1px solid #330001;\">1.370 mil\u00edmetros<\/td>\n<\/tr>\n<tr>\n<td style=\"background-color: #fff; color: #111; font-family: Arial, sans-serif; font-size: 14px; overflow: hidden; padding: 10px 5px; text-align: left; vertical-align: top; word-break: normal; border: 1px solid #330001;\">Distancia m\u00ednima al suelo<\/td>\n<td style=\"background-color: #fff; color: #111; font-family: Arial, sans-serif; font-size: 14px; overflow: hidden; padding: 10px 5px; text-align: left; vertical-align: top; word-break: normal; border: 1px solid #330001;\">385 mil\u00edmetros<\/td>\n<\/tr>\n<tr>\n<td style=\"background-color: #ffcb2f; color: #111; font-family: Arial, sans-serif; font-size: 14px; overflow: hidden; padding: 10px 5px; text-align: left; vertical-align: top; word-break: normal; border: 1px solid #330001;\">Radio de giro m\u00ednimo<\/td>\n<td style=\"background-color: #ffcb2f; color: #111; font-family: Arial, sans-serif; font-size: 14px; overflow: hidden; padding: 10px 5px; text-align: left; vertical-align: top; word-break: normal; border: 1px solid #330001;\">1.190 mil\u00edmetros<\/td>\n<\/tr>\n<tr>\n<td style=\"background-color: #fff; color: #111; font-family: Arial, sans-serif; font-size: 14px; overflow: hidden; padding: 10px 5px; text-align: left; vertical-align: top; word-break: normal; border: 1px solid #330001;\">Ancho del chasis<\/td>\n<td style=\"background-color: #fff; color: #111; font-family: Arial, sans-serif; font-size: 14px; overflow: hidden; padding: 10px 5px; text-align: left; vertical-align: top; word-break: normal; border: 1px solid #330001;\">1.100 mil\u00edmetros<\/td>\n<\/tr>\n<tr>\n<td style=\"background-color: #ffcb2f; color: #111; font-family: Arial, sans-serif; font-size: 14px; overflow: hidden; padding: 10px 5px; text-align: left; vertical-align: top; word-break: normal; border: 1px solid #330001;\">Rendimiento operativo<\/td>\n<td style=\"background-color: #ffcb2f; color: #111; font-family: Arial, sans-serif; font-size: 14px; overflow: hidden; padding: 10px 5px; text-align: left; vertical-align: top; word-break: normal; border: 1px solid #330001;\"><\/td>\n<\/tr>\n<tr>\n<td style=\"background-color: #fff; color: #111; font-family: Arial, sans-serif; font-size: 14px; overflow: hidden; padding: 10px 5px; text-align: left; vertical-align: top; word-break: normal; border: 1px solid #330001;\">Profundidad m\u00e1xima de excavaci\u00f3n<\/td>\n<td style=\"background-color: #fff; color: #111; font-family: Arial, sans-serif; font-size: 14px; overflow: hidden; padding: 10px 5px; text-align: left; vertical-align: top; word-break: normal; border: 1px solid #330001;\">1.900 mil\u00edmetros<\/td>\n<\/tr>\n<tr>\n<td style=\"background-color: #ffcb2f; color: #111; font-family: Arial, sans-serif; font-size: 14px; overflow: hidden; padding: 10px 5px; text-align: left; vertical-align: top; word-break: normal; border: 1px solid #330001;\">Profundidad m\u00e1xima de excavaci\u00f3n vertical<\/td>\n<td style=\"background-color: #ffcb2f; color: #111; font-family: Arial, sans-serif; font-size: 14px; overflow: hidden; padding: 10px 5px; text-align: left; vertical-align: top; word-break: normal; border: 1px solid #330001;\">1.750 mil\u00edmetros<\/td>\n<\/tr>\n<tr>\n<td style=\"background-color: #fff; color: #111; font-family: Arial, sans-serif; font-size: 14px; overflow: hidden; padding: 10px 5px; text-align: left; vertical-align: top; word-break: normal; border: 1px solid #330001;\">Altura m\u00e1xima de excavaci\u00f3n<\/td>\n<td style=\"background-color: #fff; color: #111; font-family: Arial, sans-serif; font-size: 14px; overflow: hidden; padding: 10px 5px; text-align: left; vertical-align: top; word-break: normal; border: 1px solid #330001;\">2.820 mil\u00edmetros<\/td>\n<\/tr>\n<tr>\n<td style=\"background-color: #ffcb2f; color: #111; font-family: Arial, sans-serif; font-size: 14px; overflow: hidden; padding: 10px 5px; text-align: left; vertical-align: top; word-break: normal; border: 1px solid #330001;\">Altura m\u00e1xima de descarga<\/td>\n<td style=\"background-color: #ffcb2f; color: #111; font-family: Arial, sans-serif; font-size: 14px; overflow: hidden; padding: 10px 5px; text-align: left; vertical-align: top; word-break: normal; border: 1px solid #330001;\">2.000 mil\u00edmetros<\/td>\n<\/tr>\n<tr>\n<td style=\"background-color: #fff; color: #111; font-family: Arial, sans-serif; font-size: 14px; overflow: hidden; padding: 10px 5px; text-align: left; vertical-align: top; word-break: normal; border: 1px solid #330001;\">Radio m\u00e1ximo de excavaci\u00f3n en el suelo<\/td>\n<td style=\"background-color: #fff; color: #111; font-family: Arial, sans-serif; font-size: 14px; overflow: hidden; padding: 10px 5px; text-align: left; vertical-align: top; word-break: normal; border: 1px solid #330001;\">2.500 mil\u00edmetros<\/td>\n<\/tr>\n<tr>\n<td style=\"background-color: #ffcb2f; color: #111; font-family: Arial, sans-serif; font-size: 14px; overflow: hidden; padding: 10px 5px; text-align: left; vertical-align: top; word-break: normal; border: 1px solid #330001;\">Altura m\u00e1xima de elevaci\u00f3n de la hoja topadora<\/td>\n<td style=\"background-color: #ffcb2f; color: #111; font-family: Arial, sans-serif; font-size: 14px; overflow: hidden; padding: 10px 5px; text-align: left; vertical-align: top; word-break: normal; border: 1px solid #330001;\">325 mil\u00edmetros<\/td>\n<\/tr>\n<tr>\n<td style=\"background-color: #f3f3f3; color: #111; font-family: Arial, sans-serif; font-size: 14px; overflow: hidden; padding: 10px 5px; text-align: left; vertical-align: top; word-break: normal; border: 1px solid #330001;\">Profundidad m\u00e1xima de excavaci\u00f3n de la hoja topadora<\/td>\n<td style=\"background-color: #f3f3f3; color: #111; font-family: Arial, sans-serif; font-size: 14px; overflow: hidden; padding: 10px 5px; text-align: left; vertical-align: top; word-break: normal; border: 1px solid #330001;\">210 mil\u00edmetros<\/td>\n<\/tr>\n<\/tbody>\n<\/table>\n<h2><img fetchpriority=\"high\" decoding=\"async\" class=\"alignnone size-full wp-image-541\" src=\"https:\/\/www.soaogroup.com\/wp-content\/uploads\/2025\/01\/SE17-1_\u55e8\u683c\u5f0f\u538b\u7f29\u526f\u672c_\u7ed3\u679c.webp\" alt=\"\" width=\"2253\" height=\"750\" srcset=\"https:\/\/www.soaogroup.com\/wp-content\/uploads\/2025\/01\/SE17-1_\u55e8\u683c\u5f0f\u538b\u7f29\u526f\u672c_\u7ed3\u679c.webp 2253w, https:\/\/www.soaogroup.com\/wp-content\/uploads\/2025\/01\/SE17-1_\u55e8\u683c\u5f0f\u538b\u7f29\u526f\u672c_\u7ed3\u679c-600x200.webp 600w, https:\/\/www.soaogroup.com\/wp-content\/uploads\/2025\/01\/SE17-1_\u55e8\u683c\u5f0f\u538b\u7f29\u526f\u672c_\u7ed3\u679c-300x100.webp 300w, https:\/\/www.soaogroup.com\/wp-content\/uploads\/2025\/01\/SE17-1_\u55e8\u683c\u5f0f\u538b\u7f29\u526f\u672c_\u7ed3\u679c-1024x341.webp 1024w, https:\/\/www.soaogroup.com\/wp-content\/uploads\/2025\/01\/SE17-1_\u55e8\u683c\u5f0f\u538b\u7f29\u526f\u672c_\u7ed3\u679c-768x256.webp 768w, https:\/\/www.soaogroup.com\/wp-content\/uploads\/2025\/01\/SE17-1_\u55e8\u683c\u5f0f\u538b\u7f29\u526f\u672c_\u7ed3\u679c-1536x511.webp 1536w, https:\/\/www.soaogroup.com\/wp-content\/uploads\/2025\/01\/SE17-1_\u55e8\u683c\u5f0f\u538b\u7f29\u526f\u672c_\u7ed3\u679c-2048x682.webp 2048w\" sizes=\"(max-width: 2253px) 100vw, 2253px\" \/><\/h2>\n<h2>Caracter\u00edsticas del producto:<\/h2>\n<h3>1. Compacto y maniobrable<\/h3>\n<p>Con unas dimensiones totales de 2550 \u00d7 1100 \u00d7 2200 mm, est\u00e1 dise\u00f1ada para trabajar en espacios reducidos. Esto la hace ideal para proyectos de construcci\u00f3n urbana, como trabajar en callejones estrechos o peque\u00f1as obras de renovaci\u00f3n donde las excavadoras m\u00e1s grandes podr\u00edan no tener acceso. Su radio de giro m\u00ednimo de 1190 mm le permite pivotar con facilidad, lo que permite un trabajo preciso en espacios reducidos. Su peso operativo relativamente ligero de 1700 kg tambi\u00e9n contribuye a su maniobrabilidad, facilitando su transporte y posicionamiento en la obra.<\/p>\n<h3>2. Potencia adecuada<\/h3>\n<p>Equipada con motores LAIDONG LD385 o CHANGCHAI ZN390Q, ofrece una potencia nominal de 29 kW (39 hp) o 20 kW (27,2 hp). Estos motores di\u00e9sel de 3 cilindros y 4 tiempos, refrigerados por agua, proporcionan la potencia suficiente para diversas tareas de excavaci\u00f3n, ya sea para romper terrenos duros o levantar cargas pesadas. El motor refrigerado por agua ayuda a mantener temperaturas de funcionamiento \u00f3ptimas, garantizando un rendimiento constante incluso en operaciones de larga duraci\u00f3n y de alta exigencia.<\/p>\n<h3>3. Rendimiento confiable<\/h3>\n<p>Tiene una capacidad de cuchara excavadora de 0,035 m\u00b3, lo que le permite manipular una cantidad razonable de material en cada pala. Su profundidad m\u00e1xima de excavaci\u00f3n de 1900 mm y su profundidad vertical m\u00e1xima de 1750 mm la hacen ideal para tareas como zanjas y cimentaciones. Su altura m\u00e1xima de excavaci\u00f3n de 2820 mm y su altura m\u00e1xima de descarga de 2000 mm permiten una manipulaci\u00f3n y colocaci\u00f3n de material eficaces. La longitud de oruga de 1370 mm mejora la estabilidad durante la operaci\u00f3n, mientras que su altura m\u00ednima al suelo de 385 mm le permite atravesar terrenos irregulares sin atascarse f\u00e1cilmente.<\/p>\n<h3>\u00a04. Accesorios est\u00e1ndar y garant\u00eda<\/h3>\n<p>La presencia de un techo protege al operador de las inclemencias del tiempo, y la inclusi\u00f3n de un kit de herramientas permite realizar mantenimiento b\u00e1sico y reparaciones menores in situ. Una garant\u00eda de 2 a\u00f1os brinda a los usuarios confianza en la calidad y durabilidad del producto, y tambi\u00e9n refleja el compromiso del fabricante con el servicio posventa.<\/p>\n<h2><img decoding=\"async\" class=\"alignnone size-full wp-image-540\" src=\"https:\/\/www.soaogroup.com\/wp-content\/uploads\/2025\/01\/SE17-3_\u55e8\u683c\u5f0f\u538b\u7f29\u526f\u672c_\u7ed3\u679c.webp\" alt=\"\" width=\"2253\" height=\"750\" srcset=\"https:\/\/www.soaogroup.com\/wp-content\/uploads\/2025\/01\/SE17-3_\u55e8\u683c\u5f0f\u538b\u7f29\u526f\u672c_\u7ed3\u679c.webp 2253w, https:\/\/www.soaogroup.com\/wp-content\/uploads\/2025\/01\/SE17-3_\u55e8\u683c\u5f0f\u538b\u7f29\u526f\u672c_\u7ed3\u679c-600x200.webp 600w, https:\/\/www.soaogroup.com\/wp-content\/uploads\/2025\/01\/SE17-3_\u55e8\u683c\u5f0f\u538b\u7f29\u526f\u672c_\u7ed3\u679c-300x100.webp 300w, https:\/\/www.soaogroup.com\/wp-content\/uploads\/2025\/01\/SE17-3_\u55e8\u683c\u5f0f\u538b\u7f29\u526f\u672c_\u7ed3\u679c-1024x341.webp 1024w, https:\/\/www.soaogroup.com\/wp-content\/uploads\/2025\/01\/SE17-3_\u55e8\u683c\u5f0f\u538b\u7f29\u526f\u672c_\u7ed3\u679c-768x256.webp 768w, https:\/\/www.soaogroup.com\/wp-content\/uploads\/2025\/01\/SE17-3_\u55e8\u683c\u5f0f\u538b\u7f29\u526f\u672c_\u7ed3\u679c-1536x511.webp 1536w, https:\/\/www.soaogroup.com\/wp-content\/uploads\/2025\/01\/SE17-3_\u55e8\u683c\u5f0f\u538b\u7f29\u526f\u672c_\u7ed3\u679c-2048x682.webp 2048w\" sizes=\"(max-width: 2253px) 100vw, 2253px\" \/><\/h2>\n<h2>Solicitud:<\/h2>\n<p>Con su excelente rendimiento, la miniexcavadora SE17 desempe\u00f1a un papel clave en muchos escenarios. En la construcci\u00f3n urbana, su fuselaje compacto puede desplazarse con flexibilidad por calles estrechas y completar de manera eficiente la excavaci\u00f3n de zanjas colocadas por tuber\u00edas subterr\u00e1neas. Cuando se trabaja en paisajismo, puede crear piscinas paisaj\u00edsticas con precisi\u00f3n y dar forma a microterrenos. En la producci\u00f3n agr\u00edcola, ayuda a recuperar peque\u00f1as parcelas de tierras de cultivo y cavar zanjas de riego. En peque\u00f1as obras de construcci\u00f3n, es competente para la excavaci\u00f3n de cimientos y el manejo de materiales. Con un peso moderado de 1.700 kg, direcci\u00f3n flexible y buena potencia de excavaci\u00f3n, la miniexcavadora SE17 supera las limitaciones del sitio y proporciona un soporte operativo eficiente y confiable para varios proyectos peque\u00f1os, mejorando en gran medida la eficiencia de la construcci\u00f3n.<\/p>\n<p><iframe title=\"Excavadora #, Cargadora #, Pavimentadora de asfalto #\" width=\"800\" height=\"450\" src=\"https:\/\/www.youtube.com\/embed\/dot9hT8Hc6k?feature=oembed\" frameborder=\"0\" allow=\"accelerometer; autoplay; clipboard-write; encrypted-media; gyroscope; picture-in-picture; web-share\" referrerpolicy=\"strict-origin-when-cross-origin\" allowfullscreen><\/iframe><\/p>","protected":false},"excerpt":{"rendered":"<h4 class=\"elementor-heading-title elementor-size-default\" style=\"text-align: center; padding-bottom: 30px;\">Miniexcavadora SE17<\/h4>\n<div>La miniexcavadora SE17 pesa 1700 kg. Equipada con motor Lidong LD385 o Changchai ZN390Q, tiene una gran potencia. La capacidad del cuchar\u00f3n es de 0,035 metros c\u00fabicos y el rendimiento de excavaci\u00f3n es excelente. Su tama\u00f1o general es compacto, con un radio de giro m\u00ednimo de 1190 mm, lo que permite un funcionamiento flexible en espacios estrechos. Equipada con un toldo y un kit de herramientas, tambi\u00e9n tiene una garant\u00eda de 2 a\u00f1os. Es ampliamente aplicable a peque\u00f1os escenarios de ingenier\u00eda.<\/div>\n<div><\/div>\n<div>\n<hr \/>\n<\/div>\n<p><img decoding=\"async\" class=\"alignnone wp-image-257\" src=\"https:\/\/www.soaogroup.com\/wp-content\/uploads\/2025\/02\/\u672a\u6807\u9898-2.jpg\" alt=\"\" width=\"48\" height=\"50\" \/>\u00a0 Whatsapp :<a href=\"https:\/\/api.whatsapp.com\/send?phone=8613395319660\" target=\"_blank\" rel=\"noopener\">\u00a0+8613395319660 <\/a><\/p>\n<div>\n<hr \/>\n<\/div>\n<p><img loading=\"lazy\" decoding=\"async\" class=\"alignnone wp-image-258\" src=\"https:\/\/www.soaogroup.com\/wp-content\/uploads\/2025\/02\/emaillogoblue.jpg\" alt=\"\" width=\"48\" height=\"55\" \/>\u00a0\u00a0Correo electr\u00f3nico : <a href=\"mailto:sales@sdsoao.com\" target=\"_blank\" rel=\"noopener\">\u00a0ventas@sdsoao.com<\/a><\/p>\n<div>\n<hr \/>\n<\/div>\n<div><\/div>","protected":false},"featured_media":545,"comment_status":"open","ping_status":"closed","template":"","meta":[],"product_brand":[],"product_cat":[20,28],"product_tag":[],"class_list":{"0":"post-538","1":"product","2":"type-product","3":"status-publish","4":"has-post-thumbnail","6":"product_cat-excavator","7":"product_cat-mini-excavator","9":"first","10":"instock","11":"featured","12":"shipping-taxable","13":"product-type-simple"},"_links":{"self":[{"href":"https:\/\/www.soaogroup.com\/es\/wp-json\/wp\/v2\/product\/538","targetHints":{"allow":["GET"]}}],"collection":[{"href":"https:\/\/www.soaogroup.com\/es\/wp-json\/wp\/v2\/product"}],"about":[{"href":"https:\/\/www.soaogroup.com\/es\/wp-json\/wp\/v2\/types\/product"}],"replies":[{"embeddable":true,"href":"https:\/\/www.soaogroup.com\/es\/wp-json\/wp\/v2\/comments?post=538"}],"wp:featuredmedia":[{"embeddable":true,"href":"https:\/\/www.soaogroup.com\/es\/wp-json\/wp\/v2\/media\/545"}],"wp:attachment":[{"href":"https:\/\/www.soaogroup.com\/es\/wp-json\/wp\/v2\/media?parent=538"}],"wp:term":[{"taxonomy":"product_brand","embeddable":true,"href":"https:\/\/www.soaogroup.com\/es\/wp-json\/wp\/v2\/product_brand?post=538"},{"taxonomy":"product_cat","embeddable":true,"href":"https:\/\/www.soaogroup.com\/es\/wp-json\/wp\/v2\/product_cat?post=538"},{"taxonomy":"product_tag","embeddable":true,"href":"https:\/\/www.soaogroup.com\/es\/wp-json\/wp\/v2\/product_tag?post=538"}],"curies":[{"name":"wp","href":"https:\/\/api.w.org\/{rel}","templated":true}]}}