{"id":470,"date":"2025-01-15T17:18:32","date_gmt":"2025-01-15T09:18:32","guid":{"rendered":"https:\/\/www.soaogroup.com\/?post_type=product&#038;p=470"},"modified":"2025-04-18T16:28:43","modified_gmt":"2025-04-18T08:28:43","slug":"3-5-cubic-meter-mixer-truck","status":"publish","type":"product","link":"https:\/\/www.soaogroup.com\/es\/producto\/3-5-cubic-meter-mixer-truck\/","title":{"rendered":"Cami\u00f3n mezclador de 3,5 metros c\u00fabicos"},"content":{"rendered":"<h2 style=\"text-align: center;\"><strong>Detalles del producto<\/strong><\/h2>\n<table>\n<tbody>\n<tr>\n<td colspan=\"2\" width=\"486\">\n<h3 style=\"text-align: center;\"><strong>3.5<\/strong><strong>\u00a0<\/strong><strong>c\u00fabico<\/strong><strong>\u00a0ser-<\/strong><strong>cargando<\/strong><strong>\u00a0camiones mezcladores<\/strong><\/h3>\n<\/td>\n<\/tr>\n<tr>\n<td width=\"229\"><strong><b>Dimensi\u00f3n total<\/b><\/strong><\/td>\n<td width=\"257\">7550 mm x 3130 mm x 3250 mm<\/td>\n<\/tr>\n<tr>\n<td width=\"229\"><strong><b>Distancia entre ejes<\/b><\/strong><\/td>\n<td width=\"257\">2690 mm<\/td>\n<\/tr>\n<tr>\n<td width=\"229\"><strong><b>Pisada<\/b><\/strong><\/td>\n<td width=\"257\">2240 mm<\/td>\n<\/tr>\n<tr>\n<td width=\"229\"><strong><b>Cuchar\u00f3n cargador<\/b><\/strong><\/td>\n<td width=\"257\">0,65 m\u00b3<\/td>\n<\/tr>\n<tr>\n<td width=\"229\"><strong><b>En general <\/b><\/strong><strong><b>peso<\/b><\/strong><\/td>\n<td width=\"257\">8200 kilogramos<\/td>\n<\/tr>\n<tr>\n<td width=\"229\"><strong><b>Formulario de conducci\u00f3n \u00a0<\/b><\/strong><\/td>\n<td width=\"257\">Tracci\u00f3n en las cuatro ruedas<\/td>\n<\/tr>\n<tr>\n<td width=\"229\"><strong><b>S<\/b><\/strong><strong><b>orin\u00f3<\/b><\/strong><\/td>\n<td width=\"257\">10-40 km\/h<\/td>\n<\/tr>\n<tr>\n<td width=\"229\"><strong><b>M\u00e1ximo <\/b><\/strong><strong><b>Superabilidad<\/b><\/strong><\/td>\n<td width=\"257\">35\u00b0\/40\u00b0<\/td>\n<\/tr>\n<tr>\n<td width=\"229\"><strong><b>Radio de giro m\u00ednimo<\/b><\/strong><\/td>\n<td width=\"257\">4400 mm<\/td>\n<\/tr>\n<tr>\n<td width=\"229\"><strong><b>M\u00ednimo <\/b><\/strong><strong><b>gramo<\/b><\/strong><strong><b>redondo <\/b><\/strong><strong><b>do<\/b><\/strong><strong><b>aprendizaje<\/b><\/strong><\/td>\n<td width=\"257\">350 mm<\/td>\n<\/tr>\n<tr>\n<td width=\"229\"><strong><b>Motor<\/b><\/strong><\/td>\n<td width=\"257\">Yuchai Power 4105 Supercargado<\/td>\n<\/tr>\n<tr>\n<td width=\"229\"><strong><b>Potencia nominal<\/b><\/strong><\/td>\n<td width=\"257\">85 kW<\/td>\n<\/tr>\n<tr>\n<td width=\"229\"><strong><b>Capacidad del tanque de combustible<\/b><\/strong><\/td>\n<td width=\"257\">130 litros<\/td>\n<\/tr>\n<tr>\n<td width=\"229\"><strong><b>Volumen del tanque de agua <\/b><\/strong><\/td>\n<td width=\"257\">900 litros<\/td>\n<\/tr>\n<tr>\n<td width=\"229\"><strong><b>Capacidad geom\u00e9trica del tanque de mezcla<\/b><\/strong><\/td>\n<td width=\"257\">6,8 m\u00b3<\/td>\n<\/tr>\n<tr>\n<td width=\"229\"><strong><b>Velocidad de rotaci\u00f3n del tanque de mezcla <\/b><\/strong><\/td>\n<td width=\"257\">17 revoluciones\/min<\/td>\n<\/tr>\n<tr>\n<td width=\"229\"><strong><b>Rendimiento de hormig\u00f3n (m\u00b3\/tanque)<\/b><\/strong><\/td>\n<td width=\"257\">3,5 m\u00b3<\/td>\n<\/tr>\n<tr>\n<td width=\"229\"><strong><b>N\u00famero de cubos\/hora<\/b><\/strong><\/td>\n<td width=\"257\">14-17.5<\/td>\n<\/tr>\n<tr>\n<td width=\"229\"><strong><b>Altura de descarga<\/b><\/strong><\/td>\n<td width=\"257\">2100 mm<\/td>\n<\/tr>\n<\/tbody>\n<\/table>\n<p>&nbsp;<\/p>\n<p><iframe title=\"Cami\u00f3n mezclador autocargable SOAO de 3,5 metros c\u00fabicos\" width=\"800\" height=\"450\" src=\"https:\/\/www.youtube.com\/embed\/sismycsVkLk?feature=oembed\" frameborder=\"0\" allow=\"accelerometer; autoplay; clipboard-write; encrypted-media; gyroscope; picture-in-picture; web-share\" referrerpolicy=\"strict-origin-when-cross-origin\" allowfullscreen><\/iframe><\/p>\n<h2 style=\"text-align: center;\"><strong>Caracter\u00edsticas principales<\/strong><\/h2>\n<ol>\n<li>Capacidad de mezcla de 3,5 m\u00b3: perfecta para la producci\u00f3n de hormig\u00f3n de gran volumen.<\/li>\n<li>Tambor y cuchillas de alta calidad: garantizan una mezcla uniforme y un rendimiento duradero.<\/li>\n<li>Motor potente: de bajo consumo de combustible y dise\u00f1ado para operaciones pesadas.<\/li>\n<li>Sistema hidr\u00e1ulico avanzado: funcionamiento suave y descarga f\u00e1cil.<\/li>\n<li>Cabina c\u00f3moda: dise\u00f1o ergon\u00f3mico para una conducci\u00f3n segura durante largas horas.<\/li>\n<\/ol>\n<h2 style=\"text-align: center;\"><strong>Aplicaciones<\/strong><\/h2>\n<p>El cami\u00f3n mezclador de 3,5 metros c\u00fabicos desempe\u00f1a un papel importante en diversos campos. En la industria de la construcci\u00f3n, puede mezclar eficientemente diversos materiales de construcci\u00f3n. Por ejemplo, puede mezclar uniformemente cemento, arena, grava, agua, etc., garantizando la preparaci\u00f3n de hormig\u00f3n de alta calidad y la estabilidad de las estructuras de los edificios. En la producci\u00f3n qu\u00edmica, se puede utilizar para mezclar diferentes sustancias qu\u00edmicas, facilitando reacciones qu\u00edmicas completas y mejorando la calidad de los productos qu\u00edmicos. En la industria alimentaria, puede mezclar diversos ingredientes alimentarios, uniformizando el sabor y la distribuci\u00f3n de los ingredientes.<\/p>","protected":false},"excerpt":{"rendered":"<h4 class=\"elementor-heading-title elementor-size-default\" style=\"text-align: center; padding-bottom: 30px;\">Cami\u00f3n mezclador de 3,5 metros c\u00fabicos<\/h4>\n<div>\n<div data-zone-id=\"0\" data-line-index=\"0\" data-line=\"true\">Mejore sus proyectos de construcci\u00f3n con el Cami\u00f3n Mezclador de 3.5 Metros C\u00fabicos, \u00a1dise\u00f1ado para brindar eficiencia, durabilidad y alto rendimiento! Este robusto cami\u00f3n mezclador de concreto ofrece una mezcla y transporte confiables, lo que lo hace ideal para obras de construcci\u00f3n de mediana y gran escala, proyectos viales y construcciones comerciales. Ya sea que trabaje en puentes, edificios o infraestructura, este cami\u00f3n mezclador garantiza una calidad constante del concreto y una entrega puntual. \u00a1Cont\u00e1ctenos hoy mismo para obtener precios competitivos y un servicio posventa confiable!<\/div>\n<div data-zone-id=\"0\" data-line-index=\"1\" data-line=\"true\"><\/div>\n<\/div>\n<div>\n<hr \/>\n<\/div>\n<p><img decoding=\"async\" class=\"alignnone wp-image-257\" src=\"https:\/\/www.soaogroup.com\/wp-content\/uploads\/2025\/02\/\u672a\u6807\u9898-2.jpg\" alt=\"\" width=\"48\" height=\"50\" \/>\u00a0 Whatsapp :<a href=\"https:\/\/api.whatsapp.com\/send?phone=8613395319660\" target=\"_blank\" rel=\"noopener\">\u00a0+8613395319660 <\/a><\/p>\n<div>\n<hr \/>\n<\/div>\n<p><img decoding=\"async\" class=\"alignnone wp-image-258\" src=\"https:\/\/www.soaogroup.com\/wp-content\/uploads\/2025\/02\/emaillogoblue.jpg\" alt=\"\" width=\"48\" height=\"55\" \/>\u00a0\u00a0Correo electr\u00f3nico : <a href=\"mailto:sales@sdsoao.com\" target=\"_blank\" rel=\"noopener\">\u00a0ventas@sdsoao.com<\/a><\/p>\n<div>\n<hr \/>\n<\/div>\n<div><\/div>","protected":false},"featured_media":5648,"comment_status":"closed","ping_status":"closed","template":"","meta":[],"product_brand":[],"product_cat":[27],"product_tag":[],"class_list":{"0":"post-470","1":"product","2":"type-product","3":"status-publish","4":"has-post-thumbnail","6":"product_cat-mixer-truck","8":"first","9":"instock","10":"featured","11":"shipping-taxable","12":"product-type-simple"},"_links":{"self":[{"href":"https:\/\/www.soaogroup.com\/es\/wp-json\/wp\/v2\/product\/470","targetHints":{"allow":["GET"]}}],"collection":[{"href":"https:\/\/www.soaogroup.com\/es\/wp-json\/wp\/v2\/product"}],"about":[{"href":"https:\/\/www.soaogroup.com\/es\/wp-json\/wp\/v2\/types\/product"}],"replies":[{"embeddable":true,"href":"https:\/\/www.soaogroup.com\/es\/wp-json\/wp\/v2\/comments?post=470"}],"wp:featuredmedia":[{"embeddable":true,"href":"https:\/\/www.soaogroup.com\/es\/wp-json\/wp\/v2\/media\/5648"}],"wp:attachment":[{"href":"https:\/\/www.soaogroup.com\/es\/wp-json\/wp\/v2\/media?parent=470"}],"wp:term":[{"taxonomy":"product_brand","embeddable":true,"href":"https:\/\/www.soaogroup.com\/es\/wp-json\/wp\/v2\/product_brand?post=470"},{"taxonomy":"product_cat","embeddable":true,"href":"https:\/\/www.soaogroup.com\/es\/wp-json\/wp\/v2\/product_cat?post=470"},{"taxonomy":"product_tag","embeddable":true,"href":"https:\/\/www.soaogroup.com\/es\/wp-json\/wp\/v2\/product_tag?post=470"}],"curies":[{"name":"wp","href":"https:\/\/api.w.org\/{rel}","templated":true}]}}