{"id":468,"date":"2025-01-15T16:58:12","date_gmt":"2025-01-15T08:58:12","guid":{"rendered":"https:\/\/www.soaogroup.com\/?post_type=product&#038;p=468"},"modified":"2025-04-18T16:30:09","modified_gmt":"2025-04-18T08:30:09","slug":"2-6-cubic-self-loading-mixer-truck","status":"publish","type":"product","link":"https:\/\/www.soaogroup.com\/es\/producto\/2-6-cubic-self-loading-mixer-truck\/","title":{"rendered":"Cami\u00f3n mezclador autocargable de 2,6 pies c\u00fabicos"},"content":{"rendered":"<h2 style=\"text-align: center;\">Detalles del producto<\/h2>\n<table>\n<tbody>\n<tr>\n<td colspan=\"2\" width=\"461\">\n<h3 style=\"text-align: center;\"><strong>2.6<\/strong><strong>\u00a0C\u00fabico<\/strong><strong> Autocargable <\/strong><strong>METRO<\/strong><strong>ixer <\/strong><strong>T<\/strong><strong>arruga<\/strong><strong>s<\/strong><\/h3>\n<\/td>\n<\/tr>\n<tr>\n<td width=\"250\"><strong><b>Dimensi\u00f3n total<\/b><\/strong><\/td>\n<td width=\"211\">6650 mm x 2850 mm x 3200 mm<\/td>\n<\/tr>\n<tr>\n<td width=\"250\"><strong><b>Distancia entre ejes<\/b><\/strong><\/td>\n<td width=\"211\">2770 mm<\/td>\n<\/tr>\n<tr>\n<td width=\"250\"><strong><b>Pisada<\/b><\/strong><\/td>\n<td width=\"211\">2000 mm<\/td>\n<\/tr>\n<tr>\n<td width=\"250\"><strong><b>Cuchar\u00f3n cargador<\/b><\/strong><\/td>\n<td width=\"211\">0,6 m\u00b3<\/td>\n<\/tr>\n<tr>\n<td width=\"250\"><strong><b>En general <\/b><\/strong><strong><b>peso<\/b><\/strong><\/td>\n<td width=\"211\">7000 kg<\/td>\n<\/tr>\n<tr>\n<td width=\"250\"><strong><b>Formulario de conducci\u00f3n<\/b><\/strong><\/td>\n<td width=\"211\">Tracci\u00f3n en las cuatro ruedas<\/td>\n<\/tr>\n<tr>\n<td width=\"250\"><strong><b>Velocidad m\u00e1xima<\/b><\/strong><\/td>\n<td width=\"211\">35 kil\u00f3metros por hora<\/td>\n<\/tr>\n<tr>\n<td width=\"250\"><strong><b>M\u00e1ximo <\/b><\/strong><strong><b>pendiente superable<\/b><\/strong><\/td>\n<td width=\"211\">35\u00b0<\/td>\n<\/tr>\n<tr>\n<td width=\"250\"><strong><b>Radio de giro m\u00ednimo<\/b><\/strong><\/td>\n<td width=\"211\">3900 mm<\/td>\n<\/tr>\n<tr>\n<td width=\"250\"><strong><b>M\u00ednimo <\/b><\/strong><strong><b>gramo<\/b><\/strong><strong><b>redondo <\/b><\/strong><strong><b>do<\/b><\/strong><strong><b>aprendizaje<\/b><\/strong><\/td>\n<td width=\"211\">350 mm<\/td>\n<\/tr>\n<tr>\n<td width=\"250\"><strong><b>Motor m<\/b><\/strong><strong><b>modelo<\/b><\/strong><\/td>\n<td width=\"211\">Yuchai Power 4102 Supercargado<\/td>\n<\/tr>\n<tr>\n<td width=\"250\"><strong><b>Potencia nominal<\/b><\/strong><\/td>\n<td width=\"211\">77,3 (kW)<\/td>\n<\/tr>\n<tr>\n<td width=\"250\"><strong><b>Capacidad del tanque de combustible<\/b><\/strong><\/td>\n<td width=\"211\">120 litros<\/td>\n<\/tr>\n<tr>\n<td width=\"250\"><strong><b>Volumen de aceite<\/b><\/strong><\/td>\n<td width=\"211\">16 litros<\/td>\n<\/tr>\n<tr>\n<td width=\"250\"><strong><b>Volumen del tanque de agua<\/b><\/strong><\/td>\n<td width=\"211\">450 litros<\/td>\n<\/tr>\n<tr>\n<td width=\"250\"><strong><b>Capacidad geom\u00e9trica del tanque de mezcla<\/b><\/strong><\/td>\n<td width=\"211\">4m\u00b3<\/td>\n<\/tr>\n<tr>\n<td width=\"250\"><strong><b>Velocidad de rotaci\u00f3n del tanque de mezcla<\/b><\/strong><\/td>\n<td width=\"211\">17 vueltas\/min<\/td>\n<\/tr>\n<tr>\n<td width=\"250\"><strong><b>Rendimiento de hormig\u00f3n (m\u00b3\/tanque)<\/b><\/strong><\/td>\n<td width=\"211\">2,6 m\u00b3<\/td>\n<\/tr>\n<tr>\n<td width=\"250\"><strong><b>Altura de descarga<\/b><\/strong><\/td>\n<td width=\"211\">2000 mm<\/td>\n<\/tr>\n<\/tbody>\n<\/table>\n<p>&nbsp;<\/p>\n<h2 style=\"text-align: center;\"><img fetchpriority=\"high\" decoding=\"async\" class=\"alignnone size-full wp-image-480\" src=\"https:\/\/www.soaogroup.com\/wp-content\/uploads\/2025\/01\/2.6\u65b91_\u55e8\u683c\u5f0f\u538b\u7f29\u526f\u672c_\u7ed3\u679c.webp\" alt=\"\" width=\"2250\" height=\"750\" srcset=\"https:\/\/www.soaogroup.com\/wp-content\/uploads\/2025\/01\/2.6\u65b91_\u55e8\u683c\u5f0f\u538b\u7f29\u526f\u672c_\u7ed3\u679c.webp 2250w, https:\/\/www.soaogroup.com\/wp-content\/uploads\/2025\/01\/2.6\u65b91_\u55e8\u683c\u5f0f\u538b\u7f29\u526f\u672c_\u7ed3\u679c-600x200.webp 600w, https:\/\/www.soaogroup.com\/wp-content\/uploads\/2025\/01\/2.6\u65b91_\u55e8\u683c\u5f0f\u538b\u7f29\u526f\u672c_\u7ed3\u679c-300x100.webp 300w, https:\/\/www.soaogroup.com\/wp-content\/uploads\/2025\/01\/2.6\u65b91_\u55e8\u683c\u5f0f\u538b\u7f29\u526f\u672c_\u7ed3\u679c-1024x341.webp 1024w, https:\/\/www.soaogroup.com\/wp-content\/uploads\/2025\/01\/2.6\u65b91_\u55e8\u683c\u5f0f\u538b\u7f29\u526f\u672c_\u7ed3\u679c-768x256.webp 768w, https:\/\/www.soaogroup.com\/wp-content\/uploads\/2025\/01\/2.6\u65b91_\u55e8\u683c\u5f0f\u538b\u7f29\u526f\u672c_\u7ed3\u679c-1536x512.webp 1536w, https:\/\/www.soaogroup.com\/wp-content\/uploads\/2025\/01\/2.6\u65b91_\u55e8\u683c\u5f0f\u538b\u7f29\u526f\u672c_\u7ed3\u679c-2048x683.webp 2048w\" sizes=\"(max-width: 2250px) 100vw, 2250px\" \/><\/h2>\n<h2 style=\"text-align: center;\"><strong>Caracter\u00edsticas principales<\/strong><\/h2>\n<p>1. Capacidad de mezcla de 2,6 m\u00b3: ideal para lotes peque\u00f1os.<\/p>\n<p>2. Funci\u00f3n de autocarga: no necesita equipo adicional.<\/p>\n<p>3. Tracci\u00f3n en las cuatro ruedas (4\u00d74): ideal para terrenos dif\u00edciles.<\/p>\n<p>4. Motor di\u00e9sel: potente y de bajo consumo de combustible.<\/p>\n<p>5. F\u00e1cil operaci\u00f3n: controles f\u00e1ciles de usar para mezclar y vertido r\u00e1pidos.<\/p>\n<h2 style=\"text-align: center;\"><strong>Aplicaciones<\/strong><\/h2>\n<p>Los camiones mezcladores autocargables SOAO de 2.6 litros c\u00fabicos se utilizan ampliamente en la construcci\u00f3n rural, y pueden utilizarse para construir viviendas, carreteras, instalaciones de conservaci\u00f3n de agua, etc. En obras peque\u00f1as, como peque\u00f1os edificios comerciales y residenciales, el hormig\u00f3n se puede mezclar a demanda para mejorar la eficiencia de la construcci\u00f3n. En proyectos de mantenimiento vial, el hormig\u00f3n se puede mezclar in situ para su reparaci\u00f3n. Adem\u00e1s, en proyectos de construcci\u00f3n en zonas remotas, gracias a su peque\u00f1o tama\u00f1o, flexibilidad y capacidad de adaptaci\u00f3n a las complejas condiciones de las carreteras, tambi\u00e9n puede desempe\u00f1ar un papel importante y contribuir al desarrollo de estas zonas.<\/p>\n<p><iframe title=\"Cami\u00f3n mezclador autocargable SOAO de 2,6 metros c\u00fabicos\" width=\"800\" height=\"450\" src=\"https:\/\/www.youtube.com\/embed\/Mz9BpO-jaSA?feature=oembed\" frameborder=\"0\" allow=\"accelerometer; autoplay; clipboard-write; encrypted-media; gyroscope; picture-in-picture; web-share\" referrerpolicy=\"strict-origin-when-cross-origin\" allowfullscreen><\/iframe><\/p>","protected":false},"excerpt":{"rendered":"<h4 class=\"elementor-heading-title elementor-size-default\" style=\"text-align: center; padding-bottom: 30px;\">Cami\u00f3n mezclador autocargable de 2,6 metros c\u00fabicos<\/h4>\n<div>Descubra el cami\u00f3n mezclador autocargable de 2,6 metros c\u00fabicos: \u00a1una soluci\u00f3n econ\u00f3mica para proyectos de construcci\u00f3n peque\u00f1os y medianos! Este vers\u00e1til cami\u00f3n combina la mezcla y el transporte en un solo veh\u00edculo, ahorrando tiempo y mano de obra. Con un sistema de autocarga, maneja eficientemente arena, grava y cemento, produciendo concreto de alta calidad en la obra. Ideal para zonas remotas, caminos rurales y construcci\u00f3n urbana, ofrece movilidad, eficiencia y confiabilidad.<\/div>\n<div><\/div>\n<div>\n<hr \/>\n<\/div>\n<p><img decoding=\"async\" class=\"alignnone wp-image-257\" src=\"https:\/\/www.soaogroup.com\/wp-content\/uploads\/2025\/02\/\u672a\u6807\u9898-2.jpg\" alt=\"\" width=\"48\" height=\"50\" \/>\u00a0 Whatsapp :<a href=\"https:\/\/api.whatsapp.com\/send?phone=8613395319660\" target=\"_blank\" rel=\"noopener\">\u00a0+8613395319660 <\/a><\/p>\n<div>\n<hr \/>\n<\/div>\n<p><img decoding=\"async\" class=\"alignnone wp-image-258\" src=\"https:\/\/www.soaogroup.com\/wp-content\/uploads\/2025\/02\/emaillogoblue.jpg\" alt=\"\" width=\"48\" height=\"55\" \/>\u00a0\u00a0Correo electr\u00f3nico : <a href=\"mailto:sales@sdsoao.com\" target=\"_blank\" rel=\"noopener\">\u00a0ventas@sdsoao.com<\/a><\/p>\n<div>\n<hr \/>\n<\/div>\n<div><\/div>","protected":false},"featured_media":5653,"comment_status":"open","ping_status":"closed","template":"","meta":[],"product_brand":[],"product_cat":[27],"product_tag":[],"class_list":{"0":"post-468","1":"product","2":"type-product","3":"status-publish","4":"has-post-thumbnail","6":"product_cat-mixer-truck","8":"first","9":"instock","10":"shipping-taxable","11":"product-type-simple"},"_links":{"self":[{"href":"https:\/\/www.soaogroup.com\/es\/wp-json\/wp\/v2\/product\/468","targetHints":{"allow":["GET"]}}],"collection":[{"href":"https:\/\/www.soaogroup.com\/es\/wp-json\/wp\/v2\/product"}],"about":[{"href":"https:\/\/www.soaogroup.com\/es\/wp-json\/wp\/v2\/types\/product"}],"replies":[{"embeddable":true,"href":"https:\/\/www.soaogroup.com\/es\/wp-json\/wp\/v2\/comments?post=468"}],"wp:featuredmedia":[{"embeddable":true,"href":"https:\/\/www.soaogroup.com\/es\/wp-json\/wp\/v2\/media\/5653"}],"wp:attachment":[{"href":"https:\/\/www.soaogroup.com\/es\/wp-json\/wp\/v2\/media?parent=468"}],"wp:term":[{"taxonomy":"product_brand","embeddable":true,"href":"https:\/\/www.soaogroup.com\/es\/wp-json\/wp\/v2\/product_brand?post=468"},{"taxonomy":"product_cat","embeddable":true,"href":"https:\/\/www.soaogroup.com\/es\/wp-json\/wp\/v2\/product_cat?post=468"},{"taxonomy":"product_tag","embeddable":true,"href":"https:\/\/www.soaogroup.com\/es\/wp-json\/wp\/v2\/product_tag?post=468"}],"curies":[{"name":"wp","href":"https:\/\/api.w.org\/{rel}","templated":true}]}}