{"id":448,"date":"2025-01-15T15:51:20","date_gmt":"2025-01-15T07:51:20","guid":{"rendered":"https:\/\/www.soaogroup.com\/?post_type=product&#038;p=448"},"modified":"2025-06-25T13:51:52","modified_gmt":"2025-06-25T05:51:52","slug":"flat-top-tower-crane","status":"publish","type":"product","link":"https:\/\/www.soaogroup.com\/es\/producto\/flat-top-tower-crane\/","title":{"rendered":"Gr\u00faa torre de techo plano"},"content":{"rendered":"<h2 style=\"text-align: center;\"><span style=\"color: #333333;\">Modelos y especificaciones de gran venta<\/span><\/h2>\n<p>Aqu\u00ed listamos los 5 modelos de gr\u00faas torre de techo plano m\u00e1s vendidos, junto con sus especificaciones, para su referencia. Tambi\u00e9n fabricamos m\u00e1s de 10 modelos de gr\u00faas torre de techo plano y podemos personalizar par\u00e1metros especiales. Adem\u00e1s, suministramos gr\u00faas torre nuevas y de segunda mano para diversas aplicaciones. Los accesorios para gr\u00faas torre y las secciones de m\u00e1stil est\u00e1ndar se pueden adquirir por separado. Cont\u00e1ctenos para consultar precios y servicios de personalizaci\u00f3n de gr\u00faas torre.<\/p>\n<p><img fetchpriority=\"high\" decoding=\"async\" class=\"size-full wp-image-5696 aligncenter\" src=\"https:\/\/www.soaogroup.com\/wp-content\/uploads\/2025\/01\/Soao-tower-crane-6518-10t.jpg\" alt=\"\" width=\"750\" height=\"664\" srcset=\"https:\/\/www.soaogroup.com\/wp-content\/uploads\/2025\/01\/Soao-tower-crane-6518-10t.jpg 750w, https:\/\/www.soaogroup.com\/wp-content\/uploads\/2025\/01\/Soao-tower-crane-6518-10t-300x266.jpg 300w, https:\/\/www.soaogroup.com\/wp-content\/uploads\/2025\/01\/Soao-tower-crane-6518-10t-14x12.jpg 14w, https:\/\/www.soaogroup.com\/wp-content\/uploads\/2025\/01\/Soao-tower-crane-6518-10t-600x531.jpg 600w\" sizes=\"(max-width: 750px) 100vw, 750px\" \/><\/p>\n<hr \/>\n<p><img decoding=\"async\" class=\"size-full wp-image-5695 aligncenter\" src=\"https:\/\/www.soaogroup.com\/wp-content\/uploads\/2025\/01\/flat-top-tower-crane-6010-6t.jpg\" alt=\"\" width=\"750\" height=\"651\" srcset=\"https:\/\/www.soaogroup.com\/wp-content\/uploads\/2025\/01\/flat-top-tower-crane-6010-6t.jpg 750w, https:\/\/www.soaogroup.com\/wp-content\/uploads\/2025\/01\/flat-top-tower-crane-6010-6t-300x260.jpg 300w, https:\/\/www.soaogroup.com\/wp-content\/uploads\/2025\/01\/flat-top-tower-crane-6010-6t-14x12.jpg 14w, https:\/\/www.soaogroup.com\/wp-content\/uploads\/2025\/01\/flat-top-tower-crane-6010-6t-600x521.jpg 600w\" sizes=\"(max-width: 750px) 100vw, 750px\" \/><\/p>\n<hr \/>\n<p><img decoding=\"async\" class=\"size-full wp-image-5694 aligncenter\" src=\"https:\/\/www.soaogroup.com\/wp-content\/uploads\/2025\/01\/flat-top-tower-crane_6015-8t.jpg\" alt=\"\" width=\"750\" height=\"690\" srcset=\"https:\/\/www.soaogroup.com\/wp-content\/uploads\/2025\/01\/flat-top-tower-crane_6015-8t.jpg 750w, https:\/\/www.soaogroup.com\/wp-content\/uploads\/2025\/01\/flat-top-tower-crane_6015-8t-300x276.jpg 300w, https:\/\/www.soaogroup.com\/wp-content\/uploads\/2025\/01\/flat-top-tower-crane_6015-8t-13x12.jpg 13w, https:\/\/www.soaogroup.com\/wp-content\/uploads\/2025\/01\/flat-top-tower-crane_6015-8t-600x552.jpg 600w\" sizes=\"(max-width: 750px) 100vw, 750px\" \/><\/p>\n<hr \/>\n<p><img loading=\"lazy\" decoding=\"async\" class=\"size-full wp-image-5693 aligncenter\" src=\"https:\/\/www.soaogroup.com\/wp-content\/uploads\/2025\/01\/flat-top-tower-crane_6013B-8t.png\" alt=\"\" width=\"750\" height=\"651\" srcset=\"https:\/\/www.soaogroup.com\/wp-content\/uploads\/2025\/01\/flat-top-tower-crane_6013B-8t.png 750w, https:\/\/www.soaogroup.com\/wp-content\/uploads\/2025\/01\/flat-top-tower-crane_6013B-8t-300x260.png 300w, https:\/\/www.soaogroup.com\/wp-content\/uploads\/2025\/01\/flat-top-tower-crane_6013B-8t-14x12.png 14w, https:\/\/www.soaogroup.com\/wp-content\/uploads\/2025\/01\/flat-top-tower-crane_6013B-8t-600x521.png 600w\" sizes=\"(max-width: 750px) 100vw, 750px\" \/><\/p>\n<hr \/>\n<p><img loading=\"lazy\" decoding=\"async\" class=\"size-full wp-image-5692 aligncenter\" src=\"https:\/\/www.soaogroup.com\/wp-content\/uploads\/2025\/01\/flat-top-tower-crane_5610-6t.jpg\" alt=\"\" width=\"750\" height=\"581\" srcset=\"https:\/\/www.soaogroup.com\/wp-content\/uploads\/2025\/01\/flat-top-tower-crane_5610-6t.jpg 750w, https:\/\/www.soaogroup.com\/wp-content\/uploads\/2025\/01\/flat-top-tower-crane_5610-6t-300x232.jpg 300w, https:\/\/www.soaogroup.com\/wp-content\/uploads\/2025\/01\/flat-top-tower-crane_5610-6t-15x12.jpg 15w, https:\/\/www.soaogroup.com\/wp-content\/uploads\/2025\/01\/flat-top-tower-crane_5610-6t-600x465.jpg 600w\" sizes=\"(max-width: 750px) 100vw, 750px\" \/><\/p>\n<hr \/>\n<h2 style=\"text-align: center;\">Caracter\u00edsticas del producto<\/h2>\n<h3>1. Caracter\u00edsticas estructurales<\/h3>\n<h4>Forma de parte superior plana:<\/h4>\n<p>Sin la estructura superior de la torre de las gr\u00faas torre tradicionales, su pluma est\u00e1 conectada directamente a la plataforma giratoria, lo que hace que la parte superior de la gr\u00faa sea plana. Esta estructura permite que la gr\u00faa tenga una mejor adaptabilidad espacial cuando trabaja en un grupo de torres o atraviesa obst\u00e1culos, evitando de manera efectiva colisiones con otras gr\u00faas o partes salientes de los edificios.<\/p>\n<h4>M\u00e9todo de conexi\u00f3n de la pluma:<\/h4>\n<p>La pluma se conecta generalmente mediante un conector enchufable o de tipo pasador, que es f\u00e1cil de instalar y desmontar. Este m\u00e9todo de conexi\u00f3n mejora la estabilidad de la pluma y reduce los riesgos de seguridad causados por conexiones sueltas.<\/p>\n<h4>Dise\u00f1o modular:<\/h4>\n<p>Muchas gr\u00faas de superficie plana adoptan conceptos de dise\u00f1o modular, y la conexi\u00f3n entre los componentes es m\u00e1s simple y estandarizada, lo que resulta conveniente para el transporte y el montaje en el lugar, especialmente para proyectos que requieren el traslado frecuente de lugares de trabajo.<\/p>\n<h3>2. Ventajas de rendimiento<\/h3>\n<h4>Buen rendimiento de elevaci\u00f3n:<\/h4>\n<p>Tiene una gran altura de elevaci\u00f3n y un gran peso de elevaci\u00f3n, lo que puede satisfacer las necesidades de elevaci\u00f3n de objetos pesados en proyectos de ingenier\u00eda, como edificios de gran altura y puentes grandes. Su mecanismo de elevaci\u00f3n suele estar equipado con motores y reductores de alto rendimiento, y la velocidad de elevaci\u00f3n se puede ajustar de acuerdo con los requisitos de operaci\u00f3n reales, con una alta eficiencia de trabajo.<\/p>\n<h4>Rotaci\u00f3n flexible:<\/h4>\n<p>El dispositivo de cojinete giratorio adopta tecnolog\u00eda avanzada, que permite que la gr\u00faa logre una rotaci\u00f3n flexible de 360\u00b0. La velocidad de rotaci\u00f3n es estable y se puede controlar con precisi\u00f3n, lo que resulta conveniente para ajustar la posici\u00f3n de elevaci\u00f3n en un espacio peque\u00f1o.<\/p>\n<h4>Gran radio de trabajo:<\/h4>\n<p>El brazo de la gr\u00faa es largo y, a trav\u00e9s de la operaci\u00f3n de paso del brazo de la gr\u00faa y el cambio de amplitud del carro, puede cubrir un amplio rango de radio de trabajo y puede servir de manera efectiva a una gran \u00e1rea de sitios de construcci\u00f3n.<\/p>\n<h3>3. Desempe\u00f1o en materia de seguridad<\/h3>\n<h4>Dispositivos de seguridad completos:<\/h4>\n<p>Equipado con una variedad de dispositivos de protecci\u00f3n de seguridad, como limitador de peso de elevaci\u00f3n, limitador de par de elevaci\u00f3n, limitador de altura, limitador de amplitud y limitador de giro. Estos dispositivos pueden monitorear el estado de funcionamiento de la gr\u00faa en tiempo real. Cuando hay situaciones peligrosas, como sobrecarga y sobrel\u00edmite, sonar\u00e1n autom\u00e1ticamente una alarma y detendr\u00e1n las acciones peligrosas correspondientes para garantizar la seguridad de la operaci\u00f3n.<\/p>\n<h4>Alta estabilidad:<\/h4>\n<p>El dise\u00f1o tiene en cuenta la estabilidad en diversas condiciones de trabajo. Mediante un ajuste razonable del contrapeso, la optimizaci\u00f3n estructural del brazo de la gr\u00faa y el refuerzo del chasis, se garantiza que la gr\u00faa no se vuelque al levantar objetos pesados. Incluso en entornos de trabajo complejos y condiciones clim\u00e1ticas adversas, puede mantener una buena estabilidad.<\/p>","protected":false},"excerpt":{"rendered":"<h4 class=\"elementor-heading-title elementor-size-default\" style=\"text-align: center; padding-bottom: 30px;\">Gr\u00faa torre de techo plano<\/h4>\n<div>La gr\u00faa torre de techo plano presenta un dise\u00f1o \u00fanico, sin la estructura tradicional de torre, con su pluma conectada directamente a la plataforma giratoria en una configuraci\u00f3n plana. Ofrece importantes ventajas, como una altura de elevaci\u00f3n considerable, una capacidad de elevaci\u00f3n impresionante y un amplio radio de trabajo. La gr\u00faa garantiza un giro suave y flexible, permitiendo un funcionamiento de 360\u00b0. Equipada con completos dispositivos de seguridad, una interfaz de operaci\u00f3n intuitiva y un mantenimiento sencillo, es muy vers\u00e1til y se utiliza ampliamente en la construcci\u00f3n, la log\u00edstica portuaria y otros sectores. Esto la convierte en un equipo indispensable para la ejecuci\u00f3n eficiente de proyectos de gran envergadura.<\/div>\n<div><\/div>\n<div>\n<hr \/>\n<\/div>\n<p><img loading=\"lazy\" decoding=\"async\" class=\"alignnone wp-image-257\" src=\"https:\/\/www.soaogroup.com\/wp-content\/uploads\/2025\/02\/\u672a\u6807\u9898-2.jpg\" alt=\"\" width=\"48\" height=\"50\" \/>\u00a0 Whatsapp :<a href=\"https:\/\/api.whatsapp.com\/send?phone=8613395319660\" target=\"_blank\" rel=\"noopener\">\u00a0+8613395319660 <\/a><\/p>\n<div>\n<hr \/>\n<\/div>\n<p><img loading=\"lazy\" decoding=\"async\" class=\"alignnone wp-image-258\" src=\"https:\/\/www.soaogroup.com\/wp-content\/uploads\/2025\/02\/emaillogoblue.jpg\" alt=\"\" width=\"48\" height=\"55\" \/>\u00a0\u00a0Correo electr\u00f3nico : <a href=\"mailto:sales@sdsoao.com\" target=\"_blank\" rel=\"noopener\">\u00a0ventas@sdsoao.com<\/a><\/p>\n<div>\n<hr \/>\n<\/div>\n<div><\/div>","protected":false},"featured_media":5861,"comment_status":"open","ping_status":"closed","template":"","meta":[],"product_brand":[],"product_cat":[26],"product_tag":[],"class_list":{"0":"post-448","1":"product","2":"type-product","3":"status-publish","4":"has-post-thumbnail","6":"product_cat-tower-crane-list","8":"first","9":"instock","10":"featured","11":"shipping-taxable","12":"product-type-simple"},"_links":{"self":[{"href":"https:\/\/www.soaogroup.com\/es\/wp-json\/wp\/v2\/product\/448","targetHints":{"allow":["GET"]}}],"collection":[{"href":"https:\/\/www.soaogroup.com\/es\/wp-json\/wp\/v2\/product"}],"about":[{"href":"https:\/\/www.soaogroup.com\/es\/wp-json\/wp\/v2\/types\/product"}],"replies":[{"embeddable":true,"href":"https:\/\/www.soaogroup.com\/es\/wp-json\/wp\/v2\/comments?post=448"}],"wp:featuredmedia":[{"embeddable":true,"href":"https:\/\/www.soaogroup.com\/es\/wp-json\/wp\/v2\/media\/5861"}],"wp:attachment":[{"href":"https:\/\/www.soaogroup.com\/es\/wp-json\/wp\/v2\/media?parent=448"}],"wp:term":[{"taxonomy":"product_brand","embeddable":true,"href":"https:\/\/www.soaogroup.com\/es\/wp-json\/wp\/v2\/product_brand?post=448"},{"taxonomy":"product_cat","embeddable":true,"href":"https:\/\/www.soaogroup.com\/es\/wp-json\/wp\/v2\/product_cat?post=448"},{"taxonomy":"product_tag","embeddable":true,"href":"https:\/\/www.soaogroup.com\/es\/wp-json\/wp\/v2\/product_tag?post=448"}],"curies":[{"name":"wp","href":"https:\/\/api.w.org\/{rel}","templated":true}]}}