{"id":447,"date":"2025-01-15T15:52:24","date_gmt":"2025-01-15T07:52:24","guid":{"rendered":"https:\/\/www.soaogroup.com\/?post_type=product&#038;p=447"},"modified":"2025-06-25T13:57:33","modified_gmt":"2025-06-25T05:57:33","slug":"hammerhead-tower-crane","status":"publish","type":"product","link":"https:\/\/www.soaogroup.com\/es\/producto\/hammerhead-tower-crane\/","title":{"rendered":"Gr\u00faa torre Hammerhead"},"content":{"rendered":"<h2 style=\"text-align: center;\">\u00a0Modelos y especificaciones de gran venta<\/h2>\n<p>Presentamos los 6 modelos m\u00e1s vendidos de gr\u00faas torre Hammerhead, junto con sus especificaciones, para su consulta. Tambi\u00e9n ofrecemos m\u00e1s de 10 modelos adicionales para satisfacer diversas necesidades de construcci\u00f3n, con la opci\u00f3n de personalizar par\u00e1metros especiales. Adem\u00e1s, suministramos gr\u00faas torre nuevas y de segunda mano para diferentes obras. Disponemos de accesorios y secciones est\u00e1ndar para compra individual. Nuestras gr\u00faas torre se exportan a m\u00e1s de 40 pa\u00edses y regiones de todo el mundo y gozan de gran reconocimiento. Cont\u00e1ctenos para consultar precios de gr\u00faas torre y servicios personalizados.<\/p>\n<h2><img fetchpriority=\"high\" decoding=\"async\" class=\"size-full wp-image-5684 aligncenter\" src=\"https:\/\/www.soaogroup.com\/wp-content\/uploads\/2025\/01\/Hammerhead-tower-crane-2.jpg\" alt=\"\" width=\"750\" height=\"663\" srcset=\"https:\/\/www.soaogroup.com\/wp-content\/uploads\/2025\/01\/Hammerhead-tower-crane-2.jpg 750w, https:\/\/www.soaogroup.com\/wp-content\/uploads\/2025\/01\/Hammerhead-tower-crane-2-300x265.jpg 300w, https:\/\/www.soaogroup.com\/wp-content\/uploads\/2025\/01\/Hammerhead-tower-crane-2-14x12.jpg 14w, https:\/\/www.soaogroup.com\/wp-content\/uploads\/2025\/01\/Hammerhead-tower-crane-2-600x530.jpg 600w\" sizes=\"(max-width: 750px) 100vw, 750px\" \/><\/h2>\n<hr \/>\n<h2><img decoding=\"async\" class=\"size-full wp-image-5683 aligncenter\" src=\"https:\/\/www.soaogroup.com\/wp-content\/uploads\/2025\/01\/Hammerhead-tower-crane-1.jpg\" alt=\"\" width=\"750\" height=\"650\" srcset=\"https:\/\/www.soaogroup.com\/wp-content\/uploads\/2025\/01\/Hammerhead-tower-crane-1.jpg 750w, https:\/\/www.soaogroup.com\/wp-content\/uploads\/2025\/01\/Hammerhead-tower-crane-1-300x260.jpg 300w, https:\/\/www.soaogroup.com\/wp-content\/uploads\/2025\/01\/Hammerhead-tower-crane-1-14x12.jpg 14w, https:\/\/www.soaogroup.com\/wp-content\/uploads\/2025\/01\/Hammerhead-tower-crane-1-600x520.jpg 600w\" sizes=\"(max-width: 750px) 100vw, 750px\" \/><\/h2>\n<hr \/>\n<h2><img decoding=\"async\" class=\"size-full wp-image-5687 aligncenter\" src=\"https:\/\/www.soaogroup.com\/wp-content\/uploads\/2025\/01\/Hammerhead-tower-crane-5.jpg\" alt=\"\" width=\"750\" height=\"612\" srcset=\"https:\/\/www.soaogroup.com\/wp-content\/uploads\/2025\/01\/Hammerhead-tower-crane-5.jpg 750w, https:\/\/www.soaogroup.com\/wp-content\/uploads\/2025\/01\/Hammerhead-tower-crane-5-300x245.jpg 300w, https:\/\/www.soaogroup.com\/wp-content\/uploads\/2025\/01\/Hammerhead-tower-crane-5-15x12.jpg 15w, https:\/\/www.soaogroup.com\/wp-content\/uploads\/2025\/01\/Hammerhead-tower-crane-5-600x490.jpg 600w\" sizes=\"(max-width: 750px) 100vw, 750px\" \/><\/h2>\n<hr \/>\n<h2><img loading=\"lazy\" decoding=\"async\" class=\"size-full wp-image-5686 aligncenter\" src=\"https:\/\/www.soaogroup.com\/wp-content\/uploads\/2025\/01\/Hammerhead-tower-crane-4.jpg\" alt=\"\" width=\"750\" height=\"621\" srcset=\"https:\/\/www.soaogroup.com\/wp-content\/uploads\/2025\/01\/Hammerhead-tower-crane-4.jpg 750w, https:\/\/www.soaogroup.com\/wp-content\/uploads\/2025\/01\/Hammerhead-tower-crane-4-300x248.jpg 300w, https:\/\/www.soaogroup.com\/wp-content\/uploads\/2025\/01\/Hammerhead-tower-crane-4-14x12.jpg 14w, https:\/\/www.soaogroup.com\/wp-content\/uploads\/2025\/01\/Hammerhead-tower-crane-4-600x497.jpg 600w\" sizes=\"(max-width: 750px) 100vw, 750px\" \/><\/h2>\n<hr \/>\n<h2><img loading=\"lazy\" decoding=\"async\" class=\"size-full wp-image-5685 aligncenter\" src=\"https:\/\/www.soaogroup.com\/wp-content\/uploads\/2025\/01\/Hammerhead-tower-crane-3.jpg\" alt=\"\" width=\"750\" height=\"632\" srcset=\"https:\/\/www.soaogroup.com\/wp-content\/uploads\/2025\/01\/Hammerhead-tower-crane-3.jpg 750w, https:\/\/www.soaogroup.com\/wp-content\/uploads\/2025\/01\/Hammerhead-tower-crane-3-300x253.jpg 300w, https:\/\/www.soaogroup.com\/wp-content\/uploads\/2025\/01\/Hammerhead-tower-crane-3-14x12.jpg 14w, https:\/\/www.soaogroup.com\/wp-content\/uploads\/2025\/01\/Hammerhead-tower-crane-3-600x506.jpg 600w\" sizes=\"(max-width: 750px) 100vw, 750px\" \/><\/h2>\n<hr \/>\n<h2><img loading=\"lazy\" decoding=\"async\" class=\"size-full wp-image-5688 aligncenter\" src=\"https:\/\/www.soaogroup.com\/wp-content\/uploads\/2025\/01\/Hammerhead-tower-crane-6.jpg\" alt=\"\" width=\"750\" height=\"782\" srcset=\"https:\/\/www.soaogroup.com\/wp-content\/uploads\/2025\/01\/Hammerhead-tower-crane-6.jpg 750w, https:\/\/www.soaogroup.com\/wp-content\/uploads\/2025\/01\/Hammerhead-tower-crane-6-288x300.jpg 288w, https:\/\/www.soaogroup.com\/wp-content\/uploads\/2025\/01\/Hammerhead-tower-crane-6-12x12.jpg 12w, https:\/\/www.soaogroup.com\/wp-content\/uploads\/2025\/01\/Hammerhead-tower-crane-6-600x626.jpg 600w\" sizes=\"(max-width: 750px) 100vw, 750px\" \/><\/h2>\n<hr \/>\n<h2 style=\"text-align: center;\">Caracter\u00edsticas del producto<\/h2>\n<h2><\/h2>\n<h3><img loading=\"lazy\" decoding=\"async\" class=\"wp-image-461 alignright\" src=\"https:\/\/www.soaogroup.com\/wp-content\/uploads\/2025\/01\/davits-crane_\u55e8\u683c\u5f0f\u538b\u7f29\u526f\u672c_\u7ed3\u679c.webp\" alt=\"\" width=\"472\" height=\"472\" srcset=\"https:\/\/www.soaogroup.com\/wp-content\/uploads\/2025\/01\/davits-crane_\u55e8\u683c\u5f0f\u538b\u7f29\u526f\u672c_\u7ed3\u679c.webp 800w, https:\/\/www.soaogroup.com\/wp-content\/uploads\/2025\/01\/davits-crane_\u55e8\u683c\u5f0f\u538b\u7f29\u526f\u672c_\u7ed3\u679c-300x300.webp 300w, https:\/\/www.soaogroup.com\/wp-content\/uploads\/2025\/01\/davits-crane_\u55e8\u683c\u5f0f\u538b\u7f29\u526f\u672c_\u7ed3\u679c-100x100.webp 100w, https:\/\/www.soaogroup.com\/wp-content\/uploads\/2025\/01\/davits-crane_\u55e8\u683c\u5f0f\u538b\u7f29\u526f\u672c_\u7ed3\u679c-600x600.webp 600w, https:\/\/www.soaogroup.com\/wp-content\/uploads\/2025\/01\/davits-crane_\u55e8\u683c\u5f0f\u538b\u7f29\u526f\u672c_\u7ed3\u679c-150x150.webp 150w, https:\/\/www.soaogroup.com\/wp-content\/uploads\/2025\/01\/davits-crane_\u55e8\u683c\u5f0f\u538b\u7f29\u526f\u672c_\u7ed3\u679c-768x768.webp 768w\" sizes=\"(max-width: 472px) 100vw, 472px\" \/>1. Dise\u00f1o estructural<\/h3>\n<h4>Pluma horizontal:<\/h4>\n<p>Se adopta el dise\u00f1o de pluma horizontal, que se mantiene en estado horizontal. El radio de la carga se modifica moviendo el carro de carga instalado en la pluma, de modo que se pueda realizar la operaci\u00f3n de elevaci\u00f3n en diferentes posiciones. Este dise\u00f1o hace que la condici\u00f3n de fuerza de la pluma sea relativamente simple y los requisitos estructurales sean relativamente bajos.<\/p>\n<h4>La estructura general es sencilla:<\/h4>\n<p>En comparaci\u00f3n con otros tipos complejos de gr\u00faas torre, la estructura de la gr\u00faa martillo es relativamente simple, sin demasiados mecanismos complejos de abatimiento de pluma, etc., y la cantidad de piezas es relativamente peque\u00f1a.<br \/>\nActuaci\u00f3n<\/p>\n<h4>Gran par de elevaci\u00f3n:<\/h4>\n<p>Puede proporcionar un gran par de elevaci\u00f3n, que puede satisfacer las necesidades de elevaci\u00f3n de objetos m\u00e1s pesados en varios tipos de construcci\u00f3n y es adecuado para izar componentes de construcci\u00f3n grandes, equipos mec\u00e1nicos, etc.<\/p>\n<h4>Alta velocidad de trabajo:<\/h4>\n<p>El mecanismo de elevaci\u00f3n, el mecanismo de giro, etc., generalmente adoptan un esquema avanzado de regulaci\u00f3n de velocidad continua de frecuencia variable, con alta velocidad de trabajo y buen rendimiento de regulaci\u00f3n de velocidad. Puede ajustar de manera flexible la velocidad de acuerdo con las necesidades reales de operaci\u00f3n, al mismo tiempo que mejora la eficiencia de trabajo y garantiza la estabilidad de la operaci\u00f3n.<br \/>\nAmplio rango de operaci\u00f3n: Mediante el movimiento del carro de carga en la pluma horizontal y el movimiento de giro de la propia gr\u00faa, se puede cubrir una gran \u00e1rea de operaci\u00f3n. Al mismo tiempo, algunas gr\u00faas torre Hammerhead tambi\u00e9n tienen una variedad de m\u00e9todos de trabajo, como fijaci\u00f3n de estabilizadores, fijaci\u00f3n de chasis, fijaci\u00f3n de pernos empotrados, fijaci\u00f3n de pared externa, etc., que pueden adaptarse a diferentes sitios de construcci\u00f3n y requisitos de estructura de edificios.<\/p>\n<h3>2. Operaci\u00f3n y mantenimiento<\/h3>\n<h4>Operaci\u00f3n conveniente:<\/h4>\n<p>La cabina del conductor es externa e independiente, con un amplio campo de visi\u00f3n y un gran espacio interno, lo que crea un buen entorno de trabajo para el operador, lo que hace que sea conveniente para el conductor observar la operaci\u00f3n de elevaci\u00f3n y una operaci\u00f3n m\u00e1s conveniente y precisa.<\/p>\n<h4>Mantenimiento sencillo:<\/h4>\n<p>Debido a la estructura relativamente simple y al uso de sistemas de control el\u00e9ctrico y componentes mec\u00e1nicos maduros y confiables, la tasa de fallas de las gr\u00faas martillo es baja y el trabajo de mantenimiento y conservaci\u00f3n diario es relativamente f\u00e1cil, lo que reduce los costos de mantenimiento y el tiempo de inactividad.<br \/>\nGarant\u00eda de seguridad<\/p>\n<h4>Dispositivos de seguridad completos:<\/h4>\n<p>Equipado con varios dispositivos de seguridad mec\u00e1nicos o mecatr\u00f3nicos, como limitador de peso de elevaci\u00f3n, limitador de torque, limitador de altura, limitador de amplitud, limitador de giro, etc., puede monitorear varios par\u00e1metros en tiempo real durante la operaci\u00f3n de la gr\u00faa y emitir una alarma y detener la operaci\u00f3n a tiempo cuando ocurre una situaci\u00f3n anormal, garantizando la seguridad de la gr\u00faa y del operador.<\/p>\n<h4>Alta confiabilidad:<\/h4>\n<p>El sistema de control el\u00e9ctrico adopta un control PLC, lo que mejora la confiabilidad y la seguridad del sistema. Al mismo tiempo, adopta componentes el\u00e9ctricos producidos por f\u00e1bricas el\u00e9ctricas profesionales con tecnolog\u00eda extranjera avanzada, que tienen una larga vida \u00fatil y pocas fallas, lo que garantiza a\u00fan m\u00e1s el funcionamiento estable de la gr\u00faa.<\/p>","protected":false},"excerpt":{"rendered":"<h4 class=\"elementor-heading-title elementor-size-default\" style=\"text-align: center; padding-bottom: 30px;\">Gr\u00faa torre Hammerhead<\/h4>\n<div>La gr\u00faa torre Hammerhead, tambi\u00e9n llamada gr\u00faa torre Topkit, cuenta con una pluma horizontal como estructura principal, cuyo radio de elevaci\u00f3n se ajusta mediante el movimiento del carro de carga. Ofrece un gran momento de elevaci\u00f3n, alta velocidad de trabajo y un amplio rango de operaci\u00f3n. Conocida por su f\u00e1cil operaci\u00f3n y mantenimiento, la gr\u00faa est\u00e1 equipada con m\u00faltiples dispositivos de seguridad para garantizar la seguridad operacional. Se utiliza com\u00fanmente para elevar cargas pesadas en diversos proyectos de construcci\u00f3n.<\/div>\n<div><\/div>\n<div>\n<hr \/>\n<\/div>\n<p><img loading=\"lazy\" decoding=\"async\" class=\"alignnone wp-image-257\" src=\"https:\/\/www.soaogroup.com\/wp-content\/uploads\/2025\/02\/\u672a\u6807\u9898-2.jpg\" alt=\"\" width=\"48\" height=\"50\" \/>\u00a0 Whatsapp :<a href=\"https:\/\/api.whatsapp.com\/send?phone=8613395319660\" target=\"_blank\" rel=\"noopener\">\u00a0+8613395319660 <\/a><\/p>\n<div>\n<hr \/>\n<\/div>\n<p><img loading=\"lazy\" decoding=\"async\" class=\"alignnone wp-image-258\" src=\"https:\/\/www.soaogroup.com\/wp-content\/uploads\/2025\/02\/emaillogoblue.jpg\" alt=\"\" width=\"48\" height=\"55\" \/>\u00a0\u00a0Correo electr\u00f3nico : <a href=\"mailto:sales@sdsoao.com\" target=\"_blank\" rel=\"noopener\">\u00a0ventas@sdsoao.com<\/a><\/p>\n<div>\n<hr \/>\n<\/div>\n<h3><\/h3>\n<div><\/div>","protected":false},"featured_media":5862,"comment_status":"closed","ping_status":"closed","template":"","meta":[],"product_brand":[],"product_cat":[26],"product_tag":[],"class_list":{"0":"post-447","1":"product","2":"type-product","3":"status-publish","4":"has-post-thumbnail","6":"product_cat-tower-crane-list","8":"first","9":"instock","10":"featured","11":"shipping-taxable","12":"product-type-simple"},"_links":{"self":[{"href":"https:\/\/www.soaogroup.com\/es\/wp-json\/wp\/v2\/product\/447","targetHints":{"allow":["GET"]}}],"collection":[{"href":"https:\/\/www.soaogroup.com\/es\/wp-json\/wp\/v2\/product"}],"about":[{"href":"https:\/\/www.soaogroup.com\/es\/wp-json\/wp\/v2\/types\/product"}],"replies":[{"embeddable":true,"href":"https:\/\/www.soaogroup.com\/es\/wp-json\/wp\/v2\/comments?post=447"}],"wp:featuredmedia":[{"embeddable":true,"href":"https:\/\/www.soaogroup.com\/es\/wp-json\/wp\/v2\/media\/5862"}],"wp:attachment":[{"href":"https:\/\/www.soaogroup.com\/es\/wp-json\/wp\/v2\/media?parent=447"}],"wp:term":[{"taxonomy":"product_brand","embeddable":true,"href":"https:\/\/www.soaogroup.com\/es\/wp-json\/wp\/v2\/product_brand?post=447"},{"taxonomy":"product_cat","embeddable":true,"href":"https:\/\/www.soaogroup.com\/es\/wp-json\/wp\/v2\/product_cat?post=447"},{"taxonomy":"product_tag","embeddable":true,"href":"https:\/\/www.soaogroup.com\/es\/wp-json\/wp\/v2\/product_tag?post=447"}],"curies":[{"name":"wp","href":"https:\/\/api.w.org\/{rel}","templated":true}]}}