{"id":3216,"date":"2025-02-10T16:01:45","date_gmt":"2025-02-10T08:01:45","guid":{"rendered":"https:\/\/www.soaogroup.com\/?post_type=product&#038;p=3216"},"modified":"2025-08-22T11:28:09","modified_gmt":"2025-08-22T03:28:09","slug":"crawler-scissor-lift","status":"publish","type":"product","link":"https:\/\/www.soaogroup.com\/es\/producto\/crawler-scissor-lift\/","title":{"rendered":"Crawler Scissor Lift"},"content":{"rendered":"<h2>\u00a0Detalles del producto:<\/h2>\n<table class=\"tg\" style=\"border-collapse: collapse; border-spacing: 0;\">\n<thead>\n<tr>\n<th style=\"background-color: #f56b00; color: #ffffff; font-family: Arial, sans-serif; font-size: 14px; font-weight: bold; overflow: hidden; padding: 10px 5px; text-align: center; vertical-align: middle; word-break: normal; border: 1px solid #000000;\">Modelo<\/th>\n<th style=\"background-color: #f56b00; color: #ffffff; font-family: Arial, sans-serif; font-size: 14px; font-weight: bold; overflow: hidden; padding: 10px 5px; text-align: center; vertical-align: middle; word-break: normal; border: 1px solid #000000;\">Tama\u00f1o de la mesa \/m<\/th>\n<th style=\"background-color: #f56b00; color: #ffffff; font-family: Arial, sans-serif; font-size: 14px; font-weight: bold; overflow: hidden; padding: 10px 5px; text-align: center; vertical-align: middle; word-break: normal; border: 1px solid #000000;\">Carga\/kg<\/th>\n<th style=\"background-color: #f56b00; color: #ffffff; font-family: Arial, sans-serif; font-size: 14px; font-weight: bold; overflow: hidden; padding: 10px 5px; text-align: center; vertical-align: middle; word-break: normal; border: 1px solid #000000;\">Aumento neto \/m<\/th>\n<th style=\"background-color: #f56b00; color: #ffffff; font-family: Arial, sans-serif; font-size: 14px; font-weight: bold; overflow: hidden; padding: 10px 5px; text-align: center; vertical-align: middle; word-break: normal; border: 1px solid #000000;\">Dimensiones generales \/m<\/th>\n<th style=\"background-color: #f56b00; color: #ffffff; font-family: Arial, sans-serif; font-size: 14px; font-weight: bold; overflow: hidden; padding: 10px 5px; text-align: center; vertical-align: middle; word-break: normal; border: 1px solid #000000;\">Peso\/kg<\/th>\n<\/tr>\n<\/thead>\n<tbody>\n<tr>\n<td style=\"background-color: #c0c0c0; color: #ffffff; font-family: Arial, sans-serif; font-size: 14px; font-weight: bold; overflow: hidden; padding: 10px 5px; text-align: center; vertical-align: middle; word-break: normal; border: 1px solid #000000;\">YJPTO6<\/td>\n<td style=\"font-family: Arial, sans-serif; font-size: 14px; overflow: hidden; padding: 10px 5px; text-align: center; vertical-align: middle; word-break: normal; border: 1px solid #000000;\">2.3 * 1.14<\/td>\n<td style=\"font-family: Arial, sans-serif; font-size: 14px; overflow: hidden; padding: 10px 5px; text-align: center; vertical-align: middle; word-break: normal; border: 1px solid #000000;\">450<\/td>\n<td style=\"font-family: Arial, sans-serif; font-size: 14px; overflow: hidden; padding: 10px 5px; text-align: center; vertical-align: middle; word-break: normal; border: 1px solid #000000;\">6<\/td>\n<td style=\"font-family: Arial, sans-serif; font-size: 14px; overflow: hidden; padding: 10px 5px; text-align: center; vertical-align: middle; word-break: normal; border: 1px solid #000000;\">2.46 * 1.18 * 2.24<\/td>\n<td style=\"font-family: Arial, sans-serif; font-size: 14px; overflow: hidden; padding: 10px 5px; text-align: center; vertical-align: middle; word-break: normal; border: 1px solid #000000;\">1900<\/td>\n<\/tr>\n<tr>\n<td style=\"background-color: #c0c0c0; color: #ffffff; font-family: Arial, sans-serif; font-size: 14px; font-weight: bold; overflow: hidden; padding: 10px 5px; text-align: center; vertical-align: middle; word-break: normal; border: 1px solid #000000;\">YJJPTO8<\/td>\n<td style=\"font-family: Arial, sans-serif; font-size: 14px; overflow: hidden; padding: 10px 5px; text-align: center; vertical-align: middle; word-break: normal; border: 1px solid #000000;\">2.3 * 1.14<\/td>\n<td style=\"font-family: Arial, sans-serif; font-size: 14px; overflow: hidden; padding: 10px 5px; text-align: center; vertical-align: middle; word-break: normal; border: 1px solid #000000;\">320<\/td>\n<td style=\"font-family: Arial, sans-serif; font-size: 14px; overflow: hidden; padding: 10px 5px; text-align: center; vertical-align: middle; word-break: normal; border: 1px solid #000000;\">8<\/td>\n<td style=\"font-family: Arial, sans-serif; font-size: 14px; overflow: hidden; padding: 10px 5px; text-align: center; vertical-align: middle; word-break: normal; border: 1px solid #000000;\">2.46 * 1.18 * 2.36<\/td>\n<td style=\"font-family: Arial, sans-serif; font-size: 14px; overflow: hidden; padding: 10px 5px; text-align: center; vertical-align: middle; word-break: normal; border: 1px solid #000000;\">2400<\/td>\n<\/tr>\n<tr>\n<td style=\"background-color: #c0c0c0; color: #ffffff; font-family: Arial, sans-serif; font-size: 14px; font-weight: bold; overflow: hidden; padding: 10px 5px; text-align: center; vertical-align: middle; word-break: normal; border: 1px solid #000000;\">YJPT10<\/td>\n<td style=\"font-family: Arial, sans-serif; font-size: 14px; overflow: hidden; padding: 10px 5px; text-align: center; vertical-align: middle; word-break: normal; border: 1px solid #000000;\">2.3 * 1.14<\/td>\n<td style=\"font-family: Arial, sans-serif; font-size: 14px; overflow: hidden; padding: 10px 5px; text-align: center; vertical-align: middle; word-break: normal; border: 1px solid #000000;\">320<\/td>\n<td style=\"font-family: Arial, sans-serif; font-size: 14px; overflow: hidden; padding: 10px 5px; text-align: center; vertical-align: middle; word-break: normal; border: 1px solid #000000;\">10<\/td>\n<td style=\"font-family: Arial, sans-serif; font-size: 14px; overflow: hidden; padding: 10px 5px; text-align: center; vertical-align: middle; word-break: normal; border: 1px solid #000000;\">2.46 * 1.18 * 2.48<\/td>\n<td style=\"font-family: Arial, sans-serif; font-size: 14px; overflow: hidden; padding: 10px 5px; text-align: center; vertical-align: middle; word-break: normal; border: 1px solid #000000;\">2700<\/td>\n<\/tr>\n<tr>\n<td style=\"background-color: #c0c0c0; color: #ffffff; font-family: Arial, sans-serif; font-size: 14px; font-weight: bold; overflow: hidden; padding: 10px 5px; text-align: center; vertical-align: middle; word-break: normal; border: 1px solid #000000;\">YJPT12<\/td>\n<td style=\"font-family: Arial, sans-serif; font-size: 14px; overflow: hidden; padding: 10px 5px; text-align: center; vertical-align: middle; word-break: normal; border: 1px solid #000000;\">2.3 * 1.14\uff09<\/td>\n<td style=\"font-family: Arial, sans-serif; font-size: 14px; overflow: hidden; padding: 10px 5px; text-align: center; vertical-align: middle; word-break: normal; border: 1px solid #000000;\">320<\/td>\n<td style=\"font-family: Arial, sans-serif; font-size: 14px; overflow: hidden; padding: 10px 5px; text-align: center; vertical-align: middle; word-break: normal; border: 1px solid #000000;\">12<\/td>\n<td style=\"font-family: Arial, sans-serif; font-size: 14px; overflow: hidden; padding: 10px 5px; text-align: center; vertical-align: middle; word-break: normal; border: 1px solid #000000;\">2.46 * 1.18 * 2.60<\/td>\n<td style=\"font-family: Arial, sans-serif; font-size: 14px; overflow: hidden; padding: 10px 5px; text-align: center; vertical-align: middle; word-break: normal; border: 1px solid #000000;\">2860<\/td>\n<\/tr>\n<tr>\n<td style=\"background-color: #c0c0c0; color: #ffffff; font-family: Arial, sans-serif; font-size: 14px; font-weight: bold; overflow: hidden; padding: 10px 5px; text-align: center; vertical-align: middle; word-break: normal; border: 1px solid #000000;\">YJPT14<\/td>\n<td style=\"font-family: Arial, sans-serif; font-size: 14px; overflow: hidden; padding: 10px 5px; text-align: center; vertical-align: middle; word-break: normal; border: 1px solid #000000;\">2.7 * 1.14<\/td>\n<td style=\"font-family: Arial, sans-serif; font-size: 14px; overflow: hidden; padding: 10px 5px; text-align: center; vertical-align: middle; word-break: normal; border: 1px solid #000000;\">300<\/td>\n<td style=\"font-family: Arial, sans-serif; font-size: 14px; overflow: hidden; padding: 10px 5px; text-align: center; vertical-align: middle; word-break: normal; border: 1px solid #000000;\">14<\/td>\n<td style=\"font-family: Arial, sans-serif; font-size: 14px; overflow: hidden; padding: 10px 5px; text-align: center; vertical-align: middle; word-break: normal; border: 1px solid #000000;\">2.86 * 1.28 * 2.64<\/td>\n<td style=\"font-family: Arial, sans-serif; font-size: 14px; overflow: hidden; padding: 10px 5px; text-align: center; vertical-align: middle; word-break: normal; border: 1px solid #000000;\">3400<\/td>\n<\/tr>\n<\/tbody>\n<\/table>\n<table class=\"tg\" style=\"border-collapse: collapse; border-spacing: 0;\">\n<thead>\n<tr>\n<th style=\"background-color: #f56b00; color: #ffffff; font-family: Arial, sans-serif; font-size: 14px; font-weight: bold; overflow: hidden; padding: 10px 5px; text-align: center; vertical-align: middle; word-break: normal; border: 1px solid #000000;\">Modelo<\/th>\n<th style=\"background-color: #f56b00; color: #ffffff; font-family: Arial, sans-serif; font-size: 14px; font-weight: bold; overflow: hidden; padding: 10px 5px; text-align: center; vertical-align: middle; word-break: normal; border: 1px solid #000000;\">Tama\u00f1o de la mesa \/m<\/th>\n<th style=\"background-color: #f56b00; color: #ffffff; font-family: Arial, sans-serif; font-size: 14px; font-weight: bold; overflow: hidden; padding: 10px 5px; text-align: center; vertical-align: middle; word-break: normal; border: 1px solid #000000;\">Carga\/kg<\/th>\n<th style=\"background-color: #f56b00; color: #ffffff; font-family: Arial, sans-serif; font-size: 14px; font-weight: bold; overflow: hidden; padding: 10px 5px; text-align: center; vertical-align: middle; word-break: normal; border: 1px solid #000000;\">Aumento neto \/m<\/th>\n<th style=\"background-color: #f56b00; color: #ffffff; font-family: Arial, sans-serif; font-size: 14px; font-weight: bold; overflow: hidden; padding: 10px 5px; text-align: center; vertical-align: middle; word-break: normal; border: 1px solid #000000;\">Dimensiones generales \/m<\/th>\n<th style=\"background-color: #f56b00; color: #ffffff; font-family: Arial, sans-serif; font-size: 14px; font-weight: bold; overflow: hidden; padding: 10px 5px; text-align: center; vertical-align: middle; word-break: normal; border: 1px solid #000000;\">Peso\/kg<\/th>\n<\/tr>\n<\/thead>\n<tbody>\n<tr>\n<td style=\"background-color: #c0c0c0; color: #ffffff; font-family: Arial, sans-serif; font-size: 14px; font-weight: bold; overflow: hidden; padding: 10px 5px; text-align: center; vertical-align: middle; word-break: normal; border: 1px solid #000000;\">YJPTO6<\/td>\n<td style=\"font-family: Arial, sans-serif; font-size: 14px; overflow: hidden; padding: 10px 5px; text-align: center; vertical-align: middle; word-break: normal; border: 1px solid #000000;\">2.3 * 1.14<\/td>\n<td style=\"font-family: Arial, sans-serif; font-size: 14px; overflow: hidden; padding: 10px 5px; text-align: center; vertical-align: middle; word-break: normal; border: 1px solid #000000;\">450<\/td>\n<td style=\"font-family: Arial, sans-serif; font-size: 14px; overflow: hidden; padding: 10px 5px; text-align: center; vertical-align: middle; word-break: normal; border: 1px solid #000000;\">6<\/td>\n<td style=\"font-family: Arial, sans-serif; font-size: 14px; overflow: hidden; padding: 10px 5px; text-align: center; vertical-align: middle; word-break: normal; border: 1px solid #000000;\">2.46 * 1.18 * 2.24<\/td>\n<td style=\"font-family: Arial, sans-serif; font-size: 14px; overflow: hidden; padding: 10px 5px; text-align: center; vertical-align: middle; word-break: normal; border: 1px solid #000000;\">1900<\/td>\n<\/tr>\n<tr>\n<td style=\"background-color: #c0c0c0; color: #ffffff; font-family: Arial, sans-serif; font-size: 14px; font-weight: bold; overflow: hidden; padding: 10px 5px; text-align: center; vertical-align: middle; word-break: normal; border: 1px solid #000000;\">YJJPTO8<\/td>\n<td style=\"font-family: Arial, sans-serif; font-size: 14px; overflow: hidden; padding: 10px 5px; text-align: center; vertical-align: middle; word-break: normal; border: 1px solid #000000;\">2.3 * 1.14<\/td>\n<td style=\"font-family: Arial, sans-serif; font-size: 14px; overflow: hidden; padding: 10px 5px; text-align: center; vertical-align: middle; word-break: normal; border: 1px solid #000000;\">320<\/td>\n<td style=\"font-family: Arial, sans-serif; font-size: 14px; overflow: hidden; padding: 10px 5px; text-align: center; vertical-align: middle; word-break: normal; border: 1px solid #000000;\">8<\/td>\n<td style=\"font-family: Arial, sans-serif; font-size: 14px; overflow: hidden; padding: 10px 5px; text-align: center; vertical-align: middle; word-break: normal; border: 1px solid #000000;\">2.46 * 1.18 * 2.36<\/td>\n<td style=\"font-family: Arial, sans-serif; font-size: 14px; overflow: hidden; padding: 10px 5px; text-align: center; vertical-align: middle; word-break: normal; border: 1px solid #000000;\">2400<\/td>\n<\/tr>\n<tr>\n<td style=\"background-color: #c0c0c0; color: #ffffff; font-family: Arial, sans-serif; font-size: 14px; font-weight: bold; overflow: hidden; padding: 10px 5px; text-align: center; vertical-align: middle; word-break: normal; border: 1px solid #000000;\">YJPT10<\/td>\n<td style=\"font-family: Arial, sans-serif; font-size: 14px; overflow: hidden; padding: 10px 5px; text-align: center; vertical-align: middle; word-break: normal; border: 1px solid #000000;\">2.3 * 1.14<\/td>\n<td style=\"font-family: Arial, sans-serif; font-size: 14px; overflow: hidden; padding: 10px 5px; text-align: center; vertical-align: middle; word-break: normal; border: 1px solid #000000;\">320<\/td>\n<td style=\"font-family: Arial, sans-serif; font-size: 14px; overflow: hidden; padding: 10px 5px; text-align: center; vertical-align: middle; word-break: normal; border: 1px solid #000000;\">10<\/td>\n<td style=\"font-family: Arial, sans-serif; font-size: 14px; overflow: hidden; padding: 10px 5px; text-align: center; vertical-align: middle; word-break: normal; border: 1px solid #000000;\">2.46 * 1.18 * 2.48<\/td>\n<td style=\"font-family: Arial, sans-serif; font-size: 14px; overflow: hidden; padding: 10px 5px; text-align: center; vertical-align: middle; word-break: normal; border: 1px solid #000000;\">2700<\/td>\n<\/tr>\n<tr>\n<td style=\"background-color: #c0c0c0; color: #ffffff; font-family: Arial, sans-serif; font-size: 14px; font-weight: bold; overflow: hidden; padding: 10px 5px; text-align: center; vertical-align: middle; word-break: normal; border: 1px solid #000000;\">YJPT12<\/td>\n<td style=\"font-family: Arial, sans-serif; font-size: 14px; overflow: hidden; padding: 10px 5px; text-align: center; vertical-align: middle; word-break: normal; border: 1px solid #000000;\">2.3 * 1.14\uff09<\/td>\n<td style=\"font-family: Arial, sans-serif; font-size: 14px; overflow: hidden; padding: 10px 5px; text-align: center; vertical-align: middle; word-break: normal; border: 1px solid #000000;\">320<\/td>\n<td style=\"font-family: Arial, sans-serif; font-size: 14px; overflow: hidden; padding: 10px 5px; text-align: center; vertical-align: middle; word-break: normal; border: 1px solid #000000;\">12<\/td>\n<td style=\"font-family: Arial, sans-serif; font-size: 14px; overflow: hidden; padding: 10px 5px; text-align: center; vertical-align: middle; word-break: normal; border: 1px solid #000000;\">2.46 * 1.18 * 2.60<\/td>\n<td style=\"font-family: Arial, sans-serif; font-size: 14px; overflow: hidden; padding: 10px 5px; text-align: center; vertical-align: middle; word-break: normal; border: 1px solid #000000;\">2860<\/td>\n<\/tr>\n<tr>\n<td style=\"background-color: #c0c0c0; color: #ffffff; font-family: Arial, sans-serif; font-size: 14px; font-weight: bold; overflow: hidden; padding: 10px 5px; text-align: center; vertical-align: middle; word-break: normal; border: 1px solid #000000;\">YJPT14<\/td>\n<td style=\"font-family: Arial, sans-serif; font-size: 14px; overflow: hidden; padding: 10px 5px; text-align: center; vertical-align: middle; word-break: normal; border: 1px solid #000000;\">2.7 * 1.14<\/td>\n<td style=\"font-family: Arial, sans-serif; font-size: 14px; overflow: hidden; padding: 10px 5px; text-align: center; vertical-align: middle; word-break: normal; border: 1px solid #000000;\">300<\/td>\n<td style=\"font-family: Arial, sans-serif; font-size: 14px; overflow: hidden; padding: 10px 5px; text-align: center; vertical-align: middle; word-break: normal; border: 1px solid #000000;\">14<\/td>\n<td style=\"font-family: Arial, sans-serif; font-size: 14px; overflow: hidden; padding: 10px 5px; text-align: center; vertical-align: middle; word-break: normal; border: 1px solid #000000;\">2.86 * 1.28 * 2.64<\/td>\n<td style=\"font-family: Arial, sans-serif; font-size: 14px; overflow: hidden; padding: 10px 5px; text-align: center; vertical-align: middle; word-break: normal; border: 1px solid #000000;\">3400<\/td>\n<\/tr>\n<\/tbody>\n<\/table>\n<p>&nbsp;<\/p>\n<h2><\/h2>\n<h2><img fetchpriority=\"high\" decoding=\"async\" class=\"alignnone size-full wp-image-3217\" src=\"https:\/\/www.soaogroup.com\/wp-content\/uploads\/2025\/02\/pin-2_\u55e8\u683c\u5f0f\u538b\u7f29\u526f\u672c_\u7ed3\u679c.webp\" alt=\"\" width=\"1500\" height=\"500\" srcset=\"https:\/\/www.soaogroup.com\/wp-content\/uploads\/2025\/02\/pin-2_\u55e8\u683c\u5f0f\u538b\u7f29\u526f\u672c_\u7ed3\u679c.webp 1500w, https:\/\/www.soaogroup.com\/wp-content\/uploads\/2025\/02\/pin-2_\u55e8\u683c\u5f0f\u538b\u7f29\u526f\u672c_\u7ed3\u679c-300x100.webp 300w, https:\/\/www.soaogroup.com\/wp-content\/uploads\/2025\/02\/pin-2_\u55e8\u683c\u5f0f\u538b\u7f29\u526f\u672c_\u7ed3\u679c-1024x341.webp 1024w, https:\/\/www.soaogroup.com\/wp-content\/uploads\/2025\/02\/pin-2_\u55e8\u683c\u5f0f\u538b\u7f29\u526f\u672c_\u7ed3\u679c-768x256.webp 768w, https:\/\/www.soaogroup.com\/wp-content\/uploads\/2025\/02\/pin-2_\u55e8\u683c\u5f0f\u538b\u7f29\u526f\u672c_\u7ed3\u679c-18x6.webp 18w, https:\/\/www.soaogroup.com\/wp-content\/uploads\/2025\/02\/pin-2_\u55e8\u683c\u5f0f\u538b\u7f29\u526f\u672c_\u7ed3\u679c-600x200.webp 600w\" sizes=\"(max-width: 1500px) 100vw, 1500px\" \/>Caracter\u00edsticas del producto:<\/h2>\n<h3>Movilidad al caminar y adaptabilidad al terreno<\/h3>\n<h4>Potente rendimiento todoterreno:<\/h4>\n<p>El mecanismo de marcha tipo oruga le permite adaptarse a diversos terrenos complejos, como caminos de monta\u00f1a accidentados, suelo fangoso, arena, etc. En comparaci\u00f3n con los elevadores con ruedas, no es f\u00e1cil hundirse en terrenos blandos y puede moverse libremente en entornos exteriores relativamente duros para llegar a lugares de trabajo a los que otros equipos son dif\u00edciles de alcanzar.<\/p>\n<h4>Direcci\u00f3n flexible:<\/h4>\n<p>Los elevadores de orugas generalmente adoptan direcci\u00f3n diferencial o direcci\u00f3n articulada, con un radio de giro peque\u00f1o, pueden girar de manera flexible en un espacio estrecho y son f\u00e1ciles de operar en un \u00e1rea de trabajo limitada, lo que mejora la flexibilidad y la eficiencia del trabajo.<\/p>\n<h3>Seguridad y fiabilidad operativa<\/h3>\n<h4>Excelente rendimiento antideslizante:<\/h4>\n<p>Los patrones o texturas en la superficie de la oruga pueden proporcionar una buena fricci\u00f3n y pueden prevenir eficazmente resbalones en terrenos resbaladizos e inclinados, lo que garantiza la estabilidad y seguridad del equipo durante la marcha y la operaci\u00f3n.<\/p>\n<h4>Buen efecto amortiguador y de absorci\u00f3n de impactos:<\/h4>\n<p>La oruga en s\u00ed tiene cierta elasticidad y rendimiento de amortiguaci\u00f3n, que puede absorber la vibraci\u00f3n y el impacto generados durante la conducci\u00f3n, reducir el impacto en el equipo en s\u00ed y en el operador, reducir la incidencia de fallas del equipo y mejorar la confiabilidad y la vida \u00fatil del equipo.<\/p>\n<h3>Multifunci\u00f3n y personalizaci\u00f3n<\/h3>\n<h4>Puede llevar una variedad de accesorios:<\/h4>\n<p>Los elevadores de cadenas se pueden equipar con varios accesorios y herramientas seg\u00fan los diferentes requisitos de operaci\u00f3n, como plataformas de trabajo, brazos de elevaci\u00f3n, cestas colgantes, etc., para lograr una variedad de funciones, como operaciones a\u00e9reas, elevaci\u00f3n de materiales, rescate de personal, etc., para satisfacer las necesidades especiales de diferentes industrias y usuarios.<\/p>\n<h4>Alto grado de personalizaci\u00f3n:<\/h4>\n<p>Debido a sus amplios y complejos escenarios de aplicaci\u00f3n, los elevadores de orugas se pueden personalizar de acuerdo con los requisitos espec\u00edficos de los usuarios, como cambiar el ancho, la longitud, el paso de la oruga, ajustar el tama\u00f1o, la forma y la capacidad de carga de la plataforma, etc., para adaptarse a diferentes entornos de trabajo y tareas de operaci\u00f3n.<\/p>\n<h2><img decoding=\"async\" class=\"alignnone size-full wp-image-3218\" src=\"https:\/\/www.soaogroup.com\/wp-content\/uploads\/2025\/02\/1_\u55e8\u683c\u5f0f\u538b\u7f29\u526f\u672c_\u7ed3\u679c.webp\" alt=\"\" width=\"1500\" height=\"500\" srcset=\"https:\/\/www.soaogroup.com\/wp-content\/uploads\/2025\/02\/1_\u55e8\u683c\u5f0f\u538b\u7f29\u526f\u672c_\u7ed3\u679c.webp 1500w, https:\/\/www.soaogroup.com\/wp-content\/uploads\/2025\/02\/1_\u55e8\u683c\u5f0f\u538b\u7f29\u526f\u672c_\u7ed3\u679c-300x100.webp 300w, https:\/\/www.soaogroup.com\/wp-content\/uploads\/2025\/02\/1_\u55e8\u683c\u5f0f\u538b\u7f29\u526f\u672c_\u7ed3\u679c-1024x341.webp 1024w, https:\/\/www.soaogroup.com\/wp-content\/uploads\/2025\/02\/1_\u55e8\u683c\u5f0f\u538b\u7f29\u526f\u672c_\u7ed3\u679c-768x256.webp 768w, https:\/\/www.soaogroup.com\/wp-content\/uploads\/2025\/02\/1_\u55e8\u683c\u5f0f\u538b\u7f29\u526f\u672c_\u7ed3\u679c-18x6.webp 18w, https:\/\/www.soaogroup.com\/wp-content\/uploads\/2025\/02\/1_\u55e8\u683c\u5f0f\u538b\u7f29\u526f\u672c_\u7ed3\u679c-600x200.webp 600w\" sizes=\"(max-width: 1500px) 100vw, 1500px\" \/>Solicitud:<\/h2>\n<div>Los elevadores de orugas destacan en muchos campos por sus caracter\u00edsticas excepcionales. En la construcci\u00f3n de centrales el\u00e9ctricas en \u00e1reas monta\u00f1osas remotas, pueden llegar al lugar de trabajo por caminos de monta\u00f1a accidentados para ayudar a los trabajadores a instalar postes el\u00e9ctricos e inspeccionar l\u00edneas; al realizar el mantenimiento de caminos de tablones en \u00e1reas pintorescas, pueden trasladarse f\u00e1cilmente a trav\u00e9s de terrenos complejos y entregar personal de mantenimiento y herramientas a lugares designados para garantizar la seguridad de los turistas; en la renovaci\u00f3n de antiguas comunidades urbanas, pueden soportar espacios estrechos y girar con flexibilidad para permitir que los trabajadores completen de manera eficiente las renovaciones de paredes exteriores y los reemplazos de ventanas, solucionando el problema de que los equipos grandes sean dif\u00edciles de usar y ayudando de manera eficiente a las operaciones en diversos entornos complejos.<\/div>","protected":false},"excerpt":{"rendered":"<div>Crawler scissor lift is a special lifting equipment, also called self-propelled scissor lift, which uses crawler as the walking mechanism and can move stably on complex terrain. It has a low center of gravity, strong load-bearing capacity, flexible steering, and is equipped with a hydraulic or electric lifting system, which can safely and efficiently lift people and goods to high places. It is widely used in field construction and complex terrain operations, greatly improving work efficiency and safety.<\/div>\n<div><\/div>\n<div>\n<hr \/>\n<\/div>\n<p><img decoding=\"async\" class=\"alignnone wp-image-257\" src=\"https:\/\/www.soaogroup.com\/wp-content\/uploads\/2025\/02\/\u672a\u6807\u9898-2.jpg\" alt=\"\" width=\"48\" height=\"50\" \/>\u00a0 Whatsapp :<a href=\"https:\/\/api.whatsapp.com\/send?phone=8613395319660\" target=\"_blank\" rel=\"noopener\">\u00a0+8613395319660 <\/a><\/p>\n<div>\n<hr \/>\n<\/div>\n<p><img loading=\"lazy\" decoding=\"async\" class=\"alignnone wp-image-258\" src=\"https:\/\/www.soaogroup.com\/wp-content\/uploads\/2025\/02\/emaillogoblue.jpg\" alt=\"\" width=\"48\" height=\"55\" \/>\u00a0\u00a0Correo electr\u00f3nico : <a href=\"mailto:sales@sdsoao.com\" target=\"_blank\" rel=\"noopener\">\u00a0ventas@sdsoao.com<\/a><\/p>\n<div>\n<hr \/>\n<\/div>\n<h3><\/h3>\n<div><\/div>","protected":false},"featured_media":3222,"comment_status":"closed","ping_status":"closed","template":"","meta":[],"product_brand":[],"product_cat":[62],"product_tag":[],"class_list":{"0":"post-3216","1":"product","2":"type-product","3":"status-publish","4":"has-post-thumbnail","6":"product_cat-scissor-lift-platform","8":"first","9":"instock","10":"shipping-taxable","11":"product-type-simple"},"_links":{"self":[{"href":"https:\/\/www.soaogroup.com\/es\/wp-json\/wp\/v2\/product\/3216","targetHints":{"allow":["GET"]}}],"collection":[{"href":"https:\/\/www.soaogroup.com\/es\/wp-json\/wp\/v2\/product"}],"about":[{"href":"https:\/\/www.soaogroup.com\/es\/wp-json\/wp\/v2\/types\/product"}],"replies":[{"embeddable":true,"href":"https:\/\/www.soaogroup.com\/es\/wp-json\/wp\/v2\/comments?post=3216"}],"wp:featuredmedia":[{"embeddable":true,"href":"https:\/\/www.soaogroup.com\/es\/wp-json\/wp\/v2\/media\/3222"}],"wp:attachment":[{"href":"https:\/\/www.soaogroup.com\/es\/wp-json\/wp\/v2\/media?parent=3216"}],"wp:term":[{"taxonomy":"product_brand","embeddable":true,"href":"https:\/\/www.soaogroup.com\/es\/wp-json\/wp\/v2\/product_brand?post=3216"},{"taxonomy":"product_cat","embeddable":true,"href":"https:\/\/www.soaogroup.com\/es\/wp-json\/wp\/v2\/product_cat?post=3216"},{"taxonomy":"product_tag","embeddable":true,"href":"https:\/\/www.soaogroup.com\/es\/wp-json\/wp\/v2\/product_tag?post=3216"}],"curies":[{"name":"wp","href":"https:\/\/api.w.org\/{rel}","templated":true}]}}