{"id":281,"date":"2025-01-14T17:12:02","date_gmt":"2025-01-14T09:12:02","guid":{"rendered":"https:\/\/www.soaogroup.com\/?post_type=product&#038;p=281"},"modified":"2025-04-24T16:08:05","modified_gmt":"2025-04-24T08:08:05","slug":"33t-crawler-excavator-se330","status":"publish","type":"product","link":"https:\/\/www.soaogroup.com\/es\/producto\/33t-crawler-excavator-se330\/","title":{"rendered":"Excavadora de cadenas SE330 de 33 t"},"content":{"rendered":"<h2>Detalles del producto:<\/h2>\n<table>\n<tbody>\n<tr>\n<td colspan=\"2\" width=\"437\"><strong><b>Presupuesto<\/b><\/strong><\/td>\n<\/tr>\n<tr>\n<td width=\"243\">Modelo<\/td>\n<td width=\"194\">Excavadora de cadenas SE330<\/td>\n<\/tr>\n<tr>\n<td width=\"243\">Peso operativo<\/td>\n<td width=\"194\">33000 kilos<\/td>\n<\/tr>\n<tr>\n<td width=\"243\">Capacidad del cubo<\/td>\n<td width=\"194\">1,6 m\u00b3<\/td>\n<\/tr>\n<tr>\n<td width=\"243\">Velocidad de swing<\/td>\n<td width=\"194\">0-11 rpm<\/td>\n<\/tr>\n<tr>\n<td width=\"243\">Capacidad de ascenso en pendientes<\/td>\n<td width=\"194\">35\u00b0<\/td>\n<\/tr>\n<tr>\n<td width=\"243\">Modelo de motor<\/td>\n<td width=\"194\">6CTA8.3<\/td>\n<\/tr>\n<tr>\n<td width=\"243\">Potencia\/velocidad de revoluci\u00f3n<\/td>\n<td width=\"194\">194\/2200 kW\/rpm<\/td>\n<\/tr>\n<tr>\n<td colspan=\"2\" width=\"437\"><strong><b>Tama\u00f1o de la m\u00e1quina<\/b><\/strong><\/td>\n<\/tr>\n<tr>\n<td width=\"243\">Dimensiones (largo x ancho x alto)<\/td>\n<td width=\"194\">11015X3200X3168 mil\u00edmetros<\/td>\n<\/tr>\n<tr>\n<td width=\"243\">Altura de la cabina<\/td>\n<td width=\"194\">3168 mm<\/td>\n<\/tr>\n<tr>\n<td width=\"243\">Base del eje<\/td>\n<td width=\"194\">3800 mil\u00edmetros<\/td>\n<\/tr>\n<tr>\n<td width=\"243\">Distancia de la rueda (pista)<\/td>\n<td width=\"194\">2590 mil\u00edmetros<\/td>\n<\/tr>\n<tr>\n<td width=\"243\">Distancia m\u00ednima al suelo<\/td>\n<td width=\"194\">470 mil\u00edmetros<\/td>\n<\/tr>\n<tr>\n<td width=\"243\">Radio de giro de la cola<\/td>\n<td width=\"194\">3480 mil\u00edmetros<\/td>\n<\/tr>\n<tr>\n<td colspan=\"2\" width=\"437\"><strong><b>Rango de trabajo<\/b><\/strong><\/td>\n<\/tr>\n<tr>\n<td width=\"243\">Altura m\u00e1xima de excavaci\u00f3n<\/td>\n<td width=\"194\">10491 mil\u00edmetros<\/td>\n<\/tr>\n<tr>\n<td width=\"243\">Altura m\u00e1xima de descarga<\/td>\n<td width=\"194\">7625 mil\u00edmetros<\/td>\n<\/tr>\n<tr>\n<td width=\"243\">Profundidad m\u00e1xima de excavaci\u00f3n<\/td>\n<td width=\"194\">6437 mil\u00edmetros<\/td>\n<\/tr>\n<tr>\n<td width=\"243\">Profundidad m\u00e1xima de excavaci\u00f3n vertical<\/td>\n<td width=\"194\">5831 mil\u00edmetros<\/td>\n<\/tr>\n<tr>\n<td width=\"243\">Radio de excavaci\u00f3n m\u00e1ximo<\/td>\n<td width=\"194\">10709 mil\u00edmetros<\/td>\n<\/tr>\n<tr>\n<td width=\"243\">Radio de giro m\u00ednimo<\/td>\n<td width=\"194\">3643 mil\u00edmetros<\/td>\n<\/tr>\n<\/tbody>\n<\/table>\n<h2><img fetchpriority=\"high\" decoding=\"async\" class=\"alignnone size-full wp-image-5753 aligncenter\" src=\"https:\/\/www.soaogroup.com\/wp-content\/uploads\/2025\/01\/SE330-design-1.jpg\" alt=\"\" width=\"1091\" height=\"437\" srcset=\"https:\/\/www.soaogroup.com\/wp-content\/uploads\/2025\/01\/SE330-design-1.jpg 1091w, https:\/\/www.soaogroup.com\/wp-content\/uploads\/2025\/01\/SE330-design-1-300x120.jpg 300w, https:\/\/www.soaogroup.com\/wp-content\/uploads\/2025\/01\/SE330-design-1-1024x410.jpg 1024w, https:\/\/www.soaogroup.com\/wp-content\/uploads\/2025\/01\/SE330-design-1-768x308.jpg 768w, https:\/\/www.soaogroup.com\/wp-content\/uploads\/2025\/01\/SE330-design-1-18x7.jpg 18w, https:\/\/www.soaogroup.com\/wp-content\/uploads\/2025\/01\/SE330-design-1-600x240.jpg 600w\" sizes=\"(max-width: 1091px) 100vw, 1091px\" \/> <img decoding=\"async\" class=\"alignnone size-full wp-image-5754 aligncenter\" src=\"https:\/\/www.soaogroup.com\/wp-content\/uploads\/2025\/01\/SE330-design-2.jpg\" alt=\"\" width=\"691\" height=\"797\" srcset=\"https:\/\/www.soaogroup.com\/wp-content\/uploads\/2025\/01\/SE330-design-2.jpg 691w, https:\/\/www.soaogroup.com\/wp-content\/uploads\/2025\/01\/SE330-design-2-260x300.jpg 260w, https:\/\/www.soaogroup.com\/wp-content\/uploads\/2025\/01\/SE330-design-2-10x12.jpg 10w, https:\/\/www.soaogroup.com\/wp-content\/uploads\/2025\/01\/SE330-design-2-600x692.jpg 600w\" sizes=\"(max-width: 691px) 100vw, 691px\" \/><\/h2>\n<h2>Caracter\u00edsticas del producto:<\/h2>\n<p class=\"\" data-start=\"166\" data-end=\"323\"><span class=\"relative -mx-px my-[-0.2rem] rounded px-px py-[0.2rem] transition-colors duration-100 ease-in-out\">Construido con una pluma y un brazo reforzados, junto con un tren de rodaje duradero, el SE330 garantiza estabilidad y longevidad, incluso bajo cargas de trabajo pesadas.<\/span> <span class=\"relative -mx-px my-[-0.2rem] rounded px-px py-[0.2rem] transition-colors duration-100 ease-in-out\">La cabina espaciosa y de dise\u00f1o ergon\u00f3mico proporciona mejor visibilidad y comodidad, lo que reduce la fatiga del operador durante operaciones prolongadas.<\/span> <span class=\"relative -mx-px my-[-0.2rem] rounded px-px py-[0.2rem] transition-colors duration-100 ease-in-out\">Las caracter\u00edsticas de seguridad incluyen una cabina certificada ROPS y FOPS, bloqueo de nivel de activaci\u00f3n hidr\u00e1ulica y c\u00e1mara de visi\u00f3n trasera opcional, lo que garantiza un entorno de trabajo seguro.<\/span><\/p>\n<p class=\"\" data-start=\"325\" data-end=\"446\"><span class=\"relative -mx-px my-[-0.2rem] rounded px-px py-[0.2rem] transition-colors duration-100 ease-in-out\">Con una capacidad de cuchara que var\u00eda de 0,5 a 1,6 m\u00b3 y una profundidad m\u00e1xima de excavaci\u00f3n de 10.125 mm, la SE330 es ideal para proyectos de construcci\u00f3n, miner\u00eda e infraestructura a gran escala.<\/span> <span class=\"relative -mx-px my-[-0.2rem] rounded px-px py-[0.2rem] transition-colors duration-100 ease-in-out\">Su dise\u00f1o robusto y rendimiento confiable lo convierten en un activo valioso para los profesionales que buscan productividad y durabilidad en el lugar de trabajo.<\/span><\/p>","protected":false},"excerpt":{"rendered":"<h4 class=\"elementor-heading-title elementor-size-default\" style=\"text-align: center; padding-bottom: 30px;\">Excavadora de cadenas SE330 de 33 t<\/h4>\n<div><span class=\"relative -mx-px my-[-0.2rem] rounded px-px py-[0.2rem] transition-colors duration-100 ease-in-out\">La excavadora de cadenas SOAO SE330 de 33 toneladas es una m\u00e1quina de servicio pesado dise\u00f1ada para excavaciones de alto rendimiento y manipulaci\u00f3n de materiales en entornos exigentes.<\/span> <span class=\"relative -mx-px my-[-0.2rem] rounded px-px py-[0.2rem] transition-colors duration-100 ease-in-out\">Impulsado por un robusto motor turboalimentado de 6 cilindros y 8,3 L que entrega 186 kW a 2200 rpm, ofrece una fuerza de excavaci\u00f3n y una eficiencia operativa excepcionales.<\/span> <span class=\"relative -mx-px my-[-0.2rem] rounded px-px py-[0.2rem] transition-colors duration-100 ease-in-out\">El avanzado sistema de control de flujo negativo electrohidr\u00e1ulico garantiza un control preciso y una distribuci\u00f3n \u00f3ptima de la potencia, mejorando la productividad en el lugar de trabajo.<\/span><\/div>\n<div><\/div>\n<div>\n<hr \/>\n<\/div>\n<p><img decoding=\"async\" class=\"alignnone wp-image-257\" src=\"https:\/\/www.soaogroup.com\/wp-content\/uploads\/2025\/02\/\u672a\u6807\u9898-2.jpg\" alt=\"\" width=\"48\" height=\"50\" \/>\u00a0 Whatsapp :<a href=\"https:\/\/api.whatsapp.com\/send?phone=8613395319660\" target=\"_blank\" rel=\"noopener\">\u00a0+8613395319660 <\/a><\/p>\n<div>\n<hr \/>\n<\/div>\n<p><img loading=\"lazy\" decoding=\"async\" class=\"alignnone wp-image-258\" src=\"https:\/\/www.soaogroup.com\/wp-content\/uploads\/2025\/02\/emaillogoblue.jpg\" alt=\"\" width=\"48\" height=\"55\" \/>\u00a0\u00a0Correo electr\u00f3nico : <a href=\"mailto:sales@sdsoao.com\" target=\"_blank\" rel=\"noopener\">\u00a0ventas@sdsoao.com<\/a><\/p>\n<div>\n<hr \/>\n<\/div>\n<h3><\/h3>\n<div><\/div>","protected":false},"featured_media":5755,"comment_status":"closed","ping_status":"closed","template":"","meta":[],"product_brand":[],"product_cat":[20,21],"product_tag":[],"class_list":{"0":"post-281","1":"product","2":"type-product","3":"status-publish","4":"has-post-thumbnail","6":"product_cat-excavator","7":"product_cat-large-excavator","9":"first","10":"instock","11":"shipping-taxable","12":"product-type-simple"},"_links":{"self":[{"href":"https:\/\/www.soaogroup.com\/es\/wp-json\/wp\/v2\/product\/281","targetHints":{"allow":["GET"]}}],"collection":[{"href":"https:\/\/www.soaogroup.com\/es\/wp-json\/wp\/v2\/product"}],"about":[{"href":"https:\/\/www.soaogroup.com\/es\/wp-json\/wp\/v2\/types\/product"}],"replies":[{"embeddable":true,"href":"https:\/\/www.soaogroup.com\/es\/wp-json\/wp\/v2\/comments?post=281"}],"wp:featuredmedia":[{"embeddable":true,"href":"https:\/\/www.soaogroup.com\/es\/wp-json\/wp\/v2\/media\/5755"}],"wp:attachment":[{"href":"https:\/\/www.soaogroup.com\/es\/wp-json\/wp\/v2\/media?parent=281"}],"wp:term":[{"taxonomy":"product_brand","embeddable":true,"href":"https:\/\/www.soaogroup.com\/es\/wp-json\/wp\/v2\/product_brand?post=281"},{"taxonomy":"product_cat","embeddable":true,"href":"https:\/\/www.soaogroup.com\/es\/wp-json\/wp\/v2\/product_cat?post=281"},{"taxonomy":"product_tag","embeddable":true,"href":"https:\/\/www.soaogroup.com\/es\/wp-json\/wp\/v2\/product_tag?post=281"}],"curies":[{"name":"wp","href":"https:\/\/api.w.org\/{rel}","templated":true}]}}