{"id":278,"date":"2025-01-14T17:26:32","date_gmt":"2025-01-14T09:26:32","guid":{"rendered":"https:\/\/www.soaogroup.com\/?post_type=product&#038;p=278"},"modified":"2025-04-18T16:48:20","modified_gmt":"2025-04-18T08:48:20","slug":"21t-wheel-excavator-se210","status":"publish","type":"product","link":"https:\/\/www.soaogroup.com\/es\/producto\/21t-wheel-excavator-se210\/","title":{"rendered":"Excavadora de ruedas de 21 t SE210"},"content":{"rendered":"<h2>Detalles del producto:<\/h2>\n<table>\n<tbody>\n<tr>\n<td colspan=\"2\" width=\"437\">\n<p style=\"text-align: center;\"><strong><b>Presupuesto<\/b><\/strong><\/p>\n<\/td>\n<\/tr>\n<tr>\n<td width=\"243\">Modelo<\/td>\n<td width=\"194\">Excavadora de ruedas SE210<\/td>\n<\/tr>\n<tr>\n<td width=\"243\">Peso operativo<\/td>\n<td width=\"194\">21000 kilos<\/td>\n<\/tr>\n<tr>\n<td width=\"243\">Capacidad del cubo<\/td>\n<td width=\"194\">1,1 m\u00b3<\/td>\n<\/tr>\n<tr>\n<td width=\"243\">Velocidad de swing<\/td>\n<td width=\"194\">0-12 rpm<\/td>\n<\/tr>\n<tr>\n<td width=\"243\">Capacidad de ascenso en pendientes<\/td>\n<td width=\"194\">25\u00b0<\/td>\n<\/tr>\n<tr>\n<td width=\"243\">Fuerza m\u00e1xima de excavaci\u00f3n del cuchar\u00f3n<\/td>\n<td width=\"194\">140 kN<\/td>\n<\/tr>\n<tr>\n<td width=\"243\">Fuerza m\u00e1xima de excavaci\u00f3n del brazo<\/td>\n<td width=\"194\">100 kN<\/td>\n<\/tr>\n<tr>\n<td width=\"243\">Modelo de motor<\/td>\n<td width=\"194\">6BTAA5.9<\/td>\n<\/tr>\n<tr>\n<td width=\"243\">Potencia\/velocidad de revoluci\u00f3n<\/td>\n<td width=\"194\">153\/2000 kW\/rmp<\/td>\n<\/tr>\n<tr>\n<td colspan=\"2\" width=\"437\">\n<p style=\"text-align: center;\"><strong><b>Tama\u00f1o de la m\u00e1quina<\/b><\/strong><\/p>\n<\/td>\n<\/tr>\n<tr>\n<td width=\"243\">Dimensiones (largo x ancho x alto)<\/td>\n<td width=\"194\">9600X2500X3524 mm<\/td>\n<\/tr>\n<tr>\n<td width=\"243\">Altura de la cabina<\/td>\n<td width=\"194\">3234 mil\u00edmetros<\/td>\n<\/tr>\n<tr>\n<td width=\"243\">Base del eje<\/td>\n<td width=\"194\">2850 mil\u00edmetros<\/td>\n<\/tr>\n<tr>\n<td width=\"243\">Distancia de la rueda (pista)<\/td>\n<td width=\"194\">1914 mil\u00edmetros<\/td>\n<\/tr>\n<tr>\n<td width=\"243\">Distancia m\u00ednima al suelo<\/td>\n<td width=\"194\">380 mil\u00edmetros<\/td>\n<\/tr>\n<tr>\n<td width=\"243\">Radio de giro de la cola<\/td>\n<td width=\"194\">2880 mil\u00edmetros<\/td>\n<\/tr>\n<tr>\n<td colspan=\"2\" width=\"437\">\n<p style=\"text-align: center;\"><strong><b>Rango de trabajo<\/b><\/strong><\/p>\n<\/td>\n<\/tr>\n<tr>\n<td width=\"243\">Altura m\u00e1xima de excavaci\u00f3n<\/td>\n<td width=\"194\">10339 mil\u00edmetros<\/td>\n<\/tr>\n<tr>\n<td width=\"243\">Altura m\u00e1xima de descarga<\/td>\n<td width=\"194\">7406 mil\u00edmetros<\/td>\n<\/tr>\n<tr>\n<td width=\"243\">Profundidad m\u00e1xima de excavaci\u00f3n<\/td>\n<td width=\"194\">6052 mil\u00edmetros<\/td>\n<\/tr>\n<tr>\n<td width=\"243\">Profundidad m\u00e1xima de excavaci\u00f3n vertical<\/td>\n<td width=\"194\">5673 mil\u00edmetros<\/td>\n<\/tr>\n<tr>\n<td width=\"243\">Radio de excavaci\u00f3n m\u00e1ximo<\/td>\n<td width=\"194\">9815 mil\u00edmetros<\/td>\n<\/tr>\n<tr>\n<td width=\"243\">Radio de giro m\u00ednimo<\/td>\n<td width=\"194\">2990 mil\u00edmetros<\/td>\n<\/tr>\n<tr>\n<td width=\"243\">Distancia m\u00e1xima de elevaci\u00f3n de la hoja topadora<\/td>\n<td width=\"194\">419 mil\u00edmetros<\/td>\n<\/tr>\n<tr>\n<td width=\"243\">Distancia m\u00e1xima de corte de la hoja topadora<\/td>\n<td width=\"194\">74 mil\u00edmetros<\/td>\n<\/tr>\n<\/tbody>\n<\/table>\n<p>&nbsp;<\/p>\n<h2>V\u00eddeo del producto:<\/h2>\n<div data-zone-id=\"0\" data-line-index=\"22\" data-line=\"true\">\n<p><iframe title=\"Excavadora de ruedas grande SE210 en venta\" width=\"800\" height=\"450\" src=\"https:\/\/www.youtube.com\/embed\/6SwfbVO-W7o?feature=oembed\" frameborder=\"0\" allow=\"accelerometer; autoplay; clipboard-write; encrypted-media; gyroscope; picture-in-picture; web-share\" referrerpolicy=\"strict-origin-when-cross-origin\" allowfullscreen><\/iframe><\/p>\n<\/div>\n<h2>Aplicaciones:<\/h2>\n<p>La excavadora grande SE210 tiene una amplia gama de aplicaciones y puede satisfacer diversas necesidades operativas complejas. En primer lugar, en ingenier\u00eda de construcci\u00f3n, la SE210 se puede utilizar para excavaci\u00f3n de cimientos, movimiento de tierras y construcci\u00f3n de cimentaciones, proporcionando una gran fuerza de excavaci\u00f3n y un rendimiento operativo eficiente. En segundo lugar, en miner\u00eda, gracias a su eficiente sistema hidr\u00e1ulico y potencia, puede realizar operaciones de trituraci\u00f3n de rocas, manejo de minerales y apilamiento, adapt\u00e1ndose a entornos de trabajo hostiles. La SE210 tambi\u00e9n desempe\u00f1a un papel importante en la construcci\u00f3n de carreteras, utiliz\u00e1ndose para excavaci\u00f3n de cimientos, nivelaci\u00f3n de lechos de carreteras y operaciones de vertederos para mejorar la eficiencia de la construcci\u00f3n. Adem\u00e1s, en operaciones portuarias, la SE210 puede completar eficientemente la carga y descarga de contenedores, operaciones de movimiento de tierras, etc., contribuyendo a la eficiencia de las operaciones portuarias. Tambi\u00e9n se utiliza ampliamente en la protecci\u00f3n ambiental y la recuperaci\u00f3n posterior a desastres, utiliz\u00e1ndose para la limpieza posterior a desastres, el manejo de cimientos y otras tareas que contribuyen a las labores de recuperaci\u00f3n. Gracias a su potente rendimiento y eficiente capacidad operativa, la SE210 se ha convertido en un equipo importante en diversos sectores, como la construcci\u00f3n, la miner\u00eda, la construcci\u00f3n de carreteras y los puertos.<\/p>","protected":false},"excerpt":{"rendered":"<h4 class=\"elementor-heading-title elementor-size-default\" style=\"text-align: center; padding-bottom: 30px;\">Excavadora de ruedas de 21 t SE210<\/h4>\n<div>Aumente su productividad con la excavadora de ruedas SOAO SE210 de 21 toneladas: una m\u00e1quina potente y robusta dise\u00f1ada para proyectos de excavaci\u00f3n y construcci\u00f3n a gran escala. Con una robusta capacidad de 21 toneladas, una fuerza de excavaci\u00f3n superior y una estabilidad excepcional, esta excavadora de ruedas ofrece un rendimiento inigualable en la construcci\u00f3n de carreteras, la miner\u00eda y grandes operaciones de movimiento de tierras. La SE210 combina sistemas hidr\u00e1ulicos avanzados con una excelente movilidad para una operaci\u00f3n eficiente en obras exigentes. Descubra el equilibrio perfecto entre potencia y precisi\u00f3n con la excavadora de ruedas profesional de SOAO.<\/div>\n<div><\/div>\n<div>\n<hr \/>\n<\/div>\n<p><img decoding=\"async\" class=\"alignnone wp-image-257\" src=\"https:\/\/www.soaogroup.com\/wp-content\/uploads\/2025\/02\/\u672a\u6807\u9898-2.jpg\" alt=\"\" width=\"48\" height=\"50\" \/>\u00a0 Whatsapp :<a href=\"https:\/\/api.whatsapp.com\/send?phone=8613395319660\" target=\"_blank\" rel=\"noopener\">\u00a0+8613395319660 <\/a><\/p>\n<div>\n<hr \/>\n<\/div>\n<p><img decoding=\"async\" class=\"alignnone wp-image-258\" src=\"https:\/\/www.soaogroup.com\/wp-content\/uploads\/2025\/02\/emaillogoblue.jpg\" alt=\"\" width=\"48\" height=\"55\" \/>\u00a0\u00a0Correo electr\u00f3nico : <a href=\"mailto:sales@sdsoao.com\" target=\"_blank\" rel=\"noopener\">\u00a0ventas@sdsoao.com<\/a><\/p>\n<div>\n<hr \/>\n<\/div>\n<div><\/div>","protected":false},"featured_media":5677,"comment_status":"open","ping_status":"closed","template":"","meta":[],"product_brand":[],"product_cat":[20,21],"product_tag":[],"class_list":{"0":"post-278","1":"product","2":"type-product","3":"status-publish","4":"has-post-thumbnail","6":"product_cat-excavator","7":"product_cat-large-excavator","9":"first","10":"instock","11":"shipping-taxable","12":"product-type-simple"},"_links":{"self":[{"href":"https:\/\/www.soaogroup.com\/es\/wp-json\/wp\/v2\/product\/278","targetHints":{"allow":["GET"]}}],"collection":[{"href":"https:\/\/www.soaogroup.com\/es\/wp-json\/wp\/v2\/product"}],"about":[{"href":"https:\/\/www.soaogroup.com\/es\/wp-json\/wp\/v2\/types\/product"}],"replies":[{"embeddable":true,"href":"https:\/\/www.soaogroup.com\/es\/wp-json\/wp\/v2\/comments?post=278"}],"wp:featuredmedia":[{"embeddable":true,"href":"https:\/\/www.soaogroup.com\/es\/wp-json\/wp\/v2\/media\/5677"}],"wp:attachment":[{"href":"https:\/\/www.soaogroup.com\/es\/wp-json\/wp\/v2\/media?parent=278"}],"wp:term":[{"taxonomy":"product_brand","embeddable":true,"href":"https:\/\/www.soaogroup.com\/es\/wp-json\/wp\/v2\/product_brand?post=278"},{"taxonomy":"product_cat","embeddable":true,"href":"https:\/\/www.soaogroup.com\/es\/wp-json\/wp\/v2\/product_cat?post=278"},{"taxonomy":"product_tag","embeddable":true,"href":"https:\/\/www.soaogroup.com\/es\/wp-json\/wp\/v2\/product_tag?post=278"}],"curies":[{"name":"wp","href":"https:\/\/api.w.org\/{rel}","templated":true}]}}