{"id":277,"date":"2025-01-15T09:34:54","date_gmt":"2025-01-15T01:34:54","guid":{"rendered":"https:\/\/www.soaogroup.com\/?post_type=product&#038;p=277"},"modified":"2025-04-18T16:45:41","modified_gmt":"2025-04-18T08:45:41","slug":"18t-wheel-excavator-se180","status":"publish","type":"product","link":"https:\/\/www.soaogroup.com\/es\/producto\/18t-wheel-excavator-se180\/","title":{"rendered":"Excavadora de ruedas de 18 toneladas SE180"},"content":{"rendered":"<h2>Detalles del producto:<\/h2>\n<table>\n<tbody>\n<tr>\n<td colspan=\"2\" width=\"437\">\n<p style=\"text-align: center;\"><strong><b>Presupuesto<\/b><\/strong><\/p>\n<\/td>\n<\/tr>\n<tr>\n<td width=\"243\">Modelo<\/td>\n<td width=\"194\">Excavadora de ruedas SE180<\/td>\n<\/tr>\n<tr>\n<td width=\"243\">Peso operativo<\/td>\n<td width=\"194\">18000 kilos<\/td>\n<\/tr>\n<tr>\n<td width=\"243\">Capacidad del cubo<\/td>\n<td width=\"194\">0,8 m\u00b3<\/td>\n<\/tr>\n<tr>\n<td width=\"243\">Velocidad de swing<\/td>\n<td width=\"194\">0-12 rpm<\/td>\n<\/tr>\n<tr>\n<td width=\"243\">Capacidad de ascenso en pendientes<\/td>\n<td width=\"194\">25\u00b0<\/td>\n<\/tr>\n<tr>\n<td width=\"243\">Fuerza m\u00e1xima de excavaci\u00f3n del cuchar\u00f3n<\/td>\n<td width=\"194\">100 kN<\/td>\n<\/tr>\n<tr>\n<td width=\"243\">Fuerza m\u00e1xima de excavaci\u00f3n del brazo<\/td>\n<td width=\"194\">70 kN<\/td>\n<\/tr>\n<tr>\n<td width=\"243\">Modelo de motor<\/td>\n<td width=\"194\">B5.9CS4-150C<\/td>\n<\/tr>\n<tr>\n<td width=\"243\">Potencia\/velocidad de revoluci\u00f3n<\/td>\n<td width=\"194\">110\/2200 kW\/rmp<\/td>\n<\/tr>\n<tr>\n<td colspan=\"2\" width=\"437\">\n<p style=\"text-align: center;\"><strong><b>Tama\u00f1o de la m\u00e1quina<\/b><\/strong><\/p>\n<\/td>\n<\/tr>\n<tr>\n<td width=\"243\">Dimensiones (largo x ancho x alto)<\/td>\n<td width=\"194\">8050X2500X3255 mil\u00edmetros<\/td>\n<\/tr>\n<tr>\n<td width=\"243\">Altura de la cabina<\/td>\n<td width=\"194\">3150 mil\u00edmetros<\/td>\n<\/tr>\n<tr>\n<td width=\"243\">Base del eje<\/td>\n<td width=\"194\">2600 mil\u00edmetros<\/td>\n<\/tr>\n<tr>\n<td width=\"243\">Distancia de la rueda (pista)<\/td>\n<td width=\"194\">1955 mil\u00edmetros<\/td>\n<\/tr>\n<tr>\n<td width=\"243\">Distancia m\u00ednima al suelo<\/td>\n<td width=\"194\">293 mil\u00edmetros<\/td>\n<\/tr>\n<tr>\n<td width=\"243\">Radio de giro de la cola<\/td>\n<td width=\"194\">2335 mil\u00edmetros<\/td>\n<\/tr>\n<tr>\n<td colspan=\"2\" width=\"437\">\n<p style=\"text-align: center;\"><strong><b>Rango de trabajo<\/b><\/strong><\/p>\n<\/td>\n<\/tr>\n<tr>\n<td width=\"243\">Altura m\u00e1xima de excavaci\u00f3n<\/td>\n<td width=\"194\">9200 mil\u00edmetros<\/td>\n<\/tr>\n<tr>\n<td width=\"243\">Altura m\u00e1xima de descarga<\/td>\n<td width=\"194\">6620 mil\u00edmetros<\/td>\n<\/tr>\n<tr>\n<td width=\"243\">Profundidad m\u00e1xima de excavaci\u00f3n<\/td>\n<td width=\"194\">5350 mil\u00edmetros<\/td>\n<\/tr>\n<tr>\n<td width=\"243\">Profundidad m\u00e1xima de excavaci\u00f3n vertical<\/td>\n<td width=\"194\">4685 mil\u00edmetros<\/td>\n<\/tr>\n<tr>\n<td width=\"243\">Radio de excavaci\u00f3n m\u00e1ximo<\/td>\n<td width=\"194\">8480 mil\u00edmetros<\/td>\n<\/tr>\n<tr>\n<td width=\"243\">Radio de giro m\u00ednimo<\/td>\n<td width=\"194\">2732 mil\u00edmetros<\/td>\n<\/tr>\n<tr>\n<td width=\"243\">Distancia m\u00e1xima de elevaci\u00f3n de la hoja topadora<\/td>\n<td width=\"194\">420 mil\u00edmetros<\/td>\n<\/tr>\n<tr>\n<td width=\"243\">Distancia m\u00e1xima de corte de la hoja topadora<\/td>\n<td width=\"194\">85 mil\u00edmetros<\/td>\n<\/tr>\n<\/tbody>\n<\/table>\n<p>&nbsp;<\/p>\n<h2>V\u00eddeo de la excavadora de ruedas SE180:<\/h2>\n<p><iframe title=\"Excavadora de ruedas grande SE180 en venta\" width=\"800\" height=\"450\" src=\"https:\/\/www.youtube.com\/embed\/xyRGj2yCecE?feature=oembed\" frameborder=\"0\" allow=\"accelerometer; autoplay; clipboard-write; encrypted-media; gyroscope; picture-in-picture; web-share\" referrerpolicy=\"strict-origin-when-cross-origin\" allowfullscreen><\/iframe><\/p>\n<h2>Solicitud:<\/h2>\n<p style=\"text-align: left;\">La excavadora grande SE180 es una m\u00e1quina pesada potente que se utiliza ampliamente en muchas industrias. En primer lugar, desempe\u00f1a un papel importante en proyectos de construcci\u00f3n y puede completar de manera eficiente la excavaci\u00f3n de cimientos, el movimiento de tierras y la construcci\u00f3n de cimientos. En segundo lugar, en miner\u00eda, la SE180 es adecuada para operaciones pesadas como trituraci\u00f3n de rocas y manipulaci\u00f3n de minerales debido a su gran potencia y durabilidad. Tambi\u00e9n se utiliza ampliamente en la construcci\u00f3n de carreteras para excavaci\u00f3n de tierra, nivelaci\u00f3n de lechos de carreteras y operaciones de relleno sanitario, lo que mejora significativamente la eficiencia de la construcci\u00f3n. Adem\u00e1s, la SE180 se desempe\u00f1a bien en operaciones portuarias y terminales, y puede realizar carga y descarga de contenedores, apilamiento de tierra, etc. Su excelente capacidad operativa y rendimiento eficiente lo convierten en un equipo indispensable en proyectos de ingenier\u00eda pesada, y es particularmente adecuado para entornos de trabajo complejos y hostiles.<\/p>","protected":false},"excerpt":{"rendered":"<h4 class=\"elementor-heading-title elementor-size-default\" style=\"text-align: center; padding-bottom: 30px;\">Excavadora de ruedas de 18 toneladas SE180<\/h4>\n<div>Experimente una potencia superior con la excavadora de ruedas SOAO SE180 de 18 toneladas: una m\u00e1quina robusta dise\u00f1ada para tareas exigentes de excavaci\u00f3n, carga y construcci\u00f3n. Con una capacidad de 18 toneladas, estabilidad mejorada y eficiencia hidr\u00e1ulica avanzada, la SE180 ofrece un rendimiento superior en proyectos a gran escala. Ideal para miner\u00eda, infraestructura y aplicaciones industriales. \u00a1Descubra hoy mismo la excavadora de ruedas SOAO SE180 y disfrute de una durabilidad y productividad inigualables!<\/div>\n<div><\/div>\n<div>\n<hr \/>\n<\/div>\n<p><img decoding=\"async\" class=\"alignnone wp-image-257\" src=\"https:\/\/www.soaogroup.com\/wp-content\/uploads\/2025\/02\/\u672a\u6807\u9898-2.jpg\" alt=\"\" width=\"48\" height=\"50\" \/>\u00a0 Whatsapp :<a href=\"https:\/\/api.whatsapp.com\/send?phone=8613395319660\" target=\"_blank\" rel=\"noopener\">\u00a0+8613395319660 <\/a><\/p>\n<div>\n<hr \/>\n<\/div>\n<p><img decoding=\"async\" class=\"alignnone wp-image-258\" src=\"https:\/\/www.soaogroup.com\/wp-content\/uploads\/2025\/02\/emaillogoblue.jpg\" alt=\"\" width=\"48\" height=\"55\" \/>\u00a0\u00a0Correo electr\u00f3nico : <a href=\"mailto:sales@sdsoao.com\" target=\"_blank\" rel=\"noopener\">\u00a0ventas@sdsoao.com<\/a><\/p>\n<div>\n<hr \/>\n<\/div>\n<div><\/div>","protected":false},"featured_media":5672,"comment_status":"open","ping_status":"closed","template":"","meta":[],"product_brand":[],"product_cat":[20,21],"product_tag":[],"class_list":{"0":"post-277","1":"product","2":"type-product","3":"status-publish","4":"has-post-thumbnail","6":"product_cat-excavator","7":"product_cat-large-excavator","9":"first","10":"instock","11":"featured","12":"shipping-taxable","13":"product-type-simple"},"_links":{"self":[{"href":"https:\/\/www.soaogroup.com\/es\/wp-json\/wp\/v2\/product\/277","targetHints":{"allow":["GET"]}}],"collection":[{"href":"https:\/\/www.soaogroup.com\/es\/wp-json\/wp\/v2\/product"}],"about":[{"href":"https:\/\/www.soaogroup.com\/es\/wp-json\/wp\/v2\/types\/product"}],"replies":[{"embeddable":true,"href":"https:\/\/www.soaogroup.com\/es\/wp-json\/wp\/v2\/comments?post=277"}],"wp:featuredmedia":[{"embeddable":true,"href":"https:\/\/www.soaogroup.com\/es\/wp-json\/wp\/v2\/media\/5672"}],"wp:attachment":[{"href":"https:\/\/www.soaogroup.com\/es\/wp-json\/wp\/v2\/media?parent=277"}],"wp:term":[{"taxonomy":"product_brand","embeddable":true,"href":"https:\/\/www.soaogroup.com\/es\/wp-json\/wp\/v2\/product_brand?post=277"},{"taxonomy":"product_cat","embeddable":true,"href":"https:\/\/www.soaogroup.com\/es\/wp-json\/wp\/v2\/product_cat?post=277"},{"taxonomy":"product_tag","embeddable":true,"href":"https:\/\/www.soaogroup.com\/es\/wp-json\/wp\/v2\/product_tag?post=277"}],"curies":[{"name":"wp","href":"https:\/\/api.w.org\/{rel}","templated":true}]}}