{"id":275,"date":"2025-01-15T09:05:34","date_gmt":"2025-01-15T01:05:34","guid":{"rendered":"https:\/\/www.soaogroup.com\/?post_type=product&#038;p=275"},"modified":"2025-04-18T16:47:02","modified_gmt":"2025-04-18T08:47:02","slug":"15t-large-excavator-se150","status":"publish","type":"product","link":"https:\/\/www.soaogroup.com\/es\/producto\/15t-large-excavator-se150\/","title":{"rendered":"Excavadora de ruedas SE150 de 15 toneladas"},"content":{"rendered":"<h2>Detalles del producto:<\/h2>\n<table>\n<tbody>\n<tr>\n<td colspan=\"2\" width=\"437\">\n<p style=\"text-align: center;\"><strong><b>Presupuesto<\/b><\/strong><\/p>\n<\/td>\n<\/tr>\n<tr>\n<td width=\"243\">Modelo<\/td>\n<td width=\"194\">Excavadora de ruedas SE150<\/td>\n<\/tr>\n<tr>\n<td width=\"243\">Peso operativo<\/td>\n<td width=\"194\">15000 kilos<\/td>\n<\/tr>\n<tr>\n<td width=\"243\">Capacidad del cubo<\/td>\n<td width=\"194\">0,6 m\u00b3<\/td>\n<\/tr>\n<tr>\n<td width=\"243\">Velocidad de swing<\/td>\n<td width=\"194\">0-12 rpm<\/td>\n<\/tr>\n<tr>\n<td width=\"243\">Capacidad de ascenso en pendientes<\/td>\n<td width=\"194\">25\u00b0<\/td>\n<\/tr>\n<tr>\n<td width=\"243\">Fuerza m\u00e1xima de excavaci\u00f3n del cuchar\u00f3n<\/td>\n<td width=\"194\">91 kN<\/td>\n<\/tr>\n<tr>\n<td width=\"243\">Fuerza m\u00e1xima de excavaci\u00f3n del brazo<\/td>\n<td width=\"194\">55 kN<\/td>\n<\/tr>\n<tr>\n<td width=\"243\">Modelo de motor<\/td>\n<td width=\"194\">WP4.6N<\/td>\n<\/tr>\n<tr>\n<td width=\"243\">Potencia\/velocidad de revoluci\u00f3n<\/td>\n<td width=\"194\">110\/2000 kW\/rmp<\/td>\n<\/tr>\n<tr>\n<td colspan=\"2\" width=\"437\">\n<p style=\"text-align: center;\"><strong><b>Tama\u00f1o de la m\u00e1quina<\/b><\/strong><\/p>\n<\/td>\n<\/tr>\n<tr>\n<td width=\"243\">Dimensiones (largo x ancho x alto)<\/td>\n<td width=\"194\">7677X2550X3377 mil\u00edmetros<\/td>\n<\/tr>\n<tr>\n<td width=\"243\">Altura de la cabina<\/td>\n<td width=\"194\">3100 mil\u00edmetros<\/td>\n<\/tr>\n<tr>\n<td width=\"243\">Base del eje<\/td>\n<td width=\"194\">2500 mil\u00edmetros<\/td>\n<\/tr>\n<tr>\n<td width=\"243\">Distancia de la rueda (pista)<\/td>\n<td width=\"194\">1955 mil\u00edmetros<\/td>\n<\/tr>\n<tr>\n<td width=\"243\">Distancia m\u00ednima al suelo<\/td>\n<td width=\"194\">290 mil\u00edmetros<\/td>\n<\/tr>\n<tr>\n<td width=\"243\">Radio de giro de la cola<\/td>\n<td width=\"194\">2365 mil\u00edmetros<\/td>\n<\/tr>\n<tr>\n<td colspan=\"2\" width=\"437\">\n<p style=\"text-align: center;\"><strong><b>Rango de trabajo<\/b><\/strong><\/p>\n<\/td>\n<\/tr>\n<tr>\n<td width=\"243\">Altura m\u00e1xima de excavaci\u00f3n<\/td>\n<td width=\"194\">8900 mil\u00edmetros<\/td>\n<\/tr>\n<tr>\n<td width=\"243\">Altura m\u00e1xima de descarga<\/td>\n<td width=\"194\">6300 mil\u00edmetros<\/td>\n<\/tr>\n<tr>\n<td width=\"243\">Profundidad m\u00e1xima de excavaci\u00f3n<\/td>\n<td width=\"194\">5180 mil\u00edmetros<\/td>\n<\/tr>\n<tr>\n<td width=\"243\">Profundidad m\u00e1xima de excavaci\u00f3n vertical<\/td>\n<td width=\"194\">4745 mil\u00edmetros<\/td>\n<\/tr>\n<tr>\n<td width=\"243\">Radio de excavaci\u00f3n m\u00e1ximo<\/td>\n<td width=\"194\">8200 mil\u00edmetros<\/td>\n<\/tr>\n<tr>\n<td width=\"243\">Radio de giro m\u00ednimo<\/td>\n<td width=\"194\">2650 mil\u00edmetros<\/td>\n<\/tr>\n<tr>\n<td width=\"243\">Distancia m\u00e1xima de elevaci\u00f3n de la hoja topadora<\/td>\n<td width=\"194\">350 mil\u00edmetros<\/td>\n<\/tr>\n<tr>\n<td width=\"243\">Distancia m\u00e1xima de corte de la hoja topadora<\/td>\n<td width=\"194\">60 mil\u00edmetros<\/td>\n<\/tr>\n<\/tbody>\n<\/table>\n<h3>V\u00eddeo de la excavadora grande SE150D:<\/h3>\n<p><iframe title=\"Excavadora de ruedas grande SE150 en venta\" width=\"800\" height=\"450\" src=\"https:\/\/www.youtube.com\/embed\/tvc_LgL6mr8?feature=oembed\" frameborder=\"0\" allow=\"accelerometer; autoplay; clipboard-write; encrypted-media; gyroscope; picture-in-picture; web-share\" referrerpolicy=\"strict-origin-when-cross-origin\" allowfullscreen><\/iframe><\/p>\n<h2>Solicitud:<\/h2>\n<p>La excavadora grande SE150 desempe\u00f1a un papel fundamental en diversos proyectos gracias a su excelente rendimiento. Durante la construcci\u00f3n, puede excavar profundamente en los cimientos de grandes edificios para crear una base s\u00f3lida para rascacielos; en operaciones municipales, puede excavar r\u00e1pidamente zanjas para tuber\u00edas de suministro de agua y drenaje urbano, garantizando as\u00ed la construcci\u00f3n de infraestructura. En miner\u00eda, la SE150 carga mineral eficientemente y se complementa con veh\u00edculos de transporte para mejorar la eficiencia de la miner\u00eda. En proyectos de conservaci\u00f3n de agua en tierras agr\u00edcolas, se excavan grandes canales de riego para optimizar las condiciones de riego agr\u00edcola. En la construcci\u00f3n de jardines a gran escala, se encarga de mover rocas, modelar el terreno y crear magn\u00edficos paisajes. Gracias a su potente potencia, control flexible y durabilidad confiable, la SE150 se utiliza ampliamente en diversos campos para promover el desarrollo eficiente de proyectos.<\/p>","protected":false},"excerpt":{"rendered":"<h4 class=\"elementor-heading-title elementor-size-default\" style=\"text-align: center; padding-bottom: 30px;\">Excavadora de ruedas SE150 de 15 toneladas<\/h4>\n<div>Maximice la eficiencia con la excavadora de ruedas SOAO SE150 de 15 toneladas: una m\u00e1quina de alto rendimiento dise\u00f1ada para trabajos pesados de excavaci\u00f3n, elevaci\u00f3n y construcci\u00f3n. Con una potente capacidad de 15 toneladas, estabilidad superior y un sistema hidr\u00e1ulico avanzado, la SE150 ofrece precisi\u00f3n y durabilidad en cualquier obra. Perfecta para la construcci\u00f3n de carreteras, el desarrollo urbano y aplicaciones industriales. \u00a1Explore hoy mismo la excavadora de ruedas SOAO SE150 y descubra una potencia y fiabilidad inigualables!<\/div>\n<div><\/div>\n<div>\n<hr \/>\n<\/div>\n<p><img decoding=\"async\" class=\"alignnone wp-image-257\" src=\"https:\/\/www.soaogroup.com\/wp-content\/uploads\/2025\/02\/\u672a\u6807\u9898-2.jpg\" alt=\"\" width=\"48\" height=\"50\" \/>\u00a0 Whatsapp :<a href=\"https:\/\/api.whatsapp.com\/send?phone=8613395319660\" target=\"_blank\" rel=\"noopener\">\u00a0+8613395319660 <\/a><\/p>\n<div>\n<hr \/>\n<\/div>\n<p><img decoding=\"async\" class=\"alignnone wp-image-258\" src=\"https:\/\/www.soaogroup.com\/wp-content\/uploads\/2025\/02\/emaillogoblue.jpg\" alt=\"\" width=\"48\" height=\"55\" \/>\u00a0\u00a0Correo electr\u00f3nico : <a href=\"mailto:sales@sdsoao.com\" target=\"_blank\" rel=\"noopener\">\u00a0ventas@sdsoao.com<\/a><\/p>\n<div>\n<hr \/>\n<\/div>\n<h3><\/h3>\n<div><\/div>","protected":false},"featured_media":5675,"comment_status":"closed","ping_status":"closed","template":"","meta":[],"product_brand":[],"product_cat":[20,21],"product_tag":[],"class_list":{"0":"post-275","1":"product","2":"type-product","3":"status-publish","4":"has-post-thumbnail","6":"product_cat-excavator","7":"product_cat-large-excavator","9":"first","10":"instock","11":"shipping-taxable","12":"product-type-simple"},"_links":{"self":[{"href":"https:\/\/www.soaogroup.com\/es\/wp-json\/wp\/v2\/product\/275","targetHints":{"allow":["GET"]}}],"collection":[{"href":"https:\/\/www.soaogroup.com\/es\/wp-json\/wp\/v2\/product"}],"about":[{"href":"https:\/\/www.soaogroup.com\/es\/wp-json\/wp\/v2\/types\/product"}],"replies":[{"embeddable":true,"href":"https:\/\/www.soaogroup.com\/es\/wp-json\/wp\/v2\/comments?post=275"}],"wp:featuredmedia":[{"embeddable":true,"href":"https:\/\/www.soaogroup.com\/es\/wp-json\/wp\/v2\/media\/5675"}],"wp:attachment":[{"href":"https:\/\/www.soaogroup.com\/es\/wp-json\/wp\/v2\/media?parent=275"}],"wp:term":[{"taxonomy":"product_brand","embeddable":true,"href":"https:\/\/www.soaogroup.com\/es\/wp-json\/wp\/v2\/product_brand?post=275"},{"taxonomy":"product_cat","embeddable":true,"href":"https:\/\/www.soaogroup.com\/es\/wp-json\/wp\/v2\/product_cat?post=275"},{"taxonomy":"product_tag","embeddable":true,"href":"https:\/\/www.soaogroup.com\/es\/wp-json\/wp\/v2\/product_tag?post=275"}],"curies":[{"name":"wp","href":"https:\/\/api.w.org\/{rel}","templated":true}]}}