{"id":274,"date":"2025-01-14T17:18:25","date_gmt":"2025-01-14T09:18:25","guid":{"rendered":"https:\/\/www.soaogroup.com\/?post_type=product&#038;p=274"},"modified":"2025-04-18T16:54:57","modified_gmt":"2025-04-18T08:54:57","slug":"12t-wheel-excavator-se120","status":"publish","type":"product","link":"https:\/\/www.soaogroup.com\/es\/producto\/12t-wheel-excavator-se120\/","title":{"rendered":"Excavadora de ruedas de 12 toneladas SE120"},"content":{"rendered":"<h2>Detalles del producto:<\/h2>\n<table>\n<tbody>\n<tr>\n<td colspan=\"2\" width=\"437\">\n<p style=\"text-align: center;\"><strong><b>Presupuesto<\/b><\/strong><\/p>\n<\/td>\n<\/tr>\n<tr>\n<td width=\"243\">Modelo<\/td>\n<td width=\"194\">Excavadora de ruedas SE120<\/td>\n<\/tr>\n<tr>\n<td width=\"243\">Peso operativo<\/td>\n<td width=\"194\">12000 kilos<\/td>\n<\/tr>\n<tr>\n<td width=\"243\">Capacidad del cubo<\/td>\n<td width=\"194\">0,4 m\u00b3<\/td>\n<\/tr>\n<tr>\n<td width=\"243\">Velocidad de swing<\/td>\n<td width=\"194\">0-11 rpm<\/td>\n<\/tr>\n<tr>\n<td width=\"243\">Capacidad de ascenso en pendientes<\/td>\n<td width=\"194\">25\u00b0<\/td>\n<\/tr>\n<tr>\n<td width=\"243\">Fuerza m\u00e1xima de excavaci\u00f3n del cuchar\u00f3n<\/td>\n<td width=\"194\">75 kN<\/td>\n<\/tr>\n<tr>\n<td width=\"243\">Fuerza m\u00e1xima de excavaci\u00f3n del brazo<\/td>\n<td width=\"194\">52 kN<\/td>\n<\/tr>\n<tr>\n<td width=\"243\">Modelo de motor<\/td>\n<td width=\"194\">YC4DK100<\/td>\n<\/tr>\n<tr>\n<td width=\"243\">Potencia\/velocidad de revoluci\u00f3n<\/td>\n<td width=\"194\">74\/2200 kW\/rmp<\/td>\n<\/tr>\n<tr>\n<td colspan=\"2\" width=\"437\">\n<p style=\"text-align: center;\"><strong><b>Tama\u00f1o de la m\u00e1quina<\/b><\/strong><\/p>\n<\/td>\n<\/tr>\n<tr>\n<td width=\"243\">Dimensiones (largo x ancho x alto)<\/td>\n<td width=\"194\">7284X2278X3011 mil\u00edmetros<\/td>\n<\/tr>\n<tr>\n<td width=\"243\">Altura de la cabina<\/td>\n<td width=\"194\">3011 mil\u00edmetros<\/td>\n<\/tr>\n<tr>\n<td width=\"243\">Base del eje<\/td>\n<td width=\"194\">2500 mil\u00edmetros<\/td>\n<\/tr>\n<tr>\n<td width=\"243\">Distancia de la rueda (pista)<\/td>\n<td width=\"194\">1782 mil\u00edmetros<\/td>\n<\/tr>\n<tr>\n<td width=\"243\">Distancia m\u00ednima al suelo<\/td>\n<td width=\"194\">335 mil\u00edmetros<\/td>\n<\/tr>\n<tr>\n<td width=\"243\">Radio de giro de la cola<\/td>\n<td width=\"194\">2159 mil\u00edmetros<\/td>\n<\/tr>\n<tr>\n<td colspan=\"2\" width=\"437\">\n<p style=\"text-align: center;\"><strong><b>Rango de trabajo<\/b><\/strong><\/p>\n<\/td>\n<\/tr>\n<tr>\n<td width=\"243\">Altura m\u00e1xima de excavaci\u00f3n<\/td>\n<td width=\"194\">8223 mil\u00edmetros<\/td>\n<\/tr>\n<tr>\n<td width=\"243\">Altura m\u00e1xima de descarga<\/td>\n<td width=\"194\">6300 mil\u00edmetros<\/td>\n<\/tr>\n<tr>\n<td width=\"243\">Profundidad m\u00e1xima de excavaci\u00f3n<\/td>\n<td width=\"194\">4414 mil\u00edmetros<\/td>\n<\/tr>\n<tr>\n<td width=\"243\">Profundidad m\u00e1xima de excavaci\u00f3n vertical<\/td>\n<td width=\"194\">4032 mil\u00edmetros<\/td>\n<\/tr>\n<tr>\n<td width=\"243\">Radio de excavaci\u00f3n m\u00e1ximo<\/td>\n<td width=\"194\">7364 mil\u00edmetros<\/td>\n<\/tr>\n<tr>\n<td width=\"243\">Radio de giro m\u00ednimo<\/td>\n<td width=\"194\">1989 mil\u00edmetros<\/td>\n<\/tr>\n<tr>\n<td width=\"243\">Distancia m\u00e1xima de elevaci\u00f3n de la hoja topadora<\/td>\n<td width=\"194\">430 mil\u00edmetros<\/td>\n<\/tr>\n<tr>\n<td width=\"243\">Distancia m\u00e1xima de corte de la hoja topadora<\/td>\n<td width=\"194\">60 mil\u00edmetros<\/td>\n<\/tr>\n<\/tbody>\n<\/table>\n<p>&nbsp;<\/p>\n<h2>V\u00eddeo de la excavadora de ruedas SE120:<\/h2>\n<p><iframe title=\"Excavadora de ruedas grande SE120 en venta\" width=\"800\" height=\"450\" src=\"https:\/\/www.youtube.com\/embed\/VpFwY2rG46Q?feature=oembed\" frameborder=\"0\" allow=\"accelerometer; autoplay; clipboard-write; encrypted-media; gyroscope; picture-in-picture; web-share\" referrerpolicy=\"strict-origin-when-cross-origin\" allowfullscreen><\/iframe><\/p>\n<h3><img fetchpriority=\"high\" decoding=\"async\" class=\"wp-image-340 alignleft\" src=\"https:\/\/www.soaogroup.com\/wp-content\/uploads\/2025\/01\/IMG_9618_\u55e8\u683c\u5f0f\u538b\u7f29\u526f\u672c_\u7ed3\u679c.webp\" alt=\"\" width=\"362\" height=\"362\" srcset=\"https:\/\/www.soaogroup.com\/wp-content\/uploads\/2025\/01\/IMG_9618_\u55e8\u683c\u5f0f\u538b\u7f29\u526f\u672c_\u7ed3\u679c.webp 800w, https:\/\/www.soaogroup.com\/wp-content\/uploads\/2025\/01\/IMG_9618_\u55e8\u683c\u5f0f\u538b\u7f29\u526f\u672c_\u7ed3\u679c-300x300.webp 300w, https:\/\/www.soaogroup.com\/wp-content\/uploads\/2025\/01\/IMG_9618_\u55e8\u683c\u5f0f\u538b\u7f29\u526f\u672c_\u7ed3\u679c-100x100.webp 100w, https:\/\/www.soaogroup.com\/wp-content\/uploads\/2025\/01\/IMG_9618_\u55e8\u683c\u5f0f\u538b\u7f29\u526f\u672c_\u7ed3\u679c-600x600.webp 600w, https:\/\/www.soaogroup.com\/wp-content\/uploads\/2025\/01\/IMG_9618_\u55e8\u683c\u5f0f\u538b\u7f29\u526f\u672c_\u7ed3\u679c-150x150.webp 150w, https:\/\/www.soaogroup.com\/wp-content\/uploads\/2025\/01\/IMG_9618_\u55e8\u683c\u5f0f\u538b\u7f29\u526f\u672c_\u7ed3\u679c-768x768.webp 768w\" sizes=\"(max-width: 362px) 100vw, 362px\" \/><\/h3>\n<h2><\/h2>\n<h2>Aplicaciones:<\/h2>\n<p>&nbsp;<\/p>\n<p>Gracias a su excelente rendimiento, la excavadora grande SE120 desempe\u00f1a un papel clave en numerosos campos. En proyectos de construcci\u00f3n a gran escala, puede completar eficientemente la excavaci\u00f3n de cimientos de gran altura y sentar las bases del proyecto. En proyectos municipales, puede excavar r\u00e1pidamente grandes tuber\u00edas y zanjas de drenaje para garantizar un drenaje urbano fluido. En miner\u00eda, es la principal fuerza motriz para la carga, descarga y manipulaci\u00f3n de mineral, y se complementa con camiones mineros para lograr un transporte eficiente. En la construcci\u00f3n de sistemas de conservaci\u00f3n de agua, puede excavar grandes canales de riego para facilitar el riego de tierras agr\u00edcolas. En proyectos de jardiner\u00eda a gran escala, puede transportar rocas y modelar paisajes imponentes. Gracias a su gran potencia y flexibilidad de operaci\u00f3n, la SE120 se ha convertido en un equipo mec\u00e1nico indispensable para todo tipo de proyectos a gran escala, mejorando considerablemente la eficiencia de la construcci\u00f3n.<\/p>","protected":false},"excerpt":{"rendered":"<h4 class=\"elementor-heading-title elementor-size-default\" style=\"text-align: center; padding-bottom: 30px;\">Excavadora de ruedas de 12 toneladas SE120<\/h4>\n<div>Aumente su productividad con la excavadora de ruedas SOAO SE120 de 12 toneladas: una m\u00e1quina potente, vers\u00e1til y eficiente dise\u00f1ada para trabajos pesados de excavaci\u00f3n, carga y construcci\u00f3n. Con una robusta capacidad de 12 toneladas, excelente movilidad y avanzados sistemas hidr\u00e1ulicos, la SE120 garantiza precisi\u00f3n y durabilidad en cualquier obra. Ideal para construcci\u00f3n urbana, obras viales y paisajismo. \u00a1Descubra hoy mismo la excavadora de ruedas SOAO SE120 y disfrute de un rendimiento y una fiabilidad inigualables!<\/div>\n<div><\/div>\n<div>\n<hr \/>\n<\/div>\n<p><img decoding=\"async\" class=\"alignnone wp-image-257\" src=\"https:\/\/www.soaogroup.com\/wp-content\/uploads\/2025\/02\/\u672a\u6807\u9898-2.jpg\" alt=\"\" width=\"48\" height=\"50\" \/>\u00a0 Whatsapp :<a href=\"https:\/\/api.whatsapp.com\/send?phone=8613395319660\" target=\"_blank\" rel=\"noopener\">\u00a0+8613395319660 <\/a><\/p>\n<div>\n<hr \/>\n<\/div>\n<p><img decoding=\"async\" class=\"alignnone wp-image-258\" src=\"https:\/\/www.soaogroup.com\/wp-content\/uploads\/2025\/02\/emaillogoblue.jpg\" alt=\"\" width=\"48\" height=\"55\" \/>\u00a0\u00a0Correo electr\u00f3nico : <a href=\"mailto:sales@sdsoao.com\" target=\"_blank\" rel=\"noopener\">\u00a0ventas@sdsoao.com<\/a><\/p>\n<div>\n<hr \/>\n<\/div>\n<div><\/div>","protected":false},"featured_media":5678,"comment_status":"open","ping_status":"closed","template":"","meta":[],"product_brand":[],"product_cat":[20,21],"product_tag":[],"class_list":{"0":"post-274","1":"product","2":"type-product","3":"status-publish","4":"has-post-thumbnail","6":"product_cat-excavator","7":"product_cat-large-excavator","9":"first","10":"instock","11":"shipping-taxable","12":"product-type-simple"},"_links":{"self":[{"href":"https:\/\/www.soaogroup.com\/es\/wp-json\/wp\/v2\/product\/274","targetHints":{"allow":["GET"]}}],"collection":[{"href":"https:\/\/www.soaogroup.com\/es\/wp-json\/wp\/v2\/product"}],"about":[{"href":"https:\/\/www.soaogroup.com\/es\/wp-json\/wp\/v2\/types\/product"}],"replies":[{"embeddable":true,"href":"https:\/\/www.soaogroup.com\/es\/wp-json\/wp\/v2\/comments?post=274"}],"wp:featuredmedia":[{"embeddable":true,"href":"https:\/\/www.soaogroup.com\/es\/wp-json\/wp\/v2\/media\/5678"}],"wp:attachment":[{"href":"https:\/\/www.soaogroup.com\/es\/wp-json\/wp\/v2\/media?parent=274"}],"wp:term":[{"taxonomy":"product_brand","embeddable":true,"href":"https:\/\/www.soaogroup.com\/es\/wp-json\/wp\/v2\/product_brand?post=274"},{"taxonomy":"product_cat","embeddable":true,"href":"https:\/\/www.soaogroup.com\/es\/wp-json\/wp\/v2\/product_cat?post=274"},{"taxonomy":"product_tag","embeddable":true,"href":"https:\/\/www.soaogroup.com\/es\/wp-json\/wp\/v2\/product_tag?post=274"}],"curies":[{"name":"wp","href":"https:\/\/api.w.org\/{rel}","templated":true}]}}